{"id":1010,"date":"2021-02-03T09:19:08","date_gmt":"2021-02-03T07:19:08","guid":{"rendered":"https:\/\/reviva.dev.wikstrommedia.fi\/betalningsinformation\/"},"modified":"2025-08-29T10:31:12","modified_gmt":"2025-08-29T07:31:12","slug":"maksuehdot","status":"publish","type":"page","link":"https:\/\/reviva.fi\/fi\/maksuehdot\/","title":{"rendered":"Maksuehdot"},"content":{"rendered":"\n<p>K\u00e4yt\u00e4mme Klarnaa kaupan ostotapahtuman (check-out) tarjoajana. T\u00e4m\u00e4 tarkoittaa sit\u00e4, ett\u00e4 saatamme siirt\u00e4\u00e4 henkil\u00f6tietojasi yhteys- ja tilaustietojen muodossa Klarnalle, kun kaupan ostotapahtuma on ladattu, jotta Klarna voi hallinnoida ostostasi. Siirrettyj\u00e4 henkil\u00f6tietojasi k\u00e4sitell\u00e4\u00e4n <a href=\"https:\/\/www.klarna.com\/international\/privacy-policy\/\" target=\"_blank\" rel=\"noreferrer noopener\">Klarnan oman tietosuojailmoituksen<\/a> mukaisesti.<\/p>\n\n\n\n<h6 class=\"wp-block-heading undefined wm-u-spacingMarginTopSection\"><strong>Klarna-lasku\/Klarna-kausikampanja\/Klarna-tili<\/strong><\/h6>\n\n\n\n<p>Kun maksat Klarna-laskulla, teet ostokset turvallisesti ja helposti. Sinun ei tarvitse ilmoittaa kortin tietojasi ja maksat sen j\u00e4lkeen, kun olet saanut tuotteet. Laskutuslis\u00e4: 0 euroa. T\u00e4m\u00e4 on voimassa, kun maksat Klarna-laskulla:<\/p>\n\n\n\n<ul class=\"wp-block-list\">\n<li>Saat tuotteen ennen maksua.<\/li>\n\n\n\n<li>Maksuaika on aina v\u00e4hint\u00e4\u00e4n 14 p\u00e4iv\u00e4\u00e4.<\/li>\n\n\n\n<li>Sinun ei tarvitse ilmoittaa kortin tietoja.<\/li>\n\n\n\n<li>Laskut lataat osoitteesta klarna.fi.<\/li>\n\n\n\n<li>Sinulle tarjotaan mahdollisuutta osamaksuun.<\/li>\n<\/ul>\n\n\n\n<p>Joskus voit valita Klarna-kausikampanjan, esimerkiksi \u201dOsta nyt, maksa helmikuussa\u201d. T\u00e4h\u00e4n lis\u00e4t\u00e4\u00e4n 3,95 euron toimistokulu, mutta ei korkoa.<\/p>\n\n\n\n<p>Voit my\u00f6s valita Klarna-tilin ja maksaa omaan tahtiin tai maksaa kiinte\u00e4n summan joka kuukausi. Toimistokulu 3,95 euroa\/kk + luottokorko. Kun maksat osissa, seuraavat ehdot ovat voimassa:<\/p>\n\n\n\n<ul class=\"wp-block-list\">\n<li>Kaikki ostoksesi ker\u00e4t\u00e4\u00e4n kuukausittaiseen laskuun.<\/li>\n\n\n\n<li>Maksat omaan tahtiin tai kiinte\u00e4n summan joka kuukausi. Kuukausittainen maksu on v\u00e4hint\u00e4\u00e4n 9 euroa tai 1\/24 kokonaissummasta.<\/li>\n<\/ul>\n\n\n\n<p>Lue lis\u00e4\u00e4 Klarnan ehdoista&nbsp;<a href=\"https:\/\/www.klarna.com\/fi\/ehdot\" target=\"_blank\" rel=\"noreferrer noopener\">t\u00e4\u00e4lt\u00e4.<\/a><\/p>\n\n\n\n<h6 class=\"wp-block-heading undefined wm-u-spacingMarginTopSection\"><strong>Svea<\/strong><\/h6>\n\n\n\n<p>K\u00e4yt\u00e4mme my\u00f6s Sveaa maksuvaihtoehtona. Kun valitset Svean, voimme joutua jakamaan joitakin henkil\u00f6tietoja, jotta Svea voi k\u00e4sitell\u00e4 ostoksesi. Svea tarjoaa lasku- ja osamaksupalveluja, jolloin voit vastaanottaa tuotteet ensin ja maksaa my\u00f6hemmin \u2013 tai jakaa maksun pienempiin eriin. Lue lis\u00e4\u00e4 Svean ehdoista <a href=\"http:\/\/svea.com\/fi\" target=\"_blank\" rel=\"noreferrer noopener\">t\u00e4\u00e4lt\u00e4<\/a>.<\/p>\n\n\n\n<h6 class=\"wp-block-heading undefined wm-u-spacingMarginTopS4rem\"><strong>Luottokortti<\/strong><\/h6>\n\n\n\n<p>Voit maksaa tilauksesi my\u00f6s Visalla (credit tai debit), Visa Electronilla, Mastercardilla (credit tai debit), American Express -kortilla ja muuta. Kortin my\u00f6nt\u00e4j\u00e4st\u00e4 riippuen voit joutua vahvistamaan maksun oman pankkisi verkkopankkitunnuksilla.<\/p>\n\n\n\n<p>Klarna Oy, SE556737-0431<\/p>\n\n\n\n<p>Korkeavuorenkatu 34<\/p>\n\n\n\n<p>00130 HELSINKI<\/p>\n\n\n\n<p><a href=\"mailto:asiakaspalvelu@klarna.fi\">asiakaspalvelu@klarna.fi<\/a><\/p>\n\n\n\n<p>Asiakaspalvelu: <a href=\"tel:09 425 99 771\">09 425 99 771<\/a> (arkisin 9\u201318)<\/p>\n\n\n\n<p><strong>Kortinhaltijan lakis\u00e4\u00e4teinen vastuu:<\/strong><br>Kortinhaltijalla on ilmoitusvelvollisuus kortin my\u00f6nt\u00e4neelle pankille mahdollisista muutoksista tai vilpillisest\u00e4 tai poikkeavasta toiminnasta tilill\u00e4\u00e4n. Shop.reviva.fi ei ole vastuussa korttiin tai t\u00e4ll\u00e4 verkkosivulla k\u00e4ytettyihin tileihin liittyv\u00e4st\u00e4 vilpillisest\u00e4 toiminnasta. Olemme ryhtyneet kaikkiin tarvittaviin toimenpiteisiin varmistaaksemme PCI DSS -standardin noudattamisen ja s\u00e4ilyt\u00e4mme puolueettomuutemme suhteessa kortinhaltijan omaan lakis\u00e4\u00e4teiseen vastuuseen.<\/p>\n\n\n\n<h6 class=\"wp-block-heading\">Google Pay ja Apple Pay<\/h6>\n\n\n\n<p>Voit my\u00f6s k\u00e4ytt\u00e4\u00e4 Google Payta <a href=\"https:\/\/pay.google.com\/about\/terms\/\">ehtojen ja edellytysten<\/a> mukaisesti ja Apple Payta <a href=\"https:\/\/www.apple.com\/legal\/applepayments\/direct-payments\/\">ehtojen ja edellytysten<\/a> mukaisesti.<\/p>\n\n\n\n<h6 class=\"wp-block-heading undefined wm-u-spacingMarginTopS4rem\"><strong>Tilaukset puhelimella tai s\u00e4hk\u00f6postilla<\/strong><\/h6>\n\n\n\n<p>S\u00e4hk\u00f6postilla tai puhelimella vastaanotetut tilaukset maksetaan ennakkomaksuna. Maksutiedot l\u00e4hetet\u00e4\u00e4n sinulle s\u00e4hk\u00f6postilla heti kun tilauksesi on tehty ja tuotteet l\u00e4hetet\u00e4\u00e4n sinulle, kun n\u00e4emme maksusuorituksen. Maksuaika on 10 p\u00e4iv\u00e4\u00e4.<\/p>\n\n\n\n<h6 class=\"wp-block-heading undefined wm-u-spacingMarginTopS4rem\"><strong><strong>Tilausvahvistus<\/strong><\/strong><\/h6>\n\n\n\n<p>Kun tilaus on tehty, saat tilausvahvistuksen vastaanotetusta tilauksesta s\u00e4hk\u00f6postiisi. Kun paketti on l\u00e4hetetty, saat uuden viestin, joka sis\u00e4lt\u00e4\u00e4 my\u00f6s pakettisi l\u00e4hetystunnuksen.<\/p>\n\n\n\n<h6 class=\"wp-block-heading undefined wm-u-spacingMarginTopS4rem\"><strong>Reklamaatio<\/strong><\/h6>\n\n\n\n<p>Jos paketti on vaurioitunut, tee v\u00e4litt\u00f6m\u00e4sti tavaran vastaanotettuasi vahinkoilmoitus Postiin. Jos huomaat, ett\u00e4 tavarat ovat vaurioituneet kuljetuksessa vasta kun avaat paketin, tee vahinkoilmoitus Postiin mahdollisimman pian. Ota sen j\u00e4lkeen yhteytt\u00e4 meihin <a href=\"mailto:info@reviva.fi\">info@reviva.fi<\/a>, jotta voimme sopia, miten tavara korvataan.<\/p>\n\n\n\n<p>Jos haluat reklamoida vaurioituneesta tai virheellisest\u00e4 tuotteesta, pyyd\u00e4mme sinua ottamaan meihin yhteytt\u00e4 s\u00e4hk\u00f6postilla lis\u00e4ohjeiden saamiseksi. Ilmoita asiasta meille s\u00e4hk\u00f6postilla <a href=\"mailto:info@reviva.fi\">info@reviva.fi<\/a>, ennen kuin l\u00e4het\u00e4t mit\u00e4\u00e4n tai liit\u00e4t l\u00e4hetykseen laskun\/tilausvahvistuksen.<\/p>\n\n\n\n<h6 class=\"wp-block-heading undefined wm-u-spacingMarginTopS4rem\"><strong>Tuotteen palauttaminen<\/strong><\/h6>\n\n\n\n<p>Haluamme antaa sinulle tuotteesta niin paljon tietoa kuin mahdollista, jotta olet tyytyv\u00e4inen ostokseesi. Tuotteilla on 14 p\u00e4iv\u00e4n palautusoikeus. Postin tai Matkahuollon kautta tilatut tavarat voidaan palauttaa veloituksetta asiakaspalautuksena postin tai Matkahuollon kautta. Palautettavien tuotteiden on oltava avaamattomissa alkuper\u00e4ispakkauksissa ja niiden on oltava k\u00e4ytt\u00e4m\u00e4tt\u00f6mi\u00e4 ja muuttumattomassa kunnossa. Otathan yhteytt\u00e4 meihin s\u00e4hk\u00f6postilla <a href=\"mailto:info@reviva.fi\">info@reviva.fi<\/a>, tai puhelimella <a href=\"tel:044 9739 114\">044 9739 114<\/a> ennen tuotteiden palauttamista.<\/p>\n\n\n\n<h6 class=\"wp-block-heading undefined wm-u-spacingMarginTopS4rem\"><strong>Muuta huomioitavaa<\/strong><\/h6>\n\n\n\n<p>Hinnat sis\u00e4lt\u00e4v\u00e4t arvonlis\u00e4veron. Arvonlis\u00e4vero n\u00e4kyy ostoskorissasi ja tilausvahvistuksessa. Alle 18-vuotiaila lapsilla on oltava huoltajan lupa tilauksen tekemiseen.<\/p>\n\n\n\n<p>Vaikka tuotetta ei ole varastossa, tilauksen voi kuitenkin tehd\u00e4. Tuotteet toimitetaan heti kun ne saapuvat.<\/p>\n\n\n\n<p>Pid\u00e4t\u00e4mme oikeuden muuttaa toimitusehtoja sek\u00e4 tuotteiden hintoja ja toimituskuluja, ja j\u00e4tt\u00e4\u00e4 toimittamatta tuotteet, jos katsomme, ett\u00e4 meill\u00e4 on siihen hyv\u00e4ksytt\u00e4v\u00e4\u00e4 syy.<\/p>\n","protected":false},"excerpt":{"rendered":"<p>K\u00e4yt\u00e4mme Klarnaa kaupan ostotapahtuman (check-out) tarjoajana. T\u00e4m\u00e4 tarkoittaa sit\u00e4, ett\u00e4 saatamme siirt\u00e4\u00e4 henkil\u00f6tietojasi yhteys- ja tilaustietojen muodossa Klarnalle, kun kaupan ostotapahtuma on ladattu, jotta Klarna voi hallinnoida ostostasi. Siirrettyj\u00e4 henkil\u00f6tietojasi k\u00e4sitell\u00e4\u00e4n Klarnan oman tietosuojailmoituksen mukaisesti. Klarna-lasku\/Klarna-kausikampanja\/Klarna-tili Kun maksat Klarna-laskulla, teet ostokset turvallisesti ja helposti. Sinun ei tarvitse ilmoittaa kortin tietojasi ja maksat sen j\u00e4lkeen, kun&#8230;<\/p>\n","protected":false},"author":2,"featured_media":0,"parent":0,"menu_order":0,"comment_status":"closed","ping_status":"closed","template":"","meta":{"_acf_changed":false,"inline_featured_image":false,"_kad_blocks_custom_css":"","_kad_blocks_head_custom_js":"","_kad_blocks_body_custom_js":"","_kad_blocks_footer_custom_js":"","_kadence_starter_templates_imported_post":false,"_kad_post_transparent":"","_kad_post_title":"","_kad_post_layout":"","_kad_post_sidebar_id":"","_kad_post_content_style":"","_kad_post_vertical_padding":"","_kad_post_feature":"","_kad_post_feature_position":"","_kad_post_header":false,"_kad_post_footer":false,"footnotes":""},"class_list":["post-1010","page","type-page","status-publish","hentry"],"acf":[],"yoast_head":"<!-- This site is optimized with the Yoast SEO plugin v25.8 - https:\/\/yoast.com\/wordpress\/plugins\/seo\/ -->\n<title>Maksuehdot - Reviva<\/title>\n<meta name=\"description\" content=\"Reviva k\u00e4ytt\u00e4\u00e4 Klarna-Checkoutia, joka on turvallinen ja luotettava ja tarjoaa sinulle asiakkaana mahdollisuuden maksaa tilauksesi laskulla, verkkopankkitunnuksilla tai luottokortilla.\" \/>\n<meta name=\"robots\" content=\"index, follow, max-snippet:-1, max-image-preview:large, max-video-preview:-1\" \/>\n<link rel=\"canonical\" href=\"https:\/\/reviva.fi\/fi\/maksuehdot\/\" \/>\n<meta property=\"og:locale\" content=\"fi_FI\" \/>\n<meta property=\"og:type\" content=\"article\" \/>\n<meta property=\"og:title\" content=\"Maksuehdot - Reviva\" \/>\n<meta property=\"og:description\" content=\"Reviva k\u00e4ytt\u00e4\u00e4 Klarna-Checkoutia, joka on turvallinen ja luotettava ja tarjoaa sinulle asiakkaana mahdollisuuden maksaa tilauksesi laskulla, verkkopankkitunnuksilla tai luottokortilla.\" \/>\n<meta property=\"og:url\" content=\"https:\/\/reviva.fi\/fi\/maksuehdot\/\" \/>\n<meta property=\"og:site_name\" content=\"Reviva\" \/>\n<meta property=\"article:modified_time\" content=\"2025-08-29T07:31:12+00:00\" \/>\n<meta name=\"twitter:card\" content=\"summary_large_image\" \/>\n<script type=\"application\/ld+json\" class=\"yoast-schema-graph\">{\"@context\":\"https:\/\/schema.org\",\"@graph\":[{\"@type\":\"WebPage\",\"@id\":\"https:\/\/reviva.fi\/fi\/maksuehdot\/\",\"url\":\"https:\/\/reviva.fi\/fi\/maksuehdot\/\",\"name\":\"Maksuehdot - Reviva\",\"isPartOf\":{\"@id\":\"https:\/\/reviva.fi\/fi\/#website\"},\"datePublished\":\"2021-02-03T07:19:08+00:00\",\"dateModified\":\"2025-08-29T07:31:12+00:00\",\"description\":\"Reviva k\u00e4ytt\u00e4\u00e4 Klarna-Checkoutia, joka on turvallinen ja luotettava ja tarjoaa sinulle asiakkaana mahdollisuuden maksaa tilauksesi laskulla, verkkopankkitunnuksilla tai luottokortilla.\",\"breadcrumb\":{\"@id\":\"https:\/\/reviva.fi\/fi\/maksuehdot\/#breadcrumb\"},\"inLanguage\":\"fi\",\"potentialAction\":[{\"@type\":\"ReadAction\",\"target\":[\"https:\/\/reviva.fi\/fi\/maksuehdot\/\"]}]},{\"@type\":\"BreadcrumbList\",\"@id\":\"https:\/\/reviva.fi\/fi\/maksuehdot\/#breadcrumb\",\"itemListElement\":[{\"@type\":\"ListItem\",\"position\":1,\"name\":\"Etusivu\",\"item\":\"https:\/\/reviva.fi\/fi\/\"},{\"@type\":\"ListItem\",\"position\":2,\"name\":\"Maksuehdot\"}]},{\"@type\":\"WebSite\",\"@id\":\"https:\/\/reviva.fi\/fi\/#website\",\"url\":\"https:\/\/reviva.fi\/fi\/\",\"name\":\"Reviva\",\"description\":\"\",\"publisher\":{\"@id\":\"https:\/\/reviva.fi\/fi\/#organization\"},\"potentialAction\":[{\"@type\":\"SearchAction\",\"target\":{\"@type\":\"EntryPoint\",\"urlTemplate\":\"https:\/\/reviva.fi\/fi\/?s={search_term_string}\"},\"query-input\":{\"@type\":\"PropertyValueSpecification\",\"valueRequired\":true,\"valueName\":\"search_term_string\"}}],\"inLanguage\":\"fi\"},{\"@type\":\"Organization\",\"@id\":\"https:\/\/reviva.fi\/fi\/#organization\",\"name\":\"Reviva\",\"url\":\"https:\/\/reviva.fi\/fi\/\",\"logo\":{\"@type\":\"ImageObject\",\"inLanguage\":\"fi\",\"@id\":\"https:\/\/reviva.fi\/fi\/#\/schema\/logo\/image\/\",\"url\":\"https:\/\/reviva.fi\/wp-content\/uploads\/2023\/10\/reviva-logo2.svg\",\"contentUrl\":\"https:\/\/reviva.fi\/wp-content\/uploads\/2023\/10\/reviva-logo2.svg\",\"caption\":\"Reviva\"},\"image\":{\"@id\":\"https:\/\/reviva.fi\/fi\/#\/schema\/logo\/image\/\"}}]}<\/script>\n<!-- \/ Yoast SEO plugin. -->","yoast_head_json":{"title":"Maksuehdot - Reviva","description":"Reviva k\u00e4ytt\u00e4\u00e4 Klarna-Checkoutia, joka on turvallinen ja luotettava ja tarjoaa sinulle asiakkaana mahdollisuuden maksaa tilauksesi laskulla, verkkopankkitunnuksilla tai luottokortilla.","robots":{"index":"index","follow":"follow","max-snippet":"max-snippet:-1","max-image-preview":"max-image-preview:large","max-video-preview":"max-video-preview:-1"},"canonical":"https:\/\/reviva.fi\/fi\/maksuehdot\/","og_locale":"fi_FI","og_type":"article","og_title":"Maksuehdot - Reviva","og_description":"Reviva k\u00e4ytt\u00e4\u00e4 Klarna-Checkoutia, joka on turvallinen ja luotettava ja tarjoaa sinulle asiakkaana mahdollisuuden maksaa tilauksesi laskulla, verkkopankkitunnuksilla tai luottokortilla.","og_url":"https:\/\/reviva.fi\/fi\/maksuehdot\/","og_site_name":"Reviva","article_modified_time":"2025-08-29T07:31:12+00:00","twitter_card":"summary_large_image","schema":{"@context":"https:\/\/schema.org","@graph":[{"@type":"WebPage","@id":"https:\/\/reviva.fi\/fi\/maksuehdot\/","url":"https:\/\/reviva.fi\/fi\/maksuehdot\/","name":"Maksuehdot - Reviva","isPartOf":{"@id":"https:\/\/reviva.fi\/fi\/#website"},"datePublished":"2021-02-03T07:19:08+00:00","dateModified":"2025-08-29T07:31:12+00:00","description":"Reviva k\u00e4ytt\u00e4\u00e4 Klarna-Checkoutia, joka on turvallinen ja luotettava ja tarjoaa sinulle asiakkaana mahdollisuuden maksaa tilauksesi laskulla, verkkopankkitunnuksilla tai luottokortilla.","breadcrumb":{"@id":"https:\/\/reviva.fi\/fi\/maksuehdot\/#breadcrumb"},"inLanguage":"fi","potentialAction":[{"@type":"ReadAction","target":["https:\/\/reviva.fi\/fi\/maksuehdot\/"]}]},{"@type":"BreadcrumbList","@id":"https:\/\/reviva.fi\/fi\/maksuehdot\/#breadcrumb","itemListElement":[{"@type":"ListItem","position":1,"name":"Etusivu","item":"https:\/\/reviva.fi\/fi\/"},{"@type":"ListItem","position":2,"name":"Maksuehdot"}]},{"@type":"WebSite","@id":"https:\/\/reviva.fi\/fi\/#website","url":"https:\/\/reviva.fi\/fi\/","name":"Reviva","description":"","publisher":{"@id":"https:\/\/reviva.fi\/fi\/#organization"},"potentialAction":[{"@type":"SearchAction","target":{"@type":"EntryPoint","urlTemplate":"https:\/\/reviva.fi\/fi\/?s={search_term_string}"},"query-input":{"@type":"PropertyValueSpecification","valueRequired":true,"valueName":"search_term_string"}}],"inLanguage":"fi"},{"@type":"Organization","@id":"https:\/\/reviva.fi\/fi\/#organization","name":"Reviva","url":"https:\/\/reviva.fi\/fi\/","logo":{"@type":"ImageObject","inLanguage":"fi","@id":"https:\/\/reviva.fi\/fi\/#\/schema\/logo\/image\/","url":"https:\/\/reviva.fi\/wp-content\/uploads\/2023\/10\/reviva-logo2.svg","contentUrl":"https:\/\/reviva.fi\/wp-content\/uploads\/2023\/10\/reviva-logo2.svg","caption":"Reviva"},"image":{"@id":"https:\/\/reviva.fi\/fi\/#\/schema\/logo\/image\/"}}]}},"taxonomy_info":[],"featured_image_src_large":false,"author_info":{"display_name":"Enkel Ab","author_link":"https:\/\/reviva.fi\/fi\/author\/enkel-ab\/"},"comment_info":0,"_links":{"self":[{"href":"https:\/\/reviva.fi\/fi\/wp-json\/wp\/v2\/pages\/1010","targetHints":{"allow":["GET"]}}],"collection":[{"href":"https:\/\/reviva.fi\/fi\/wp-json\/wp\/v2\/pages"}],"about":[{"href":"https:\/\/reviva.fi\/fi\/wp-json\/wp\/v2\/types\/page"}],"author":[{"embeddable":true,"href":"https:\/\/reviva.fi\/fi\/wp-json\/wp\/v2\/users\/2"}],"replies":[{"embeddable":true,"href":"https:\/\/reviva.fi\/fi\/wp-json\/wp\/v2\/comments?post=1010"}],"version-history":[{"count":6,"href":"https:\/\/reviva.fi\/fi\/wp-json\/wp\/v2\/pages\/1010\/revisions"}],"predecessor-version":[{"id":12652,"href":"https:\/\/reviva.fi\/fi\/wp-json\/wp\/v2\/pages\/1010\/revisions\/12652"}],"wp:attachment":[{"href":"https:\/\/reviva.fi\/fi\/wp-json\/wp\/v2\/media?parent=1010"}],"curies":[{"name":"wp","href":"https:\/\/api.w.org\/{rel}","templated":true}]}}