{"id":502,"date":"2021-02-01T15:23:03","date_gmt":"2021-02-01T13:23:03","guid":{"rendered":"https:\/\/reviva.dev.wikstrommedia.fi\/integritetspolicy\/"},"modified":"2023-12-07T15:22:36","modified_gmt":"2023-12-07T13:22:36","slug":"tietosuojaseloste","status":"publish","type":"page","link":"https:\/\/reviva.fi\/fi\/tietosuojaseloste\/","title":{"rendered":"Tietosuojaseloste"},"content":{"rendered":"\n<h4 class=\"wp-block-heading\">Rekisterikuvaus<\/h4>\n\n\n\n<p>Henkil\u00f6tietolain (523\/99) \u00a7 10 mukainen<\/p>\n\n\n\n<p>Laadittu 28.10.2015<\/p>\n\n\n\n<h6 class=\"wp-block-heading undefined wm-u-spacingMarginTopSection\"><strong>1. Rekisterinpit\u00e4j\u00e4<\/strong><\/h6>\n\n\n\n<p><strong>Osoite<\/strong><br><\/p>\n\n\n\n<p>Reviva Oy Ab<br>Vaasantie 131<br>68600 Pietarsaari<br>Suomi<\/p>\n\n\n\n<p><strong>Puhelin<\/strong><br><a href=\"tel:044 9 739 114\">044 9 739 114<\/a><\/p>\n\n\n\n<p><strong>Yhteyshenkil\u00f6<\/strong><br>Ann Snellman<\/p>\n\n\n\n<p><strong>S\u00e4hk\u00f6posti<\/strong><br><a href=\"mailto:info@reviva.fi\">info@reviva.fi<\/a><\/p>\n\n\n\n<h6 class=\"wp-block-heading undefined wm-u-spacingMarginTopS4rem\"><strong>2. Rekisteriin liittyvien asioiden hoitaminen<\/strong><\/h6>\n\n\n\n<p><strong>Yhteyshenkil\u00f6<\/strong><br>Ann Snellman<\/p>\n\n\n\n<p><strong>Puhelin<\/strong><br><a href=\"tel:044 9 739 114\">044 9 739 114<\/a><\/p>\n\n\n\n<p><strong>S\u00e4hk\u00f6posti<\/strong><br><a href=\"mailto:info@reviva.fi\">info@reviva.fi<\/a><\/p>\n\n\n\n<h6 class=\"wp-block-heading undefined wm-u-spacingMarginTopS4rem\"><strong>3. Rekisterin nimi<\/strong><\/h6>\n\n\n\n<p>Oy Reviva Ab:n verkkokaupan k\u00e4ytt\u00e4j\u00e4rekisteri<\/p>\n\n\n\n<h6 class=\"wp-block-heading undefined wm-u-spacingMarginTopS4rem\"><strong>4. Henkil\u00f6tietojen k\u00e4sittelyn tarkoitus (rekisterin k\u00e4yt\u00f6n tarkoitus)<\/strong><\/h6>\n\n\n\n<p>Oy Reviva Ab:n verkkokaupan k\u00e4ytt\u00e4j\u00e4rekisteriin tallennettuja henkil\u00f6tietoja k\u00e4ytet\u00e4\u00e4n asiakassuhteen hoitamiseen ja yhteydenpitoon, markkinointitarkoituksiin sek\u00e4 muihin verkkokauppaan liittyviin tarkoituksiin.<\/p>\n\n\n\n<h6 class=\"wp-block-heading undefined wm-u-spacingMarginTopS4rem\"><strong>5. Rekisterin tietosis\u00e4lt\u00f6<\/strong><\/h6>\n\n\n\n<p>Rekisteriin ker\u00e4t\u00e4\u00e4n rekister\u00f6ityjen perustiedot, kuten<\/p>\n\n\n\n<p>&#8211; nimi<br>&#8211; osoite<br>&#8211; puhelin<br>&#8211; s\u00e4hk\u00f6posti.<\/p>\n\n\n\n<h6 class=\"wp-block-heading undefined wm-u-spacingMarginTopS4rem\"><strong>6. S\u00e4\u00e4nn\u00f6nmukaiset tietol\u00e4hteet<\/strong><\/h6>\n\n\n\n<p>Rekisterinpit\u00e4j\u00e4 rekister\u00f6i ne tiedot, jotka Oy Reviva Ab:n verkkokaupan k\u00e4ytt\u00e4j\u00e4t ovat luovuttaneet verkkokauppaa k\u00e4ytt\u00e4ess\u00e4\u00e4n.<\/p>\n\n\n\n<h6 class=\"wp-block-heading undefined wm-u-spacingMarginTopS4rem\"><strong>7. Henkil\u00f6tietojen s\u00e4\u00e4nn\u00f6nmukaiset siirrot ja tietojen siirrot EU:n ulkopuolelle<\/strong><\/h6>\n\n\n\n<p>Henkil\u00f6tietoja ei luovuteta kolmansille osapuolille. Henkil\u00f6tietoja ei luovuteta Euroopan unionin tai Euroopan talousalueen ulkopuolelle.<\/p>\n\n\n\n<h6 class=\"wp-block-heading undefined wm-u-spacingMarginTopS4rem\"><strong>8. Rekisterin suojaamisen periaatteet<\/strong><\/h6>\n\n\n\n<p>Oy Reviva Ab:n verkkokaupan k\u00e4ytt\u00e4j\u00e4rekisterin tiedot tallennetaan rekisterinpit\u00e4j\u00e4n j\u00e4rjestelm\u00e4\u00e4n, joka suojataan k\u00e4ytt\u00f6j\u00e4rjestelm\u00e4n suojausohjelmalla. J\u00e4rjestelm\u00e4 vaatii k\u00e4ytt\u00e4j\u00e4tunnuksen ja salasanan. J\u00e4rjestelm\u00e4 on suojattu palomuureilla ja muilla teknisill\u00e4 apuv\u00e4lineill\u00e4. Vain muutamilla ennalta m\u00e4\u00e4ritellyill\u00e4 rekisterinpit\u00e4j\u00e4n ty\u00f6ntekij\u00f6ill\u00e4 on p\u00e4\u00e4sy ja lupa k\u00e4ytt\u00e4\u00e4 rekisterij\u00e4rjestelm\u00e4\u00e4n tallennettuja tietoja. Rekisterin tiedot ovat lukituissa ja valvotuissa tiloissa.<\/p>\n\n\n\n<h6 class=\"wp-block-heading undefined wm-u-spacingMarginTopS4rem\"><strong>9. Rekister\u00f6idyn oikeus kielt\u00e4\u00e4 tietojen k\u00e4ytt\u00f6<\/strong>&nbsp;&nbsp;&nbsp;&nbsp;&nbsp;&nbsp;&nbsp;&nbsp;<\/h6>\n\n\n\n<p>Rekister\u00f6idyll\u00e4 on oikeus kielt\u00e4\u00e4 rekisterinpit\u00e4j\u00e4\u00e4 k\u00e4sittelem\u00e4st\u00e4 rekister\u00f6idyn henkil\u00f6tietoja suoramainontaan, et\u00e4myyntiin ja muuhun suoramarkkinointiin, markkinatutkimuksiin ja mielipidemittauksiin, kuten henkil\u00f6rekisteriin ja sukututkimukseen. Kielto on teht\u00e4v\u00e4 kirjallisena ja osoitettava rekisterist\u00e4 vastaavalle henkil\u00f6lle.<\/p>\n\n\n\n<h6 class=\"wp-block-heading undefined wm-u-spacingMarginTopS4rem\"><strong>10. Rekister\u00f6idyn oikeus saada p\u00e4\u00e4sy tietoihin<\/strong><\/h6>\n\n\n\n<p>Jokainen rekister\u00f6ity voi k\u00e4ytt\u00e4\u00e4 oikeuttaan tarkastaa omat henkil\u00f6tietonsa ja saada j\u00e4ljenn\u00f6s niist\u00e4. Pyynt\u00f6 tietojen tarkastamisesta on teht\u00e4v\u00e4 kirjallisena ja osoitettava rekisterist\u00e4 vastaavalle henkil\u00f6lle.<\/p>\n\n\n\n<h6 class=\"wp-block-heading undefined wm-u-spacingMarginTopS4rem\"><strong>11. Tietojen korjaaminen<\/strong><\/h6>\n\n\n\n<p>Rekisterinpit\u00e4j\u00e4 korjaa, poistaa tai t\u00e4ydent\u00e4\u00e4 rekisterin tarkoituksen ehdot, virheelliset, tarpeettomat, ep\u00e4t\u00e4ydelliset tai vanhentuneet henkil\u00f6tiedot oma-aloitteisesti tai rekister\u00f6idyn pyynn\u00f6st\u00e4. Rekister\u00f6idyn on otettava yhteytt\u00e4 rekisterinpit\u00e4j\u00e4\u00e4n henkil\u00f6\u00e4 koskevissa rekisterikysymyksiss\u00e4 tietojen korjaamiseksi.<\/p>\n","protected":false},"excerpt":{"rendered":"<p>Rekisterikuvaus Henkil\u00f6tietolain (523\/99) \u00a7 10 mukainen Laadittu 28.10.2015 1. Rekisterinpit\u00e4j\u00e4 Osoite Reviva Oy AbVaasantie 13168600 PietarsaariSuomi Puhelin044 9 739 114 Yhteyshenkil\u00f6Ann Snellman S\u00e4hk\u00f6postiinfo@reviva.fi 2. Rekisteriin liittyvien asioiden hoitaminen Yhteyshenkil\u00f6Ann Snellman Puhelin044 9 739 114 S\u00e4hk\u00f6postiinfo@reviva.fi 3. Rekisterin nimi Oy Reviva Ab:n verkkokaupan k\u00e4ytt\u00e4j\u00e4rekisteri 4. Henkil\u00f6tietojen k\u00e4sittelyn tarkoitus (rekisterin k\u00e4yt\u00f6n tarkoitus) Oy Reviva Ab:n verkkokaupan k\u00e4ytt\u00e4j\u00e4rekisteriin&#8230;<\/p>\n","protected":false},"author":2,"featured_media":0,"parent":0,"menu_order":0,"comment_status":"closed","ping_status":"closed","template":"","meta":{"_acf_changed":false,"inline_featured_image":false,"_kad_blocks_custom_css":"","_kad_blocks_head_custom_js":"","_kad_blocks_body_custom_js":"","_kad_blocks_footer_custom_js":"","_kadence_starter_templates_imported_post":false,"_kad_post_transparent":"","_kad_post_title":"","_kad_post_layout":"","_kad_post_sidebar_id":"","_kad_post_content_style":"","_kad_post_vertical_padding":"","_kad_post_feature":"","_kad_post_feature_position":"","_kad_post_header":false,"_kad_post_footer":false,"footnotes":""},"class_list":["post-502","page","type-page","status-publish","hentry"],"acf":[],"yoast_head":"<!-- This site is optimized with the Yoast SEO plugin v25.8 - https:\/\/yoast.com\/wordpress\/plugins\/seo\/ -->\n<title>Tietosuojaseloste - Reviva<\/title>\n<meta name=\"description\" content=\"Oy Reviva Ab:n verkkokaupan k\u00e4ytt\u00e4j\u00e4rekisteriin tallennettuja henkil\u00f6tietoja k\u00e4ytet\u00e4\u00e4n asiakassuhteen hoitamiseen ja yhteydenpitoon, markkinointitarkoituksiin sek\u00e4 muihin verkkokauppaan liittyviin tarkoituksiin.\" \/>\n<meta name=\"robots\" content=\"index, follow, max-snippet:-1, max-image-preview:large, max-video-preview:-1\" \/>\n<link rel=\"canonical\" href=\"https:\/\/reviva.fi\/fi\/tietosuojaseloste\/\" \/>\n<meta property=\"og:locale\" content=\"fi_FI\" \/>\n<meta property=\"og:type\" content=\"article\" \/>\n<meta property=\"og:title\" content=\"Tietosuojaseloste - Reviva\" \/>\n<meta property=\"og:description\" content=\"Oy Reviva Ab:n verkkokaupan k\u00e4ytt\u00e4j\u00e4rekisteriin tallennettuja henkil\u00f6tietoja k\u00e4ytet\u00e4\u00e4n asiakassuhteen hoitamiseen ja yhteydenpitoon, markkinointitarkoituksiin sek\u00e4 muihin verkkokauppaan liittyviin tarkoituksiin.\" \/>\n<meta property=\"og:url\" content=\"https:\/\/reviva.fi\/fi\/tietosuojaseloste\/\" \/>\n<meta property=\"og:site_name\" content=\"Reviva\" \/>\n<meta property=\"article:modified_time\" content=\"2023-12-07T13:22:36+00:00\" \/>\n<meta name=\"twitter:card\" content=\"summary_large_image\" \/>\n<script type=\"application\/ld+json\" class=\"yoast-schema-graph\">{\"@context\":\"https:\/\/schema.org\",\"@graph\":[{\"@type\":\"WebPage\",\"@id\":\"https:\/\/reviva.fi\/fi\/tietosuojaseloste\/\",\"url\":\"https:\/\/reviva.fi\/fi\/tietosuojaseloste\/\",\"name\":\"Tietosuojaseloste - Reviva\",\"isPartOf\":{\"@id\":\"https:\/\/reviva.fi\/fi\/#website\"},\"datePublished\":\"2021-02-01T13:23:03+00:00\",\"dateModified\":\"2023-12-07T13:22:36+00:00\",\"description\":\"Oy Reviva Ab:n verkkokaupan k\u00e4ytt\u00e4j\u00e4rekisteriin tallennettuja henkil\u00f6tietoja k\u00e4ytet\u00e4\u00e4n asiakassuhteen hoitamiseen ja yhteydenpitoon, markkinointitarkoituksiin sek\u00e4 muihin verkkokauppaan liittyviin tarkoituksiin.\",\"breadcrumb\":{\"@id\":\"https:\/\/reviva.fi\/fi\/tietosuojaseloste\/#breadcrumb\"},\"inLanguage\":\"fi\",\"potentialAction\":[{\"@type\":\"ReadAction\",\"target\":[\"https:\/\/reviva.fi\/fi\/tietosuojaseloste\/\"]}]},{\"@type\":\"BreadcrumbList\",\"@id\":\"https:\/\/reviva.fi\/fi\/tietosuojaseloste\/#breadcrumb\",\"itemListElement\":[{\"@type\":\"ListItem\",\"position\":1,\"name\":\"Etusivu\",\"item\":\"https:\/\/reviva.fi\/fi\/\"},{\"@type\":\"ListItem\",\"position\":2,\"name\":\"Tietosuojaseloste\"}]},{\"@type\":\"WebSite\",\"@id\":\"https:\/\/reviva.fi\/fi\/#website\",\"url\":\"https:\/\/reviva.fi\/fi\/\",\"name\":\"Reviva\",\"description\":\"\",\"publisher\":{\"@id\":\"https:\/\/reviva.fi\/fi\/#organization\"},\"potentialAction\":[{\"@type\":\"SearchAction\",\"target\":{\"@type\":\"EntryPoint\",\"urlTemplate\":\"https:\/\/reviva.fi\/fi\/?s={search_term_string}\"},\"query-input\":{\"@type\":\"PropertyValueSpecification\",\"valueRequired\":true,\"valueName\":\"search_term_string\"}}],\"inLanguage\":\"fi\"},{\"@type\":\"Organization\",\"@id\":\"https:\/\/reviva.fi\/fi\/#organization\",\"name\":\"Reviva\",\"url\":\"https:\/\/reviva.fi\/fi\/\",\"logo\":{\"@type\":\"ImageObject\",\"inLanguage\":\"fi\",\"@id\":\"https:\/\/reviva.fi\/fi\/#\/schema\/logo\/image\/\",\"url\":\"https:\/\/reviva.fi\/wp-content\/uploads\/2023\/10\/reviva-logo2.svg\",\"contentUrl\":\"https:\/\/reviva.fi\/wp-content\/uploads\/2023\/10\/reviva-logo2.svg\",\"caption\":\"Reviva\"},\"image\":{\"@id\":\"https:\/\/reviva.fi\/fi\/#\/schema\/logo\/image\/\"}}]}<\/script>\n<!-- \/ Yoast SEO plugin. -->","yoast_head_json":{"title":"Tietosuojaseloste - Reviva","description":"Oy Reviva Ab:n verkkokaupan k\u00e4ytt\u00e4j\u00e4rekisteriin tallennettuja henkil\u00f6tietoja k\u00e4ytet\u00e4\u00e4n asiakassuhteen hoitamiseen ja yhteydenpitoon, markkinointitarkoituksiin sek\u00e4 muihin verkkokauppaan liittyviin tarkoituksiin.","robots":{"index":"index","follow":"follow","max-snippet":"max-snippet:-1","max-image-preview":"max-image-preview:large","max-video-preview":"max-video-preview:-1"},"canonical":"https:\/\/reviva.fi\/fi\/tietosuojaseloste\/","og_locale":"fi_FI","og_type":"article","og_title":"Tietosuojaseloste - Reviva","og_description":"Oy Reviva Ab:n verkkokaupan k\u00e4ytt\u00e4j\u00e4rekisteriin tallennettuja henkil\u00f6tietoja k\u00e4ytet\u00e4\u00e4n asiakassuhteen hoitamiseen ja yhteydenpitoon, markkinointitarkoituksiin sek\u00e4 muihin verkkokauppaan liittyviin tarkoituksiin.","og_url":"https:\/\/reviva.fi\/fi\/tietosuojaseloste\/","og_site_name":"Reviva","article_modified_time":"2023-12-07T13:22:36+00:00","twitter_card":"summary_large_image","schema":{"@context":"https:\/\/schema.org","@graph":[{"@type":"WebPage","@id":"https:\/\/reviva.fi\/fi\/tietosuojaseloste\/","url":"https:\/\/reviva.fi\/fi\/tietosuojaseloste\/","name":"Tietosuojaseloste - Reviva","isPartOf":{"@id":"https:\/\/reviva.fi\/fi\/#website"},"datePublished":"2021-02-01T13:23:03+00:00","dateModified":"2023-12-07T13:22:36+00:00","description":"Oy Reviva Ab:n verkkokaupan k\u00e4ytt\u00e4j\u00e4rekisteriin tallennettuja henkil\u00f6tietoja k\u00e4ytet\u00e4\u00e4n asiakassuhteen hoitamiseen ja yhteydenpitoon, markkinointitarkoituksiin sek\u00e4 muihin verkkokauppaan liittyviin tarkoituksiin.","breadcrumb":{"@id":"https:\/\/reviva.fi\/fi\/tietosuojaseloste\/#breadcrumb"},"inLanguage":"fi","potentialAction":[{"@type":"ReadAction","target":["https:\/\/reviva.fi\/fi\/tietosuojaseloste\/"]}]},{"@type":"BreadcrumbList","@id":"https:\/\/reviva.fi\/fi\/tietosuojaseloste\/#breadcrumb","itemListElement":[{"@type":"ListItem","position":1,"name":"Etusivu","item":"https:\/\/reviva.fi\/fi\/"},{"@type":"ListItem","position":2,"name":"Tietosuojaseloste"}]},{"@type":"WebSite","@id":"https:\/\/reviva.fi\/fi\/#website","url":"https:\/\/reviva.fi\/fi\/","name":"Reviva","description":"","publisher":{"@id":"https:\/\/reviva.fi\/fi\/#organization"},"potentialAction":[{"@type":"SearchAction","target":{"@type":"EntryPoint","urlTemplate":"https:\/\/reviva.fi\/fi\/?s={search_term_string}"},"query-input":{"@type":"PropertyValueSpecification","valueRequired":true,"valueName":"search_term_string"}}],"inLanguage":"fi"},{"@type":"Organization","@id":"https:\/\/reviva.fi\/fi\/#organization","name":"Reviva","url":"https:\/\/reviva.fi\/fi\/","logo":{"@type":"ImageObject","inLanguage":"fi","@id":"https:\/\/reviva.fi\/fi\/#\/schema\/logo\/image\/","url":"https:\/\/reviva.fi\/wp-content\/uploads\/2023\/10\/reviva-logo2.svg","contentUrl":"https:\/\/reviva.fi\/wp-content\/uploads\/2023\/10\/reviva-logo2.svg","caption":"Reviva"},"image":{"@id":"https:\/\/reviva.fi\/fi\/#\/schema\/logo\/image\/"}}]}},"taxonomy_info":[],"featured_image_src_large":false,"author_info":{"display_name":"Enkel Ab","author_link":"https:\/\/reviva.fi\/fi\/author\/enkel-ab\/"},"comment_info":0,"_links":{"self":[{"href":"https:\/\/reviva.fi\/fi\/wp-json\/wp\/v2\/pages\/502","targetHints":{"allow":["GET"]}}],"collection":[{"href":"https:\/\/reviva.fi\/fi\/wp-json\/wp\/v2\/pages"}],"about":[{"href":"https:\/\/reviva.fi\/fi\/wp-json\/wp\/v2\/types\/page"}],"author":[{"embeddable":true,"href":"https:\/\/reviva.fi\/fi\/wp-json\/wp\/v2\/users\/2"}],"replies":[{"embeddable":true,"href":"https:\/\/reviva.fi\/fi\/wp-json\/wp\/v2\/comments?post=502"}],"version-history":[{"count":2,"href":"https:\/\/reviva.fi\/fi\/wp-json\/wp\/v2\/pages\/502\/revisions"}],"predecessor-version":[{"id":7006,"href":"https:\/\/reviva.fi\/fi\/wp-json\/wp\/v2\/pages\/502\/revisions\/7006"}],"wp:attachment":[{"href":"https:\/\/reviva.fi\/fi\/wp-json\/wp\/v2\/media?parent=502"}],"curies":[{"name":"wp","href":"https:\/\/api.w.org\/{rel}","templated":true}]}}