{"id":511,"date":"2021-01-25T10:17:04","date_gmt":"2021-01-25T08:17:04","guid":{"rendered":"https:\/\/reviva.dev.wikstrommedia.fi\/onskelista\/"},"modified":"2021-04-08T17:21:25","modified_gmt":"2021-04-08T14:21:25","slug":"toivelista","status":"publish","type":"page","link":"https:\/\/reviva.fi\/fi\/toivelista\/","title":{"rendered":"Toivelista"},"content":{"rendered":"\n<div class=\"wp-block-group wm-blockColor -bcWhite\"><div class=\"wp-block-group__inner-container is-layout-flow wp-block-group-is-layout-flow\"><div class=\"tinv-wishlist woocommerce tinv-wishlist-clear\">\r\n\t<div class=\"tinv-header\">\r\n\t<h2>Wishlist<\/h2>\r\n\t<\/div>\r\n\t\t<p class=\"cart-empty woocommerce-info\">\r\n\t\t\t\t\tMuistilistallasi ei ole viel\u00e4 mit\u00e4\u00e4n.\t\t\t<\/p>\r\n\r\n\t\r\n\t<p class=\"return-to-shop\">\r\n\t\t<a class=\"button wc-backward\"\r\n\t\t   href=\"https:\/\/reviva.fi\/fi\/tuotteet\/\">Takaisin kauppaan<\/a>\r\n\t<\/p>\r\n<\/div>\r\n\n<\/div><\/div>\n","protected":false},"excerpt":{"rendered":"","protected":false},"author":2,"featured_media":0,"parent":0,"menu_order":0,"comment_status":"closed","ping_status":"closed","template":"","meta":{"_acf_changed":false,"inline_featured_image":false,"_kad_blocks_custom_css":"","_kad_blocks_head_custom_js":"","_kad_blocks_body_custom_js":"","_kad_blocks_footer_custom_js":"","_kadence_starter_templates_imported_post":false,"_kad_post_transparent":"","_kad_post_title":"","_kad_post_layout":"","_kad_post_sidebar_id":"","_kad_post_content_style":"","_kad_post_vertical_padding":"","_kad_post_feature":"","_kad_post_feature_position":"","_kad_post_header":false,"_kad_post_footer":false,"footnotes":""},"class_list":["post-511","page","type-page","status-publish","hentry"],"acf":[],"yoast_head":"<!-- This site is optimized with the Yoast SEO plugin v25.8 - https:\/\/yoast.com\/wordpress\/plugins\/seo\/ -->\n<title>Toivelista - Reviva<\/title>\n<meta name=\"description\" content=\"Puhtaat ravintolis\u00e4t ja terveystuotteet. Valitse omien tuotteidemme tai muiden tunnettujen merkkien joukosta, jotka on valittu eritt\u00e4in huolellisesti.\" \/>\n<meta name=\"robots\" content=\"index, follow, max-snippet:-1, max-image-preview:large, max-video-preview:-1\" \/>\n<link rel=\"canonical\" href=\"https:\/\/reviva.fi\/fi\/toivelista\/\" \/>\n<meta property=\"og:locale\" content=\"fi_FI\" \/>\n<meta property=\"og:type\" content=\"article\" \/>\n<meta property=\"og:title\" content=\"Toivelista - Reviva\" \/>\n<meta property=\"og:description\" content=\"Puhtaat ravintolis\u00e4t ja terveystuotteet. Valitse omien tuotteidemme tai muiden tunnettujen merkkien joukosta, jotka on valittu eritt\u00e4in huolellisesti.\" \/>\n<meta property=\"og:url\" content=\"https:\/\/reviva.fi\/fi\/toivelista\/\" \/>\n<meta property=\"og:site_name\" content=\"Reviva\" \/>\n<meta property=\"article:modified_time\" content=\"2021-04-08T14:21:25+00:00\" \/>\n<meta name=\"twitter:card\" content=\"summary_large_image\" \/>\n<script type=\"application\/ld+json\" class=\"yoast-schema-graph\">{\"@context\":\"https:\/\/schema.org\",\"@graph\":[{\"@type\":\"WebPage\",\"@id\":\"https:\/\/reviva.fi\/fi\/toivelista\/\",\"url\":\"https:\/\/reviva.fi\/fi\/toivelista\/\",\"name\":\"Toivelista - Reviva\",\"isPartOf\":{\"@id\":\"https:\/\/reviva.fi\/fi\/#website\"},\"datePublished\":\"2021-01-25T08:17:04+00:00\",\"dateModified\":\"2021-04-08T14:21:25+00:00\",\"description\":\"Puhtaat ravintolis\u00e4t ja terveystuotteet. Valitse omien tuotteidemme tai muiden tunnettujen merkkien joukosta, jotka on valittu eritt\u00e4in huolellisesti.\",\"breadcrumb\":{\"@id\":\"https:\/\/reviva.fi\/fi\/toivelista\/#breadcrumb\"},\"inLanguage\":\"fi\",\"potentialAction\":[{\"@type\":\"ReadAction\",\"target\":[\"https:\/\/reviva.fi\/fi\/toivelista\/\"]}]},{\"@type\":\"BreadcrumbList\",\"@id\":\"https:\/\/reviva.fi\/fi\/toivelista\/#breadcrumb\",\"itemListElement\":[{\"@type\":\"ListItem\",\"position\":1,\"name\":\"Etusivu\",\"item\":\"https:\/\/reviva.fi\/fi\/\"},{\"@type\":\"ListItem\",\"position\":2,\"name\":\"Toivelista\"}]},{\"@type\":\"WebSite\",\"@id\":\"https:\/\/reviva.fi\/fi\/#website\",\"url\":\"https:\/\/reviva.fi\/fi\/\",\"name\":\"Reviva\",\"description\":\"\",\"publisher\":{\"@id\":\"https:\/\/reviva.fi\/fi\/#organization\"},\"potentialAction\":[{\"@type\":\"SearchAction\",\"target\":{\"@type\":\"EntryPoint\",\"urlTemplate\":\"https:\/\/reviva.fi\/fi\/?s={search_term_string}\"},\"query-input\":{\"@type\":\"PropertyValueSpecification\",\"valueRequired\":true,\"valueName\":\"search_term_string\"}}],\"inLanguage\":\"fi\"},{\"@type\":\"Organization\",\"@id\":\"https:\/\/reviva.fi\/fi\/#organization\",\"name\":\"Reviva\",\"url\":\"https:\/\/reviva.fi\/fi\/\",\"logo\":{\"@type\":\"ImageObject\",\"inLanguage\":\"fi\",\"@id\":\"https:\/\/reviva.fi\/fi\/#\/schema\/logo\/image\/\",\"url\":\"https:\/\/reviva.fi\/wp-content\/uploads\/2023\/10\/reviva-logo2.svg\",\"contentUrl\":\"https:\/\/reviva.fi\/wp-content\/uploads\/2023\/10\/reviva-logo2.svg\",\"caption\":\"Reviva\"},\"image\":{\"@id\":\"https:\/\/reviva.fi\/fi\/#\/schema\/logo\/image\/\"}}]}<\/script>\n<!-- \/ Yoast SEO plugin. -->","yoast_head_json":{"title":"Toivelista - Reviva","description":"Puhtaat ravintolis\u00e4t ja terveystuotteet. Valitse omien tuotteidemme tai muiden tunnettujen merkkien joukosta, jotka on valittu eritt\u00e4in huolellisesti.","robots":{"index":"index","follow":"follow","max-snippet":"max-snippet:-1","max-image-preview":"max-image-preview:large","max-video-preview":"max-video-preview:-1"},"canonical":"https:\/\/reviva.fi\/fi\/toivelista\/","og_locale":"fi_FI","og_type":"article","og_title":"Toivelista - Reviva","og_description":"Puhtaat ravintolis\u00e4t ja terveystuotteet. Valitse omien tuotteidemme tai muiden tunnettujen merkkien joukosta, jotka on valittu eritt\u00e4in huolellisesti.","og_url":"https:\/\/reviva.fi\/fi\/toivelista\/","og_site_name":"Reviva","article_modified_time":"2021-04-08T14:21:25+00:00","twitter_card":"summary_large_image","schema":{"@context":"https:\/\/schema.org","@graph":[{"@type":"WebPage","@id":"https:\/\/reviva.fi\/fi\/toivelista\/","url":"https:\/\/reviva.fi\/fi\/toivelista\/","name":"Toivelista - Reviva","isPartOf":{"@id":"https:\/\/reviva.fi\/fi\/#website"},"datePublished":"2021-01-25T08:17:04+00:00","dateModified":"2021-04-08T14:21:25+00:00","description":"Puhtaat ravintolis\u00e4t ja terveystuotteet. Valitse omien tuotteidemme tai muiden tunnettujen merkkien joukosta, jotka on valittu eritt\u00e4in huolellisesti.","breadcrumb":{"@id":"https:\/\/reviva.fi\/fi\/toivelista\/#breadcrumb"},"inLanguage":"fi","potentialAction":[{"@type":"ReadAction","target":["https:\/\/reviva.fi\/fi\/toivelista\/"]}]},{"@type":"BreadcrumbList","@id":"https:\/\/reviva.fi\/fi\/toivelista\/#breadcrumb","itemListElement":[{"@type":"ListItem","position":1,"name":"Etusivu","item":"https:\/\/reviva.fi\/fi\/"},{"@type":"ListItem","position":2,"name":"Toivelista"}]},{"@type":"WebSite","@id":"https:\/\/reviva.fi\/fi\/#website","url":"https:\/\/reviva.fi\/fi\/","name":"Reviva","description":"","publisher":{"@id":"https:\/\/reviva.fi\/fi\/#organization"},"potentialAction":[{"@type":"SearchAction","target":{"@type":"EntryPoint","urlTemplate":"https:\/\/reviva.fi\/fi\/?s={search_term_string}"},"query-input":{"@type":"PropertyValueSpecification","valueRequired":true,"valueName":"search_term_string"}}],"inLanguage":"fi"},{"@type":"Organization","@id":"https:\/\/reviva.fi\/fi\/#organization","name":"Reviva","url":"https:\/\/reviva.fi\/fi\/","logo":{"@type":"ImageObject","inLanguage":"fi","@id":"https:\/\/reviva.fi\/fi\/#\/schema\/logo\/image\/","url":"https:\/\/reviva.fi\/wp-content\/uploads\/2023\/10\/reviva-logo2.svg","contentUrl":"https:\/\/reviva.fi\/wp-content\/uploads\/2023\/10\/reviva-logo2.svg","caption":"Reviva"},"image":{"@id":"https:\/\/reviva.fi\/fi\/#\/schema\/logo\/image\/"}}]}},"taxonomy_info":[],"featured_image_src_large":false,"author_info":{"display_name":"Enkel Ab","author_link":"https:\/\/reviva.fi\/fi\/author\/enkel-ab\/"},"comment_info":0,"_links":{"self":[{"href":"https:\/\/reviva.fi\/fi\/wp-json\/wp\/v2\/pages\/511","targetHints":{"allow":["GET"]}}],"collection":[{"href":"https:\/\/reviva.fi\/fi\/wp-json\/wp\/v2\/pages"}],"about":[{"href":"https:\/\/reviva.fi\/fi\/wp-json\/wp\/v2\/types\/page"}],"author":[{"embeddable":true,"href":"https:\/\/reviva.fi\/fi\/wp-json\/wp\/v2\/users\/2"}],"replies":[{"embeddable":true,"href":"https:\/\/reviva.fi\/fi\/wp-json\/wp\/v2\/comments?post=511"}],"version-history":[{"count":0,"href":"https:\/\/reviva.fi\/fi\/wp-json\/wp\/v2\/pages\/511\/revisions"}],"wp:attachment":[{"href":"https:\/\/reviva.fi\/fi\/wp-json\/wp\/v2\/media?parent=511"}],"curies":[{"name":"wp","href":"https:\/\/api.w.org\/{rel}","templated":true}]}}