{"id":10260,"date":"2024-12-16T13:39:09","date_gmt":"2024-12-16T11:39:09","guid":{"rendered":"https:\/\/reviva.fi\/product\/sojalecitin-1200mg-fosfatidylkolin-inositol-kosttillskott\/"},"modified":"2025-02-03T15:31:47","modified_gmt":"2025-02-03T13:31:47","slug":"soijalesitiini-1200mg","status":"publish","type":"product","link":"https:\/\/reviva.fi\/fi\/tuote\/soijalesitiini-1200mg\/","title":{"rendered":"Soijalesitiini 1200mg"},"content":{"rendered":"<p><strong>Soijalesitiini 1200mg (fosfatidyylikoliini-inositoli-ravintolis\u00e4)<br \/>\n<\/strong><br \/>\n<strong>Tuotetiedot<\/strong><br \/>\n<span style=\"font-family: var(--global-body-font-family);\"><br \/>\nLesitiini l\u00f6ydettiin 1800-luvun puoliv\u00e4liss\u00e4 ja se sai nimens\u00e4 (ruotsiksi vuodesta 1876) kreikan sanasta lekitho = keltuainen. Lesitiini muodostuu ihmiskehossa B-vitamiini koliinista ja inositolista. Erityisesti hermot ja aivot sis\u00e4lt\u00e4v\u00e4t paljon; joissain aivojen osissa on jopa 40 % lesitiini\u00e4. Lesitiini koostuu tyydyttyneist\u00e4 rasvahapoista, tyydyttym\u00e4tt\u00f6mist\u00e4 rasvahapoista, fosforista ja koliinista. Se on t\u00e4rke\u00e4 osa solukalvoja, mitokondrioita, sidekudosta, luukudosta ja hermokudosta. Sit\u00e4 esiintyy suuria pitoisuuksia hermokudoksessa ja se muodostaa 30 % aivojen kuivapainosta. Terveill\u00e4 ihmisill\u00e4 yli 70 % maksan rasvakudoksesta koostuu lesitiinist\u00e4. Suuria pitoisuuksia l\u00f6ytyy my\u00f6s syd\u00e4mest\u00e4, luuytimest\u00e4, munuaisista ja sukurauhasista.<\/span><\/p>\n<p>Jokainen kapseli sis\u00e4lt\u00e4\u00e4 1200 mg puhdasta soijalesitiini\u00e4, joka on uutettu korkealaatuisimmista soijapavuista ja tarjoaa n\u00e4iden t\u00e4rkeiden ainesosien luonnollisen l\u00e4hteen.<br \/>\nLesitiini on luonnollinen rasvamolekyyli ja fosfolipidien l\u00e4hde, kaikkien solujen toiminnallinen komponentti. Se antaa rakenteen solukalvolle ja sill\u00e4 on t\u00e4rke\u00e4 teht\u00e4v\u00e4<br \/>\nvalvoa ravinteiden kulkeutumista soluihin ja niist\u00e4 ulos.<\/p>\n","protected":false},"excerpt":{"rendered":"<p>Lamberts Soya Lecithin 1200mg kapselit on fosfatidyylikoliini-inositoli-ravintolis\u00e4 soijasta. Lesitiini on yksi kahden t\u00e4rke\u00e4n ravintoaineen, inositolin ja koliinin, rikkaimmista luonnollisista l\u00e4hteist\u00e4.<\/p>\n<p><strong>120 kapselia\u00a0<\/strong><\/p>\n","protected":false},"featured_media":10262,"comment_status":"closed","ping_status":"closed","template":"","meta":{"_acf_changed":false,"inline_featured_image":false,"_kad_blocks_custom_css":"","_kad_blocks_head_custom_js":"","_kad_blocks_body_custom_js":"","_kad_blocks_footer_custom_js":"","_kadence_starter_templates_imported_post":false,"_kad_post_transparent":"default","_kad_post_title":"","_kad_post_layout":"default","_kad_post_sidebar_id":"","_kad_post_content_style":"default","_kad_post_vertical_padding":"default","_kad_post_feature":"","_kad_post_feature_position":"","_kad_post_header":false,"_kad_post_footer":false},"product_brand":[],"product_cat":[91,2505,2444],"product_tag":[],"class_list":{"0":"post-10260","1":"product","2":"type-product","3":"status-publish","4":"has-post-thumbnail","6":"product_cat-fettsyror-fi","7":"product_cat-ovriga-kosttillskott-fi","8":"product_cat-lamberts-fi","10":"first","11":"instock","12":"taxable","13":"shipping-taxable","14":"purchasable","15":"product-type-simple","16":"entry","17":"content-bg","18":"loop-entry"},"acf":[],"yoast_head":"<!-- This site is optimized with the Yoast SEO plugin v25.8 - https:\/\/yoast.com\/wordpress\/plugins\/seo\/ -->\n<title>Soijalesitiini 1200mg - Reviva<\/title>\n<meta name=\"description\" content=\"Lamberts - Soijalesitiini 1200mg on luonnollinen fosfolipidien l\u00e4hde aivoille, rasva-aineenvaihdunnalle ja solujen toiminnalle.\" \/>\n<meta name=\"robots\" content=\"index, follow, max-snippet:-1, max-image-preview:large, max-video-preview:-1\" \/>\n<link rel=\"canonical\" href=\"https:\/\/reviva.fi\/fi\/tuote\/soijalesitiini-1200mg\/\" \/>\n<meta property=\"og:locale\" content=\"fi_FI\" \/>\n<meta property=\"og:type\" content=\"article\" \/>\n<meta property=\"og:title\" content=\"Soijalesitiini 1200mg - Reviva\" \/>\n<meta property=\"og:description\" content=\"Lamberts - Soijalesitiini 1200mg on luonnollinen fosfolipidien l\u00e4hde aivoille, rasva-aineenvaihdunnalle ja solujen toiminnalle.\" \/>\n<meta property=\"og:url\" content=\"https:\/\/reviva.fi\/fi\/tuote\/soijalesitiini-1200mg\/\" \/>\n<meta property=\"og:site_name\" content=\"Reviva\" \/>\n<meta property=\"article:modified_time\" content=\"2025-02-03T13:31:47+00:00\" \/>\n<meta property=\"og:image\" content=\"https:\/\/reviva.fi\/wp-content\/uploads\/2024\/12\/8537-120-Soya-Lecithin.jpg\" \/>\n\t<meta property=\"og:image:width\" content=\"780\" \/>\n\t<meta property=\"og:image:height\" content=\"780\" \/>\n\t<meta property=\"og:image:type\" content=\"image\/jpeg\" \/>\n<meta name=\"twitter:card\" content=\"summary_large_image\" \/>\n<script type=\"application\/ld+json\" class=\"yoast-schema-graph\">{\"@context\":\"https:\/\/schema.org\",\"@graph\":[{\"@type\":\"WebPage\",\"@id\":\"https:\/\/reviva.fi\/fi\/tuote\/soijalesitiini-1200mg\/\",\"url\":\"https:\/\/reviva.fi\/fi\/tuote\/soijalesitiini-1200mg\/\",\"name\":\"Soijalesitiini 1200mg - Reviva\",\"isPartOf\":{\"@id\":\"https:\/\/reviva.fi\/fi\/#website\"},\"primaryImageOfPage\":{\"@id\":\"https:\/\/reviva.fi\/fi\/tuote\/soijalesitiini-1200mg\/#primaryimage\"},\"image\":{\"@id\":\"https:\/\/reviva.fi\/fi\/tuote\/soijalesitiini-1200mg\/#primaryimage\"},\"thumbnailUrl\":\"https:\/\/reviva.fi\/wp-content\/uploads\/2024\/12\/8537-120-Soya-Lecithin.jpg\",\"datePublished\":\"2024-12-16T11:39:09+00:00\",\"dateModified\":\"2025-02-03T13:31:47+00:00\",\"description\":\"Lamberts - Soijalesitiini 1200mg on luonnollinen fosfolipidien l\u00e4hde aivoille, rasva-aineenvaihdunnalle ja solujen toiminnalle.\",\"breadcrumb\":{\"@id\":\"https:\/\/reviva.fi\/fi\/tuote\/soijalesitiini-1200mg\/#breadcrumb\"},\"inLanguage\":\"fi\",\"potentialAction\":[{\"@type\":\"ReadAction\",\"target\":[\"https:\/\/reviva.fi\/fi\/tuote\/soijalesitiini-1200mg\/\"]}]},{\"@type\":\"ImageObject\",\"inLanguage\":\"fi\",\"@id\":\"https:\/\/reviva.fi\/fi\/tuote\/soijalesitiini-1200mg\/#primaryimage\",\"url\":\"https:\/\/reviva.fi\/wp-content\/uploads\/2024\/12\/8537-120-Soya-Lecithin.jpg\",\"contentUrl\":\"https:\/\/reviva.fi\/wp-content\/uploads\/2024\/12\/8537-120-Soya-Lecithin.jpg\",\"width\":780,\"height\":780,\"caption\":\"Soijalesitiini 1200mg\"},{\"@type\":\"BreadcrumbList\",\"@id\":\"https:\/\/reviva.fi\/fi\/tuote\/soijalesitiini-1200mg\/#breadcrumb\",\"itemListElement\":[{\"@type\":\"ListItem\",\"position\":1,\"name\":\"Etusivu\",\"item\":\"https:\/\/reviva.fi\/fi\/\"},{\"@type\":\"ListItem\",\"position\":2,\"name\":\"Tuotteet\",\"item\":\"https:\/\/reviva.fi\/produkter\/\"},{\"@type\":\"ListItem\",\"position\":3,\"name\":\"Soijalesitiini 1200mg\"}]},{\"@type\":\"WebSite\",\"@id\":\"https:\/\/reviva.fi\/fi\/#website\",\"url\":\"https:\/\/reviva.fi\/fi\/\",\"name\":\"Reviva\",\"description\":\"\",\"publisher\":{\"@id\":\"https:\/\/reviva.fi\/fi\/#organization\"},\"potentialAction\":[{\"@type\":\"SearchAction\",\"target\":{\"@type\":\"EntryPoint\",\"urlTemplate\":\"https:\/\/reviva.fi\/fi\/?s={search_term_string}\"},\"query-input\":{\"@type\":\"PropertyValueSpecification\",\"valueRequired\":true,\"valueName\":\"search_term_string\"}}],\"inLanguage\":\"fi\"},{\"@type\":\"Organization\",\"@id\":\"https:\/\/reviva.fi\/fi\/#organization\",\"name\":\"Reviva\",\"url\":\"https:\/\/reviva.fi\/fi\/\",\"logo\":{\"@type\":\"ImageObject\",\"inLanguage\":\"fi\",\"@id\":\"https:\/\/reviva.fi\/fi\/#\/schema\/logo\/image\/\",\"url\":\"https:\/\/reviva.fi\/wp-content\/uploads\/2023\/10\/reviva-logo2.svg\",\"contentUrl\":\"https:\/\/reviva.fi\/wp-content\/uploads\/2023\/10\/reviva-logo2.svg\",\"caption\":\"Reviva\"},\"image\":{\"@id\":\"https:\/\/reviva.fi\/fi\/#\/schema\/logo\/image\/\"}}]}<\/script>\n<meta property=\"product:price:amount\" content=\"29.90\" \/>\n<meta property=\"product:price:currency\" content=\"EUR\" \/>\n<meta property=\"og:availability\" content=\"instock\" \/>\n<meta property=\"product:availability\" content=\"instock\" \/>\n<meta property=\"product:retailer_item_id\" content=\"8537-120\" \/>\n<meta property=\"product:condition\" content=\"new\" \/>\n<!-- \/ Yoast SEO plugin. -->","yoast_head_json":{"title":"Soijalesitiini 1200mg - Reviva","description":"Lamberts - Soijalesitiini 1200mg on luonnollinen fosfolipidien l\u00e4hde aivoille, rasva-aineenvaihdunnalle ja solujen toiminnalle.","robots":{"index":"index","follow":"follow","max-snippet":"max-snippet:-1","max-image-preview":"max-image-preview:large","max-video-preview":"max-video-preview:-1"},"canonical":"https:\/\/reviva.fi\/fi\/tuote\/soijalesitiini-1200mg\/","og_locale":"fi_FI","og_type":"article","og_title":"Soijalesitiini 1200mg - Reviva","og_description":"Lamberts - Soijalesitiini 1200mg on luonnollinen fosfolipidien l\u00e4hde aivoille, rasva-aineenvaihdunnalle ja solujen toiminnalle.","og_url":"https:\/\/reviva.fi\/fi\/tuote\/soijalesitiini-1200mg\/","og_site_name":"Reviva","article_modified_time":"2025-02-03T13:31:47+00:00","og_image":[{"width":780,"height":780,"url":"https:\/\/reviva.fi\/wp-content\/uploads\/2024\/12\/8537-120-Soya-Lecithin.jpg","type":"image\/jpeg"}],"twitter_card":"summary_large_image","schema":{"@context":"https:\/\/schema.org","@graph":[{"@type":"WebPage","@id":"https:\/\/reviva.fi\/fi\/tuote\/soijalesitiini-1200mg\/","url":"https:\/\/reviva.fi\/fi\/tuote\/soijalesitiini-1200mg\/","name":"Soijalesitiini 1200mg - Reviva","isPartOf":{"@id":"https:\/\/reviva.fi\/fi\/#website"},"primaryImageOfPage":{"@id":"https:\/\/reviva.fi\/fi\/tuote\/soijalesitiini-1200mg\/#primaryimage"},"image":{"@id":"https:\/\/reviva.fi\/fi\/tuote\/soijalesitiini-1200mg\/#primaryimage"},"thumbnailUrl":"https:\/\/reviva.fi\/wp-content\/uploads\/2024\/12\/8537-120-Soya-Lecithin.jpg","datePublished":"2024-12-16T11:39:09+00:00","dateModified":"2025-02-03T13:31:47+00:00","description":"Lamberts - Soijalesitiini 1200mg on luonnollinen fosfolipidien l\u00e4hde aivoille, rasva-aineenvaihdunnalle ja solujen toiminnalle.","breadcrumb":{"@id":"https:\/\/reviva.fi\/fi\/tuote\/soijalesitiini-1200mg\/#breadcrumb"},"inLanguage":"fi","potentialAction":[{"@type":"ReadAction","target":["https:\/\/reviva.fi\/fi\/tuote\/soijalesitiini-1200mg\/"]}]},{"@type":"ImageObject","inLanguage":"fi","@id":"https:\/\/reviva.fi\/fi\/tuote\/soijalesitiini-1200mg\/#primaryimage","url":"https:\/\/reviva.fi\/wp-content\/uploads\/2024\/12\/8537-120-Soya-Lecithin.jpg","contentUrl":"https:\/\/reviva.fi\/wp-content\/uploads\/2024\/12\/8537-120-Soya-Lecithin.jpg","width":780,"height":780,"caption":"Soijalesitiini 1200mg"},{"@type":"BreadcrumbList","@id":"https:\/\/reviva.fi\/fi\/tuote\/soijalesitiini-1200mg\/#breadcrumb","itemListElement":[{"@type":"ListItem","position":1,"name":"Etusivu","item":"https:\/\/reviva.fi\/fi\/"},{"@type":"ListItem","position":2,"name":"Tuotteet","item":"https:\/\/reviva.fi\/produkter\/"},{"@type":"ListItem","position":3,"name":"Soijalesitiini 1200mg"}]},{"@type":"WebSite","@id":"https:\/\/reviva.fi\/fi\/#website","url":"https:\/\/reviva.fi\/fi\/","name":"Reviva","description":"","publisher":{"@id":"https:\/\/reviva.fi\/fi\/#organization"},"potentialAction":[{"@type":"SearchAction","target":{"@type":"EntryPoint","urlTemplate":"https:\/\/reviva.fi\/fi\/?s={search_term_string}"},"query-input":{"@type":"PropertyValueSpecification","valueRequired":true,"valueName":"search_term_string"}}],"inLanguage":"fi"},{"@type":"Organization","@id":"https:\/\/reviva.fi\/fi\/#organization","name":"Reviva","url":"https:\/\/reviva.fi\/fi\/","logo":{"@type":"ImageObject","inLanguage":"fi","@id":"https:\/\/reviva.fi\/fi\/#\/schema\/logo\/image\/","url":"https:\/\/reviva.fi\/wp-content\/uploads\/2023\/10\/reviva-logo2.svg","contentUrl":"https:\/\/reviva.fi\/wp-content\/uploads\/2023\/10\/reviva-logo2.svg","caption":"Reviva"},"image":{"@id":"https:\/\/reviva.fi\/fi\/#\/schema\/logo\/image\/"}}]},"product_price_amount":"29.90","product_price_currency":"EUR","og_availability":"instock","product_availability":"instock","product_retailer_item_id":"8537-120","product_condition":"new"},"taxonomy_info":{"product_cat":[{"value":91,"label":"Rasvahapot"},{"value":2505,"label":"Muut ravintolis\u00e4t"},{"value":2444,"label":"Lamberts"}]},"featured_image_src_large":["https:\/\/reviva.fi\/wp-content\/uploads\/2024\/12\/8537-120-Soya-Lecithin.jpg",780,780,false],"author_info":[],"comment_info":0,"_links":{"self":[{"href":"https:\/\/reviva.fi\/fi\/wp-json\/wp\/v2\/product\/10260","targetHints":{"allow":["GET"]}}],"collection":[{"href":"https:\/\/reviva.fi\/fi\/wp-json\/wp\/v2\/product"}],"about":[{"href":"https:\/\/reviva.fi\/fi\/wp-json\/wp\/v2\/types\/product"}],"replies":[{"embeddable":true,"href":"https:\/\/reviva.fi\/fi\/wp-json\/wp\/v2\/comments?post=10260"}],"wp:featuredmedia":[{"embeddable":true,"href":"https:\/\/reviva.fi\/fi\/wp-json\/wp\/v2\/media\/10262"}],"wp:attachment":[{"href":"https:\/\/reviva.fi\/fi\/wp-json\/wp\/v2\/media?parent=10260"}],"wp:term":[{"taxonomy":"product_brand","embeddable":true,"href":"https:\/\/reviva.fi\/fi\/wp-json\/wp\/v2\/product_brand?post=10260"},{"taxonomy":"product_cat","embeddable":true,"href":"https:\/\/reviva.fi\/fi\/wp-json\/wp\/v2\/product_cat?post=10260"},{"taxonomy":"product_tag","embeddable":true,"href":"https:\/\/reviva.fi\/fi\/wp-json\/wp\/v2\/product_tag?post=10260"}],"curies":[{"name":"wp","href":"https:\/\/api.w.org\/{rel}","templated":true}]}}