{"id":10265,"date":"2024-12-13T12:57:54","date_gmt":"2024-12-13T10:57:54","guid":{"rendered":"https:\/\/reviva.fi\/product\/myo-inositol-200g-pulver\/"},"modified":"2026-01-19T14:10:07","modified_gmt":"2026-01-19T12:10:07","slug":"myo-inositoli","status":"publish","type":"product","link":"https:\/\/reviva.fi\/fi\/tuote\/myo-inositoli\/","title":{"rendered":"Myo-Inositoli"},"content":{"rendered":"<p><strong>Myo-Inositoli 200g jauhe<\/strong><\/p>\n<p>Myo-inositoli on 100 % luonnollinen. Inositoli on vesiliukoinen B-vitamiiniryhm\u00e4n j\u00e4sen. Se vaikuttaa kehon rasvank\u00e4sittelyyn maksassa.<\/p>\n<p>Myo-inositoli, joka on l\u00e4heisesti yhteydess\u00e4 B-vitamiinikompleksiin, on yksi yhdeks\u00e4st\u00e4 eri inositolityypist\u00e4. Myo-inositoli on my\u00f6s se muoto, jota esiintyy yleisimmin luonnossa, esimerkiksi elintarvikkeissa kuten hedelmiss\u00e4, pavussa ja p\u00e4hkin\u00f6iss\u00e4.<\/p>\n<p>Helppo ja k\u00e4tev\u00e4 tapa t\u00e4ydent\u00e4\u00e4 ruokavaliota p\u00e4ivitt\u00e4isell\u00e4 4 g annoksella, joka on taso, jota k\u00e4ytet\u00e4\u00e4n suurimmassa osassa tutkimuksista. Monet inositolikapselit sis\u00e4lt\u00e4v\u00e4t vain 500 mg.<\/p>\n<p>EVP Nutritionin k\u00e4ytt\u00e4m\u00e4t ainesosat ovat eritt\u00e4in puhtaita.<\/p>\n","protected":false},"excerpt":{"rendered":"<p><strong>Myo-Inositol 200 g jauhe<\/strong> on korkealaatuinen inositoliravintolis\u00e4.<\/p>\n<p><strong>200 g jauhe<\/strong><\/p>\n","protected":false},"featured_media":11843,"comment_status":"closed","ping_status":"closed","template":"","meta":{"_acf_changed":false,"inline_featured_image":false,"_kad_blocks_custom_css":"","_kad_blocks_head_custom_js":"","_kad_blocks_body_custom_js":"","_kad_blocks_footer_custom_js":"","_kadence_starter_templates_imported_post":false,"_kad_post_transparent":"default","_kad_post_title":"","_kad_post_layout":"default","_kad_post_sidebar_id":"","_kad_post_content_style":"default","_kad_post_vertical_padding":"default","_kad_post_feature":"","_kad_post_feature_position":"","_kad_post_header":false,"_kad_post_footer":false},"product_brand":[],"product_cat":[525,2454],"product_tag":[3346,3347,3348,3349,3350,3351,3352,3353,3354,3355,3356,3357,3358,3359,3360,3361,3362,3363,3364,3365,3366,3367,3368,3369,3370,3371],"class_list":{"0":"post-10265","1":"product","2":"type-product","3":"status-publish","4":"has-post-thumbnail","6":"product_cat-b-vitamin-fi","7":"product_cat-evp-nutrition-fi","8":"product_tag-battre-somn-fi","9":"product_tag-biotillgangligt-myo-inositol-fi","10":"product_tag-blodsockerbalans-fi","11":"product_tag-for-okad-fertilitet-fi","12":"product_tag-for-hormonbalans-fi","13":"product_tag-for-hormonell-balans-fi","14":"product_tag-for-kvinnor-med-pcos-fi","15":"product_tag-for-mental-klarhet-och-fokus-fi","16":"product_tag-for-minskade-stressnivaer-fi","17":"product_tag-for-reproduktiv-halsa-fi","18":"product_tag-for-stod-av-blodsockernivaer-fi","19":"product_tag-for-stresshantering-fi","20":"product_tag-forbattrad-aggkvalitet-fi","21":"product_tag-fertilitetsstod-fi","22":"product_tag-gmo-fritt-tillskott-fi","23":"product_tag-hogkvalitativt-myo-inositol-fi","24":"product_tag-insulinkanslighet-fi","25":"product_tag-mental-halsa-fi","26":"product_tag-minskad-stress-och-angest-fi","27":"product_tag-myo-inositol-inositol-myo-inositol-tillskott-naturligt-inositol-vitamin-b8-aven-om-det-tekniskt-inte-ar-en-vitamin-langre-hormonbalans-fi","28":"product_tag-oregelbunden-mens-fi","29":"product_tag-pcos-polycystiskt-ovariesyndrom-fi","30":"product_tag-regelbunden-menscykel-fi","31":"product_tag-rent-och-naturligt-inositol-fi","32":"product_tag-stod-for-fertilitet-fi","33":"product_tag-veganskt-kosttillskott-fi","35":"first","36":"instock","37":"taxable","38":"shipping-taxable","39":"purchasable","40":"product-type-simple","41":"entry","42":"content-bg","43":"loop-entry"},"acf":[],"yoast_head":"<!-- This site is optimized with the Yoast SEO plugin v25.8 - https:\/\/yoast.com\/wordpress\/plugins\/seo\/ -->\n<title>Myo-Inositoli - Reviva<\/title>\n<meta name=\"description\" content=\"Myo-Inositoli on korkealaatuinen inositoliravintolis\u00e4. Sekoita 4 g (1 tl) lasilliseen vett\u00e4 tai mehua ja nauti p\u00e4ivitt\u00e4in.\" \/>\n<meta name=\"robots\" content=\"index, follow, max-snippet:-1, max-image-preview:large, max-video-preview:-1\" \/>\n<link rel=\"canonical\" href=\"https:\/\/reviva.fi\/fi\/tuote\/myo-inositoli\/\" \/>\n<meta property=\"og:locale\" content=\"fi_FI\" \/>\n<meta property=\"og:type\" content=\"article\" \/>\n<meta property=\"og:title\" content=\"Myo-Inositoli - Reviva\" \/>\n<meta property=\"og:description\" content=\"Myo-Inositoli on korkealaatuinen inositoliravintolis\u00e4. Sekoita 4 g (1 tl) lasilliseen vett\u00e4 tai mehua ja nauti p\u00e4ivitt\u00e4in.\" \/>\n<meta property=\"og:url\" content=\"https:\/\/reviva.fi\/fi\/tuote\/myo-inositoli\/\" \/>\n<meta property=\"og:site_name\" content=\"Reviva\" \/>\n<meta property=\"article:modified_time\" content=\"2026-01-19T12:10:07+00:00\" \/>\n<meta property=\"og:image\" content=\"https:\/\/reviva.fi\/wp-content\/uploads\/2024\/12\/Myo-Inositol-240-Photoroom-e1745302219806.png\" \/>\n\t<meta property=\"og:image:width\" content=\"1600\" \/>\n\t<meta property=\"og:image:height\" content=\"1600\" \/>\n\t<meta property=\"og:image:type\" content=\"image\/png\" \/>\n<meta name=\"twitter:card\" content=\"summary_large_image\" \/>\n<script type=\"application\/ld+json\" class=\"yoast-schema-graph\">{\"@context\":\"https:\/\/schema.org\",\"@graph\":[{\"@type\":\"WebPage\",\"@id\":\"https:\/\/reviva.fi\/fi\/tuote\/myo-inositoli\/\",\"url\":\"https:\/\/reviva.fi\/fi\/tuote\/myo-inositoli\/\",\"name\":\"Myo-Inositoli - Reviva\",\"isPartOf\":{\"@id\":\"https:\/\/reviva.fi\/fi\/#website\"},\"primaryImageOfPage\":{\"@id\":\"https:\/\/reviva.fi\/fi\/tuote\/myo-inositoli\/#primaryimage\"},\"image\":{\"@id\":\"https:\/\/reviva.fi\/fi\/tuote\/myo-inositoli\/#primaryimage\"},\"thumbnailUrl\":\"https:\/\/reviva.fi\/wp-content\/uploads\/2024\/12\/Myo-Inositol-240-Photoroom-e1745302219806.png\",\"datePublished\":\"2024-12-13T10:57:54+00:00\",\"dateModified\":\"2026-01-19T12:10:07+00:00\",\"description\":\"Myo-Inositoli on korkealaatuinen inositoliravintolis\u00e4. Sekoita 4 g (1 tl) lasilliseen vett\u00e4 tai mehua ja nauti p\u00e4ivitt\u00e4in.\",\"breadcrumb\":{\"@id\":\"https:\/\/reviva.fi\/fi\/tuote\/myo-inositoli\/#breadcrumb\"},\"inLanguage\":\"fi\",\"potentialAction\":[{\"@type\":\"ReadAction\",\"target\":[\"https:\/\/reviva.fi\/fi\/tuote\/myo-inositoli\/\"]}]},{\"@type\":\"ImageObject\",\"inLanguage\":\"fi\",\"@id\":\"https:\/\/reviva.fi\/fi\/tuote\/myo-inositoli\/#primaryimage\",\"url\":\"https:\/\/reviva.fi\/wp-content\/uploads\/2024\/12\/Myo-Inositol-240-Photoroom-e1745302219806.png\",\"contentUrl\":\"https:\/\/reviva.fi\/wp-content\/uploads\/2024\/12\/Myo-Inositol-240-Photoroom-e1745302219806.png\",\"width\":1600,\"height\":1600,\"caption\":\"Myo inositol\"},{\"@type\":\"BreadcrumbList\",\"@id\":\"https:\/\/reviva.fi\/fi\/tuote\/myo-inositoli\/#breadcrumb\",\"itemListElement\":[{\"@type\":\"ListItem\",\"position\":1,\"name\":\"Etusivu\",\"item\":\"https:\/\/reviva.fi\/fi\/\"},{\"@type\":\"ListItem\",\"position\":2,\"name\":\"Tuotteet\",\"item\":\"https:\/\/reviva.fi\/produkter\/\"},{\"@type\":\"ListItem\",\"position\":3,\"name\":\"Myo-Inositoli\"}]},{\"@type\":\"WebSite\",\"@id\":\"https:\/\/reviva.fi\/fi\/#website\",\"url\":\"https:\/\/reviva.fi\/fi\/\",\"name\":\"Reviva\",\"description\":\"\",\"publisher\":{\"@id\":\"https:\/\/reviva.fi\/fi\/#organization\"},\"potentialAction\":[{\"@type\":\"SearchAction\",\"target\":{\"@type\":\"EntryPoint\",\"urlTemplate\":\"https:\/\/reviva.fi\/fi\/?s={search_term_string}\"},\"query-input\":{\"@type\":\"PropertyValueSpecification\",\"valueRequired\":true,\"valueName\":\"search_term_string\"}}],\"inLanguage\":\"fi\"},{\"@type\":\"Organization\",\"@id\":\"https:\/\/reviva.fi\/fi\/#organization\",\"name\":\"Reviva\",\"url\":\"https:\/\/reviva.fi\/fi\/\",\"logo\":{\"@type\":\"ImageObject\",\"inLanguage\":\"fi\",\"@id\":\"https:\/\/reviva.fi\/fi\/#\/schema\/logo\/image\/\",\"url\":\"https:\/\/reviva.fi\/wp-content\/uploads\/2023\/10\/reviva-logo2.svg\",\"contentUrl\":\"https:\/\/reviva.fi\/wp-content\/uploads\/2023\/10\/reviva-logo2.svg\",\"caption\":\"Reviva\"},\"image\":{\"@id\":\"https:\/\/reviva.fi\/fi\/#\/schema\/logo\/image\/\"}}]}<\/script>\n<meta property=\"product:price:amount\" content=\"28.20\" \/>\n<meta property=\"product:price:currency\" content=\"EUR\" \/>\n<meta property=\"og:availability\" content=\"instock\" \/>\n<meta property=\"product:availability\" content=\"instock\" \/>\n<meta property=\"product:retailer_item_id\" content=\"240\" \/>\n<meta property=\"product:condition\" content=\"new\" \/>\n<!-- \/ Yoast SEO plugin. -->","yoast_head_json":{"title":"Myo-Inositoli - Reviva","description":"Myo-Inositoli on korkealaatuinen inositoliravintolis\u00e4. Sekoita 4 g (1 tl) lasilliseen vett\u00e4 tai mehua ja nauti p\u00e4ivitt\u00e4in.","robots":{"index":"index","follow":"follow","max-snippet":"max-snippet:-1","max-image-preview":"max-image-preview:large","max-video-preview":"max-video-preview:-1"},"canonical":"https:\/\/reviva.fi\/fi\/tuote\/myo-inositoli\/","og_locale":"fi_FI","og_type":"article","og_title":"Myo-Inositoli - Reviva","og_description":"Myo-Inositoli on korkealaatuinen inositoliravintolis\u00e4. Sekoita 4 g (1 tl) lasilliseen vett\u00e4 tai mehua ja nauti p\u00e4ivitt\u00e4in.","og_url":"https:\/\/reviva.fi\/fi\/tuote\/myo-inositoli\/","og_site_name":"Reviva","article_modified_time":"2026-01-19T12:10:07+00:00","og_image":[{"width":1600,"height":1600,"url":"https:\/\/reviva.fi\/wp-content\/uploads\/2024\/12\/Myo-Inositol-240-Photoroom-e1745302219806.png","type":"image\/png"}],"twitter_card":"summary_large_image","schema":{"@context":"https:\/\/schema.org","@graph":[{"@type":"WebPage","@id":"https:\/\/reviva.fi\/fi\/tuote\/myo-inositoli\/","url":"https:\/\/reviva.fi\/fi\/tuote\/myo-inositoli\/","name":"Myo-Inositoli - Reviva","isPartOf":{"@id":"https:\/\/reviva.fi\/fi\/#website"},"primaryImageOfPage":{"@id":"https:\/\/reviva.fi\/fi\/tuote\/myo-inositoli\/#primaryimage"},"image":{"@id":"https:\/\/reviva.fi\/fi\/tuote\/myo-inositoli\/#primaryimage"},"thumbnailUrl":"https:\/\/reviva.fi\/wp-content\/uploads\/2024\/12\/Myo-Inositol-240-Photoroom-e1745302219806.png","datePublished":"2024-12-13T10:57:54+00:00","dateModified":"2026-01-19T12:10:07+00:00","description":"Myo-Inositoli on korkealaatuinen inositoliravintolis\u00e4. Sekoita 4 g (1 tl) lasilliseen vett\u00e4 tai mehua ja nauti p\u00e4ivitt\u00e4in.","breadcrumb":{"@id":"https:\/\/reviva.fi\/fi\/tuote\/myo-inositoli\/#breadcrumb"},"inLanguage":"fi","potentialAction":[{"@type":"ReadAction","target":["https:\/\/reviva.fi\/fi\/tuote\/myo-inositoli\/"]}]},{"@type":"ImageObject","inLanguage":"fi","@id":"https:\/\/reviva.fi\/fi\/tuote\/myo-inositoli\/#primaryimage","url":"https:\/\/reviva.fi\/wp-content\/uploads\/2024\/12\/Myo-Inositol-240-Photoroom-e1745302219806.png","contentUrl":"https:\/\/reviva.fi\/wp-content\/uploads\/2024\/12\/Myo-Inositol-240-Photoroom-e1745302219806.png","width":1600,"height":1600,"caption":"Myo inositol"},{"@type":"BreadcrumbList","@id":"https:\/\/reviva.fi\/fi\/tuote\/myo-inositoli\/#breadcrumb","itemListElement":[{"@type":"ListItem","position":1,"name":"Etusivu","item":"https:\/\/reviva.fi\/fi\/"},{"@type":"ListItem","position":2,"name":"Tuotteet","item":"https:\/\/reviva.fi\/produkter\/"},{"@type":"ListItem","position":3,"name":"Myo-Inositoli"}]},{"@type":"WebSite","@id":"https:\/\/reviva.fi\/fi\/#website","url":"https:\/\/reviva.fi\/fi\/","name":"Reviva","description":"","publisher":{"@id":"https:\/\/reviva.fi\/fi\/#organization"},"potentialAction":[{"@type":"SearchAction","target":{"@type":"EntryPoint","urlTemplate":"https:\/\/reviva.fi\/fi\/?s={search_term_string}"},"query-input":{"@type":"PropertyValueSpecification","valueRequired":true,"valueName":"search_term_string"}}],"inLanguage":"fi"},{"@type":"Organization","@id":"https:\/\/reviva.fi\/fi\/#organization","name":"Reviva","url":"https:\/\/reviva.fi\/fi\/","logo":{"@type":"ImageObject","inLanguage":"fi","@id":"https:\/\/reviva.fi\/fi\/#\/schema\/logo\/image\/","url":"https:\/\/reviva.fi\/wp-content\/uploads\/2023\/10\/reviva-logo2.svg","contentUrl":"https:\/\/reviva.fi\/wp-content\/uploads\/2023\/10\/reviva-logo2.svg","caption":"Reviva"},"image":{"@id":"https:\/\/reviva.fi\/fi\/#\/schema\/logo\/image\/"}}]},"product_price_amount":"28.20","product_price_currency":"EUR","og_availability":"instock","product_availability":"instock","product_retailer_item_id":"240","product_condition":"new"},"taxonomy_info":{"product_cat":[{"value":525,"label":"B-vitamiini"},{"value":2454,"label":"EVP Nutrition"}],"product_tag":[{"value":3346,"label":"b\u00e4ttre s\u00f6mn"},{"value":3347,"label":"Biotillg\u00e4ngligt Myo-Inositol"},{"value":3348,"label":"Blodsockerbalans"},{"value":3349,"label":"F\u00f6r \u00f6kad fertilitet"},{"value":3350,"label":"F\u00f6r hormonbalans"},{"value":3351,"label":"F\u00f6r hormonell balans"},{"value":3352,"label":"F\u00f6r kvinnor med PCOS"},{"value":3353,"label":"F\u00f6r mental klarhet och fokus"},{"value":3354,"label":"F\u00f6r minskade stressniv\u00e5er"},{"value":3355,"label":"F\u00f6r reproduktiv h\u00e4lsa"},{"value":3356,"label":"F\u00f6r st\u00f6d av blodsockerniv\u00e5er"},{"value":3357,"label":"F\u00f6r stresshantering"},{"value":3358,"label":"F\u00f6rb\u00e4ttrad \u00e4ggkvalitet"},{"value":3359,"label":"fertilitetsst\u00f6d"},{"value":3360,"label":"GMO-fritt tillskott"},{"value":3361,"label":"H\u00f6gkvalitativt Myo-Inositol"},{"value":3362,"label":"Insulink\u00e4nslighet"},{"value":3363,"label":"Mental h\u00e4lsa"},{"value":3364,"label":"Minskad stress och \u00e5ngest"},{"value":3365,"label":"Myo-Inositol Inositol Myo-Inositol tillskott Naturligt inositol Vitamin B8 (\u00e4ven om det tekniskt inte \u00e4r en vitamin l\u00e4ngre) Hormonbalans"},{"value":3366,"label":"oregelbunden mens"},{"value":3367,"label":"PCOS (Polycystiskt ovariesyndrom)"},{"value":3368,"label":"regelbunden menscykel"},{"value":3369,"label":"Rent och naturligt inositol"},{"value":3370,"label":"St\u00f6d f\u00f6r fertilitet"},{"value":3371,"label":"Veganskt kosttillskott"}]},"featured_image_src_large":["https:\/\/reviva.fi\/wp-content\/uploads\/2024\/12\/Myo-Inositol-240-Photoroom-1024x1024.png",1024,1024,true],"author_info":[],"comment_info":0,"_links":{"self":[{"href":"https:\/\/reviva.fi\/fi\/wp-json\/wp\/v2\/product\/10265","targetHints":{"allow":["GET"]}}],"collection":[{"href":"https:\/\/reviva.fi\/fi\/wp-json\/wp\/v2\/product"}],"about":[{"href":"https:\/\/reviva.fi\/fi\/wp-json\/wp\/v2\/types\/product"}],"replies":[{"embeddable":true,"href":"https:\/\/reviva.fi\/fi\/wp-json\/wp\/v2\/comments?post=10265"}],"wp:featuredmedia":[{"embeddable":true,"href":"https:\/\/reviva.fi\/fi\/wp-json\/wp\/v2\/media\/11843"}],"wp:attachment":[{"href":"https:\/\/reviva.fi\/fi\/wp-json\/wp\/v2\/media?parent=10265"}],"wp:term":[{"taxonomy":"product_brand","embeddable":true,"href":"https:\/\/reviva.fi\/fi\/wp-json\/wp\/v2\/product_brand?post=10265"},{"taxonomy":"product_cat","embeddable":true,"href":"https:\/\/reviva.fi\/fi\/wp-json\/wp\/v2\/product_cat?post=10265"},{"taxonomy":"product_tag","embeddable":true,"href":"https:\/\/reviva.fi\/fi\/wp-json\/wp\/v2\/product_tag?post=10265"}],"curies":[{"name":"wp","href":"https:\/\/api.w.org\/{rel}","templated":true}]}}