{"id":10269,"date":"2024-12-11T12:04:01","date_gmt":"2024-12-11T10:04:01","guid":{"rendered":"https:\/\/reviva.fi\/product\/zink-plus-sugpastiller\/"},"modified":"2026-02-19T15:42:57","modified_gmt":"2026-02-19T13:42:57","slug":"sinkki-plus-imeskelytabletit","status":"publish","type":"product","link":"https:\/\/reviva.fi\/fi\/tuote\/sinkki-plus-imeskelytabletit\/","title":{"rendered":"ZINC PLUS imeskelytabletit C- ja B2-vitamiinilla sek\u00e4 mehil\u00e4ispropoliksella \u2013 Lamberts"},"content":{"rendered":"<div class=\"flex-shrink-0 flex flex-col relative items-end\">\n<div class=\"pt-0\">\n<div class=\"gizmo-bot-avatar flex h-8 w-8 items-center justify-center overflow-hidden rounded-full\">\n<div class=\"relative p-1 rounded-sm flex items-center justify-center bg-token-main-surface-primary text-token-text-primary h-8 w-8\">\n<p data-start=\"0\" data-end=\"60\"><strong data-start=\"0\" data-end=\"58\">ZINC PLUS imeskelytabletit (mehil\u00e4ispropolisuutteella)<\/strong><\/p>\n<p data-start=\"62\" data-end=\"409\">Lamberts Zinc Plus on maukas imeskelytabletti, joka yhdist\u00e4\u00e4 sinkin, C-vitamiinin, B2-vitamiinin (riboflaviini) sek\u00e4 mehil\u00e4ispropoliksen huolellisesti suunnitellussa koostumuksessa. Valmiste on tarkoitettu liukenemaan hitaasti suussa, mik\u00e4 tekee siit\u00e4 erityisen sopivan silloin, kun halutaan antaa lis\u00e4tukea immuunij\u00e4rjestelm\u00e4lle ja limakalvoille.<\/p>\n<p data-start=\"411\" data-end=\"489\">Imeskelytabletit ovat aspartaamittomia ja maultaan miedon hunaja-sitruunaisia.<\/p>\n<p data-start=\"496\" data-end=\"520\"><strong>Immuunij\u00e4rjestelm\u00e4<\/strong><\/p>\n<p data-start=\"522\" data-end=\"546\">Sinkki ja C-vitamiini:<\/p>\n<ul>\n<li data-start=\"548\" data-end=\"599\">edist\u00e4v\u00e4t immuunij\u00e4rjestelm\u00e4n normaalia toimintaa<\/li>\n<\/ul>\n<p data-start=\"601\" data-end=\"795\">C-vitamiini edist\u00e4\u00e4 my\u00f6s immuunij\u00e4rjestelm\u00e4n normaalia toimintaa raskaan fyysisen rasituksen aikana ja sen j\u00e4lkeen (kun p\u00e4ivitt\u00e4inen saanti on v\u00e4hint\u00e4\u00e4n 200 mg suositellun p\u00e4iv\u00e4saannin lis\u00e4ksi).<\/p>\n<p data-start=\"797\" data-end=\"902\">Sinkki ja C-vitamiini ovat tunnettuja ravintoaineita elimist\u00f6n luonnollisen puolustusj\u00e4rjestelm\u00e4n tukena.<\/p>\n<p data-start=\"909\" data-end=\"932\"><strong>Limakalvot ja iho<\/strong><\/p>\n<p data-start=\"934\" data-end=\"964\">B2-vitamiini (riboflaviini):<\/p>\n<ul>\n<li data-start=\"966\" data-end=\"1010\">edist\u00e4\u00e4 limakalvojen pysymist\u00e4 normaaleina<\/li>\n<li data-start=\"966\" data-end=\"1010\">edist\u00e4\u00e4 ihon pysymist\u00e4 normaalina<\/li>\n<\/ul>\n<p data-start=\"1049\" data-end=\"1058\">Sinkki:<\/p>\n<ul>\n<li data-start=\"1060\" data-end=\"1095\">edist\u00e4\u00e4 ihon pysymist\u00e4 normaalina<\/li>\n<\/ul>\n<p data-start=\"1097\" data-end=\"1197\">T\u00e4m\u00e4n ansiosta tuote on erityisen sopiva suun ja nielun limakalvojen normaalin toiminnan tukemiseen.<\/p>\n<p data-start=\"1204\" data-end=\"1242\"><strong>Suoja hapettumisstressi\u00e4 vastaan<\/strong><\/p>\n<p data-start=\"1244\" data-end=\"1282\">Sinkki, C-vitamiini ja B2-vitamiini:<\/p>\n<ul>\n<li data-start=\"1284\" data-end=\"1336\">edist\u00e4v\u00e4t solujen suojaamista hapettumisstressilt\u00e4<\/li>\n<\/ul>\n<p data-start=\"1338\" data-end=\"1471\">N\u00e4m\u00e4 ravintoaineet toimivat yhdess\u00e4 elimist\u00f6n antioksidatiivisessa suojaj\u00e4rjestelm\u00e4ss\u00e4 ja auttavat neutraloimaan vapaita radikaaleja.<\/p>\n<p data-start=\"1478\" data-end=\"1517\"><strong>Energia ja v\u00e4symyksen v\u00e4heneminen<\/strong><\/p>\n<p data-start=\"1519\" data-end=\"1549\">C-vitamiini ja B2-vitamiini:<\/p>\n<ul>\n<li data-start=\"1551\" data-end=\"1597\">edist\u00e4v\u00e4t normaalia energia-aineenvaihduntaa<\/li>\n<li data-start=\"1551\" data-end=\"1597\">auttavat v\u00e4hent\u00e4m\u00e4\u00e4n v\u00e4symyst\u00e4 ja uupumusta<\/li>\n<\/ul>\n<p data-start=\"1646\" data-end=\"1702\">B2-vitamiini edist\u00e4\u00e4 my\u00f6s hermoston normaalia toimintaa.<\/p>\n<p data-start=\"1709\" data-end=\"1755\"><strong>Mehil\u00e4ispropolis \u2013 luonnollinen ainesosa<\/strong><\/p>\n<p data-start=\"1757\" data-end=\"1967\">Koostumus sis\u00e4lt\u00e4\u00e4 my\u00f6s mehil\u00e4ispropolista, luonnollista ainetta, jota mehil\u00e4iset ker\u00e4\u00e4v\u00e4t ja jota on perinteisesti k\u00e4ytetty eri yhteyksiss\u00e4.<br data-start=\"1898\" data-end=\"1901\" \/>(Huom: Propolikselle ei ole hyv\u00e4ksyttyj\u00e4 terveysv\u00e4itt\u00e4mi\u00e4 EU:ssa.)<\/p>\n<p data-start=\"1974\" data-end=\"2015\"><strong>Hitaasti liukeneva imeskelytabletti<\/strong><\/p>\n<p data-start=\"2017\" data-end=\"2174\">Tabletit on tarkoitettu liukenemaan hitaasti suussa, jolloin ne ovat paikallisesti kosketuksissa suun ja nielun alueella samalla kun ravintoaineet imeytyv\u00e4t.<\/p>\n<ul data-start=\"2176\" data-end=\"2243\">\n<li data-start=\"2176\" data-end=\"2193\">\n<p data-start=\"2178\" data-end=\"2193\">Aspartaamiton<\/p>\n<\/li>\n<li data-start=\"2194\" data-end=\"2219\">\n<p data-start=\"2196\" data-end=\"2219\">Hunaja-sitruunan maku<\/p>\n<\/li>\n<li data-start=\"2220\" data-end=\"2243\">\n<p data-start=\"2222\" data-end=\"2243\">Helppo ottaa mukaan<\/p>\n<\/li>\n<\/ul>\n<p data-start=\"2250\" data-end=\"2280\"><strong>Kenelle Zinc Plus sopii?<\/strong><\/p>\n<p data-start=\"2282\" data-end=\"2321\">Tuote voi olla erityisen hy\u00f6dyllinen:<\/p>\n<ul data-start=\"2323\" data-end=\"2588\">\n<li data-start=\"2323\" data-end=\"2380\">\n<p data-start=\"2325\" data-end=\"2380\">henkil\u00f6ille, jotka haluavat tukea immuunij\u00e4rjestelm\u00e4\u00e4<\/p>\n<\/li>\n<li data-start=\"2381\" data-end=\"2451\">\n<p data-start=\"2383\" data-end=\"2451\">henkil\u00f6ille, jotka haluavat tukea limakalvojen normaalia toimintaa<\/p>\n<\/li>\n<li data-start=\"2452\" data-end=\"2522\">\n<p data-start=\"2454\" data-end=\"2522\">henkil\u00f6ille, joilla on lis\u00e4\u00e4ntynyt fyysinen tai henkinen kuormitus<\/p>\n<\/li>\n<li data-start=\"2523\" data-end=\"2588\">\n<p data-start=\"2525\" data-end=\"2588\">henkil\u00f6ille, jotka suosivat imeskelytablettia kapselin sijaan<\/p>\n<\/li>\n<\/ul>\n<p data-start=\"2595\" data-end=\"2620\"><strong>Laatua Lambertsilta<\/strong><\/p>\n<p data-start=\"2622\" data-end=\"2862\" data-is-last-node=\"\" data-is-only-node=\"\">Lamberts tunnetaan korkeista laatustandardeistaan ja huolellisesti valvotuista raaka-aineistaan. Zinc Plus -imeskelytabletit valmistetaan tiukkojen laatuvaatimusten mukaisesti puhtauden, stabiilisuuden ja oikean annostuksen varmistamiseksi.<\/p>\n<\/div>\n<\/div>\n<\/div>\n<\/div>\n","protected":false},"excerpt":{"rendered":"<div class=\"flex flex-col text-sm pb-25\">\n<article class=\"text-token-text-primary w-full focus:outline-none [--shadow-height:45px] has-data-writing-block:pointer-events-none has-data-writing-block:-mt-(--shadow-height) has-data-writing-block:pt-(--shadow-height) [&amp;:has([data-writing-block])&gt;*]:pointer-events-auto scroll-mt-[calc(var(--header-height)+min(200px,max(70px,20svh)))]\" dir=\"auto\" tabindex=\"-1\" data-turn-id=\"request-698a1824-1cb0-8333-9a3e-4ef56302f53a-52\" data-testid=\"conversation-turn-202\" data-scroll-anchor=\"true\" data-turn=\"assistant\">\n<div class=\"text-base my-auto mx-auto pb-10 [--thread-content-margin:--spacing(4)] @w-sm\/main:[--thread-content-margin:--spacing(6)] @w-lg\/main:[--thread-content-margin:--spacing(16)] px-(--thread-content-margin)\">\n<div class=\"[--thread-content-max-width:40rem] @w-lg\/main:[--thread-content-max-width:48rem] mx-auto max-w-(--thread-content-max-width) flex-1 group\/turn-messages focus-visible:outline-hidden relative flex w-full min-w-0 flex-col agent-turn\" tabindex=\"-1\">\n<div class=\"flex max-w-full flex-col grow\">\n<div class=\"min-h-8 text-message relative flex w-full flex-col items-end gap-2 text-start break-words whitespace-normal [.text-message+&amp;]:mt-1\" dir=\"auto\" data-message-author-role=\"assistant\" data-message-id=\"161b082d-8520-4b4d-8950-aeed9a6939b8\" data-message-model-slug=\"gpt-5-2\">\n<div class=\"flex w-full flex-col gap-1 empty:hidden first:pt-[1px]\">\n<div class=\"markdown prose dark:prose-invert w-full wrap-break-word light markdown-new-styling\">\n<p data-start=\"0\" data-end=\"336\">Zinc Plus -imeskelytabletit C- ja B2-vitamiinilla sek\u00e4 mehil\u00e4ispropoliksella Lambertsilta on aspartaamiton valmiste, jossa on miellytt\u00e4v\u00e4 hunaja-sitruunan maku. Se edist\u00e4\u00e4 immuunij\u00e4rjestelm\u00e4n normaalia toimintaa, limakalvojen pysymist\u00e4 normaaleina sek\u00e4 solujen suojaamista hapettumisstressilt\u00e4 \u2013 k\u00e4yt\u00e4nn\u00f6llisess\u00e4 ja maukkaassa muodossa.<\/p>\n<p data-start=\"338\" data-end=\"351\" data-is-last-node=\"\" data-is-only-node=\"\"><strong>100 tablettia<\/strong><\/p>\n<\/div>\n<\/div>\n<\/div>\n<\/div>\n<div class=\"z-0 flex min-h-[46px] justify-start\"><\/div>\n<div class=\"mt-3 w-full empty:hidden\">\n<div class=\"text-center\"><\/div>\n<\/div>\n<\/div>\n<\/div>\n<\/article>\n<\/div>\n<div class=\"pointer-events-none h-px w-px absolute bottom-0\" aria-hidden=\"true\" data-edge=\"true\"><\/div>\n","protected":false},"featured_media":10132,"comment_status":"closed","ping_status":"closed","template":"","meta":{"_acf_changed":false,"inline_featured_image":false,"_kad_blocks_custom_css":"","_kad_blocks_head_custom_js":"","_kad_blocks_body_custom_js":"","_kad_blocks_footer_custom_js":"","_kadence_starter_templates_imported_post":false,"_kad_post_transparent":"default","_kad_post_title":"","_kad_post_layout":"default","_kad_post_sidebar_id":"","_kad_post_content_style":"default","_kad_post_vertical_padding":"default","_kad_post_feature":"","_kad_post_feature_position":"","_kad_post_header":false,"_kad_post_footer":false},"product_brand":[],"product_cat":[93,5974,5978,2444,2357],"product_tag":[458,3372,2936,3373,3374,3375,3376,3377,3378,3379,3380,3381,3382,3383,1586,3384,3385,442,444,3386,3387,2962,3388,3389,3390,3391,3392,3393],"class_list":{"0":"post-10269","1":"product","2":"type-product","3":"status-publish","4":"has-post-thumbnail","6":"product_cat-mineraler-fi","7":"product_cat-zink-fi","8":"product_cat-multi-produkter-fi","9":"product_cat-lamberts-fi","10":"product_cat-immunforsvar-fi","11":"product_tag-akne","12":"product_tag-aknebehandling-fi","13":"product_tag-antioksidantit","14":"product_tag-biotillgangligt-zink-fi","15":"product_tag-chelaterat-zink-fi","16":"product_tag-dagligt-tillskott-fi","17":"product_tag-ekologiskt-zink-fi","18":"product_tag-energi-och-vitalitet-fi","19":"product_tag-for-aktiva-livsstilar-fi","20":"product_tag-for-immunsystemet-fi","21":"product_tag-for-vacker-hud-fi","22":"product_tag-for-veganer-fi","23":"product_tag-hogdoserat-zink-fi","24":"product_tag-hogkvalitativt-kosttillskott-fi","25":"product_tag-haavan-paranemista","26":"product_tag-hormonbalans-fi","27":"product_tag-hudhalsa-fi","28":"product_tag-ihonhoito","29":"product_tag-immuunijarjestelma","30":"product_tag-mineralbalans-fi","31":"product_tag-naturligt-zink-fi","32":"product_tag-sinkki","33":"product_tag-starker-naglar-och-har-fi","34":"product_tag-stresshantering-fi","35":"product_tag-veganskt-zink-fi","36":"product_tag-zinkkapslar-fi","37":"product_tag-zinktabletter-fi","38":"product_tag-zinktillskott-fi","40":"first","41":"instock","42":"taxable","43":"shipping-taxable","44":"purchasable","45":"product-type-simple","46":"entry","47":"content-bg","48":"loop-entry"},"acf":[],"yoast_head":"<!-- This site is optimized with the Yoast SEO plugin v25.8 - https:\/\/yoast.com\/wordpress\/plugins\/seo\/ -->\n<title>ZINC PLUS imeskelytabletit C- ja B2-vitamiinilla sek\u00e4 mehil\u00e4ispropoliksella \u2013 Lamberts<\/title>\n<meta name=\"description\" content=\"Sinkki Plus imeskelytabletit (propolis-uutteella) (100 pastillia) Maukas zinkkilis\u00e4 korkealaatuisella C-vitamiinilla ja propolis-uutteella.\" \/>\n<meta name=\"robots\" content=\"index, follow, max-snippet:-1, max-image-preview:large, max-video-preview:-1\" \/>\n<link rel=\"canonical\" href=\"https:\/\/reviva.fi\/fi\/tuote\/sinkki-plus-imeskelytabletit\/\" \/>\n<meta property=\"og:locale\" content=\"fi_FI\" \/>\n<meta property=\"og:type\" content=\"article\" \/>\n<meta property=\"og:title\" content=\"ZINC PLUS imeskelytabletit C- ja B2-vitamiinilla sek\u00e4 mehil\u00e4ispropoliksella \u2013 Lamberts\" \/>\n<meta property=\"og:description\" content=\"Sinkki Plus imeskelytabletit (propolis-uutteella) (100 pastillia) Maukas zinkkilis\u00e4 korkealaatuisella C-vitamiinilla ja propolis-uutteella.\" \/>\n<meta property=\"og:url\" content=\"https:\/\/reviva.fi\/fi\/tuote\/sinkki-plus-imeskelytabletit\/\" \/>\n<meta property=\"og:site_name\" content=\"Reviva\" \/>\n<meta property=\"article:modified_time\" content=\"2026-02-19T13:42:57+00:00\" \/>\n<meta property=\"og:image\" content=\"https:\/\/reviva.fi\/wp-content\/uploads\/2024\/12\/8284-100-Zinc-Plus.jpg\" \/>\n\t<meta property=\"og:image:width\" content=\"800\" \/>\n\t<meta property=\"og:image:height\" content=\"800\" \/>\n\t<meta property=\"og:image:type\" content=\"image\/jpeg\" \/>\n<meta name=\"twitter:card\" content=\"summary_large_image\" \/>\n<script type=\"application\/ld+json\" class=\"yoast-schema-graph\">{\"@context\":\"https:\/\/schema.org\",\"@graph\":[{\"@type\":\"WebPage\",\"@id\":\"https:\/\/reviva.fi\/fi\/tuote\/sinkki-plus-imeskelytabletit\/\",\"url\":\"https:\/\/reviva.fi\/fi\/tuote\/sinkki-plus-imeskelytabletit\/\",\"name\":\"ZINC PLUS imeskelytabletit C- ja B2-vitamiinilla sek\u00e4 mehil\u00e4ispropoliksella \u2013 Lamberts\",\"isPartOf\":{\"@id\":\"https:\/\/reviva.fi\/fi\/#website\"},\"primaryImageOfPage\":{\"@id\":\"https:\/\/reviva.fi\/fi\/tuote\/sinkki-plus-imeskelytabletit\/#primaryimage\"},\"image\":{\"@id\":\"https:\/\/reviva.fi\/fi\/tuote\/sinkki-plus-imeskelytabletit\/#primaryimage\"},\"thumbnailUrl\":\"https:\/\/reviva.fi\/wp-content\/uploads\/2024\/12\/8284-100-Zinc-Plus.jpg\",\"datePublished\":\"2024-12-11T10:04:01+00:00\",\"dateModified\":\"2026-02-19T13:42:57+00:00\",\"description\":\"Sinkki Plus imeskelytabletit (propolis-uutteella) (100 pastillia) Maukas zinkkilis\u00e4 korkealaatuisella C-vitamiinilla ja propolis-uutteella.\",\"breadcrumb\":{\"@id\":\"https:\/\/reviva.fi\/fi\/tuote\/sinkki-plus-imeskelytabletit\/#breadcrumb\"},\"inLanguage\":\"fi\",\"potentialAction\":[{\"@type\":\"ReadAction\",\"target\":[\"https:\/\/reviva.fi\/fi\/tuote\/sinkki-plus-imeskelytabletit\/\"]}]},{\"@type\":\"ImageObject\",\"inLanguage\":\"fi\",\"@id\":\"https:\/\/reviva.fi\/fi\/tuote\/sinkki-plus-imeskelytabletit\/#primaryimage\",\"url\":\"https:\/\/reviva.fi\/wp-content\/uploads\/2024\/12\/8284-100-Zinc-Plus.jpg\",\"contentUrl\":\"https:\/\/reviva.fi\/wp-content\/uploads\/2024\/12\/8284-100-Zinc-Plus.jpg\",\"width\":800,\"height\":800,\"caption\":\"ZINC PLUS Imeskelytabletit\"},{\"@type\":\"BreadcrumbList\",\"@id\":\"https:\/\/reviva.fi\/fi\/tuote\/sinkki-plus-imeskelytabletit\/#breadcrumb\",\"itemListElement\":[{\"@type\":\"ListItem\",\"position\":1,\"name\":\"Etusivu\",\"item\":\"https:\/\/reviva.fi\/fi\/\"},{\"@type\":\"ListItem\",\"position\":2,\"name\":\"Tuotteet\",\"item\":\"https:\/\/reviva.fi\/produkter\/\"},{\"@type\":\"ListItem\",\"position\":3,\"name\":\"ZINC PLUS imeskelytabletit C- ja B2-vitamiinilla sek\u00e4 mehil\u00e4ispropoliksella \u2013 Lamberts\"}]},{\"@type\":\"WebSite\",\"@id\":\"https:\/\/reviva.fi\/fi\/#website\",\"url\":\"https:\/\/reviva.fi\/fi\/\",\"name\":\"Reviva\",\"description\":\"\",\"publisher\":{\"@id\":\"https:\/\/reviva.fi\/fi\/#organization\"},\"potentialAction\":[{\"@type\":\"SearchAction\",\"target\":{\"@type\":\"EntryPoint\",\"urlTemplate\":\"https:\/\/reviva.fi\/fi\/?s={search_term_string}\"},\"query-input\":{\"@type\":\"PropertyValueSpecification\",\"valueRequired\":true,\"valueName\":\"search_term_string\"}}],\"inLanguage\":\"fi\"},{\"@type\":\"Organization\",\"@id\":\"https:\/\/reviva.fi\/fi\/#organization\",\"name\":\"Reviva\",\"url\":\"https:\/\/reviva.fi\/fi\/\",\"logo\":{\"@type\":\"ImageObject\",\"inLanguage\":\"fi\",\"@id\":\"https:\/\/reviva.fi\/fi\/#\/schema\/logo\/image\/\",\"url\":\"https:\/\/reviva.fi\/wp-content\/uploads\/2023\/10\/reviva-logo2.svg\",\"contentUrl\":\"https:\/\/reviva.fi\/wp-content\/uploads\/2023\/10\/reviva-logo2.svg\",\"caption\":\"Reviva\"},\"image\":{\"@id\":\"https:\/\/reviva.fi\/fi\/#\/schema\/logo\/image\/\"}}]}<\/script>\n<meta property=\"product:price:amount\" content=\"15.75\" \/>\n<meta property=\"product:price:currency\" content=\"EUR\" \/>\n<meta property=\"og:availability\" content=\"instock\" \/>\n<meta property=\"product:availability\" content=\"instock\" \/>\n<meta property=\"product:retailer_item_id\" content=\"8284-100\" \/>\n<meta property=\"product:condition\" content=\"new\" \/>\n<!-- \/ Yoast SEO plugin. -->","yoast_head_json":{"title":"ZINC PLUS imeskelytabletit C- ja B2-vitamiinilla sek\u00e4 mehil\u00e4ispropoliksella \u2013 Lamberts","description":"Sinkki Plus imeskelytabletit (propolis-uutteella) (100 pastillia) Maukas zinkkilis\u00e4 korkealaatuisella C-vitamiinilla ja propolis-uutteella.","robots":{"index":"index","follow":"follow","max-snippet":"max-snippet:-1","max-image-preview":"max-image-preview:large","max-video-preview":"max-video-preview:-1"},"canonical":"https:\/\/reviva.fi\/fi\/tuote\/sinkki-plus-imeskelytabletit\/","og_locale":"fi_FI","og_type":"article","og_title":"ZINC PLUS imeskelytabletit C- ja B2-vitamiinilla sek\u00e4 mehil\u00e4ispropoliksella \u2013 Lamberts","og_description":"Sinkki Plus imeskelytabletit (propolis-uutteella) (100 pastillia) Maukas zinkkilis\u00e4 korkealaatuisella C-vitamiinilla ja propolis-uutteella.","og_url":"https:\/\/reviva.fi\/fi\/tuote\/sinkki-plus-imeskelytabletit\/","og_site_name":"Reviva","article_modified_time":"2026-02-19T13:42:57+00:00","og_image":[{"width":800,"height":800,"url":"https:\/\/reviva.fi\/wp-content\/uploads\/2024\/12\/8284-100-Zinc-Plus.jpg","type":"image\/jpeg"}],"twitter_card":"summary_large_image","schema":{"@context":"https:\/\/schema.org","@graph":[{"@type":"WebPage","@id":"https:\/\/reviva.fi\/fi\/tuote\/sinkki-plus-imeskelytabletit\/","url":"https:\/\/reviva.fi\/fi\/tuote\/sinkki-plus-imeskelytabletit\/","name":"ZINC PLUS imeskelytabletit C- ja B2-vitamiinilla sek\u00e4 mehil\u00e4ispropoliksella \u2013 Lamberts","isPartOf":{"@id":"https:\/\/reviva.fi\/fi\/#website"},"primaryImageOfPage":{"@id":"https:\/\/reviva.fi\/fi\/tuote\/sinkki-plus-imeskelytabletit\/#primaryimage"},"image":{"@id":"https:\/\/reviva.fi\/fi\/tuote\/sinkki-plus-imeskelytabletit\/#primaryimage"},"thumbnailUrl":"https:\/\/reviva.fi\/wp-content\/uploads\/2024\/12\/8284-100-Zinc-Plus.jpg","datePublished":"2024-12-11T10:04:01+00:00","dateModified":"2026-02-19T13:42:57+00:00","description":"Sinkki Plus imeskelytabletit (propolis-uutteella) (100 pastillia) Maukas zinkkilis\u00e4 korkealaatuisella C-vitamiinilla ja propolis-uutteella.","breadcrumb":{"@id":"https:\/\/reviva.fi\/fi\/tuote\/sinkki-plus-imeskelytabletit\/#breadcrumb"},"inLanguage":"fi","potentialAction":[{"@type":"ReadAction","target":["https:\/\/reviva.fi\/fi\/tuote\/sinkki-plus-imeskelytabletit\/"]}]},{"@type":"ImageObject","inLanguage":"fi","@id":"https:\/\/reviva.fi\/fi\/tuote\/sinkki-plus-imeskelytabletit\/#primaryimage","url":"https:\/\/reviva.fi\/wp-content\/uploads\/2024\/12\/8284-100-Zinc-Plus.jpg","contentUrl":"https:\/\/reviva.fi\/wp-content\/uploads\/2024\/12\/8284-100-Zinc-Plus.jpg","width":800,"height":800,"caption":"ZINC PLUS Imeskelytabletit"},{"@type":"BreadcrumbList","@id":"https:\/\/reviva.fi\/fi\/tuote\/sinkki-plus-imeskelytabletit\/#breadcrumb","itemListElement":[{"@type":"ListItem","position":1,"name":"Etusivu","item":"https:\/\/reviva.fi\/fi\/"},{"@type":"ListItem","position":2,"name":"Tuotteet","item":"https:\/\/reviva.fi\/produkter\/"},{"@type":"ListItem","position":3,"name":"ZINC PLUS imeskelytabletit C- ja B2-vitamiinilla sek\u00e4 mehil\u00e4ispropoliksella \u2013 Lamberts"}]},{"@type":"WebSite","@id":"https:\/\/reviva.fi\/fi\/#website","url":"https:\/\/reviva.fi\/fi\/","name":"Reviva","description":"","publisher":{"@id":"https:\/\/reviva.fi\/fi\/#organization"},"potentialAction":[{"@type":"SearchAction","target":{"@type":"EntryPoint","urlTemplate":"https:\/\/reviva.fi\/fi\/?s={search_term_string}"},"query-input":{"@type":"PropertyValueSpecification","valueRequired":true,"valueName":"search_term_string"}}],"inLanguage":"fi"},{"@type":"Organization","@id":"https:\/\/reviva.fi\/fi\/#organization","name":"Reviva","url":"https:\/\/reviva.fi\/fi\/","logo":{"@type":"ImageObject","inLanguage":"fi","@id":"https:\/\/reviva.fi\/fi\/#\/schema\/logo\/image\/","url":"https:\/\/reviva.fi\/wp-content\/uploads\/2023\/10\/reviva-logo2.svg","contentUrl":"https:\/\/reviva.fi\/wp-content\/uploads\/2023\/10\/reviva-logo2.svg","caption":"Reviva"},"image":{"@id":"https:\/\/reviva.fi\/fi\/#\/schema\/logo\/image\/"}}]},"product_price_amount":"15.75","product_price_currency":"EUR","og_availability":"instock","product_availability":"instock","product_retailer_item_id":"8284-100","product_condition":"new"},"taxonomy_info":{"product_cat":[{"value":93,"label":"Mineraalit"},{"value":5974,"label":"Sinkki"},{"value":5978,"label":"Multi tuotteet"},{"value":2444,"label":"Lamberts"},{"value":2357,"label":"Immuunipuolustus"}],"product_tag":[{"value":458,"label":"akne"},{"value":3372,"label":"Aknebehandling"},{"value":2936,"label":"Antioksidantit"},{"value":3373,"label":"Biotillg\u00e4ngligt zink"},{"value":3374,"label":"Chelaterat zink"},{"value":3375,"label":"Dagligt tillskott"},{"value":3376,"label":"Ekologiskt zink"},{"value":3377,"label":"Energi och vitalitet"},{"value":3378,"label":"F\u00f6r aktiva livsstilar"},{"value":3379,"label":"F\u00f6r immunsystemet"},{"value":3380,"label":"F\u00f6r vacker hud"},{"value":3381,"label":"F\u00f6r veganer"},{"value":3382,"label":"H\u00f6gdoserat zink"},{"value":3383,"label":"H\u00f6gkvalitativt kosttillskott"},{"value":1586,"label":"haavan paranemista"},{"value":3384,"label":"Hormonbalans"},{"value":3385,"label":"Hudh\u00e4lsa"},{"value":442,"label":"ihonhoito"},{"value":444,"label":"immuunij\u00e4rjestelm\u00e4"},{"value":3386,"label":"Mineralbalans"},{"value":3387,"label":"Naturligt zink"},{"value":2962,"label":"Sinkki"},{"value":3388,"label":"St\u00e4rker naglar och h\u00e5r"},{"value":3389,"label":"Stresshantering"},{"value":3390,"label":"Veganskt zink"},{"value":3391,"label":"Zinkkapslar"},{"value":3392,"label":"Zinktabletter"},{"value":3393,"label":"Zinktillskott"}]},"featured_image_src_large":["https:\/\/reviva.fi\/wp-content\/uploads\/2024\/12\/8284-100-Zinc-Plus.jpg",800,800,false],"author_info":[],"comment_info":0,"_links":{"self":[{"href":"https:\/\/reviva.fi\/fi\/wp-json\/wp\/v2\/product\/10269","targetHints":{"allow":["GET"]}}],"collection":[{"href":"https:\/\/reviva.fi\/fi\/wp-json\/wp\/v2\/product"}],"about":[{"href":"https:\/\/reviva.fi\/fi\/wp-json\/wp\/v2\/types\/product"}],"replies":[{"embeddable":true,"href":"https:\/\/reviva.fi\/fi\/wp-json\/wp\/v2\/comments?post=10269"}],"wp:featuredmedia":[{"embeddable":true,"href":"https:\/\/reviva.fi\/fi\/wp-json\/wp\/v2\/media\/10132"}],"wp:attachment":[{"href":"https:\/\/reviva.fi\/fi\/wp-json\/wp\/v2\/media?parent=10269"}],"wp:term":[{"taxonomy":"product_brand","embeddable":true,"href":"https:\/\/reviva.fi\/fi\/wp-json\/wp\/v2\/product_brand?post=10269"},{"taxonomy":"product_cat","embeddable":true,"href":"https:\/\/reviva.fi\/fi\/wp-json\/wp\/v2\/product_cat?post=10269"},{"taxonomy":"product_tag","embeddable":true,"href":"https:\/\/reviva.fi\/fi\/wp-json\/wp\/v2\/product_tag?post=10269"}],"curies":[{"name":"wp","href":"https:\/\/api.w.org\/{rel}","templated":true}]}}