{"id":10277,"date":"2024-12-12T10:01:53","date_gmt":"2024-12-12T08:01:53","guid":{"rendered":"https:\/\/reviva.fi\/product\/l-teanin-lamberts\/"},"modified":"2024-12-23T08:48:19","modified_gmt":"2024-12-23T06:48:19","slug":"l-teaniini-lamberts","status":"publish","type":"product","link":"https:\/\/reviva.fi\/fi\/tuote\/l-teaniini-lamberts\/","title":{"rendered":"L-Teaniini &#8211; Lamberts"},"content":{"rendered":"<p><strong>L-Teaniini &#8211; Lamberts 200mg<\/strong><\/p>\n<p><strong>Tietoa L-teaniinista<br \/>\n<\/strong>L-teaniini on aminohappo, jota esiintyy vihre\u00e4ss\u00e4 teess\u00e4. Teaniinia l\u00f6ytyy my\u00f6s sienest\u00e4 nimelt\u00e4 brunsieni (<em>Boletus badius<\/em>). Teaniini muodostaa noin puolet kaikista aminohapoista vihre\u00e4ss\u00e4 teess\u00e4. Se muodostuu teepensaan juurissa glutamiinihaposta ja etyylamidista, ja kulkeutuu sitten teaniinina lehtiin. Teaniinia on noin 1\u20132 % teen kuivapainosta, mik\u00e4 vastaa noin 25\u201360 mg per 200 ml teet\u00e4. Nuoret teelehdet sis\u00e4lt\u00e4v\u00e4t runsaasti kofeiinia, kun taas vanhemmat ja jopa kuihtuneet lehdet sis\u00e4lt\u00e4v\u00e4t suurempia m\u00e4\u00e4ri\u00e4 teaniinia. Jos juot kuusi\u2013kahdeksan kuppia vihre\u00e4\u00e4 teet\u00e4, voit saada 200\u2013400 mg L-teaniinia, mutta samalla paljon kofeiinia. Ravintolis\u00e4n ottaminen poistaa korkeat kofeiinipitoisuudet.<\/p>\n","protected":false},"excerpt":{"rendered":"<p>Lambertsin L-Teaniini on korkealaatuinen ravintolis\u00e4.<\/p>\n<p><strong>60 kapselia\u00a0<\/strong><\/p>\n","protected":false},"featured_media":14042,"comment_status":"closed","ping_status":"closed","template":"","meta":{"_acf_changed":false,"inline_featured_image":false,"_kad_blocks_custom_css":"","_kad_blocks_head_custom_js":"","_kad_blocks_body_custom_js":"","_kad_blocks_footer_custom_js":"","_kadence_starter_templates_imported_post":false,"_kad_post_transparent":"default","_kad_post_title":"","_kad_post_layout":"default","_kad_post_sidebar_id":"","_kad_post_content_style":"default","_kad_post_vertical_padding":"default","_kad_post_feature":"","_kad_post_feature_position":"","_kad_post_header":false,"_kad_post_footer":false},"product_brand":[],"product_cat":[88,2444,2376],"product_tag":[3440,3441,3442,3443,3444,3445,3446,3447,3448,3357,3449,3450,3451,3360,3452,1399,3453,3454,3455,3456,3457,2982,3458,3459,1588,3460],"class_list":{"0":"post-10277","1":"product","2":"type-product","3":"status-publish","4":"has-post-thumbnail","6":"product_cat-aminosyror-fi","7":"product_cat-lamberts-fi","8":"product_cat-stressad-och-trott-fi","9":"product_tag-aminosyra-l-teanin-fi","10":"product_tag-balans-i-kropp-och-sjal-fi","11":"product_tag-for-battre-somn-fi","12":"product_tag-for-battre-somn-och-avslappning-fi","13":"product_tag-for-energi-utan-koffein-fi","14":"product_tag-for-lugn-och-fokus-fi","15":"product_tag-for-mental-prestation-fi","16":"product_tag-for-mindfulness-och-meditation-fi","17":"product_tag-for-stressade-personer-fi","18":"product_tag-for-stresshantering-fi","19":"product_tag-for-studenter-och-yrkesverksamma-fi","20":"product_tag-fokus-och-koncentration-fi","21":"product_tag-fran-gront-te-fi","22":"product_tag-gmo-fritt-tillskott-fi","23":"product_tag-hogkvalitativt-l-teanin-fi","24":"product_tag-l-teaniini","25":"product_tag-l-teanin-tillskott-fi","26":"product_tag-mental-klarhet-fi","27":"product_tag-minskad-angest-fi","28":"product_tag-naturligt-extrakt-fi","29":"product_tag-naturligt-l-teanin-fi","30":"product_tag-rentoutuminen","31":"product_tag-snabbupptagligt-l-teanin-fi","32":"product_tag-stressreducering-fi","33":"product_tag-unen-laatu","34":"product_tag-veganskt-l-teanin-fi","36":"first","37":"instock","38":"taxable","39":"shipping-taxable","40":"purchasable","41":"product-type-simple","42":"entry","43":"content-bg","44":"loop-entry"},"acf":[],"yoast_head":"<!-- This site is optimized with the Yoast SEO plugin v25.8 - https:\/\/yoast.com\/wordpress\/plugins\/seo\/ -->\n<title>L-Teaniini - Lamberts - Reviva<\/title>\n<meta name=\"description\" content=\"L-Teaniini - Lamberts 200mg. Lamberts L-Teaniini on korkealaatuinen teaniini-ravintolis\u00e4. L-teaniini on aminohappo, jota esiintyy vihre\u00e4ss\u00e4 teess\u00e4.\" \/>\n<meta name=\"robots\" content=\"index, follow, max-snippet:-1, max-image-preview:large, max-video-preview:-1\" \/>\n<link rel=\"canonical\" href=\"https:\/\/reviva.fi\/fi\/tuote\/l-teaniini-lamberts\/\" \/>\n<meta property=\"og:locale\" content=\"fi_FI\" \/>\n<meta property=\"og:type\" content=\"article\" \/>\n<meta property=\"og:title\" content=\"L-Teaniini - Lamberts - Reviva\" \/>\n<meta property=\"og:description\" content=\"L-Teaniini - Lamberts 200mg. Lamberts L-Teaniini on korkealaatuinen teaniini-ravintolis\u00e4. L-teaniini on aminohappo, jota esiintyy vihre\u00e4ss\u00e4 teess\u00e4.\" \/>\n<meta property=\"og:url\" content=\"https:\/\/reviva.fi\/fi\/tuote\/l-teaniini-lamberts\/\" \/>\n<meta property=\"og:site_name\" content=\"Reviva\" \/>\n<meta property=\"article:modified_time\" content=\"2024-12-23T06:48:19+00:00\" \/>\n<meta property=\"og:image\" content=\"https:\/\/reviva.fi\/wp-content\/uploads\/2024\/12\/8320-60-L-theanine-3.jpg\" \/>\n\t<meta property=\"og:image:width\" content=\"780\" \/>\n\t<meta property=\"og:image:height\" content=\"780\" \/>\n\t<meta property=\"og:image:type\" content=\"image\/jpeg\" \/>\n<meta name=\"twitter:card\" content=\"summary_large_image\" \/>\n<script type=\"application\/ld+json\" class=\"yoast-schema-graph\">{\"@context\":\"https:\/\/schema.org\",\"@graph\":[{\"@type\":\"WebPage\",\"@id\":\"https:\/\/reviva.fi\/fi\/tuote\/l-teaniini-lamberts\/\",\"url\":\"https:\/\/reviva.fi\/fi\/tuote\/l-teaniini-lamberts\/\",\"name\":\"L-Teaniini - Lamberts - Reviva\",\"isPartOf\":{\"@id\":\"https:\/\/reviva.fi\/fi\/#website\"},\"primaryImageOfPage\":{\"@id\":\"https:\/\/reviva.fi\/fi\/tuote\/l-teaniini-lamberts\/#primaryimage\"},\"image\":{\"@id\":\"https:\/\/reviva.fi\/fi\/tuote\/l-teaniini-lamberts\/#primaryimage\"},\"thumbnailUrl\":\"https:\/\/reviva.fi\/wp-content\/uploads\/2024\/12\/8320-60-kapslar-Photoroom-e1772175749637.png\",\"datePublished\":\"2024-12-12T08:01:53+00:00\",\"dateModified\":\"2024-12-23T06:48:19+00:00\",\"description\":\"L-Teaniini - Lamberts 200mg. Lamberts L-Teaniini on korkealaatuinen teaniini-ravintolis\u00e4. L-teaniini on aminohappo, jota esiintyy vihre\u00e4ss\u00e4 teess\u00e4.\",\"breadcrumb\":{\"@id\":\"https:\/\/reviva.fi\/fi\/tuote\/l-teaniini-lamberts\/#breadcrumb\"},\"inLanguage\":\"fi\",\"potentialAction\":[{\"@type\":\"ReadAction\",\"target\":[\"https:\/\/reviva.fi\/fi\/tuote\/l-teaniini-lamberts\/\"]}]},{\"@type\":\"ImageObject\",\"inLanguage\":\"fi\",\"@id\":\"https:\/\/reviva.fi\/fi\/tuote\/l-teaniini-lamberts\/#primaryimage\",\"url\":\"https:\/\/reviva.fi\/wp-content\/uploads\/2024\/12\/8320-60-kapslar-Photoroom-e1772175749637.png\",\"contentUrl\":\"https:\/\/reviva.fi\/wp-content\/uploads\/2024\/12\/8320-60-kapslar-Photoroom-e1772175749637.png\",\"width\":1910,\"height\":1000,\"caption\":\"8320-60\"},{\"@type\":\"BreadcrumbList\",\"@id\":\"https:\/\/reviva.fi\/fi\/tuote\/l-teaniini-lamberts\/#breadcrumb\",\"itemListElement\":[{\"@type\":\"ListItem\",\"position\":1,\"name\":\"Etusivu\",\"item\":\"https:\/\/reviva.fi\/fi\/\"},{\"@type\":\"ListItem\",\"position\":2,\"name\":\"Tuotteet\",\"item\":\"https:\/\/reviva.fi\/produkter\/\"},{\"@type\":\"ListItem\",\"position\":3,\"name\":\"L-Teaniini &#8211; Lamberts\"}]},{\"@type\":\"WebSite\",\"@id\":\"https:\/\/reviva.fi\/fi\/#website\",\"url\":\"https:\/\/reviva.fi\/fi\/\",\"name\":\"Reviva\",\"description\":\"\",\"publisher\":{\"@id\":\"https:\/\/reviva.fi\/fi\/#organization\"},\"potentialAction\":[{\"@type\":\"SearchAction\",\"target\":{\"@type\":\"EntryPoint\",\"urlTemplate\":\"https:\/\/reviva.fi\/fi\/?s={search_term_string}\"},\"query-input\":{\"@type\":\"PropertyValueSpecification\",\"valueRequired\":true,\"valueName\":\"search_term_string\"}}],\"inLanguage\":\"fi\"},{\"@type\":\"Organization\",\"@id\":\"https:\/\/reviva.fi\/fi\/#organization\",\"name\":\"Reviva\",\"url\":\"https:\/\/reviva.fi\/fi\/\",\"logo\":{\"@type\":\"ImageObject\",\"inLanguage\":\"fi\",\"@id\":\"https:\/\/reviva.fi\/fi\/#\/schema\/logo\/image\/\",\"url\":\"https:\/\/reviva.fi\/wp-content\/uploads\/2023\/10\/reviva-logo2.svg\",\"contentUrl\":\"https:\/\/reviva.fi\/wp-content\/uploads\/2023\/10\/reviva-logo2.svg\",\"caption\":\"Reviva\"},\"image\":{\"@id\":\"https:\/\/reviva.fi\/fi\/#\/schema\/logo\/image\/\"}}]}<\/script>\n<meta property=\"product:price:amount\" content=\"24.75\" \/>\n<meta property=\"product:price:currency\" content=\"EUR\" \/>\n<meta property=\"og:availability\" content=\"instock\" \/>\n<meta property=\"product:availability\" content=\"instock\" \/>\n<meta property=\"product:retailer_item_id\" content=\"8320-60\" \/>\n<meta property=\"product:condition\" content=\"new\" \/>\n<!-- \/ Yoast SEO plugin. -->","yoast_head_json":{"title":"L-Teaniini - Lamberts - Reviva","description":"L-Teaniini - Lamberts 200mg. Lamberts L-Teaniini on korkealaatuinen teaniini-ravintolis\u00e4. L-teaniini on aminohappo, jota esiintyy vihre\u00e4ss\u00e4 teess\u00e4.","robots":{"index":"index","follow":"follow","max-snippet":"max-snippet:-1","max-image-preview":"max-image-preview:large","max-video-preview":"max-video-preview:-1"},"canonical":"https:\/\/reviva.fi\/fi\/tuote\/l-teaniini-lamberts\/","og_locale":"fi_FI","og_type":"article","og_title":"L-Teaniini - Lamberts - Reviva","og_description":"L-Teaniini - Lamberts 200mg. Lamberts L-Teaniini on korkealaatuinen teaniini-ravintolis\u00e4. L-teaniini on aminohappo, jota esiintyy vihre\u00e4ss\u00e4 teess\u00e4.","og_url":"https:\/\/reviva.fi\/fi\/tuote\/l-teaniini-lamberts\/","og_site_name":"Reviva","article_modified_time":"2024-12-23T06:48:19+00:00","og_image":[{"width":780,"height":780,"url":"https:\/\/reviva.fi\/wp-content\/uploads\/2024\/12\/8320-60-L-theanine-3.jpg","type":"image\/jpeg"}],"twitter_card":"summary_large_image","schema":{"@context":"https:\/\/schema.org","@graph":[{"@type":"WebPage","@id":"https:\/\/reviva.fi\/fi\/tuote\/l-teaniini-lamberts\/","url":"https:\/\/reviva.fi\/fi\/tuote\/l-teaniini-lamberts\/","name":"L-Teaniini - Lamberts - Reviva","isPartOf":{"@id":"https:\/\/reviva.fi\/fi\/#website"},"primaryImageOfPage":{"@id":"https:\/\/reviva.fi\/fi\/tuote\/l-teaniini-lamberts\/#primaryimage"},"image":{"@id":"https:\/\/reviva.fi\/fi\/tuote\/l-teaniini-lamberts\/#primaryimage"},"thumbnailUrl":"https:\/\/reviva.fi\/wp-content\/uploads\/2024\/12\/8320-60-kapslar-Photoroom-e1772175749637.png","datePublished":"2024-12-12T08:01:53+00:00","dateModified":"2024-12-23T06:48:19+00:00","description":"L-Teaniini - Lamberts 200mg. Lamberts L-Teaniini on korkealaatuinen teaniini-ravintolis\u00e4. L-teaniini on aminohappo, jota esiintyy vihre\u00e4ss\u00e4 teess\u00e4.","breadcrumb":{"@id":"https:\/\/reviva.fi\/fi\/tuote\/l-teaniini-lamberts\/#breadcrumb"},"inLanguage":"fi","potentialAction":[{"@type":"ReadAction","target":["https:\/\/reviva.fi\/fi\/tuote\/l-teaniini-lamberts\/"]}]},{"@type":"ImageObject","inLanguage":"fi","@id":"https:\/\/reviva.fi\/fi\/tuote\/l-teaniini-lamberts\/#primaryimage","url":"https:\/\/reviva.fi\/wp-content\/uploads\/2024\/12\/8320-60-kapslar-Photoroom-e1772175749637.png","contentUrl":"https:\/\/reviva.fi\/wp-content\/uploads\/2024\/12\/8320-60-kapslar-Photoroom-e1772175749637.png","width":1910,"height":1000,"caption":"8320-60"},{"@type":"BreadcrumbList","@id":"https:\/\/reviva.fi\/fi\/tuote\/l-teaniini-lamberts\/#breadcrumb","itemListElement":[{"@type":"ListItem","position":1,"name":"Etusivu","item":"https:\/\/reviva.fi\/fi\/"},{"@type":"ListItem","position":2,"name":"Tuotteet","item":"https:\/\/reviva.fi\/produkter\/"},{"@type":"ListItem","position":3,"name":"L-Teaniini &#8211; Lamberts"}]},{"@type":"WebSite","@id":"https:\/\/reviva.fi\/fi\/#website","url":"https:\/\/reviva.fi\/fi\/","name":"Reviva","description":"","publisher":{"@id":"https:\/\/reviva.fi\/fi\/#organization"},"potentialAction":[{"@type":"SearchAction","target":{"@type":"EntryPoint","urlTemplate":"https:\/\/reviva.fi\/fi\/?s={search_term_string}"},"query-input":{"@type":"PropertyValueSpecification","valueRequired":true,"valueName":"search_term_string"}}],"inLanguage":"fi"},{"@type":"Organization","@id":"https:\/\/reviva.fi\/fi\/#organization","name":"Reviva","url":"https:\/\/reviva.fi\/fi\/","logo":{"@type":"ImageObject","inLanguage":"fi","@id":"https:\/\/reviva.fi\/fi\/#\/schema\/logo\/image\/","url":"https:\/\/reviva.fi\/wp-content\/uploads\/2023\/10\/reviva-logo2.svg","contentUrl":"https:\/\/reviva.fi\/wp-content\/uploads\/2023\/10\/reviva-logo2.svg","caption":"Reviva"},"image":{"@id":"https:\/\/reviva.fi\/fi\/#\/schema\/logo\/image\/"}}]},"product_price_amount":"24.75","product_price_currency":"EUR","og_availability":"instock","product_availability":"instock","product_retailer_item_id":"8320-60","product_condition":"new"},"taxonomy_info":{"product_cat":[{"value":88,"label":"Aminohapot"},{"value":2444,"label":"Lamberts"},{"value":2376,"label":"Stressaantunut &amp; V\u00e4synyt"}],"product_tag":[{"value":3440,"label":"Aminosyra L-teanin"},{"value":3441,"label":"Balans i kropp och sj\u00e4l"},{"value":3442,"label":"F\u00f6r b\u00e4ttre s\u00f6mn"},{"value":3443,"label":"F\u00f6r b\u00e4ttre s\u00f6mn och avslappning"},{"value":3444,"label":"F\u00f6r energi utan koffein"},{"value":3445,"label":"F\u00f6r lugn och fokus"},{"value":3446,"label":"F\u00f6r mental prestation"},{"value":3447,"label":"F\u00f6r mindfulness och meditation"},{"value":3448,"label":"F\u00f6r stressade personer"},{"value":3357,"label":"F\u00f6r stresshantering"},{"value":3449,"label":"F\u00f6r studenter och yrkesverksamma"},{"value":3450,"label":"Fokus och koncentration"},{"value":3451,"label":"Fr\u00e5n gr\u00f6nt te"},{"value":3360,"label":"GMO-fritt tillskott"},{"value":3452,"label":"H\u00f6gkvalitativt L-teanin"},{"value":1399,"label":"l-teaniini"},{"value":3453,"label":"L-teanin tillskott"},{"value":3454,"label":"Mental klarhet"},{"value":3455,"label":"Minskad \u00e5ngest"},{"value":3456,"label":"Naturligt extrakt"},{"value":3457,"label":"Naturligt L-teanin"},{"value":2982,"label":"rentoutuminen"},{"value":3458,"label":"Snabbupptagligt L-teanin"},{"value":3459,"label":"Stressreducering"},{"value":1588,"label":"unen laatu"},{"value":3460,"label":"Veganskt L-teanin"}]},"featured_image_src_large":["https:\/\/reviva.fi\/wp-content\/uploads\/2024\/12\/8320-60-kapslar-Photoroom-1024x536.png",1024,536,true],"author_info":[],"comment_info":0,"_links":{"self":[{"href":"https:\/\/reviva.fi\/fi\/wp-json\/wp\/v2\/product\/10277","targetHints":{"allow":["GET"]}}],"collection":[{"href":"https:\/\/reviva.fi\/fi\/wp-json\/wp\/v2\/product"}],"about":[{"href":"https:\/\/reviva.fi\/fi\/wp-json\/wp\/v2\/types\/product"}],"replies":[{"embeddable":true,"href":"https:\/\/reviva.fi\/fi\/wp-json\/wp\/v2\/comments?post=10277"}],"wp:featuredmedia":[{"embeddable":true,"href":"https:\/\/reviva.fi\/fi\/wp-json\/wp\/v2\/media\/14042"}],"wp:attachment":[{"href":"https:\/\/reviva.fi\/fi\/wp-json\/wp\/v2\/media?parent=10277"}],"wp:term":[{"taxonomy":"product_brand","embeddable":true,"href":"https:\/\/reviva.fi\/fi\/wp-json\/wp\/v2\/product_brand?post=10277"},{"taxonomy":"product_cat","embeddable":true,"href":"https:\/\/reviva.fi\/fi\/wp-json\/wp\/v2\/product_cat?post=10277"},{"taxonomy":"product_tag","embeddable":true,"href":"https:\/\/reviva.fi\/fi\/wp-json\/wp\/v2\/product_tag?post=10277"}],"curies":[{"name":"wp","href":"https:\/\/api.w.org\/{rel}","templated":true}]}}