{"id":10282,"date":"2024-12-12T11:02:27","date_gmt":"2024-12-12T09:02:27","guid":{"rendered":"https:\/\/reviva.fi\/product\/alfa-liponsyra-300mg\/"},"modified":"2026-01-24T12:56:51","modified_gmt":"2026-01-24T10:56:51","slug":"alfa-lipoiinihappo-300mg","status":"publish","type":"product","link":"https:\/\/reviva.fi\/fi\/tuote\/alfa-lipoiinihappo-300mg\/","title":{"rendered":"Alfa-lipoiinihappo 300mg"},"content":{"rendered":"<p><strong>Alfa-lipoiinihappo 300mg (ALA)<\/strong><\/p>\n<p><strong>Tuotetiedot Lamberts<\/strong><\/p>\n<p>Alfa-lipoiinihappo (ALA) kutsutaan joskus oikeutetusti superantioxidantiksi numero 1. Alfa-lipoiinihappo ei ole teknisesti vitamiini, koska keho pystyy tuottamaan sit\u00e4 itse.<\/p>\n<p>Alfa-lipoiinihappo (ALA) on kehon tuottama rikkipitoinen rasvahappo. Sit\u00e4 l\u00f6ytyy jokaisesta solusta, ja se on mukana biokemiallisessa prosessissa, jossa glukoosi muutetaan energiaksi. ALA on my\u00f6s voimakas antioksidantti, jota keho k\u00e4ytt\u00e4\u00e4 vapaita radikaaleja neutraloidessa. Alfa-lipoiinihapon erikoisuus on se, ett\u00e4 se voi toimia sek\u00e4 vesiliukoisissa ett\u00e4 rasvaliukoisissa ymp\u00e4rist\u00f6iss\u00e4. Useimmat antioksidantit voivat toimia vain tietynlaisessa ymp\u00e4rist\u00f6ss\u00e4. Esimerkiksi E-vitamiini voi toimia vain rasvassa liukenevassa ymp\u00e4rist\u00f6ss\u00e4 ja C-vitamiini vain vesiliukoisessa ymp\u00e4rist\u00f6ss\u00e4. ALA:n mielenkiintoinen ominaisuus on, ett\u00e4 tutkimukset ovat osoittaneet sen auttavan palauttamaan muita antioksidantteja, jotka ovat kuluneet vapaita radikaaleja neutraloidessaan. T\u00e4m\u00e4 tarkoittaa, ett\u00e4 E- tai C-vitamiinit, jotka ovat v\u00e4syneet ja kuluneet, voivat saada uuden el\u00e4m\u00e4n alfa-lipoiinihapon avulla ja jatkaa niiden antioksidanttista vaikutusta.<\/p>\n","protected":false},"excerpt":{"rendered":"<div class=\"flex-shrink-0 flex flex-col relative items-end\">\n<div>\n<div class=\"pt-0\">\n<div class=\"gizmo-bot-avatar flex h-8 w-8 items-center justify-center overflow-hidden rounded-full\">\n<div class=\"relative p-1 rounded-sm flex items-center justify-center bg-token-main-surface-primary text-token-text-primary h-8 w-8\"><\/div>\n<\/div>\n<\/div>\n<\/div>\n<\/div>\n<div class=\"group\/conversation-turn relative flex w-full min-w-0 flex-col agent-turn\">\n<div class=\"flex-col gap-1 md:gap-3\">\n<div class=\"flex max-w-full flex-col flex-grow\">\n<div class=\"min-h-8 text-message flex w-full flex-col items-end gap-2 whitespace-normal break-words [.text-message+&amp;]:mt-5\" dir=\"auto\" data-message-author-role=\"assistant\" data-message-id=\"c8902e8e-f9a9-4f6c-bac1-c74c16f6b85f\" data-message-model-slug=\"gpt-4o-mini\">\n<div class=\"flex w-full flex-col gap-1 empty:hidden first:pt-[3px]\">\n<div class=\"markdown prose w-full break-words dark:prose-invert light\">\n<p>Lamberts Alfa-lipoiinihappo 300mg on ravintolis\u00e4.<\/p>\n<p>Alfa-lipoiinihappoa (ALA) kutsutaan joskus oikeutetusti superantioxidantiksi numero 1, ja sit\u00e4 k\u00e4ytet\u00e4\u00e4n elimist\u00f6ss\u00e4 neutraloimaan vapaita radikaaleja.<\/p>\n<p><strong>90 tablettia<\/strong><\/p>\n<\/div>\n<\/div>\n<\/div>\n<\/div>\n<\/div>\n<\/div>\n","protected":false},"featured_media":10178,"comment_status":"closed","ping_status":"closed","template":"","meta":{"_acf_changed":false,"inline_featured_image":false,"_kad_blocks_custom_css":"","_kad_blocks_head_custom_js":"","_kad_blocks_body_custom_js":"","_kad_blocks_footer_custom_js":"","_kadence_starter_templates_imported_post":false,"_kad_post_transparent":"default","_kad_post_title":"","_kad_post_layout":"default","_kad_post_sidebar_id":"","_kad_post_content_style":"default","_kad_post_vertical_padding":"default","_kad_post_feature":"","_kad_post_feature_position":"","_kad_post_header":false,"_kad_post_footer":false},"product_brand":[],"product_cat":[2505,2444,2357],"product_tag":[3461,2967,3462,412,3463,3464,3465,3466,3467,3468,3469,3470,3471,3472,3473,3360,3474,3475,3476,3477,3478,3479,3480,3481,3482,1253,3483],"class_list":{"0":"post-10282","1":"product","2":"type-product","3":"status-publish","4":"has-post-thumbnail","6":"product_cat-ovriga-kosttillskott-fi","7":"product_cat-lamberts-fi","8":"product_cat-immunforsvar-fi","9":"product_tag-ala-fi","10":"product_tag-alfalipoiinihappo","11":"product_tag-alfaliponsyra-tillskott-fi","12":"product_tag-antioksidantti","13":"product_tag-antioxidantskydd-for-kroppens-celler-fi","14":"product_tag-cellskydd-fi","15":"product_tag-energiomsattning-fi","16":"product_tag-for-aktiva-personer-fi","17":"product_tag-for-diabetiker-for-stod-av-blodsockernivaer-fi","18":"product_tag-for-energi-och-vitalitet-fi","19":"product_tag-for-halsomedvetna-fi","20":"product_tag-for-hudvard-och-anti-aging-fi","21":"product_tag-for-nervfunktion-och-skydd-fi","22":"product_tag-for-personer-med-oxidativ-stress-fi","23":"product_tag-forbattrad-insulinkanslighet-fi","24":"product_tag-gmo-fritt-tillskott-fi","25":"product_tag-hogkvalitativ-alfaliponsyra-fi","26":"product_tag-halsosamt-aldrande-fi","27":"product_tag-hudforyngring-fi","28":"product_tag-naturligt-ala-fi","29":"product_tag-nervhalsa-fi","30":"product_tag-snabbupptaglig-ala-fi","31":"product_tag-stod-for-blodsockerbalans-fi","32":"product_tag-starkt-antioxidantstod-fi","33":"product_tag-synergistiskt-med-andra-antioxidanter-fi","34":"product_tag-vapaat-radikaalit","35":"product_tag-vegansk-alfaliponsyra-fi","37":"first","38":"instock","39":"taxable","40":"shipping-taxable","41":"purchasable","42":"product-type-simple","43":"entry","44":"content-bg","45":"loop-entry"},"acf":[],"yoast_head":"<!-- This site is optimized with the Yoast SEO plugin v25.8 - https:\/\/yoast.com\/wordpress\/plugins\/seo\/ -->\n<title>Alfa-lipoiinihappo 300mg - Reviva<\/title>\n<meta name=\"description\" content=\"Alfa-lipoiinihappo 300mg suojaa soluja vapaiden radikaalien aiheuttamilta vaurioilta. Eheytt\u00e4\u00e4 C- ja E-vitamiinien tehoa, tukien solujen hyvinvointia.\" \/>\n<meta name=\"robots\" content=\"index, follow, max-snippet:-1, max-image-preview:large, max-video-preview:-1\" \/>\n<link rel=\"canonical\" href=\"https:\/\/reviva.fi\/fi\/tuote\/alfa-lipoiinihappo-300mg\/\" \/>\n<meta property=\"og:locale\" content=\"fi_FI\" \/>\n<meta property=\"og:type\" content=\"article\" \/>\n<meta property=\"og:title\" content=\"Alfa-lipoiinihappo 300mg - Reviva\" \/>\n<meta property=\"og:description\" content=\"Alfa-lipoiinihappo 300mg suojaa soluja vapaiden radikaalien aiheuttamilta vaurioilta. Eheytt\u00e4\u00e4 C- ja E-vitamiinien tehoa, tukien solujen hyvinvointia.\" \/>\n<meta property=\"og:url\" content=\"https:\/\/reviva.fi\/fi\/tuote\/alfa-lipoiinihappo-300mg\/\" \/>\n<meta property=\"og:site_name\" content=\"Reviva\" \/>\n<meta property=\"article:modified_time\" content=\"2026-01-24T10:56:51+00:00\" \/>\n<meta property=\"og:image\" content=\"https:\/\/reviva.fi\/wp-content\/uploads\/2024\/12\/8522-90-Alfaliponsyra.jpg\" \/>\n\t<meta property=\"og:image:width\" content=\"780\" \/>\n\t<meta property=\"og:image:height\" content=\"780\" \/>\n\t<meta property=\"og:image:type\" content=\"image\/jpeg\" \/>\n<meta name=\"twitter:card\" content=\"summary_large_image\" \/>\n<script type=\"application\/ld+json\" class=\"yoast-schema-graph\">{\"@context\":\"https:\/\/schema.org\",\"@graph\":[{\"@type\":\"WebPage\",\"@id\":\"https:\/\/reviva.fi\/fi\/tuote\/alfa-lipoiinihappo-300mg\/\",\"url\":\"https:\/\/reviva.fi\/fi\/tuote\/alfa-lipoiinihappo-300mg\/\",\"name\":\"Alfa-lipoiinihappo 300mg - Reviva\",\"isPartOf\":{\"@id\":\"https:\/\/reviva.fi\/fi\/#website\"},\"primaryImageOfPage\":{\"@id\":\"https:\/\/reviva.fi\/fi\/tuote\/alfa-lipoiinihappo-300mg\/#primaryimage\"},\"image\":{\"@id\":\"https:\/\/reviva.fi\/fi\/tuote\/alfa-lipoiinihappo-300mg\/#primaryimage\"},\"thumbnailUrl\":\"https:\/\/reviva.fi\/wp-content\/uploads\/2024\/12\/8522-90-Alfaliponsyra.jpg\",\"datePublished\":\"2024-12-12T09:02:27+00:00\",\"dateModified\":\"2026-01-24T10:56:51+00:00\",\"description\":\"Alfa-lipoiinihappo 300mg suojaa soluja vapaiden radikaalien aiheuttamilta vaurioilta. Eheytt\u00e4\u00e4 C- ja E-vitamiinien tehoa, tukien solujen hyvinvointia.\",\"breadcrumb\":{\"@id\":\"https:\/\/reviva.fi\/fi\/tuote\/alfa-lipoiinihappo-300mg\/#breadcrumb\"},\"inLanguage\":\"fi\",\"potentialAction\":[{\"@type\":\"ReadAction\",\"target\":[\"https:\/\/reviva.fi\/fi\/tuote\/alfa-lipoiinihappo-300mg\/\"]}]},{\"@type\":\"ImageObject\",\"inLanguage\":\"fi\",\"@id\":\"https:\/\/reviva.fi\/fi\/tuote\/alfa-lipoiinihappo-300mg\/#primaryimage\",\"url\":\"https:\/\/reviva.fi\/wp-content\/uploads\/2024\/12\/8522-90-Alfaliponsyra.jpg\",\"contentUrl\":\"https:\/\/reviva.fi\/wp-content\/uploads\/2024\/12\/8522-90-Alfaliponsyra.jpg\",\"width\":780,\"height\":780,\"caption\":\"Alfa-lipoiinihappo 300mg\"},{\"@type\":\"BreadcrumbList\",\"@id\":\"https:\/\/reviva.fi\/fi\/tuote\/alfa-lipoiinihappo-300mg\/#breadcrumb\",\"itemListElement\":[{\"@type\":\"ListItem\",\"position\":1,\"name\":\"Etusivu\",\"item\":\"https:\/\/reviva.fi\/fi\/\"},{\"@type\":\"ListItem\",\"position\":2,\"name\":\"Tuotteet\",\"item\":\"https:\/\/reviva.fi\/produkter\/\"},{\"@type\":\"ListItem\",\"position\":3,\"name\":\"Alfa-lipoiinihappo 300mg\"}]},{\"@type\":\"WebSite\",\"@id\":\"https:\/\/reviva.fi\/fi\/#website\",\"url\":\"https:\/\/reviva.fi\/fi\/\",\"name\":\"Reviva\",\"description\":\"\",\"publisher\":{\"@id\":\"https:\/\/reviva.fi\/fi\/#organization\"},\"potentialAction\":[{\"@type\":\"SearchAction\",\"target\":{\"@type\":\"EntryPoint\",\"urlTemplate\":\"https:\/\/reviva.fi\/fi\/?s={search_term_string}\"},\"query-input\":{\"@type\":\"PropertyValueSpecification\",\"valueRequired\":true,\"valueName\":\"search_term_string\"}}],\"inLanguage\":\"fi\"},{\"@type\":\"Organization\",\"@id\":\"https:\/\/reviva.fi\/fi\/#organization\",\"name\":\"Reviva\",\"url\":\"https:\/\/reviva.fi\/fi\/\",\"logo\":{\"@type\":\"ImageObject\",\"inLanguage\":\"fi\",\"@id\":\"https:\/\/reviva.fi\/fi\/#\/schema\/logo\/image\/\",\"url\":\"https:\/\/reviva.fi\/wp-content\/uploads\/2023\/10\/reviva-logo2.svg\",\"contentUrl\":\"https:\/\/reviva.fi\/wp-content\/uploads\/2023\/10\/reviva-logo2.svg\",\"caption\":\"Reviva\"},\"image\":{\"@id\":\"https:\/\/reviva.fi\/fi\/#\/schema\/logo\/image\/\"}}]}<\/script>\n<meta property=\"product:price:amount\" content=\"28.40\" \/>\n<meta property=\"product:price:currency\" content=\"EUR\" \/>\n<meta property=\"og:availability\" content=\"instock\" \/>\n<meta property=\"product:availability\" content=\"instock\" \/>\n<meta property=\"product:retailer_item_id\" content=\"8522-90\" \/>\n<meta property=\"product:condition\" content=\"new\" \/>\n<!-- \/ Yoast SEO plugin. -->","yoast_head_json":{"title":"Alfa-lipoiinihappo 300mg - Reviva","description":"Alfa-lipoiinihappo 300mg suojaa soluja vapaiden radikaalien aiheuttamilta vaurioilta. Eheytt\u00e4\u00e4 C- ja E-vitamiinien tehoa, tukien solujen hyvinvointia.","robots":{"index":"index","follow":"follow","max-snippet":"max-snippet:-1","max-image-preview":"max-image-preview:large","max-video-preview":"max-video-preview:-1"},"canonical":"https:\/\/reviva.fi\/fi\/tuote\/alfa-lipoiinihappo-300mg\/","og_locale":"fi_FI","og_type":"article","og_title":"Alfa-lipoiinihappo 300mg - Reviva","og_description":"Alfa-lipoiinihappo 300mg suojaa soluja vapaiden radikaalien aiheuttamilta vaurioilta. Eheytt\u00e4\u00e4 C- ja E-vitamiinien tehoa, tukien solujen hyvinvointia.","og_url":"https:\/\/reviva.fi\/fi\/tuote\/alfa-lipoiinihappo-300mg\/","og_site_name":"Reviva","article_modified_time":"2026-01-24T10:56:51+00:00","og_image":[{"width":780,"height":780,"url":"https:\/\/reviva.fi\/wp-content\/uploads\/2024\/12\/8522-90-Alfaliponsyra.jpg","type":"image\/jpeg"}],"twitter_card":"summary_large_image","schema":{"@context":"https:\/\/schema.org","@graph":[{"@type":"WebPage","@id":"https:\/\/reviva.fi\/fi\/tuote\/alfa-lipoiinihappo-300mg\/","url":"https:\/\/reviva.fi\/fi\/tuote\/alfa-lipoiinihappo-300mg\/","name":"Alfa-lipoiinihappo 300mg - Reviva","isPartOf":{"@id":"https:\/\/reviva.fi\/fi\/#website"},"primaryImageOfPage":{"@id":"https:\/\/reviva.fi\/fi\/tuote\/alfa-lipoiinihappo-300mg\/#primaryimage"},"image":{"@id":"https:\/\/reviva.fi\/fi\/tuote\/alfa-lipoiinihappo-300mg\/#primaryimage"},"thumbnailUrl":"https:\/\/reviva.fi\/wp-content\/uploads\/2024\/12\/8522-90-Alfaliponsyra.jpg","datePublished":"2024-12-12T09:02:27+00:00","dateModified":"2026-01-24T10:56:51+00:00","description":"Alfa-lipoiinihappo 300mg suojaa soluja vapaiden radikaalien aiheuttamilta vaurioilta. Eheytt\u00e4\u00e4 C- ja E-vitamiinien tehoa, tukien solujen hyvinvointia.","breadcrumb":{"@id":"https:\/\/reviva.fi\/fi\/tuote\/alfa-lipoiinihappo-300mg\/#breadcrumb"},"inLanguage":"fi","potentialAction":[{"@type":"ReadAction","target":["https:\/\/reviva.fi\/fi\/tuote\/alfa-lipoiinihappo-300mg\/"]}]},{"@type":"ImageObject","inLanguage":"fi","@id":"https:\/\/reviva.fi\/fi\/tuote\/alfa-lipoiinihappo-300mg\/#primaryimage","url":"https:\/\/reviva.fi\/wp-content\/uploads\/2024\/12\/8522-90-Alfaliponsyra.jpg","contentUrl":"https:\/\/reviva.fi\/wp-content\/uploads\/2024\/12\/8522-90-Alfaliponsyra.jpg","width":780,"height":780,"caption":"Alfa-lipoiinihappo 300mg"},{"@type":"BreadcrumbList","@id":"https:\/\/reviva.fi\/fi\/tuote\/alfa-lipoiinihappo-300mg\/#breadcrumb","itemListElement":[{"@type":"ListItem","position":1,"name":"Etusivu","item":"https:\/\/reviva.fi\/fi\/"},{"@type":"ListItem","position":2,"name":"Tuotteet","item":"https:\/\/reviva.fi\/produkter\/"},{"@type":"ListItem","position":3,"name":"Alfa-lipoiinihappo 300mg"}]},{"@type":"WebSite","@id":"https:\/\/reviva.fi\/fi\/#website","url":"https:\/\/reviva.fi\/fi\/","name":"Reviva","description":"","publisher":{"@id":"https:\/\/reviva.fi\/fi\/#organization"},"potentialAction":[{"@type":"SearchAction","target":{"@type":"EntryPoint","urlTemplate":"https:\/\/reviva.fi\/fi\/?s={search_term_string}"},"query-input":{"@type":"PropertyValueSpecification","valueRequired":true,"valueName":"search_term_string"}}],"inLanguage":"fi"},{"@type":"Organization","@id":"https:\/\/reviva.fi\/fi\/#organization","name":"Reviva","url":"https:\/\/reviva.fi\/fi\/","logo":{"@type":"ImageObject","inLanguage":"fi","@id":"https:\/\/reviva.fi\/fi\/#\/schema\/logo\/image\/","url":"https:\/\/reviva.fi\/wp-content\/uploads\/2023\/10\/reviva-logo2.svg","contentUrl":"https:\/\/reviva.fi\/wp-content\/uploads\/2023\/10\/reviva-logo2.svg","caption":"Reviva"},"image":{"@id":"https:\/\/reviva.fi\/fi\/#\/schema\/logo\/image\/"}}]},"product_price_amount":"28.40","product_price_currency":"EUR","og_availability":"instock","product_availability":"instock","product_retailer_item_id":"8522-90","product_condition":"new"},"taxonomy_info":{"product_cat":[{"value":2505,"label":"Muut ravintolis\u00e4t"},{"value":2444,"label":"Lamberts"},{"value":2357,"label":"Immuunipuolustus"}],"product_tag":[{"value":3461,"label":"ALA"},{"value":2967,"label":"Alfalipoiinihappo"},{"value":3462,"label":"Alfaliponsyra tillskott"},{"value":412,"label":"antioksidantti"},{"value":3463,"label":"Antioxidantskydd f\u00f6r kroppens celler"},{"value":3464,"label":"Cellskydd"},{"value":3465,"label":"Energioms\u00e4ttning"},{"value":3466,"label":"F\u00f6r aktiva personer"},{"value":3467,"label":"F\u00f6r diabetiker (f\u00f6r st\u00f6d av blodsockerniv\u00e5er)"},{"value":3468,"label":"F\u00f6r energi och vitalitet"},{"value":3469,"label":"F\u00f6r h\u00e4lsomedvetna"},{"value":3470,"label":"F\u00f6r hudv\u00e5rd och anti-aging"},{"value":3471,"label":"F\u00f6r nervfunktion och skydd"},{"value":3472,"label":"F\u00f6r personer med oxidativ stress"},{"value":3473,"label":"F\u00f6rb\u00e4ttrad insulink\u00e4nslighet"},{"value":3360,"label":"GMO-fritt tillskott"},{"value":3474,"label":"H\u00f6gkvalitativ alfaliponsyra"},{"value":3475,"label":"H\u00e4lsosamt \u00e5ldrande"},{"value":3476,"label":"Hudf\u00f6ryngring"},{"value":3477,"label":"Naturligt ALA"},{"value":3478,"label":"Nervh\u00e4lsa"},{"value":3479,"label":"Snabbupptaglig ALA"},{"value":3480,"label":"St\u00f6d f\u00f6r blodsockerbalans"},{"value":3481,"label":"Starkt antioxidantst\u00f6d"},{"value":3482,"label":"Synergistiskt med andra antioxidanter"},{"value":1253,"label":"vapaat radikaalit"},{"value":3483,"label":"Vegansk alfaliponsyra"}]},"featured_image_src_large":["https:\/\/reviva.fi\/wp-content\/uploads\/2024\/12\/8522-90-Alfaliponsyra.jpg",780,780,false],"author_info":[],"comment_info":0,"_links":{"self":[{"href":"https:\/\/reviva.fi\/fi\/wp-json\/wp\/v2\/product\/10282","targetHints":{"allow":["GET"]}}],"collection":[{"href":"https:\/\/reviva.fi\/fi\/wp-json\/wp\/v2\/product"}],"about":[{"href":"https:\/\/reviva.fi\/fi\/wp-json\/wp\/v2\/types\/product"}],"replies":[{"embeddable":true,"href":"https:\/\/reviva.fi\/fi\/wp-json\/wp\/v2\/comments?post=10282"}],"wp:featuredmedia":[{"embeddable":true,"href":"https:\/\/reviva.fi\/fi\/wp-json\/wp\/v2\/media\/10178"}],"wp:attachment":[{"href":"https:\/\/reviva.fi\/fi\/wp-json\/wp\/v2\/media?parent=10282"}],"wp:term":[{"taxonomy":"product_brand","embeddable":true,"href":"https:\/\/reviva.fi\/fi\/wp-json\/wp\/v2\/product_brand?post=10282"},{"taxonomy":"product_cat","embeddable":true,"href":"https:\/\/reviva.fi\/fi\/wp-json\/wp\/v2\/product_cat?post=10282"},{"taxonomy":"product_tag","embeddable":true,"href":"https:\/\/reviva.fi\/fi\/wp-json\/wp\/v2\/product_tag?post=10282"}],"curies":[{"name":"wp","href":"https:\/\/api.w.org\/{rel}","templated":true}]}}