{"id":10286,"date":"2024-12-12T11:23:29","date_gmt":"2024-12-12T09:23:29","guid":{"rendered":"https:\/\/reviva.fi\/product\/gurkmeja-200-mg\/"},"modified":"2025-02-03T15:31:58","modified_gmt":"2025-02-03T13:31:58","slug":"kurkuma-200-mg","status":"publish","type":"product","link":"https:\/\/reviva.fi\/fi\/tuote\/kurkuma-200-mg\/","title":{"rendered":"Kurkuma 200 mg"},"content":{"rendered":"<p><strong>Kurkuma 200 mg <\/strong>Nopeasti vapautuvat tabletit<\/p>\n<p>Tarjoaa 95 % kurkumiinoideja<\/p>\n<p>USP:n ainutlaatuiset ominaisuudet:<\/p>\n<p>\u2022 Puhdaslaatuinen uute.<br \/>\n\u2022 T\u00e4ytt\u00e4\u00e4 EU:n saastelains\u00e4\u00e4d\u00e4nn\u00f6n vaatimukset.<br \/>\n\u2022 Sopii sek\u00e4 vegaaneille ett\u00e4 kasvissy\u00f6jille.<\/p>\n","protected":false},"excerpt":{"rendered":"<p>Lamberts Kurkuma 200mg nopeasti vapautuvat tabletit<\/p>\n<p>Nopeasti vapautuva Kurkuma. Korkealaatuinen juuriuute, joka on standardoitu antamaan 95 % kurkumiinia.<\/p>\n<p><strong>120 tablettia.<\/strong><\/p>\n","protected":false},"featured_media":10181,"comment_status":"closed","ping_status":"closed","template":"","meta":{"_acf_changed":false,"inline_featured_image":false,"_kad_blocks_custom_css":"","_kad_blocks_head_custom_js":"","_kad_blocks_body_custom_js":"","_kad_blocks_footer_custom_js":"","_kadence_starter_templates_imported_post":false,"_kad_post_transparent":"default","_kad_post_title":"","_kad_post_layout":"default","_kad_post_sidebar_id":"","_kad_post_content_style":"default","_kad_post_vertical_padding":"default","_kad_post_feature":"","_kad_post_feature_position":"","_kad_post_header":false,"_kad_post_footer":false},"product_brand":[],"product_cat":[141,2444,2366],"product_tag":[3484,412,3485,3486,3487,3488,3489,3490,3469,3491,3492,3493,3494,3495,3496,3497,3498,3499,3500,3501,3502,3503,1548,1211,3504,3505,3506],"class_list":{"0":"post-10286","1":"product","2":"type-product","3":"status-publish","4":"has-post-thumbnail","6":"product_cat-orter-fi","7":"product_cat-lamberts-fi","8":"product_cat-lever-och-njurar-fi","9":"product_tag-anti-aging-fi","10":"product_tag-antioksidantti","11":"product_tag-biotillgangligt-curcumin-fi","12":"product_tag-ekologiskt-gurkmejaextrakt-fi","13":"product_tag-for-aktiva-personer-och-atleter-fi","14":"product_tag-for-anti-inflammatorisk-kost-fi","15":"product_tag-for-battre-aterhamtning-efter-traning-fi","16":"product_tag-for-battre-matsmaltning-fi","17":"product_tag-for-halsomedvetna-fi","18":"product_tag-for-ledhalsa-och-flexibilitet-fi","19":"product_tag-for-matsmaltning-och-tarmhalsa-fi","20":"product_tag-for-minskad-inflammation-fi","21":"product_tag-for-naturlig-smartlindring-fi","22":"product_tag-for-personer-med-ledproblem-fi","23":"product_tag-gmo-fritt-och-veganskt-tillskott-fi","24":"product_tag-gurkmeja-med-svartpepparextrakt-piperin-fi","25":"product_tag-gurkmejaextrakt-fi","26":"product_tag-gurkmejarotextrakt-fi","27":"product_tag-gurkmejatillskott-fi","28":"product_tag-hogkoncentrerat-curcumin-fi","29":"product_tag-immunforsvarsstod-fi","30":"product_tag-inflammationsdampande-fi","31":"product_tag-kivunlievitysta","32":"product_tag-kurkumiini","33":"product_tag-ledhalsa-fi","34":"product_tag-naturligt-curcumin-fi","35":"product_tag-stod-for-kroppens-naturliga-forsvar-fi","37":"first","38":"instock","39":"taxable","40":"shipping-taxable","41":"purchasable","42":"product-type-variable","43":"entry","44":"content-bg","45":"loop-entry"},"acf":[],"yoast_head":"<!-- This site is optimized with the Yoast SEO plugin v25.8 - https:\/\/yoast.com\/wordpress\/plugins\/seo\/ -->\n<title>Kurkuma 200 mg - Reviva<\/title>\n<meta name=\"description\" content=\"Kurkuma 200 mg nopeasti vapautuvat tabletit. Kurkuma nopealla imeytymisell\u00e4. Korkeatehoinen juuriuute, standardoitu tarjoamaan 95 % kurkumiinia.\" \/>\n<meta name=\"robots\" content=\"index, follow, max-snippet:-1, max-image-preview:large, max-video-preview:-1\" \/>\n<link rel=\"canonical\" href=\"https:\/\/reviva.fi\/fi\/tuote\/kurkuma-200-mg\/\" \/>\n<meta property=\"og:locale\" content=\"fi_FI\" \/>\n<meta property=\"og:type\" content=\"article\" \/>\n<meta property=\"og:title\" content=\"Kurkuma 200 mg - Reviva\" \/>\n<meta property=\"og:description\" content=\"Kurkuma 200 mg nopeasti vapautuvat tabletit. Kurkuma nopealla imeytymisell\u00e4. Korkeatehoinen juuriuute, standardoitu tarjoamaan 95 % kurkumiinia.\" \/>\n<meta property=\"og:url\" content=\"https:\/\/reviva.fi\/fi\/tuote\/kurkuma-200-mg\/\" \/>\n<meta property=\"og:site_name\" content=\"Reviva\" \/>\n<meta property=\"article:modified_time\" content=\"2025-02-03T13:31:58+00:00\" \/>\n<meta property=\"og:image\" content=\"https:\/\/reviva.fi\/wp-content\/uploads\/2024\/12\/8548-120-Gurkmeja.jpg\" \/>\n\t<meta property=\"og:image:width\" content=\"780\" \/>\n\t<meta property=\"og:image:height\" content=\"780\" \/>\n\t<meta property=\"og:image:type\" content=\"image\/jpeg\" \/>\n<meta name=\"twitter:card\" content=\"summary_large_image\" \/>\n<script type=\"application\/ld+json\" class=\"yoast-schema-graph\">{\"@context\":\"https:\/\/schema.org\",\"@graph\":[{\"@type\":\"WebPage\",\"@id\":\"https:\/\/reviva.fi\/fi\/tuote\/kurkuma-200-mg\/\",\"url\":\"https:\/\/reviva.fi\/fi\/tuote\/kurkuma-200-mg\/\",\"name\":\"Kurkuma 200 mg - Reviva\",\"isPartOf\":{\"@id\":\"https:\/\/reviva.fi\/fi\/#website\"},\"primaryImageOfPage\":{\"@id\":\"https:\/\/reviva.fi\/fi\/tuote\/kurkuma-200-mg\/#primaryimage\"},\"image\":{\"@id\":\"https:\/\/reviva.fi\/fi\/tuote\/kurkuma-200-mg\/#primaryimage\"},\"thumbnailUrl\":\"https:\/\/reviva.fi\/wp-content\/uploads\/2024\/12\/8548-120-Gurkmeja.jpg\",\"datePublished\":\"2024-12-12T09:23:29+00:00\",\"dateModified\":\"2025-02-03T13:31:58+00:00\",\"description\":\"Kurkuma 200 mg nopeasti vapautuvat tabletit. Kurkuma nopealla imeytymisell\u00e4. Korkeatehoinen juuriuute, standardoitu tarjoamaan 95 % kurkumiinia.\",\"breadcrumb\":{\"@id\":\"https:\/\/reviva.fi\/fi\/tuote\/kurkuma-200-mg\/#breadcrumb\"},\"inLanguage\":\"fi\",\"potentialAction\":[{\"@type\":\"ReadAction\",\"target\":[\"https:\/\/reviva.fi\/fi\/tuote\/kurkuma-200-mg\/\"]}]},{\"@type\":\"ImageObject\",\"inLanguage\":\"fi\",\"@id\":\"https:\/\/reviva.fi\/fi\/tuote\/kurkuma-200-mg\/#primaryimage\",\"url\":\"https:\/\/reviva.fi\/wp-content\/uploads\/2024\/12\/8548-120-Gurkmeja.jpg\",\"contentUrl\":\"https:\/\/reviva.fi\/wp-content\/uploads\/2024\/12\/8548-120-Gurkmeja.jpg\",\"width\":780,\"height\":780,\"caption\":\"Kurkuma 200 mg\"},{\"@type\":\"BreadcrumbList\",\"@id\":\"https:\/\/reviva.fi\/fi\/tuote\/kurkuma-200-mg\/#breadcrumb\",\"itemListElement\":[{\"@type\":\"ListItem\",\"position\":1,\"name\":\"Etusivu\",\"item\":\"https:\/\/reviva.fi\/fi\/\"},{\"@type\":\"ListItem\",\"position\":2,\"name\":\"Tuotteet\",\"item\":\"https:\/\/reviva.fi\/produkter\/\"},{\"@type\":\"ListItem\",\"position\":3,\"name\":\"Kurkuma 200 mg\"}]},{\"@type\":\"WebSite\",\"@id\":\"https:\/\/reviva.fi\/fi\/#website\",\"url\":\"https:\/\/reviva.fi\/fi\/\",\"name\":\"Reviva\",\"description\":\"\",\"publisher\":{\"@id\":\"https:\/\/reviva.fi\/fi\/#organization\"},\"potentialAction\":[{\"@type\":\"SearchAction\",\"target\":{\"@type\":\"EntryPoint\",\"urlTemplate\":\"https:\/\/reviva.fi\/fi\/?s={search_term_string}\"},\"query-input\":{\"@type\":\"PropertyValueSpecification\",\"valueRequired\":true,\"valueName\":\"search_term_string\"}}],\"inLanguage\":\"fi\"},{\"@type\":\"Organization\",\"@id\":\"https:\/\/reviva.fi\/fi\/#organization\",\"name\":\"Reviva\",\"url\":\"https:\/\/reviva.fi\/fi\/\",\"logo\":{\"@type\":\"ImageObject\",\"inLanguage\":\"fi\",\"@id\":\"https:\/\/reviva.fi\/fi\/#\/schema\/logo\/image\/\",\"url\":\"https:\/\/reviva.fi\/wp-content\/uploads\/2023\/10\/reviva-logo2.svg\",\"contentUrl\":\"https:\/\/reviva.fi\/wp-content\/uploads\/2023\/10\/reviva-logo2.svg\",\"caption\":\"Reviva\"},\"image\":{\"@id\":\"https:\/\/reviva.fi\/fi\/#\/schema\/logo\/image\/\"}}]}<\/script>\n<meta property=\"og:availability\" content=\"instock\" \/>\n<meta property=\"product:availability\" content=\"instock\" \/>\n<meta property=\"product:condition\" content=\"new\" \/>\n<!-- \/ Yoast SEO plugin. -->","yoast_head_json":{"title":"Kurkuma 200 mg - Reviva","description":"Kurkuma 200 mg nopeasti vapautuvat tabletit. Kurkuma nopealla imeytymisell\u00e4. Korkeatehoinen juuriuute, standardoitu tarjoamaan 95 % kurkumiinia.","robots":{"index":"index","follow":"follow","max-snippet":"max-snippet:-1","max-image-preview":"max-image-preview:large","max-video-preview":"max-video-preview:-1"},"canonical":"https:\/\/reviva.fi\/fi\/tuote\/kurkuma-200-mg\/","og_locale":"fi_FI","og_type":"article","og_title":"Kurkuma 200 mg - Reviva","og_description":"Kurkuma 200 mg nopeasti vapautuvat tabletit. Kurkuma nopealla imeytymisell\u00e4. Korkeatehoinen juuriuute, standardoitu tarjoamaan 95 % kurkumiinia.","og_url":"https:\/\/reviva.fi\/fi\/tuote\/kurkuma-200-mg\/","og_site_name":"Reviva","article_modified_time":"2025-02-03T13:31:58+00:00","og_image":[{"width":780,"height":780,"url":"https:\/\/reviva.fi\/wp-content\/uploads\/2024\/12\/8548-120-Gurkmeja.jpg","type":"image\/jpeg"}],"twitter_card":"summary_large_image","schema":{"@context":"https:\/\/schema.org","@graph":[{"@type":"WebPage","@id":"https:\/\/reviva.fi\/fi\/tuote\/kurkuma-200-mg\/","url":"https:\/\/reviva.fi\/fi\/tuote\/kurkuma-200-mg\/","name":"Kurkuma 200 mg - Reviva","isPartOf":{"@id":"https:\/\/reviva.fi\/fi\/#website"},"primaryImageOfPage":{"@id":"https:\/\/reviva.fi\/fi\/tuote\/kurkuma-200-mg\/#primaryimage"},"image":{"@id":"https:\/\/reviva.fi\/fi\/tuote\/kurkuma-200-mg\/#primaryimage"},"thumbnailUrl":"https:\/\/reviva.fi\/wp-content\/uploads\/2024\/12\/8548-120-Gurkmeja.jpg","datePublished":"2024-12-12T09:23:29+00:00","dateModified":"2025-02-03T13:31:58+00:00","description":"Kurkuma 200 mg nopeasti vapautuvat tabletit. Kurkuma nopealla imeytymisell\u00e4. Korkeatehoinen juuriuute, standardoitu tarjoamaan 95 % kurkumiinia.","breadcrumb":{"@id":"https:\/\/reviva.fi\/fi\/tuote\/kurkuma-200-mg\/#breadcrumb"},"inLanguage":"fi","potentialAction":[{"@type":"ReadAction","target":["https:\/\/reviva.fi\/fi\/tuote\/kurkuma-200-mg\/"]}]},{"@type":"ImageObject","inLanguage":"fi","@id":"https:\/\/reviva.fi\/fi\/tuote\/kurkuma-200-mg\/#primaryimage","url":"https:\/\/reviva.fi\/wp-content\/uploads\/2024\/12\/8548-120-Gurkmeja.jpg","contentUrl":"https:\/\/reviva.fi\/wp-content\/uploads\/2024\/12\/8548-120-Gurkmeja.jpg","width":780,"height":780,"caption":"Kurkuma 200 mg"},{"@type":"BreadcrumbList","@id":"https:\/\/reviva.fi\/fi\/tuote\/kurkuma-200-mg\/#breadcrumb","itemListElement":[{"@type":"ListItem","position":1,"name":"Etusivu","item":"https:\/\/reviva.fi\/fi\/"},{"@type":"ListItem","position":2,"name":"Tuotteet","item":"https:\/\/reviva.fi\/produkter\/"},{"@type":"ListItem","position":3,"name":"Kurkuma 200 mg"}]},{"@type":"WebSite","@id":"https:\/\/reviva.fi\/fi\/#website","url":"https:\/\/reviva.fi\/fi\/","name":"Reviva","description":"","publisher":{"@id":"https:\/\/reviva.fi\/fi\/#organization"},"potentialAction":[{"@type":"SearchAction","target":{"@type":"EntryPoint","urlTemplate":"https:\/\/reviva.fi\/fi\/?s={search_term_string}"},"query-input":{"@type":"PropertyValueSpecification","valueRequired":true,"valueName":"search_term_string"}}],"inLanguage":"fi"},{"@type":"Organization","@id":"https:\/\/reviva.fi\/fi\/#organization","name":"Reviva","url":"https:\/\/reviva.fi\/fi\/","logo":{"@type":"ImageObject","inLanguage":"fi","@id":"https:\/\/reviva.fi\/fi\/#\/schema\/logo\/image\/","url":"https:\/\/reviva.fi\/wp-content\/uploads\/2023\/10\/reviva-logo2.svg","contentUrl":"https:\/\/reviva.fi\/wp-content\/uploads\/2023\/10\/reviva-logo2.svg","caption":"Reviva"},"image":{"@id":"https:\/\/reviva.fi\/fi\/#\/schema\/logo\/image\/"}}]},"og_availability":"instock","product_availability":"instock","product_condition":"new"},"taxonomy_info":{"product_cat":[{"value":141,"label":"Yrtit"},{"value":2444,"label":"Lamberts"},{"value":2366,"label":"Maksa &amp; Munuaiset"}],"product_tag":[{"value":3484,"label":"Anti-aging"},{"value":412,"label":"antioksidantti"},{"value":3485,"label":"Biotillg\u00e4ngligt curcumin"},{"value":3486,"label":"Ekologiskt gurkmejaextrakt"},{"value":3487,"label":"F\u00f6r aktiva personer och atleter"},{"value":3488,"label":"F\u00f6r anti-inflammatorisk kost"},{"value":3489,"label":"F\u00f6r b\u00e4ttre \u00e5terh\u00e4mtning efter tr\u00e4ning"},{"value":3490,"label":"F\u00f6r b\u00e4ttre matsm\u00e4ltning"},{"value":3469,"label":"F\u00f6r h\u00e4lsomedvetna"},{"value":3491,"label":"F\u00f6r ledh\u00e4lsa och flexibilitet"},{"value":3492,"label":"F\u00f6r matsm\u00e4ltning och tarmh\u00e4lsa"},{"value":3493,"label":"F\u00f6r minskad inflammation"},{"value":3494,"label":"F\u00f6r naturlig sm\u00e4rtlindring"},{"value":3495,"label":"F\u00f6r personer med ledproblem"},{"value":3496,"label":"GMO-fritt och veganskt tillskott"},{"value":3497,"label":"Gurkmeja med svartpepparextrakt (piperin)"},{"value":3498,"label":"Gurkmejaextrakt"},{"value":3499,"label":"Gurkmejarotextrakt"},{"value":3500,"label":"Gurkmejatillskott"},{"value":3501,"label":"H\u00f6gkoncentrerat curcumin"},{"value":3502,"label":"Immunf\u00f6rsvarsst\u00f6d"},{"value":3503,"label":"Inflammationsd\u00e4mpande"},{"value":1548,"label":"kivunlievityst\u00e4"},{"value":1211,"label":"kurkumiini"},{"value":3504,"label":"Ledh\u00e4lsa"},{"value":3505,"label":"Naturligt curcumin"},{"value":3506,"label":"St\u00f6d f\u00f6r kroppens naturliga f\u00f6rsvar"}]},"featured_image_src_large":["https:\/\/reviva.fi\/wp-content\/uploads\/2024\/12\/8548-120-Gurkmeja.jpg",780,780,false],"author_info":[],"comment_info":0,"_links":{"self":[{"href":"https:\/\/reviva.fi\/fi\/wp-json\/wp\/v2\/product\/10286","targetHints":{"allow":["GET"]}}],"collection":[{"href":"https:\/\/reviva.fi\/fi\/wp-json\/wp\/v2\/product"}],"about":[{"href":"https:\/\/reviva.fi\/fi\/wp-json\/wp\/v2\/types\/product"}],"replies":[{"embeddable":true,"href":"https:\/\/reviva.fi\/fi\/wp-json\/wp\/v2\/comments?post=10286"}],"wp:featuredmedia":[{"embeddable":true,"href":"https:\/\/reviva.fi\/fi\/wp-json\/wp\/v2\/media\/10181"}],"wp:attachment":[{"href":"https:\/\/reviva.fi\/fi\/wp-json\/wp\/v2\/media?parent=10286"}],"wp:term":[{"taxonomy":"product_brand","embeddable":true,"href":"https:\/\/reviva.fi\/fi\/wp-json\/wp\/v2\/product_brand?post=10286"},{"taxonomy":"product_cat","embeddable":true,"href":"https:\/\/reviva.fi\/fi\/wp-json\/wp\/v2\/product_cat?post=10286"},{"taxonomy":"product_tag","embeddable":true,"href":"https:\/\/reviva.fi\/fi\/wp-json\/wp\/v2\/product_tag?post=10286"}],"curies":[{"name":"wp","href":"https:\/\/api.w.org\/{rel}","templated":true}]}}