{"id":10299,"date":"2024-12-17T15:35:55","date_gmt":"2024-12-17T13:35:55","guid":{"rendered":"https:\/\/reviva.fi\/product\/florisene-kosttillskott-for-haret-kvinnor\/"},"modified":"2024-12-23T10:03:02","modified_gmt":"2024-12-23T08:03:02","slug":"florisene-ravintolisa-naisten-hiuksille","status":"publish","type":"product","link":"https:\/\/reviva.fi\/fi\/tuote\/florisene-ravintolisa-naisten-hiuksille\/","title":{"rendered":"FLORISENE &#8211; ravintolis\u00e4 naisten hiuksille"},"content":{"rendered":"<p><strong>FLORISENE &#8211; ravintolis\u00e4 naisten hiuksille<\/strong><\/p>\n<p>Lamberts FLORISENE\u00ae on hiusten ravintolis\u00e4, joka on mukautettu naisten tarpeisiin. Ravintolis\u00e4 sis\u00e4lt\u00e4\u00e4 yhdistelm\u00e4n vitamiineja, kivenn\u00e4isaineita ja aminohappo lysiini\u00e4. Tuote sis\u00e4lt\u00e4\u00e4 my\u00f6s biotiinia ja seleeni\u00e4, jotka auttavat pit\u00e4m\u00e4\u00e4n hiukset normaaleina.<\/p>\n<p>&nbsp;<\/p>\n","protected":false},"excerpt":{"rendered":"<p>Lamberts FLORISENE\u00ae on ravintolis\u00e4, joka on suunniteltu erityisesti naisten hiusten tarpeisiin. Tuote sis\u00e4lt\u00e4\u00e4 yhdistelm\u00e4n vitamiineja, kivenn\u00e4isaineita ja aminohappo lysiini\u00e4. Tuote sis\u00e4lt\u00e4\u00e4 my\u00f6s biotiinia ja seleeni\u00e4, jotka auttavat yll\u00e4pit\u00e4m\u00e4\u00e4n normaalia hiusten kuntoa.<\/p>\n<p><strong>90 tablettia<\/strong><\/p>\n","protected":false},"featured_media":10212,"comment_status":"closed","ping_status":"closed","template":"","meta":{"_acf_changed":false,"inline_featured_image":false,"_kad_blocks_custom_css":"","_kad_blocks_head_custom_js":"","_kad_blocks_body_custom_js":"","_kad_blocks_footer_custom_js":"","_kadence_starter_templates_imported_post":false,"_kad_post_transparent":"default","_kad_post_title":"","_kad_post_layout":"default","_kad_post_sidebar_id":"","_kad_post_content_style":"default","_kad_post_vertical_padding":"default","_kad_post_feature":"","_kad_post_feature_position":"","_kad_post_header":false,"_kad_post_footer":false},"product_brand":[],"product_cat":[2384,5978,2444,2350],"product_tag":[3507,3508,3509,3510,3511,3512,3513,3514,3515,3516,3517,3518,3519,3520,3521,3522,3523,3524,3525,3526,3527,3528,3529,3530,3531,3532],"class_list":{"0":"post-10299","1":"product","2":"type-product","3":"status-publish","4":"has-post-thumbnail","6":"product_cat-jarn-fi","7":"product_cat-multi-produkter-fi","8":"product_cat-lamberts-fi","9":"product_cat-hud-och-skonhet-fi","10":"product_tag-behandling-av-kroniskt-telogent-effluvium-fi","11":"product_tag-dagligt-tillskott-for-harhalsa-fi","12":"product_tag-for-dem-som-soker-tjockare-och-starkare-har-fi","13":"product_tag-for-kvinnor-med-haravfall-fi","14":"product_tag-for-personer-med-jarnbristrelaterat-haravfall-fi","15":"product_tag-for-tunt-och-livlost-har-fi","16":"product_tag-forbattrar-harkvalitet-fi","17":"product_tag-forbattring-av-harstruktur-och-glans-fi","18":"product_tag-florisene-fi","19":"product_tag-framjar-harvaxt-fi","20":"product_tag-fri-fran-konstgjorda-fargamnen-och-konserveringsmedel-fi","21":"product_tag-haravfallsbehandling-fi","22":"product_tag-harhalsa-fi","23":"product_tag-innehaller-jarn-fi","24":"product_tag-kliniskt-testad-formula-fi","25":"product_tag-komplement-vid-kostrelaterat-haravfall-fi","26":"product_tag-kosttillskott-for-har-fi","27":"product_tag-lattupptagliga-tabletter-fi","28":"product_tag-lysin-och-andra-viktiga-naringsamnen-fi","29":"product_tag-motverkar-haravfall-fi","30":"product_tag-naring-for-haret-fi","31":"product_tag-naringsstod-for-haret-fi","32":"product_tag-naringstillskott-for-optimal-harvaxt-fi","33":"product_tag-rekommenderas-av-experter-inom-harhalsa-fi","34":"product_tag-stod-vid-diffust-haravfall-fi","35":"product_tag-starker-harrotter-fi","37":"first","38":"instock","39":"taxable","40":"shipping-taxable","41":"purchasable","42":"product-type-simple","43":"entry","44":"content-bg","45":"loop-entry"},"acf":[],"yoast_head":"<!-- This site is optimized with the Yoast SEO plugin v25.8 - https:\/\/yoast.com\/wordpress\/plugins\/seo\/ -->\n<title>FLORISENE - ravintolis\u00e4 naisten hiuksille - Reviva<\/title>\n<meta name=\"description\" content=\"FLORISENE - ravintolis\u00e4 naisten hiuksille. Suunniteltu naisille, jotka k\u00e4rsiv\u00e4t hiustenl\u00e4hd\u00f6st\u00e4 ja huonosta hiusten laadusta.\" \/>\n<meta name=\"robots\" content=\"index, follow, max-snippet:-1, max-image-preview:large, max-video-preview:-1\" \/>\n<link rel=\"canonical\" href=\"https:\/\/reviva.fi\/fi\/tuote\/florisene-ravintolisa-naisten-hiuksille\/\" \/>\n<meta property=\"og:locale\" content=\"fi_FI\" \/>\n<meta property=\"og:type\" content=\"article\" \/>\n<meta property=\"og:title\" content=\"FLORISENE - ravintolis\u00e4 naisten hiuksille - Reviva\" \/>\n<meta property=\"og:description\" content=\"FLORISENE - ravintolis\u00e4 naisten hiuksille. Suunniteltu naisille, jotka k\u00e4rsiv\u00e4t hiustenl\u00e4hd\u00f6st\u00e4 ja huonosta hiusten laadusta.\" \/>\n<meta property=\"og:url\" content=\"https:\/\/reviva.fi\/fi\/tuote\/florisene-ravintolisa-naisten-hiuksille\/\" \/>\n<meta property=\"og:site_name\" content=\"Reviva\" \/>\n<meta property=\"article:modified_time\" content=\"2024-12-23T08:03:02+00:00\" \/>\n<meta property=\"og:image\" content=\"https:\/\/reviva.fi\/wp-content\/uploads\/2024\/12\/8440-90-Florisene.jpg\" \/>\n\t<meta property=\"og:image:width\" content=\"780\" \/>\n\t<meta property=\"og:image:height\" content=\"780\" \/>\n\t<meta property=\"og:image:type\" content=\"image\/jpeg\" \/>\n<meta name=\"twitter:card\" content=\"summary_large_image\" \/>\n<script type=\"application\/ld+json\" class=\"yoast-schema-graph\">{\"@context\":\"https:\/\/schema.org\",\"@graph\":[{\"@type\":\"WebPage\",\"@id\":\"https:\/\/reviva.fi\/fi\/tuote\/florisene-ravintolisa-naisten-hiuksille\/\",\"url\":\"https:\/\/reviva.fi\/fi\/tuote\/florisene-ravintolisa-naisten-hiuksille\/\",\"name\":\"FLORISENE - ravintolis\u00e4 naisten hiuksille - Reviva\",\"isPartOf\":{\"@id\":\"https:\/\/reviva.fi\/fi\/#website\"},\"primaryImageOfPage\":{\"@id\":\"https:\/\/reviva.fi\/fi\/tuote\/florisene-ravintolisa-naisten-hiuksille\/#primaryimage\"},\"image\":{\"@id\":\"https:\/\/reviva.fi\/fi\/tuote\/florisene-ravintolisa-naisten-hiuksille\/#primaryimage\"},\"thumbnailUrl\":\"https:\/\/reviva.fi\/wp-content\/uploads\/2024\/12\/8440-90-Florisene.jpg\",\"datePublished\":\"2024-12-17T13:35:55+00:00\",\"dateModified\":\"2024-12-23T08:03:02+00:00\",\"description\":\"FLORISENE - ravintolis\u00e4 naisten hiuksille. Suunniteltu naisille, jotka k\u00e4rsiv\u00e4t hiustenl\u00e4hd\u00f6st\u00e4 ja huonosta hiusten laadusta.\",\"breadcrumb\":{\"@id\":\"https:\/\/reviva.fi\/fi\/tuote\/florisene-ravintolisa-naisten-hiuksille\/#breadcrumb\"},\"inLanguage\":\"fi\",\"potentialAction\":[{\"@type\":\"ReadAction\",\"target\":[\"https:\/\/reviva.fi\/fi\/tuote\/florisene-ravintolisa-naisten-hiuksille\/\"]}]},{\"@type\":\"ImageObject\",\"inLanguage\":\"fi\",\"@id\":\"https:\/\/reviva.fi\/fi\/tuote\/florisene-ravintolisa-naisten-hiuksille\/#primaryimage\",\"url\":\"https:\/\/reviva.fi\/wp-content\/uploads\/2024\/12\/8440-90-Florisene.jpg\",\"contentUrl\":\"https:\/\/reviva.fi\/wp-content\/uploads\/2024\/12\/8440-90-Florisene.jpg\",\"width\":780,\"height\":780,\"caption\":\"FLORISENE\u00a0 - ravintolis\u00e4 naisten hiuksille\"},{\"@type\":\"BreadcrumbList\",\"@id\":\"https:\/\/reviva.fi\/fi\/tuote\/florisene-ravintolisa-naisten-hiuksille\/#breadcrumb\",\"itemListElement\":[{\"@type\":\"ListItem\",\"position\":1,\"name\":\"Etusivu\",\"item\":\"https:\/\/reviva.fi\/fi\/\"},{\"@type\":\"ListItem\",\"position\":2,\"name\":\"Tuotteet\",\"item\":\"https:\/\/reviva.fi\/produkter\/\"},{\"@type\":\"ListItem\",\"position\":3,\"name\":\"FLORISENE &#8211; ravintolis\u00e4 naisten hiuksille\"}]},{\"@type\":\"WebSite\",\"@id\":\"https:\/\/reviva.fi\/fi\/#website\",\"url\":\"https:\/\/reviva.fi\/fi\/\",\"name\":\"Reviva\",\"description\":\"\",\"publisher\":{\"@id\":\"https:\/\/reviva.fi\/fi\/#organization\"},\"potentialAction\":[{\"@type\":\"SearchAction\",\"target\":{\"@type\":\"EntryPoint\",\"urlTemplate\":\"https:\/\/reviva.fi\/fi\/?s={search_term_string}\"},\"query-input\":{\"@type\":\"PropertyValueSpecification\",\"valueRequired\":true,\"valueName\":\"search_term_string\"}}],\"inLanguage\":\"fi\"},{\"@type\":\"Organization\",\"@id\":\"https:\/\/reviva.fi\/fi\/#organization\",\"name\":\"Reviva\",\"url\":\"https:\/\/reviva.fi\/fi\/\",\"logo\":{\"@type\":\"ImageObject\",\"inLanguage\":\"fi\",\"@id\":\"https:\/\/reviva.fi\/fi\/#\/schema\/logo\/image\/\",\"url\":\"https:\/\/reviva.fi\/wp-content\/uploads\/2023\/10\/reviva-logo2.svg\",\"contentUrl\":\"https:\/\/reviva.fi\/wp-content\/uploads\/2023\/10\/reviva-logo2.svg\",\"caption\":\"Reviva\"},\"image\":{\"@id\":\"https:\/\/reviva.fi\/fi\/#\/schema\/logo\/image\/\"}}]}<\/script>\n<meta property=\"product:price:amount\" content=\"38.90\" \/>\n<meta property=\"product:price:currency\" content=\"EUR\" \/>\n<meta property=\"og:availability\" content=\"instock\" \/>\n<meta property=\"product:availability\" content=\"instock\" \/>\n<meta property=\"product:retailer_item_id\" content=\"8440-90\" \/>\n<meta property=\"product:condition\" content=\"new\" \/>\n<!-- \/ Yoast SEO plugin. -->","yoast_head_json":{"title":"FLORISENE - ravintolis\u00e4 naisten hiuksille - Reviva","description":"FLORISENE - ravintolis\u00e4 naisten hiuksille. Suunniteltu naisille, jotka k\u00e4rsiv\u00e4t hiustenl\u00e4hd\u00f6st\u00e4 ja huonosta hiusten laadusta.","robots":{"index":"index","follow":"follow","max-snippet":"max-snippet:-1","max-image-preview":"max-image-preview:large","max-video-preview":"max-video-preview:-1"},"canonical":"https:\/\/reviva.fi\/fi\/tuote\/florisene-ravintolisa-naisten-hiuksille\/","og_locale":"fi_FI","og_type":"article","og_title":"FLORISENE - ravintolis\u00e4 naisten hiuksille - Reviva","og_description":"FLORISENE - ravintolis\u00e4 naisten hiuksille. Suunniteltu naisille, jotka k\u00e4rsiv\u00e4t hiustenl\u00e4hd\u00f6st\u00e4 ja huonosta hiusten laadusta.","og_url":"https:\/\/reviva.fi\/fi\/tuote\/florisene-ravintolisa-naisten-hiuksille\/","og_site_name":"Reviva","article_modified_time":"2024-12-23T08:03:02+00:00","og_image":[{"width":780,"height":780,"url":"https:\/\/reviva.fi\/wp-content\/uploads\/2024\/12\/8440-90-Florisene.jpg","type":"image\/jpeg"}],"twitter_card":"summary_large_image","schema":{"@context":"https:\/\/schema.org","@graph":[{"@type":"WebPage","@id":"https:\/\/reviva.fi\/fi\/tuote\/florisene-ravintolisa-naisten-hiuksille\/","url":"https:\/\/reviva.fi\/fi\/tuote\/florisene-ravintolisa-naisten-hiuksille\/","name":"FLORISENE - ravintolis\u00e4 naisten hiuksille - Reviva","isPartOf":{"@id":"https:\/\/reviva.fi\/fi\/#website"},"primaryImageOfPage":{"@id":"https:\/\/reviva.fi\/fi\/tuote\/florisene-ravintolisa-naisten-hiuksille\/#primaryimage"},"image":{"@id":"https:\/\/reviva.fi\/fi\/tuote\/florisene-ravintolisa-naisten-hiuksille\/#primaryimage"},"thumbnailUrl":"https:\/\/reviva.fi\/wp-content\/uploads\/2024\/12\/8440-90-Florisene.jpg","datePublished":"2024-12-17T13:35:55+00:00","dateModified":"2024-12-23T08:03:02+00:00","description":"FLORISENE - ravintolis\u00e4 naisten hiuksille. Suunniteltu naisille, jotka k\u00e4rsiv\u00e4t hiustenl\u00e4hd\u00f6st\u00e4 ja huonosta hiusten laadusta.","breadcrumb":{"@id":"https:\/\/reviva.fi\/fi\/tuote\/florisene-ravintolisa-naisten-hiuksille\/#breadcrumb"},"inLanguage":"fi","potentialAction":[{"@type":"ReadAction","target":["https:\/\/reviva.fi\/fi\/tuote\/florisene-ravintolisa-naisten-hiuksille\/"]}]},{"@type":"ImageObject","inLanguage":"fi","@id":"https:\/\/reviva.fi\/fi\/tuote\/florisene-ravintolisa-naisten-hiuksille\/#primaryimage","url":"https:\/\/reviva.fi\/wp-content\/uploads\/2024\/12\/8440-90-Florisene.jpg","contentUrl":"https:\/\/reviva.fi\/wp-content\/uploads\/2024\/12\/8440-90-Florisene.jpg","width":780,"height":780,"caption":"FLORISENE\u00a0 - ravintolis\u00e4 naisten hiuksille"},{"@type":"BreadcrumbList","@id":"https:\/\/reviva.fi\/fi\/tuote\/florisene-ravintolisa-naisten-hiuksille\/#breadcrumb","itemListElement":[{"@type":"ListItem","position":1,"name":"Etusivu","item":"https:\/\/reviva.fi\/fi\/"},{"@type":"ListItem","position":2,"name":"Tuotteet","item":"https:\/\/reviva.fi\/produkter\/"},{"@type":"ListItem","position":3,"name":"FLORISENE &#8211; ravintolis\u00e4 naisten hiuksille"}]},{"@type":"WebSite","@id":"https:\/\/reviva.fi\/fi\/#website","url":"https:\/\/reviva.fi\/fi\/","name":"Reviva","description":"","publisher":{"@id":"https:\/\/reviva.fi\/fi\/#organization"},"potentialAction":[{"@type":"SearchAction","target":{"@type":"EntryPoint","urlTemplate":"https:\/\/reviva.fi\/fi\/?s={search_term_string}"},"query-input":{"@type":"PropertyValueSpecification","valueRequired":true,"valueName":"search_term_string"}}],"inLanguage":"fi"},{"@type":"Organization","@id":"https:\/\/reviva.fi\/fi\/#organization","name":"Reviva","url":"https:\/\/reviva.fi\/fi\/","logo":{"@type":"ImageObject","inLanguage":"fi","@id":"https:\/\/reviva.fi\/fi\/#\/schema\/logo\/image\/","url":"https:\/\/reviva.fi\/wp-content\/uploads\/2023\/10\/reviva-logo2.svg","contentUrl":"https:\/\/reviva.fi\/wp-content\/uploads\/2023\/10\/reviva-logo2.svg","caption":"Reviva"},"image":{"@id":"https:\/\/reviva.fi\/fi\/#\/schema\/logo\/image\/"}}]},"product_price_amount":"38.90","product_price_currency":"EUR","og_availability":"instock","product_availability":"instock","product_retailer_item_id":"8440-90","product_condition":"new"},"taxonomy_info":{"product_cat":[{"value":2384,"label":"Rauta"},{"value":5978,"label":"Multi tuotteet"},{"value":2444,"label":"Lamberts"},{"value":2350,"label":"Iho &amp; Kauneus"}],"product_tag":[{"value":3507,"label":"Behandling av kroniskt telogent effluvium"},{"value":3508,"label":"Dagligt tillskott f\u00f6r h\u00e5rh\u00e4lsa"},{"value":3509,"label":"F\u00f6r dem som s\u00f6ker tjockare och starkare h\u00e5r"},{"value":3510,"label":"F\u00f6r kvinnor med h\u00e5ravfall"},{"value":3511,"label":"F\u00f6r personer med j\u00e4rnbristrelaterat h\u00e5ravfall"},{"value":3512,"label":"F\u00f6r tunt och livl\u00f6st h\u00e5r"},{"value":3513,"label":"F\u00f6rb\u00e4ttrar h\u00e5rkvalitet"},{"value":3514,"label":"F\u00f6rb\u00e4ttring av h\u00e5rstruktur och glans"},{"value":3515,"label":"Florisene"},{"value":3516,"label":"Fr\u00e4mjar h\u00e5rv\u00e4xt"},{"value":3517,"label":"Fri fr\u00e5n konstgjorda f\u00e4rg\u00e4mnen och konserveringsmedel"},{"value":3518,"label":"H\u00e5ravfallsbehandling"},{"value":3519,"label":"H\u00e5rh\u00e4lsa"},{"value":3520,"label":"Inneh\u00e5ller j\u00e4rn"},{"value":3521,"label":"Kliniskt testad formula"},{"value":3522,"label":"Komplement vid kostrelaterat h\u00e5ravfall"},{"value":3523,"label":"Kosttillskott f\u00f6r h\u00e5r"},{"value":3524,"label":"L\u00e4ttupptagliga tabletter"},{"value":3525,"label":"lysin och andra viktiga n\u00e4rings\u00e4mnen"},{"value":3526,"label":"Motverkar h\u00e5ravfall"},{"value":3527,"label":"N\u00e4ring f\u00f6r h\u00e5ret"},{"value":3528,"label":"N\u00e4ringsst\u00f6d f\u00f6r h\u00e5ret"},{"value":3529,"label":"N\u00e4ringstillskott f\u00f6r optimal h\u00e5rv\u00e4xt"},{"value":3530,"label":"Rekommenderas av experter inom h\u00e5rh\u00e4lsa"},{"value":3531,"label":"St\u00f6d vid diffust h\u00e5ravfall"},{"value":3532,"label":"St\u00e4rker h\u00e5rr\u00f6tter"}]},"featured_image_src_large":["https:\/\/reviva.fi\/wp-content\/uploads\/2024\/12\/8440-90-Florisene.jpg",780,780,false],"author_info":[],"comment_info":0,"_links":{"self":[{"href":"https:\/\/reviva.fi\/fi\/wp-json\/wp\/v2\/product\/10299","targetHints":{"allow":["GET"]}}],"collection":[{"href":"https:\/\/reviva.fi\/fi\/wp-json\/wp\/v2\/product"}],"about":[{"href":"https:\/\/reviva.fi\/fi\/wp-json\/wp\/v2\/types\/product"}],"replies":[{"embeddable":true,"href":"https:\/\/reviva.fi\/fi\/wp-json\/wp\/v2\/comments?post=10299"}],"wp:featuredmedia":[{"embeddable":true,"href":"https:\/\/reviva.fi\/fi\/wp-json\/wp\/v2\/media\/10212"}],"wp:attachment":[{"href":"https:\/\/reviva.fi\/fi\/wp-json\/wp\/v2\/media?parent=10299"}],"wp:term":[{"taxonomy":"product_brand","embeddable":true,"href":"https:\/\/reviva.fi\/fi\/wp-json\/wp\/v2\/product_brand?post=10299"},{"taxonomy":"product_cat","embeddable":true,"href":"https:\/\/reviva.fi\/fi\/wp-json\/wp\/v2\/product_cat?post=10299"},{"taxonomy":"product_tag","embeddable":true,"href":"https:\/\/reviva.fi\/fi\/wp-json\/wp\/v2\/product_tag?post=10299"}],"curies":[{"name":"wp","href":"https:\/\/api.w.org\/{rel}","templated":true}]}}