{"id":10302,"date":"2024-12-17T15:45:09","date_gmt":"2024-12-17T13:45:09","guid":{"rendered":"https:\/\/reviva.fi\/product\/magnesium-375mg-60-tabletter\/"},"modified":"2026-02-18T13:37:32","modified_gmt":"2026-02-18T11:37:32","slug":"magnesium-375mg-lamberts","status":"publish","type":"product","link":"https:\/\/reviva.fi\/fi\/tuote\/magnesium-375mg-lamberts\/","title":{"rendered":"Magnesium 375mg One-A-Day &#8211; Lamberts"},"content":{"rendered":"<div class=\"flex flex-col text-sm pb-25\">\n<article class=\"text-token-text-primary w-full focus:outline-none [--shadow-height:45px] has-data-writing-block:pointer-events-none has-data-writing-block:-mt-(--shadow-height) has-data-writing-block:pt-(--shadow-height) [&amp;:has([data-writing-block])&gt;*]:pointer-events-auto scroll-mt-[calc(var(--header-height)+min(200px,max(70px,20svh)))]\" dir=\"auto\" tabindex=\"-1\" data-turn-id=\"request-698a1824-1cb0-8333-9a3e-4ef56302f53a-22\" data-testid=\"conversation-turn-142\" data-scroll-anchor=\"true\" data-turn=\"assistant\">\n<div class=\"text-base my-auto mx-auto pb-10 [--thread-content-margin:--spacing(4)] @w-sm\/main:[--thread-content-margin:--spacing(6)] @w-lg\/main:[--thread-content-margin:--spacing(16)] px-(--thread-content-margin)\">\n<div class=\"[--thread-content-max-width:40rem] @w-lg\/main:[--thread-content-max-width:48rem] mx-auto max-w-(--thread-content-max-width) flex-1 group\/turn-messages focus-visible:outline-hidden relative flex w-full min-w-0 flex-col agent-turn\" tabindex=\"-1\">\n<div class=\"flex max-w-full flex-col grow\">\n<div class=\"min-h-8 text-message relative flex w-full flex-col items-end gap-2 text-start break-words whitespace-normal [.text-message+&amp;]:mt-1\" dir=\"auto\" data-message-author-role=\"assistant\" data-message-id=\"cf5541f9-996b-4b34-b7d8-2ee0569f6404\" data-message-model-slug=\"gpt-5-2\">\n<div class=\"flex w-full flex-col gap-1 empty:hidden first:pt-[1px]\">\n<div class=\"markdown prose dark:prose-invert w-full wrap-break-word light markdown-new-styling\">\n<p data-start=\"0\" data-end=\"60\"><strong>T\u00e4ydellinen p\u00e4ivitt\u00e4inen magnesiumannos yhdess\u00e4 tabletissa<\/strong><\/p>\n<p data-start=\"62\" data-end=\"339\">Lamberts Magnesium 375 mg One-A-Day on korkealaatuinen magnesiumvalmiste, joka sis\u00e4lt\u00e4\u00e4 375 mg magnesiumia per tabletti \u2013 vastaten 100 % p\u00e4ivitt\u00e4isest\u00e4 saannin vertailuarvosta (DRI). Tuote on kehitetty tarjoamaan k\u00e4yt\u00e4nn\u00f6llinen ja tehokas lis\u00e4 vain yhdell\u00e4 tabletilla p\u00e4iv\u00e4ss\u00e4.<\/p>\n<p data-start=\"341\" data-end=\"525\">Magnesium on elimist\u00f6lle v\u00e4ltt\u00e4m\u00e4t\u00f6n kivenn\u00e4isaine, joka osallistuu yli 300 entsymaattiseen reaktioon ja jolla on keskeinen rooli lihaksille, hermostolle ja energia-aineenvaihdunnalle.<\/p>\n<p data-start=\"527\" data-end=\"562\"><strong>Energia ja v\u00e4symyksen v\u00e4heneminen<\/strong><\/p>\n<p data-start=\"564\" data-end=\"576\">Magnesium:<\/p>\n<ul>\n<li data-start=\"578\" data-end=\"622\">edist\u00e4\u00e4 normaalia energia-aineenvaihduntaa<\/li>\n<li data-start=\"578\" data-end=\"622\">auttaa v\u00e4hent\u00e4m\u00e4\u00e4n v\u00e4symyst\u00e4 ja uupumusta<\/li>\n<\/ul>\n<p data-start=\"669\" data-end=\"791\">Magnesium osallistuu elimist\u00f6n energiantuotantoon ja voi olla erityisen t\u00e4rke\u00e4 kuormittavina tai v\u00e4sytt\u00e4vin\u00e4 ajanjaksoina.<\/p>\n<p data-start=\"793\" data-end=\"834\"><strong>Lihastoiminta ja elektrolyyttitasapaino<\/strong><\/p>\n<p data-start=\"836\" data-end=\"848\">Magnesium:<\/p>\n<ul>\n<li data-start=\"850\" data-end=\"884\">edist\u00e4\u00e4 normaalia lihastoimintaa<\/li>\n<li data-start=\"850\" data-end=\"884\">edist\u00e4\u00e4 elektrolyyttitasapainoa<\/li>\n<\/ul>\n<p data-start=\"921\" data-end=\"1020\">Magnesium on t\u00e4rke\u00e4 lihasten normaalille toiminnalle ja sill\u00e4 on rooli elimist\u00f6n nestetasapainossa.<\/p>\n<p data-start=\"1022\" data-end=\"1057\"><strong>Hermosto ja psykologinen toiminta<\/strong><\/p>\n<p data-start=\"1059\" data-end=\"1071\">Magnesium:<\/p>\n<ul>\n<li data-start=\"1073\" data-end=\"1112\">edist\u00e4\u00e4 hermoston normaalia toimintaa<\/li>\n<li data-start=\"1073\" data-end=\"1112\">edist\u00e4\u00e4 normaalia psykologista toimintaa<\/li>\n<\/ul>\n<p data-start=\"1158\" data-end=\"1262\">Riitt\u00e4v\u00e4 magnesiumin saanti on t\u00e4rke\u00e4\u00e4 elimist\u00f6n neurologisille prosesseille ja henkiselle tasapainolle.<\/p>\n<p data-start=\"1264\" data-end=\"1283\"><strong>Luusto ja hampaat<\/strong><\/p>\n<p data-start=\"1285\" data-end=\"1297\">Magnesium:<\/p>\n<ul>\n<li data-start=\"1299\" data-end=\"1337\">edist\u00e4\u00e4 luuston pysymist\u00e4 normaalina<\/li>\n<li data-start=\"1299\" data-end=\"1337\">edist\u00e4\u00e4 hampaiden pysymist\u00e4 normaaleina<\/li>\n<\/ul>\n<p data-start=\"1382\" data-end=\"1505\">Magnesium on t\u00e4rke\u00e4 osa luuston rakennetta ja toimii yhdess\u00e4 muiden kivenn\u00e4isaineiden, kuten kalsiumin ja fosforin, kanssa.<\/p>\n<p data-start=\"1507\" data-end=\"1550\"><strong>Solujen jakautuminen ja proteiinisynteesi<\/strong><\/p>\n<p data-start=\"1552\" data-end=\"1564\">Magnesium:<\/p>\n<ul>\n<li data-start=\"1566\" data-end=\"1607\">osallistuu solujen jakautumisprosessiin<\/li>\n<li data-start=\"1566\" data-end=\"1607\">edist\u00e4\u00e4 normaalia proteiinisynteesi\u00e4<\/li>\n<\/ul>\n<p data-start=\"1649\" data-end=\"1737\">T\u00e4m\u00e4n ansiosta magnesium on keskeinen ravintotekij\u00e4 elimist\u00f6n biologisille toiminnoille.<\/p>\n<p data-start=\"1739\" data-end=\"1775\"><strong>K\u00e4yt\u00e4nn\u00f6llinen One-A-Day-koostumus<\/strong><\/p>\n<p data-start=\"1777\" data-end=\"1989\">375 mg per tabletti kattaa koko p\u00e4ivitt\u00e4isen tarpeen yhdell\u00e4 tabletilla. T\u00e4m\u00e4 tekee tuotteesta erityisen sopivan sinulle, joka haluat yksinkertaisen ja vaivattoman ratkaisun ilman useita p\u00e4ivitt\u00e4isi\u00e4 annosteluja.<\/p>\n<p data-start=\"1991\" data-end=\"2024\"><strong>Kenelle Magnesium 375 mg sopii?<\/strong><\/p>\n<p data-start=\"2026\" data-end=\"2065\">Tuote voi olla erityisen hy\u00f6dyllinen:<\/p>\n<ul>\n<li data-start=\"2067\" data-end=\"2130\">henkil\u00f6ille, joilla on korkea fyysinen tai henkinen kuormitus<\/li>\n<li data-start=\"2067\" data-end=\"2130\">henkil\u00f6ille, jotka harjoittelevat s\u00e4\u00e4nn\u00f6llisesti<\/li>\n<li data-start=\"2067\" data-end=\"2130\">henkil\u00f6ille, jotka haluavat tukea lihaksia ja hermostoa<\/li>\n<li data-start=\"2067\" data-end=\"2130\">sinulle, joka haluat varmistaa riitt\u00e4v\u00e4n p\u00e4ivitt\u00e4isen magnesiumin saannin<\/li>\n<\/ul>\n<p data-start=\"2320\" data-end=\"2341\"><strong>Laatua Lambertsilta<\/strong><\/p>\n<p data-start=\"2343\" data-end=\"2582\">Lamberts tunnetaan korkeista laatustandardeistaan ja huolellisesti valvotuista raaka-aineistaan. Magnesium 375 mg One-A-Day valmistetaan tiukkojen laatuvaatimusten mukaisesti oikean annostuksen, stabiilisuuden ja puhtauden varmistamiseksi.<\/p>\n<p data-start=\"2584\" data-end=\"2687\" data-is-last-node=\"\" data-is-only-node=\"\">Tabletit ovat helppok\u00e4ytt\u00f6isi\u00e4 ja soveltuvat p\u00e4ivitt\u00e4iseen k\u00e4ytt\u00f6\u00f6n suositellun annostuksen mukaisesti.<\/p>\n<\/div>\n<\/div>\n<\/div>\n<\/div>\n<\/div>\n<\/div>\n<\/article>\n<\/div>\n","protected":false},"excerpt":{"rendered":"<p data-start=\"0\" data-end=\"330\">Lamberts Magnesium 375 mg One-A-Day on t\u00e4ydellinen ja korkealaatuinen magnesiumvalmiste, joka edist\u00e4\u00e4 normaalia energia-aineenvaihduntaa, auttaa v\u00e4hent\u00e4m\u00e4\u00e4n v\u00e4symyst\u00e4 ja uupumusta, edist\u00e4\u00e4 normaalia lihastoimintaa ja hermoston normaalia toimintaa sek\u00e4 luuston pysymist\u00e4 normaalina \u2013 k\u00e4tev\u00e4ss\u00e4 annostuksessa yksi tabletti p\u00e4iv\u00e4ss\u00e4.<\/p>\n<ul>\n<li data-start=\"332\" data-end=\"519\">Sis\u00e4lt\u00e4\u00e4 100 % magnesiumin p\u00e4ivitt\u00e4isest\u00e4 saannin vertailuarvosta (DRI)<\/li>\n<li data-start=\"332\" data-end=\"519\">Helposti nielt\u00e4vi\u00e4 tabletteja<\/li>\n<li data-start=\"332\" data-end=\"519\">One-a-day -koostumus<\/li>\n<li data-start=\"332\" data-end=\"519\">Ainutlaatuinen yhdistelm\u00e4 nelj\u00e4\u00e4 eri magnesiumyhdistett\u00e4<\/li>\n<\/ul>\n<p data-start=\"521\" data-end=\"541\" data-is-last-node=\"\" data-is-only-node=\"\"><strong>60 tai 180 tablettia<\/strong><\/p>\n","protected":false},"featured_media":10215,"comment_status":"closed","ping_status":"closed","template":"","meta":{"_acf_changed":false,"inline_featured_image":false,"_kad_blocks_custom_css":"","_kad_blocks_head_custom_js":"","_kad_blocks_body_custom_js":"","_kad_blocks_footer_custom_js":"","_kadence_starter_templates_imported_post":false,"_kad_post_transparent":"default","_kad_post_title":"","_kad_post_layout":"default","_kad_post_sidebar_id":"","_kad_post_content_style":"default","_kad_post_vertical_padding":"default","_kad_post_feature":"","_kad_post_feature_position":"","_kad_post_header":false,"_kad_post_footer":false},"product_brand":[],"product_cat":[93,92,2444,2376,2371],"product_tag":[3575,3576,3577,3465,3466,3442,3578,3357,3579,3580,3581,3582,3583,3584,3585,3586,3587,3588,3589,3590,3591,3592,3593,3594],"class_list":{"0":"post-10302","1":"product","2":"type-product","3":"status-publish","4":"has-post-thumbnail","6":"product_cat-mineraler-fi","7":"product_cat-magnesium-fi","8":"product_cat-lamberts-fi","9":"product_cat-stressad-och-trott-fi","10":"product_cat-muskler-och-leder-fi","11":"product_tag-ben-och-tandhalsa-fi","12":"product_tag-dagligt-mineraltillskott-fi","13":"product_tag-elektrolytbalans-fi","14":"product_tag-energiomsattning-fi","15":"product_tag-for-aktiva-personer-fi","16":"product_tag-for-battre-somn-fi","17":"product_tag-for-personer-med-magnesiumbrist-fi","18":"product_tag-for-stresshantering-fi","19":"product_tag-fri-fran-onodiga-tillsatser-fi","20":"product_tag-hog-biotillganglighet-fi","21":"product_tag-hogdoserat-magnesium-fi","22":"product_tag-hjart-karlhalsa-fi","23":"product_tag-krampforebyggande-fi","24":"product_tag-lattupptaglig-form-fi","25":"product_tag-laboratorietestat-for-renhet-fi","26":"product_tag-magnesium-375-mg-fi","27":"product_tag-magnesiumtabletter-fi","28":"product_tag-magnesiumtillskott-fi","29":"product_tag-minskad-trotthet-fi","30":"product_tag-muskelavslappning-fi","31":"product_tag-nervsystemets-halsa-fi","32":"product_tag-stod-for-muskelfunktion-fi","33":"product_tag-stod-vid-migran-fi","34":"product_tag-veganskt-vegetariskt-alternativ-fi","36":"first","37":"instock","38":"taxable","39":"shipping-taxable","40":"purchasable","41":"product-type-variable","42":"entry","43":"content-bg","44":"loop-entry"},"acf":[],"yoast_head":"<!-- This site is optimized with the Yoast SEO plugin v25.8 - https:\/\/yoast.com\/wordpress\/plugins\/seo\/ -->\n<title>Magnesium 375mg One-A-Day - Lamberts - Reviva<\/title>\n<meta name=\"description\" content=\"Magnesium 375 mg (60 \/ 180 tablettia). Helposti nielev\u00e4t tabletit. Yksi tabletti p\u00e4iv\u00e4ss\u00e4 -muodossa. Uniikki sekoitus nelj\u00e4\u00e4 erilaista magnesium-yhdistett\u00e4.\" \/>\n<meta name=\"robots\" content=\"index, follow, max-snippet:-1, max-image-preview:large, max-video-preview:-1\" \/>\n<link rel=\"canonical\" href=\"https:\/\/reviva.fi\/fi\/tuote\/magnesium-375mg-lamberts\/\" \/>\n<meta property=\"og:locale\" content=\"fi_FI\" \/>\n<meta property=\"og:type\" content=\"article\" \/>\n<meta property=\"og:title\" content=\"Magnesium 375mg One-A-Day - Lamberts - Reviva\" \/>\n<meta property=\"og:description\" content=\"Magnesium 375 mg (60 \/ 180 tablettia). Helposti nielev\u00e4t tabletit. Yksi tabletti p\u00e4iv\u00e4ss\u00e4 -muodossa. Uniikki sekoitus nelj\u00e4\u00e4 erilaista magnesium-yhdistett\u00e4.\" \/>\n<meta property=\"og:url\" content=\"https:\/\/reviva.fi\/fi\/tuote\/magnesium-375mg-lamberts\/\" \/>\n<meta property=\"og:site_name\" content=\"Reviva\" \/>\n<meta property=\"article:modified_time\" content=\"2026-02-18T11:37:32+00:00\" \/>\n<meta property=\"og:image\" content=\"https:\/\/reviva.fi\/wp-content\/uploads\/2024\/12\/8241-60-Magnesium-375.jpg\" \/>\n\t<meta property=\"og:image:width\" content=\"780\" \/>\n\t<meta property=\"og:image:height\" content=\"780\" \/>\n\t<meta property=\"og:image:type\" content=\"image\/jpeg\" \/>\n<meta name=\"twitter:card\" content=\"summary_large_image\" \/>\n<script type=\"application\/ld+json\" class=\"yoast-schema-graph\">{\"@context\":\"https:\/\/schema.org\",\"@graph\":[{\"@type\":\"WebPage\",\"@id\":\"https:\/\/reviva.fi\/fi\/tuote\/magnesium-375mg-lamberts\/\",\"url\":\"https:\/\/reviva.fi\/fi\/tuote\/magnesium-375mg-lamberts\/\",\"name\":\"Magnesium 375mg One-A-Day - Lamberts - Reviva\",\"isPartOf\":{\"@id\":\"https:\/\/reviva.fi\/fi\/#website\"},\"primaryImageOfPage\":{\"@id\":\"https:\/\/reviva.fi\/fi\/tuote\/magnesium-375mg-lamberts\/#primaryimage\"},\"image\":{\"@id\":\"https:\/\/reviva.fi\/fi\/tuote\/magnesium-375mg-lamberts\/#primaryimage\"},\"thumbnailUrl\":\"https:\/\/reviva.fi\/wp-content\/uploads\/2024\/12\/8241-60-Magnesium-375.jpg\",\"datePublished\":\"2024-12-17T13:45:09+00:00\",\"dateModified\":\"2026-02-18T11:37:32+00:00\",\"description\":\"Magnesium 375 mg (60 \/ 180 tablettia). Helposti nielev\u00e4t tabletit. Yksi tabletti p\u00e4iv\u00e4ss\u00e4 -muodossa. Uniikki sekoitus nelj\u00e4\u00e4 erilaista magnesium-yhdistett\u00e4.\",\"breadcrumb\":{\"@id\":\"https:\/\/reviva.fi\/fi\/tuote\/magnesium-375mg-lamberts\/#breadcrumb\"},\"inLanguage\":\"fi\",\"potentialAction\":[{\"@type\":\"ReadAction\",\"target\":[\"https:\/\/reviva.fi\/fi\/tuote\/magnesium-375mg-lamberts\/\"]}]},{\"@type\":\"ImageObject\",\"inLanguage\":\"fi\",\"@id\":\"https:\/\/reviva.fi\/fi\/tuote\/magnesium-375mg-lamberts\/#primaryimage\",\"url\":\"https:\/\/reviva.fi\/wp-content\/uploads\/2024\/12\/8241-60-Magnesium-375.jpg\",\"contentUrl\":\"https:\/\/reviva.fi\/wp-content\/uploads\/2024\/12\/8241-60-Magnesium-375.jpg\",\"width\":780,\"height\":780,\"caption\":\"Magnesium 375mg (60 Tablettia)\"},{\"@type\":\"BreadcrumbList\",\"@id\":\"https:\/\/reviva.fi\/fi\/tuote\/magnesium-375mg-lamberts\/#breadcrumb\",\"itemListElement\":[{\"@type\":\"ListItem\",\"position\":1,\"name\":\"Etusivu\",\"item\":\"https:\/\/reviva.fi\/fi\/\"},{\"@type\":\"ListItem\",\"position\":2,\"name\":\"Tuotteet\",\"item\":\"https:\/\/reviva.fi\/produkter\/\"},{\"@type\":\"ListItem\",\"position\":3,\"name\":\"Magnesium 375mg One-A-Day &#8211; Lamberts\"}]},{\"@type\":\"WebSite\",\"@id\":\"https:\/\/reviva.fi\/fi\/#website\",\"url\":\"https:\/\/reviva.fi\/fi\/\",\"name\":\"Reviva\",\"description\":\"\",\"publisher\":{\"@id\":\"https:\/\/reviva.fi\/fi\/#organization\"},\"potentialAction\":[{\"@type\":\"SearchAction\",\"target\":{\"@type\":\"EntryPoint\",\"urlTemplate\":\"https:\/\/reviva.fi\/fi\/?s={search_term_string}\"},\"query-input\":{\"@type\":\"PropertyValueSpecification\",\"valueRequired\":true,\"valueName\":\"search_term_string\"}}],\"inLanguage\":\"fi\"},{\"@type\":\"Organization\",\"@id\":\"https:\/\/reviva.fi\/fi\/#organization\",\"name\":\"Reviva\",\"url\":\"https:\/\/reviva.fi\/fi\/\",\"logo\":{\"@type\":\"ImageObject\",\"inLanguage\":\"fi\",\"@id\":\"https:\/\/reviva.fi\/fi\/#\/schema\/logo\/image\/\",\"url\":\"https:\/\/reviva.fi\/wp-content\/uploads\/2023\/10\/reviva-logo2.svg\",\"contentUrl\":\"https:\/\/reviva.fi\/wp-content\/uploads\/2023\/10\/reviva-logo2.svg\",\"caption\":\"Reviva\"},\"image\":{\"@id\":\"https:\/\/reviva.fi\/fi\/#\/schema\/logo\/image\/\"}}]}<\/script>\n<meta property=\"og:availability\" content=\"instock\" \/>\n<meta property=\"product:availability\" content=\"instock\" \/>\n<meta property=\"product:retailer_item_id\" content=\"8241-60\" \/>\n<meta property=\"product:condition\" content=\"new\" \/>\n<!-- \/ Yoast SEO plugin. -->","yoast_head_json":{"title":"Magnesium 375mg One-A-Day - Lamberts - Reviva","description":"Magnesium 375 mg (60 \/ 180 tablettia). Helposti nielev\u00e4t tabletit. Yksi tabletti p\u00e4iv\u00e4ss\u00e4 -muodossa. Uniikki sekoitus nelj\u00e4\u00e4 erilaista magnesium-yhdistett\u00e4.","robots":{"index":"index","follow":"follow","max-snippet":"max-snippet:-1","max-image-preview":"max-image-preview:large","max-video-preview":"max-video-preview:-1"},"canonical":"https:\/\/reviva.fi\/fi\/tuote\/magnesium-375mg-lamberts\/","og_locale":"fi_FI","og_type":"article","og_title":"Magnesium 375mg One-A-Day - Lamberts - Reviva","og_description":"Magnesium 375 mg (60 \/ 180 tablettia). Helposti nielev\u00e4t tabletit. Yksi tabletti p\u00e4iv\u00e4ss\u00e4 -muodossa. Uniikki sekoitus nelj\u00e4\u00e4 erilaista magnesium-yhdistett\u00e4.","og_url":"https:\/\/reviva.fi\/fi\/tuote\/magnesium-375mg-lamberts\/","og_site_name":"Reviva","article_modified_time":"2026-02-18T11:37:32+00:00","og_image":[{"width":780,"height":780,"url":"https:\/\/reviva.fi\/wp-content\/uploads\/2024\/12\/8241-60-Magnesium-375.jpg","type":"image\/jpeg"}],"twitter_card":"summary_large_image","schema":{"@context":"https:\/\/schema.org","@graph":[{"@type":"WebPage","@id":"https:\/\/reviva.fi\/fi\/tuote\/magnesium-375mg-lamberts\/","url":"https:\/\/reviva.fi\/fi\/tuote\/magnesium-375mg-lamberts\/","name":"Magnesium 375mg One-A-Day - Lamberts - Reviva","isPartOf":{"@id":"https:\/\/reviva.fi\/fi\/#website"},"primaryImageOfPage":{"@id":"https:\/\/reviva.fi\/fi\/tuote\/magnesium-375mg-lamberts\/#primaryimage"},"image":{"@id":"https:\/\/reviva.fi\/fi\/tuote\/magnesium-375mg-lamberts\/#primaryimage"},"thumbnailUrl":"https:\/\/reviva.fi\/wp-content\/uploads\/2024\/12\/8241-60-Magnesium-375.jpg","datePublished":"2024-12-17T13:45:09+00:00","dateModified":"2026-02-18T11:37:32+00:00","description":"Magnesium 375 mg (60 \/ 180 tablettia). Helposti nielev\u00e4t tabletit. Yksi tabletti p\u00e4iv\u00e4ss\u00e4 -muodossa. Uniikki sekoitus nelj\u00e4\u00e4 erilaista magnesium-yhdistett\u00e4.","breadcrumb":{"@id":"https:\/\/reviva.fi\/fi\/tuote\/magnesium-375mg-lamberts\/#breadcrumb"},"inLanguage":"fi","potentialAction":[{"@type":"ReadAction","target":["https:\/\/reviva.fi\/fi\/tuote\/magnesium-375mg-lamberts\/"]}]},{"@type":"ImageObject","inLanguage":"fi","@id":"https:\/\/reviva.fi\/fi\/tuote\/magnesium-375mg-lamberts\/#primaryimage","url":"https:\/\/reviva.fi\/wp-content\/uploads\/2024\/12\/8241-60-Magnesium-375.jpg","contentUrl":"https:\/\/reviva.fi\/wp-content\/uploads\/2024\/12\/8241-60-Magnesium-375.jpg","width":780,"height":780,"caption":"Magnesium 375mg (60 Tablettia)"},{"@type":"BreadcrumbList","@id":"https:\/\/reviva.fi\/fi\/tuote\/magnesium-375mg-lamberts\/#breadcrumb","itemListElement":[{"@type":"ListItem","position":1,"name":"Etusivu","item":"https:\/\/reviva.fi\/fi\/"},{"@type":"ListItem","position":2,"name":"Tuotteet","item":"https:\/\/reviva.fi\/produkter\/"},{"@type":"ListItem","position":3,"name":"Magnesium 375mg One-A-Day &#8211; Lamberts"}]},{"@type":"WebSite","@id":"https:\/\/reviva.fi\/fi\/#website","url":"https:\/\/reviva.fi\/fi\/","name":"Reviva","description":"","publisher":{"@id":"https:\/\/reviva.fi\/fi\/#organization"},"potentialAction":[{"@type":"SearchAction","target":{"@type":"EntryPoint","urlTemplate":"https:\/\/reviva.fi\/fi\/?s={search_term_string}"},"query-input":{"@type":"PropertyValueSpecification","valueRequired":true,"valueName":"search_term_string"}}],"inLanguage":"fi"},{"@type":"Organization","@id":"https:\/\/reviva.fi\/fi\/#organization","name":"Reviva","url":"https:\/\/reviva.fi\/fi\/","logo":{"@type":"ImageObject","inLanguage":"fi","@id":"https:\/\/reviva.fi\/fi\/#\/schema\/logo\/image\/","url":"https:\/\/reviva.fi\/wp-content\/uploads\/2023\/10\/reviva-logo2.svg","contentUrl":"https:\/\/reviva.fi\/wp-content\/uploads\/2023\/10\/reviva-logo2.svg","caption":"Reviva"},"image":{"@id":"https:\/\/reviva.fi\/fi\/#\/schema\/logo\/image\/"}}]},"og_availability":"instock","product_availability":"instock","product_retailer_item_id":"8241-60","product_condition":"new"},"taxonomy_info":{"product_cat":[{"value":93,"label":"Mineraalit"},{"value":92,"label":"Magnesium"},{"value":2444,"label":"Lamberts"},{"value":2376,"label":"Stressaantunut &amp; V\u00e4synyt"},{"value":2371,"label":"Nivelet &amp; Lihakset"}],"product_tag":[{"value":3575,"label":"Ben- och tandh\u00e4lsa"},{"value":3576,"label":"Dagligt mineraltillskott"},{"value":3577,"label":"Elektrolytbalans"},{"value":3465,"label":"Energioms\u00e4ttning"},{"value":3466,"label":"F\u00f6r aktiva personer"},{"value":3442,"label":"F\u00f6r b\u00e4ttre s\u00f6mn"},{"value":3578,"label":"F\u00f6r personer med magnesiumbrist"},{"value":3357,"label":"F\u00f6r stresshantering"},{"value":3579,"label":"Fri fr\u00e5n on\u00f6diga tillsatser"},{"value":3580,"label":"H\u00f6g biotillg\u00e4nglighet"},{"value":3581,"label":"H\u00f6gdoserat magnesium"},{"value":3582,"label":"Hj\u00e4rt-k\u00e4rlh\u00e4lsa"},{"value":3583,"label":"Krampf\u00f6rebyggande"},{"value":3584,"label":"L\u00e4ttupptaglig form"},{"value":3585,"label":"Laboratorietestat f\u00f6r renhet"},{"value":3586,"label":"Magnesium 375 mg"},{"value":3587,"label":"Magnesiumtabletter"},{"value":3588,"label":"Magnesiumtillskott"},{"value":3589,"label":"Minskad tr\u00f6tthet"},{"value":3590,"label":"Muskelavslappning"},{"value":3591,"label":"Nervsystemets h\u00e4lsa"},{"value":3592,"label":"St\u00f6d f\u00f6r muskelfunktion"},{"value":3593,"label":"St\u00f6d vid migr\u00e4n"},{"value":3594,"label":"Veganskt\/vegetariskt alternativ"}]},"featured_image_src_large":["https:\/\/reviva.fi\/wp-content\/uploads\/2024\/12\/8241-60-Magnesium-375.jpg",780,780,false],"author_info":[],"comment_info":0,"_links":{"self":[{"href":"https:\/\/reviva.fi\/fi\/wp-json\/wp\/v2\/product\/10302","targetHints":{"allow":["GET"]}}],"collection":[{"href":"https:\/\/reviva.fi\/fi\/wp-json\/wp\/v2\/product"}],"about":[{"href":"https:\/\/reviva.fi\/fi\/wp-json\/wp\/v2\/types\/product"}],"replies":[{"embeddable":true,"href":"https:\/\/reviva.fi\/fi\/wp-json\/wp\/v2\/comments?post=10302"}],"wp:featuredmedia":[{"embeddable":true,"href":"https:\/\/reviva.fi\/fi\/wp-json\/wp\/v2\/media\/10215"}],"wp:attachment":[{"href":"https:\/\/reviva.fi\/fi\/wp-json\/wp\/v2\/media?parent=10302"}],"wp:term":[{"taxonomy":"product_brand","embeddable":true,"href":"https:\/\/reviva.fi\/fi\/wp-json\/wp\/v2\/product_brand?post=10302"},{"taxonomy":"product_cat","embeddable":true,"href":"https:\/\/reviva.fi\/fi\/wp-json\/wp\/v2\/product_cat?post=10302"},{"taxonomy":"product_tag","embeddable":true,"href":"https:\/\/reviva.fi\/fi\/wp-json\/wp\/v2\/product_tag?post=10302"}],"curies":[{"name":"wp","href":"https:\/\/api.w.org\/{rel}","templated":true}]}}