{"id":10315,"date":"2024-12-18T15:43:21","date_gmt":"2024-12-18T13:43:21","guid":{"rendered":"https:\/\/reviva.fi\/product\/vitamin-b6-pyridoxin-50-mg\/"},"modified":"2026-02-09T19:40:47","modified_gmt":"2026-02-09T17:40:47","slug":"b6-vitamiini-pyridoksiini-50-mg","status":"publish","type":"product","link":"https:\/\/reviva.fi\/fi\/tuote\/b6-vitamiini-pyridoksiini-50-mg\/","title":{"rendered":"B6-vitamiini (pyridoksiini) 50 mg, Lamberts"},"content":{"rendered":"<p data-start=\"0\" data-end=\"46\"><strong data-start=\"0\" data-end=\"46\">Vitamiini B6 (pyridoksiini) 50 mg tabletit<\/strong><\/p>\n<p data-start=\"48\" data-end=\"315\">Vitamiini B6, jota kutsutaan my\u00f6s pyridoksiiniksi, on vesiliukoinen B-vitamiiniperheeseen kuuluva vitamiini, jota keho tarvitsee p\u00e4ivitt\u00e4in. V\u00e4ltt\u00e4m\u00e4tt\u00f6m\u00e4n\u00e4 ravintoaineena se osallistuu useisiin t\u00e4rkeisiin prosesseihin ja voi auttaa yll\u00e4pit\u00e4m\u00e4\u00e4n kehon eri toimintoja.<\/p>\n<p data-start=\"317\" data-end=\"637\">T\u00e4m\u00e4 ravintolis\u00e4 sis\u00e4lt\u00e4\u00e4 50 mg vitamiini B6:ta per kapseli hyvin annostellussa muodossa. Vitamiini B6 on erityisen hy\u00f6dyllinen ruokavalion t\u00e4ydennyksen\u00e4 silloin, kun halutaan varmistaa riitt\u00e4v\u00e4 p\u00e4ivitt\u00e4inen saanti. Kapselit ovat helppoja ottaa ja sopivat hyvin p\u00e4ivitt\u00e4iseen k\u00e4ytt\u00f6\u00f6n suositellun annostuksen mukaisesti.<\/p>\n<p data-start=\"639\" data-end=\"777\">Vitamiini B6 edist\u00e4\u00e4 immuunij\u00e4rjestelm\u00e4n normaalia toimintaa, normaalia energia-aineenvaihduntaa sek\u00e4 punasolujen normaalia muodostumista.<\/p>\n<p data-start=\"779\" data-end=\"942\" data-is-last-node=\"\" data-is-only-node=\"\">Tuote on valmistettu korkeiden laatuvaatimusten mukaisesti ja voi olla hyv\u00e4 valinta sinulle, joka haluat t\u00e4ydent\u00e4\u00e4 vitamiini B6:n saantiasi helposti ja hallitusti.<\/p>\n","protected":false},"excerpt":{"rendered":"<p>Vitamiini B6 (pyridoksiini) on vesiliukoinen B-vitamiini, joka edist\u00e4\u00e4 immuunij\u00e4rjestelm\u00e4n normaalia toimintaa, punasolujen normaalia muodostumista sek\u00e4 normaalia energia-aineenvaihduntaa. T\u00e4m\u00e4 ravintolis\u00e4 sis\u00e4lt\u00e4\u00e4 50 mg pyridoksiinia per kapseli ja on helppo tapa t\u00e4ydent\u00e4\u00e4 p\u00e4ivitt\u00e4ist\u00e4 saantia tarvittaessa.<\/p>\n<p><strong>100 tablettia<\/strong><\/p>\n","protected":false},"featured_media":10292,"comment_status":"closed","ping_status":"closed","template":"","meta":{"_acf_changed":false,"inline_featured_image":false,"_kad_blocks_custom_css":"","_kad_blocks_head_custom_js":"","_kad_blocks_body_custom_js":"","_kad_blocks_footer_custom_js":"","_kadence_starter_templates_imported_post":false,"_kad_post_transparent":"default","_kad_post_title":"","_kad_post_layout":"default","_kad_post_sidebar_id":"","_kad_post_content_style":"default","_kad_post_vertical_padding":"default","_kad_post_feature":"","_kad_post_feature_position":"","_kad_post_header":false,"_kad_post_footer":false},"product_brand":[],"product_cat":[96,525,2444,2376,2375],"product_tag":[5038,422,5040,5049,5041,5039,3353,3732,5050,5044,5048,5042,5053,4695,5052,3613,5045,5043,5037,5055,5046,5056,5054,5047,5051],"class_list":{"0":"post-10315","1":"product","2":"type-product","3":"status-publish","4":"has-post-thumbnail","6":"product_cat-vitaminer-fi","7":"product_cat-b-vitamin-fi","8":"product_cat-lamberts-fi","9":"product_cat-stressad-och-trott-fi","10":"product_cat-traning-fi","11":"product_tag-aktivoitu-b6-vitamiini","12":"product_tag-b6-vitamiini","13":"product_tag-b6-vitamiinilisat","14":"product_tag-b6n-bioaktiivinen-muoto-p5p","15":"product_tag-energia-aineenvaihdunnan-tuki","16":"product_tag-erittain-imukykyinen-b6","17":"product_tag-for-mental-klarhet-och-fokus-fi","18":"product_tag-fri-fran-artificiella-tillsatser-fi","19":"product_tag-helposti-ymmarrettava-ja-tehokas-muoto","20":"product_tag-henkiloille-joilla-on-b6-puutos","21":"product_tag-hermojen-terveydelle-ja-kognitiivisille-toiminnoille","22":"product_tag-hermoston-toimintaan","23":"product_tag-homokysteiinitason-saatelyyn","24":"product_tag-hormonien-saately","25":"product_tag-kliinisesti-testattu-puhtaus","26":"product_tag-minskad-trotthet-och-utmattning-fi","27":"product_tag-naisille-joilla-on-hormonaalinen-epatasapaino","28":"product_tag-proteiini-ja-hiilihydraattiaineenvaihdunnan-tuki","29":"product_tag-pyridoksaali-5-fosfaatti-p5p","30":"product_tag-ruoansulatuksen-parantamiseksi","31":"product_tag-stressinhallintaan-ja-henkiseen-tasapainoon","32":"product_tag-tukea-hermokipujen-ja-neuropatian-hoitoon","33":"product_tag-tukea-pmsn-ja-hormonaalisten-hairioiden-hoitoon","34":"product_tag-urheilijoille-ja-aktiivisille-ihmisille","35":"product_tag-vegaaninen-ja-gmo-vapaa-lisaravinne","37":"first","38":"instock","39":"taxable","40":"shipping-taxable","41":"purchasable","42":"product-type-simple","43":"entry","44":"content-bg","45":"loop-entry"},"acf":[],"yoast_head":"<!-- This site is optimized with the Yoast SEO plugin v25.8 - https:\/\/yoast.com\/wordpress\/plugins\/seo\/ -->\n<title>B6-vitamiini (pyridoksiini) 50 mg, Lamberts - Reviva<\/title>\n<meta name=\"description\" content=\"B6-vitamiini (pyridoksiini) 50 mg. Kutsutaan &quot;naisten vitamiiniksi&quot;. B6-vitamiini s\u00e4\u00e4telee hormonitoimintaa ja suositellaan naisille, joilla on PMS-oireita.\" \/>\n<meta name=\"robots\" content=\"index, follow, max-snippet:-1, max-image-preview:large, max-video-preview:-1\" \/>\n<link rel=\"canonical\" href=\"https:\/\/reviva.fi\/fi\/tuote\/b6-vitamiini-pyridoksiini-50-mg\/\" \/>\n<meta property=\"og:locale\" content=\"fi_FI\" \/>\n<meta property=\"og:type\" content=\"article\" \/>\n<meta property=\"og:title\" content=\"B6-vitamiini (pyridoksiini) 50 mg, Lamberts - Reviva\" \/>\n<meta property=\"og:description\" content=\"B6-vitamiini (pyridoksiini) 50 mg. Kutsutaan &quot;naisten vitamiiniksi&quot;. B6-vitamiini s\u00e4\u00e4telee hormonitoimintaa ja suositellaan naisille, joilla on PMS-oireita.\" \/>\n<meta property=\"og:url\" content=\"https:\/\/reviva.fi\/fi\/tuote\/b6-vitamiini-pyridoksiini-50-mg\/\" \/>\n<meta property=\"og:site_name\" content=\"Reviva\" \/>\n<meta property=\"article:modified_time\" content=\"2026-02-09T17:40:47+00:00\" \/>\n<meta property=\"og:image\" content=\"https:\/\/reviva.fi\/wp-content\/uploads\/2024\/12\/8061-100-Vitamin-B6.jpg\" \/>\n\t<meta property=\"og:image:width\" content=\"780\" \/>\n\t<meta property=\"og:image:height\" content=\"780\" \/>\n\t<meta property=\"og:image:type\" content=\"image\/jpeg\" \/>\n<meta name=\"twitter:card\" content=\"summary_large_image\" \/>\n<script type=\"application\/ld+json\" class=\"yoast-schema-graph\">{\"@context\":\"https:\/\/schema.org\",\"@graph\":[{\"@type\":\"WebPage\",\"@id\":\"https:\/\/reviva.fi\/fi\/tuote\/b6-vitamiini-pyridoksiini-50-mg\/\",\"url\":\"https:\/\/reviva.fi\/fi\/tuote\/b6-vitamiini-pyridoksiini-50-mg\/\",\"name\":\"B6-vitamiini (pyridoksiini) 50 mg, Lamberts - Reviva\",\"isPartOf\":{\"@id\":\"https:\/\/reviva.fi\/fi\/#website\"},\"primaryImageOfPage\":{\"@id\":\"https:\/\/reviva.fi\/fi\/tuote\/b6-vitamiini-pyridoksiini-50-mg\/#primaryimage\"},\"image\":{\"@id\":\"https:\/\/reviva.fi\/fi\/tuote\/b6-vitamiini-pyridoksiini-50-mg\/#primaryimage\"},\"thumbnailUrl\":\"https:\/\/reviva.fi\/wp-content\/uploads\/2024\/12\/8061-100-Vitamin-B6.jpg\",\"datePublished\":\"2024-12-18T13:43:21+00:00\",\"dateModified\":\"2026-02-09T17:40:47+00:00\",\"description\":\"B6-vitamiini (pyridoksiini) 50 mg. Kutsutaan \\\"naisten vitamiiniksi\\\". B6-vitamiini s\u00e4\u00e4telee hormonitoimintaa ja suositellaan naisille, joilla on PMS-oireita.\",\"breadcrumb\":{\"@id\":\"https:\/\/reviva.fi\/fi\/tuote\/b6-vitamiini-pyridoksiini-50-mg\/#breadcrumb\"},\"inLanguage\":\"fi\",\"potentialAction\":[{\"@type\":\"ReadAction\",\"target\":[\"https:\/\/reviva.fi\/fi\/tuote\/b6-vitamiini-pyridoksiini-50-mg\/\"]}]},{\"@type\":\"ImageObject\",\"inLanguage\":\"fi\",\"@id\":\"https:\/\/reviva.fi\/fi\/tuote\/b6-vitamiini-pyridoksiini-50-mg\/#primaryimage\",\"url\":\"https:\/\/reviva.fi\/wp-content\/uploads\/2024\/12\/8061-100-Vitamin-B6.jpg\",\"contentUrl\":\"https:\/\/reviva.fi\/wp-content\/uploads\/2024\/12\/8061-100-Vitamin-B6.jpg\",\"width\":780,\"height\":780,\"caption\":\"B6-vitamiini (pyridoksiini) 50 mg\"},{\"@type\":\"BreadcrumbList\",\"@id\":\"https:\/\/reviva.fi\/fi\/tuote\/b6-vitamiini-pyridoksiini-50-mg\/#breadcrumb\",\"itemListElement\":[{\"@type\":\"ListItem\",\"position\":1,\"name\":\"Etusivu\",\"item\":\"https:\/\/reviva.fi\/fi\/\"},{\"@type\":\"ListItem\",\"position\":2,\"name\":\"Tuotteet\",\"item\":\"https:\/\/reviva.fi\/produkter\/\"},{\"@type\":\"ListItem\",\"position\":3,\"name\":\"B6-vitamiini (pyridoksiini) 50 mg, Lamberts\"}]},{\"@type\":\"WebSite\",\"@id\":\"https:\/\/reviva.fi\/fi\/#website\",\"url\":\"https:\/\/reviva.fi\/fi\/\",\"name\":\"Reviva\",\"description\":\"\",\"publisher\":{\"@id\":\"https:\/\/reviva.fi\/fi\/#organization\"},\"potentialAction\":[{\"@type\":\"SearchAction\",\"target\":{\"@type\":\"EntryPoint\",\"urlTemplate\":\"https:\/\/reviva.fi\/fi\/?s={search_term_string}\"},\"query-input\":{\"@type\":\"PropertyValueSpecification\",\"valueRequired\":true,\"valueName\":\"search_term_string\"}}],\"inLanguage\":\"fi\"},{\"@type\":\"Organization\",\"@id\":\"https:\/\/reviva.fi\/fi\/#organization\",\"name\":\"Reviva\",\"url\":\"https:\/\/reviva.fi\/fi\/\",\"logo\":{\"@type\":\"ImageObject\",\"inLanguage\":\"fi\",\"@id\":\"https:\/\/reviva.fi\/fi\/#\/schema\/logo\/image\/\",\"url\":\"https:\/\/reviva.fi\/wp-content\/uploads\/2023\/10\/reviva-logo2.svg\",\"contentUrl\":\"https:\/\/reviva.fi\/wp-content\/uploads\/2023\/10\/reviva-logo2.svg\",\"caption\":\"Reviva\"},\"image\":{\"@id\":\"https:\/\/reviva.fi\/fi\/#\/schema\/logo\/image\/\"}}]}<\/script>\n<meta property=\"product:price:amount\" content=\"11.90\" \/>\n<meta property=\"product:price:currency\" content=\"EUR\" \/>\n<meta property=\"og:availability\" content=\"instock\" \/>\n<meta property=\"product:availability\" content=\"instock\" \/>\n<meta property=\"product:retailer_item_id\" content=\"8061-100\" \/>\n<meta property=\"product:condition\" content=\"new\" \/>\n<!-- \/ Yoast SEO plugin. -->","yoast_head_json":{"title":"B6-vitamiini (pyridoksiini) 50 mg, Lamberts - Reviva","description":"B6-vitamiini (pyridoksiini) 50 mg. Kutsutaan \"naisten vitamiiniksi\". B6-vitamiini s\u00e4\u00e4telee hormonitoimintaa ja suositellaan naisille, joilla on PMS-oireita.","robots":{"index":"index","follow":"follow","max-snippet":"max-snippet:-1","max-image-preview":"max-image-preview:large","max-video-preview":"max-video-preview:-1"},"canonical":"https:\/\/reviva.fi\/fi\/tuote\/b6-vitamiini-pyridoksiini-50-mg\/","og_locale":"fi_FI","og_type":"article","og_title":"B6-vitamiini (pyridoksiini) 50 mg, Lamberts - Reviva","og_description":"B6-vitamiini (pyridoksiini) 50 mg. Kutsutaan \"naisten vitamiiniksi\". B6-vitamiini s\u00e4\u00e4telee hormonitoimintaa ja suositellaan naisille, joilla on PMS-oireita.","og_url":"https:\/\/reviva.fi\/fi\/tuote\/b6-vitamiini-pyridoksiini-50-mg\/","og_site_name":"Reviva","article_modified_time":"2026-02-09T17:40:47+00:00","og_image":[{"width":780,"height":780,"url":"https:\/\/reviva.fi\/wp-content\/uploads\/2024\/12\/8061-100-Vitamin-B6.jpg","type":"image\/jpeg"}],"twitter_card":"summary_large_image","schema":{"@context":"https:\/\/schema.org","@graph":[{"@type":"WebPage","@id":"https:\/\/reviva.fi\/fi\/tuote\/b6-vitamiini-pyridoksiini-50-mg\/","url":"https:\/\/reviva.fi\/fi\/tuote\/b6-vitamiini-pyridoksiini-50-mg\/","name":"B6-vitamiini (pyridoksiini) 50 mg, Lamberts - Reviva","isPartOf":{"@id":"https:\/\/reviva.fi\/fi\/#website"},"primaryImageOfPage":{"@id":"https:\/\/reviva.fi\/fi\/tuote\/b6-vitamiini-pyridoksiini-50-mg\/#primaryimage"},"image":{"@id":"https:\/\/reviva.fi\/fi\/tuote\/b6-vitamiini-pyridoksiini-50-mg\/#primaryimage"},"thumbnailUrl":"https:\/\/reviva.fi\/wp-content\/uploads\/2024\/12\/8061-100-Vitamin-B6.jpg","datePublished":"2024-12-18T13:43:21+00:00","dateModified":"2026-02-09T17:40:47+00:00","description":"B6-vitamiini (pyridoksiini) 50 mg. Kutsutaan \"naisten vitamiiniksi\". B6-vitamiini s\u00e4\u00e4telee hormonitoimintaa ja suositellaan naisille, joilla on PMS-oireita.","breadcrumb":{"@id":"https:\/\/reviva.fi\/fi\/tuote\/b6-vitamiini-pyridoksiini-50-mg\/#breadcrumb"},"inLanguage":"fi","potentialAction":[{"@type":"ReadAction","target":["https:\/\/reviva.fi\/fi\/tuote\/b6-vitamiini-pyridoksiini-50-mg\/"]}]},{"@type":"ImageObject","inLanguage":"fi","@id":"https:\/\/reviva.fi\/fi\/tuote\/b6-vitamiini-pyridoksiini-50-mg\/#primaryimage","url":"https:\/\/reviva.fi\/wp-content\/uploads\/2024\/12\/8061-100-Vitamin-B6.jpg","contentUrl":"https:\/\/reviva.fi\/wp-content\/uploads\/2024\/12\/8061-100-Vitamin-B6.jpg","width":780,"height":780,"caption":"B6-vitamiini (pyridoksiini) 50 mg"},{"@type":"BreadcrumbList","@id":"https:\/\/reviva.fi\/fi\/tuote\/b6-vitamiini-pyridoksiini-50-mg\/#breadcrumb","itemListElement":[{"@type":"ListItem","position":1,"name":"Etusivu","item":"https:\/\/reviva.fi\/fi\/"},{"@type":"ListItem","position":2,"name":"Tuotteet","item":"https:\/\/reviva.fi\/produkter\/"},{"@type":"ListItem","position":3,"name":"B6-vitamiini (pyridoksiini) 50 mg, Lamberts"}]},{"@type":"WebSite","@id":"https:\/\/reviva.fi\/fi\/#website","url":"https:\/\/reviva.fi\/fi\/","name":"Reviva","description":"","publisher":{"@id":"https:\/\/reviva.fi\/fi\/#organization"},"potentialAction":[{"@type":"SearchAction","target":{"@type":"EntryPoint","urlTemplate":"https:\/\/reviva.fi\/fi\/?s={search_term_string}"},"query-input":{"@type":"PropertyValueSpecification","valueRequired":true,"valueName":"search_term_string"}}],"inLanguage":"fi"},{"@type":"Organization","@id":"https:\/\/reviva.fi\/fi\/#organization","name":"Reviva","url":"https:\/\/reviva.fi\/fi\/","logo":{"@type":"ImageObject","inLanguage":"fi","@id":"https:\/\/reviva.fi\/fi\/#\/schema\/logo\/image\/","url":"https:\/\/reviva.fi\/wp-content\/uploads\/2023\/10\/reviva-logo2.svg","contentUrl":"https:\/\/reviva.fi\/wp-content\/uploads\/2023\/10\/reviva-logo2.svg","caption":"Reviva"},"image":{"@id":"https:\/\/reviva.fi\/fi\/#\/schema\/logo\/image\/"}}]},"product_price_amount":"11.90","product_price_currency":"EUR","og_availability":"instock","product_availability":"instock","product_retailer_item_id":"8061-100","product_condition":"new"},"taxonomy_info":{"product_cat":[{"value":96,"label":"Vitamiinit"},{"value":525,"label":"B-vitamiini"},{"value":2444,"label":"Lamberts"},{"value":2376,"label":"Stressaantunut &amp; V\u00e4synyt"},{"value":2375,"label":"Harjoittelu"}],"product_tag":[{"value":5038,"label":"Aktivoitu B6-vitamiini"},{"value":422,"label":"b6 vitamiini"},{"value":5040,"label":"B6-vitamiinilis\u00e4t"},{"value":5049,"label":"B6:n bioaktiivinen muoto (P5P)"},{"value":5041,"label":"Energia-aineenvaihdunnan tuki"},{"value":5039,"label":"Eritt\u00e4in imukykyinen B6"},{"value":3353,"label":"F\u00f6r mental klarhet och fokus"},{"value":3732,"label":"Fri fr\u00e5n artificiella tillsatser"},{"value":5050,"label":"Helposti ymm\u00e4rrett\u00e4v\u00e4 ja tehokas muoto"},{"value":5044,"label":"Henkil\u00f6ille, joilla on B6-puutos"},{"value":5048,"label":"Hermojen terveydelle ja kognitiivisille toiminnoille"},{"value":5042,"label":"Hermoston toimintaan"},{"value":5053,"label":"Homokysteiinitason s\u00e4\u00e4telyyn"},{"value":4695,"label":"Hormonien s\u00e4\u00e4tely"},{"value":5052,"label":"Kliinisesti testattu puhtaus"},{"value":3613,"label":"Minskad tr\u00f6tthet och utmattning"},{"value":5045,"label":"Naisille, joilla on hormonaalinen ep\u00e4tasapaino"},{"value":5043,"label":"Proteiini- ja hiilihydraattiaineenvaihdunnan tuki"},{"value":5037,"label":"Pyridoksaali-5-fosfaatti (P5P)"},{"value":5055,"label":"Ruoansulatuksen parantamiseksi"},{"value":5046,"label":"Stressinhallintaan ja henkiseen tasapainoon"},{"value":5056,"label":"Tukea hermokipujen ja neuropatian hoitoon"},{"value":5054,"label":"Tukea PMS:n ja hormonaalisten h\u00e4iri\u00f6iden hoitoon"},{"value":5047,"label":"Urheilijoille ja aktiivisille ihmisille"},{"value":5051,"label":"Vegaaninen ja GMO-vapaa lis\u00e4ravinne"}]},"featured_image_src_large":["https:\/\/reviva.fi\/wp-content\/uploads\/2024\/12\/8061-100-Vitamin-B6.jpg",780,780,false],"author_info":[],"comment_info":0,"_links":{"self":[{"href":"https:\/\/reviva.fi\/fi\/wp-json\/wp\/v2\/product\/10315","targetHints":{"allow":["GET"]}}],"collection":[{"href":"https:\/\/reviva.fi\/fi\/wp-json\/wp\/v2\/product"}],"about":[{"href":"https:\/\/reviva.fi\/fi\/wp-json\/wp\/v2\/types\/product"}],"replies":[{"embeddable":true,"href":"https:\/\/reviva.fi\/fi\/wp-json\/wp\/v2\/comments?post=10315"}],"wp:featuredmedia":[{"embeddable":true,"href":"https:\/\/reviva.fi\/fi\/wp-json\/wp\/v2\/media\/10292"}],"wp:attachment":[{"href":"https:\/\/reviva.fi\/fi\/wp-json\/wp\/v2\/media?parent=10315"}],"wp:term":[{"taxonomy":"product_brand","embeddable":true,"href":"https:\/\/reviva.fi\/fi\/wp-json\/wp\/v2\/product_brand?post=10315"},{"taxonomy":"product_cat","embeddable":true,"href":"https:\/\/reviva.fi\/fi\/wp-json\/wp\/v2\/product_cat?post=10315"},{"taxonomy":"product_tag","embeddable":true,"href":"https:\/\/reviva.fi\/fi\/wp-json\/wp\/v2\/product_tag?post=10315"}],"curies":[{"name":"wp","href":"https:\/\/api.w.org\/{rel}","templated":true}]}}