{"id":10320,"date":"2024-12-18T10:39:16","date_gmt":"2024-12-18T08:39:16","guid":{"rendered":"https:\/\/reviva.fi\/product\/vitamin-d-kolekalciferol-d3-4000iu\/"},"modified":"2026-02-13T13:15:12","modified_gmt":"2026-02-13T11:15:12","slug":"d3-vitamiini-4000-iu","status":"publish","type":"product","link":"https:\/\/reviva.fi\/fi\/tuote\/d3-vitamiini-4000-iu\/","title":{"rendered":"D3-vitamiini 4000 IU (100 \u00b5g), Lamberts"},"content":{"rendered":"<p data-start=\"0\" data-end=\"66\"><strong>D-vitamiini (kolekalsiferoli D3) 4000 IU (100 \u00b5g) \u2013 120 kapselia<\/strong><\/p>\n<p data-start=\"68\" data-end=\"135\"><strong>Vahva D3-vitamiini luustolle, lihaksille ja immuunij\u00e4rjestelm\u00e4lle<\/strong><\/p>\n<p data-start=\"137\" data-end=\"425\">Lamberts Vitamin D3 4000 IU (100 \u00b5g) on vahva-annoksinen D3-vitamiinivalmiste (kolekalsiferoli) \u2013 se D-vitamiinin muoto, jota elimist\u00f6 muodostaa luonnollisesti iholla auringonvalon vaikutuksesta. Tuote on kehitetty sinulle, joka haluat varmistaa korkean p\u00e4ivitt\u00e4isen D-vitamiinin saannin.<\/p>\n<p data-start=\"427\" data-end=\"703\">Pohjoisissa maissa riitt\u00e4v\u00e4n D-vitamiinitason yll\u00e4pit\u00e4minen voi olla haastavaa erityisesti syksyll\u00e4 ja talvella, kun auringonvalo on v\u00e4h\u00e4ist\u00e4. Ravintolis\u00e4 voi siksi olla erityisen merkityksellinen vuoden pimein\u00e4 kuukausina tai silloin, kun auringolle altistuminen on v\u00e4h\u00e4ist\u00e4.<\/p>\n<p data-start=\"705\" data-end=\"729\"><strong>Luustolle ja hampaille<\/strong><\/p>\n<p data-start=\"731\" data-end=\"745\">D-vitamiini:<\/p>\n<ul>\n<li data-start=\"747\" data-end=\"785\">edist\u00e4\u00e4 luuston pysymist\u00e4 normaalina<\/li>\n<li data-start=\"747\" data-end=\"785\">edist\u00e4\u00e4 hampaiden pysymist\u00e4 normaaleina<\/li>\n<li data-start=\"747\" data-end=\"785\">edist\u00e4\u00e4 kalsiumin ja fosforin normaalia imeytymist\u00e4 ja hy\u00f6dynt\u00e4mist\u00e4<\/li>\n<li data-start=\"747\" data-end=\"785\">edist\u00e4\u00e4 veren normaalia kalsiumpitoisuutta<\/li>\n<\/ul>\n<p data-start=\"948\" data-end=\"1072\">D-vitamiinilla on keskeinen rooli elimist\u00f6n kalsiumtasapainossa ja se on v\u00e4ltt\u00e4m\u00e4t\u00f6n normaalin luurakenteen yll\u00e4pit\u00e4miseksi.<\/p>\n<p data-start=\"1074\" data-end=\"1089\"><strong>Lihastoiminta<\/strong><\/p>\n<p data-start=\"1091\" data-end=\"1105\">D-vitamiini:<\/p>\n<ul>\n<li data-start=\"1107\" data-end=\"1145\">edist\u00e4\u00e4 lihasten normaalia toimintaa<\/li>\n<\/ul>\n<p data-start=\"1147\" data-end=\"1236\">Riitt\u00e4v\u00e4 D-vitamiinin saanti on t\u00e4rke\u00e4\u00e4 lihasvoiman ja normaalin lihastoiminnan kannalta.<\/p>\n<p data-start=\"1238\" data-end=\"1282\"><strong>Immuunij\u00e4rjestelm\u00e4 ja solujen jakautuminen<\/strong><\/p>\n<p data-start=\"1284\" data-end=\"1298\">D-vitamiini:<\/p>\n<ul>\n<li data-start=\"1300\" data-end=\"1349\">edist\u00e4\u00e4 immuunij\u00e4rjestelm\u00e4n normaalia toimintaa<\/li>\n<li data-start=\"1300\" data-end=\"1349\">osallistuu solujen jakautumisprosessiin<\/li>\n<\/ul>\n<p data-start=\"1394\" data-end=\"1501\">D-vitamiini on t\u00e4rke\u00e4 ravintotekij\u00e4 elimist\u00f6n kokonaisvaltaiselle toiminnalle ja biologiselle tasapainolle.<\/p>\n<p data-start=\"1503\" data-end=\"1534\"><strong>Vahva annos erityistarpeisiin<\/strong><\/p>\n<p data-start=\"1536\" data-end=\"1649\">100 \u00b5g (4000 IU) per kapseli tekee t\u00e4st\u00e4 vahva-annoksisen valmisteen, joka voi olla erityisen merkityksellinen:<\/p>\n<ul>\n<li data-start=\"1651\" data-end=\"1701\">henkil\u00f6ille, joilla on alhaiset D-vitamiinitasot<\/li>\n<li data-start=\"1651\" data-end=\"1701\">henkil\u00f6ille, jotka oleskelevat v\u00e4h\u00e4n auringossa<\/li>\n<li data-start=\"1651\" data-end=\"1701\">i\u00e4kk\u00e4ille<\/li>\n<li data-start=\"1651\" data-end=\"1701\">henkil\u00f6ille, joilla on lis\u00e4\u00e4ntynyt D-vitamiinin tarve<\/li>\n<li data-start=\"1651\" data-end=\"1701\">sinulle, joka haluat varmistaa korkeamman p\u00e4ivitt\u00e4isen saannin<\/li>\n<\/ul>\n<p data-start=\"1890\" data-end=\"1929\">Suositeltua annostusta tulee noudattaa.<\/p>\n<p data-start=\"1931\" data-end=\"1952\"><strong>Laatua Lambertsilta<\/strong><\/p>\n<p data-start=\"1954\" data-end=\"2185\">Lamberts tunnetaan korkeista laatustandardeistaan ja huolellisesti valvotuista raaka-aineistaan. Vitamin D3 4000 IU valmistetaan tiukkojen laatuvaatimusten mukaisesti stabiilisuuden, puhtauden ja oikean annostuksen varmistamiseksi.<\/p>\n<p data-start=\"2187\" data-end=\"2303\" data-is-last-node=\"\" data-is-only-node=\"\">Kapselit ovat pieni\u00e4 ja helppoja niell\u00e4, ja ne soveltuvat p\u00e4ivitt\u00e4iseen k\u00e4ytt\u00f6\u00f6n suositellun annostuksen mukaisesti.<\/p>\n","protected":false},"excerpt":{"rendered":"<div class=\"product attribute overview\">\n<div class=\"value\">\n<div class=\"flex flex-col text-sm pb-25\">\n<article class=\"text-token-text-primary w-full focus:outline-none [--shadow-height:45px] has-data-writing-block:pointer-events-none has-data-writing-block:-mt-(--shadow-height) has-data-writing-block:pt-(--shadow-height) [&amp;:has([data-writing-block])&gt;*]:pointer-events-auto scroll-mt-[calc(var(--header-height)+min(200px,max(70px,20svh)))]\" dir=\"auto\" tabindex=\"-1\" data-turn-id=\"request-WEB:407fd402-2674-4da5-a098-088510ea2c3b-67\" data-testid=\"conversation-turn-94\" data-scroll-anchor=\"true\" data-turn=\"assistant\">\n<div class=\"text-base my-auto mx-auto pb-10 [--thread-content-margin:--spacing(4)] @w-sm\/main:[--thread-content-margin:--spacing(6)] @w-lg\/main:[--thread-content-margin:--spacing(16)] px-(--thread-content-margin)\">\n<div class=\"[--thread-content-max-width:40rem] @w-lg\/main:[--thread-content-max-width:48rem] mx-auto max-w-(--thread-content-max-width) flex-1 group\/turn-messages focus-visible:outline-hidden relative flex w-full min-w-0 flex-col agent-turn\" tabindex=\"-1\">\n<div class=\"flex max-w-full flex-col grow\">\n<div class=\"min-h-8 text-message relative flex w-full flex-col items-end gap-2 text-start break-words whitespace-normal [.text-message+&amp;]:mt-1\" dir=\"auto\" data-message-author-role=\"assistant\" data-message-id=\"264e1851-0f34-4e17-95f7-e0fb22af36ed\" data-message-model-slug=\"gpt-5-2\">\n<div class=\"flex w-full flex-col gap-1 empty:hidden first:pt-[1px]\">\n<div class=\"markdown prose dark:prose-invert w-full wrap-break-word light markdown-new-styling\">\n<p data-start=\"0\" data-end=\"330\">Vitamin D3 4000 IU (100 \u00b5g) Lambertsilta on vahva-annoksinen kolekalsiferolivalmiste, joka edist\u00e4\u00e4 luuston pysymist\u00e4 normaalina, lihasten normaalia toimintaa ja immuunij\u00e4rjestelm\u00e4n normaalia toimintaa sek\u00e4 kalsiumin normaalia imeytymist\u00e4 \u2013 harkittu valinta sinulle, joka haluat varmistaa korkean p\u00e4ivitt\u00e4isen D-vitamiinin saannin.<\/p>\n<p data-start=\"332\" data-end=\"429\">Lamberts Vitamin D 4000 IU (kolekalsiferoli D3) 100 \u00b5g kapselit ovat korkealaatuinen ravintolis\u00e4.<\/p>\n<p data-start=\"431\" data-end=\"443\" data-is-last-node=\"\" data-is-only-node=\"\"><strong>120 kapselia<\/strong><\/p>\n<\/div>\n<\/div>\n<\/div>\n<\/div>\n<div class=\"z-0 flex min-h-[46px] justify-start\"><\/div>\n<div class=\"mt-3 w-full empty:hidden\">\n<div class=\"text-center\"><\/div>\n<\/div>\n<\/div>\n<\/div>\n<\/article>\n<\/div>\n<div class=\"pointer-events-none h-px w-px absolute bottom-0\" aria-hidden=\"true\" data-edge=\"true\"><\/div>\n<\/div>\n<\/div>\n","protected":false},"featured_media":10247,"comment_status":"closed","ping_status":"closed","template":"","meta":{"_acf_changed":false,"inline_featured_image":false,"_kad_blocks_custom_css":"","_kad_blocks_head_custom_js":"","_kad_blocks_body_custom_js":"","_kad_blocks_footer_custom_js":"","_kadence_starter_templates_imported_post":false,"_kad_post_transparent":"default","_kad_post_title":"","_kad_post_layout":"default","_kad_post_sidebar_id":"","_kad_post_content_style":"default","_kad_post_vertical_padding":"default","_kad_post_feature":"","_kad_post_feature_position":"","_kad_post_header":false,"_kad_post_footer":false},"product_brand":[],"product_cat":[96,527,2444,2357],"product_tag":[3575,3616,3617,3618,3598,3619,3620,3621,3622,3623,3624,3625,3626,3627,3360,3628,3629,3502,3630,3631,3632,3633,3634,3635,3636],"class_list":{"0":"post-10320","1":"product","2":"type-product","3":"status-publish","4":"has-post-thumbnail","6":"product_cat-vitaminer-fi","7":"product_cat-d-vitamin-fi","8":"product_cat-lamberts-fi","9":"product_cat-immunforsvar-fi","10":"product_tag-ben-och-tandhalsa-fi","11":"product_tag-d-vitamin-4000-iu-fi","12":"product_tag-d-vitamin-kapslar-tabletter-fi","13":"product_tag-d3-vitamin-tillskott-fi","14":"product_tag-dagligt-tillskott-for-optimal-halsa-fi","15":"product_tag-for-aktiva-och-halsomedvetna-individer-fi","16":"product_tag-for-att-forebygga-d-vitaminbrist-fi","17":"product_tag-for-en-halsosam-och-balanserad-livsstil-fi","18":"product_tag-for-energi-och-valmaende-fi","19":"product_tag-for-personer-med-d-vitaminbrist-fi","20":"product_tag-for-seniorer-och-vuxna-fi","21":"product_tag-for-starkare-ben-och-muskler-fi","22":"product_tag-for-vintermanader-och-lag-solexponering-fi","23":"product_tag-fri-fran-artificiella-fargamnen-och-tillsatser-fi","24":"product_tag-gmo-fritt-tillskott-fi","25":"product_tag-hogdoserat-d-vitamin-fi","26":"product_tag-hogpotent-d-vitamin-fi","27":"product_tag-immunforsvarsstod-fi","28":"product_tag-naturligt-d3-vitamin-kolekalciferol-fi","29":"product_tag-stod-for-hjarthalsa-och-hormonfunktion-fi","30":"product_tag-stod-for-immunforsvaret-fi","31":"product_tag-stod-for-muskelhalsa-fi","32":"product_tag-upptag-av-kalcium-och-fosfor-fi","33":"product_tag-veganskt-alternativ-tillgangligt-fi","34":"product_tag-vitamin-d3-4000-iu-fi","36":"first","37":"instock","38":"taxable","39":"shipping-taxable","40":"purchasable","41":"product-type-simple","42":"entry","43":"content-bg","44":"loop-entry"},"acf":[],"yoast_head":"<!-- This site is optimized with the Yoast SEO plugin v25.8 - https:\/\/yoast.com\/wordpress\/plugins\/seo\/ -->\n<title>D3-vitamiini 4000 IU (100 \u00b5g), Lamberts - Reviva<\/title>\n<meta name=\"description\" content=\"Lamberts D3-vitamiini 4000 IU tukee luuston, hampaiden ja immuunij\u00e4rjestelm\u00e4n terveytt\u00e4 korkealaatuisessa, helposti nielt\u00e4v\u00e4ss\u00e4 muodossa.\" \/>\n<meta name=\"robots\" content=\"index, follow, max-snippet:-1, max-image-preview:large, max-video-preview:-1\" \/>\n<link rel=\"canonical\" href=\"https:\/\/reviva.fi\/fi\/tuote\/d3-vitamiini-4000-iu\/\" \/>\n<meta property=\"og:locale\" content=\"fi_FI\" \/>\n<meta property=\"og:type\" content=\"article\" \/>\n<meta property=\"og:title\" content=\"D3-vitamiini 4000 IU (100 \u00b5g), Lamberts - Reviva\" \/>\n<meta property=\"og:description\" content=\"Lamberts D3-vitamiini 4000 IU tukee luuston, hampaiden ja immuunij\u00e4rjestelm\u00e4n terveytt\u00e4 korkealaatuisessa, helposti nielt\u00e4v\u00e4ss\u00e4 muodossa.\" \/>\n<meta property=\"og:url\" content=\"https:\/\/reviva.fi\/fi\/tuote\/d3-vitamiini-4000-iu\/\" \/>\n<meta property=\"og:site_name\" content=\"Reviva\" \/>\n<meta property=\"article:modified_time\" content=\"2026-02-13T11:15:12+00:00\" \/>\n<meta property=\"og:image\" content=\"https:\/\/reviva.fi\/wp-content\/uploads\/2024\/12\/8142-120-Vitamin-D3-4000iu.jpg\" \/>\n\t<meta property=\"og:image:width\" content=\"780\" \/>\n\t<meta property=\"og:image:height\" content=\"780\" \/>\n\t<meta property=\"og:image:type\" content=\"image\/jpeg\" \/>\n<meta name=\"twitter:card\" content=\"summary_large_image\" \/>\n<script type=\"application\/ld+json\" class=\"yoast-schema-graph\">{\"@context\":\"https:\/\/schema.org\",\"@graph\":[{\"@type\":\"WebPage\",\"@id\":\"https:\/\/reviva.fi\/fi\/tuote\/d3-vitamiini-4000-iu\/\",\"url\":\"https:\/\/reviva.fi\/fi\/tuote\/d3-vitamiini-4000-iu\/\",\"name\":\"D3-vitamiini 4000 IU (100 \u00b5g), Lamberts - Reviva\",\"isPartOf\":{\"@id\":\"https:\/\/reviva.fi\/fi\/#website\"},\"primaryImageOfPage\":{\"@id\":\"https:\/\/reviva.fi\/fi\/tuote\/d3-vitamiini-4000-iu\/#primaryimage\"},\"image\":{\"@id\":\"https:\/\/reviva.fi\/fi\/tuote\/d3-vitamiini-4000-iu\/#primaryimage\"},\"thumbnailUrl\":\"https:\/\/reviva.fi\/wp-content\/uploads\/2024\/12\/8142-120-Vitamin-D3-4000iu.jpg\",\"datePublished\":\"2024-12-18T08:39:16+00:00\",\"dateModified\":\"2026-02-13T11:15:12+00:00\",\"description\":\"Lamberts D3-vitamiini 4000 IU tukee luuston, hampaiden ja immuunij\u00e4rjestelm\u00e4n terveytt\u00e4 korkealaatuisessa, helposti nielt\u00e4v\u00e4ss\u00e4 muodossa.\",\"breadcrumb\":{\"@id\":\"https:\/\/reviva.fi\/fi\/tuote\/d3-vitamiini-4000-iu\/#breadcrumb\"},\"inLanguage\":\"fi\",\"potentialAction\":[{\"@type\":\"ReadAction\",\"target\":[\"https:\/\/reviva.fi\/fi\/tuote\/d3-vitamiini-4000-iu\/\"]}]},{\"@type\":\"ImageObject\",\"inLanguage\":\"fi\",\"@id\":\"https:\/\/reviva.fi\/fi\/tuote\/d3-vitamiini-4000-iu\/#primaryimage\",\"url\":\"https:\/\/reviva.fi\/wp-content\/uploads\/2024\/12\/8142-120-Vitamin-D3-4000iu.jpg\",\"contentUrl\":\"https:\/\/reviva.fi\/wp-content\/uploads\/2024\/12\/8142-120-Vitamin-D3-4000iu.jpg\",\"width\":780,\"height\":780,\"caption\":\"D3-vitamiini 4000 IU\"},{\"@type\":\"BreadcrumbList\",\"@id\":\"https:\/\/reviva.fi\/fi\/tuote\/d3-vitamiini-4000-iu\/#breadcrumb\",\"itemListElement\":[{\"@type\":\"ListItem\",\"position\":1,\"name\":\"Etusivu\",\"item\":\"https:\/\/reviva.fi\/fi\/\"},{\"@type\":\"ListItem\",\"position\":2,\"name\":\"Tuotteet\",\"item\":\"https:\/\/reviva.fi\/produkter\/\"},{\"@type\":\"ListItem\",\"position\":3,\"name\":\"D3-vitamiini 4000 IU (100 \u00b5g), Lamberts\"}]},{\"@type\":\"WebSite\",\"@id\":\"https:\/\/reviva.fi\/fi\/#website\",\"url\":\"https:\/\/reviva.fi\/fi\/\",\"name\":\"Reviva\",\"description\":\"\",\"publisher\":{\"@id\":\"https:\/\/reviva.fi\/fi\/#organization\"},\"potentialAction\":[{\"@type\":\"SearchAction\",\"target\":{\"@type\":\"EntryPoint\",\"urlTemplate\":\"https:\/\/reviva.fi\/fi\/?s={search_term_string}\"},\"query-input\":{\"@type\":\"PropertyValueSpecification\",\"valueRequired\":true,\"valueName\":\"search_term_string\"}}],\"inLanguage\":\"fi\"},{\"@type\":\"Organization\",\"@id\":\"https:\/\/reviva.fi\/fi\/#organization\",\"name\":\"Reviva\",\"url\":\"https:\/\/reviva.fi\/fi\/\",\"logo\":{\"@type\":\"ImageObject\",\"inLanguage\":\"fi\",\"@id\":\"https:\/\/reviva.fi\/fi\/#\/schema\/logo\/image\/\",\"url\":\"https:\/\/reviva.fi\/wp-content\/uploads\/2023\/10\/reviva-logo2.svg\",\"contentUrl\":\"https:\/\/reviva.fi\/wp-content\/uploads\/2023\/10\/reviva-logo2.svg\",\"caption\":\"Reviva\"},\"image\":{\"@id\":\"https:\/\/reviva.fi\/fi\/#\/schema\/logo\/image\/\"}}]}<\/script>\n<meta property=\"product:price:amount\" content=\"24.75\" \/>\n<meta property=\"product:price:currency\" content=\"EUR\" \/>\n<meta property=\"og:availability\" content=\"instock\" \/>\n<meta property=\"product:availability\" content=\"instock\" \/>\n<meta property=\"product:retailer_item_id\" content=\"8142-120\" \/>\n<meta property=\"product:condition\" content=\"new\" \/>\n<!-- \/ Yoast SEO plugin. -->","yoast_head_json":{"title":"D3-vitamiini 4000 IU (100 \u00b5g), Lamberts - Reviva","description":"Lamberts D3-vitamiini 4000 IU tukee luuston, hampaiden ja immuunij\u00e4rjestelm\u00e4n terveytt\u00e4 korkealaatuisessa, helposti nielt\u00e4v\u00e4ss\u00e4 muodossa.","robots":{"index":"index","follow":"follow","max-snippet":"max-snippet:-1","max-image-preview":"max-image-preview:large","max-video-preview":"max-video-preview:-1"},"canonical":"https:\/\/reviva.fi\/fi\/tuote\/d3-vitamiini-4000-iu\/","og_locale":"fi_FI","og_type":"article","og_title":"D3-vitamiini 4000 IU (100 \u00b5g), Lamberts - Reviva","og_description":"Lamberts D3-vitamiini 4000 IU tukee luuston, hampaiden ja immuunij\u00e4rjestelm\u00e4n terveytt\u00e4 korkealaatuisessa, helposti nielt\u00e4v\u00e4ss\u00e4 muodossa.","og_url":"https:\/\/reviva.fi\/fi\/tuote\/d3-vitamiini-4000-iu\/","og_site_name":"Reviva","article_modified_time":"2026-02-13T11:15:12+00:00","og_image":[{"width":780,"height":780,"url":"https:\/\/reviva.fi\/wp-content\/uploads\/2024\/12\/8142-120-Vitamin-D3-4000iu.jpg","type":"image\/jpeg"}],"twitter_card":"summary_large_image","schema":{"@context":"https:\/\/schema.org","@graph":[{"@type":"WebPage","@id":"https:\/\/reviva.fi\/fi\/tuote\/d3-vitamiini-4000-iu\/","url":"https:\/\/reviva.fi\/fi\/tuote\/d3-vitamiini-4000-iu\/","name":"D3-vitamiini 4000 IU (100 \u00b5g), Lamberts - Reviva","isPartOf":{"@id":"https:\/\/reviva.fi\/fi\/#website"},"primaryImageOfPage":{"@id":"https:\/\/reviva.fi\/fi\/tuote\/d3-vitamiini-4000-iu\/#primaryimage"},"image":{"@id":"https:\/\/reviva.fi\/fi\/tuote\/d3-vitamiini-4000-iu\/#primaryimage"},"thumbnailUrl":"https:\/\/reviva.fi\/wp-content\/uploads\/2024\/12\/8142-120-Vitamin-D3-4000iu.jpg","datePublished":"2024-12-18T08:39:16+00:00","dateModified":"2026-02-13T11:15:12+00:00","description":"Lamberts D3-vitamiini 4000 IU tukee luuston, hampaiden ja immuunij\u00e4rjestelm\u00e4n terveytt\u00e4 korkealaatuisessa, helposti nielt\u00e4v\u00e4ss\u00e4 muodossa.","breadcrumb":{"@id":"https:\/\/reviva.fi\/fi\/tuote\/d3-vitamiini-4000-iu\/#breadcrumb"},"inLanguage":"fi","potentialAction":[{"@type":"ReadAction","target":["https:\/\/reviva.fi\/fi\/tuote\/d3-vitamiini-4000-iu\/"]}]},{"@type":"ImageObject","inLanguage":"fi","@id":"https:\/\/reviva.fi\/fi\/tuote\/d3-vitamiini-4000-iu\/#primaryimage","url":"https:\/\/reviva.fi\/wp-content\/uploads\/2024\/12\/8142-120-Vitamin-D3-4000iu.jpg","contentUrl":"https:\/\/reviva.fi\/wp-content\/uploads\/2024\/12\/8142-120-Vitamin-D3-4000iu.jpg","width":780,"height":780,"caption":"D3-vitamiini 4000 IU"},{"@type":"BreadcrumbList","@id":"https:\/\/reviva.fi\/fi\/tuote\/d3-vitamiini-4000-iu\/#breadcrumb","itemListElement":[{"@type":"ListItem","position":1,"name":"Etusivu","item":"https:\/\/reviva.fi\/fi\/"},{"@type":"ListItem","position":2,"name":"Tuotteet","item":"https:\/\/reviva.fi\/produkter\/"},{"@type":"ListItem","position":3,"name":"D3-vitamiini 4000 IU (100 \u00b5g), Lamberts"}]},{"@type":"WebSite","@id":"https:\/\/reviva.fi\/fi\/#website","url":"https:\/\/reviva.fi\/fi\/","name":"Reviva","description":"","publisher":{"@id":"https:\/\/reviva.fi\/fi\/#organization"},"potentialAction":[{"@type":"SearchAction","target":{"@type":"EntryPoint","urlTemplate":"https:\/\/reviva.fi\/fi\/?s={search_term_string}"},"query-input":{"@type":"PropertyValueSpecification","valueRequired":true,"valueName":"search_term_string"}}],"inLanguage":"fi"},{"@type":"Organization","@id":"https:\/\/reviva.fi\/fi\/#organization","name":"Reviva","url":"https:\/\/reviva.fi\/fi\/","logo":{"@type":"ImageObject","inLanguage":"fi","@id":"https:\/\/reviva.fi\/fi\/#\/schema\/logo\/image\/","url":"https:\/\/reviva.fi\/wp-content\/uploads\/2023\/10\/reviva-logo2.svg","contentUrl":"https:\/\/reviva.fi\/wp-content\/uploads\/2023\/10\/reviva-logo2.svg","caption":"Reviva"},"image":{"@id":"https:\/\/reviva.fi\/fi\/#\/schema\/logo\/image\/"}}]},"product_price_amount":"24.75","product_price_currency":"EUR","og_availability":"instock","product_availability":"instock","product_retailer_item_id":"8142-120","product_condition":"new"},"taxonomy_info":{"product_cat":[{"value":96,"label":"Vitamiinit"},{"value":527,"label":"D-vitamiini"},{"value":2444,"label":"Lamberts"},{"value":2357,"label":"Immuunipuolustus"}],"product_tag":[{"value":3575,"label":"Ben- och tandh\u00e4lsa"},{"value":3616,"label":"D-vitamin 4000 IU"},{"value":3617,"label":"D-vitamin kapslar\/tabletter"},{"value":3618,"label":"D3-vitamin tillskott"},{"value":3598,"label":"Dagligt tillskott f\u00f6r optimal h\u00e4lsa"},{"value":3619,"label":"F\u00f6r aktiva och h\u00e4lsomedvetna individer"},{"value":3620,"label":"F\u00f6r att f\u00f6rebygga D-vitaminbrist"},{"value":3621,"label":"F\u00f6r en h\u00e4lsosam och balanserad livsstil"},{"value":3622,"label":"F\u00f6r energi och v\u00e4lm\u00e5ende"},{"value":3623,"label":"F\u00f6r personer med D-vitaminbrist"},{"value":3624,"label":"F\u00f6r seniorer och vuxna"},{"value":3625,"label":"F\u00f6r starkare ben och muskler"},{"value":3626,"label":"F\u00f6r vinterm\u00e5nader och l\u00e5g solexponering"},{"value":3627,"label":"Fri fr\u00e5n artificiella f\u00e4rg\u00e4mnen och tillsatser"},{"value":3360,"label":"GMO-fritt tillskott"},{"value":3628,"label":"H\u00f6gdoserat D-vitamin"},{"value":3629,"label":"H\u00f6gpotent D-vitamin"},{"value":3502,"label":"Immunf\u00f6rsvarsst\u00f6d"},{"value":3630,"label":"Naturligt D3-vitamin (kolekalciferol)"},{"value":3631,"label":"St\u00f6d f\u00f6r hj\u00e4rth\u00e4lsa och hormonfunktion"},{"value":3632,"label":"St\u00f6d f\u00f6r immunf\u00f6rsvaret"},{"value":3633,"label":"St\u00f6d f\u00f6r muskelh\u00e4lsa"},{"value":3634,"label":"Upptag av kalcium och fosfor"},{"value":3635,"label":"Veganskt alternativ tillg\u00e4ngligt"},{"value":3636,"label":"Vitamin D3 4000 IU"}]},"featured_image_src_large":["https:\/\/reviva.fi\/wp-content\/uploads\/2024\/12\/8142-120-Vitamin-D3-4000iu.jpg",780,780,false],"author_info":[],"comment_info":0,"_links":{"self":[{"href":"https:\/\/reviva.fi\/fi\/wp-json\/wp\/v2\/product\/10320","targetHints":{"allow":["GET"]}}],"collection":[{"href":"https:\/\/reviva.fi\/fi\/wp-json\/wp\/v2\/product"}],"about":[{"href":"https:\/\/reviva.fi\/fi\/wp-json\/wp\/v2\/types\/product"}],"replies":[{"embeddable":true,"href":"https:\/\/reviva.fi\/fi\/wp-json\/wp\/v2\/comments?post=10320"}],"wp:featuredmedia":[{"embeddable":true,"href":"https:\/\/reviva.fi\/fi\/wp-json\/wp\/v2\/media\/10247"}],"wp:attachment":[{"href":"https:\/\/reviva.fi\/fi\/wp-json\/wp\/v2\/media?parent=10320"}],"wp:term":[{"taxonomy":"product_brand","embeddable":true,"href":"https:\/\/reviva.fi\/fi\/wp-json\/wp\/v2\/product_brand?post=10320"},{"taxonomy":"product_cat","embeddable":true,"href":"https:\/\/reviva.fi\/fi\/wp-json\/wp\/v2\/product_cat?post=10320"},{"taxonomy":"product_tag","embeddable":true,"href":"https:\/\/reviva.fi\/fi\/wp-json\/wp\/v2\/product_tag?post=10320"}],"curies":[{"name":"wp","href":"https:\/\/api.w.org\/{rel}","templated":true}]}}