{"id":10323,"date":"2024-12-18T16:10:35","date_gmt":"2024-12-18T14:10:35","guid":{"rendered":"https:\/\/reviva.fi\/product\/vitamin-d3-och-k2-menakinon-7-kosttillskott\/"},"modified":"2026-02-13T13:36:10","modified_gmt":"2026-02-13T11:36:10","slug":"d3-k2-vitamiinit","status":"publish","type":"product","link":"https:\/\/reviva.fi\/fi\/tuote\/d3-k2-vitamiinit\/","title":{"rendered":"Vitamin D3 ja K2 (MK-7) sis\u00e4lt\u00e4\u00e4 D3 1000 IU \/ K2 90 \u00b5g, Lamberts"},"content":{"rendered":"<p data-start=\"0\" data-end=\"104\"><strong>Yhdistelm\u00e4 luustolle, lihaksille ja kalsiumtasapainolle<\/strong><br data-start=\"55\" data-end=\"58\" \/>Sis\u00e4lt\u00e4\u00e4 D3 1000 IU (25 \u00b5g) ja K2 90 \u00b5g (MK-7)<\/p>\n<p data-start=\"106\" data-end=\"401\">Lamberts Vitamin D3 + K2 yhdist\u00e4\u00e4 kaksi t\u00e4rke\u00e4\u00e4 rasvaliukoista vitamiinia huolellisesti suunnitellussa koostumuksessa: D3-vitamiinin (kolekalsiferoli) ja K2-vitamiinin menakinoni-7:n (MK-7) muodossa. Yhdistelm\u00e4 on kehitetty tukemaan elimist\u00f6n normaalia kalsiumin k\u00e4sittely\u00e4 ja luuston terveytt\u00e4.<\/p>\n<p data-start=\"403\" data-end=\"596\">D-vitamiini ja K-vitamiini toimivat yhdess\u00e4 elimist\u00f6n kalsiumtasapainossa: D-vitamiini edist\u00e4\u00e4 kalsiumin imeytymist\u00e4 ja hy\u00f6dynt\u00e4mist\u00e4, kun taas K-vitamiini edist\u00e4\u00e4 luuston pysymist\u00e4 normaalina.<\/p>\n<p data-start=\"598\" data-end=\"621\"><strong>Normaalille luustolle<\/strong><\/p>\n<p data-start=\"623\" data-end=\"637\">D-vitamiini:<\/p>\n<ul>\n<li data-start=\"639\" data-end=\"677\">edist\u00e4\u00e4 luuston pysymist\u00e4 normaalina<\/li>\n<li data-start=\"639\" data-end=\"677\">edist\u00e4\u00e4 kalsiumin ja fosforin normaalia imeytymist\u00e4 ja hy\u00f6dynt\u00e4mist\u00e4<\/li>\n<li data-start=\"639\" data-end=\"677\">edist\u00e4\u00e4 veren normaalia kalsiumpitoisuutta<\/li>\n<\/ul>\n<p data-start=\"797\" data-end=\"811\">K-vitamiini:<\/p>\n<ul>\n<li data-start=\"813\" data-end=\"851\">edist\u00e4\u00e4 luuston pysymist\u00e4 normaalina<\/li>\n<\/ul>\n<p data-start=\"853\" data-end=\"959\">T\u00e4m\u00e4 yhdistelm\u00e4 tekee tuotteesta erityisen sopivan sinulle, joka haluat tukea luuston normaalia toimintaa.<\/p>\n<p data-start=\"961\" data-end=\"979\"><strong>Lihastoiminnalle<\/strong><\/p>\n<p data-start=\"981\" data-end=\"995\">D-vitamiini:<\/p>\n<ul>\n<li data-start=\"997\" data-end=\"1035\">edist\u00e4\u00e4 lihasten normaalia toimintaa<\/li>\n<\/ul>\n<p data-start=\"1037\" data-end=\"1125\">Riitt\u00e4v\u00e4 D-vitamiinin saanti on t\u00e4rke\u00e4\u00e4 lihasvoiman ja normaalin liikuntakyvyn kannalta.<\/p>\n<p data-start=\"1127\" data-end=\"1150\"><strong>Immuunij\u00e4rjestelm\u00e4lle<\/strong><\/p>\n<p data-start=\"1152\" data-end=\"1166\">D-vitamiini:<\/p>\n<ul>\n<li data-start=\"1168\" data-end=\"1217\">edist\u00e4\u00e4 immuunij\u00e4rjestelm\u00e4n normaalia toimintaa<\/li>\n<li data-start=\"1168\" data-end=\"1217\">osallistuu solujen jakautumisprosessiin<\/li>\n<\/ul>\n<p data-start=\"1262\" data-end=\"1355\">T\u00e4m\u00e4n ansiosta D-vitamiini on t\u00e4rke\u00e4 ravintotekij\u00e4 elimist\u00f6n kokonaisvaltaiselle toiminnalle.<\/p>\n<p data-start=\"1357\" data-end=\"1399\"><strong>MK-7 \u2013 K2-vitamiinin bioaktiivinen muoto<\/strong><\/p>\n<p data-start=\"1401\" data-end=\"1662\">K2-vitamiini MK-7-muodossa on biologisesti aktiivinen ja hyvin imeytyv\u00e4 K-vitamiinin muoto. Sit\u00e4 esiintyy luonnollisesti tietyiss\u00e4 fermentoiduissa elintarvikkeissa, ja sill\u00e4 on pitk\u00e4 puoliintumisaika elimist\u00f6ss\u00e4, mik\u00e4 tekee siit\u00e4 sopivan p\u00e4ivitt\u00e4iseen k\u00e4ytt\u00f6\u00f6n.<\/p>\n<p data-start=\"1664\" data-end=\"1696\"><strong>Kenelle Vitamin D3 + K2 sopii?<\/strong><\/p>\n<p data-start=\"1698\" data-end=\"1737\">Tuote voi olla erityisen hy\u00f6dyllinen:<\/p>\n<ul>\n<li data-start=\"1739\" data-end=\"1792\">henkil\u00f6ille, jotka haluavat tukea luuston terveytt\u00e4<\/li>\n<li data-start=\"1739\" data-end=\"1792\">henkil\u00f6ille, jotka k\u00e4ytt\u00e4v\u00e4t kalsiumlis\u00e4\u00e4<\/li>\n<li data-start=\"1739\" data-end=\"1792\">henkil\u00f6ille, jotka oleskelevat v\u00e4h\u00e4n auringossa<\/li>\n<li data-start=\"1739\" data-end=\"1792\">i\u00e4kk\u00e4ille<\/li>\n<li data-start=\"1739\" data-end=\"1792\">sinulle, joka haluat yhdistelm\u00e4valmisteen kalsiumtasapainon tueksi<\/li>\n<\/ul>\n<p data-start=\"1973\" data-end=\"1994\"><strong>Laatua Lambertsilta<\/strong><\/p>\n<p data-start=\"1996\" data-end=\"2223\">Lamberts tunnetaan korkeista laatustandardeistaan ja huolellisesti valituista raaka-aineistaan. Vitamin D3 + K2 valmistetaan tiukkojen laatuvaatimusten mukaisesti stabiilisuuden, puhtauden ja oikean annostuksen varmistamiseksi.<\/p>\n<p data-start=\"2225\" data-end=\"2327\" data-is-last-node=\"\" data-is-only-node=\"\">Kapselit ovat helppoja niell\u00e4 ja soveltuvat p\u00e4ivitt\u00e4iseen k\u00e4ytt\u00f6\u00f6n suositellun annostuksen mukaisesti.<\/p>\n","protected":false},"excerpt":{"rendered":"<p data-start=\"0\" data-end=\"309\">Vitamin D3 + K2 (MK-7) Lambertsilta sis\u00e4lt\u00e4\u00e4 D3-vitamiinia 1000 IU (25 \u00b5g) ja K2-vitamiinia 90 \u00b5g huolellisesti suunnitellussa yhdistelm\u00e4ss\u00e4, joka edist\u00e4\u00e4 luuston pysymist\u00e4 normaalina, lihasten normaalia toimintaa, immuunij\u00e4rjestelm\u00e4n normaalia toimintaa sek\u00e4 kalsiumin normaalia imeytymist\u00e4 ja hy\u00f6dynt\u00e4mist\u00e4.<\/p>\n<p data-start=\"311\" data-end=\"381\">Lamberts Vitamin D3 ja K2 (menakinoni) on korkealaatuinen ravintolis\u00e4.<\/p>\n<p data-start=\"383\" data-end=\"394\" data-is-last-node=\"\" data-is-only-node=\"\"><strong>60 kapselia<\/strong><\/p>\n","protected":false},"featured_media":10295,"comment_status":"closed","ping_status":"closed","template":"","meta":{"_acf_changed":false,"inline_featured_image":false,"_kad_blocks_custom_css":"","_kad_blocks_head_custom_js":"","_kad_blocks_body_custom_js":"","_kad_blocks_footer_custom_js":"","_kadence_starter_templates_imported_post":false,"_kad_post_transparent":"default","_kad_post_title":"","_kad_post_layout":"default","_kad_post_sidebar_id":"","_kad_post_content_style":"default","_kad_post_vertical_padding":"default","_kad_post_feature":"","_kad_post_feature_position":"","_kad_post_header":false,"_kad_post_footer":false},"product_brand":[],"product_cat":[96,527,528,2384,2444,2357],"product_tag":[5024,5028,5019,5018,5015,5021,5031,5035,5029,5033,5030,3630,5036,5027,3162,5034,5022,5017,5026,5025,5020,5023,5032,3635,5016],"class_list":{"0":"post-10323","1":"product","2":"type-product","3":"status-publish","4":"has-post-thumbnail","6":"product_cat-vitaminer-fi","7":"product_cat-d-vitamin-fi","8":"product_cat-k-vitamin-fi","9":"product_cat-jarn-fi","10":"product_cat-lamberts-fi","11":"product_cat-immunforsvar-fi","12":"product_tag-aikuisille-ja-vanhuksille-jotka-eivat-altistu-auringolle","13":"product_tag-aktiivisille-ja-terveystietoisille-ihmisille","14":"product_tag-d-ja-k-vitamiini-luuston-terveydelle","15":"product_tag-d3-ja-k2-yhdistelma","16":"product_tag-d3k2-vitamiini","17":"product_tag-edistaa-kalsiumin-imeytymista-ja-tasapainoa","18":"product_tag-gmo-vapaa-ja-ilman-keinotekoisia-lisaaineita","19":"product_tag-immuunijarjestelman-tukemiseen-talvella","20":"product_tag-k2-vitamiini-menakinoni-7na-mk-7","21":"product_tag-kalsiumtasapainoon-luissa-ja-verisuonissa","22":"product_tag-korkea-biologinen-hyotyosuus-ja-tehokas-imeytyminen","23":"product_tag-naturligt-d3-vitamin-kolekalciferol-fi","24":"product_tag-optimaalinen-tuki-kehon-luuston-ja-sydamen-toiminnalle","25":"product_tag-paivittainen-ravintolisa-luuston-vahvuudelle-ja-immuunitoiminnalle","26":"product_tag-parantaa-vastustuskykya","27":"product_tag-suoja-verisuonten-kalkkeutumista-vastaan","28":"product_tag-suojaa-osteoporoosilta","29":"product_tag-suuriannoksinen-d-vitamiini-ja-k-vitamiini","30":"product_tag-sydamen-terveydelle-ja-verenkierrolle","31":"product_tag-tukea-osteoporoosin-tai-kalsiumin-puutteen-varalta","32":"product_tag-tukee-luuston-ja-hampaiden-terveytta","33":"product_tag-tukee-sydamen-terveytta-ja-verenkiertoa","34":"product_tag-vahvemmille-luille-ja-hampaille","35":"product_tag-veganskt-alternativ-tillgangligt-fi","36":"product_tag-yhdistetty-d3-ja-k2-lisaravinne","38":"first","39":"instock","40":"taxable","41":"shipping-taxable","42":"purchasable","43":"product-type-simple","44":"entry","45":"content-bg","46":"loop-entry"},"acf":[],"yoast_head":"<!-- This site is optimized with the Yoast SEO plugin v25.8 - https:\/\/yoast.com\/wordpress\/plugins\/seo\/ -->\n<title>Vitamin D3 ja K2 (MK-7) sis\u00e4lt\u00e4\u00e4 D3 1000 IU \/ K2 90 \u00b5g, Lamberts - Reviva<\/title>\n<meta name=\"description\" content=\"D3- ja K2-vitamiini (menakinoni 7) korkealaatuinen ravintolis\u00e4. Sis\u00e4lt\u00e4\u00e4 menakinoni 7 (K2) ja D3-muotoa maksimaalisen imeytymisen takaamiseksi.\" \/>\n<meta name=\"robots\" content=\"index, follow, max-snippet:-1, max-image-preview:large, max-video-preview:-1\" \/>\n<link rel=\"canonical\" href=\"https:\/\/reviva.fi\/fi\/tuote\/d3-k2-vitamiinit\/\" \/>\n<meta property=\"og:locale\" content=\"fi_FI\" \/>\n<meta property=\"og:type\" content=\"article\" \/>\n<meta property=\"og:title\" content=\"Vitamin D3 ja K2 (MK-7) sis\u00e4lt\u00e4\u00e4 D3 1000 IU \/ K2 90 \u00b5g, Lamberts - Reviva\" \/>\n<meta property=\"og:description\" content=\"D3- ja K2-vitamiini (menakinoni 7) korkealaatuinen ravintolis\u00e4. Sis\u00e4lt\u00e4\u00e4 menakinoni 7 (K2) ja D3-muotoa maksimaalisen imeytymisen takaamiseksi.\" \/>\n<meta property=\"og:url\" content=\"https:\/\/reviva.fi\/fi\/tuote\/d3-k2-vitamiinit\/\" \/>\n<meta property=\"og:site_name\" content=\"Reviva\" \/>\n<meta property=\"article:modified_time\" content=\"2026-02-13T11:36:10+00:00\" \/>\n<meta property=\"og:image\" content=\"https:\/\/reviva.fi\/wp-content\/uploads\/2024\/12\/8144-60-Vitamins-D3K2.jpg\" \/>\n\t<meta property=\"og:image:width\" content=\"780\" \/>\n\t<meta property=\"og:image:height\" content=\"780\" \/>\n\t<meta property=\"og:image:type\" content=\"image\/jpeg\" \/>\n<meta name=\"twitter:card\" content=\"summary_large_image\" \/>\n<script type=\"application\/ld+json\" class=\"yoast-schema-graph\">{\"@context\":\"https:\/\/schema.org\",\"@graph\":[{\"@type\":\"WebPage\",\"@id\":\"https:\/\/reviva.fi\/fi\/tuote\/d3-k2-vitamiinit\/\",\"url\":\"https:\/\/reviva.fi\/fi\/tuote\/d3-k2-vitamiinit\/\",\"name\":\"Vitamin D3 ja K2 (MK-7) sis\u00e4lt\u00e4\u00e4 D3 1000 IU \/ K2 90 \u00b5g, Lamberts - Reviva\",\"isPartOf\":{\"@id\":\"https:\/\/reviva.fi\/fi\/#website\"},\"primaryImageOfPage\":{\"@id\":\"https:\/\/reviva.fi\/fi\/tuote\/d3-k2-vitamiinit\/#primaryimage\"},\"image\":{\"@id\":\"https:\/\/reviva.fi\/fi\/tuote\/d3-k2-vitamiinit\/#primaryimage\"},\"thumbnailUrl\":\"https:\/\/reviva.fi\/wp-content\/uploads\/2024\/12\/8144-60-Vitamins-D3K2.jpg\",\"datePublished\":\"2024-12-18T14:10:35+00:00\",\"dateModified\":\"2026-02-13T11:36:10+00:00\",\"description\":\"D3- ja K2-vitamiini (menakinoni 7) korkealaatuinen ravintolis\u00e4. Sis\u00e4lt\u00e4\u00e4 menakinoni 7 (K2) ja D3-muotoa maksimaalisen imeytymisen takaamiseksi.\",\"breadcrumb\":{\"@id\":\"https:\/\/reviva.fi\/fi\/tuote\/d3-k2-vitamiinit\/#breadcrumb\"},\"inLanguage\":\"fi\",\"potentialAction\":[{\"@type\":\"ReadAction\",\"target\":[\"https:\/\/reviva.fi\/fi\/tuote\/d3-k2-vitamiinit\/\"]}]},{\"@type\":\"ImageObject\",\"inLanguage\":\"fi\",\"@id\":\"https:\/\/reviva.fi\/fi\/tuote\/d3-k2-vitamiinit\/#primaryimage\",\"url\":\"https:\/\/reviva.fi\/wp-content\/uploads\/2024\/12\/8144-60-Vitamins-D3K2.jpg\",\"contentUrl\":\"https:\/\/reviva.fi\/wp-content\/uploads\/2024\/12\/8144-60-Vitamins-D3K2.jpg\",\"width\":780,\"height\":780,\"caption\":\"Vitamin D3 & K2\"},{\"@type\":\"BreadcrumbList\",\"@id\":\"https:\/\/reviva.fi\/fi\/tuote\/d3-k2-vitamiinit\/#breadcrumb\",\"itemListElement\":[{\"@type\":\"ListItem\",\"position\":1,\"name\":\"Etusivu\",\"item\":\"https:\/\/reviva.fi\/fi\/\"},{\"@type\":\"ListItem\",\"position\":2,\"name\":\"Tuotteet\",\"item\":\"https:\/\/reviva.fi\/produkter\/\"},{\"@type\":\"ListItem\",\"position\":3,\"name\":\"Vitamin D3 ja K2 (MK-7) sis\u00e4lt\u00e4\u00e4 D3 1000 IU \/ K2 90 \u00b5g, Lamberts\"}]},{\"@type\":\"WebSite\",\"@id\":\"https:\/\/reviva.fi\/fi\/#website\",\"url\":\"https:\/\/reviva.fi\/fi\/\",\"name\":\"Reviva\",\"description\":\"\",\"publisher\":{\"@id\":\"https:\/\/reviva.fi\/fi\/#organization\"},\"potentialAction\":[{\"@type\":\"SearchAction\",\"target\":{\"@type\":\"EntryPoint\",\"urlTemplate\":\"https:\/\/reviva.fi\/fi\/?s={search_term_string}\"},\"query-input\":{\"@type\":\"PropertyValueSpecification\",\"valueRequired\":true,\"valueName\":\"search_term_string\"}}],\"inLanguage\":\"fi\"},{\"@type\":\"Organization\",\"@id\":\"https:\/\/reviva.fi\/fi\/#organization\",\"name\":\"Reviva\",\"url\":\"https:\/\/reviva.fi\/fi\/\",\"logo\":{\"@type\":\"ImageObject\",\"inLanguage\":\"fi\",\"@id\":\"https:\/\/reviva.fi\/fi\/#\/schema\/logo\/image\/\",\"url\":\"https:\/\/reviva.fi\/wp-content\/uploads\/2023\/10\/reviva-logo2.svg\",\"contentUrl\":\"https:\/\/reviva.fi\/wp-content\/uploads\/2023\/10\/reviva-logo2.svg\",\"caption\":\"Reviva\"},\"image\":{\"@id\":\"https:\/\/reviva.fi\/fi\/#\/schema\/logo\/image\/\"}}]}<\/script>\n<meta property=\"product:price:amount\" content=\"29.90\" \/>\n<meta property=\"product:price:currency\" content=\"EUR\" \/>\n<meta property=\"og:availability\" content=\"instock\" \/>\n<meta property=\"product:availability\" content=\"instock\" \/>\n<meta property=\"product:retailer_item_id\" content=\"8144-60\" \/>\n<meta property=\"product:condition\" content=\"new\" \/>\n<!-- \/ Yoast SEO plugin. -->","yoast_head_json":{"title":"Vitamin D3 ja K2 (MK-7) sis\u00e4lt\u00e4\u00e4 D3 1000 IU \/ K2 90 \u00b5g, Lamberts - Reviva","description":"D3- ja K2-vitamiini (menakinoni 7) korkealaatuinen ravintolis\u00e4. Sis\u00e4lt\u00e4\u00e4 menakinoni 7 (K2) ja D3-muotoa maksimaalisen imeytymisen takaamiseksi.","robots":{"index":"index","follow":"follow","max-snippet":"max-snippet:-1","max-image-preview":"max-image-preview:large","max-video-preview":"max-video-preview:-1"},"canonical":"https:\/\/reviva.fi\/fi\/tuote\/d3-k2-vitamiinit\/","og_locale":"fi_FI","og_type":"article","og_title":"Vitamin D3 ja K2 (MK-7) sis\u00e4lt\u00e4\u00e4 D3 1000 IU \/ K2 90 \u00b5g, Lamberts - Reviva","og_description":"D3- ja K2-vitamiini (menakinoni 7) korkealaatuinen ravintolis\u00e4. Sis\u00e4lt\u00e4\u00e4 menakinoni 7 (K2) ja D3-muotoa maksimaalisen imeytymisen takaamiseksi.","og_url":"https:\/\/reviva.fi\/fi\/tuote\/d3-k2-vitamiinit\/","og_site_name":"Reviva","article_modified_time":"2026-02-13T11:36:10+00:00","og_image":[{"width":780,"height":780,"url":"https:\/\/reviva.fi\/wp-content\/uploads\/2024\/12\/8144-60-Vitamins-D3K2.jpg","type":"image\/jpeg"}],"twitter_card":"summary_large_image","schema":{"@context":"https:\/\/schema.org","@graph":[{"@type":"WebPage","@id":"https:\/\/reviva.fi\/fi\/tuote\/d3-k2-vitamiinit\/","url":"https:\/\/reviva.fi\/fi\/tuote\/d3-k2-vitamiinit\/","name":"Vitamin D3 ja K2 (MK-7) sis\u00e4lt\u00e4\u00e4 D3 1000 IU \/ K2 90 \u00b5g, Lamberts - Reviva","isPartOf":{"@id":"https:\/\/reviva.fi\/fi\/#website"},"primaryImageOfPage":{"@id":"https:\/\/reviva.fi\/fi\/tuote\/d3-k2-vitamiinit\/#primaryimage"},"image":{"@id":"https:\/\/reviva.fi\/fi\/tuote\/d3-k2-vitamiinit\/#primaryimage"},"thumbnailUrl":"https:\/\/reviva.fi\/wp-content\/uploads\/2024\/12\/8144-60-Vitamins-D3K2.jpg","datePublished":"2024-12-18T14:10:35+00:00","dateModified":"2026-02-13T11:36:10+00:00","description":"D3- ja K2-vitamiini (menakinoni 7) korkealaatuinen ravintolis\u00e4. Sis\u00e4lt\u00e4\u00e4 menakinoni 7 (K2) ja D3-muotoa maksimaalisen imeytymisen takaamiseksi.","breadcrumb":{"@id":"https:\/\/reviva.fi\/fi\/tuote\/d3-k2-vitamiinit\/#breadcrumb"},"inLanguage":"fi","potentialAction":[{"@type":"ReadAction","target":["https:\/\/reviva.fi\/fi\/tuote\/d3-k2-vitamiinit\/"]}]},{"@type":"ImageObject","inLanguage":"fi","@id":"https:\/\/reviva.fi\/fi\/tuote\/d3-k2-vitamiinit\/#primaryimage","url":"https:\/\/reviva.fi\/wp-content\/uploads\/2024\/12\/8144-60-Vitamins-D3K2.jpg","contentUrl":"https:\/\/reviva.fi\/wp-content\/uploads\/2024\/12\/8144-60-Vitamins-D3K2.jpg","width":780,"height":780,"caption":"Vitamin D3 & K2"},{"@type":"BreadcrumbList","@id":"https:\/\/reviva.fi\/fi\/tuote\/d3-k2-vitamiinit\/#breadcrumb","itemListElement":[{"@type":"ListItem","position":1,"name":"Etusivu","item":"https:\/\/reviva.fi\/fi\/"},{"@type":"ListItem","position":2,"name":"Tuotteet","item":"https:\/\/reviva.fi\/produkter\/"},{"@type":"ListItem","position":3,"name":"Vitamin D3 ja K2 (MK-7) sis\u00e4lt\u00e4\u00e4 D3 1000 IU \/ K2 90 \u00b5g, Lamberts"}]},{"@type":"WebSite","@id":"https:\/\/reviva.fi\/fi\/#website","url":"https:\/\/reviva.fi\/fi\/","name":"Reviva","description":"","publisher":{"@id":"https:\/\/reviva.fi\/fi\/#organization"},"potentialAction":[{"@type":"SearchAction","target":{"@type":"EntryPoint","urlTemplate":"https:\/\/reviva.fi\/fi\/?s={search_term_string}"},"query-input":{"@type":"PropertyValueSpecification","valueRequired":true,"valueName":"search_term_string"}}],"inLanguage":"fi"},{"@type":"Organization","@id":"https:\/\/reviva.fi\/fi\/#organization","name":"Reviva","url":"https:\/\/reviva.fi\/fi\/","logo":{"@type":"ImageObject","inLanguage":"fi","@id":"https:\/\/reviva.fi\/fi\/#\/schema\/logo\/image\/","url":"https:\/\/reviva.fi\/wp-content\/uploads\/2023\/10\/reviva-logo2.svg","contentUrl":"https:\/\/reviva.fi\/wp-content\/uploads\/2023\/10\/reviva-logo2.svg","caption":"Reviva"},"image":{"@id":"https:\/\/reviva.fi\/fi\/#\/schema\/logo\/image\/"}}]},"product_price_amount":"29.90","product_price_currency":"EUR","og_availability":"instock","product_availability":"instock","product_retailer_item_id":"8144-60","product_condition":"new"},"taxonomy_info":{"product_cat":[{"value":96,"label":"Vitamiinit"},{"value":527,"label":"D-vitamiini"},{"value":528,"label":"K-vitamiini"},{"value":2384,"label":"Rauta"},{"value":2444,"label":"Lamberts"},{"value":2357,"label":"Immuunipuolustus"}],"product_tag":[{"value":5024,"label":"Aikuisille ja vanhuksille, jotka eiv\u00e4t altistu auringolle"},{"value":5028,"label":"Aktiivisille ja terveystietoisille ihmisille"},{"value":5019,"label":"D- ja K-vitamiini luuston terveydelle"},{"value":5018,"label":"D3 ja K2 yhdistelm\u00e4"},{"value":5015,"label":"D3+K2-vitamiini"},{"value":5021,"label":"Edist\u00e4\u00e4 kalsiumin imeytymist\u00e4 ja tasapainoa"},{"value":5031,"label":"GMO-vapaa ja ilman keinotekoisia lis\u00e4aineita"},{"value":5035,"label":"Immuunij\u00e4rjestelm\u00e4n tukemiseen talvella"},{"value":5029,"label":"K2-vitamiini menakinoni-7:n\u00e4 (MK-7)"},{"value":5033,"label":"Kalsiumtasapainoon luissa ja verisuonissa"},{"value":5030,"label":"Korkea biologinen hy\u00f6tyosuus ja tehokas imeytyminen"},{"value":3630,"label":"Naturligt D3-vitamin (kolekalciferol)"},{"value":5036,"label":"Optimaalinen tuki kehon luuston ja syd\u00e4men toiminnalle"},{"value":5027,"label":"P\u00e4ivitt\u00e4inen ravintolis\u00e4 luuston vahvuudelle ja immuunitoiminnalle"},{"value":3162,"label":"parantaa vastustuskyky\u00e4"},{"value":5034,"label":"Suoja verisuonten kalkkeutumista vastaan"},{"value":5022,"label":"Suojaa osteoporoosilta"},{"value":5017,"label":"Suuriannoksinen D-vitamiini ja K-vitamiini"},{"value":5026,"label":"Syd\u00e4men terveydelle ja verenkierrolle"},{"value":5025,"label":"Tukea osteoporoosin tai kalsiumin puutteen varalta"},{"value":5020,"label":"Tukee luuston ja hampaiden terveytt\u00e4"},{"value":5023,"label":"Tukee syd\u00e4men terveytt\u00e4 ja verenkiertoa"},{"value":5032,"label":"Vahvemmille luille ja hampaille"},{"value":3635,"label":"Veganskt alternativ tillg\u00e4ngligt"},{"value":5016,"label":"Yhdistetty D3- ja K2-lis\u00e4ravinne"}]},"featured_image_src_large":["https:\/\/reviva.fi\/wp-content\/uploads\/2024\/12\/8144-60-Vitamins-D3K2.jpg",780,780,false],"author_info":[],"comment_info":0,"_links":{"self":[{"href":"https:\/\/reviva.fi\/fi\/wp-json\/wp\/v2\/product\/10323","targetHints":{"allow":["GET"]}}],"collection":[{"href":"https:\/\/reviva.fi\/fi\/wp-json\/wp\/v2\/product"}],"about":[{"href":"https:\/\/reviva.fi\/fi\/wp-json\/wp\/v2\/types\/product"}],"replies":[{"embeddable":true,"href":"https:\/\/reviva.fi\/fi\/wp-json\/wp\/v2\/comments?post=10323"}],"wp:featuredmedia":[{"embeddable":true,"href":"https:\/\/reviva.fi\/fi\/wp-json\/wp\/v2\/media\/10295"}],"wp:attachment":[{"href":"https:\/\/reviva.fi\/fi\/wp-json\/wp\/v2\/media?parent=10323"}],"wp:term":[{"taxonomy":"product_brand","embeddable":true,"href":"https:\/\/reviva.fi\/fi\/wp-json\/wp\/v2\/product_brand?post=10323"},{"taxonomy":"product_cat","embeddable":true,"href":"https:\/\/reviva.fi\/fi\/wp-json\/wp\/v2\/product_cat?post=10323"},{"taxonomy":"product_tag","embeddable":true,"href":"https:\/\/reviva.fi\/fi\/wp-json\/wp\/v2\/product_tag?post=10323"}],"curies":[{"name":"wp","href":"https:\/\/api.w.org\/{rel}","templated":true}]}}