{"id":10335,"date":"2024-12-18T15:31:26","date_gmt":"2024-12-18T13:31:26","guid":{"rendered":"https:\/\/reviva.fi\/product\/meno-pause-complex\/"},"modified":"2024-12-23T14:14:21","modified_gmt":"2024-12-23T12:14:21","slug":"meno-pause-kompleksi","status":"publish","type":"product","link":"https:\/\/reviva.fi\/fi\/tuote\/meno-pause-kompleksi\/","title":{"rendered":"Meno-Pause Kompleksi"},"content":{"rendered":"<p><strong>Meno-Pause Kompleksi<\/strong> sis\u00e4lt\u00e4\u00e4 Lifenol\u00ae-uutteen, joka on patentoitu humalan uute ja takaa p\u00e4ivitt\u00e4isen annoksen 8-prenylnaringeniini\u00e4 (8PN).<br \/>\nHumala-uutetta on k\u00e4ytetty vuosisatojen ajan tukemaan naisten terveytt\u00e4.<\/p>\n<p>Lamberts on my\u00f6s lis\u00e4nnyt soijaproteiinia uutetta tasolle, joka on verrattavissa yksitt\u00e4isiin tuotteisiin, tarjoten 50 mg puhtaita isoflavoneja per tabletti. Lis\u00e4ksi tuote sis\u00e4lt\u00e4\u00e4 salviauutetta, jossa on tarkasti kontrolloitu matala tujoni-pitoisuus, lis\u00e4ttyn\u00e4 relevantissa annoksessa. T\u00e4m\u00e4 yhdistelm\u00e4 on suunniteltu tukemaan naisia luonnollisesti vaihdevuosien aikana.<\/p>\n<p>&nbsp;<\/p>\n","protected":false},"excerpt":{"rendered":"<div class=\"f-18 f-xspace f-color6 f-nobold\">\n<p>Sis\u00e4lt\u00e4\u00e4 soija-isoflavoneja, humalaa ja salviaa. Vaihdevuosien ajalle ja sen j\u00e4lkeen.<\/p>\n<p>Hyvin tutkittu ainutlaatuinen humalauute (Lifenol\u00ae), joka tarjoaa 100 \u03bcg 8PN:\u00e4\u00e4, luonnollista kasviestrogeenia.<br \/>\nLuonnollinen isoflavonien l\u00e4hde ei-GMO-soijasta, suosittu valinta vaihdevuosi-ik\u00e4isille naisille.<br \/>\nSis\u00e4lt\u00e4\u00e4 my\u00f6s salviaa, yrtti\u00e4, josta on tullut suosittu naisten ravintolisiss\u00e4 vaihdevuosien aikana.<\/p>\n<p><strong>30 tablettia<\/strong><\/p>\n<\/div>\n","protected":false},"featured_media":10289,"comment_status":"closed","ping_status":"closed","template":"","meta":{"_acf_changed":false,"inline_featured_image":false,"_kad_blocks_custom_css":"","_kad_blocks_head_custom_js":"","_kad_blocks_body_custom_js":"","_kad_blocks_footer_custom_js":"","_kadence_starter_templates_imported_post":false,"_kad_post_transparent":"default","_kad_post_title":"","_kad_post_layout":"default","_kad_post_sidebar_id":"","_kad_post_content_style":"default","_kad_post_vertical_padding":"default","_kad_post_feature":"","_kad_post_feature_position":"","_kad_post_header":false,"_kad_post_footer":false},"product_brand":[],"product_cat":[141,5978,2444],"product_tag":[3725,3726,3727,3728,3729,3730,3731,3732,3384,3733,3734,3735,3736,3737,3738,3739,3740,3741,3742,3743,3744,3745,3746,3747,3748],"class_list":{"0":"post-10335","1":"product","2":"type-product","3":"status-publish","4":"has-post-thumbnail","6":"product_cat-orter-fi","7":"product_cat-multi-produkter-fi","8":"product_cat-lamberts-fi","9":"product_tag-dagligt-tillskott-for-hormonbalans-fi","10":"product_tag-for-kvinnor-efter-klimakteriet-fi","11":"product_tag-for-kvinnor-i-klimakteriet-fi","12":"product_tag-for-kvinnor-som-soker-naturliga-alternativ-fi","13":"product_tag-for-lindring-av-menopausala-symtom-fi","14":"product_tag-framjar-somnkvalitet-fi","15":"product_tag-framjar-valmaende-under-menopaus-fi","16":"product_tag-fri-fran-artificiella-tillsatser-fi","17":"product_tag-hormonbalans-fi","18":"product_tag-innehaller-lifenol-humleextrakt-fi","19":"product_tag-klimakterietillskott-fi","20":"product_tag-kliniskt-testade-ingredienser-fi","21":"product_tag-kvinnors-halsa-fi","22":"product_tag-lindrar-klimakteriebesvar-fi","23":"product_tag-meno-pause-complex-fi","24":"product_tag-menopausstod-fi","25":"product_tag-minskar-nattliga-svettningar-fi","26":"product_tag-minskar-varmevallningar-fi","27":"product_tag-naturlig-lindring-av-hormonella-obalanser-fi","28":"product_tag-naturligt-stod-for-overgangsaldern-fi","29":"product_tag-salviaextrakt-med-lag-tujonhalt-fi","30":"product_tag-sojaextrakt-med-50-mg-isoflavoner-per-tablett-fi","31":"product_tag-stodjer-benhalsa-under-menopaus-fi","32":"product_tag-stodjer-emotionell-balans-fi","33":"product_tag-stodjer-hormonell-balans-fi","35":"first","36":"outofstock","37":"taxable","38":"shipping-taxable","39":"purchasable","40":"product-type-simple","41":"entry","42":"content-bg","43":"loop-entry"},"acf":[],"yoast_head":"<!-- This site is optimized with the Yoast SEO plugin v25.8 - https:\/\/yoast.com\/wordpress\/plugins\/seo\/ -->\n<title>Meno-Pause Kompleksi - Reviva<\/title>\n<meta name=\"description\" content=\"Meno-Pause Kompleksi. T\u00e4m\u00e4 yhdistelm\u00e4 soijan isoflavoneja, salviaa ja humala-uutetta on suunniteltu tukemaan naisia luonnollisesti vaihdevuosien aikana.\" \/>\n<meta name=\"robots\" content=\"index, follow, max-snippet:-1, max-image-preview:large, max-video-preview:-1\" \/>\n<link rel=\"canonical\" href=\"https:\/\/reviva.fi\/fi\/tuote\/meno-pause-kompleksi\/\" \/>\n<meta property=\"og:locale\" content=\"fi_FI\" \/>\n<meta property=\"og:type\" content=\"article\" \/>\n<meta property=\"og:title\" content=\"Meno-Pause Kompleksi - Reviva\" \/>\n<meta property=\"og:description\" content=\"Meno-Pause Kompleksi. T\u00e4m\u00e4 yhdistelm\u00e4 soijan isoflavoneja, salviaa ja humala-uutetta on suunniteltu tukemaan naisia luonnollisesti vaihdevuosien aikana.\" \/>\n<meta property=\"og:url\" content=\"https:\/\/reviva.fi\/fi\/tuote\/meno-pause-kompleksi\/\" \/>\n<meta property=\"og:site_name\" content=\"Reviva\" \/>\n<meta property=\"article:modified_time\" content=\"2024-12-23T12:14:21+00:00\" \/>\n<meta property=\"og:image\" content=\"https:\/\/reviva.fi\/wp-content\/uploads\/2024\/12\/8525-30-MenoPause-complex.jpg\" \/>\n\t<meta property=\"og:image:width\" content=\"780\" \/>\n\t<meta property=\"og:image:height\" content=\"780\" \/>\n\t<meta property=\"og:image:type\" content=\"image\/jpeg\" \/>\n<meta name=\"twitter:card\" content=\"summary_large_image\" \/>\n<script type=\"application\/ld+json\" class=\"yoast-schema-graph\">{\"@context\":\"https:\/\/schema.org\",\"@graph\":[{\"@type\":\"WebPage\",\"@id\":\"https:\/\/reviva.fi\/fi\/tuote\/meno-pause-kompleksi\/\",\"url\":\"https:\/\/reviva.fi\/fi\/tuote\/meno-pause-kompleksi\/\",\"name\":\"Meno-Pause Kompleksi - Reviva\",\"isPartOf\":{\"@id\":\"https:\/\/reviva.fi\/fi\/#website\"},\"primaryImageOfPage\":{\"@id\":\"https:\/\/reviva.fi\/fi\/tuote\/meno-pause-kompleksi\/#primaryimage\"},\"image\":{\"@id\":\"https:\/\/reviva.fi\/fi\/tuote\/meno-pause-kompleksi\/#primaryimage\"},\"thumbnailUrl\":\"https:\/\/reviva.fi\/wp-content\/uploads\/2024\/12\/8525-30-MenoPause-complex.jpg\",\"datePublished\":\"2024-12-18T13:31:26+00:00\",\"dateModified\":\"2024-12-23T12:14:21+00:00\",\"description\":\"Meno-Pause Kompleksi. T\u00e4m\u00e4 yhdistelm\u00e4 soijan isoflavoneja, salviaa ja humala-uutetta on suunniteltu tukemaan naisia luonnollisesti vaihdevuosien aikana.\",\"breadcrumb\":{\"@id\":\"https:\/\/reviva.fi\/fi\/tuote\/meno-pause-kompleksi\/#breadcrumb\"},\"inLanguage\":\"fi\",\"potentialAction\":[{\"@type\":\"ReadAction\",\"target\":[\"https:\/\/reviva.fi\/fi\/tuote\/meno-pause-kompleksi\/\"]}]},{\"@type\":\"ImageObject\",\"inLanguage\":\"fi\",\"@id\":\"https:\/\/reviva.fi\/fi\/tuote\/meno-pause-kompleksi\/#primaryimage\",\"url\":\"https:\/\/reviva.fi\/wp-content\/uploads\/2024\/12\/8525-30-MenoPause-complex.jpg\",\"contentUrl\":\"https:\/\/reviva.fi\/wp-content\/uploads\/2024\/12\/8525-30-MenoPause-complex.jpg\",\"width\":780,\"height\":780,\"caption\":\"Meno-Pause Kompleksi\"},{\"@type\":\"BreadcrumbList\",\"@id\":\"https:\/\/reviva.fi\/fi\/tuote\/meno-pause-kompleksi\/#breadcrumb\",\"itemListElement\":[{\"@type\":\"ListItem\",\"position\":1,\"name\":\"Etusivu\",\"item\":\"https:\/\/reviva.fi\/fi\/\"},{\"@type\":\"ListItem\",\"position\":2,\"name\":\"Tuotteet\",\"item\":\"https:\/\/reviva.fi\/produkter\/\"},{\"@type\":\"ListItem\",\"position\":3,\"name\":\"Meno-Pause Kompleksi\"}]},{\"@type\":\"WebSite\",\"@id\":\"https:\/\/reviva.fi\/fi\/#website\",\"url\":\"https:\/\/reviva.fi\/fi\/\",\"name\":\"Reviva\",\"description\":\"\",\"publisher\":{\"@id\":\"https:\/\/reviva.fi\/fi\/#organization\"},\"potentialAction\":[{\"@type\":\"SearchAction\",\"target\":{\"@type\":\"EntryPoint\",\"urlTemplate\":\"https:\/\/reviva.fi\/fi\/?s={search_term_string}\"},\"query-input\":{\"@type\":\"PropertyValueSpecification\",\"valueRequired\":true,\"valueName\":\"search_term_string\"}}],\"inLanguage\":\"fi\"},{\"@type\":\"Organization\",\"@id\":\"https:\/\/reviva.fi\/fi\/#organization\",\"name\":\"Reviva\",\"url\":\"https:\/\/reviva.fi\/fi\/\",\"logo\":{\"@type\":\"ImageObject\",\"inLanguage\":\"fi\",\"@id\":\"https:\/\/reviva.fi\/fi\/#\/schema\/logo\/image\/\",\"url\":\"https:\/\/reviva.fi\/wp-content\/uploads\/2023\/10\/reviva-logo2.svg\",\"contentUrl\":\"https:\/\/reviva.fi\/wp-content\/uploads\/2023\/10\/reviva-logo2.svg\",\"caption\":\"Reviva\"},\"image\":{\"@id\":\"https:\/\/reviva.fi\/fi\/#\/schema\/logo\/image\/\"}}]}<\/script>\n<meta property=\"product:price:amount\" content=\"29.90\" \/>\n<meta property=\"product:price:currency\" content=\"EUR\" \/>\n<meta property=\"og:availability\" content=\"out of stock\" \/>\n<meta property=\"product:availability\" content=\"out of stock\" \/>\n<meta property=\"product:retailer_item_id\" content=\"8525-30\" \/>\n<meta property=\"product:condition\" content=\"new\" \/>\n<!-- \/ Yoast SEO plugin. -->","yoast_head_json":{"title":"Meno-Pause Kompleksi - Reviva","description":"Meno-Pause Kompleksi. T\u00e4m\u00e4 yhdistelm\u00e4 soijan isoflavoneja, salviaa ja humala-uutetta on suunniteltu tukemaan naisia luonnollisesti vaihdevuosien aikana.","robots":{"index":"index","follow":"follow","max-snippet":"max-snippet:-1","max-image-preview":"max-image-preview:large","max-video-preview":"max-video-preview:-1"},"canonical":"https:\/\/reviva.fi\/fi\/tuote\/meno-pause-kompleksi\/","og_locale":"fi_FI","og_type":"article","og_title":"Meno-Pause Kompleksi - Reviva","og_description":"Meno-Pause Kompleksi. T\u00e4m\u00e4 yhdistelm\u00e4 soijan isoflavoneja, salviaa ja humala-uutetta on suunniteltu tukemaan naisia luonnollisesti vaihdevuosien aikana.","og_url":"https:\/\/reviva.fi\/fi\/tuote\/meno-pause-kompleksi\/","og_site_name":"Reviva","article_modified_time":"2024-12-23T12:14:21+00:00","og_image":[{"width":780,"height":780,"url":"https:\/\/reviva.fi\/wp-content\/uploads\/2024\/12\/8525-30-MenoPause-complex.jpg","type":"image\/jpeg"}],"twitter_card":"summary_large_image","schema":{"@context":"https:\/\/schema.org","@graph":[{"@type":"WebPage","@id":"https:\/\/reviva.fi\/fi\/tuote\/meno-pause-kompleksi\/","url":"https:\/\/reviva.fi\/fi\/tuote\/meno-pause-kompleksi\/","name":"Meno-Pause Kompleksi - Reviva","isPartOf":{"@id":"https:\/\/reviva.fi\/fi\/#website"},"primaryImageOfPage":{"@id":"https:\/\/reviva.fi\/fi\/tuote\/meno-pause-kompleksi\/#primaryimage"},"image":{"@id":"https:\/\/reviva.fi\/fi\/tuote\/meno-pause-kompleksi\/#primaryimage"},"thumbnailUrl":"https:\/\/reviva.fi\/wp-content\/uploads\/2024\/12\/8525-30-MenoPause-complex.jpg","datePublished":"2024-12-18T13:31:26+00:00","dateModified":"2024-12-23T12:14:21+00:00","description":"Meno-Pause Kompleksi. T\u00e4m\u00e4 yhdistelm\u00e4 soijan isoflavoneja, salviaa ja humala-uutetta on suunniteltu tukemaan naisia luonnollisesti vaihdevuosien aikana.","breadcrumb":{"@id":"https:\/\/reviva.fi\/fi\/tuote\/meno-pause-kompleksi\/#breadcrumb"},"inLanguage":"fi","potentialAction":[{"@type":"ReadAction","target":["https:\/\/reviva.fi\/fi\/tuote\/meno-pause-kompleksi\/"]}]},{"@type":"ImageObject","inLanguage":"fi","@id":"https:\/\/reviva.fi\/fi\/tuote\/meno-pause-kompleksi\/#primaryimage","url":"https:\/\/reviva.fi\/wp-content\/uploads\/2024\/12\/8525-30-MenoPause-complex.jpg","contentUrl":"https:\/\/reviva.fi\/wp-content\/uploads\/2024\/12\/8525-30-MenoPause-complex.jpg","width":780,"height":780,"caption":"Meno-Pause Kompleksi"},{"@type":"BreadcrumbList","@id":"https:\/\/reviva.fi\/fi\/tuote\/meno-pause-kompleksi\/#breadcrumb","itemListElement":[{"@type":"ListItem","position":1,"name":"Etusivu","item":"https:\/\/reviva.fi\/fi\/"},{"@type":"ListItem","position":2,"name":"Tuotteet","item":"https:\/\/reviva.fi\/produkter\/"},{"@type":"ListItem","position":3,"name":"Meno-Pause Kompleksi"}]},{"@type":"WebSite","@id":"https:\/\/reviva.fi\/fi\/#website","url":"https:\/\/reviva.fi\/fi\/","name":"Reviva","description":"","publisher":{"@id":"https:\/\/reviva.fi\/fi\/#organization"},"potentialAction":[{"@type":"SearchAction","target":{"@type":"EntryPoint","urlTemplate":"https:\/\/reviva.fi\/fi\/?s={search_term_string}"},"query-input":{"@type":"PropertyValueSpecification","valueRequired":true,"valueName":"search_term_string"}}],"inLanguage":"fi"},{"@type":"Organization","@id":"https:\/\/reviva.fi\/fi\/#organization","name":"Reviva","url":"https:\/\/reviva.fi\/fi\/","logo":{"@type":"ImageObject","inLanguage":"fi","@id":"https:\/\/reviva.fi\/fi\/#\/schema\/logo\/image\/","url":"https:\/\/reviva.fi\/wp-content\/uploads\/2023\/10\/reviva-logo2.svg","contentUrl":"https:\/\/reviva.fi\/wp-content\/uploads\/2023\/10\/reviva-logo2.svg","caption":"Reviva"},"image":{"@id":"https:\/\/reviva.fi\/fi\/#\/schema\/logo\/image\/"}}]},"product_price_amount":"29.90","product_price_currency":"EUR","og_availability":"out of stock","product_availability":"out of stock","product_retailer_item_id":"8525-30","product_condition":"new"},"taxonomy_info":{"product_cat":[{"value":141,"label":"Yrtit"},{"value":5978,"label":"Multi tuotteet"},{"value":2444,"label":"Lamberts"}],"product_tag":[{"value":3725,"label":"Dagligt tillskott f\u00f6r hormonbalans"},{"value":3726,"label":"F\u00f6r kvinnor efter klimakteriet"},{"value":3727,"label":"F\u00f6r kvinnor i klimakteriet"},{"value":3728,"label":"F\u00f6r kvinnor som s\u00f6ker naturliga alternativ"},{"value":3729,"label":"F\u00f6r lindring av menopausala symtom"},{"value":3730,"label":"Fr\u00e4mjar s\u00f6mnkvalitet"},{"value":3731,"label":"Fr\u00e4mjar v\u00e4lm\u00e5ende under menopaus"},{"value":3732,"label":"Fri fr\u00e5n artificiella tillsatser"},{"value":3384,"label":"Hormonbalans"},{"value":3733,"label":"Inneh\u00e5ller Lifenol\u00ae (humleextrakt)"},{"value":3734,"label":"Klimakterietillskott"},{"value":3735,"label":"Kliniskt testade ingredienser"},{"value":3736,"label":"Kvinnors h\u00e4lsa"},{"value":3737,"label":"Lindrar klimakteriebesv\u00e4r"},{"value":3738,"label":"Meno-Pause Complex"},{"value":3739,"label":"Menopausst\u00f6d"},{"value":3740,"label":"Minskar nattliga svettningar"},{"value":3741,"label":"Minskar v\u00e4rmevallningar"},{"value":3742,"label":"Naturlig lindring av hormonella obalanser"},{"value":3743,"label":"Naturligt st\u00f6d f\u00f6r \u00f6verg\u00e5ngs\u00e5ldern"},{"value":3744,"label":"Salviaextrakt med l\u00e5g tujonhalt"},{"value":3745,"label":"Sojaextrakt med 50 mg isoflavoner per tablett"},{"value":3746,"label":"St\u00f6djer benh\u00e4lsa under menopaus"},{"value":3747,"label":"St\u00f6djer emotionell balans"},{"value":3748,"label":"St\u00f6djer hormonell balans"}]},"featured_image_src_large":["https:\/\/reviva.fi\/wp-content\/uploads\/2024\/12\/8525-30-MenoPause-complex.jpg",780,780,false],"author_info":[],"comment_info":0,"_links":{"self":[{"href":"https:\/\/reviva.fi\/fi\/wp-json\/wp\/v2\/product\/10335","targetHints":{"allow":["GET"]}}],"collection":[{"href":"https:\/\/reviva.fi\/fi\/wp-json\/wp\/v2\/product"}],"about":[{"href":"https:\/\/reviva.fi\/fi\/wp-json\/wp\/v2\/types\/product"}],"replies":[{"embeddable":true,"href":"https:\/\/reviva.fi\/fi\/wp-json\/wp\/v2\/comments?post=10335"}],"wp:featuredmedia":[{"embeddable":true,"href":"https:\/\/reviva.fi\/fi\/wp-json\/wp\/v2\/media\/10289"}],"wp:attachment":[{"href":"https:\/\/reviva.fi\/fi\/wp-json\/wp\/v2\/media?parent=10335"}],"wp:term":[{"taxonomy":"product_brand","embeddable":true,"href":"https:\/\/reviva.fi\/fi\/wp-json\/wp\/v2\/product_brand?post=10335"},{"taxonomy":"product_cat","embeddable":true,"href":"https:\/\/reviva.fi\/fi\/wp-json\/wp\/v2\/product_cat?post=10335"},{"taxonomy":"product_tag","embeddable":true,"href":"https:\/\/reviva.fi\/fi\/wp-json\/wp\/v2\/product_tag?post=10335"}],"curies":[{"name":"wp","href":"https:\/\/api.w.org\/{rel}","templated":true}]}}