{"id":10340,"date":"2024-12-18T14:59:47","date_gmt":"2024-12-18T12:59:47","guid":{"rendered":"https:\/\/reviva.fi\/product\/soja-isoflavoner-50mg\/"},"modified":"2026-04-27T08:58:18","modified_gmt":"2026-04-27T05:58:18","slug":"soya-isoflavones-50-mg","status":"publish","type":"product","link":"https:\/\/reviva.fi\/fi\/tuote\/soya-isoflavones-50-mg\/","title":{"rendered":"SOYA ISOFLAVONES 50 mg"},"content":{"rendered":"<p><strong>SOYA ISOFLAVONES 50 mg &#8211; Ravintolis\u00e4<\/p>\n<p><\/strong><\/p>\n<p>Lamberts\u00ae soija-isoflavonit sis\u00e4lt\u00e4v\u00e4t isoflavoniprofiilin, jota tutkijat k\u00e4ytt\u00e4v\u00e4t tieteellisiss\u00e4 tutkimuksissa. Jokainen tabletti sis\u00e4lt\u00e4\u00e4 50 mg soija-isoflavoneja.<br \/>\nLambertsin soija-isoflavonoidi on korkealaatuinen ravintolis\u00e4 niille, jotka haluavat lis\u00e4t\u00e4 p\u00e4ivitt\u00e4ist\u00e4 isoflavonien saantiaan.<\/p>\n","protected":false},"excerpt":{"rendered":"<p>Lamberts Soya isoflavones on eritt\u00e4in korkealaatuinen soija-isoflavonoidi-ravintolis\u00e4.<\/p>\n<p><strong>60 tablettia<\/strong><\/p>\n","protected":false},"featured_media":10207,"comment_status":"closed","ping_status":"closed","template":"","meta":{"_acf_changed":false,"inline_featured_image":false,"_kad_blocks_custom_css":"","_kad_blocks_head_custom_js":"","_kad_blocks_body_custom_js":"","_kad_blocks_footer_custom_js":"","_kadence_starter_templates_imported_post":false,"_kad_post_transparent":"default","_kad_post_title":"","_kad_post_layout":"default","_kad_post_sidebar_id":"","_kad_post_content_style":"default","_kad_post_vertical_padding":"default","_kad_post_feature":"","_kad_post_feature_position":"","_kad_post_header":false,"_kad_post_footer":false},"product_brand":[],"product_cat":[2505,2444],"product_tag":[3749,3750,3598,3751,3752,3753,3351,3727,3754,3755,3732,3756,3757,3758,3759,3760,3761,3762,3763,3764,3765,3766,3767,3768,3769],"class_list":{"0":"post-10340","1":"product","2":"type-product","3":"status-publish","4":"has-post-thumbnail","6":"product_cat-ovriga-kosttillskott-fi","7":"product_cat-lamberts-fi","8":"product_tag-antioxidant-for-cellhalsa-fi","9":"product_tag-antioxidantstod-fi","10":"product_tag-dagligt-tillskott-for-optimal-halsa-fi","11":"product_tag-for-dem-som-soker-ett-naturligt-alternativ-till-hormonbehandling-fi","12":"product_tag-for-forbattrad-somn-under-klimakteriet-fi","13":"product_tag-for-halsomedvetna-individer-fi","14":"product_tag-for-hormonell-balans-fi","15":"product_tag-for-kvinnor-i-klimakteriet-fi","16":"product_tag-for-minskade-vallningar-och-svettningar-fi","17":"product_tag-forbattrad-hudhalsa-fi","18":"product_tag-fri-fran-artificiella-tillsatser-fi","19":"product_tag-gmo-fritt-sojatillskott-fi","20":"product_tag-hogkoncentrerade-isoflavonoider-fi","21":"product_tag-hormonbalans-med-soja-fi","22":"product_tag-isoflavoner-fran-soja-fi","23":"product_tag-naturlig-hormonbalans-fi","24":"product_tag-naturliga-fytoostrogener-fi","25":"product_tag-naturligt-extrakt-fran-soja-fi","26":"product_tag-naturligt-stod-for-hormoncykler-fi","27":"product_tag-sojaisoflavonoid-tillskott-fi","28":"product_tag-sojaisoflavonoider-fi","29":"product_tag-stod-for-bentathet-fi","30":"product_tag-stod-for-halsosamma-ostrogennivaer-fi","31":"product_tag-stod-for-klimakteriebesvar-fi","32":"product_tag-vegansk-och-vegetariskt-vanlig-fi","34":"first","35":"instock","36":"taxable","37":"shipping-taxable","38":"purchasable","39":"product-type-simple","40":"entry","41":"content-bg","42":"loop-entry"},"acf":[],"yoast_head":"<!-- This site is optimized with the Yoast SEO plugin v25.8 - https:\/\/yoast.com\/wordpress\/plugins\/seo\/ -->\n<title>SOYA ISOFLAVONES 50 mg - Reviva<\/title>\n<meta name=\"description\" content=\"SOYA ISOFLAVONES 50 mg on Laadukas ravintolis\u00e4 niille, jotka haluavat lis\u00e4t\u00e4 ja varmistaa p\u00e4ivitt\u00e4ist\u00e4 isoflavonoidien saantiaan.\" \/>\n<meta name=\"robots\" content=\"index, follow, max-snippet:-1, max-image-preview:large, max-video-preview:-1\" \/>\n<link rel=\"canonical\" href=\"https:\/\/reviva.fi\/fi\/tuote\/soya-isoflavones-50-mg\/\" \/>\n<meta property=\"og:locale\" content=\"fi_FI\" \/>\n<meta property=\"og:type\" content=\"article\" \/>\n<meta property=\"og:title\" content=\"SOYA ISOFLAVONES 50 mg - Reviva\" \/>\n<meta property=\"og:description\" content=\"SOYA ISOFLAVONES 50 mg on Laadukas ravintolis\u00e4 niille, jotka haluavat lis\u00e4t\u00e4 ja varmistaa p\u00e4ivitt\u00e4ist\u00e4 isoflavonoidien saantiaan.\" \/>\n<meta property=\"og:url\" content=\"https:\/\/reviva.fi\/fi\/tuote\/soya-isoflavones-50-mg\/\" \/>\n<meta property=\"og:site_name\" content=\"Reviva\" \/>\n<meta property=\"article:modified_time\" content=\"2026-04-27T05:58:18+00:00\" \/>\n<meta property=\"og:image\" content=\"https:\/\/reviva.fi\/wp-content\/uploads\/2024\/12\/8562-60-Soya-Isoflavones.jpg\" \/>\n\t<meta property=\"og:image:width\" content=\"780\" \/>\n\t<meta property=\"og:image:height\" content=\"780\" \/>\n\t<meta property=\"og:image:type\" content=\"image\/jpeg\" \/>\n<meta name=\"twitter:card\" content=\"summary_large_image\" \/>\n<script type=\"application\/ld+json\" class=\"yoast-schema-graph\">{\"@context\":\"https:\/\/schema.org\",\"@graph\":[{\"@type\":\"WebPage\",\"@id\":\"https:\/\/reviva.fi\/fi\/tuote\/soya-isoflavones-50-mg\/\",\"url\":\"https:\/\/reviva.fi\/fi\/tuote\/soya-isoflavones-50-mg\/\",\"name\":\"SOYA ISOFLAVONES 50 mg - Reviva\",\"isPartOf\":{\"@id\":\"https:\/\/reviva.fi\/fi\/#website\"},\"primaryImageOfPage\":{\"@id\":\"https:\/\/reviva.fi\/fi\/tuote\/soya-isoflavones-50-mg\/#primaryimage\"},\"image\":{\"@id\":\"https:\/\/reviva.fi\/fi\/tuote\/soya-isoflavones-50-mg\/#primaryimage\"},\"thumbnailUrl\":\"https:\/\/reviva.fi\/wp-content\/uploads\/2024\/12\/8562-60-Soya-Isoflavones.jpg\",\"datePublished\":\"2024-12-18T12:59:47+00:00\",\"dateModified\":\"2026-04-27T05:58:18+00:00\",\"description\":\"SOYA ISOFLAVONES 50 mg on Laadukas ravintolis\u00e4 niille, jotka haluavat lis\u00e4t\u00e4 ja varmistaa p\u00e4ivitt\u00e4ist\u00e4 isoflavonoidien saantiaan.\",\"breadcrumb\":{\"@id\":\"https:\/\/reviva.fi\/fi\/tuote\/soya-isoflavones-50-mg\/#breadcrumb\"},\"inLanguage\":\"fi\",\"potentialAction\":[{\"@type\":\"ReadAction\",\"target\":[\"https:\/\/reviva.fi\/fi\/tuote\/soya-isoflavones-50-mg\/\"]}]},{\"@type\":\"ImageObject\",\"inLanguage\":\"fi\",\"@id\":\"https:\/\/reviva.fi\/fi\/tuote\/soya-isoflavones-50-mg\/#primaryimage\",\"url\":\"https:\/\/reviva.fi\/wp-content\/uploads\/2024\/12\/8562-60-Soya-Isoflavones.jpg\",\"contentUrl\":\"https:\/\/reviva.fi\/wp-content\/uploads\/2024\/12\/8562-60-Soya-Isoflavones.jpg\",\"width\":780,\"height\":780,\"caption\":\"SOYA ISOFLAVONES 50 mg\"},{\"@type\":\"BreadcrumbList\",\"@id\":\"https:\/\/reviva.fi\/fi\/tuote\/soya-isoflavones-50-mg\/#breadcrumb\",\"itemListElement\":[{\"@type\":\"ListItem\",\"position\":1,\"name\":\"Etusivu\",\"item\":\"https:\/\/reviva.fi\/fi\/\"},{\"@type\":\"ListItem\",\"position\":2,\"name\":\"Tuotteet\",\"item\":\"https:\/\/reviva.fi\/produkter\/\"},{\"@type\":\"ListItem\",\"position\":3,\"name\":\"SOYA ISOFLAVONES 50 mg\"}]},{\"@type\":\"WebSite\",\"@id\":\"https:\/\/reviva.fi\/fi\/#website\",\"url\":\"https:\/\/reviva.fi\/fi\/\",\"name\":\"Reviva\",\"description\":\"\",\"publisher\":{\"@id\":\"https:\/\/reviva.fi\/fi\/#organization\"},\"potentialAction\":[{\"@type\":\"SearchAction\",\"target\":{\"@type\":\"EntryPoint\",\"urlTemplate\":\"https:\/\/reviva.fi\/fi\/?s={search_term_string}\"},\"query-input\":{\"@type\":\"PropertyValueSpecification\",\"valueRequired\":true,\"valueName\":\"search_term_string\"}}],\"inLanguage\":\"fi\"},{\"@type\":\"Organization\",\"@id\":\"https:\/\/reviva.fi\/fi\/#organization\",\"name\":\"Reviva\",\"url\":\"https:\/\/reviva.fi\/fi\/\",\"logo\":{\"@type\":\"ImageObject\",\"inLanguage\":\"fi\",\"@id\":\"https:\/\/reviva.fi\/fi\/#\/schema\/logo\/image\/\",\"url\":\"https:\/\/reviva.fi\/wp-content\/uploads\/2023\/10\/reviva-logo2.svg\",\"contentUrl\":\"https:\/\/reviva.fi\/wp-content\/uploads\/2023\/10\/reviva-logo2.svg\",\"caption\":\"Reviva\"},\"image\":{\"@id\":\"https:\/\/reviva.fi\/fi\/#\/schema\/logo\/image\/\"}}]}<\/script>\n<meta property=\"product:price:amount\" content=\"23.90\" \/>\n<meta property=\"product:price:currency\" content=\"EUR\" \/>\n<meta property=\"og:availability\" content=\"instock\" \/>\n<meta property=\"product:availability\" content=\"instock\" \/>\n<meta property=\"product:retailer_item_id\" content=\"8562-60\" \/>\n<meta property=\"product:condition\" content=\"new\" \/>\n<!-- \/ Yoast SEO plugin. -->","yoast_head_json":{"title":"SOYA ISOFLAVONES 50 mg - Reviva","description":"SOYA ISOFLAVONES 50 mg on Laadukas ravintolis\u00e4 niille, jotka haluavat lis\u00e4t\u00e4 ja varmistaa p\u00e4ivitt\u00e4ist\u00e4 isoflavonoidien saantiaan.","robots":{"index":"index","follow":"follow","max-snippet":"max-snippet:-1","max-image-preview":"max-image-preview:large","max-video-preview":"max-video-preview:-1"},"canonical":"https:\/\/reviva.fi\/fi\/tuote\/soya-isoflavones-50-mg\/","og_locale":"fi_FI","og_type":"article","og_title":"SOYA ISOFLAVONES 50 mg - Reviva","og_description":"SOYA ISOFLAVONES 50 mg on Laadukas ravintolis\u00e4 niille, jotka haluavat lis\u00e4t\u00e4 ja varmistaa p\u00e4ivitt\u00e4ist\u00e4 isoflavonoidien saantiaan.","og_url":"https:\/\/reviva.fi\/fi\/tuote\/soya-isoflavones-50-mg\/","og_site_name":"Reviva","article_modified_time":"2026-04-27T05:58:18+00:00","og_image":[{"width":780,"height":780,"url":"https:\/\/reviva.fi\/wp-content\/uploads\/2024\/12\/8562-60-Soya-Isoflavones.jpg","type":"image\/jpeg"}],"twitter_card":"summary_large_image","schema":{"@context":"https:\/\/schema.org","@graph":[{"@type":"WebPage","@id":"https:\/\/reviva.fi\/fi\/tuote\/soya-isoflavones-50-mg\/","url":"https:\/\/reviva.fi\/fi\/tuote\/soya-isoflavones-50-mg\/","name":"SOYA ISOFLAVONES 50 mg - Reviva","isPartOf":{"@id":"https:\/\/reviva.fi\/fi\/#website"},"primaryImageOfPage":{"@id":"https:\/\/reviva.fi\/fi\/tuote\/soya-isoflavones-50-mg\/#primaryimage"},"image":{"@id":"https:\/\/reviva.fi\/fi\/tuote\/soya-isoflavones-50-mg\/#primaryimage"},"thumbnailUrl":"https:\/\/reviva.fi\/wp-content\/uploads\/2024\/12\/8562-60-Soya-Isoflavones.jpg","datePublished":"2024-12-18T12:59:47+00:00","dateModified":"2026-04-27T05:58:18+00:00","description":"SOYA ISOFLAVONES 50 mg on Laadukas ravintolis\u00e4 niille, jotka haluavat lis\u00e4t\u00e4 ja varmistaa p\u00e4ivitt\u00e4ist\u00e4 isoflavonoidien saantiaan.","breadcrumb":{"@id":"https:\/\/reviva.fi\/fi\/tuote\/soya-isoflavones-50-mg\/#breadcrumb"},"inLanguage":"fi","potentialAction":[{"@type":"ReadAction","target":["https:\/\/reviva.fi\/fi\/tuote\/soya-isoflavones-50-mg\/"]}]},{"@type":"ImageObject","inLanguage":"fi","@id":"https:\/\/reviva.fi\/fi\/tuote\/soya-isoflavones-50-mg\/#primaryimage","url":"https:\/\/reviva.fi\/wp-content\/uploads\/2024\/12\/8562-60-Soya-Isoflavones.jpg","contentUrl":"https:\/\/reviva.fi\/wp-content\/uploads\/2024\/12\/8562-60-Soya-Isoflavones.jpg","width":780,"height":780,"caption":"SOYA ISOFLAVONES 50 mg"},{"@type":"BreadcrumbList","@id":"https:\/\/reviva.fi\/fi\/tuote\/soya-isoflavones-50-mg\/#breadcrumb","itemListElement":[{"@type":"ListItem","position":1,"name":"Etusivu","item":"https:\/\/reviva.fi\/fi\/"},{"@type":"ListItem","position":2,"name":"Tuotteet","item":"https:\/\/reviva.fi\/produkter\/"},{"@type":"ListItem","position":3,"name":"SOYA ISOFLAVONES 50 mg"}]},{"@type":"WebSite","@id":"https:\/\/reviva.fi\/fi\/#website","url":"https:\/\/reviva.fi\/fi\/","name":"Reviva","description":"","publisher":{"@id":"https:\/\/reviva.fi\/fi\/#organization"},"potentialAction":[{"@type":"SearchAction","target":{"@type":"EntryPoint","urlTemplate":"https:\/\/reviva.fi\/fi\/?s={search_term_string}"},"query-input":{"@type":"PropertyValueSpecification","valueRequired":true,"valueName":"search_term_string"}}],"inLanguage":"fi"},{"@type":"Organization","@id":"https:\/\/reviva.fi\/fi\/#organization","name":"Reviva","url":"https:\/\/reviva.fi\/fi\/","logo":{"@type":"ImageObject","inLanguage":"fi","@id":"https:\/\/reviva.fi\/fi\/#\/schema\/logo\/image\/","url":"https:\/\/reviva.fi\/wp-content\/uploads\/2023\/10\/reviva-logo2.svg","contentUrl":"https:\/\/reviva.fi\/wp-content\/uploads\/2023\/10\/reviva-logo2.svg","caption":"Reviva"},"image":{"@id":"https:\/\/reviva.fi\/fi\/#\/schema\/logo\/image\/"}}]},"product_price_amount":"23.90","product_price_currency":"EUR","og_availability":"instock","product_availability":"instock","product_retailer_item_id":"8562-60","product_condition":"new"},"taxonomy_info":{"product_cat":[{"value":2505,"label":"Muut ravintolis\u00e4t"},{"value":2444,"label":"Lamberts"}],"product_tag":[{"value":3749,"label":"Antioxidant f\u00f6r cellh\u00e4lsa"},{"value":3750,"label":"Antioxidantst\u00f6d"},{"value":3598,"label":"Dagligt tillskott f\u00f6r optimal h\u00e4lsa"},{"value":3751,"label":"F\u00f6r dem som s\u00f6ker ett naturligt alternativ till hormonbehandling"},{"value":3752,"label":"F\u00f6r f\u00f6rb\u00e4ttrad s\u00f6mn under klimakteriet"},{"value":3753,"label":"F\u00f6r h\u00e4lsomedvetna individer"},{"value":3351,"label":"F\u00f6r hormonell balans"},{"value":3727,"label":"F\u00f6r kvinnor i klimakteriet"},{"value":3754,"label":"F\u00f6r minskade vallningar och svettningar"},{"value":3755,"label":"F\u00f6rb\u00e4ttrad hudh\u00e4lsa"},{"value":3732,"label":"Fri fr\u00e5n artificiella tillsatser"},{"value":3756,"label":"GMO-fritt sojatillskott"},{"value":3757,"label":"H\u00f6gkoncentrerade isoflavonoider"},{"value":3758,"label":"Hormonbalans med soja"},{"value":3759,"label":"Isoflavoner fr\u00e5n soja"},{"value":3760,"label":"Naturlig hormonbalans"},{"value":3761,"label":"Naturliga fyto\u00f6strogener"},{"value":3762,"label":"Naturligt extrakt fr\u00e5n soja"},{"value":3763,"label":"Naturligt st\u00f6d f\u00f6r hormoncykler"},{"value":3764,"label":"Sojaisoflavonoid tillskott"},{"value":3765,"label":"Sojaisoflavonoider"},{"value":3766,"label":"St\u00f6d f\u00f6r bent\u00e4thet"},{"value":3767,"label":"St\u00f6d f\u00f6r h\u00e4lsosamma \u00f6strogenniv\u00e5er"},{"value":3768,"label":"St\u00f6d f\u00f6r klimakteriebesv\u00e4r"},{"value":3769,"label":"Vegansk och vegetariskt v\u00e4nlig"}]},"featured_image_src_large":["https:\/\/reviva.fi\/wp-content\/uploads\/2024\/12\/8562-60-Soya-Isoflavones.jpg",780,780,false],"author_info":[],"comment_info":0,"_links":{"self":[{"href":"https:\/\/reviva.fi\/fi\/wp-json\/wp\/v2\/product\/10340","targetHints":{"allow":["GET"]}}],"collection":[{"href":"https:\/\/reviva.fi\/fi\/wp-json\/wp\/v2\/product"}],"about":[{"href":"https:\/\/reviva.fi\/fi\/wp-json\/wp\/v2\/types\/product"}],"replies":[{"embeddable":true,"href":"https:\/\/reviva.fi\/fi\/wp-json\/wp\/v2\/comments?post=10340"}],"wp:featuredmedia":[{"embeddable":true,"href":"https:\/\/reviva.fi\/fi\/wp-json\/wp\/v2\/media\/10207"}],"wp:attachment":[{"href":"https:\/\/reviva.fi\/fi\/wp-json\/wp\/v2\/media?parent=10340"}],"wp:term":[{"taxonomy":"product_brand","embeddable":true,"href":"https:\/\/reviva.fi\/fi\/wp-json\/wp\/v2\/product_brand?post=10340"},{"taxonomy":"product_cat","embeddable":true,"href":"https:\/\/reviva.fi\/fi\/wp-json\/wp\/v2\/product_cat?post=10340"},{"taxonomy":"product_tag","embeddable":true,"href":"https:\/\/reviva.fi\/fi\/wp-json\/wp\/v2\/product_tag?post=10340"}],"curies":[{"name":"wp","href":"https:\/\/api.w.org\/{rel}","templated":true}]}}