{"id":10432,"date":"2024-12-31T13:51:13","date_gmt":"2024-12-31T11:51:13","guid":{"rendered":"https:\/\/reviva.fi\/product\/ashwagandha-6000mg\/"},"modified":"2025-02-03T15:18:55","modified_gmt":"2025-02-03T13:18:55","slug":"ashwagandha-lamberts","status":"publish","type":"product","link":"https:\/\/reviva.fi\/fi\/tuote\/ashwagandha-lamberts\/","title":{"rendered":"Ashwagandha &#8211; Lamberts"},"content":{"rendered":"<h1>Ashwagandha &#8211; Lamberts<\/h1>\n<p><strong>Tukee immuunij\u00e4rjestelm\u00e4n normaalia toimintaa<\/strong><\/p>\n<p>Ashwagandha, tunnetaan my\u00f6s intialaisena ginsengin\u00e4, on ollut k\u00e4yt\u00f6ss\u00e4 vuosisatojen ajan, ja sadat l\u00e4\u00e4ketieteelliset tutkimukset ovat tutkineet ashwagandhan vaikutuksia useiden vuosien ajan suurella mielenkiinnolla.<\/p>\n<p>Lamberts\u00ae Ashwagandha yhdist\u00e4\u00e4 kasvin t\u00e4rke\u00e4t ominaisuudet lis\u00e4ttyihin C-vitamiiniin ja sinkkiin, jotka tukevat immuunij\u00e4rjestelm\u00e4n normaalia toimintaa.<\/p>\n<p>Tuotteeseen on k\u00e4ytetty t\u00e4yden spektrin juuriuutetta, koska se on ollut keski\u00f6ss\u00e4 vuosituhansien perinteisess\u00e4 k\u00e4yt\u00f6ss\u00e4 ja vastaa julkaistuja tutkimuksia. Raaka-aine k\u00e4y l\u00e4pi huolellisen seulontaprosessin ennen valmistusta (kuten kaikille yrteillemme), jotta varmistamme, ett\u00e4 materiaali t\u00e4ytt\u00e4\u00e4 tiukimmat laatuvaatimuksemme. Valitettavasti t\u00e4m\u00e4 ei ole totta kaikille ashwagandha-lis\u00e4ravinteille, joissa juuret sekoitetaan usein ilmaosiin ja muihin kasvin osiin. Monet n\u00e4ist\u00e4 tuotteista eiv\u00e4t vastaa merkint\u00f6j\u00e4\u00e4n, ja joissain tapauksissa ne voivat sis\u00e4lt\u00e4\u00e4 suuria m\u00e4\u00e4ri\u00e4 ep\u00e4puhtauksia.<\/p>\n<p>Aktiiviset yhdisteet, joita kutsutaan withanolidiksi, ovat optimaalisella tasollaan, 5 %, mik\u00e4 on per\u00e4ti 15 mg per kapseli. T\u00e4m\u00e4 vastaa julkaistuja tutkimuksia ja on huomattavasti korkeampi taso kuin mit\u00e4 monet v\u00e4itt\u00e4v\u00e4t sis\u00e4lt\u00e4v\u00e4n p\u00e4ivitt\u00e4isess\u00e4 annoksessaan.<\/p>\n<p>T\u00e4m\u00e4 yksi kapseli p\u00e4iv\u00e4ss\u00e4 -muoto sopii sek\u00e4 vegaaneille ett\u00e4 kasvissy\u00f6jille, ja se on yksi parhaista saatavilla olevista tuotteista sek\u00e4 laadun ett\u00e4 hinnan suhteen.<\/p>\n<p>&nbsp;<\/p>\n<p>&nbsp;<\/p>\n","protected":false},"excerpt":{"rendered":"<p>Lamberts &#8211; Ashwagandha 6000mg ravintolis\u00e4<\/p>\n<p><strong>60 kapselia<\/strong><\/p>\n","protected":false},"featured_media":10364,"comment_status":"closed","ping_status":"closed","template":"","meta":{"_acf_changed":false,"inline_featured_image":false,"_kad_blocks_custom_css":"","_kad_blocks_head_custom_js":"","_kad_blocks_body_custom_js":"","_kad_blocks_footer_custom_js":"","_kadence_starter_templates_imported_post":false,"_kad_post_transparent":"default","_kad_post_title":"","_kad_post_layout":"default","_kad_post_sidebar_id":"","_kad_post_content_style":"default","_kad_post_vertical_padding":"default","_kad_post_feature":"","_kad_post_feature_position":"","_kad_post_header":false,"_kad_post_footer":false},"product_brand":[],"product_cat":[141,2444,2375],"product_tag":[1115,1064,4986,4980,3377,4984,4825,3384,4503,4991,4978,4982,4981,4979,4987,4988,4992,4994,4990,4989,2982,4859,3614,3389,4993,4985,4890,4983],"class_list":{"0":"post-10432","1":"product","2":"type-product","3":"status-publish","4":"has-post-thumbnail","6":"product_cat-orter-fi","7":"product_cat-lamberts-fi","8":"product_cat-traning-fi","9":"product_tag-adaptogeeni","10":"product_tag-ashwaganda-fi","11":"product_tag-ashwagandha-uute","12":"product_tag-ayurvedic-yrtti","13":"product_tag-energi-och-vitalitet-fi","14":"product_tag-harjoittelu-ja-suorituskyky","15":"product_tag-henkinen-keskittyminen","16":"product_tag-hormonbalans-fi","17":"product_tag-immuunituki","18":"product_tag-keskity-ja-rauhallinen","19":"product_tag-kokonaisvaltainen-terveys","20":"product_tag-lisaantynyt-kestavyys","21":"product_tag-luonnollinen-stressin-vahentaminen","22":"product_tag-luonnollinen-tasapaino","23":"product_tag-luonnollinen-terveysruoka","24":"product_tag-paivittainen-adaptogeeni","25":"product_tag-perinteinen-ayurveda","26":"product_tag-pitkakestoista-energiaa","27":"product_tag-premium-ashwagandha-fi","28":"product_tag-ravintolisat-tasapainoon","29":"product_tag-rentoutuminen","30":"product_tag-reviva-finland-fi","31":"product_tag-stod-for-nervsystemet-fi","32":"product_tag-stresshantering-fi","33":"product_tag-stressitonta-arkea","34":"product_tag-suuri-annos-ashwagandhaa","35":"product_tag-terveytta-ja-hyvinvointia","36":"product_tag-uni-ja-palautuminen","38":"first","39":"instock","40":"taxable","41":"shipping-taxable","42":"purchasable","43":"product-type-simple","44":"entry","45":"content-bg","46":"loop-entry"},"acf":[],"yoast_head":"<!-- This site is optimized with the Yoast SEO plugin v25.8 - https:\/\/yoast.com\/wordpress\/plugins\/seo\/ -->\n<title>Ashwagandha - Lamberts - Reviva<\/title>\n<meta name=\"description\" content=\"Ashwagandha - Lamberts yhdist\u00e4\u00e4 t\u00e4rkeimm\u00e4t ashwagandha yrtin ominaisuudet sek\u00e4 C-vitamiinia ja sinkki\u00e4 immuunij\u00e4rjestelm\u00e4\u00e4 tukeakseen.\" \/>\n<meta name=\"robots\" content=\"index, follow, max-snippet:-1, max-image-preview:large, max-video-preview:-1\" \/>\n<link rel=\"canonical\" href=\"https:\/\/reviva.fi\/fi\/tuote\/ashwagandha-lamberts\/\" \/>\n<meta property=\"og:locale\" content=\"fi_FI\" \/>\n<meta property=\"og:type\" content=\"article\" \/>\n<meta property=\"og:title\" content=\"Ashwagandha - Lamberts - Reviva\" \/>\n<meta property=\"og:description\" content=\"Ashwagandha - Lamberts yhdist\u00e4\u00e4 t\u00e4rkeimm\u00e4t ashwagandha yrtin ominaisuudet sek\u00e4 C-vitamiinia ja sinkki\u00e4 immuunij\u00e4rjestelm\u00e4\u00e4 tukeakseen.\" \/>\n<meta property=\"og:url\" content=\"https:\/\/reviva.fi\/fi\/tuote\/ashwagandha-lamberts\/\" \/>\n<meta property=\"og:site_name\" content=\"Reviva\" \/>\n<meta property=\"article:modified_time\" content=\"2025-02-03T13:18:55+00:00\" \/>\n<meta property=\"og:image\" content=\"https:\/\/reviva.fi\/wp-content\/uploads\/2024\/12\/8576-60-Ashwagandha.jpg\" \/>\n\t<meta property=\"og:image:width\" content=\"780\" \/>\n\t<meta property=\"og:image:height\" content=\"780\" \/>\n\t<meta property=\"og:image:type\" content=\"image\/jpeg\" \/>\n<meta name=\"twitter:card\" content=\"summary_large_image\" \/>\n<script type=\"application\/ld+json\" class=\"yoast-schema-graph\">{\"@context\":\"https:\/\/schema.org\",\"@graph\":[{\"@type\":\"WebPage\",\"@id\":\"https:\/\/reviva.fi\/fi\/tuote\/ashwagandha-lamberts\/\",\"url\":\"https:\/\/reviva.fi\/fi\/tuote\/ashwagandha-lamberts\/\",\"name\":\"Ashwagandha - Lamberts - Reviva\",\"isPartOf\":{\"@id\":\"https:\/\/reviva.fi\/fi\/#website\"},\"primaryImageOfPage\":{\"@id\":\"https:\/\/reviva.fi\/fi\/tuote\/ashwagandha-lamberts\/#primaryimage\"},\"image\":{\"@id\":\"https:\/\/reviva.fi\/fi\/tuote\/ashwagandha-lamberts\/#primaryimage\"},\"thumbnailUrl\":\"https:\/\/reviva.fi\/wp-content\/uploads\/2024\/12\/8576-60-Ashwagandha.jpg\",\"datePublished\":\"2024-12-31T11:51:13+00:00\",\"dateModified\":\"2025-02-03T13:18:55+00:00\",\"description\":\"Ashwagandha - Lamberts yhdist\u00e4\u00e4 t\u00e4rkeimm\u00e4t ashwagandha yrtin ominaisuudet sek\u00e4 C-vitamiinia ja sinkki\u00e4 immuunij\u00e4rjestelm\u00e4\u00e4 tukeakseen.\",\"breadcrumb\":{\"@id\":\"https:\/\/reviva.fi\/fi\/tuote\/ashwagandha-lamberts\/#breadcrumb\"},\"inLanguage\":\"fi\",\"potentialAction\":[{\"@type\":\"ReadAction\",\"target\":[\"https:\/\/reviva.fi\/fi\/tuote\/ashwagandha-lamberts\/\"]}]},{\"@type\":\"ImageObject\",\"inLanguage\":\"fi\",\"@id\":\"https:\/\/reviva.fi\/fi\/tuote\/ashwagandha-lamberts\/#primaryimage\",\"url\":\"https:\/\/reviva.fi\/wp-content\/uploads\/2024\/12\/8576-60-Ashwagandha.jpg\",\"contentUrl\":\"https:\/\/reviva.fi\/wp-content\/uploads\/2024\/12\/8576-60-Ashwagandha.jpg\",\"width\":780,\"height\":780,\"caption\":\"Ashwagandha - Lamberts\"},{\"@type\":\"BreadcrumbList\",\"@id\":\"https:\/\/reviva.fi\/fi\/tuote\/ashwagandha-lamberts\/#breadcrumb\",\"itemListElement\":[{\"@type\":\"ListItem\",\"position\":1,\"name\":\"Etusivu\",\"item\":\"https:\/\/reviva.fi\/fi\/\"},{\"@type\":\"ListItem\",\"position\":2,\"name\":\"Tuotteet\",\"item\":\"https:\/\/reviva.fi\/produkter\/\"},{\"@type\":\"ListItem\",\"position\":3,\"name\":\"Ashwagandha &#8211; Lamberts\"}]},{\"@type\":\"WebSite\",\"@id\":\"https:\/\/reviva.fi\/fi\/#website\",\"url\":\"https:\/\/reviva.fi\/fi\/\",\"name\":\"Reviva\",\"description\":\"\",\"publisher\":{\"@id\":\"https:\/\/reviva.fi\/fi\/#organization\"},\"potentialAction\":[{\"@type\":\"SearchAction\",\"target\":{\"@type\":\"EntryPoint\",\"urlTemplate\":\"https:\/\/reviva.fi\/fi\/?s={search_term_string}\"},\"query-input\":{\"@type\":\"PropertyValueSpecification\",\"valueRequired\":true,\"valueName\":\"search_term_string\"}}],\"inLanguage\":\"fi\"},{\"@type\":\"Organization\",\"@id\":\"https:\/\/reviva.fi\/fi\/#organization\",\"name\":\"Reviva\",\"url\":\"https:\/\/reviva.fi\/fi\/\",\"logo\":{\"@type\":\"ImageObject\",\"inLanguage\":\"fi\",\"@id\":\"https:\/\/reviva.fi\/fi\/#\/schema\/logo\/image\/\",\"url\":\"https:\/\/reviva.fi\/wp-content\/uploads\/2023\/10\/reviva-logo2.svg\",\"contentUrl\":\"https:\/\/reviva.fi\/wp-content\/uploads\/2023\/10\/reviva-logo2.svg\",\"caption\":\"Reviva\"},\"image\":{\"@id\":\"https:\/\/reviva.fi\/fi\/#\/schema\/logo\/image\/\"}}]}<\/script>\n<meta property=\"product:price:amount\" content=\"26.00\" \/>\n<meta property=\"product:price:currency\" content=\"EUR\" \/>\n<meta property=\"og:availability\" content=\"instock\" \/>\n<meta property=\"product:availability\" content=\"instock\" \/>\n<meta property=\"product:retailer_item_id\" content=\"8576-60\" \/>\n<meta property=\"product:condition\" content=\"new\" \/>\n<!-- \/ Yoast SEO plugin. -->","yoast_head_json":{"title":"Ashwagandha - Lamberts - Reviva","description":"Ashwagandha - Lamberts yhdist\u00e4\u00e4 t\u00e4rkeimm\u00e4t ashwagandha yrtin ominaisuudet sek\u00e4 C-vitamiinia ja sinkki\u00e4 immuunij\u00e4rjestelm\u00e4\u00e4 tukeakseen.","robots":{"index":"index","follow":"follow","max-snippet":"max-snippet:-1","max-image-preview":"max-image-preview:large","max-video-preview":"max-video-preview:-1"},"canonical":"https:\/\/reviva.fi\/fi\/tuote\/ashwagandha-lamberts\/","og_locale":"fi_FI","og_type":"article","og_title":"Ashwagandha - Lamberts - Reviva","og_description":"Ashwagandha - Lamberts yhdist\u00e4\u00e4 t\u00e4rkeimm\u00e4t ashwagandha yrtin ominaisuudet sek\u00e4 C-vitamiinia ja sinkki\u00e4 immuunij\u00e4rjestelm\u00e4\u00e4 tukeakseen.","og_url":"https:\/\/reviva.fi\/fi\/tuote\/ashwagandha-lamberts\/","og_site_name":"Reviva","article_modified_time":"2025-02-03T13:18:55+00:00","og_image":[{"width":780,"height":780,"url":"https:\/\/reviva.fi\/wp-content\/uploads\/2024\/12\/8576-60-Ashwagandha.jpg","type":"image\/jpeg"}],"twitter_card":"summary_large_image","schema":{"@context":"https:\/\/schema.org","@graph":[{"@type":"WebPage","@id":"https:\/\/reviva.fi\/fi\/tuote\/ashwagandha-lamberts\/","url":"https:\/\/reviva.fi\/fi\/tuote\/ashwagandha-lamberts\/","name":"Ashwagandha - Lamberts - Reviva","isPartOf":{"@id":"https:\/\/reviva.fi\/fi\/#website"},"primaryImageOfPage":{"@id":"https:\/\/reviva.fi\/fi\/tuote\/ashwagandha-lamberts\/#primaryimage"},"image":{"@id":"https:\/\/reviva.fi\/fi\/tuote\/ashwagandha-lamberts\/#primaryimage"},"thumbnailUrl":"https:\/\/reviva.fi\/wp-content\/uploads\/2024\/12\/8576-60-Ashwagandha.jpg","datePublished":"2024-12-31T11:51:13+00:00","dateModified":"2025-02-03T13:18:55+00:00","description":"Ashwagandha - Lamberts yhdist\u00e4\u00e4 t\u00e4rkeimm\u00e4t ashwagandha yrtin ominaisuudet sek\u00e4 C-vitamiinia ja sinkki\u00e4 immuunij\u00e4rjestelm\u00e4\u00e4 tukeakseen.","breadcrumb":{"@id":"https:\/\/reviva.fi\/fi\/tuote\/ashwagandha-lamberts\/#breadcrumb"},"inLanguage":"fi","potentialAction":[{"@type":"ReadAction","target":["https:\/\/reviva.fi\/fi\/tuote\/ashwagandha-lamberts\/"]}]},{"@type":"ImageObject","inLanguage":"fi","@id":"https:\/\/reviva.fi\/fi\/tuote\/ashwagandha-lamberts\/#primaryimage","url":"https:\/\/reviva.fi\/wp-content\/uploads\/2024\/12\/8576-60-Ashwagandha.jpg","contentUrl":"https:\/\/reviva.fi\/wp-content\/uploads\/2024\/12\/8576-60-Ashwagandha.jpg","width":780,"height":780,"caption":"Ashwagandha - Lamberts"},{"@type":"BreadcrumbList","@id":"https:\/\/reviva.fi\/fi\/tuote\/ashwagandha-lamberts\/#breadcrumb","itemListElement":[{"@type":"ListItem","position":1,"name":"Etusivu","item":"https:\/\/reviva.fi\/fi\/"},{"@type":"ListItem","position":2,"name":"Tuotteet","item":"https:\/\/reviva.fi\/produkter\/"},{"@type":"ListItem","position":3,"name":"Ashwagandha &#8211; Lamberts"}]},{"@type":"WebSite","@id":"https:\/\/reviva.fi\/fi\/#website","url":"https:\/\/reviva.fi\/fi\/","name":"Reviva","description":"","publisher":{"@id":"https:\/\/reviva.fi\/fi\/#organization"},"potentialAction":[{"@type":"SearchAction","target":{"@type":"EntryPoint","urlTemplate":"https:\/\/reviva.fi\/fi\/?s={search_term_string}"},"query-input":{"@type":"PropertyValueSpecification","valueRequired":true,"valueName":"search_term_string"}}],"inLanguage":"fi"},{"@type":"Organization","@id":"https:\/\/reviva.fi\/fi\/#organization","name":"Reviva","url":"https:\/\/reviva.fi\/fi\/","logo":{"@type":"ImageObject","inLanguage":"fi","@id":"https:\/\/reviva.fi\/fi\/#\/schema\/logo\/image\/","url":"https:\/\/reviva.fi\/wp-content\/uploads\/2023\/10\/reviva-logo2.svg","contentUrl":"https:\/\/reviva.fi\/wp-content\/uploads\/2023\/10\/reviva-logo2.svg","caption":"Reviva"},"image":{"@id":"https:\/\/reviva.fi\/fi\/#\/schema\/logo\/image\/"}}]},"product_price_amount":"26.00","product_price_currency":"EUR","og_availability":"instock","product_availability":"instock","product_retailer_item_id":"8576-60","product_condition":"new"},"taxonomy_info":{"product_cat":[{"value":141,"label":"Yrtit"},{"value":2444,"label":"Lamberts"},{"value":2375,"label":"Harjoittelu"}],"product_tag":[{"value":1115,"label":"adaptogeeni"},{"value":1064,"label":"Ashwaganda"},{"value":4986,"label":"Ashwagandha-uute"},{"value":4980,"label":"Ayurvedic yrtti"},{"value":3377,"label":"Energi och vitalitet"},{"value":4984,"label":"Harjoittelu ja suorituskyky"},{"value":4825,"label":"Henkinen keskittyminen"},{"value":3384,"label":"Hormonbalans"},{"value":4503,"label":"Immuunituki"},{"value":4991,"label":"Keskity ja rauhallinen"},{"value":4978,"label":"Kokonaisvaltainen terveys"},{"value":4982,"label":"Lis\u00e4\u00e4ntynyt kest\u00e4vyys"},{"value":4981,"label":"Luonnollinen stressin v\u00e4hent\u00e4minen"},{"value":4979,"label":"Luonnollinen tasapaino"},{"value":4987,"label":"Luonnollinen terveysruoka"},{"value":4988,"label":"P\u00e4ivitt\u00e4inen adaptogeeni"},{"value":4992,"label":"Perinteinen Ayurveda"},{"value":4994,"label":"Pitk\u00e4kestoista energiaa"},{"value":4990,"label":"Premium Ashwagandha"},{"value":4989,"label":"Ravintolis\u00e4t tasapainoon"},{"value":2982,"label":"rentoutuminen"},{"value":4859,"label":"Reviva Finland"},{"value":3614,"label":"St\u00f6d f\u00f6r nervsystemet"},{"value":3389,"label":"Stresshantering"},{"value":4993,"label":"Stressit\u00f6nt\u00e4 arkea"},{"value":4985,"label":"Suuri annos Ashwagandhaa"},{"value":4890,"label":"Terveytt\u00e4 ja hyvinvointia"},{"value":4983,"label":"Uni ja palautuminen"}]},"featured_image_src_large":["https:\/\/reviva.fi\/wp-content\/uploads\/2024\/12\/8576-60-Ashwagandha.jpg",780,780,false],"author_info":[],"comment_info":0,"_links":{"self":[{"href":"https:\/\/reviva.fi\/fi\/wp-json\/wp\/v2\/product\/10432","targetHints":{"allow":["GET"]}}],"collection":[{"href":"https:\/\/reviva.fi\/fi\/wp-json\/wp\/v2\/product"}],"about":[{"href":"https:\/\/reviva.fi\/fi\/wp-json\/wp\/v2\/types\/product"}],"replies":[{"embeddable":true,"href":"https:\/\/reviva.fi\/fi\/wp-json\/wp\/v2\/comments?post=10432"}],"wp:featuredmedia":[{"embeddable":true,"href":"https:\/\/reviva.fi\/fi\/wp-json\/wp\/v2\/media\/10364"}],"wp:attachment":[{"href":"https:\/\/reviva.fi\/fi\/wp-json\/wp\/v2\/media?parent=10432"}],"wp:term":[{"taxonomy":"product_brand","embeddable":true,"href":"https:\/\/reviva.fi\/fi\/wp-json\/wp\/v2\/product_brand?post=10432"},{"taxonomy":"product_cat","embeddable":true,"href":"https:\/\/reviva.fi\/fi\/wp-json\/wp\/v2\/product_cat?post=10432"},{"taxonomy":"product_tag","embeddable":true,"href":"https:\/\/reviva.fi\/fi\/wp-json\/wp\/v2\/product_tag?post=10432"}],"curies":[{"name":"wp","href":"https:\/\/api.w.org\/{rel}","templated":true}]}}