{"id":10441,"date":"2024-12-31T15:16:32","date_gmt":"2024-12-31T13:16:32","guid":{"rendered":"https:\/\/reviva.fi\/product\/jarn-20mg-vegankomplex-b12-lysin\/"},"modified":"2026-02-19T12:48:28","modified_gmt":"2026-02-19T10:48:28","slug":"rauta-20mg-vegaanikompleksi-b12-lysiini","status":"publish","type":"product","link":"https:\/\/reviva.fi\/fi\/tuote\/rauta-20mg-vegaanikompleksi-b12-lysiini\/","title":{"rendered":"Bio Iron Complex \u2013 Rauta B12-vitamiinilla ja lysiinill\u00e4 \u2013 Lamberts"},"content":{"rendered":"<div class=\"flex flex-col text-sm pb-25\">\n<article class=\"text-token-text-primary w-full focus:outline-none [--shadow-height:45px] has-data-writing-block:pointer-events-none has-data-writing-block:-mt-(--shadow-height) has-data-writing-block:pt-(--shadow-height) [&amp;:has([data-writing-block])&gt;*]:pointer-events-auto scroll-mt-[calc(var(--header-height)+min(200px,max(70px,20svh)))]\" dir=\"auto\" tabindex=\"-1\" data-turn-id=\"request-698a1824-1cb0-8333-9a3e-4ef56302f53a-3\" data-testid=\"conversation-turn-168\" data-scroll-anchor=\"true\" data-turn=\"assistant\">\n<div class=\"text-base my-auto mx-auto pb-10 [--thread-content-margin:--spacing(4)] @w-sm\/main:[--thread-content-margin:--spacing(6)] @w-lg\/main:[--thread-content-margin:--spacing(16)] px-(--thread-content-margin)\">\n<div class=\"[--thread-content-max-width:40rem] @w-lg\/main:[--thread-content-max-width:48rem] mx-auto max-w-(--thread-content-max-width) flex-1 group\/turn-messages focus-visible:outline-hidden relative flex w-full min-w-0 flex-col agent-turn\" tabindex=\"-1\">\n<div class=\"flex max-w-full flex-col grow\">\n<div class=\"min-h-8 text-message relative flex w-full flex-col items-end gap-2 text-start break-words whitespace-normal [.text-message+&amp;]:mt-1\" dir=\"auto\" data-message-author-role=\"assistant\" data-message-id=\"eaa3ce4d-90e8-4769-8a2e-f8409b7a2e45\" data-message-model-slug=\"gpt-5-2\">\n<div class=\"flex w-full flex-col gap-1 empty:hidden first:pt-[1px]\">\n<div class=\"markdown prose dark:prose-invert w-full wrap-break-word light markdown-new-styling\">\n<p data-start=\"0\" data-end=\"99\"><strong>Hell\u00e4varainen ja tehokas rauta verenmuodostukseen, energia-aineenvaihduntaan ja hapenkuljetukseen<\/strong><\/p>\n<p data-start=\"101\" data-end=\"409\">Lamberts Bio Iron Complex on huolellisesti suunniteltu yhdistelm\u00e4 rautaa rautabisglysinaatin muodossa yhdess\u00e4 B12-vitamiinin ja aminohappo L-lysiinin kanssa. Koostumus on kehitetty tarjoamaan hyvin imeytyv\u00e4 ja vatsayst\u00e4v\u00e4llinen rautalis\u00e4, joka tukee elimist\u00f6n normaalia verenmuodostusta ja energiantuotantoa.<\/p>\n<p data-start=\"411\" data-end=\"541\">Rautabisglysinaatti on kelatoitu raudan muoto, joka tunnetaan hyv\u00e4st\u00e4 biologisesta hy\u00f6tyosuudestaan ja hyv\u00e4st\u00e4 siedett\u00e4vyydest\u00e4\u00e4n.<\/p>\n<p data-start=\"543\" data-end=\"576\"><strong>Verenmuodostus ja hapenkuljetus<\/strong><\/p>\n<p data-start=\"578\" data-end=\"586\">Rauta:<\/p>\n<ul>\n<li data-start=\"588\" data-end=\"660\">edist\u00e4\u00e4 punaisten verisolujen ja hemoglobiinin normaalia muodostumista<\/li>\n<li data-start=\"588\" data-end=\"660\">edist\u00e4\u00e4 hapen normaalia kuljetusta elimist\u00f6ss\u00e4<\/li>\n<\/ul>\n<p data-start=\"712\" data-end=\"728\">B12-vitamiini:<\/p>\n<ul>\n<li data-start=\"730\" data-end=\"785\">edist\u00e4\u00e4 punaisten verisolujen normaalia muodostumista<\/li>\n<\/ul>\n<p data-start=\"787\" data-end=\"911\">Rauta ja B12-vitamiini toimivat yhdess\u00e4 punasolujen tuotannossa, mik\u00e4 on ratkaisevan t\u00e4rke\u00e4\u00e4 hapenkuljetukselle elimist\u00f6ss\u00e4.<\/p>\n<p data-start=\"913\" data-end=\"948\"><strong>Energia ja v\u00e4symyksen v\u00e4heneminen<\/strong><\/p>\n<p data-start=\"950\" data-end=\"958\">Rauta:<\/p>\n<ul>\n<li data-start=\"960\" data-end=\"1004\">edist\u00e4\u00e4 normaalia energia-aineenvaihduntaa<\/li>\n<li data-start=\"960\" data-end=\"1004\">auttaa v\u00e4hent\u00e4m\u00e4\u00e4n v\u00e4symyst\u00e4 ja uupumusta<\/li>\n<\/ul>\n<p data-start=\"1051\" data-end=\"1067\">B12-vitamiini:<\/p>\n<ul>\n<li data-start=\"1069\" data-end=\"1113\">edist\u00e4\u00e4 normaalia energia-aineenvaihduntaa<\/li>\n<li data-start=\"1069\" data-end=\"1113\">auttaa v\u00e4hent\u00e4m\u00e4\u00e4n v\u00e4symyst\u00e4 ja uupumusta<\/li>\n<\/ul>\n<p data-start=\"1160\" data-end=\"1348\">Riitt\u00e4v\u00e4 raudan ja B12-vitamiinin saanti on t\u00e4rke\u00e4\u00e4 elimist\u00f6n normaalille energiantuotannolle ja voi olla erityisen hy\u00f6dyllist\u00e4 v\u00e4symyksen yhteydess\u00e4, joka liittyy mataliin rauta-arvoihin.<\/p>\n<p data-start=\"1350\" data-end=\"1386\"><strong>Kognitiivinen toiminta ja hermosto<\/strong><\/p>\n<p data-start=\"1388\" data-end=\"1396\">Rauta:<\/p>\n<ul>\n<li data-start=\"1398\" data-end=\"1441\">edist\u00e4\u00e4 normaalia kognitiivista toimintaa<\/li>\n<\/ul>\n<p data-start=\"1443\" data-end=\"1459\">B12-vitamiini:<\/p>\n<ul>\n<li data-start=\"1461\" data-end=\"1500\">edist\u00e4\u00e4 hermoston normaalia toimintaa<\/li>\n<li data-start=\"1461\" data-end=\"1500\">edist\u00e4\u00e4 normaalia psykologista toimintaa<\/li>\n<\/ul>\n<p data-start=\"1546\" data-end=\"1590\"><strong>Immuunij\u00e4rjestelm\u00e4 ja solujen jakautuminen<\/strong><\/p>\n<p data-start=\"1592\" data-end=\"1600\">Rauta:<\/p>\n<ul>\n<li data-start=\"1602\" data-end=\"1651\">edist\u00e4\u00e4 immuunij\u00e4rjestelm\u00e4n normaalia toimintaa<\/li>\n<li data-start=\"1602\" data-end=\"1651\">osallistuu solujen jakautumisprosessiin<\/li>\n<\/ul>\n<p data-start=\"1696\" data-end=\"1712\">B12-vitamiini:<\/p>\n<ul>\n<li data-start=\"1714\" data-end=\"1755\">osallistuu solujen jakautumisprosessiin<\/li>\n<\/ul>\n<p data-start=\"1757\" data-end=\"1818\"><strong>Rautabisglysinaatti \u2013 hell\u00e4varainen ja hyvin imeytyv\u00e4 muoto<\/strong><\/p>\n<p data-start=\"1820\" data-end=\"1939\">T\u00e4m\u00e4 tuote sis\u00e4lt\u00e4\u00e4 rautaa bisglysinaatin muodossa, jossa rauta on sidottu aminohappo glysiiniin.<\/p>\n<p data-start=\"1820\" data-end=\"1939\">T\u00e4m\u00e4 muoto tunnetaan:<\/p>\n<ul>\n<li data-start=\"1941\" data-end=\"1978\">hyv\u00e4st\u00e4 biologisesta hy\u00f6tyosuudesta<\/li>\n<li data-start=\"1941\" data-end=\"1978\">hyv\u00e4st\u00e4 siedett\u00e4vyydest\u00e4<\/li>\n<li data-start=\"1941\" data-end=\"1978\">pienemm\u00e4st\u00e4 riskist\u00e4 aiheuttaa vatsavaivoja verrattuna joihinkin muihin rautamuotoihin<\/li>\n<\/ul>\n<p data-start=\"2098\" data-end=\"2211\">Koostumus on lis\u00e4ksi t\u00e4ydennetty L-lysiinill\u00e4, joka on v\u00e4ltt\u00e4m\u00e4t\u00f6n aminohappo ja usein mukana rautakomplekseissa.<\/p>\n<p data-start=\"2213\" data-end=\"2246\"><strong>Kenelle Bio Iron Complex sopii?<\/strong><\/p>\n<p data-start=\"2248\" data-end=\"2287\">Tuote voi olla erityisen hy\u00f6dyllinen:<\/p>\n<ul>\n<li data-start=\"2289\" data-end=\"2330\">hedelm\u00e4llisess\u00e4 i\u00e4ss\u00e4 oleville naisille<\/li>\n<li data-start=\"2289\" data-end=\"2330\">henkil\u00f6ille, joilla on lis\u00e4\u00e4ntynyt raudan tarve<\/li>\n<li data-start=\"2289\" data-end=\"2330\">henkil\u00f6ille, joiden raudan saanti ravinnosta on v\u00e4h\u00e4ist\u00e4<\/li>\n<li data-start=\"2289\" data-end=\"2330\">kasvissy\u00f6jille ja vegaaneille<\/li>\n<li data-start=\"2289\" data-end=\"2330\">henkil\u00f6ille, jotka kokevat v\u00e4symyst\u00e4 raudanpuutteeseen liittyen<\/li>\n<\/ul>\n<p data-start=\"2543\" data-end=\"2564\"><strong>Laatua Lambertsilta<\/strong><\/p>\n<p data-start=\"2566\" data-end=\"2794\">Lamberts tunnetaan korkeista laatustandardeistaan ja huolellisesti valituista raaka-aineistaan. Bio Iron Complex valmistetaan tiukkojen laatuvaatimusten mukaisesti stabiilisuuden, puhtauden ja oikean annostuksen varmistamiseksi.<\/p>\n<p data-start=\"2796\" data-end=\"2878\" data-is-last-node=\"\" data-is-only-node=\"\">Tabletit on suunniteltu p\u00e4ivitt\u00e4iseen k\u00e4ytt\u00f6\u00f6n suositellun annostuksen mukaisesti.<\/p>\n<\/div>\n<\/div>\n<\/div>\n<\/div>\n<div class=\"z-0 flex min-h-[46px] justify-start\"><\/div>\n<div class=\"mt-3 w-full empty:hidden\">\n<div class=\"text-center\"><\/div>\n<\/div>\n<\/div>\n<\/div>\n<\/article>\n<\/div>\n<div class=\"pointer-events-none h-px w-px absolute bottom-0\" aria-hidden=\"true\" data-edge=\"true\"><\/div>\n","protected":false},"excerpt":{"rendered":"<p data-start=\"0\" data-end=\"353\">Bio Iron Complex \u2013 Rauta (bisglysinaatti) B12-vitamiinilla ja lysiini\u00e4 sis\u00e4lt\u00e4v\u00e4 Lambertsilta on hell\u00e4varainen ja korkealaatuinen rautavalmiste, joka edist\u00e4\u00e4 normaalia verenmuodostusta, hapenkuljetusta, energia-aineenvaihduntaa, kognitiivista toimintaa sek\u00e4 auttaa v\u00e4hent\u00e4m\u00e4\u00e4n v\u00e4symyst\u00e4 \u2013 hyvin imeytyv\u00e4ss\u00e4 ja huolellisesti suunnitellussa yhdistelm\u00e4ss\u00e4.<\/p>\n<p data-start=\"355\" data-end=\"470\">Rautabisglysinaatti on vatsayst\u00e4v\u00e4llisempi ja imeytyy elimist\u00f6\u00f6n paremmin kuin monet muut rautavalmisteiden muodot.<\/p>\n<p data-start=\"472\" data-end=\"485\" data-is-last-node=\"\" data-is-only-node=\"\"><strong>120 tablettia<\/strong><\/p>\n","protected":false},"featured_media":10370,"comment_status":"closed","ping_status":"closed","template":"","meta":{"_acf_changed":false,"inline_featured_image":false,"_kad_blocks_custom_css":"","_kad_blocks_head_custom_js":"","_kad_blocks_body_custom_js":"","_kad_blocks_footer_custom_js":"","_kadence_starter_templates_imported_post":false,"_kad_post_transparent":"default","_kad_post_title":"","_kad_post_layout":"default","_kad_post_sidebar_id":"","_kad_post_content_style":"default","_kad_post_vertical_padding":"default","_kad_post_feature":"","_kad_post_feature_position":"","_kad_post_header":false,"_kad_post_footer":false},"product_brand":[],"product_cat":[2384,2444,2357],"product_tag":[4944,4934,3377,4891,4939,4791,444,4943,4431,4940,4935,4945,473,4937,4942,4933,4859,4906,4946,4924,4904,4890,4947,4938,4941,4932,3371,4936,4792],"class_list":{"0":"post-10441","1":"product","2":"type-product","3":"status-publish","4":"has-post-thumbnail","6":"product_cat-jarn-fi","7":"product_cat-lamberts-fi","8":"product_cat-immunforsvar-fi","9":"product_tag-aminohapot-ja-rauta","10":"product_tag-b12-lisaravinteet","11":"product_tag-energi-och-vitalitet-fi","12":"product_tag-harjoittelu-ja-palautuminen","13":"product_tag-helposti-imeytyva-rauta","14":"product_tag-hemoglobiini","15":"product_tag-immuunijarjestelma","16":"product_tag-laadukas-rauta","17":"product_tag-lihasterveytta","18":"product_tag-luonnollista-energiaa","19":"product_tag-lysiini","20":"product_tag-paivittainen-rautalisa","21":"product_tag-rauta-lisaravinne","22":"product_tag-rauta-naisille","23":"product_tag-rautaa-keholle","24":"product_tag-rautakompleksi","25":"product_tag-reviva-finland-fi","26":"product_tag-ruokavalio-ja-ravinto","27":"product_tag-silitys-b12lla","28":"product_tag-tarkeita-mineraaleja","29":"product_tag-terveysruokaa","30":"product_tag-terveytta-ja-hyvinvointia","31":"product_tag-tuki-vegaaneille","32":"product_tag-vasymys-ja-uupumus","33":"product_tag-vegaani-ystavallinen","34":"product_tag-vegaaninen-rauta","35":"product_tag-veganskt-kosttillskott-fi","36":"product_tag-verenkuva","37":"product_tag-verenmuodostus","39":"first","40":"instock","41":"taxable","42":"shipping-taxable","43":"purchasable","44":"product-type-simple","45":"entry","46":"content-bg","47":"loop-entry"},"acf":[],"yoast_head":"<!-- This site is optimized with the Yoast SEO plugin v25.8 - https:\/\/yoast.com\/wordpress\/plugins\/seo\/ -->\n<title>Bio Iron Complex \u2013 Rauta B12-vitamiinilla ja lysiinill\u00e4 \u2013 Lamberts - Reviva<\/title>\n<meta name=\"description\" content=\"Bio Iron Complex \u2013 Rauta B12-vitamiinilla ja lysiinill\u00e4. Rautabisglysinaatti on hell\u00e4varainen vatsalle ja imeytyy paremmin kuin monet muut rautalis\u00e4t.\" \/>\n<meta name=\"robots\" content=\"index, follow, max-snippet:-1, max-image-preview:large, max-video-preview:-1\" \/>\n<link rel=\"canonical\" href=\"https:\/\/reviva.fi\/fi\/tuote\/rauta-20mg-vegaanikompleksi-b12-lysiini\/\" \/>\n<meta property=\"og:locale\" content=\"fi_FI\" \/>\n<meta property=\"og:type\" content=\"article\" \/>\n<meta property=\"og:title\" content=\"Bio Iron Complex \u2013 Rauta B12-vitamiinilla ja lysiinill\u00e4 \u2013 Lamberts - Reviva\" \/>\n<meta property=\"og:description\" content=\"Bio Iron Complex \u2013 Rauta B12-vitamiinilla ja lysiinill\u00e4. Rautabisglysinaatti on hell\u00e4varainen vatsalle ja imeytyy paremmin kuin monet muut rautalis\u00e4t.\" \/>\n<meta property=\"og:url\" content=\"https:\/\/reviva.fi\/fi\/tuote\/rauta-20mg-vegaanikompleksi-b12-lysiini\/\" \/>\n<meta property=\"og:site_name\" content=\"Reviva\" \/>\n<meta property=\"article:modified_time\" content=\"2026-02-19T10:48:28+00:00\" \/>\n<meta property=\"og:image\" content=\"https:\/\/reviva.fi\/wp-content\/uploads\/2024\/12\/8244-120-Bio-Iron-Complex.jpg\" \/>\n\t<meta property=\"og:image:width\" content=\"780\" \/>\n\t<meta property=\"og:image:height\" content=\"780\" \/>\n\t<meta property=\"og:image:type\" content=\"image\/jpeg\" \/>\n<meta name=\"twitter:card\" content=\"summary_large_image\" \/>\n<script type=\"application\/ld+json\" class=\"yoast-schema-graph\">{\"@context\":\"https:\/\/schema.org\",\"@graph\":[{\"@type\":\"WebPage\",\"@id\":\"https:\/\/reviva.fi\/fi\/tuote\/rauta-20mg-vegaanikompleksi-b12-lysiini\/\",\"url\":\"https:\/\/reviva.fi\/fi\/tuote\/rauta-20mg-vegaanikompleksi-b12-lysiini\/\",\"name\":\"Bio Iron Complex \u2013 Rauta B12-vitamiinilla ja lysiinill\u00e4 \u2013 Lamberts - Reviva\",\"isPartOf\":{\"@id\":\"https:\/\/reviva.fi\/fi\/#website\"},\"primaryImageOfPage\":{\"@id\":\"https:\/\/reviva.fi\/fi\/tuote\/rauta-20mg-vegaanikompleksi-b12-lysiini\/#primaryimage\"},\"image\":{\"@id\":\"https:\/\/reviva.fi\/fi\/tuote\/rauta-20mg-vegaanikompleksi-b12-lysiini\/#primaryimage\"},\"thumbnailUrl\":\"https:\/\/reviva.fi\/wp-content\/uploads\/2024\/12\/8244-120-Bio-Iron-Complex.jpg\",\"datePublished\":\"2024-12-31T13:16:32+00:00\",\"dateModified\":\"2026-02-19T10:48:28+00:00\",\"description\":\"Bio Iron Complex \u2013 Rauta B12-vitamiinilla ja lysiinill\u00e4. Rautabisglysinaatti on hell\u00e4varainen vatsalle ja imeytyy paremmin kuin monet muut rautalis\u00e4t.\",\"breadcrumb\":{\"@id\":\"https:\/\/reviva.fi\/fi\/tuote\/rauta-20mg-vegaanikompleksi-b12-lysiini\/#breadcrumb\"},\"inLanguage\":\"fi\",\"potentialAction\":[{\"@type\":\"ReadAction\",\"target\":[\"https:\/\/reviva.fi\/fi\/tuote\/rauta-20mg-vegaanikompleksi-b12-lysiini\/\"]}]},{\"@type\":\"ImageObject\",\"inLanguage\":\"fi\",\"@id\":\"https:\/\/reviva.fi\/fi\/tuote\/rauta-20mg-vegaanikompleksi-b12-lysiini\/#primaryimage\",\"url\":\"https:\/\/reviva.fi\/wp-content\/uploads\/2024\/12\/8244-120-Bio-Iron-Complex.jpg\",\"contentUrl\":\"https:\/\/reviva.fi\/wp-content\/uploads\/2024\/12\/8244-120-Bio-Iron-Complex.jpg\",\"width\":780,\"height\":780,\"caption\":\"Rauta 20mg Vegaanikompleksi - B12 & Lysiini\"},{\"@type\":\"BreadcrumbList\",\"@id\":\"https:\/\/reviva.fi\/fi\/tuote\/rauta-20mg-vegaanikompleksi-b12-lysiini\/#breadcrumb\",\"itemListElement\":[{\"@type\":\"ListItem\",\"position\":1,\"name\":\"Etusivu\",\"item\":\"https:\/\/reviva.fi\/fi\/\"},{\"@type\":\"ListItem\",\"position\":2,\"name\":\"Tuotteet\",\"item\":\"https:\/\/reviva.fi\/produkter\/\"},{\"@type\":\"ListItem\",\"position\":3,\"name\":\"Bio Iron Complex \u2013 Rauta B12-vitamiinilla ja lysiinill\u00e4 \u2013 Lamberts\"}]},{\"@type\":\"WebSite\",\"@id\":\"https:\/\/reviva.fi\/fi\/#website\",\"url\":\"https:\/\/reviva.fi\/fi\/\",\"name\":\"Reviva\",\"description\":\"\",\"publisher\":{\"@id\":\"https:\/\/reviva.fi\/fi\/#organization\"},\"potentialAction\":[{\"@type\":\"SearchAction\",\"target\":{\"@type\":\"EntryPoint\",\"urlTemplate\":\"https:\/\/reviva.fi\/fi\/?s={search_term_string}\"},\"query-input\":{\"@type\":\"PropertyValueSpecification\",\"valueRequired\":true,\"valueName\":\"search_term_string\"}}],\"inLanguage\":\"fi\"},{\"@type\":\"Organization\",\"@id\":\"https:\/\/reviva.fi\/fi\/#organization\",\"name\":\"Reviva\",\"url\":\"https:\/\/reviva.fi\/fi\/\",\"logo\":{\"@type\":\"ImageObject\",\"inLanguage\":\"fi\",\"@id\":\"https:\/\/reviva.fi\/fi\/#\/schema\/logo\/image\/\",\"url\":\"https:\/\/reviva.fi\/wp-content\/uploads\/2023\/10\/reviva-logo2.svg\",\"contentUrl\":\"https:\/\/reviva.fi\/wp-content\/uploads\/2023\/10\/reviva-logo2.svg\",\"caption\":\"Reviva\"},\"image\":{\"@id\":\"https:\/\/reviva.fi\/fi\/#\/schema\/logo\/image\/\"}}]}<\/script>\n<meta property=\"product:price:amount\" content=\"22.40\" \/>\n<meta property=\"product:price:currency\" content=\"EUR\" \/>\n<meta property=\"og:availability\" content=\"instock\" \/>\n<meta property=\"product:availability\" content=\"instock\" \/>\n<meta property=\"product:retailer_item_id\" content=\"8244-120\" \/>\n<meta property=\"product:condition\" content=\"new\" \/>\n<!-- \/ Yoast SEO plugin. -->","yoast_head_json":{"title":"Bio Iron Complex \u2013 Rauta B12-vitamiinilla ja lysiinill\u00e4 \u2013 Lamberts - Reviva","description":"Bio Iron Complex \u2013 Rauta B12-vitamiinilla ja lysiinill\u00e4. Rautabisglysinaatti on hell\u00e4varainen vatsalle ja imeytyy paremmin kuin monet muut rautalis\u00e4t.","robots":{"index":"index","follow":"follow","max-snippet":"max-snippet:-1","max-image-preview":"max-image-preview:large","max-video-preview":"max-video-preview:-1"},"canonical":"https:\/\/reviva.fi\/fi\/tuote\/rauta-20mg-vegaanikompleksi-b12-lysiini\/","og_locale":"fi_FI","og_type":"article","og_title":"Bio Iron Complex \u2013 Rauta B12-vitamiinilla ja lysiinill\u00e4 \u2013 Lamberts - Reviva","og_description":"Bio Iron Complex \u2013 Rauta B12-vitamiinilla ja lysiinill\u00e4. Rautabisglysinaatti on hell\u00e4varainen vatsalle ja imeytyy paremmin kuin monet muut rautalis\u00e4t.","og_url":"https:\/\/reviva.fi\/fi\/tuote\/rauta-20mg-vegaanikompleksi-b12-lysiini\/","og_site_name":"Reviva","article_modified_time":"2026-02-19T10:48:28+00:00","og_image":[{"width":780,"height":780,"url":"https:\/\/reviva.fi\/wp-content\/uploads\/2024\/12\/8244-120-Bio-Iron-Complex.jpg","type":"image\/jpeg"}],"twitter_card":"summary_large_image","schema":{"@context":"https:\/\/schema.org","@graph":[{"@type":"WebPage","@id":"https:\/\/reviva.fi\/fi\/tuote\/rauta-20mg-vegaanikompleksi-b12-lysiini\/","url":"https:\/\/reviva.fi\/fi\/tuote\/rauta-20mg-vegaanikompleksi-b12-lysiini\/","name":"Bio Iron Complex \u2013 Rauta B12-vitamiinilla ja lysiinill\u00e4 \u2013 Lamberts - Reviva","isPartOf":{"@id":"https:\/\/reviva.fi\/fi\/#website"},"primaryImageOfPage":{"@id":"https:\/\/reviva.fi\/fi\/tuote\/rauta-20mg-vegaanikompleksi-b12-lysiini\/#primaryimage"},"image":{"@id":"https:\/\/reviva.fi\/fi\/tuote\/rauta-20mg-vegaanikompleksi-b12-lysiini\/#primaryimage"},"thumbnailUrl":"https:\/\/reviva.fi\/wp-content\/uploads\/2024\/12\/8244-120-Bio-Iron-Complex.jpg","datePublished":"2024-12-31T13:16:32+00:00","dateModified":"2026-02-19T10:48:28+00:00","description":"Bio Iron Complex \u2013 Rauta B12-vitamiinilla ja lysiinill\u00e4. Rautabisglysinaatti on hell\u00e4varainen vatsalle ja imeytyy paremmin kuin monet muut rautalis\u00e4t.","breadcrumb":{"@id":"https:\/\/reviva.fi\/fi\/tuote\/rauta-20mg-vegaanikompleksi-b12-lysiini\/#breadcrumb"},"inLanguage":"fi","potentialAction":[{"@type":"ReadAction","target":["https:\/\/reviva.fi\/fi\/tuote\/rauta-20mg-vegaanikompleksi-b12-lysiini\/"]}]},{"@type":"ImageObject","inLanguage":"fi","@id":"https:\/\/reviva.fi\/fi\/tuote\/rauta-20mg-vegaanikompleksi-b12-lysiini\/#primaryimage","url":"https:\/\/reviva.fi\/wp-content\/uploads\/2024\/12\/8244-120-Bio-Iron-Complex.jpg","contentUrl":"https:\/\/reviva.fi\/wp-content\/uploads\/2024\/12\/8244-120-Bio-Iron-Complex.jpg","width":780,"height":780,"caption":"Rauta 20mg Vegaanikompleksi - B12 & Lysiini"},{"@type":"BreadcrumbList","@id":"https:\/\/reviva.fi\/fi\/tuote\/rauta-20mg-vegaanikompleksi-b12-lysiini\/#breadcrumb","itemListElement":[{"@type":"ListItem","position":1,"name":"Etusivu","item":"https:\/\/reviva.fi\/fi\/"},{"@type":"ListItem","position":2,"name":"Tuotteet","item":"https:\/\/reviva.fi\/produkter\/"},{"@type":"ListItem","position":3,"name":"Bio Iron Complex \u2013 Rauta B12-vitamiinilla ja lysiinill\u00e4 \u2013 Lamberts"}]},{"@type":"WebSite","@id":"https:\/\/reviva.fi\/fi\/#website","url":"https:\/\/reviva.fi\/fi\/","name":"Reviva","description":"","publisher":{"@id":"https:\/\/reviva.fi\/fi\/#organization"},"potentialAction":[{"@type":"SearchAction","target":{"@type":"EntryPoint","urlTemplate":"https:\/\/reviva.fi\/fi\/?s={search_term_string}"},"query-input":{"@type":"PropertyValueSpecification","valueRequired":true,"valueName":"search_term_string"}}],"inLanguage":"fi"},{"@type":"Organization","@id":"https:\/\/reviva.fi\/fi\/#organization","name":"Reviva","url":"https:\/\/reviva.fi\/fi\/","logo":{"@type":"ImageObject","inLanguage":"fi","@id":"https:\/\/reviva.fi\/fi\/#\/schema\/logo\/image\/","url":"https:\/\/reviva.fi\/wp-content\/uploads\/2023\/10\/reviva-logo2.svg","contentUrl":"https:\/\/reviva.fi\/wp-content\/uploads\/2023\/10\/reviva-logo2.svg","caption":"Reviva"},"image":{"@id":"https:\/\/reviva.fi\/fi\/#\/schema\/logo\/image\/"}}]},"product_price_amount":"22.40","product_price_currency":"EUR","og_availability":"instock","product_availability":"instock","product_retailer_item_id":"8244-120","product_condition":"new"},"taxonomy_info":{"product_cat":[{"value":2384,"label":"Rauta"},{"value":2444,"label":"Lamberts"},{"value":2357,"label":"Immuunipuolustus"}],"product_tag":[{"value":4944,"label":"Aminohapot ja rauta"},{"value":4934,"label":"B12 lis\u00e4ravinteet"},{"value":3377,"label":"Energi och vitalitet"},{"value":4891,"label":"Harjoittelu ja palautuminen"},{"value":4939,"label":"Helposti imeytyv\u00e4 rauta"},{"value":4791,"label":"Hemoglobiini"},{"value":444,"label":"immuunij\u00e4rjestelm\u00e4"},{"value":4943,"label":"Laadukas rauta"},{"value":4431,"label":"Lihasterveytt\u00e4"},{"value":4940,"label":"Luonnollista energiaa"},{"value":4935,"label":"Lysiini"},{"value":4945,"label":"P\u00e4ivitt\u00e4inen rautalis\u00e4"},{"value":473,"label":"rauta lis\u00e4ravinne"},{"value":4937,"label":"Rauta naisille"},{"value":4942,"label":"Rautaa keholle"},{"value":4933,"label":"Rautakompleksi"},{"value":4859,"label":"Reviva Finland"},{"value":4906,"label":"Ruokavalio ja ravinto"},{"value":4946,"label":"Silitys B12:lla"},{"value":4924,"label":"T\u00e4rkeit\u00e4 mineraaleja"},{"value":4904,"label":"Terveysruokaa"},{"value":4890,"label":"Terveytt\u00e4 ja hyvinvointia"},{"value":4947,"label":"Tuki vegaaneille"},{"value":4938,"label":"V\u00e4symys ja uupumus"},{"value":4941,"label":"Vegaani yst\u00e4v\u00e4llinen"},{"value":4932,"label":"Vegaaninen rauta"},{"value":3371,"label":"Veganskt kosttillskott"},{"value":4936,"label":"Verenkuva"},{"value":4792,"label":"Verenmuodostus"}]},"featured_image_src_large":["https:\/\/reviva.fi\/wp-content\/uploads\/2024\/12\/8244-120-Bio-Iron-Complex.jpg",780,780,false],"author_info":[],"comment_info":0,"_links":{"self":[{"href":"https:\/\/reviva.fi\/fi\/wp-json\/wp\/v2\/product\/10441","targetHints":{"allow":["GET"]}}],"collection":[{"href":"https:\/\/reviva.fi\/fi\/wp-json\/wp\/v2\/product"}],"about":[{"href":"https:\/\/reviva.fi\/fi\/wp-json\/wp\/v2\/types\/product"}],"replies":[{"embeddable":true,"href":"https:\/\/reviva.fi\/fi\/wp-json\/wp\/v2\/comments?post=10441"}],"wp:featuredmedia":[{"embeddable":true,"href":"https:\/\/reviva.fi\/fi\/wp-json\/wp\/v2\/media\/10370"}],"wp:attachment":[{"href":"https:\/\/reviva.fi\/fi\/wp-json\/wp\/v2\/media?parent=10441"}],"wp:term":[{"taxonomy":"product_brand","embeddable":true,"href":"https:\/\/reviva.fi\/fi\/wp-json\/wp\/v2\/product_brand?post=10441"},{"taxonomy":"product_cat","embeddable":true,"href":"https:\/\/reviva.fi\/fi\/wp-json\/wp\/v2\/product_cat?post=10441"},{"taxonomy":"product_tag","embeddable":true,"href":"https:\/\/reviva.fi\/fi\/wp-json\/wp\/v2\/product_tag?post=10441"}],"curies":[{"name":"wp","href":"https:\/\/api.w.org\/{rel}","templated":true}]}}