{"id":10445,"date":"2024-12-31T15:42:40","date_gmt":"2024-12-31T13:42:40","guid":{"rendered":"https:\/\/reviva.fi\/product\/osteoguard-kalcium-magnesium-bor\/"},"modified":"2025-12-04T09:52:13","modified_gmt":"2025-12-04T07:52:13","slug":"osteoguard-kalcium-magnesium-bor","status":"publish","type":"product","link":"https:\/\/reviva.fi\/fi\/tuote\/osteoguard-kalcium-magnesium-bor\/","title":{"rendered":"OSTEOGUARD &#8211; Kalsium Magnesium Boori"},"content":{"rendered":"<h5>OSTEOGUARD &#8211; Kalsium Magnesium Boori &#8211; Osteoporoosilta suojaava monimineraali<\/h5>\n<p>On yleist\u00e4, ett\u00e4 monet ihmiset saavat liian v\u00e4h\u00e4n kalsiumia, erityisesti teini-ik\u00e4iset ja vanhukset. Naiset tarvitsevat my\u00f6s enemm\u00e4n kalsiumia yll\u00e4pit\u00e4\u00e4kseen normaalia luuston terveytt\u00e4.<\/p>\n<p>Osteoguard\u00ae on monimineraali, jossa on sek\u00e4 kalsiumia ett\u00e4 magnesiumia suhteessa 2:1 sek\u00e4 booria, K-vitamiinia ja D-vitamiinia. Yksi tabletti p\u00e4iv\u00e4ss\u00e4 riitt\u00e4\u00e4 useimmille ihmisille, kahta tablettia suositellaan maitotuotteita v\u00e4ltt\u00e4ville ja vaihdevuotisille naisille. T\u00e4m\u00e4 ravintolis\u00e4 voidaan ottaa yhdess\u00e4 vitamiinien\/monivitamiinien kanssa.<\/p>\n","protected":false},"excerpt":{"rendered":"<p>Lamberts Osteogaurd kalsium-magnesium-boori on korkealaatuinen kivenn\u00e4isravintolis\u00e4.<\/p>\n<p><strong>90 tablettia<\/strong><\/p>\n","protected":false},"featured_media":10373,"comment_status":"closed","ping_status":"closed","template":"","meta":{"_acf_changed":false,"inline_featured_image":false,"_kad_blocks_custom_css":"","_kad_blocks_head_custom_js":"","_kad_blocks_body_custom_js":"","_kad_blocks_footer_custom_js":"","_kadence_starter_templates_imported_post":false,"_kad_post_transparent":"default","_kad_post_title":"","_kad_post_layout":"default","_kad_post_sidebar_id":"","_kad_post_content_style":"default","_kad_post_vertical_padding":"default","_kad_post_feature":"","_kad_post_feature_position":"","_kad_post_header":false,"_kad_post_footer":false},"product_brand":[],"product_cat":[93,5965,92,5972,5978,2444,2371],"product_tag":[4923,4922,3576,4891,4910,4928,4908,4907,4927,4930,4912,4909,4913,4432,4929,3588,4931,3386,3590,4914,4925,1494,4859,4906,4924,4904,4890,4926,4911],"class_list":{"0":"post-10445","1":"product","2":"type-product","3":"status-publish","4":"has-post-thumbnail","6":"product_cat-mineraler-fi","7":"product_cat-kalcium-fi","8":"product_cat-magnesium-fi","9":"product_cat-multi-mineral-fi","10":"product_cat-multi-produkter-fi","11":"product_cat-lamberts-fi","12":"product_cat-muskler-och-leder-fi","13":"product_tag-aineenvaihdunnan-tuki","14":"product_tag-boori","15":"product_tag-dagligt-mineraltillskott-fi","16":"product_tag-harjoittelu-ja-palautuminen","17":"product_tag-kalsiumia-ja-magnesiumia","18":"product_tag-kalsiumkompleksi","19":"product_tag-kalsiumlisaaineet","20":"product_tag-kestava-terveys","21":"product_tag-laadukkaat-mineraalit","22":"product_tag-luonnollinen-kalsium","23":"product_tag-luukudos","24":"product_tag-luurankoa-vahvistava","25":"product_tag-luusto-ja-lihakset","26":"product_tag-luuston-terveytta","27":"product_tag-magnesiumia-keholle","28":"product_tag-magnesiumtillskott-fi","29":"product_tag-mineraalit-koko-vartalolle","30":"product_tag-mineralbalans-fi","31":"product_tag-muskelavslappning-fi","32":"product_tag-optimaalinen-luuston-kunto","33":"product_tag-osteoguard-fi","34":"product_tag-osteoporoosi","35":"product_tag-reviva-finland-fi","36":"product_tag-ruokavalio-ja-ravinto","37":"product_tag-tarkeita-mineraaleja","38":"product_tag-terveysruokaa","39":"product_tag-terveytta-ja-hyvinvointia","40":"product_tag-tuki-nivelille","41":"product_tag-vahvat-luut","43":"first","44":"instock","45":"taxable","46":"shipping-taxable","47":"purchasable","48":"product-type-simple","49":"entry","50":"content-bg","51":"loop-entry"},"acf":[],"yoast_head":"<!-- This site is optimized with the Yoast SEO plugin v25.8 - https:\/\/yoast.com\/wordpress\/plugins\/seo\/ -->\n<title>OSTEOGUARD - Kalsium Magnesium Boori - Reviva<\/title>\n<meta name=\"description\" content=\"OSTEOGUARD - Kalsium Magnesium Boori. Osteoporoosilta suojaavaa multimineraalia suositellaan maitotuotteita v\u00e4ltt\u00e4ville ja vaihdevuodessa oleville naisille.\" \/>\n<meta name=\"robots\" content=\"index, follow, max-snippet:-1, max-image-preview:large, max-video-preview:-1\" \/>\n<link rel=\"canonical\" href=\"https:\/\/reviva.fi\/fi\/tuote\/osteoguard-kalcium-magnesium-bor\/\" \/>\n<meta property=\"og:locale\" content=\"fi_FI\" \/>\n<meta property=\"og:type\" content=\"article\" \/>\n<meta property=\"og:title\" content=\"OSTEOGUARD - Kalsium Magnesium Boori - Reviva\" \/>\n<meta property=\"og:description\" content=\"OSTEOGUARD - Kalsium Magnesium Boori. Osteoporoosilta suojaavaa multimineraalia suositellaan maitotuotteita v\u00e4ltt\u00e4ville ja vaihdevuodessa oleville naisille.\" \/>\n<meta property=\"og:url\" content=\"https:\/\/reviva.fi\/fi\/tuote\/osteoguard-kalcium-magnesium-bor\/\" \/>\n<meta property=\"og:site_name\" content=\"Reviva\" \/>\n<meta property=\"article:modified_time\" content=\"2025-12-04T07:52:13+00:00\" \/>\n<meta property=\"og:image\" content=\"https:\/\/reviva.fi\/wp-content\/uploads\/2024\/12\/8226-90-Osteoguard.jpg\" \/>\n\t<meta property=\"og:image:width\" content=\"780\" \/>\n\t<meta property=\"og:image:height\" content=\"780\" \/>\n\t<meta property=\"og:image:type\" content=\"image\/jpeg\" \/>\n<meta name=\"twitter:card\" content=\"summary_large_image\" \/>\n<script type=\"application\/ld+json\" class=\"yoast-schema-graph\">{\"@context\":\"https:\/\/schema.org\",\"@graph\":[{\"@type\":\"WebPage\",\"@id\":\"https:\/\/reviva.fi\/fi\/tuote\/osteoguard-kalcium-magnesium-bor\/\",\"url\":\"https:\/\/reviva.fi\/fi\/tuote\/osteoguard-kalcium-magnesium-bor\/\",\"name\":\"OSTEOGUARD - Kalsium Magnesium Boori - Reviva\",\"isPartOf\":{\"@id\":\"https:\/\/reviva.fi\/fi\/#website\"},\"primaryImageOfPage\":{\"@id\":\"https:\/\/reviva.fi\/fi\/tuote\/osteoguard-kalcium-magnesium-bor\/#primaryimage\"},\"image\":{\"@id\":\"https:\/\/reviva.fi\/fi\/tuote\/osteoguard-kalcium-magnesium-bor\/#primaryimage\"},\"thumbnailUrl\":\"https:\/\/reviva.fi\/wp-content\/uploads\/2024\/12\/8226-90-Osteoguard.jpg\",\"datePublished\":\"2024-12-31T13:42:40+00:00\",\"dateModified\":\"2025-12-04T07:52:13+00:00\",\"description\":\"OSTEOGUARD - Kalsium Magnesium Boori. Osteoporoosilta suojaavaa multimineraalia suositellaan maitotuotteita v\u00e4ltt\u00e4ville ja vaihdevuodessa oleville naisille.\",\"breadcrumb\":{\"@id\":\"https:\/\/reviva.fi\/fi\/tuote\/osteoguard-kalcium-magnesium-bor\/#breadcrumb\"},\"inLanguage\":\"fi\",\"potentialAction\":[{\"@type\":\"ReadAction\",\"target\":[\"https:\/\/reviva.fi\/fi\/tuote\/osteoguard-kalcium-magnesium-bor\/\"]}]},{\"@type\":\"ImageObject\",\"inLanguage\":\"fi\",\"@id\":\"https:\/\/reviva.fi\/fi\/tuote\/osteoguard-kalcium-magnesium-bor\/#primaryimage\",\"url\":\"https:\/\/reviva.fi\/wp-content\/uploads\/2024\/12\/8226-90-Osteoguard.jpg\",\"contentUrl\":\"https:\/\/reviva.fi\/wp-content\/uploads\/2024\/12\/8226-90-Osteoguard.jpg\",\"width\":780,\"height\":780,\"caption\":\"Osteoguard\"},{\"@type\":\"BreadcrumbList\",\"@id\":\"https:\/\/reviva.fi\/fi\/tuote\/osteoguard-kalcium-magnesium-bor\/#breadcrumb\",\"itemListElement\":[{\"@type\":\"ListItem\",\"position\":1,\"name\":\"Etusivu\",\"item\":\"https:\/\/reviva.fi\/fi\/\"},{\"@type\":\"ListItem\",\"position\":2,\"name\":\"Tuotteet\",\"item\":\"https:\/\/reviva.fi\/produkter\/\"},{\"@type\":\"ListItem\",\"position\":3,\"name\":\"OSTEOGUARD &#8211; Kalsium Magnesium Boori\"}]},{\"@type\":\"WebSite\",\"@id\":\"https:\/\/reviva.fi\/fi\/#website\",\"url\":\"https:\/\/reviva.fi\/fi\/\",\"name\":\"Reviva\",\"description\":\"\",\"publisher\":{\"@id\":\"https:\/\/reviva.fi\/fi\/#organization\"},\"potentialAction\":[{\"@type\":\"SearchAction\",\"target\":{\"@type\":\"EntryPoint\",\"urlTemplate\":\"https:\/\/reviva.fi\/fi\/?s={search_term_string}\"},\"query-input\":{\"@type\":\"PropertyValueSpecification\",\"valueRequired\":true,\"valueName\":\"search_term_string\"}}],\"inLanguage\":\"fi\"},{\"@type\":\"Organization\",\"@id\":\"https:\/\/reviva.fi\/fi\/#organization\",\"name\":\"Reviva\",\"url\":\"https:\/\/reviva.fi\/fi\/\",\"logo\":{\"@type\":\"ImageObject\",\"inLanguage\":\"fi\",\"@id\":\"https:\/\/reviva.fi\/fi\/#\/schema\/logo\/image\/\",\"url\":\"https:\/\/reviva.fi\/wp-content\/uploads\/2023\/10\/reviva-logo2.svg\",\"contentUrl\":\"https:\/\/reviva.fi\/wp-content\/uploads\/2023\/10\/reviva-logo2.svg\",\"caption\":\"Reviva\"},\"image\":{\"@id\":\"https:\/\/reviva.fi\/fi\/#\/schema\/logo\/image\/\"}}]}<\/script>\n<meta property=\"product:price:amount\" content=\"18.20\" \/>\n<meta property=\"product:price:currency\" content=\"EUR\" \/>\n<meta property=\"og:availability\" content=\"instock\" \/>\n<meta property=\"product:availability\" content=\"instock\" \/>\n<meta property=\"product:retailer_item_id\" content=\"8226-90\" \/>\n<meta property=\"product:condition\" content=\"new\" \/>\n<!-- \/ Yoast SEO plugin. -->","yoast_head_json":{"title":"OSTEOGUARD - Kalsium Magnesium Boori - Reviva","description":"OSTEOGUARD - Kalsium Magnesium Boori. Osteoporoosilta suojaavaa multimineraalia suositellaan maitotuotteita v\u00e4ltt\u00e4ville ja vaihdevuodessa oleville naisille.","robots":{"index":"index","follow":"follow","max-snippet":"max-snippet:-1","max-image-preview":"max-image-preview:large","max-video-preview":"max-video-preview:-1"},"canonical":"https:\/\/reviva.fi\/fi\/tuote\/osteoguard-kalcium-magnesium-bor\/","og_locale":"fi_FI","og_type":"article","og_title":"OSTEOGUARD - Kalsium Magnesium Boori - Reviva","og_description":"OSTEOGUARD - Kalsium Magnesium Boori. Osteoporoosilta suojaavaa multimineraalia suositellaan maitotuotteita v\u00e4ltt\u00e4ville ja vaihdevuodessa oleville naisille.","og_url":"https:\/\/reviva.fi\/fi\/tuote\/osteoguard-kalcium-magnesium-bor\/","og_site_name":"Reviva","article_modified_time":"2025-12-04T07:52:13+00:00","og_image":[{"width":780,"height":780,"url":"https:\/\/reviva.fi\/wp-content\/uploads\/2024\/12\/8226-90-Osteoguard.jpg","type":"image\/jpeg"}],"twitter_card":"summary_large_image","schema":{"@context":"https:\/\/schema.org","@graph":[{"@type":"WebPage","@id":"https:\/\/reviva.fi\/fi\/tuote\/osteoguard-kalcium-magnesium-bor\/","url":"https:\/\/reviva.fi\/fi\/tuote\/osteoguard-kalcium-magnesium-bor\/","name":"OSTEOGUARD - Kalsium Magnesium Boori - Reviva","isPartOf":{"@id":"https:\/\/reviva.fi\/fi\/#website"},"primaryImageOfPage":{"@id":"https:\/\/reviva.fi\/fi\/tuote\/osteoguard-kalcium-magnesium-bor\/#primaryimage"},"image":{"@id":"https:\/\/reviva.fi\/fi\/tuote\/osteoguard-kalcium-magnesium-bor\/#primaryimage"},"thumbnailUrl":"https:\/\/reviva.fi\/wp-content\/uploads\/2024\/12\/8226-90-Osteoguard.jpg","datePublished":"2024-12-31T13:42:40+00:00","dateModified":"2025-12-04T07:52:13+00:00","description":"OSTEOGUARD - Kalsium Magnesium Boori. Osteoporoosilta suojaavaa multimineraalia suositellaan maitotuotteita v\u00e4ltt\u00e4ville ja vaihdevuodessa oleville naisille.","breadcrumb":{"@id":"https:\/\/reviva.fi\/fi\/tuote\/osteoguard-kalcium-magnesium-bor\/#breadcrumb"},"inLanguage":"fi","potentialAction":[{"@type":"ReadAction","target":["https:\/\/reviva.fi\/fi\/tuote\/osteoguard-kalcium-magnesium-bor\/"]}]},{"@type":"ImageObject","inLanguage":"fi","@id":"https:\/\/reviva.fi\/fi\/tuote\/osteoguard-kalcium-magnesium-bor\/#primaryimage","url":"https:\/\/reviva.fi\/wp-content\/uploads\/2024\/12\/8226-90-Osteoguard.jpg","contentUrl":"https:\/\/reviva.fi\/wp-content\/uploads\/2024\/12\/8226-90-Osteoguard.jpg","width":780,"height":780,"caption":"Osteoguard"},{"@type":"BreadcrumbList","@id":"https:\/\/reviva.fi\/fi\/tuote\/osteoguard-kalcium-magnesium-bor\/#breadcrumb","itemListElement":[{"@type":"ListItem","position":1,"name":"Etusivu","item":"https:\/\/reviva.fi\/fi\/"},{"@type":"ListItem","position":2,"name":"Tuotteet","item":"https:\/\/reviva.fi\/produkter\/"},{"@type":"ListItem","position":3,"name":"OSTEOGUARD &#8211; Kalsium Magnesium Boori"}]},{"@type":"WebSite","@id":"https:\/\/reviva.fi\/fi\/#website","url":"https:\/\/reviva.fi\/fi\/","name":"Reviva","description":"","publisher":{"@id":"https:\/\/reviva.fi\/fi\/#organization"},"potentialAction":[{"@type":"SearchAction","target":{"@type":"EntryPoint","urlTemplate":"https:\/\/reviva.fi\/fi\/?s={search_term_string}"},"query-input":{"@type":"PropertyValueSpecification","valueRequired":true,"valueName":"search_term_string"}}],"inLanguage":"fi"},{"@type":"Organization","@id":"https:\/\/reviva.fi\/fi\/#organization","name":"Reviva","url":"https:\/\/reviva.fi\/fi\/","logo":{"@type":"ImageObject","inLanguage":"fi","@id":"https:\/\/reviva.fi\/fi\/#\/schema\/logo\/image\/","url":"https:\/\/reviva.fi\/wp-content\/uploads\/2023\/10\/reviva-logo2.svg","contentUrl":"https:\/\/reviva.fi\/wp-content\/uploads\/2023\/10\/reviva-logo2.svg","caption":"Reviva"},"image":{"@id":"https:\/\/reviva.fi\/fi\/#\/schema\/logo\/image\/"}}]},"product_price_amount":"18.20","product_price_currency":"EUR","og_availability":"instock","product_availability":"instock","product_retailer_item_id":"8226-90","product_condition":"new"},"taxonomy_info":{"product_cat":[{"value":93,"label":"Mineraalit"},{"value":5965,"label":"Kalsium"},{"value":92,"label":"Magnesium"},{"value":5972,"label":"Mono-mineraali"},{"value":5978,"label":"Multi tuotteet"},{"value":2444,"label":"Lamberts"},{"value":2371,"label":"Nivelet &amp; Lihakset"}],"product_tag":[{"value":4923,"label":"Aineenvaihdunnan tuki"},{"value":4922,"label":"boori"},{"value":3576,"label":"Dagligt mineraltillskott"},{"value":4891,"label":"Harjoittelu ja palautuminen"},{"value":4910,"label":"Kalsiumia ja magnesiumia"},{"value":4928,"label":"Kalsiumkompleksi"},{"value":4908,"label":"Kalsiumlis\u00e4aineet"},{"value":4907,"label":"Kest\u00e4v\u00e4 terveys"},{"value":4927,"label":"Laadukkaat mineraalit"},{"value":4930,"label":"Luonnollinen kalsium"},{"value":4912,"label":"Luukudos"},{"value":4909,"label":"Luurankoa vahvistava"},{"value":4913,"label":"Luusto ja lihakset"},{"value":4432,"label":"Luuston terveytt\u00e4"},{"value":4929,"label":"Magnesiumia keholle"},{"value":3588,"label":"Magnesiumtillskott"},{"value":4931,"label":"Mineraalit koko vartalolle"},{"value":3386,"label":"Mineralbalans"},{"value":3590,"label":"Muskelavslappning"},{"value":4914,"label":"Optimaalinen luuston kunto"},{"value":4925,"label":"Osteoguard"},{"value":1494,"label":"osteoporoosi"},{"value":4859,"label":"Reviva Finland"},{"value":4906,"label":"Ruokavalio ja ravinto"},{"value":4924,"label":"T\u00e4rkeit\u00e4 mineraaleja"},{"value":4904,"label":"Terveysruokaa"},{"value":4890,"label":"Terveytt\u00e4 ja hyvinvointia"},{"value":4926,"label":"Tuki nivelille"},{"value":4911,"label":"Vahvat luut"}]},"featured_image_src_large":["https:\/\/reviva.fi\/wp-content\/uploads\/2024\/12\/8226-90-Osteoguard.jpg",780,780,false],"author_info":[],"comment_info":0,"_links":{"self":[{"href":"https:\/\/reviva.fi\/fi\/wp-json\/wp\/v2\/product\/10445","targetHints":{"allow":["GET"]}}],"collection":[{"href":"https:\/\/reviva.fi\/fi\/wp-json\/wp\/v2\/product"}],"about":[{"href":"https:\/\/reviva.fi\/fi\/wp-json\/wp\/v2\/types\/product"}],"replies":[{"embeddable":true,"href":"https:\/\/reviva.fi\/fi\/wp-json\/wp\/v2\/comments?post=10445"}],"wp:featuredmedia":[{"embeddable":true,"href":"https:\/\/reviva.fi\/fi\/wp-json\/wp\/v2\/media\/10373"}],"wp:attachment":[{"href":"https:\/\/reviva.fi\/fi\/wp-json\/wp\/v2\/media?parent=10445"}],"wp:term":[{"taxonomy":"product_brand","embeddable":true,"href":"https:\/\/reviva.fi\/fi\/wp-json\/wp\/v2\/product_brand?post=10445"},{"taxonomy":"product_cat","embeddable":true,"href":"https:\/\/reviva.fi\/fi\/wp-json\/wp\/v2\/product_cat?post=10445"},{"taxonomy":"product_tag","embeddable":true,"href":"https:\/\/reviva.fi\/fi\/wp-json\/wp\/v2\/product_tag?post=10445"}],"curies":[{"name":"wp","href":"https:\/\/api.w.org\/{rel}","templated":true}]}}