{"id":10471,"date":"2025-01-20T13:09:20","date_gmt":"2025-01-20T11:09:20","guid":{"rendered":"https:\/\/reviva.fi\/product\/ubiquinol-100mg-kosttillskott\/"},"modified":"2025-02-03T14:59:27","modified_gmt":"2025-02-03T12:59:27","slug":"ubiquinol-100mg-ravintolisa","status":"publish","type":"product","link":"https:\/\/reviva.fi\/fi\/tuote\/ubiquinol-100mg-ravintolisa\/","title":{"rendered":"Ubiquinol 100mg Ravintolis\u00e4"},"content":{"rendered":"<h1>Ubiquinol 100mg Ravintolis\u00e4 &#8211; Lamberts<\/h1>\n<p>\u2022 T\u00e4ysi 100 mg kapselia kohti<br \/>\n\u2022 Tulee koentsyymist\u00e4 Q10<br \/>\n\u2022 Paremman imeytymisen vuoksi t\u00e4rke\u00e4mpi yli 40-vuotiaille tai ik\u00e4\u00e4n liittyvist\u00e4 terveydellisist\u00e4 sairauksista k\u00e4rsiville<br \/>\n\u2022 Helppo ottaa, pienet kapselit<\/p>\n<p>Tuotteen kuvaus:<br \/>\nUbikinoli on koentsyymi Q10:n (ubikinonin) pelkistetty aktiivinen muoto. Ja aivan kuten koentsyymi Q10, se on ratkaisevan t\u00e4rke\u00e4 solun ATP:n tuotantosyklille (energialle). Ilman molempien l\u00e4sn\u00e4oloa kehon soluissa soluenergiaa ei voida tuottaa tai yll\u00e4pit\u00e4\u00e4.<\/p>\n<p>Ainoa tapa lis\u00e4t\u00e4 ubikinolitasoja kehossa oli viime aikoihin asti sen muuntaminen koentsyymist\u00e4 Q10, mik\u00e4 tutkimusten mukaan muuttuu yh\u00e4 vaikeammaksi i\u00e4n my\u00f6t\u00e4.<\/p>\n<p>Tutkijoilta on kest\u00e4nyt yli vuosikymmenen tuottaa ubikinolia k\u00e4ytett\u00e4v\u00e4ksi ravintolisiss\u00e4, ja nyt useita vuosia t\u00e4m\u00e4n menestyksen j\u00e4lkeen olemme iloisia voidessamme sis\u00e4llytt\u00e4\u00e4 sen Lamberts\u00ae-valikoimaan.<\/p>\n<p>Koentsyymi Q10 on jatkossakin t\u00e4rke\u00e4 lis\u00e4ravinne monille. Koentsyymi Q10:n esimuunnetusta muodosta, ubikinolista, on enemm\u00e4n hy\u00f6ty\u00e4 ihmisille sen paremman imeytymisen ansiosta.<\/p>\n<p>Lamberts\u00ae Ubiquinol tulee koentsyymist\u00e4 Q10, joka on biologisesti identtinen elimist\u00f6ss\u00e4 tuotetun koentsyymi Q10:n kanssa (jotkin koentsyymi Q10 -tuotteet valmistetaan bakteereista tai tupakkajohdannaisista).<\/p>\n","protected":false},"excerpt":{"rendered":"<p>Lamberts Ubiquinol 100mg on yksi markkinoiden vahvimmista Q10-lisist\u00e4. Koentsyymi Q10:t\u00e4 kutsutaan my\u00f6s ubikinoniksi, ja se on lis\u00e4ravinne, jota voidaan ottaa p\u00e4ivitt\u00e4in.<\/p>\n<p><strong>60 kapselia<\/strong><\/p>\n","protected":false},"featured_media":10469,"comment_status":"closed","ping_status":"closed","template":"","meta":{"_acf_changed":false,"inline_featured_image":false,"_kad_blocks_custom_css":"","_kad_blocks_head_custom_js":"","_kad_blocks_body_custom_js":"","_kad_blocks_footer_custom_js":"","_kadence_starter_templates_imported_post":false,"_kad_post_transparent":"default","_kad_post_title":"","_kad_post_layout":"default","_kad_post_sidebar_id":"","_kad_post_content_style":"default","_kad_post_vertical_padding":"default","_kad_post_feature":"","_kad_post_feature_position":"","_kad_post_header":false,"_kad_post_footer":false},"product_brand":[],"product_cat":[2505,2444,2357,2371,2375],"product_tag":[3750,4899,3375,4896,4891,4895,4901,4902,4773,4894,4742,4898,4897,4903,4893,4859,4900,4889,4890,4892],"class_list":{"0":"post-10471","1":"product","2":"type-product","3":"status-publish","4":"has-post-thumbnail","6":"product_cat-ovriga-kosttillskott-fi","7":"product_cat-lamberts-fi","8":"product_cat-immunforsvar-fi","9":"product_cat-muskler-och-leder-fi","10":"product_cat-traning-fi","11":"product_tag-antioxidantstod-fi","12":"product_tag-biologisesti-saatavilla-q10","13":"product_tag-dagligt-tillskott-fi","14":"product_tag-energiaa-ja-jaksamista","15":"product_tag-harjoittelu-ja-palautuminen","16":"product_tag-hyvin-imeytyva-q10","17":"product_tag-ikaantyminen-ja-elinvoima","18":"product_tag-immuunijarjestelman-tuki","19":"product_tag-koentsyymi-q10-fi","20":"product_tag-lamberts-ubiquinol-fi","21":"product_tag-lihasten-toiminta","22":"product_tag-luonnollinen-ravintolisa","23":"product_tag-mitokondrioiden-tuki","24":"product_tag-premium-q10-fi","25":"product_tag-q10-lisaravinne","26":"product_tag-reviva-finland-fi","27":"product_tag-solujen-energiantuotantoon","28":"product_tag-sydan-ja-verisuoniterveys-fi","29":"product_tag-terveytta-ja-hyvinvointia","30":"product_tag-ubikinoli","32":"first","33":"instock","34":"taxable","35":"shipping-taxable","36":"purchasable","37":"product-type-simple","38":"entry","39":"content-bg","40":"loop-entry"},"acf":[],"yoast_head":"<!-- This site is optimized with the Yoast SEO plugin v25.8 - https:\/\/yoast.com\/wordpress\/plugins\/seo\/ -->\n<title>Ubiquinol 100mg Ravintolis\u00e4 - Reviva<\/title>\n<meta name=\"description\" content=\"Ubiquinol 100mg ravintolis\u00e4, voimakas antioksidantti, joka tukee syd\u00e4nt\u00e4 ja lis\u00e4\u00e4 energiatasoja. Helposti imeytyv\u00e4 muoto parantaa energiantuotantoa\" \/>\n<meta name=\"robots\" content=\"index, follow, max-snippet:-1, max-image-preview:large, max-video-preview:-1\" \/>\n<link rel=\"canonical\" href=\"https:\/\/reviva.fi\/fi\/tuote\/ubiquinol-100mg-ravintolisa\/\" \/>\n<meta property=\"og:locale\" content=\"fi_FI\" \/>\n<meta property=\"og:type\" content=\"article\" \/>\n<meta property=\"og:title\" content=\"Ubiquinol 100mg Ravintolis\u00e4 - Reviva\" \/>\n<meta property=\"og:description\" content=\"Ubiquinol 100mg ravintolis\u00e4, voimakas antioksidantti, joka tukee syd\u00e4nt\u00e4 ja lis\u00e4\u00e4 energiatasoja. Helposti imeytyv\u00e4 muoto parantaa energiantuotantoa\" \/>\n<meta property=\"og:url\" content=\"https:\/\/reviva.fi\/fi\/tuote\/ubiquinol-100mg-ravintolisa\/\" \/>\n<meta property=\"og:site_name\" content=\"Reviva\" \/>\n<meta property=\"article:modified_time\" content=\"2025-02-03T12:59:27+00:00\" \/>\n<meta property=\"og:image\" content=\"https:\/\/reviva.fi\/wp-content\/uploads\/2025\/01\/Ubiquinol-100mg.jpg\" \/>\n\t<meta property=\"og:image:width\" content=\"780\" \/>\n\t<meta property=\"og:image:height\" content=\"780\" \/>\n\t<meta property=\"og:image:type\" content=\"image\/jpeg\" \/>\n<meta name=\"twitter:card\" content=\"summary_large_image\" \/>\n<script type=\"application\/ld+json\" class=\"yoast-schema-graph\">{\"@context\":\"https:\/\/schema.org\",\"@graph\":[{\"@type\":\"WebPage\",\"@id\":\"https:\/\/reviva.fi\/fi\/tuote\/ubiquinol-100mg-ravintolisa\/\",\"url\":\"https:\/\/reviva.fi\/fi\/tuote\/ubiquinol-100mg-ravintolisa\/\",\"name\":\"Ubiquinol 100mg Ravintolis\u00e4 - Reviva\",\"isPartOf\":{\"@id\":\"https:\/\/reviva.fi\/fi\/#website\"},\"primaryImageOfPage\":{\"@id\":\"https:\/\/reviva.fi\/fi\/tuote\/ubiquinol-100mg-ravintolisa\/#primaryimage\"},\"image\":{\"@id\":\"https:\/\/reviva.fi\/fi\/tuote\/ubiquinol-100mg-ravintolisa\/#primaryimage\"},\"thumbnailUrl\":\"https:\/\/reviva.fi\/wp-content\/uploads\/2025\/01\/Ubiquinol-100mg.jpg\",\"datePublished\":\"2025-01-20T11:09:20+00:00\",\"dateModified\":\"2025-02-03T12:59:27+00:00\",\"description\":\"Ubiquinol 100mg ravintolis\u00e4, voimakas antioksidantti, joka tukee syd\u00e4nt\u00e4 ja lis\u00e4\u00e4 energiatasoja. Helposti imeytyv\u00e4 muoto parantaa energiantuotantoa\",\"breadcrumb\":{\"@id\":\"https:\/\/reviva.fi\/fi\/tuote\/ubiquinol-100mg-ravintolisa\/#breadcrumb\"},\"inLanguage\":\"fi\",\"potentialAction\":[{\"@type\":\"ReadAction\",\"target\":[\"https:\/\/reviva.fi\/fi\/tuote\/ubiquinol-100mg-ravintolisa\/\"]}]},{\"@type\":\"ImageObject\",\"inLanguage\":\"fi\",\"@id\":\"https:\/\/reviva.fi\/fi\/tuote\/ubiquinol-100mg-ravintolisa\/#primaryimage\",\"url\":\"https:\/\/reviva.fi\/wp-content\/uploads\/2025\/01\/Ubiquinol-100mg.jpg\",\"contentUrl\":\"https:\/\/reviva.fi\/wp-content\/uploads\/2025\/01\/Ubiquinol-100mg.jpg\",\"width\":780,\"height\":780,\"caption\":\"Ubiquinol 100mg Ravintolis\u00e4\"},{\"@type\":\"BreadcrumbList\",\"@id\":\"https:\/\/reviva.fi\/fi\/tuote\/ubiquinol-100mg-ravintolisa\/#breadcrumb\",\"itemListElement\":[{\"@type\":\"ListItem\",\"position\":1,\"name\":\"Etusivu\",\"item\":\"https:\/\/reviva.fi\/fi\/\"},{\"@type\":\"ListItem\",\"position\":2,\"name\":\"Tuotteet\",\"item\":\"https:\/\/reviva.fi\/produkter\/\"},{\"@type\":\"ListItem\",\"position\":3,\"name\":\"Ubiquinol 100mg Ravintolis\u00e4\"}]},{\"@type\":\"WebSite\",\"@id\":\"https:\/\/reviva.fi\/fi\/#website\",\"url\":\"https:\/\/reviva.fi\/fi\/\",\"name\":\"Reviva\",\"description\":\"\",\"publisher\":{\"@id\":\"https:\/\/reviva.fi\/fi\/#organization\"},\"potentialAction\":[{\"@type\":\"SearchAction\",\"target\":{\"@type\":\"EntryPoint\",\"urlTemplate\":\"https:\/\/reviva.fi\/fi\/?s={search_term_string}\"},\"query-input\":{\"@type\":\"PropertyValueSpecification\",\"valueRequired\":true,\"valueName\":\"search_term_string\"}}],\"inLanguage\":\"fi\"},{\"@type\":\"Organization\",\"@id\":\"https:\/\/reviva.fi\/fi\/#organization\",\"name\":\"Reviva\",\"url\":\"https:\/\/reviva.fi\/fi\/\",\"logo\":{\"@type\":\"ImageObject\",\"inLanguage\":\"fi\",\"@id\":\"https:\/\/reviva.fi\/fi\/#\/schema\/logo\/image\/\",\"url\":\"https:\/\/reviva.fi\/wp-content\/uploads\/2023\/10\/reviva-logo2.svg\",\"contentUrl\":\"https:\/\/reviva.fi\/wp-content\/uploads\/2023\/10\/reviva-logo2.svg\",\"caption\":\"Reviva\"},\"image\":{\"@id\":\"https:\/\/reviva.fi\/fi\/#\/schema\/logo\/image\/\"}}]}<\/script>\n<meta property=\"product:price:amount\" content=\"77.95\" \/>\n<meta property=\"product:price:currency\" content=\"EUR\" \/>\n<meta property=\"og:availability\" content=\"instock\" \/>\n<meta property=\"product:availability\" content=\"instock\" \/>\n<meta property=\"product:retailer_item_id\" content=\"8535-60\" \/>\n<meta property=\"product:condition\" content=\"new\" \/>\n<!-- \/ Yoast SEO plugin. -->","yoast_head_json":{"title":"Ubiquinol 100mg Ravintolis\u00e4 - Reviva","description":"Ubiquinol 100mg ravintolis\u00e4, voimakas antioksidantti, joka tukee syd\u00e4nt\u00e4 ja lis\u00e4\u00e4 energiatasoja. Helposti imeytyv\u00e4 muoto parantaa energiantuotantoa","robots":{"index":"index","follow":"follow","max-snippet":"max-snippet:-1","max-image-preview":"max-image-preview:large","max-video-preview":"max-video-preview:-1"},"canonical":"https:\/\/reviva.fi\/fi\/tuote\/ubiquinol-100mg-ravintolisa\/","og_locale":"fi_FI","og_type":"article","og_title":"Ubiquinol 100mg Ravintolis\u00e4 - Reviva","og_description":"Ubiquinol 100mg ravintolis\u00e4, voimakas antioksidantti, joka tukee syd\u00e4nt\u00e4 ja lis\u00e4\u00e4 energiatasoja. Helposti imeytyv\u00e4 muoto parantaa energiantuotantoa","og_url":"https:\/\/reviva.fi\/fi\/tuote\/ubiquinol-100mg-ravintolisa\/","og_site_name":"Reviva","article_modified_time":"2025-02-03T12:59:27+00:00","og_image":[{"width":780,"height":780,"url":"https:\/\/reviva.fi\/wp-content\/uploads\/2025\/01\/Ubiquinol-100mg.jpg","type":"image\/jpeg"}],"twitter_card":"summary_large_image","schema":{"@context":"https:\/\/schema.org","@graph":[{"@type":"WebPage","@id":"https:\/\/reviva.fi\/fi\/tuote\/ubiquinol-100mg-ravintolisa\/","url":"https:\/\/reviva.fi\/fi\/tuote\/ubiquinol-100mg-ravintolisa\/","name":"Ubiquinol 100mg Ravintolis\u00e4 - Reviva","isPartOf":{"@id":"https:\/\/reviva.fi\/fi\/#website"},"primaryImageOfPage":{"@id":"https:\/\/reviva.fi\/fi\/tuote\/ubiquinol-100mg-ravintolisa\/#primaryimage"},"image":{"@id":"https:\/\/reviva.fi\/fi\/tuote\/ubiquinol-100mg-ravintolisa\/#primaryimage"},"thumbnailUrl":"https:\/\/reviva.fi\/wp-content\/uploads\/2025\/01\/Ubiquinol-100mg.jpg","datePublished":"2025-01-20T11:09:20+00:00","dateModified":"2025-02-03T12:59:27+00:00","description":"Ubiquinol 100mg ravintolis\u00e4, voimakas antioksidantti, joka tukee syd\u00e4nt\u00e4 ja lis\u00e4\u00e4 energiatasoja. Helposti imeytyv\u00e4 muoto parantaa energiantuotantoa","breadcrumb":{"@id":"https:\/\/reviva.fi\/fi\/tuote\/ubiquinol-100mg-ravintolisa\/#breadcrumb"},"inLanguage":"fi","potentialAction":[{"@type":"ReadAction","target":["https:\/\/reviva.fi\/fi\/tuote\/ubiquinol-100mg-ravintolisa\/"]}]},{"@type":"ImageObject","inLanguage":"fi","@id":"https:\/\/reviva.fi\/fi\/tuote\/ubiquinol-100mg-ravintolisa\/#primaryimage","url":"https:\/\/reviva.fi\/wp-content\/uploads\/2025\/01\/Ubiquinol-100mg.jpg","contentUrl":"https:\/\/reviva.fi\/wp-content\/uploads\/2025\/01\/Ubiquinol-100mg.jpg","width":780,"height":780,"caption":"Ubiquinol 100mg Ravintolis\u00e4"},{"@type":"BreadcrumbList","@id":"https:\/\/reviva.fi\/fi\/tuote\/ubiquinol-100mg-ravintolisa\/#breadcrumb","itemListElement":[{"@type":"ListItem","position":1,"name":"Etusivu","item":"https:\/\/reviva.fi\/fi\/"},{"@type":"ListItem","position":2,"name":"Tuotteet","item":"https:\/\/reviva.fi\/produkter\/"},{"@type":"ListItem","position":3,"name":"Ubiquinol 100mg Ravintolis\u00e4"}]},{"@type":"WebSite","@id":"https:\/\/reviva.fi\/fi\/#website","url":"https:\/\/reviva.fi\/fi\/","name":"Reviva","description":"","publisher":{"@id":"https:\/\/reviva.fi\/fi\/#organization"},"potentialAction":[{"@type":"SearchAction","target":{"@type":"EntryPoint","urlTemplate":"https:\/\/reviva.fi\/fi\/?s={search_term_string}"},"query-input":{"@type":"PropertyValueSpecification","valueRequired":true,"valueName":"search_term_string"}}],"inLanguage":"fi"},{"@type":"Organization","@id":"https:\/\/reviva.fi\/fi\/#organization","name":"Reviva","url":"https:\/\/reviva.fi\/fi\/","logo":{"@type":"ImageObject","inLanguage":"fi","@id":"https:\/\/reviva.fi\/fi\/#\/schema\/logo\/image\/","url":"https:\/\/reviva.fi\/wp-content\/uploads\/2023\/10\/reviva-logo2.svg","contentUrl":"https:\/\/reviva.fi\/wp-content\/uploads\/2023\/10\/reviva-logo2.svg","caption":"Reviva"},"image":{"@id":"https:\/\/reviva.fi\/fi\/#\/schema\/logo\/image\/"}}]},"product_price_amount":"77.95","product_price_currency":"EUR","og_availability":"instock","product_availability":"instock","product_retailer_item_id":"8535-60","product_condition":"new"},"taxonomy_info":{"product_cat":[{"value":2505,"label":"Muut ravintolis\u00e4t"},{"value":2444,"label":"Lamberts"},{"value":2357,"label":"Immuunipuolustus"},{"value":2371,"label":"Nivelet &amp; Lihakset"},{"value":2375,"label":"Harjoittelu"}],"product_tag":[{"value":3750,"label":"Antioxidantst\u00f6d"},{"value":4899,"label":"Biologisesti saatavilla Q10"},{"value":3375,"label":"Dagligt tillskott"},{"value":4896,"label":"Energiaa ja jaksamista"},{"value":4891,"label":"Harjoittelu ja palautuminen"},{"value":4895,"label":"Hyvin imeytyv\u00e4 Q10"},{"value":4901,"label":"Ik\u00e4\u00e4ntyminen ja elinvoima"},{"value":4902,"label":"Immuunij\u00e4rjestelm\u00e4n tuki"},{"value":4773,"label":"Koentsyymi Q10"},{"value":4894,"label":"Lamberts Ubiquinol"},{"value":4742,"label":"Lihasten toiminta"},{"value":4898,"label":"Luonnollinen ravintolis\u00e4"},{"value":4897,"label":"Mitokondrioiden tuki"},{"value":4903,"label":"Premium Q10"},{"value":4893,"label":"Q10 lis\u00e4ravinne"},{"value":4859,"label":"Reviva Finland"},{"value":4900,"label":"Solujen energiantuotantoon"},{"value":4889,"label":"Syd\u00e4n- ja verisuoniterveys"},{"value":4890,"label":"Terveytt\u00e4 ja hyvinvointia"},{"value":4892,"label":"Ubikinoli"}]},"featured_image_src_large":["https:\/\/reviva.fi\/wp-content\/uploads\/2025\/01\/Ubiquinol-100mg.jpg",780,780,false],"author_info":[],"comment_info":0,"_links":{"self":[{"href":"https:\/\/reviva.fi\/fi\/wp-json\/wp\/v2\/product\/10471","targetHints":{"allow":["GET"]}}],"collection":[{"href":"https:\/\/reviva.fi\/fi\/wp-json\/wp\/v2\/product"}],"about":[{"href":"https:\/\/reviva.fi\/fi\/wp-json\/wp\/v2\/types\/product"}],"replies":[{"embeddable":true,"href":"https:\/\/reviva.fi\/fi\/wp-json\/wp\/v2\/comments?post=10471"}],"wp:featuredmedia":[{"embeddable":true,"href":"https:\/\/reviva.fi\/fi\/wp-json\/wp\/v2\/media\/10469"}],"wp:attachment":[{"href":"https:\/\/reviva.fi\/fi\/wp-json\/wp\/v2\/media?parent=10471"}],"wp:term":[{"taxonomy":"product_brand","embeddable":true,"href":"https:\/\/reviva.fi\/fi\/wp-json\/wp\/v2\/product_brand?post=10471"},{"taxonomy":"product_cat","embeddable":true,"href":"https:\/\/reviva.fi\/fi\/wp-json\/wp\/v2\/product_cat?post=10471"},{"taxonomy":"product_tag","embeddable":true,"href":"https:\/\/reviva.fi\/fi\/wp-json\/wp\/v2\/product_tag?post=10471"}],"curies":[{"name":"wp","href":"https:\/\/api.w.org\/{rel}","templated":true}]}}