{"id":10483,"date":"2025-01-20T14:15:51","date_gmt":"2025-01-20T12:15:51","guid":{"rendered":"https:\/\/reviva.fi\/product\/collagen-perfecting-complex\/"},"modified":"2025-02-03T14:55:57","modified_gmt":"2025-02-03T12:55:57","slug":"collagen-perfecting-complex-lamberts","status":"publish","type":"product","link":"https:\/\/reviva.fi\/fi\/tuote\/collagen-perfecting-complex-lamberts\/","title":{"rendered":"Collagen Perfecting Complex &#8211; Lamberts"},"content":{"rendered":"<p>Collagen Perfecting Complex &#8211; Lamberts<\/p>\n<p>Collagen Perfecting Complex on formuloitu Verisol P\u00ae kollageenipeptideist\u00e4, jotka tutkimukset ovat osoittaneet lis\u00e4\u00e4v\u00e4n ihon kimmoisuutta jopa 30 % ja v\u00e4hent\u00e4v\u00e4n juonteita ja ryppyj\u00e4 jopa 50 % 2,5 g p\u00e4iv\u00e4annoksella. l\u00f6ytyy kolmesta kollageenia t\u00e4ydent\u00e4v\u00e4st\u00e4 kompleksista.<\/p>\n<p>Olemme lis\u00e4nneet my\u00f6s C-vitamiinia, joka osallistuu normaaliin kollageenin muodostukseen, sek\u00e4 biotiinia, joka tukee ihon normaalina pysymist\u00e4. Piidioksidia on my\u00f6s lis\u00e4tty 20 mg per tabletti, koska se on t\u00e4rke\u00e4 ravintoaine rakennekudoksille.<\/p>\n","protected":false},"excerpt":{"rendered":"<p>Bioaktiiviset kollageenipeptidit tyyppi I ja III C-vitamiinilla, biotiinilla ja piidioksidilla.<\/p>\n<ul>\n<li>2500mg Verisol P\u00ae kollageenia kolmessa tabletissa<\/li>\n<li>Sis\u00e4lt\u00e4\u00e4 C-vitamiinia, joka edist\u00e4\u00e4 normaalia kollageenin muodostumista<\/li>\n<li>Biotiini tukee normaalin ihon yll\u00e4pitoa<\/li>\n<li>Piidioksidi bambusta<\/li>\n<\/ul>\n<p><strong>60 tablettia<\/strong><\/p>\n","protected":false},"featured_media":10481,"comment_status":"closed","ping_status":"closed","template":"","meta":{"_acf_changed":false,"inline_featured_image":false,"_kad_blocks_custom_css":"","_kad_blocks_head_custom_js":"","_kad_blocks_body_custom_js":"","_kad_blocks_footer_custom_js":"","_kadence_starter_templates_imported_post":false,"_kad_post_transparent":"default","_kad_post_title":"","_kad_post_layout":"default","_kad_post_sidebar_id":"","_kad_post_content_style":"default","_kad_post_vertical_padding":"default","_kad_post_feature":"","_kad_post_feature_position":"","_kad_post_header":false,"_kad_post_footer":false},"product_brand":[],"product_cat":[2475,5978,2444,2371,2350],"product_tag":[3484,4860,4871,4875,4832,4865,4873,3037,4866,4863,4869,4862,4577,4864,4868,4870,4861,4874,4859,4867,4872],"class_list":{"0":"post-10483","1":"product","2":"type-product","3":"status-publish","4":"has-post-thumbnail","6":"product_cat-erbjudanden-fi","7":"product_cat-multi-produkter-fi","8":"product_cat-lamberts-fi","9":"product_cat-muskler-och-leder-fi","10":"product_cat-hud-och-skonhet-fi","11":"product_tag-anti-aging-fi","12":"product_tag-collagen-perfecting-complex-fi","13":"product_tag-ehkaisee-ryppyja-ja-ikaantymista","14":"product_tag-ensiluokkaiset-kauneuslisaaineet","15":"product_tag-hiukset-ja-kynnet","16":"product_tag-hyaluronihappo","17":"product_tag-hyaluronihappo-ja-c-vitamiini","18":"product_tag-iho","19":"product_tag-ihon-joustavuus","20":"product_tag-kauneutta-sisaltapain","21":"product_tag-kollageeni-kiintealle-iholle","22":"product_tag-kollageenilisaaineet","23":"product_tag-kollageenin-tuotanto","24":"product_tag-kollageenipeptidit","25":"product_tag-kollageenityypit-i-ja-iii","26":"product_tag-kosteutta-ja-kiiltoa","27":"product_tag-lambertin-kollageeni","28":"product_tag-lihasten-ja-nivelten-toiminta","29":"product_tag-reviva-finland-fi","30":"product_tag-tuki-nivelille-ja-rustoille","31":"product_tag-vahvat-hiukset-ja-kynnet","33":"first","34":"instock","35":"sale","36":"taxable","37":"shipping-taxable","38":"purchasable","39":"product-type-simple","40":"entry","41":"content-bg","42":"loop-entry"},"acf":[],"yoast_head":"<!-- This site is optimized with the Yoast SEO plugin v25.8 - https:\/\/yoast.com\/wordpress\/plugins\/seo\/ -->\n<title>Collagen Perfecting Complex - Lamberts - Reviva<\/title>\n<meta name=\"description\" content=\"Collagen Perfecting Complex - Lamberts \u00e4r formulerad med Verisol P\u00ae kollagenpeptider, vilka \u00f6ka hudens elasticitet och minska linjer och rynkor.\" \/>\n<meta name=\"robots\" content=\"index, follow, max-snippet:-1, max-image-preview:large, max-video-preview:-1\" \/>\n<link rel=\"canonical\" href=\"https:\/\/reviva.fi\/fi\/tuote\/collagen-perfecting-complex-lamberts\/\" \/>\n<meta property=\"og:locale\" content=\"fi_FI\" \/>\n<meta property=\"og:type\" content=\"article\" \/>\n<meta property=\"og:title\" content=\"Collagen Perfecting Complex - Lamberts - Reviva\" \/>\n<meta property=\"og:description\" content=\"Collagen Perfecting Complex - Lamberts \u00e4r formulerad med Verisol P\u00ae kollagenpeptider, vilka \u00f6ka hudens elasticitet och minska linjer och rynkor.\" \/>\n<meta property=\"og:url\" content=\"https:\/\/reviva.fi\/fi\/tuote\/collagen-perfecting-complex-lamberts\/\" \/>\n<meta property=\"og:site_name\" content=\"Reviva\" \/>\n<meta property=\"article:modified_time\" content=\"2025-02-03T12:55:57+00:00\" \/>\n<meta property=\"og:image\" content=\"https:\/\/reviva.fi\/wp-content\/uploads\/2025\/01\/8530-60-Collagen-perfecting-complex.jpg\" \/>\n\t<meta property=\"og:image:width\" content=\"780\" \/>\n\t<meta property=\"og:image:height\" content=\"780\" \/>\n\t<meta property=\"og:image:type\" content=\"image\/jpeg\" \/>\n<meta name=\"twitter:card\" content=\"summary_large_image\" \/>\n<script type=\"application\/ld+json\" class=\"yoast-schema-graph\">{\"@context\":\"https:\/\/schema.org\",\"@graph\":[{\"@type\":\"WebPage\",\"@id\":\"https:\/\/reviva.fi\/fi\/tuote\/collagen-perfecting-complex-lamberts\/\",\"url\":\"https:\/\/reviva.fi\/fi\/tuote\/collagen-perfecting-complex-lamberts\/\",\"name\":\"Collagen Perfecting Complex - Lamberts - Reviva\",\"isPartOf\":{\"@id\":\"https:\/\/reviva.fi\/fi\/#website\"},\"primaryImageOfPage\":{\"@id\":\"https:\/\/reviva.fi\/fi\/tuote\/collagen-perfecting-complex-lamberts\/#primaryimage\"},\"image\":{\"@id\":\"https:\/\/reviva.fi\/fi\/tuote\/collagen-perfecting-complex-lamberts\/#primaryimage\"},\"thumbnailUrl\":\"https:\/\/reviva.fi\/wp-content\/uploads\/2025\/01\/8530-60-Collagen-perfecting-complex.jpg\",\"datePublished\":\"2025-01-20T12:15:51+00:00\",\"dateModified\":\"2025-02-03T12:55:57+00:00\",\"description\":\"Collagen Perfecting Complex - Lamberts \u00e4r formulerad med Verisol P\u00ae kollagenpeptider, vilka \u00f6ka hudens elasticitet och minska linjer och rynkor.\",\"breadcrumb\":{\"@id\":\"https:\/\/reviva.fi\/fi\/tuote\/collagen-perfecting-complex-lamberts\/#breadcrumb\"},\"inLanguage\":\"fi\",\"potentialAction\":[{\"@type\":\"ReadAction\",\"target\":[\"https:\/\/reviva.fi\/fi\/tuote\/collagen-perfecting-complex-lamberts\/\"]}]},{\"@type\":\"ImageObject\",\"inLanguage\":\"fi\",\"@id\":\"https:\/\/reviva.fi\/fi\/tuote\/collagen-perfecting-complex-lamberts\/#primaryimage\",\"url\":\"https:\/\/reviva.fi\/wp-content\/uploads\/2025\/01\/8530-60-Collagen-perfecting-complex.jpg\",\"contentUrl\":\"https:\/\/reviva.fi\/wp-content\/uploads\/2025\/01\/8530-60-Collagen-perfecting-complex.jpg\",\"width\":780,\"height\":780,\"caption\":\"Collagen Perfecting Complex - Lamberts\"},{\"@type\":\"BreadcrumbList\",\"@id\":\"https:\/\/reviva.fi\/fi\/tuote\/collagen-perfecting-complex-lamberts\/#breadcrumb\",\"itemListElement\":[{\"@type\":\"ListItem\",\"position\":1,\"name\":\"Etusivu\",\"item\":\"https:\/\/reviva.fi\/fi\/\"},{\"@type\":\"ListItem\",\"position\":2,\"name\":\"Tuotteet\",\"item\":\"https:\/\/reviva.fi\/produkter\/\"},{\"@type\":\"ListItem\",\"position\":3,\"name\":\"Collagen Perfecting Complex &#8211; Lamberts\"}]},{\"@type\":\"WebSite\",\"@id\":\"https:\/\/reviva.fi\/fi\/#website\",\"url\":\"https:\/\/reviva.fi\/fi\/\",\"name\":\"Reviva\",\"description\":\"\",\"publisher\":{\"@id\":\"https:\/\/reviva.fi\/fi\/#organization\"},\"potentialAction\":[{\"@type\":\"SearchAction\",\"target\":{\"@type\":\"EntryPoint\",\"urlTemplate\":\"https:\/\/reviva.fi\/fi\/?s={search_term_string}\"},\"query-input\":{\"@type\":\"PropertyValueSpecification\",\"valueRequired\":true,\"valueName\":\"search_term_string\"}}],\"inLanguage\":\"fi\"},{\"@type\":\"Organization\",\"@id\":\"https:\/\/reviva.fi\/fi\/#organization\",\"name\":\"Reviva\",\"url\":\"https:\/\/reviva.fi\/fi\/\",\"logo\":{\"@type\":\"ImageObject\",\"inLanguage\":\"fi\",\"@id\":\"https:\/\/reviva.fi\/fi\/#\/schema\/logo\/image\/\",\"url\":\"https:\/\/reviva.fi\/wp-content\/uploads\/2023\/10\/reviva-logo2.svg\",\"contentUrl\":\"https:\/\/reviva.fi\/wp-content\/uploads\/2023\/10\/reviva-logo2.svg\",\"caption\":\"Reviva\"},\"image\":{\"@id\":\"https:\/\/reviva.fi\/fi\/#\/schema\/logo\/image\/\"}}]}<\/script>\n<meta property=\"product:price:amount\" content=\"25.15\" \/>\n<meta property=\"product:price:currency\" content=\"EUR\" \/>\n<meta property=\"og:availability\" content=\"instock\" \/>\n<meta property=\"product:availability\" content=\"instock\" \/>\n<meta property=\"product:retailer_item_id\" content=\"8530-60\" \/>\n<meta property=\"product:condition\" content=\"new\" \/>\n<!-- \/ Yoast SEO plugin. -->","yoast_head_json":{"title":"Collagen Perfecting Complex - Lamberts - Reviva","description":"Collagen Perfecting Complex - Lamberts \u00e4r formulerad med Verisol P\u00ae kollagenpeptider, vilka \u00f6ka hudens elasticitet och minska linjer och rynkor.","robots":{"index":"index","follow":"follow","max-snippet":"max-snippet:-1","max-image-preview":"max-image-preview:large","max-video-preview":"max-video-preview:-1"},"canonical":"https:\/\/reviva.fi\/fi\/tuote\/collagen-perfecting-complex-lamberts\/","og_locale":"fi_FI","og_type":"article","og_title":"Collagen Perfecting Complex - Lamberts - Reviva","og_description":"Collagen Perfecting Complex - Lamberts \u00e4r formulerad med Verisol P\u00ae kollagenpeptider, vilka \u00f6ka hudens elasticitet och minska linjer och rynkor.","og_url":"https:\/\/reviva.fi\/fi\/tuote\/collagen-perfecting-complex-lamberts\/","og_site_name":"Reviva","article_modified_time":"2025-02-03T12:55:57+00:00","og_image":[{"width":780,"height":780,"url":"https:\/\/reviva.fi\/wp-content\/uploads\/2025\/01\/8530-60-Collagen-perfecting-complex.jpg","type":"image\/jpeg"}],"twitter_card":"summary_large_image","schema":{"@context":"https:\/\/schema.org","@graph":[{"@type":"WebPage","@id":"https:\/\/reviva.fi\/fi\/tuote\/collagen-perfecting-complex-lamberts\/","url":"https:\/\/reviva.fi\/fi\/tuote\/collagen-perfecting-complex-lamberts\/","name":"Collagen Perfecting Complex - Lamberts - Reviva","isPartOf":{"@id":"https:\/\/reviva.fi\/fi\/#website"},"primaryImageOfPage":{"@id":"https:\/\/reviva.fi\/fi\/tuote\/collagen-perfecting-complex-lamberts\/#primaryimage"},"image":{"@id":"https:\/\/reviva.fi\/fi\/tuote\/collagen-perfecting-complex-lamberts\/#primaryimage"},"thumbnailUrl":"https:\/\/reviva.fi\/wp-content\/uploads\/2025\/01\/8530-60-Collagen-perfecting-complex.jpg","datePublished":"2025-01-20T12:15:51+00:00","dateModified":"2025-02-03T12:55:57+00:00","description":"Collagen Perfecting Complex - Lamberts \u00e4r formulerad med Verisol P\u00ae kollagenpeptider, vilka \u00f6ka hudens elasticitet och minska linjer och rynkor.","breadcrumb":{"@id":"https:\/\/reviva.fi\/fi\/tuote\/collagen-perfecting-complex-lamberts\/#breadcrumb"},"inLanguage":"fi","potentialAction":[{"@type":"ReadAction","target":["https:\/\/reviva.fi\/fi\/tuote\/collagen-perfecting-complex-lamberts\/"]}]},{"@type":"ImageObject","inLanguage":"fi","@id":"https:\/\/reviva.fi\/fi\/tuote\/collagen-perfecting-complex-lamberts\/#primaryimage","url":"https:\/\/reviva.fi\/wp-content\/uploads\/2025\/01\/8530-60-Collagen-perfecting-complex.jpg","contentUrl":"https:\/\/reviva.fi\/wp-content\/uploads\/2025\/01\/8530-60-Collagen-perfecting-complex.jpg","width":780,"height":780,"caption":"Collagen Perfecting Complex - Lamberts"},{"@type":"BreadcrumbList","@id":"https:\/\/reviva.fi\/fi\/tuote\/collagen-perfecting-complex-lamberts\/#breadcrumb","itemListElement":[{"@type":"ListItem","position":1,"name":"Etusivu","item":"https:\/\/reviva.fi\/fi\/"},{"@type":"ListItem","position":2,"name":"Tuotteet","item":"https:\/\/reviva.fi\/produkter\/"},{"@type":"ListItem","position":3,"name":"Collagen Perfecting Complex &#8211; Lamberts"}]},{"@type":"WebSite","@id":"https:\/\/reviva.fi\/fi\/#website","url":"https:\/\/reviva.fi\/fi\/","name":"Reviva","description":"","publisher":{"@id":"https:\/\/reviva.fi\/fi\/#organization"},"potentialAction":[{"@type":"SearchAction","target":{"@type":"EntryPoint","urlTemplate":"https:\/\/reviva.fi\/fi\/?s={search_term_string}"},"query-input":{"@type":"PropertyValueSpecification","valueRequired":true,"valueName":"search_term_string"}}],"inLanguage":"fi"},{"@type":"Organization","@id":"https:\/\/reviva.fi\/fi\/#organization","name":"Reviva","url":"https:\/\/reviva.fi\/fi\/","logo":{"@type":"ImageObject","inLanguage":"fi","@id":"https:\/\/reviva.fi\/fi\/#\/schema\/logo\/image\/","url":"https:\/\/reviva.fi\/wp-content\/uploads\/2023\/10\/reviva-logo2.svg","contentUrl":"https:\/\/reviva.fi\/wp-content\/uploads\/2023\/10\/reviva-logo2.svg","caption":"Reviva"},"image":{"@id":"https:\/\/reviva.fi\/fi\/#\/schema\/logo\/image\/"}}]},"product_price_amount":"25.15","product_price_currency":"EUR","og_availability":"instock","product_availability":"instock","product_retailer_item_id":"8530-60","product_condition":"new"},"taxonomy_info":{"product_cat":[{"value":2475,"label":"Tarjoukset"},{"value":5978,"label":"Multi tuotteet"},{"value":2444,"label":"Lamberts"},{"value":2371,"label":"Nivelet &amp; Lihakset"},{"value":2350,"label":"Iho &amp; Kauneus"}],"product_tag":[{"value":3484,"label":"Anti-aging"},{"value":4860,"label":"Collagen Perfecting Complex"},{"value":4871,"label":"ehk\u00e4isee ryppyj\u00e4 ja ik\u00e4\u00e4ntymist\u00e4"},{"value":4875,"label":"Ensiluokkaiset kauneuslis\u00e4aineet"},{"value":4832,"label":"hiukset ja kynnet"},{"value":4865,"label":"Hyaluronihappo"},{"value":4873,"label":"Hyaluronihappo ja C-vitamiini"},{"value":3037,"label":"iho"},{"value":4866,"label":"Ihon joustavuus"},{"value":4863,"label":"Kauneutta sis\u00e4lt\u00e4p\u00e4in"},{"value":4869,"label":"Kollageeni kiinte\u00e4lle iholle"},{"value":4862,"label":"Kollageenilis\u00e4aineet"},{"value":4577,"label":"Kollageenin tuotanto"},{"value":4864,"label":"Kollageenipeptidit"},{"value":4868,"label":"Kollageenityypit I ja III"},{"value":4870,"label":"Kosteutta ja kiiltoa"},{"value":4861,"label":"Lambertin kollageeni"},{"value":4874,"label":"Lihasten ja nivelten toiminta"},{"value":4859,"label":"Reviva Finland"},{"value":4867,"label":"Tuki nivelille ja rustoille"},{"value":4872,"label":"Vahvat hiukset ja kynnet"}]},"featured_image_src_large":["https:\/\/reviva.fi\/wp-content\/uploads\/2025\/01\/8530-60-Collagen-perfecting-complex.jpg",780,780,false],"author_info":[],"comment_info":0,"_links":{"self":[{"href":"https:\/\/reviva.fi\/fi\/wp-json\/wp\/v2\/product\/10483","targetHints":{"allow":["GET"]}}],"collection":[{"href":"https:\/\/reviva.fi\/fi\/wp-json\/wp\/v2\/product"}],"about":[{"href":"https:\/\/reviva.fi\/fi\/wp-json\/wp\/v2\/types\/product"}],"replies":[{"embeddable":true,"href":"https:\/\/reviva.fi\/fi\/wp-json\/wp\/v2\/comments?post=10483"}],"wp:featuredmedia":[{"embeddable":true,"href":"https:\/\/reviva.fi\/fi\/wp-json\/wp\/v2\/media\/10481"}],"wp:attachment":[{"href":"https:\/\/reviva.fi\/fi\/wp-json\/wp\/v2\/media?parent=10483"}],"wp:term":[{"taxonomy":"product_brand","embeddable":true,"href":"https:\/\/reviva.fi\/fi\/wp-json\/wp\/v2\/product_brand?post=10483"},{"taxonomy":"product_cat","embeddable":true,"href":"https:\/\/reviva.fi\/fi\/wp-json\/wp\/v2\/product_cat?post=10483"},{"taxonomy":"product_tag","embeddable":true,"href":"https:\/\/reviva.fi\/fi\/wp-json\/wp\/v2\/product_tag?post=10483"}],"curies":[{"name":"wp","href":"https:\/\/api.w.org\/{rel}","templated":true}]}}