{"id":10492,"date":"2025-01-20T15:37:57","date_gmt":"2025-01-20T13:37:57","guid":{"rendered":"https:\/\/reviva.fi\/product\/eyewise-lamberts\/"},"modified":"2025-02-03T14:54:03","modified_gmt":"2025-02-03T12:54:03","slug":"eyewise-lamberts","status":"publish","type":"product","link":"https:\/\/reviva.fi\/fi\/tuote\/eyewise-lamberts\/","title":{"rendered":"EYEWISE &#8211; Lamberts"},"content":{"rendered":"<p><strong>EYEWISE &#8211; LAMBERTS<\/strong><\/p>\n<div class=\"preamble\">\n<p>Eyewise\u00ae on ainutlaatuinen ravintolis\u00e4, joka koostuu kasveista, joilla on antioksidanttisia vaikutuksia.<\/p>\n<p>Mustikat kuuluvat <em>Vaccinium myrtillus<\/em> -sukuun. Marjat sis\u00e4lt\u00e4v\u00e4t orgaanisia happoja, tanniineja (tanniinityyppisi\u00e4), antosyanosideja (erilaisia \u200b\u200bsyaniiniin, delfinidiiniin, malvindiiniin ja petunidiiniin sitoutuneita sokerimolekyylej\u00e4), beetakaroteenia (A-vitamiinin esiaste), C-vitamiinia sek\u00e4 mangaania ja luteiini. Antosyanosidit ovat pigmenttej\u00e4 (erilaisia), jotka antavat mustikoiden v\u00e4rin. Marjojen antosyaaniglykosidit est\u00e4v\u00e4t verihyytymien muodostumista ja parantavat my\u00f6s silm\u00e4n kyky\u00e4 mukautua nopeasti n\u00e4\u00f6ntarkkuuteen h\u00e4m\u00e4r\u00e4n\u00e4\u00f6n heikkeneess\u00e4.<\/p>\n<p>Keltainen karotenoidiluteiini suojaa silm\u00e4mme verkkokalvoa lyhytaaltoiselta siniselt\u00e4 valolta. [<strong>huomautus<\/strong>] korkeita pitoisuuksia l\u00f6ytyy lehtikaalista, pinaatista ja persiljasta]. Silm\u00e4sairaudessa, silm\u00e4npohjan rappeutumassa, luteiinin (ja zeaksantiinin) m\u00e4\u00e4r\u00e4 verkkokalvon keltaisessa t\u00e4pl\u00e4ss\u00e4 (makulassa) v\u00e4henee, ja sairaus on yksi yleisimmist\u00e4 syist\u00e4, miksi usein i\u00e4kk\u00e4iden n\u00e4k\u00f6 heikkenee. Vuoden kest\u00e4neess\u00e4 amerikkalaisessa tutkimuksessa 90 potilasta, joilla oli silm\u00e4npohjan rappeuma, jaettiin kolmeen ryhm\u00e4\u00e4n. Vuoden kuluttua mitattiin luteiinin ja zeaksantiinin m\u00e4\u00e4r\u00e4 makulassa, n\u00e4\u00f6ntarkkuus ja kontrastin\u00e4k\u00f6. Osallistujien oli my\u00f6s vastattava kysymyksiin, miten he kokivat oman n\u00e4kemyksens\u00e4. Kaikissa kohdissa kaksi luteiinilis\u00e4\u00e4 tai luteiinia yhdess\u00e4 vitamiinien ja kivenn\u00e4isaineiden kanssa saaneet ryhm\u00e4t olivat parantuneet, kun taas sokeripillereit\u00e4 saaneessa kontrolliryhm\u00e4ss\u00e4 ei havaittu parannusta. Tutkijat p\u00e4\u00e4tteliv\u00e4t, ett\u00e4 luteiinin tai luteiinin lis\u00e4\u00e4minen yhdess\u00e4 vitamiinien ja kivenn\u00e4isaineiden kanssa johti selke\u00e4\u00e4n parantumiseen.<\/p>\n<\/div>\n","protected":false},"excerpt":{"rendered":"<p>Lamberts Eyewise on ainutlaatuinen luteiinin, mustikan ja ryp\u00e4leen siemenuute kompleksi ravintolis\u00e4, joka on eritt\u00e4in korkealaatuinen. N\u00e4ill\u00e4 niin kutsutuilla karotenoideilla on monia antioksidanttisia ominaisuuksia.<\/p>\n<p><strong>60 tablettia<\/strong><\/p>\n","protected":false},"featured_media":10490,"comment_status":"closed","ping_status":"closed","template":"","meta":{"_acf_changed":false,"inline_featured_image":false,"_kad_blocks_custom_css":"","_kad_blocks_head_custom_js":"","_kad_blocks_body_custom_js":"","_kad_blocks_footer_custom_js":"","_kadence_starter_templates_imported_post":false,"_kad_post_transparent":"default","_kad_post_title":"","_kad_post_layout":"default","_kad_post_sidebar_id":"","_kad_post_content_style":"default","_kad_post_vertical_padding":"default","_kad_post_feature":"","_kad_post_feature_position":"","_kad_post_header":false,"_kad_post_footer":false},"product_brand":[],"product_cat":[141,5978,2444],"product_tag":[4841,4847,4848,2914,4846,4844,4850,4842,4854,4857,4858,4856,1630,4852,4849,4855,4845,4851,4853,4843],"class_list":{"0":"post-10492","1":"product","2":"type-product","3":"status-publish","4":"has-post-thumbnail","6":"product_cat-orter-fi","7":"product_cat-multi-produkter-fi","8":"product_cat-lamberts-fi","9":"product_tag-amd-fi","10":"product_tag-antioksidanttinen-suoja","11":"product_tag-ikaan-liittyva-silmanpohjan-rappeuma","12":"product_tag-luteiini","13":"product_tag-makulan-terveytta","14":"product_tag-meso-zeaksantiini","15":"product_tag-naon-apuvaline","16":"product_tag-naontarkkuus","17":"product_tag-silmanhoito","18":"product_tag-silmien-antioksidantteja","19":"product_tag-silmien-mukavuutta","20":"product_tag-silmien-suojaus","21":"product_tag-silmien-terveytta","22":"product_tag-silmien-tuki","23":"product_tag-silmien-vasymys","24":"product_tag-silmien-vitamiinit","25":"product_tag-sinivalo","26":"product_tag-verkkokalvon-terveytta","27":"product_tag-visuaalinen-toiminto","28":"product_tag-zeaksantiini-fi","30":"first","31":"instock","32":"taxable","33":"shipping-taxable","34":"purchasable","35":"product-type-simple","36":"entry","37":"content-bg","38":"loop-entry"},"acf":[],"yoast_head":"<!-- This site is optimized with the Yoast SEO plugin v25.8 - https:\/\/yoast.com\/wordpress\/plugins\/seo\/ -->\n<title>EYEWISE - Lamberts - Reviva<\/title>\n<meta name=\"description\" content=\"EYEWISE - Lamberts tukee silmien terveytt\u00e4 luteiinilla, zeaksantiinilla ja muilla antioksidanteilla. Suojaa oksidatiiviselta stressilt\u00e4 ja tukee n\u00e4k\u00f6kyky\u00e4.\" \/>\n<meta name=\"robots\" content=\"index, follow, max-snippet:-1, max-image-preview:large, max-video-preview:-1\" \/>\n<link rel=\"canonical\" href=\"https:\/\/reviva.fi\/fi\/tuote\/eyewise-lamberts\/\" \/>\n<meta property=\"og:locale\" content=\"fi_FI\" \/>\n<meta property=\"og:type\" content=\"article\" \/>\n<meta property=\"og:title\" content=\"EYEWISE - Lamberts - Reviva\" \/>\n<meta property=\"og:description\" content=\"EYEWISE - Lamberts tukee silmien terveytt\u00e4 luteiinilla, zeaksantiinilla ja muilla antioksidanteilla. Suojaa oksidatiiviselta stressilt\u00e4 ja tukee n\u00e4k\u00f6kyky\u00e4.\" \/>\n<meta property=\"og:url\" content=\"https:\/\/reviva.fi\/fi\/tuote\/eyewise-lamberts\/\" \/>\n<meta property=\"og:site_name\" content=\"Reviva\" \/>\n<meta property=\"article:modified_time\" content=\"2025-02-03T12:54:03+00:00\" \/>\n<meta property=\"og:image\" content=\"https:\/\/reviva.fi\/wp-content\/uploads\/2025\/01\/8581-60-EYEWISE.jpg\" \/>\n\t<meta property=\"og:image:width\" content=\"780\" \/>\n\t<meta property=\"og:image:height\" content=\"780\" \/>\n\t<meta property=\"og:image:type\" content=\"image\/jpeg\" \/>\n<meta name=\"twitter:card\" content=\"summary_large_image\" \/>\n<script type=\"application\/ld+json\" class=\"yoast-schema-graph\">{\"@context\":\"https:\/\/schema.org\",\"@graph\":[{\"@type\":\"WebPage\",\"@id\":\"https:\/\/reviva.fi\/fi\/tuote\/eyewise-lamberts\/\",\"url\":\"https:\/\/reviva.fi\/fi\/tuote\/eyewise-lamberts\/\",\"name\":\"EYEWISE - Lamberts - Reviva\",\"isPartOf\":{\"@id\":\"https:\/\/reviva.fi\/fi\/#website\"},\"primaryImageOfPage\":{\"@id\":\"https:\/\/reviva.fi\/fi\/tuote\/eyewise-lamberts\/#primaryimage\"},\"image\":{\"@id\":\"https:\/\/reviva.fi\/fi\/tuote\/eyewise-lamberts\/#primaryimage\"},\"thumbnailUrl\":\"https:\/\/reviva.fi\/wp-content\/uploads\/2025\/01\/8581-60-EYEWISE.jpg\",\"datePublished\":\"2025-01-20T13:37:57+00:00\",\"dateModified\":\"2025-02-03T12:54:03+00:00\",\"description\":\"EYEWISE - Lamberts tukee silmien terveytt\u00e4 luteiinilla, zeaksantiinilla ja muilla antioksidanteilla. Suojaa oksidatiiviselta stressilt\u00e4 ja tukee n\u00e4k\u00f6kyky\u00e4.\",\"breadcrumb\":{\"@id\":\"https:\/\/reviva.fi\/fi\/tuote\/eyewise-lamberts\/#breadcrumb\"},\"inLanguage\":\"fi\",\"potentialAction\":[{\"@type\":\"ReadAction\",\"target\":[\"https:\/\/reviva.fi\/fi\/tuote\/eyewise-lamberts\/\"]}]},{\"@type\":\"ImageObject\",\"inLanguage\":\"fi\",\"@id\":\"https:\/\/reviva.fi\/fi\/tuote\/eyewise-lamberts\/#primaryimage\",\"url\":\"https:\/\/reviva.fi\/wp-content\/uploads\/2025\/01\/8581-60-EYEWISE.jpg\",\"contentUrl\":\"https:\/\/reviva.fi\/wp-content\/uploads\/2025\/01\/8581-60-EYEWISE.jpg\",\"width\":780,\"height\":780,\"caption\":\"EYEWISE - Lamberts\"},{\"@type\":\"BreadcrumbList\",\"@id\":\"https:\/\/reviva.fi\/fi\/tuote\/eyewise-lamberts\/#breadcrumb\",\"itemListElement\":[{\"@type\":\"ListItem\",\"position\":1,\"name\":\"Etusivu\",\"item\":\"https:\/\/reviva.fi\/fi\/\"},{\"@type\":\"ListItem\",\"position\":2,\"name\":\"Tuotteet\",\"item\":\"https:\/\/reviva.fi\/produkter\/\"},{\"@type\":\"ListItem\",\"position\":3,\"name\":\"EYEWISE &#8211; Lamberts\"}]},{\"@type\":\"WebSite\",\"@id\":\"https:\/\/reviva.fi\/fi\/#website\",\"url\":\"https:\/\/reviva.fi\/fi\/\",\"name\":\"Reviva\",\"description\":\"\",\"publisher\":{\"@id\":\"https:\/\/reviva.fi\/fi\/#organization\"},\"potentialAction\":[{\"@type\":\"SearchAction\",\"target\":{\"@type\":\"EntryPoint\",\"urlTemplate\":\"https:\/\/reviva.fi\/fi\/?s={search_term_string}\"},\"query-input\":{\"@type\":\"PropertyValueSpecification\",\"valueRequired\":true,\"valueName\":\"search_term_string\"}}],\"inLanguage\":\"fi\"},{\"@type\":\"Organization\",\"@id\":\"https:\/\/reviva.fi\/fi\/#organization\",\"name\":\"Reviva\",\"url\":\"https:\/\/reviva.fi\/fi\/\",\"logo\":{\"@type\":\"ImageObject\",\"inLanguage\":\"fi\",\"@id\":\"https:\/\/reviva.fi\/fi\/#\/schema\/logo\/image\/\",\"url\":\"https:\/\/reviva.fi\/wp-content\/uploads\/2023\/10\/reviva-logo2.svg\",\"contentUrl\":\"https:\/\/reviva.fi\/wp-content\/uploads\/2023\/10\/reviva-logo2.svg\",\"caption\":\"Reviva\"},\"image\":{\"@id\":\"https:\/\/reviva.fi\/fi\/#\/schema\/logo\/image\/\"}}]}<\/script>\n<meta property=\"product:price:amount\" content=\"40.40\" \/>\n<meta property=\"product:price:currency\" content=\"EUR\" \/>\n<meta property=\"og:availability\" content=\"instock\" \/>\n<meta property=\"product:availability\" content=\"instock\" \/>\n<meta property=\"product:retailer_item_id\" content=\"8581-60\" \/>\n<meta property=\"product:condition\" content=\"new\" \/>\n<!-- \/ Yoast SEO plugin. -->","yoast_head_json":{"title":"EYEWISE - Lamberts - Reviva","description":"EYEWISE - Lamberts tukee silmien terveytt\u00e4 luteiinilla, zeaksantiinilla ja muilla antioksidanteilla. Suojaa oksidatiiviselta stressilt\u00e4 ja tukee n\u00e4k\u00f6kyky\u00e4.","robots":{"index":"index","follow":"follow","max-snippet":"max-snippet:-1","max-image-preview":"max-image-preview:large","max-video-preview":"max-video-preview:-1"},"canonical":"https:\/\/reviva.fi\/fi\/tuote\/eyewise-lamberts\/","og_locale":"fi_FI","og_type":"article","og_title":"EYEWISE - Lamberts - Reviva","og_description":"EYEWISE - Lamberts tukee silmien terveytt\u00e4 luteiinilla, zeaksantiinilla ja muilla antioksidanteilla. Suojaa oksidatiiviselta stressilt\u00e4 ja tukee n\u00e4k\u00f6kyky\u00e4.","og_url":"https:\/\/reviva.fi\/fi\/tuote\/eyewise-lamberts\/","og_site_name":"Reviva","article_modified_time":"2025-02-03T12:54:03+00:00","og_image":[{"width":780,"height":780,"url":"https:\/\/reviva.fi\/wp-content\/uploads\/2025\/01\/8581-60-EYEWISE.jpg","type":"image\/jpeg"}],"twitter_card":"summary_large_image","schema":{"@context":"https:\/\/schema.org","@graph":[{"@type":"WebPage","@id":"https:\/\/reviva.fi\/fi\/tuote\/eyewise-lamberts\/","url":"https:\/\/reviva.fi\/fi\/tuote\/eyewise-lamberts\/","name":"EYEWISE - Lamberts - Reviva","isPartOf":{"@id":"https:\/\/reviva.fi\/fi\/#website"},"primaryImageOfPage":{"@id":"https:\/\/reviva.fi\/fi\/tuote\/eyewise-lamberts\/#primaryimage"},"image":{"@id":"https:\/\/reviva.fi\/fi\/tuote\/eyewise-lamberts\/#primaryimage"},"thumbnailUrl":"https:\/\/reviva.fi\/wp-content\/uploads\/2025\/01\/8581-60-EYEWISE.jpg","datePublished":"2025-01-20T13:37:57+00:00","dateModified":"2025-02-03T12:54:03+00:00","description":"EYEWISE - Lamberts tukee silmien terveytt\u00e4 luteiinilla, zeaksantiinilla ja muilla antioksidanteilla. Suojaa oksidatiiviselta stressilt\u00e4 ja tukee n\u00e4k\u00f6kyky\u00e4.","breadcrumb":{"@id":"https:\/\/reviva.fi\/fi\/tuote\/eyewise-lamberts\/#breadcrumb"},"inLanguage":"fi","potentialAction":[{"@type":"ReadAction","target":["https:\/\/reviva.fi\/fi\/tuote\/eyewise-lamberts\/"]}]},{"@type":"ImageObject","inLanguage":"fi","@id":"https:\/\/reviva.fi\/fi\/tuote\/eyewise-lamberts\/#primaryimage","url":"https:\/\/reviva.fi\/wp-content\/uploads\/2025\/01\/8581-60-EYEWISE.jpg","contentUrl":"https:\/\/reviva.fi\/wp-content\/uploads\/2025\/01\/8581-60-EYEWISE.jpg","width":780,"height":780,"caption":"EYEWISE - Lamberts"},{"@type":"BreadcrumbList","@id":"https:\/\/reviva.fi\/fi\/tuote\/eyewise-lamberts\/#breadcrumb","itemListElement":[{"@type":"ListItem","position":1,"name":"Etusivu","item":"https:\/\/reviva.fi\/fi\/"},{"@type":"ListItem","position":2,"name":"Tuotteet","item":"https:\/\/reviva.fi\/produkter\/"},{"@type":"ListItem","position":3,"name":"EYEWISE &#8211; Lamberts"}]},{"@type":"WebSite","@id":"https:\/\/reviva.fi\/fi\/#website","url":"https:\/\/reviva.fi\/fi\/","name":"Reviva","description":"","publisher":{"@id":"https:\/\/reviva.fi\/fi\/#organization"},"potentialAction":[{"@type":"SearchAction","target":{"@type":"EntryPoint","urlTemplate":"https:\/\/reviva.fi\/fi\/?s={search_term_string}"},"query-input":{"@type":"PropertyValueSpecification","valueRequired":true,"valueName":"search_term_string"}}],"inLanguage":"fi"},{"@type":"Organization","@id":"https:\/\/reviva.fi\/fi\/#organization","name":"Reviva","url":"https:\/\/reviva.fi\/fi\/","logo":{"@type":"ImageObject","inLanguage":"fi","@id":"https:\/\/reviva.fi\/fi\/#\/schema\/logo\/image\/","url":"https:\/\/reviva.fi\/wp-content\/uploads\/2023\/10\/reviva-logo2.svg","contentUrl":"https:\/\/reviva.fi\/wp-content\/uploads\/2023\/10\/reviva-logo2.svg","caption":"Reviva"},"image":{"@id":"https:\/\/reviva.fi\/fi\/#\/schema\/logo\/image\/"}}]},"product_price_amount":"40.40","product_price_currency":"EUR","og_availability":"instock","product_availability":"instock","product_retailer_item_id":"8581-60","product_condition":"new"},"taxonomy_info":{"product_cat":[{"value":141,"label":"Yrtit"},{"value":5978,"label":"Multi tuotteet"},{"value":2444,"label":"Lamberts"}],"product_tag":[{"value":4841,"label":"AMD"},{"value":4847,"label":"antioksidanttinen suoja"},{"value":4848,"label":"ik\u00e4\u00e4n liittyv\u00e4 silm\u00e4npohjan rappeuma"},{"value":2914,"label":"Luteiini"},{"value":4846,"label":"makulan terveytt\u00e4"},{"value":4844,"label":"meso-zeaksantiini"},{"value":4850,"label":"n\u00e4\u00f6n apuv\u00e4line"},{"value":4842,"label":"n\u00e4\u00f6ntarkkuus"},{"value":4854,"label":"silm\u00e4nhoito"},{"value":4857,"label":"silmien antioksidantteja"},{"value":4858,"label":"silmien mukavuutta"},{"value":4856,"label":"silmien suojaus"},{"value":1630,"label":"silmien terveytt\u00e4"},{"value":4852,"label":"silmien tuki"},{"value":4849,"label":"silmien v\u00e4symys"},{"value":4855,"label":"silmien vitamiinit"},{"value":4845,"label":"Sinivalo"},{"value":4851,"label":"verkkokalvon terveytt\u00e4"},{"value":4853,"label":"visuaalinen toiminto"},{"value":4843,"label":"zeaksantiini"}]},"featured_image_src_large":["https:\/\/reviva.fi\/wp-content\/uploads\/2025\/01\/8581-60-EYEWISE.jpg",780,780,false],"author_info":[],"comment_info":0,"_links":{"self":[{"href":"https:\/\/reviva.fi\/fi\/wp-json\/wp\/v2\/product\/10492","targetHints":{"allow":["GET"]}}],"collection":[{"href":"https:\/\/reviva.fi\/fi\/wp-json\/wp\/v2\/product"}],"about":[{"href":"https:\/\/reviva.fi\/fi\/wp-json\/wp\/v2\/types\/product"}],"replies":[{"embeddable":true,"href":"https:\/\/reviva.fi\/fi\/wp-json\/wp\/v2\/comments?post=10492"}],"wp:featuredmedia":[{"embeddable":true,"href":"https:\/\/reviva.fi\/fi\/wp-json\/wp\/v2\/media\/10490"}],"wp:attachment":[{"href":"https:\/\/reviva.fi\/fi\/wp-json\/wp\/v2\/media?parent=10492"}],"wp:term":[{"taxonomy":"product_brand","embeddable":true,"href":"https:\/\/reviva.fi\/fi\/wp-json\/wp\/v2\/product_brand?post=10492"},{"taxonomy":"product_cat","embeddable":true,"href":"https:\/\/reviva.fi\/fi\/wp-json\/wp\/v2\/product_cat?post=10492"},{"taxonomy":"product_tag","embeddable":true,"href":"https:\/\/reviva.fi\/fi\/wp-json\/wp\/v2\/product_tag?post=10492"}],"curies":[{"name":"wp","href":"https:\/\/api.w.org\/{rel}","templated":true}]}}