{"id":10500,"date":"2025-01-21T13:32:11","date_gmt":"2025-01-21T11:32:11","guid":{"rendered":"https:\/\/reviva.fi\/product\/vitamin-a-5000iu\/"},"modified":"2026-05-03T19:42:07","modified_gmt":"2026-05-03T16:42:07","slug":"vitamin-a-5000iu-lamberts","status":"publish","type":"product","link":"https:\/\/reviva.fi\/fi\/tuote\/vitamin-a-5000iu-lamberts\/","title":{"rendered":"Vitamin A 5000iu &#8211; Lamberts"},"content":{"rendered":"<p data-start=\"70\" data-end=\"105\"><strong data-start=\"70\" data-end=\"105\">Sis\u00e4lt\u00e4\u00e4 5000 IU per 2 kapselia<\/strong><\/p>\n<p data-start=\"107\" data-end=\"131\"><strong data-start=\"107\" data-end=\"131\">A-vitamiini edist\u00e4\u00e4:<\/strong><\/p>\n<ul data-start=\"132\" data-end=\"283\">\n<li data-start=\"132\" data-end=\"177\">\n<p data-start=\"134\" data-end=\"177\">normaalin ihon ja limakalvojen s\u00e4ilymist\u00e4<\/p>\n<\/li>\n<li data-start=\"178\" data-end=\"201\">\n<p data-start=\"180\" data-end=\"201\">normaalia n\u00e4k\u00f6kyky\u00e4<\/p>\n<\/li>\n<li data-start=\"202\" data-end=\"245\">\n<p data-start=\"204\" data-end=\"245\">immuunij\u00e4rjestelm\u00e4n normaalia toimintaa<\/p>\n<\/li>\n<li data-start=\"246\" data-end=\"283\">\n<p data-start=\"248\" data-end=\"283\">normaalia raudan aineenvaihduntaa<\/p>\n<\/li>\n<\/ul>\n<p data-start=\"285\" data-end=\"534\"><strong data-start=\"285\" data-end=\"319\">A-vitamiini palmitattimuodossa<\/strong><br data-start=\"319\" data-end=\"322\" \/>A-vitamiini on t\u00e4ss\u00e4 tuotteessa palmitattimuodossa, joka on retinoidi (retinoli). T\u00e4m\u00e4 tarkoittaa, ett\u00e4 muoto on hyvin biologisesti hy\u00f6dynnett\u00e4v\u00e4 \u2013 elimist\u00f6 imee sen helposti ja pystyy k\u00e4ytt\u00e4m\u00e4\u00e4n sen tehokkaasti.<\/p>\n<p data-start=\"536\" data-end=\"672\"><strong data-start=\"536\" data-end=\"567\">Parempaa imeytymist\u00e4 varten<\/strong><br data-start=\"567\" data-end=\"570\" \/>Kapselit on suspendoitu auringonkukka\u00f6ljyyn, mik\u00e4 edist\u00e4\u00e4 t\u00e4m\u00e4n rasvaliukoisen vitamiinin imeytymist\u00e4.<\/p>\n<p data-start=\"674\" data-end=\"713\"><strong data-start=\"674\" data-end=\"713\">Sopii kasvissy\u00f6jille ja vegaaneille<\/strong><\/p>\n<p data-start=\"715\" data-end=\"1007\"><strong data-start=\"715\" data-end=\"738\">Lamberts\u00ae Vitamin A<\/strong> on korkealaatuinen ravintolis\u00e4, joka sis\u00e4lt\u00e4\u00e4 5000 IU A-vitamiinia per 2 kapselia palmitattimuodossa. Toisin kuin jotkin muut A-vitamiinin muodot, palmitatti on aktiivinen retinoidi, mink\u00e4 ansiosta elimist\u00f6 pystyy imeytt\u00e4m\u00e4\u00e4n ja hy\u00f6dynt\u00e4m\u00e4\u00e4n ravintoaineen tehokkaasti.<\/p>\n<p data-start=\"1009\" data-end=\"1389\">A-vitamiini on rasvaliukoinen vitamiini, jota esiintyy luontaisesti esimerkiksi kalanmaksa\u00f6ljyss\u00e4 ja rasvaisessa kalassa sek\u00e4 provitamiini A:na oransseissa ja keltaisissa hedelmiss\u00e4 ja vihanneksissa. Se tunnetaan erityisesti roolistaan n\u00e4k\u00f6prosessissa, jossa se osallistuu verkkokalvon n\u00e4k\u00f6pigmenttien muodostumiseen, mutta on my\u00f6s t\u00e4rke\u00e4 epiteelikudosten kasvulle ja toiminnalle.<\/p>\n<p data-start=\"1391\" data-end=\"1612\">A-vitamiinilla on monia t\u00e4rkeit\u00e4 teht\u00e4vi\u00e4 elimist\u00f6ss\u00e4. Se edist\u00e4\u00e4 muun muassa normaalin ihon ja limakalvojen s\u00e4ilymist\u00e4, normaalia n\u00e4k\u00f6kyky\u00e4, immuunij\u00e4rjestelm\u00e4n normaalia toimintaa sek\u00e4 normaalia raudan aineenvaihduntaa.<\/p>\n<p data-start=\"1614\" data-end=\"1710\">Kapselit on suunniteltu helposti imeytyviksi ja ne sopivat sek\u00e4 kasvissy\u00f6jille ett\u00e4 vegaaneille.<\/p>\n","protected":false},"excerpt":{"rendered":"<div class=\"flex flex-col text-sm pb-25\">\n<article class=\"text-token-text-primary w-full focus:outline-none [--shadow-height:45px] has-data-writing-block:pointer-events-none has-data-writing-block:-mt-(--shadow-height) has-data-writing-block:pt-(--shadow-height) [&amp;:has([data-writing-block])&gt;*]:pointer-events-auto scroll-mt-[calc(var(--header-height)+min(200px,max(70px,20svh)))]\" dir=\"auto\" tabindex=\"-1\" data-turn-id=\"request-WEB:7588ae75-7d26-4cd1-816a-fdf649d817b9-5\" data-testid=\"conversation-turn-8\" data-scroll-anchor=\"true\" data-turn=\"assistant\">\n<div class=\"text-base my-auto mx-auto pb-10 [--thread-content-margin:--spacing(4)] @w-sm\/main:[--thread-content-margin:--spacing(6)] @w-lg\/main:[--thread-content-margin:--spacing(16)] px-(--thread-content-margin)\">\n<div class=\"[--thread-content-max-width:40rem] @w-lg\/main:[--thread-content-max-width:48rem] mx-auto max-w-(--thread-content-max-width) flex-1 group\/turn-messages focus-visible:outline-hidden relative flex w-full min-w-0 flex-col agent-turn\" tabindex=\"-1\">\n<div class=\"flex max-w-full flex-col grow\">\n<div class=\"min-h-8 text-message relative flex w-full flex-col items-end gap-2 text-start break-words whitespace-normal [.text-message+&amp;]:mt-1\" dir=\"auto\" data-message-author-role=\"assistant\" data-message-id=\"6c03d99f-9c58-4935-af07-b1eb668ff475\" data-message-model-slug=\"gpt-5-2\">\n<div class=\"flex w-full flex-col gap-1 empty:hidden first:pt-[1px]\">\n<div class=\"markdown prose dark:prose-invert w-full wrap-break-word light markdown-new-styling\">\n<p data-start=\"0\" data-end=\"339\" data-is-last-node=\"\" data-is-only-node=\"\">A-vitamiinilla on laaja vaikutusalue, ja se edist\u00e4\u00e4 normaalin ihon ja limakalvojen s\u00e4ilymist\u00e4, normaalia n\u00e4k\u00f6kyky\u00e4, solujen normaalia toimintaa, immuunij\u00e4rjestelm\u00e4n normaalia toimintaa sek\u00e4 normaalia raudan aineenvaihduntaa. A-vitamiini on palmitattimuodossa ja suspendoitu auringonkukka\u00f6ljyyn optimaalisen imeytymisen varmistamiseksi.<\/p>\n<\/div>\n<\/div>\n<\/div>\n<\/div>\n<div class=\"z-0 flex min-h-[46px] justify-start\"><\/div>\n<\/div>\n<\/div>\n<\/article>\n<\/div>\n<p><strong>120 kapselia<\/strong><\/p>\n","protected":false},"featured_media":10498,"comment_status":"closed","ping_status":"closed","template":"","meta":{"_acf_changed":false,"inline_featured_image":false,"_kad_blocks_custom_css":"","_kad_blocks_head_custom_js":"","_kad_blocks_body_custom_js":"","_kad_blocks_footer_custom_js":"","_kadence_starter_templates_imported_post":false,"_kad_post_transparent":"default","_kad_post_title":"","_kad_post_layout":"default","_kad_post_sidebar_id":"","_kad_post_content_style":"default","_kad_post_vertical_padding":"default","_kad_post_feature":"","_kad_post_feature_position":"","_kad_post_header":false,"_kad_post_footer":false},"product_brand":[],"product_cat":[96,5959,2444,2350],"product_tag":[4834,414,4833,3484,2936,3375,4772,4832,3476,3385,444,4445,4837,3171,476,4475,4840,4835,4793,1630,4836,4839,4838],"class_list":{"0":"post-10500","1":"product","2":"type-product","3":"status-publish","4":"has-post-thumbnail","6":"product_cat-vitaminer-fi","7":"product_cat-a-vitamin-fi","8":"product_cat-lamberts-fi","9":"product_cat-hud-och-skonhet-fi","10":"product_tag-5000-iu-fi","11":"product_tag-a-vitamiini","12":"product_tag-a-vitamiini-lamberts","13":"product_tag-anti-aging-fi","14":"product_tag-antioksidantit","15":"product_tag-dagligt-tillskott-fi","16":"product_tag-elinvoimaisuus","17":"product_tag-hiukset-ja-kynnet","18":"product_tag-hudforyngring-fi","19":"product_tag-hudhalsa-fi","20":"product_tag-immuunijarjestelma","21":"product_tag-kasviskapselit","22":"product_tag-kuiva-iho","23":"product_tag-limakalvot","24":"product_tag-lisaravinne","25":"product_tag-naon-terveys","26":"product_tag-parempi-nakokyky","27":"product_tag-raudan-aineenvaihdunta","28":"product_tag-ravintolisat","29":"product_tag-silmien-terveytta","30":"product_tag-solujen-terveys","31":"product_tag-suuriannoksinen-a-vitamiini","32":"product_tag-vahvempi-immuunijarjestelma","34":"first","35":"instock","36":"taxable","37":"shipping-taxable","38":"purchasable","39":"product-type-simple","40":"entry","41":"content-bg","42":"loop-entry"},"acf":[],"yoast_head":"<!-- This site is optimized with the Yoast SEO plugin v25.8 - https:\/\/yoast.com\/wordpress\/plugins\/seo\/ -->\n<title>Vitamin A 5000iu - Lamberts - Reviva<\/title>\n<meta name=\"description\" content=\"A-vitamiini 5000iu - Lamberts Tukee normaalia n\u00e4k\u00f6\u00e4, vahvistaa immuunij\u00e4rjestelm\u00e4\u00e4 ja edist\u00e4\u00e4 tervett\u00e4 ihoa. Laadukas lis\u00e4aine hyvinvoinnillesi.\" \/>\n<meta name=\"robots\" content=\"index, follow, max-snippet:-1, max-image-preview:large, max-video-preview:-1\" \/>\n<link rel=\"canonical\" href=\"https:\/\/reviva.fi\/fi\/tuote\/vitamin-a-5000iu-lamberts\/\" \/>\n<meta property=\"og:locale\" content=\"fi_FI\" \/>\n<meta property=\"og:type\" content=\"article\" \/>\n<meta property=\"og:title\" content=\"Vitamin A 5000iu - Lamberts - Reviva\" \/>\n<meta property=\"og:description\" content=\"A-vitamiini 5000iu - Lamberts Tukee normaalia n\u00e4k\u00f6\u00e4, vahvistaa immuunij\u00e4rjestelm\u00e4\u00e4 ja edist\u00e4\u00e4 tervett\u00e4 ihoa. Laadukas lis\u00e4aine hyvinvoinnillesi.\" \/>\n<meta property=\"og:url\" content=\"https:\/\/reviva.fi\/fi\/tuote\/vitamin-a-5000iu-lamberts\/\" \/>\n<meta property=\"og:site_name\" content=\"Reviva\" \/>\n<meta property=\"article:modified_time\" content=\"2026-05-03T16:42:07+00:00\" \/>\n<meta property=\"og:image\" content=\"https:\/\/reviva.fi\/wp-content\/uploads\/2025\/01\/8017-120-Vitamin-A.jpg\" \/>\n\t<meta property=\"og:image:width\" content=\"780\" \/>\n\t<meta property=\"og:image:height\" content=\"780\" \/>\n\t<meta property=\"og:image:type\" content=\"image\/jpeg\" \/>\n<meta name=\"twitter:card\" content=\"summary_large_image\" \/>\n<script type=\"application\/ld+json\" class=\"yoast-schema-graph\">{\"@context\":\"https:\/\/schema.org\",\"@graph\":[{\"@type\":\"WebPage\",\"@id\":\"https:\/\/reviva.fi\/fi\/tuote\/vitamin-a-5000iu-lamberts\/\",\"url\":\"https:\/\/reviva.fi\/fi\/tuote\/vitamin-a-5000iu-lamberts\/\",\"name\":\"Vitamin A 5000iu - Lamberts - Reviva\",\"isPartOf\":{\"@id\":\"https:\/\/reviva.fi\/fi\/#website\"},\"primaryImageOfPage\":{\"@id\":\"https:\/\/reviva.fi\/fi\/tuote\/vitamin-a-5000iu-lamberts\/#primaryimage\"},\"image\":{\"@id\":\"https:\/\/reviva.fi\/fi\/tuote\/vitamin-a-5000iu-lamberts\/#primaryimage\"},\"thumbnailUrl\":\"https:\/\/reviva.fi\/wp-content\/uploads\/2025\/01\/8017-120-Vitamin-A.jpg\",\"datePublished\":\"2025-01-21T11:32:11+00:00\",\"dateModified\":\"2026-05-03T16:42:07+00:00\",\"description\":\"A-vitamiini 5000iu - Lamberts Tukee normaalia n\u00e4k\u00f6\u00e4, vahvistaa immuunij\u00e4rjestelm\u00e4\u00e4 ja edist\u00e4\u00e4 tervett\u00e4 ihoa. Laadukas lis\u00e4aine hyvinvoinnillesi.\",\"breadcrumb\":{\"@id\":\"https:\/\/reviva.fi\/fi\/tuote\/vitamin-a-5000iu-lamberts\/#breadcrumb\"},\"inLanguage\":\"fi\",\"potentialAction\":[{\"@type\":\"ReadAction\",\"target\":[\"https:\/\/reviva.fi\/fi\/tuote\/vitamin-a-5000iu-lamberts\/\"]}]},{\"@type\":\"ImageObject\",\"inLanguage\":\"fi\",\"@id\":\"https:\/\/reviva.fi\/fi\/tuote\/vitamin-a-5000iu-lamberts\/#primaryimage\",\"url\":\"https:\/\/reviva.fi\/wp-content\/uploads\/2025\/01\/8017-120-Vitamin-A.jpg\",\"contentUrl\":\"https:\/\/reviva.fi\/wp-content\/uploads\/2025\/01\/8017-120-Vitamin-A.jpg\",\"width\":780,\"height\":780,\"caption\":\"Vitamin A 5000iu - Lamberts\"},{\"@type\":\"BreadcrumbList\",\"@id\":\"https:\/\/reviva.fi\/fi\/tuote\/vitamin-a-5000iu-lamberts\/#breadcrumb\",\"itemListElement\":[{\"@type\":\"ListItem\",\"position\":1,\"name\":\"Etusivu\",\"item\":\"https:\/\/reviva.fi\/fi\/\"},{\"@type\":\"ListItem\",\"position\":2,\"name\":\"Tuotteet\",\"item\":\"https:\/\/reviva.fi\/produkter\/\"},{\"@type\":\"ListItem\",\"position\":3,\"name\":\"Vitamin A 5000iu &#8211; Lamberts\"}]},{\"@type\":\"WebSite\",\"@id\":\"https:\/\/reviva.fi\/fi\/#website\",\"url\":\"https:\/\/reviva.fi\/fi\/\",\"name\":\"Reviva\",\"description\":\"\",\"publisher\":{\"@id\":\"https:\/\/reviva.fi\/fi\/#organization\"},\"potentialAction\":[{\"@type\":\"SearchAction\",\"target\":{\"@type\":\"EntryPoint\",\"urlTemplate\":\"https:\/\/reviva.fi\/fi\/?s={search_term_string}\"},\"query-input\":{\"@type\":\"PropertyValueSpecification\",\"valueRequired\":true,\"valueName\":\"search_term_string\"}}],\"inLanguage\":\"fi\"},{\"@type\":\"Organization\",\"@id\":\"https:\/\/reviva.fi\/fi\/#organization\",\"name\":\"Reviva\",\"url\":\"https:\/\/reviva.fi\/fi\/\",\"logo\":{\"@type\":\"ImageObject\",\"inLanguage\":\"fi\",\"@id\":\"https:\/\/reviva.fi\/fi\/#\/schema\/logo\/image\/\",\"url\":\"https:\/\/reviva.fi\/wp-content\/uploads\/2023\/10\/reviva-logo2.svg\",\"contentUrl\":\"https:\/\/reviva.fi\/wp-content\/uploads\/2023\/10\/reviva-logo2.svg\",\"caption\":\"Reviva\"},\"image\":{\"@id\":\"https:\/\/reviva.fi\/fi\/#\/schema\/logo\/image\/\"}}]}<\/script>\n<meta property=\"product:price:amount\" content=\"21.75\" \/>\n<meta property=\"product:price:currency\" content=\"EUR\" \/>\n<meta property=\"og:availability\" content=\"instock\" \/>\n<meta property=\"product:availability\" content=\"instock\" \/>\n<meta property=\"product:retailer_item_id\" content=\"8017-120\" \/>\n<meta property=\"product:condition\" content=\"new\" \/>\n<!-- \/ Yoast SEO plugin. -->","yoast_head_json":{"title":"Vitamin A 5000iu - Lamberts - Reviva","description":"A-vitamiini 5000iu - Lamberts Tukee normaalia n\u00e4k\u00f6\u00e4, vahvistaa immuunij\u00e4rjestelm\u00e4\u00e4 ja edist\u00e4\u00e4 tervett\u00e4 ihoa. Laadukas lis\u00e4aine hyvinvoinnillesi.","robots":{"index":"index","follow":"follow","max-snippet":"max-snippet:-1","max-image-preview":"max-image-preview:large","max-video-preview":"max-video-preview:-1"},"canonical":"https:\/\/reviva.fi\/fi\/tuote\/vitamin-a-5000iu-lamberts\/","og_locale":"fi_FI","og_type":"article","og_title":"Vitamin A 5000iu - Lamberts - Reviva","og_description":"A-vitamiini 5000iu - Lamberts Tukee normaalia n\u00e4k\u00f6\u00e4, vahvistaa immuunij\u00e4rjestelm\u00e4\u00e4 ja edist\u00e4\u00e4 tervett\u00e4 ihoa. Laadukas lis\u00e4aine hyvinvoinnillesi.","og_url":"https:\/\/reviva.fi\/fi\/tuote\/vitamin-a-5000iu-lamberts\/","og_site_name":"Reviva","article_modified_time":"2026-05-03T16:42:07+00:00","og_image":[{"width":780,"height":780,"url":"https:\/\/reviva.fi\/wp-content\/uploads\/2025\/01\/8017-120-Vitamin-A.jpg","type":"image\/jpeg"}],"twitter_card":"summary_large_image","schema":{"@context":"https:\/\/schema.org","@graph":[{"@type":"WebPage","@id":"https:\/\/reviva.fi\/fi\/tuote\/vitamin-a-5000iu-lamberts\/","url":"https:\/\/reviva.fi\/fi\/tuote\/vitamin-a-5000iu-lamberts\/","name":"Vitamin A 5000iu - Lamberts - Reviva","isPartOf":{"@id":"https:\/\/reviva.fi\/fi\/#website"},"primaryImageOfPage":{"@id":"https:\/\/reviva.fi\/fi\/tuote\/vitamin-a-5000iu-lamberts\/#primaryimage"},"image":{"@id":"https:\/\/reviva.fi\/fi\/tuote\/vitamin-a-5000iu-lamberts\/#primaryimage"},"thumbnailUrl":"https:\/\/reviva.fi\/wp-content\/uploads\/2025\/01\/8017-120-Vitamin-A.jpg","datePublished":"2025-01-21T11:32:11+00:00","dateModified":"2026-05-03T16:42:07+00:00","description":"A-vitamiini 5000iu - Lamberts Tukee normaalia n\u00e4k\u00f6\u00e4, vahvistaa immuunij\u00e4rjestelm\u00e4\u00e4 ja edist\u00e4\u00e4 tervett\u00e4 ihoa. Laadukas lis\u00e4aine hyvinvoinnillesi.","breadcrumb":{"@id":"https:\/\/reviva.fi\/fi\/tuote\/vitamin-a-5000iu-lamberts\/#breadcrumb"},"inLanguage":"fi","potentialAction":[{"@type":"ReadAction","target":["https:\/\/reviva.fi\/fi\/tuote\/vitamin-a-5000iu-lamberts\/"]}]},{"@type":"ImageObject","inLanguage":"fi","@id":"https:\/\/reviva.fi\/fi\/tuote\/vitamin-a-5000iu-lamberts\/#primaryimage","url":"https:\/\/reviva.fi\/wp-content\/uploads\/2025\/01\/8017-120-Vitamin-A.jpg","contentUrl":"https:\/\/reviva.fi\/wp-content\/uploads\/2025\/01\/8017-120-Vitamin-A.jpg","width":780,"height":780,"caption":"Vitamin A 5000iu - Lamberts"},{"@type":"BreadcrumbList","@id":"https:\/\/reviva.fi\/fi\/tuote\/vitamin-a-5000iu-lamberts\/#breadcrumb","itemListElement":[{"@type":"ListItem","position":1,"name":"Etusivu","item":"https:\/\/reviva.fi\/fi\/"},{"@type":"ListItem","position":2,"name":"Tuotteet","item":"https:\/\/reviva.fi\/produkter\/"},{"@type":"ListItem","position":3,"name":"Vitamin A 5000iu &#8211; Lamberts"}]},{"@type":"WebSite","@id":"https:\/\/reviva.fi\/fi\/#website","url":"https:\/\/reviva.fi\/fi\/","name":"Reviva","description":"","publisher":{"@id":"https:\/\/reviva.fi\/fi\/#organization"},"potentialAction":[{"@type":"SearchAction","target":{"@type":"EntryPoint","urlTemplate":"https:\/\/reviva.fi\/fi\/?s={search_term_string}"},"query-input":{"@type":"PropertyValueSpecification","valueRequired":true,"valueName":"search_term_string"}}],"inLanguage":"fi"},{"@type":"Organization","@id":"https:\/\/reviva.fi\/fi\/#organization","name":"Reviva","url":"https:\/\/reviva.fi\/fi\/","logo":{"@type":"ImageObject","inLanguage":"fi","@id":"https:\/\/reviva.fi\/fi\/#\/schema\/logo\/image\/","url":"https:\/\/reviva.fi\/wp-content\/uploads\/2023\/10\/reviva-logo2.svg","contentUrl":"https:\/\/reviva.fi\/wp-content\/uploads\/2023\/10\/reviva-logo2.svg","caption":"Reviva"},"image":{"@id":"https:\/\/reviva.fi\/fi\/#\/schema\/logo\/image\/"}}]},"product_price_amount":"21.75","product_price_currency":"EUR","og_availability":"instock","product_availability":"instock","product_retailer_item_id":"8017-120","product_condition":"new"},"taxonomy_info":{"product_cat":[{"value":96,"label":"Vitamiinit"},{"value":5959,"label":"A-vitamiini"},{"value":2444,"label":"Lamberts"},{"value":2350,"label":"Iho &amp; Kauneus"}],"product_tag":[{"value":4834,"label":"5000 IU"},{"value":414,"label":"a vitamiini"},{"value":4833,"label":"A-vitamiini. Lambert's"},{"value":3484,"label":"Anti-aging"},{"value":2936,"label":"Antioksidantit"},{"value":3375,"label":"Dagligt tillskott"},{"value":4772,"label":"Elinvoimaisuus"},{"value":4832,"label":"hiukset ja kynnet"},{"value":3476,"label":"Hudf\u00f6ryngring"},{"value":3385,"label":"Hudh\u00e4lsa"},{"value":444,"label":"immuunij\u00e4rjestelm\u00e4"},{"value":4445,"label":"Kasviskapselit"},{"value":4837,"label":"Kuiva iho"},{"value":3171,"label":"Limakalvot"},{"value":476,"label":"lis\u00e4ravinne"},{"value":4475,"label":"N\u00e4\u00f6n terveys"},{"value":4840,"label":"Parempi n\u00e4k\u00f6kyky"},{"value":4835,"label":"Raudan aineenvaihdunta"},{"value":4793,"label":"Ravintolis\u00e4t"},{"value":1630,"label":"silmien terveytt\u00e4"},{"value":4836,"label":"Solujen terveys"},{"value":4839,"label":"Suuriannoksinen A-vitamiini"},{"value":4838,"label":"Vahvempi immuunij\u00e4rjestelm\u00e4"}]},"featured_image_src_large":["https:\/\/reviva.fi\/wp-content\/uploads\/2025\/01\/8017-120-Vitamin-A.jpg",780,780,false],"author_info":[],"comment_info":0,"_links":{"self":[{"href":"https:\/\/reviva.fi\/fi\/wp-json\/wp\/v2\/product\/10500","targetHints":{"allow":["GET"]}}],"collection":[{"href":"https:\/\/reviva.fi\/fi\/wp-json\/wp\/v2\/product"}],"about":[{"href":"https:\/\/reviva.fi\/fi\/wp-json\/wp\/v2\/types\/product"}],"replies":[{"embeddable":true,"href":"https:\/\/reviva.fi\/fi\/wp-json\/wp\/v2\/comments?post=10500"}],"wp:featuredmedia":[{"embeddable":true,"href":"https:\/\/reviva.fi\/fi\/wp-json\/wp\/v2\/media\/10498"}],"wp:attachment":[{"href":"https:\/\/reviva.fi\/fi\/wp-json\/wp\/v2\/media?parent=10500"}],"wp:term":[{"taxonomy":"product_brand","embeddable":true,"href":"https:\/\/reviva.fi\/fi\/wp-json\/wp\/v2\/product_brand?post=10500"},{"taxonomy":"product_cat","embeddable":true,"href":"https:\/\/reviva.fi\/fi\/wp-json\/wp\/v2\/product_cat?post=10500"},{"taxonomy":"product_tag","embeddable":true,"href":"https:\/\/reviva.fi\/fi\/wp-json\/wp\/v2\/product_tag?post=10500"}],"curies":[{"name":"wp","href":"https:\/\/api.w.org\/{rel}","templated":true}]}}