{"id":10507,"date":"2025-01-21T13:58:00","date_gmt":"2025-01-21T11:58:00","guid":{"rendered":"https:\/\/reviva.fi\/product\/neuro-guard\/"},"modified":"2026-04-22T13:51:45","modified_gmt":"2026-04-22T10:51:45","slug":"neuro-guard-lamberts","status":"publish","type":"product","link":"https:\/\/reviva.fi\/fi\/tuote\/neuro-guard-lamberts\/","title":{"rendered":"Neuro-Guard &#8211; Lamberts"},"content":{"rendered":"<p><strong>Neuro-Guard &#8211; Lamberts<\/strong><\/p>\n<ul>\n<li>Sis\u00e4lt\u00e4\u00e4 voimakasta B1-vitamiinia, joka tukee hermoston normaalia toimintaa<\/li>\n<li>B6:n ja B12:n metyloituja muotoja, jotka ovat valmiita kehon k\u00e4ytt\u00f6\u00f6n<\/li>\n<li>B6 v\u00e4hent\u00e4\u00e4 v\u00e4symyst\u00e4 ja uupumusta ja B12 normaalia neurologista toimintaa<\/li>\n<li>Korkeammat B1- ja B12-tasot kuin monissa B-komplekseissa.<\/li>\n<\/ul>\n<p>Neuro-Guard tarjoaa kolme B-vitamiinia; B1, B6 ja B12. B6 ja B12 sis\u00e4ltyv\u00e4t metyloituihin tiloihinsa, koska merkitt\u00e4v\u00e4 osa v\u00e4est\u00f6st\u00e4 ei voi k\u00e4ytt\u00e4\u00e4 metyloitumattomia versioita. Keholle valmiiden metyloitujen muotojen valitseminen tarkoittaa, ett\u00e4 kaikki voivat hy\u00f6ty\u00e4 t\u00e4st\u00e4 lis\u00e4ravinteesta. T\u00e4m\u00e4 tuote tarjoaa korkeammat B1- ja B12-tasot kuin monet B-kompleksit, ja on hy\u00f6dyksi erityisesti niille, joilla on erityisi\u00e4 terveysongelmia.<\/p>\n<p>N\u00e4m\u00e4 ravintoaineet toimivat synergistisesti, joka tukee hermoston normaalia toimintaa, normaalia psykologista toimintaa, normaalia punasolujen tuotantoa sek\u00e4 v\u00e4symyksen ja uupumuksen v\u00e4hent\u00e4mist\u00e4. Vanhemmat ihmiset, kasvis- tai vegaaniruokavaliota noudattavat tai erityisist\u00e4 huolenaiheista k\u00e4rsiv\u00e4t voivat hy\u00f6ty\u00e4 n\u00e4iden vitamiinien vahvuuksista.<\/p>\n","protected":false},"excerpt":{"rendered":"<p>Synergistinen yhdistelm\u00e4 B-vitamiinia, joka on suunniteltu tukemaan terveit\u00e4 hermoja.<\/p>\n<p><strong>60 tablettia<\/strong><\/p>\n","protected":false},"featured_media":10505,"comment_status":"closed","ping_status":"closed","template":"","meta":{"_acf_changed":false,"inline_featured_image":false,"_kad_blocks_custom_css":"","_kad_blocks_head_custom_js":"","_kad_blocks_body_custom_js":"","_kad_blocks_footer_custom_js":"","_kadence_starter_templates_imported_post":false,"_kad_post_transparent":"default","_kad_post_title":"","_kad_post_layout":"default","_kad_post_sidebar_id":"","_kad_post_content_style":"default","_kad_post_vertical_padding":"default","_kad_post_feature":"","_kad_post_feature_position":"","_kad_post_header":false,"_kad_post_footer":false},"product_brand":[],"product_cat":[2475,96,525,5978,2444,2376,2383],"product_tag":[4828,4831,4474,4826,412,4825,4457,4739,4827,4830,4821,4820,4819,4456,1432,3454,4492,3478,3591,4829],"class_list":{"0":"post-10507","1":"product","2":"type-product","3":"status-publish","4":"has-post-thumbnail","6":"product_cat-erbjudanden-fi","7":"product_cat-vitaminer-fi","8":"product_cat-b-vitamin-fi","9":"product_cat-multi-produkter-fi","10":"product_cat-lamberts-fi","11":"product_cat-stressad-och-trott-fi","12":"product_cat-hjarna-och-minne-fi","13":"product_tag-aivojen-elinvoimaa","14":"product_tag-aivojen-energiaa","15":"product_tag-aivojen-terveys","16":"product_tag-aivojen-toiminta","17":"product_tag-antioksidantti","18":"product_tag-henkinen-keskittyminen","19":"product_tag-henkista-suorituskykya","20":"product_tag-hermojen-toiminta","21":"product_tag-hermosolujen-suojaus","22":"product_tag-hermoston-tasapaino","23":"product_tag-hermoston-tuki","24":"product_tag-hermosuoja","25":"product_tag-hermotuki","26":"product_tag-kognitiivinen-toiminto","27":"product_tag-mentaalinen-vahvuus","28":"product_tag-mental-klarhet-fi","29":"product_tag-muistituki","30":"product_tag-nervhalsa-fi","31":"product_tag-nervsystemets-halsa-fi","32":"product_tag-neurologinen-tuki","34":"first","35":"instock","36":"sale","37":"taxable","38":"shipping-taxable","39":"purchasable","40":"product-type-simple","41":"entry","42":"content-bg","43":"loop-entry"},"acf":[],"yoast_head":"<!-- This site is optimized with the Yoast SEO plugin v25.8 - https:\/\/yoast.com\/wordpress\/plugins\/seo\/ -->\n<title>Neuro-Guard - Lamberts - Reviva<\/title>\n<meta name=\"description\" content=\"Neuro-Guard - Lamberts - Synergistinen yhdistelm\u00e4 B-vitamiineja, jotka on suunniteltu tukemaan hermostoa. Tarjoaa hyvin korkeammat B1- ja B12-tasot.\" \/>\n<meta name=\"robots\" content=\"index, follow, max-snippet:-1, max-image-preview:large, max-video-preview:-1\" \/>\n<link rel=\"canonical\" href=\"https:\/\/reviva.fi\/fi\/tuote\/neuro-guard-lamberts\/\" \/>\n<meta property=\"og:locale\" content=\"fi_FI\" \/>\n<meta property=\"og:type\" content=\"article\" \/>\n<meta property=\"og:title\" content=\"Neuro-Guard - Lamberts - Reviva\" \/>\n<meta property=\"og:description\" content=\"Neuro-Guard - Lamberts - Synergistinen yhdistelm\u00e4 B-vitamiineja, jotka on suunniteltu tukemaan hermostoa. Tarjoaa hyvin korkeammat B1- ja B12-tasot.\" \/>\n<meta property=\"og:url\" content=\"https:\/\/reviva.fi\/fi\/tuote\/neuro-guard-lamberts\/\" \/>\n<meta property=\"og:site_name\" content=\"Reviva\" \/>\n<meta property=\"article:modified_time\" content=\"2026-04-22T10:51:45+00:00\" \/>\n<meta property=\"og:image\" content=\"https:\/\/reviva.fi\/wp-content\/uploads\/2025\/01\/8594-60-Neuro-guard.jpg\" \/>\n\t<meta property=\"og:image:width\" content=\"780\" \/>\n\t<meta property=\"og:image:height\" content=\"780\" \/>\n\t<meta property=\"og:image:type\" content=\"image\/jpeg\" \/>\n<meta name=\"twitter:card\" content=\"summary_large_image\" \/>\n<script type=\"application\/ld+json\" class=\"yoast-schema-graph\">{\"@context\":\"https:\/\/schema.org\",\"@graph\":[{\"@type\":\"WebPage\",\"@id\":\"https:\/\/reviva.fi\/fi\/tuote\/neuro-guard-lamberts\/\",\"url\":\"https:\/\/reviva.fi\/fi\/tuote\/neuro-guard-lamberts\/\",\"name\":\"Neuro-Guard - Lamberts - Reviva\",\"isPartOf\":{\"@id\":\"https:\/\/reviva.fi\/fi\/#website\"},\"primaryImageOfPage\":{\"@id\":\"https:\/\/reviva.fi\/fi\/tuote\/neuro-guard-lamberts\/#primaryimage\"},\"image\":{\"@id\":\"https:\/\/reviva.fi\/fi\/tuote\/neuro-guard-lamberts\/#primaryimage\"},\"thumbnailUrl\":\"https:\/\/reviva.fi\/wp-content\/uploads\/2025\/01\/8594-60-Neuro-guard.jpg\",\"datePublished\":\"2025-01-21T11:58:00+00:00\",\"dateModified\":\"2026-04-22T10:51:45+00:00\",\"description\":\"Neuro-Guard - Lamberts - Synergistinen yhdistelm\u00e4 B-vitamiineja, jotka on suunniteltu tukemaan hermostoa. Tarjoaa hyvin korkeammat B1- ja B12-tasot.\",\"breadcrumb\":{\"@id\":\"https:\/\/reviva.fi\/fi\/tuote\/neuro-guard-lamberts\/#breadcrumb\"},\"inLanguage\":\"fi\",\"potentialAction\":[{\"@type\":\"ReadAction\",\"target\":[\"https:\/\/reviva.fi\/fi\/tuote\/neuro-guard-lamberts\/\"]}]},{\"@type\":\"ImageObject\",\"inLanguage\":\"fi\",\"@id\":\"https:\/\/reviva.fi\/fi\/tuote\/neuro-guard-lamberts\/#primaryimage\",\"url\":\"https:\/\/reviva.fi\/wp-content\/uploads\/2025\/01\/8594-60-Neuro-guard.jpg\",\"contentUrl\":\"https:\/\/reviva.fi\/wp-content\/uploads\/2025\/01\/8594-60-Neuro-guard.jpg\",\"width\":780,\"height\":780,\"caption\":\"Neuro-Guard - Lamberts\"},{\"@type\":\"BreadcrumbList\",\"@id\":\"https:\/\/reviva.fi\/fi\/tuote\/neuro-guard-lamberts\/#breadcrumb\",\"itemListElement\":[{\"@type\":\"ListItem\",\"position\":1,\"name\":\"Etusivu\",\"item\":\"https:\/\/reviva.fi\/fi\/\"},{\"@type\":\"ListItem\",\"position\":2,\"name\":\"Tuotteet\",\"item\":\"https:\/\/reviva.fi\/produkter\/\"},{\"@type\":\"ListItem\",\"position\":3,\"name\":\"Neuro-Guard &#8211; Lamberts\"}]},{\"@type\":\"WebSite\",\"@id\":\"https:\/\/reviva.fi\/fi\/#website\",\"url\":\"https:\/\/reviva.fi\/fi\/\",\"name\":\"Reviva\",\"description\":\"\",\"publisher\":{\"@id\":\"https:\/\/reviva.fi\/fi\/#organization\"},\"potentialAction\":[{\"@type\":\"SearchAction\",\"target\":{\"@type\":\"EntryPoint\",\"urlTemplate\":\"https:\/\/reviva.fi\/fi\/?s={search_term_string}\"},\"query-input\":{\"@type\":\"PropertyValueSpecification\",\"valueRequired\":true,\"valueName\":\"search_term_string\"}}],\"inLanguage\":\"fi\"},{\"@type\":\"Organization\",\"@id\":\"https:\/\/reviva.fi\/fi\/#organization\",\"name\":\"Reviva\",\"url\":\"https:\/\/reviva.fi\/fi\/\",\"logo\":{\"@type\":\"ImageObject\",\"inLanguage\":\"fi\",\"@id\":\"https:\/\/reviva.fi\/fi\/#\/schema\/logo\/image\/\",\"url\":\"https:\/\/reviva.fi\/wp-content\/uploads\/2023\/10\/reviva-logo2.svg\",\"contentUrl\":\"https:\/\/reviva.fi\/wp-content\/uploads\/2023\/10\/reviva-logo2.svg\",\"caption\":\"Reviva\"},\"image\":{\"@id\":\"https:\/\/reviva.fi\/fi\/#\/schema\/logo\/image\/\"}}]}<\/script>\n<meta property=\"product:price:amount\" content=\"16.75\" \/>\n<meta property=\"product:price:currency\" content=\"EUR\" \/>\n<meta property=\"og:availability\" content=\"instock\" \/>\n<meta property=\"product:availability\" content=\"instock\" \/>\n<meta property=\"product:retailer_item_id\" content=\"8594-60\" \/>\n<meta property=\"product:condition\" content=\"new\" \/>\n<!-- \/ Yoast SEO plugin. -->","yoast_head_json":{"title":"Neuro-Guard - Lamberts - Reviva","description":"Neuro-Guard - Lamberts - Synergistinen yhdistelm\u00e4 B-vitamiineja, jotka on suunniteltu tukemaan hermostoa. Tarjoaa hyvin korkeammat B1- ja B12-tasot.","robots":{"index":"index","follow":"follow","max-snippet":"max-snippet:-1","max-image-preview":"max-image-preview:large","max-video-preview":"max-video-preview:-1"},"canonical":"https:\/\/reviva.fi\/fi\/tuote\/neuro-guard-lamberts\/","og_locale":"fi_FI","og_type":"article","og_title":"Neuro-Guard - Lamberts - Reviva","og_description":"Neuro-Guard - Lamberts - Synergistinen yhdistelm\u00e4 B-vitamiineja, jotka on suunniteltu tukemaan hermostoa. Tarjoaa hyvin korkeammat B1- ja B12-tasot.","og_url":"https:\/\/reviva.fi\/fi\/tuote\/neuro-guard-lamberts\/","og_site_name":"Reviva","article_modified_time":"2026-04-22T10:51:45+00:00","og_image":[{"width":780,"height":780,"url":"https:\/\/reviva.fi\/wp-content\/uploads\/2025\/01\/8594-60-Neuro-guard.jpg","type":"image\/jpeg"}],"twitter_card":"summary_large_image","schema":{"@context":"https:\/\/schema.org","@graph":[{"@type":"WebPage","@id":"https:\/\/reviva.fi\/fi\/tuote\/neuro-guard-lamberts\/","url":"https:\/\/reviva.fi\/fi\/tuote\/neuro-guard-lamberts\/","name":"Neuro-Guard - Lamberts - Reviva","isPartOf":{"@id":"https:\/\/reviva.fi\/fi\/#website"},"primaryImageOfPage":{"@id":"https:\/\/reviva.fi\/fi\/tuote\/neuro-guard-lamberts\/#primaryimage"},"image":{"@id":"https:\/\/reviva.fi\/fi\/tuote\/neuro-guard-lamberts\/#primaryimage"},"thumbnailUrl":"https:\/\/reviva.fi\/wp-content\/uploads\/2025\/01\/8594-60-Neuro-guard.jpg","datePublished":"2025-01-21T11:58:00+00:00","dateModified":"2026-04-22T10:51:45+00:00","description":"Neuro-Guard - Lamberts - Synergistinen yhdistelm\u00e4 B-vitamiineja, jotka on suunniteltu tukemaan hermostoa. Tarjoaa hyvin korkeammat B1- ja B12-tasot.","breadcrumb":{"@id":"https:\/\/reviva.fi\/fi\/tuote\/neuro-guard-lamberts\/#breadcrumb"},"inLanguage":"fi","potentialAction":[{"@type":"ReadAction","target":["https:\/\/reviva.fi\/fi\/tuote\/neuro-guard-lamberts\/"]}]},{"@type":"ImageObject","inLanguage":"fi","@id":"https:\/\/reviva.fi\/fi\/tuote\/neuro-guard-lamberts\/#primaryimage","url":"https:\/\/reviva.fi\/wp-content\/uploads\/2025\/01\/8594-60-Neuro-guard.jpg","contentUrl":"https:\/\/reviva.fi\/wp-content\/uploads\/2025\/01\/8594-60-Neuro-guard.jpg","width":780,"height":780,"caption":"Neuro-Guard - Lamberts"},{"@type":"BreadcrumbList","@id":"https:\/\/reviva.fi\/fi\/tuote\/neuro-guard-lamberts\/#breadcrumb","itemListElement":[{"@type":"ListItem","position":1,"name":"Etusivu","item":"https:\/\/reviva.fi\/fi\/"},{"@type":"ListItem","position":2,"name":"Tuotteet","item":"https:\/\/reviva.fi\/produkter\/"},{"@type":"ListItem","position":3,"name":"Neuro-Guard &#8211; Lamberts"}]},{"@type":"WebSite","@id":"https:\/\/reviva.fi\/fi\/#website","url":"https:\/\/reviva.fi\/fi\/","name":"Reviva","description":"","publisher":{"@id":"https:\/\/reviva.fi\/fi\/#organization"},"potentialAction":[{"@type":"SearchAction","target":{"@type":"EntryPoint","urlTemplate":"https:\/\/reviva.fi\/fi\/?s={search_term_string}"},"query-input":{"@type":"PropertyValueSpecification","valueRequired":true,"valueName":"search_term_string"}}],"inLanguage":"fi"},{"@type":"Organization","@id":"https:\/\/reviva.fi\/fi\/#organization","name":"Reviva","url":"https:\/\/reviva.fi\/fi\/","logo":{"@type":"ImageObject","inLanguage":"fi","@id":"https:\/\/reviva.fi\/fi\/#\/schema\/logo\/image\/","url":"https:\/\/reviva.fi\/wp-content\/uploads\/2023\/10\/reviva-logo2.svg","contentUrl":"https:\/\/reviva.fi\/wp-content\/uploads\/2023\/10\/reviva-logo2.svg","caption":"Reviva"},"image":{"@id":"https:\/\/reviva.fi\/fi\/#\/schema\/logo\/image\/"}}]},"product_price_amount":"16.75","product_price_currency":"EUR","og_availability":"instock","product_availability":"instock","product_retailer_item_id":"8594-60","product_condition":"new"},"taxonomy_info":{"product_cat":[{"value":2475,"label":"Tarjoukset"},{"value":96,"label":"Vitamiinit"},{"value":525,"label":"B-vitamiini"},{"value":5978,"label":"Multi tuotteet"},{"value":2444,"label":"Lamberts"},{"value":2376,"label":"Stressaantunut &amp; V\u00e4synyt"},{"value":2383,"label":"Aivot &amp; Muisti"}],"product_tag":[{"value":4828,"label":"aivojen elinvoimaa"},{"value":4831,"label":"aivojen energiaa"},{"value":4474,"label":"Aivojen terveys"},{"value":4826,"label":"Aivojen toiminta"},{"value":412,"label":"antioksidantti"},{"value":4825,"label":"Henkinen keskittyminen"},{"value":4457,"label":"henkist\u00e4 suorituskyky\u00e4"},{"value":4739,"label":"hermojen toiminta"},{"value":4827,"label":"hermosolujen suojaus"},{"value":4830,"label":"hermoston tasapaino"},{"value":4821,"label":"hermoston tuki"},{"value":4820,"label":"hermosuoja"},{"value":4819,"label":"hermotuki"},{"value":4456,"label":"Kognitiivinen toiminto"},{"value":1432,"label":"mentaalinen vahvuus"},{"value":3454,"label":"Mental klarhet"},{"value":4492,"label":"Muistituki"},{"value":3478,"label":"Nervh\u00e4lsa"},{"value":3591,"label":"Nervsystemets h\u00e4lsa"},{"value":4829,"label":"neurologinen tuki"}]},"featured_image_src_large":["https:\/\/reviva.fi\/wp-content\/uploads\/2025\/01\/8594-60-Neuro-guard.jpg",780,780,false],"author_info":[],"comment_info":0,"_links":{"self":[{"href":"https:\/\/reviva.fi\/fi\/wp-json\/wp\/v2\/product\/10507","targetHints":{"allow":["GET"]}}],"collection":[{"href":"https:\/\/reviva.fi\/fi\/wp-json\/wp\/v2\/product"}],"about":[{"href":"https:\/\/reviva.fi\/fi\/wp-json\/wp\/v2\/types\/product"}],"replies":[{"embeddable":true,"href":"https:\/\/reviva.fi\/fi\/wp-json\/wp\/v2\/comments?post=10507"}],"wp:featuredmedia":[{"embeddable":true,"href":"https:\/\/reviva.fi\/fi\/wp-json\/wp\/v2\/media\/10505"}],"wp:attachment":[{"href":"https:\/\/reviva.fi\/fi\/wp-json\/wp\/v2\/media?parent=10507"}],"wp:term":[{"taxonomy":"product_brand","embeddable":true,"href":"https:\/\/reviva.fi\/fi\/wp-json\/wp\/v2\/product_brand?post=10507"},{"taxonomy":"product_cat","embeddable":true,"href":"https:\/\/reviva.fi\/fi\/wp-json\/wp\/v2\/product_cat?post=10507"},{"taxonomy":"product_tag","embeddable":true,"href":"https:\/\/reviva.fi\/fi\/wp-json\/wp\/v2\/product_tag?post=10507"}],"curies":[{"name":"wp","href":"https:\/\/api.w.org\/{rel}","templated":true}]}}