{"id":10514,"date":"2025-01-21T14:54:33","date_gmt":"2025-01-21T12:54:33","guid":{"rendered":"https:\/\/reviva.fi\/product\/neuro-logical-plus\/"},"modified":"2025-02-03T14:50:05","modified_gmt":"2025-02-03T12:50:05","slug":"neuro-logical-plus-lamberts","status":"publish","type":"product","link":"https:\/\/reviva.fi\/fi\/tuote\/neuro-logical-plus-lamberts\/","title":{"rendered":"Neuro-Logical PLUS &#8211; Lamberts"},"content":{"rendered":"<p><strong>Neuro-Logical PLUS &#8211; Lamberts\u00a0<\/strong><\/p>\n<ul>\n<li>Neuro-Logical PLUS k\u00e4ytt\u00e4\u00e4 korkealaatuista PEA:ta (OptiPEA\u00ae)<\/li>\n<li>Kaksinkertainen PEA-annos verrattuna alkuper\u00e4iseen neurologiseen kaavaamme<\/li>\n<li>OptiPEA\u00ae on kest\u00e4v\u00e4sti hankittu ja valmistettu kokonaan Euroopassa patentoidulla tuotantoprosessilla<\/li>\n<li>PEA:n teho on osoitettu useissa kliinisiss\u00e4 tutkimuksissa<\/li>\n<li>Palmitoyylietanoliamidia voidaan tuottaa l\u00e4hes joka solussa on-demand-synteesill\u00e4 tarvittaessa ja sen tuotanto lis\u00e4\u00e4ntyy luonnollisesti tilanteissa, joissa solut tai kudokset vaurioituvat<\/li>\n<li>Sis\u00e4lt\u00e4\u00e4 B1-, B6- ja B12-vitamiineja, jotka edist\u00e4v\u00e4t normaaleja neurologisia ja psykologisia toimintoja.<\/li>\n<\/ul>\n<p>Lamberts\u00ae Neuro-Logical PLUS k\u00e4ytt\u00e4\u00e4 korkealaatuista palmitoyylietanoliamidia, joka tunnetaan my\u00f6s nimell\u00e4 PEA (OptiPEA\u00ae), jota on t\u00e4ydennetty B1-, B6- ja B12-vitamiineilla, joiden tiedet\u00e4\u00e4n tukevan normaalia neurologista ja psykologista toimintaa.<\/p>\n<p>PEA on kiehtova ravintoainesosa, jota kuvataan usein turvalliseksi &#8221;kannabidiolin (CBD) vaihtoehdoksi&#8221;, koska molempien yhdisteiden terapeuttiset vaikutukset menev\u00e4t p\u00e4\u00e4llekk\u00e4in niiden biokemiallisissa rooleissa ihmisiss\u00e4. Vaikka se l\u00f6ydettiin ensimm\u00e4isen kerran yli 50 vuotta sitten, viime vuosikymmenin\u00e4 on n\u00e4hty uutta tutkimusta PEA:n toimintamekanismin ymm\u00e4rt\u00e4miseksi.<br \/>\nPEA:a tuotetaan luonnollisesti ihmiskehossa tilanteissa, joissa solut tai kudokset vaurioituvat. 90-luvulle asti kukaan ei tiennyt miksi n\u00e4in oli, kunnes Nobel-palkittu Rita Levi-Montalcini havaitsi, ett\u00e4 PEA voi rauhoittaa yliaktiivisia sy\u00f6tt\u00f6soluja.<\/p>\n","protected":false},"excerpt":{"rendered":"<p>Tuplasti vahvemmat Palmityylietanoliamidit (PEA) B1-, B6- ja B12-vitamiinien kanssa<\/p>\n<p><strong>60 kapselia<\/strong><\/p>\n","protected":false},"featured_media":10511,"comment_status":"closed","ping_status":"closed","template":"","meta":{"_acf_changed":false,"inline_featured_image":false,"_kad_blocks_custom_css":"","_kad_blocks_head_custom_js":"","_kad_blocks_body_custom_js":"","_kad_blocks_footer_custom_js":"","_kadence_starter_templates_imported_post":false,"_kad_post_transparent":"default","_kad_post_title":"","_kad_post_layout":"default","_kad_post_sidebar_id":"","_kad_post_content_style":"default","_kad_post_vertical_padding":"default","_kad_post_feature":"","_kad_post_feature_position":"","_kad_post_header":false,"_kad_post_footer":false},"product_brand":[],"product_cat":[2505,2444,2376,2371,2383],"product_tag":[4799,4818,4739,500,4824,4822,4823,4821,4820,4819,4456,3478,3591,4816,4815,4813,4814,4817,1334,2958,3182],"class_list":{"0":"post-10514","1":"product","2":"type-product","3":"status-publish","4":"has-post-thumbnail","6":"product_cat-ovriga-kosttillskott-fi","7":"product_cat-lamberts-fi","8":"product_cat-stressad-och-trott-fi","9":"product_cat-muskler-och-leder-fi","10":"product_cat-hjarna-och-minne-fi","11":"product_tag-b1-vitamiini-fi","12":"product_tag-cbd-vaihtoehdot","13":"product_tag-hermojen-toiminta","14":"product_tag-hermosto","15":"product_tag-hermoston-suojaaminen","16":"product_tag-hermoston-terveytta","17":"product_tag-hermoston-toiminta-fi","18":"product_tag-hermoston-tuki","19":"product_tag-hermosuoja","20":"product_tag-hermotuki","21":"product_tag-kognitiivinen-toiminto","22":"product_tag-nervhalsa-fi","23":"product_tag-nervsystemets-halsa-fi","24":"product_tag-neurologinen-toiminta","25":"product_tag-optipea-fi","26":"product_tag-palmitoyylietanoliamidi","27":"product_tag-pea-fi","28":"product_tag-psykologinen-toiminta","29":"product_tag-tulehdus","30":"product_tag-vitamiini-b12","31":"product_tag-vitamiini-b6","33":"first","34":"instock","35":"taxable","36":"shipping-taxable","37":"purchasable","38":"product-type-simple","39":"entry","40":"content-bg","41":"loop-entry"},"acf":[],"yoast_head":"<!-- This site is optimized with the Yoast SEO plugin v25.8 - https:\/\/yoast.com\/wordpress\/plugins\/seo\/ -->\n<title>Neuro-Logical PLUS - Lamberts - Reviva<\/title>\n<meta name=\"description\" content=\"Neuro-Logical PLUS - Lamberts tukee aivojen toimintaa, mielentarkkuutta ja muistia. Edistyksellinen kaava huolellisesti valituilla ravintoaineilla.\" \/>\n<meta name=\"robots\" content=\"index, follow, max-snippet:-1, max-image-preview:large, max-video-preview:-1\" \/>\n<link rel=\"canonical\" href=\"https:\/\/reviva.fi\/fi\/tuote\/neuro-logical-plus-lamberts\/\" \/>\n<meta property=\"og:locale\" content=\"fi_FI\" \/>\n<meta property=\"og:type\" content=\"article\" \/>\n<meta property=\"og:title\" content=\"Neuro-Logical PLUS - Lamberts - Reviva\" \/>\n<meta property=\"og:description\" content=\"Neuro-Logical PLUS - Lamberts tukee aivojen toimintaa, mielentarkkuutta ja muistia. Edistyksellinen kaava huolellisesti valituilla ravintoaineilla.\" \/>\n<meta property=\"og:url\" content=\"https:\/\/reviva.fi\/fi\/tuote\/neuro-logical-plus-lamberts\/\" \/>\n<meta property=\"og:site_name\" content=\"Reviva\" \/>\n<meta property=\"article:modified_time\" content=\"2025-02-03T12:50:05+00:00\" \/>\n<meta property=\"og:image\" content=\"https:\/\/reviva.fi\/wp-content\/uploads\/2025\/01\/8527-60-Neuro-logical-plus.jpg\" \/>\n\t<meta property=\"og:image:width\" content=\"780\" \/>\n\t<meta property=\"og:image:height\" content=\"780\" \/>\n\t<meta property=\"og:image:type\" content=\"image\/jpeg\" \/>\n<meta name=\"twitter:card\" content=\"summary_large_image\" \/>\n<script type=\"application\/ld+json\" class=\"yoast-schema-graph\">{\"@context\":\"https:\/\/schema.org\",\"@graph\":[{\"@type\":\"WebPage\",\"@id\":\"https:\/\/reviva.fi\/fi\/tuote\/neuro-logical-plus-lamberts\/\",\"url\":\"https:\/\/reviva.fi\/fi\/tuote\/neuro-logical-plus-lamberts\/\",\"name\":\"Neuro-Logical PLUS - Lamberts - Reviva\",\"isPartOf\":{\"@id\":\"https:\/\/reviva.fi\/fi\/#website\"},\"primaryImageOfPage\":{\"@id\":\"https:\/\/reviva.fi\/fi\/tuote\/neuro-logical-plus-lamberts\/#primaryimage\"},\"image\":{\"@id\":\"https:\/\/reviva.fi\/fi\/tuote\/neuro-logical-plus-lamberts\/#primaryimage\"},\"thumbnailUrl\":\"https:\/\/reviva.fi\/wp-content\/uploads\/2025\/01\/8527-60-Neuro-logical-plus.jpg\",\"datePublished\":\"2025-01-21T12:54:33+00:00\",\"dateModified\":\"2025-02-03T12:50:05+00:00\",\"description\":\"Neuro-Logical PLUS - Lamberts tukee aivojen toimintaa, mielentarkkuutta ja muistia. Edistyksellinen kaava huolellisesti valituilla ravintoaineilla.\",\"breadcrumb\":{\"@id\":\"https:\/\/reviva.fi\/fi\/tuote\/neuro-logical-plus-lamberts\/#breadcrumb\"},\"inLanguage\":\"fi\",\"potentialAction\":[{\"@type\":\"ReadAction\",\"target\":[\"https:\/\/reviva.fi\/fi\/tuote\/neuro-logical-plus-lamberts\/\"]}]},{\"@type\":\"ImageObject\",\"inLanguage\":\"fi\",\"@id\":\"https:\/\/reviva.fi\/fi\/tuote\/neuro-logical-plus-lamberts\/#primaryimage\",\"url\":\"https:\/\/reviva.fi\/wp-content\/uploads\/2025\/01\/8527-60-Neuro-logical-plus.jpg\",\"contentUrl\":\"https:\/\/reviva.fi\/wp-content\/uploads\/2025\/01\/8527-60-Neuro-logical-plus.jpg\",\"width\":780,\"height\":780,\"caption\":\"Neuro-logical PLUS - Lamberts\"},{\"@type\":\"BreadcrumbList\",\"@id\":\"https:\/\/reviva.fi\/fi\/tuote\/neuro-logical-plus-lamberts\/#breadcrumb\",\"itemListElement\":[{\"@type\":\"ListItem\",\"position\":1,\"name\":\"Etusivu\",\"item\":\"https:\/\/reviva.fi\/fi\/\"},{\"@type\":\"ListItem\",\"position\":2,\"name\":\"Tuotteet\",\"item\":\"https:\/\/reviva.fi\/produkter\/\"},{\"@type\":\"ListItem\",\"position\":3,\"name\":\"Neuro-Logical PLUS &#8211; Lamberts\"}]},{\"@type\":\"WebSite\",\"@id\":\"https:\/\/reviva.fi\/fi\/#website\",\"url\":\"https:\/\/reviva.fi\/fi\/\",\"name\":\"Reviva\",\"description\":\"\",\"publisher\":{\"@id\":\"https:\/\/reviva.fi\/fi\/#organization\"},\"potentialAction\":[{\"@type\":\"SearchAction\",\"target\":{\"@type\":\"EntryPoint\",\"urlTemplate\":\"https:\/\/reviva.fi\/fi\/?s={search_term_string}\"},\"query-input\":{\"@type\":\"PropertyValueSpecification\",\"valueRequired\":true,\"valueName\":\"search_term_string\"}}],\"inLanguage\":\"fi\"},{\"@type\":\"Organization\",\"@id\":\"https:\/\/reviva.fi\/fi\/#organization\",\"name\":\"Reviva\",\"url\":\"https:\/\/reviva.fi\/fi\/\",\"logo\":{\"@type\":\"ImageObject\",\"inLanguage\":\"fi\",\"@id\":\"https:\/\/reviva.fi\/fi\/#\/schema\/logo\/image\/\",\"url\":\"https:\/\/reviva.fi\/wp-content\/uploads\/2023\/10\/reviva-logo2.svg\",\"contentUrl\":\"https:\/\/reviva.fi\/wp-content\/uploads\/2023\/10\/reviva-logo2.svg\",\"caption\":\"Reviva\"},\"image\":{\"@id\":\"https:\/\/reviva.fi\/fi\/#\/schema\/logo\/image\/\"}}]}<\/script>\n<meta property=\"product:price:amount\" content=\"64.40\" \/>\n<meta property=\"product:price:currency\" content=\"EUR\" \/>\n<meta property=\"og:availability\" content=\"instock\" \/>\n<meta property=\"product:availability\" content=\"instock\" \/>\n<meta property=\"product:retailer_item_id\" content=\"8527-60\" \/>\n<meta property=\"product:condition\" content=\"new\" \/>\n<!-- \/ Yoast SEO plugin. -->","yoast_head_json":{"title":"Neuro-Logical PLUS - Lamberts - Reviva","description":"Neuro-Logical PLUS - Lamberts tukee aivojen toimintaa, mielentarkkuutta ja muistia. Edistyksellinen kaava huolellisesti valituilla ravintoaineilla.","robots":{"index":"index","follow":"follow","max-snippet":"max-snippet:-1","max-image-preview":"max-image-preview:large","max-video-preview":"max-video-preview:-1"},"canonical":"https:\/\/reviva.fi\/fi\/tuote\/neuro-logical-plus-lamberts\/","og_locale":"fi_FI","og_type":"article","og_title":"Neuro-Logical PLUS - Lamberts - Reviva","og_description":"Neuro-Logical PLUS - Lamberts tukee aivojen toimintaa, mielentarkkuutta ja muistia. Edistyksellinen kaava huolellisesti valituilla ravintoaineilla.","og_url":"https:\/\/reviva.fi\/fi\/tuote\/neuro-logical-plus-lamberts\/","og_site_name":"Reviva","article_modified_time":"2025-02-03T12:50:05+00:00","og_image":[{"width":780,"height":780,"url":"https:\/\/reviva.fi\/wp-content\/uploads\/2025\/01\/8527-60-Neuro-logical-plus.jpg","type":"image\/jpeg"}],"twitter_card":"summary_large_image","schema":{"@context":"https:\/\/schema.org","@graph":[{"@type":"WebPage","@id":"https:\/\/reviva.fi\/fi\/tuote\/neuro-logical-plus-lamberts\/","url":"https:\/\/reviva.fi\/fi\/tuote\/neuro-logical-plus-lamberts\/","name":"Neuro-Logical PLUS - Lamberts - Reviva","isPartOf":{"@id":"https:\/\/reviva.fi\/fi\/#website"},"primaryImageOfPage":{"@id":"https:\/\/reviva.fi\/fi\/tuote\/neuro-logical-plus-lamberts\/#primaryimage"},"image":{"@id":"https:\/\/reviva.fi\/fi\/tuote\/neuro-logical-plus-lamberts\/#primaryimage"},"thumbnailUrl":"https:\/\/reviva.fi\/wp-content\/uploads\/2025\/01\/8527-60-Neuro-logical-plus.jpg","datePublished":"2025-01-21T12:54:33+00:00","dateModified":"2025-02-03T12:50:05+00:00","description":"Neuro-Logical PLUS - Lamberts tukee aivojen toimintaa, mielentarkkuutta ja muistia. Edistyksellinen kaava huolellisesti valituilla ravintoaineilla.","breadcrumb":{"@id":"https:\/\/reviva.fi\/fi\/tuote\/neuro-logical-plus-lamberts\/#breadcrumb"},"inLanguage":"fi","potentialAction":[{"@type":"ReadAction","target":["https:\/\/reviva.fi\/fi\/tuote\/neuro-logical-plus-lamberts\/"]}]},{"@type":"ImageObject","inLanguage":"fi","@id":"https:\/\/reviva.fi\/fi\/tuote\/neuro-logical-plus-lamberts\/#primaryimage","url":"https:\/\/reviva.fi\/wp-content\/uploads\/2025\/01\/8527-60-Neuro-logical-plus.jpg","contentUrl":"https:\/\/reviva.fi\/wp-content\/uploads\/2025\/01\/8527-60-Neuro-logical-plus.jpg","width":780,"height":780,"caption":"Neuro-logical PLUS - Lamberts"},{"@type":"BreadcrumbList","@id":"https:\/\/reviva.fi\/fi\/tuote\/neuro-logical-plus-lamberts\/#breadcrumb","itemListElement":[{"@type":"ListItem","position":1,"name":"Etusivu","item":"https:\/\/reviva.fi\/fi\/"},{"@type":"ListItem","position":2,"name":"Tuotteet","item":"https:\/\/reviva.fi\/produkter\/"},{"@type":"ListItem","position":3,"name":"Neuro-Logical PLUS &#8211; Lamberts"}]},{"@type":"WebSite","@id":"https:\/\/reviva.fi\/fi\/#website","url":"https:\/\/reviva.fi\/fi\/","name":"Reviva","description":"","publisher":{"@id":"https:\/\/reviva.fi\/fi\/#organization"},"potentialAction":[{"@type":"SearchAction","target":{"@type":"EntryPoint","urlTemplate":"https:\/\/reviva.fi\/fi\/?s={search_term_string}"},"query-input":{"@type":"PropertyValueSpecification","valueRequired":true,"valueName":"search_term_string"}}],"inLanguage":"fi"},{"@type":"Organization","@id":"https:\/\/reviva.fi\/fi\/#organization","name":"Reviva","url":"https:\/\/reviva.fi\/fi\/","logo":{"@type":"ImageObject","inLanguage":"fi","@id":"https:\/\/reviva.fi\/fi\/#\/schema\/logo\/image\/","url":"https:\/\/reviva.fi\/wp-content\/uploads\/2023\/10\/reviva-logo2.svg","contentUrl":"https:\/\/reviva.fi\/wp-content\/uploads\/2023\/10\/reviva-logo2.svg","caption":"Reviva"},"image":{"@id":"https:\/\/reviva.fi\/fi\/#\/schema\/logo\/image\/"}}]},"product_price_amount":"64.40","product_price_currency":"EUR","og_availability":"instock","product_availability":"instock","product_retailer_item_id":"8527-60","product_condition":"new"},"taxonomy_info":{"product_cat":[{"value":2505,"label":"Muut ravintolis\u00e4t"},{"value":2444,"label":"Lamberts"},{"value":2376,"label":"Stressaantunut &amp; V\u00e4synyt"},{"value":2371,"label":"Nivelet &amp; Lihakset"},{"value":2383,"label":"Aivot &amp; Muisti"}],"product_tag":[{"value":4799,"label":"B1-vitamiini"},{"value":4818,"label":"CBD-vaihtoehdot"},{"value":4739,"label":"hermojen toiminta"},{"value":500,"label":"hermosto"},{"value":4824,"label":"hermoston suojaaminen"},{"value":4822,"label":"hermoston terveytt\u00e4"},{"value":4823,"label":"hermoston toiminta"},{"value":4821,"label":"hermoston tuki"},{"value":4820,"label":"hermosuoja"},{"value":4819,"label":"hermotuki"},{"value":4456,"label":"Kognitiivinen toiminto"},{"value":3478,"label":"Nervh\u00e4lsa"},{"value":3591,"label":"Nervsystemets h\u00e4lsa"},{"value":4816,"label":"neurologinen toiminta"},{"value":4815,"label":"OptiPEA"},{"value":4813,"label":"palmitoyylietanoliamidi"},{"value":4814,"label":"PEA"},{"value":4817,"label":"psykologinen toiminta"},{"value":1334,"label":"tulehdus"},{"value":2958,"label":"Vitamiini B12"},{"value":3182,"label":"Vitamiini B6"}]},"featured_image_src_large":["https:\/\/reviva.fi\/wp-content\/uploads\/2025\/01\/8527-60-Neuro-logical-plus.jpg",780,780,false],"author_info":[],"comment_info":0,"_links":{"self":[{"href":"https:\/\/reviva.fi\/fi\/wp-json\/wp\/v2\/product\/10514","targetHints":{"allow":["GET"]}}],"collection":[{"href":"https:\/\/reviva.fi\/fi\/wp-json\/wp\/v2\/product"}],"about":[{"href":"https:\/\/reviva.fi\/fi\/wp-json\/wp\/v2\/types\/product"}],"replies":[{"embeddable":true,"href":"https:\/\/reviva.fi\/fi\/wp-json\/wp\/v2\/comments?post=10514"}],"wp:featuredmedia":[{"embeddable":true,"href":"https:\/\/reviva.fi\/fi\/wp-json\/wp\/v2\/media\/10511"}],"wp:attachment":[{"href":"https:\/\/reviva.fi\/fi\/wp-json\/wp\/v2\/media?parent=10514"}],"wp:term":[{"taxonomy":"product_brand","embeddable":true,"href":"https:\/\/reviva.fi\/fi\/wp-json\/wp\/v2\/product_brand?post=10514"},{"taxonomy":"product_cat","embeddable":true,"href":"https:\/\/reviva.fi\/fi\/wp-json\/wp\/v2\/product_cat?post=10514"},{"taxonomy":"product_tag","embeddable":true,"href":"https:\/\/reviva.fi\/fi\/wp-json\/wp\/v2\/product_tag?post=10514"}],"curies":[{"name":"wp","href":"https:\/\/api.w.org\/{rel}","templated":true}]}}