{"id":10528,"date":"2025-01-22T15:43:56","date_gmt":"2025-01-22T13:43:56","guid":{"rendered":"https:\/\/reviva.fi\/product\/l-ornitin-hydroklorid-500mg\/"},"modified":"2026-02-23T15:28:13","modified_gmt":"2026-02-23T13:28:13","slug":"l-ornitiini-hydrokloridi-500mg","status":"publish","type":"product","link":"https:\/\/reviva.fi\/fi\/tuote\/l-ornitiini-hydrokloridi-500mg\/","title":{"rendered":"L-Ornitiini HCl 500mg &#8211; Lamberts"},"content":{"rendered":"<p data-start=\"0\" data-end=\"52\"><strong data-start=\"3\" data-end=\"52\">L-Ornitiini HCl 500 mg (Free Form) \u2013 Lamberts<\/strong><\/p>\n<p data-start=\"54\" data-end=\"89\">Puhdas aminohappo vapaassa muodossa<\/p>\n<p data-start=\"91\" data-end=\"377\">Lamberts L-Ornitiini HCl 500 mg on korkealaatuinen ravintolis\u00e4, joka sis\u00e4lt\u00e4\u00e4 L-ornitiinia vapaassa muodossa (free form). T\u00e4m\u00e4 tarkoittaa, ett\u00e4 aminohappo ei ole sitoutunut proteiiniin ja on siten valmis imeytym\u00e4\u00e4n ilman, ett\u00e4 sit\u00e4 tarvitsee ensin pilkkoa ruoansulatusentsyymien avulla.<\/p>\n<p data-start=\"379\" data-end=\"528\">Jokainen kapseli sis\u00e4lt\u00e4\u00e4 500 mg L-ornitiinihydrokloridia (HCl), joka on vakaa ja hyvin imeytyv\u00e4 muoto ja jota k\u00e4ytet\u00e4\u00e4n laadukkaissa ravintolisiss\u00e4.<\/p>\n<div data-start=\"535\" data-end=\"563\"><strong data-start=\"539\" data-end=\"563\">Mit\u00e4 L-ornitiini on?<\/strong><\/div>\n<p data-start=\"565\" data-end=\"749\">L-ornitiini on aminohapon kaltainen yhdiste, joka muodostuu elimist\u00f6ss\u00e4 arginiini-aminohaposta. Sit\u00e4 esiintyy luonnostaan kehossa ja se osallistuu useisiin aineenvaihduntaprosesseihin.<\/p>\n<div data-start=\"756\" data-end=\"792\"><strong data-start=\"760\" data-end=\"792\">Free Form \u2013 suoraan imeytyv\u00e4<\/strong><\/div>\n<p data-start=\"794\" data-end=\"823\">Vapaa muoto tarkoittaa, ett\u00e4:<\/p>\n<ul data-start=\"825\" data-end=\"954\">\n<li data-start=\"825\" data-end=\"869\">\n<p data-start=\"827\" data-end=\"869\">aminohappo ei ole sitoutunut proteiiniin<\/p>\n<\/li>\n<li data-start=\"870\" data-end=\"916\">\n<p data-start=\"872\" data-end=\"916\">sit\u00e4 ei tarvitse pilkkoa ruoansulatuksessa<\/p>\n<\/li>\n<li data-start=\"917\" data-end=\"954\">\n<p data-start=\"919\" data-end=\"954\">elimist\u00f6 voi imeytt\u00e4\u00e4 sen suoraan<\/p>\n<\/li>\n<\/ul>\n<p data-start=\"956\" data-end=\"1108\">T\u00e4m\u00e4 tekee tuotteesta erityisen sopivan henkil\u00f6ille, jotka haluavat puhtaan ja helposti saatavilla olevan aminohappolis\u00e4n kapseli- tai tablettimuodossa.<\/p>\n<div data-start=\"1115\" data-end=\"1166\"><strong data-start=\"1119\" data-end=\"1166\">500 mg per kapseli \u2013 k\u00e4yt\u00e4nn\u00f6llinen vahvuus<\/strong><\/div>\n<p data-start=\"1168\" data-end=\"1296\">Jokainen kapseli sis\u00e4lt\u00e4\u00e4 500 mg L-ornitiini HCl:\u00e4\u00e4, mik\u00e4 tarjoaa tehokkaan ja k\u00e4yt\u00e4nn\u00f6llisen annoksen helpossa kapselimuodossa.<\/p>\n<div data-start=\"1303\" data-end=\"1327\"><strong data-start=\"1307\" data-end=\"1327\">Puhtaus ja laatu<\/strong><\/div>\n<p data-start=\"1329\" data-end=\"1564\">Lamberts tunnetaan korkeista laatustandardeistaan ja huolellisesti valituista raaka-aineistaan. L-Ornitiini HCl 500 mg valmistetaan Isossa-Britanniassa tiukkojen farmaseuttisten GMP-standardien (Good Manufacturing Practice) mukaisesti.<\/p>\n<p data-start=\"1566\" data-end=\"1581\">T\u00e4m\u00e4 varmistaa:<\/p>\n<ul data-start=\"1583\" data-end=\"1682\">\n<li data-start=\"1583\" data-end=\"1614\">\n<p data-start=\"1585\" data-end=\"1614\">tarkasti valvotut ainesosat<\/p>\n<\/li>\n<li data-start=\"1615\" data-end=\"1648\">\n<p data-start=\"1617\" data-end=\"1648\">oikean ja tasaisen annostelun<\/p>\n<\/li>\n<li data-start=\"1649\" data-end=\"1682\">\n<p data-start=\"1651\" data-end=\"1682\">korkean puhtauden ja vakauden<\/p>\n<\/li>\n<\/ul>\n<p data-start=\"1684\" data-end=\"1750\">Tuote on kehitetty laatu, turvallisuus ja luotettavuus etusijalla.<\/p>\n<div data-start=\"1757\" data-end=\"1795\"><strong data-start=\"1761\" data-end=\"1795\">Kenelle L-Ornitiini HCl sopii?<\/strong><\/div>\n<p data-start=\"1797\" data-end=\"1829\">Tuote voi olla erityisen sopiva:<\/p>\n<ul data-start=\"1831\" data-end=\"2059\" data-is-last-node=\"\" data-is-only-node=\"\">\n<li data-start=\"1831\" data-end=\"1894\">\n<p data-start=\"1833\" data-end=\"1894\">henkil\u00f6ille, jotka haluavat t\u00e4ydent\u00e4\u00e4 aminohappojen saantia<\/p>\n<\/li>\n<li data-start=\"1895\" data-end=\"1933\">\n<p data-start=\"1897\" data-end=\"1933\">aktiivista el\u00e4m\u00e4ntapaa viett\u00e4ville<\/p>\n<\/li>\n<li data-start=\"1934\" data-end=\"1969\">\n<p data-start=\"1936\" data-end=\"1969\">s\u00e4\u00e4nn\u00f6llisesti harjoitteleville<\/p>\n<\/li>\n<li data-start=\"1970\" data-end=\"2027\">\n<p data-start=\"1972\" data-end=\"2027\">henkil\u00f6ille, jotka suosivat kapseleita jauheen sijaan<\/p>\n<\/li>\n<li data-start=\"2028\" data-end=\"2059\" data-is-last-node=\"\">\n<p data-start=\"2030\" data-end=\"2059\" data-is-last-node=\"\">kasvissy\u00f6jille ja vegaaneille<\/p>\n<\/li>\n<\/ul>\n","protected":false},"excerpt":{"rendered":"<div class=\"flex flex-col text-sm pb-25\">\n<article class=\"text-token-text-primary w-full focus:outline-none [--shadow-height:45px] has-data-writing-block:pointer-events-none has-data-writing-block:-mt-(--shadow-height) has-data-writing-block:pt-(--shadow-height) [&amp;:has([data-writing-block])&gt;*]:pointer-events-auto scroll-mt-[calc(var(--header-height)+min(200px,max(70px,20svh)))]\" dir=\"auto\" tabindex=\"-1\" data-turn-id=\"request-698a1824-1cb0-8333-9a3e-4ef56302f53a-17\" data-testid=\"conversation-turn-270\" data-scroll-anchor=\"true\" data-turn=\"assistant\">\n<div class=\"text-base my-auto mx-auto pb-10 [--thread-content-margin:--spacing(4)] @w-sm\/main:[--thread-content-margin:--spacing(6)] @w-lg\/main:[--thread-content-margin:--spacing(16)] px-(--thread-content-margin)\">\n<div class=\"[--thread-content-max-width:40rem] @w-lg\/main:[--thread-content-max-width:48rem] mx-auto max-w-(--thread-content-max-width) flex-1 group\/turn-messages focus-visible:outline-hidden relative flex w-full min-w-0 flex-col agent-turn\" tabindex=\"-1\">\n<div class=\"flex max-w-full flex-col grow\">\n<div class=\"min-h-8 text-message relative flex w-full flex-col items-end gap-2 text-start break-words whitespace-normal [.text-message+&amp;]:mt-1\" dir=\"auto\" data-message-author-role=\"assistant\" data-message-id=\"70b85bd8-87fb-425c-8a3d-da96cb51735b\" data-message-model-slug=\"gpt-5-2\">\n<div class=\"flex w-full flex-col gap-1 empty:hidden first:pt-[1px]\">\n<div class=\"markdown prose dark:prose-invert w-full wrap-break-word light markdown-new-styling\">\n<p data-start=\"0\" data-end=\"296\">L-Ornitiini HCl 500 mg Lambertsilta on korkealaatuinen ravintolis\u00e4, joka sis\u00e4lt\u00e4\u00e4 aminohapon kaltaisen yhdisteen vapaassa muodossa. 500 mg per kapseli tarjoaa k\u00e4yt\u00e4nn\u00f6llisen ja helposti k\u00e4ytett\u00e4v\u00e4n vaihtoehdon p\u00e4ivitt\u00e4iseen k\u00e4ytt\u00f6\u00f6n, ja tuote on valmistettu korkeiden laatustandardien mukaisesti.<\/p>\n<p data-start=\"298\" data-end=\"313\" data-is-last-node=\"\" data-is-only-node=\"\"><strong data-start=\"298\" data-end=\"313\" data-is-last-node=\"\">60 kapselia<\/strong><\/p>\n<\/div>\n<\/div>\n<\/div>\n<\/div>\n<\/div>\n<\/div>\n<\/article>\n<\/div>\n<div class=\"pointer-events-none h-px w-px absolute bottom-0\" aria-hidden=\"true\" data-edge=\"true\"><\/div>\n","protected":false},"featured_media":10522,"comment_status":"closed","ping_status":"closed","template":"","meta":{"_acf_changed":false,"inline_featured_image":false,"_kad_blocks_custom_css":"","_kad_blocks_head_custom_js":"","_kad_blocks_body_custom_js":"","_kad_blocks_footer_custom_js":"","_kadence_starter_templates_imported_post":false,"_kad_post_transparent":"default","_kad_post_title":"","_kad_post_layout":"default","_kad_post_sidebar_id":"","_kad_post_content_style":"default","_kad_post_vertical_padding":"default","_kad_post_feature":"","_kad_post_feature_position":"","_kad_post_header":false,"_kad_post_footer":false},"product_brand":[],"product_cat":[88,2444],"product_tag":[4463,409,1627,4418,4402,444,4808,4700,4806,4465,4812,4809,4807,4699,1510,4810,4811,4464,4468,1162],"class_list":{"0":"post-10528","1":"product","2":"type-product","3":"status-publish","4":"has-post-thumbnail","6":"product_cat-aminosyror-fi","7":"product_cat-lamberts-fi","8":"product_tag-500-mg-fi","9":"product_tag-aminohappo","10":"product_tag-elpyminen","11":"product_tag-energiantuotanto","12":"product_tag-gmp-standardi","13":"product_tag-immuunijarjestelma","14":"product_tag-kasvuhormoni","15":"product_tag-koulutustuki","16":"product_tag-l-ornitiini","17":"product_tag-lihasten-palautuminen","18":"product_tag-lihasten-rakentaminen-fi","19":"product_tag-maksan-toiminta","20":"product_tag-maksimaalinen-imeytyminen","21":"product_tag-proteiinisynteesi","22":"product_tag-suorituskyky","23":"product_tag-typpitasapaino","24":"product_tag-ureasykli","25":"product_tag-vapaa-muotoinen","26":"product_tag-vegaaninen","27":"product_tag-vieroitus","29":"first","30":"instock","31":"taxable","32":"shipping-taxable","33":"purchasable","34":"product-type-simple","35":"entry","36":"content-bg","37":"loop-entry"},"acf":[],"yoast_head":"<!-- This site is optimized with the Yoast SEO plugin v25.8 - https:\/\/yoast.com\/wordpress\/plugins\/seo\/ -->\n<title>L-Ornitiini HCl 500mg - Lamberts - Reviva<\/title>\n<meta name=\"description\" content=\"L-Ornitiini hydrokloridi 500 mg on ornitiiniravintolis\u00e4, joka sis\u00e4lt\u00e4\u00e4 korkealaatuista L-ornitiia. Tehokas lis\u00e4 lihaskasvulle ja palautumisen optimointiin.\" \/>\n<meta name=\"robots\" content=\"index, follow, max-snippet:-1, max-image-preview:large, max-video-preview:-1\" \/>\n<link rel=\"canonical\" href=\"https:\/\/reviva.fi\/fi\/tuote\/l-ornitiini-hydrokloridi-500mg\/\" \/>\n<meta property=\"og:locale\" content=\"fi_FI\" \/>\n<meta property=\"og:type\" content=\"article\" \/>\n<meta property=\"og:title\" content=\"L-Ornitiini HCl 500mg - Lamberts - Reviva\" \/>\n<meta property=\"og:description\" content=\"L-Ornitiini hydrokloridi 500 mg on ornitiiniravintolis\u00e4, joka sis\u00e4lt\u00e4\u00e4 korkealaatuista L-ornitiia. Tehokas lis\u00e4 lihaskasvulle ja palautumisen optimointiin.\" \/>\n<meta property=\"og:url\" content=\"https:\/\/reviva.fi\/fi\/tuote\/l-ornitiini-hydrokloridi-500mg\/\" \/>\n<meta property=\"og:site_name\" content=\"Reviva\" \/>\n<meta property=\"article:modified_time\" content=\"2026-02-23T13:28:13+00:00\" \/>\n<meta property=\"og:image\" content=\"https:\/\/reviva.fi\/wp-content\/uploads\/2025\/01\/8319-60-L-Ornithine-HCl.jpg\" \/>\n\t<meta property=\"og:image:width\" content=\"780\" \/>\n\t<meta property=\"og:image:height\" content=\"780\" \/>\n\t<meta property=\"og:image:type\" content=\"image\/jpeg\" \/>\n<meta name=\"twitter:card\" content=\"summary_large_image\" \/>\n<script type=\"application\/ld+json\" class=\"yoast-schema-graph\">{\"@context\":\"https:\/\/schema.org\",\"@graph\":[{\"@type\":\"WebPage\",\"@id\":\"https:\/\/reviva.fi\/fi\/tuote\/l-ornitiini-hydrokloridi-500mg\/\",\"url\":\"https:\/\/reviva.fi\/fi\/tuote\/l-ornitiini-hydrokloridi-500mg\/\",\"name\":\"L-Ornitiini HCl 500mg - Lamberts - Reviva\",\"isPartOf\":{\"@id\":\"https:\/\/reviva.fi\/fi\/#website\"},\"primaryImageOfPage\":{\"@id\":\"https:\/\/reviva.fi\/fi\/tuote\/l-ornitiini-hydrokloridi-500mg\/#primaryimage\"},\"image\":{\"@id\":\"https:\/\/reviva.fi\/fi\/tuote\/l-ornitiini-hydrokloridi-500mg\/#primaryimage\"},\"thumbnailUrl\":\"https:\/\/reviva.fi\/wp-content\/uploads\/2025\/01\/8319-60-L-Ornithine-HCl.jpg\",\"datePublished\":\"2025-01-22T13:43:56+00:00\",\"dateModified\":\"2026-02-23T13:28:13+00:00\",\"description\":\"L-Ornitiini hydrokloridi 500 mg on ornitiiniravintolis\u00e4, joka sis\u00e4lt\u00e4\u00e4 korkealaatuista L-ornitiia. Tehokas lis\u00e4 lihaskasvulle ja palautumisen optimointiin.\",\"breadcrumb\":{\"@id\":\"https:\/\/reviva.fi\/fi\/tuote\/l-ornitiini-hydrokloridi-500mg\/#breadcrumb\"},\"inLanguage\":\"fi\",\"potentialAction\":[{\"@type\":\"ReadAction\",\"target\":[\"https:\/\/reviva.fi\/fi\/tuote\/l-ornitiini-hydrokloridi-500mg\/\"]}]},{\"@type\":\"ImageObject\",\"inLanguage\":\"fi\",\"@id\":\"https:\/\/reviva.fi\/fi\/tuote\/l-ornitiini-hydrokloridi-500mg\/#primaryimage\",\"url\":\"https:\/\/reviva.fi\/wp-content\/uploads\/2025\/01\/8319-60-L-Ornithine-HCl.jpg\",\"contentUrl\":\"https:\/\/reviva.fi\/wp-content\/uploads\/2025\/01\/8319-60-L-Ornithine-HCl.jpg\",\"width\":780,\"height\":780,\"caption\":\"L-Ornitiini hydrokloridi 500mg\"},{\"@type\":\"BreadcrumbList\",\"@id\":\"https:\/\/reviva.fi\/fi\/tuote\/l-ornitiini-hydrokloridi-500mg\/#breadcrumb\",\"itemListElement\":[{\"@type\":\"ListItem\",\"position\":1,\"name\":\"Etusivu\",\"item\":\"https:\/\/reviva.fi\/fi\/\"},{\"@type\":\"ListItem\",\"position\":2,\"name\":\"Tuotteet\",\"item\":\"https:\/\/reviva.fi\/produkter\/\"},{\"@type\":\"ListItem\",\"position\":3,\"name\":\"L-Ornitiini HCl 500mg &#8211; Lamberts\"}]},{\"@type\":\"WebSite\",\"@id\":\"https:\/\/reviva.fi\/fi\/#website\",\"url\":\"https:\/\/reviva.fi\/fi\/\",\"name\":\"Reviva\",\"description\":\"\",\"publisher\":{\"@id\":\"https:\/\/reviva.fi\/fi\/#organization\"},\"potentialAction\":[{\"@type\":\"SearchAction\",\"target\":{\"@type\":\"EntryPoint\",\"urlTemplate\":\"https:\/\/reviva.fi\/fi\/?s={search_term_string}\"},\"query-input\":{\"@type\":\"PropertyValueSpecification\",\"valueRequired\":true,\"valueName\":\"search_term_string\"}}],\"inLanguage\":\"fi\"},{\"@type\":\"Organization\",\"@id\":\"https:\/\/reviva.fi\/fi\/#organization\",\"name\":\"Reviva\",\"url\":\"https:\/\/reviva.fi\/fi\/\",\"logo\":{\"@type\":\"ImageObject\",\"inLanguage\":\"fi\",\"@id\":\"https:\/\/reviva.fi\/fi\/#\/schema\/logo\/image\/\",\"url\":\"https:\/\/reviva.fi\/wp-content\/uploads\/2023\/10\/reviva-logo2.svg\",\"contentUrl\":\"https:\/\/reviva.fi\/wp-content\/uploads\/2023\/10\/reviva-logo2.svg\",\"caption\":\"Reviva\"},\"image\":{\"@id\":\"https:\/\/reviva.fi\/fi\/#\/schema\/logo\/image\/\"}}]}<\/script>\n<meta property=\"product:price:amount\" content=\"32.90\" \/>\n<meta property=\"product:price:currency\" content=\"EUR\" \/>\n<meta property=\"og:availability\" content=\"instock\" \/>\n<meta property=\"product:availability\" content=\"instock\" \/>\n<meta property=\"product:retailer_item_id\" content=\"8319-60\" \/>\n<meta property=\"product:condition\" content=\"new\" \/>\n<!-- \/ Yoast SEO plugin. -->","yoast_head_json":{"title":"L-Ornitiini HCl 500mg - Lamberts - Reviva","description":"L-Ornitiini hydrokloridi 500 mg on ornitiiniravintolis\u00e4, joka sis\u00e4lt\u00e4\u00e4 korkealaatuista L-ornitiia. Tehokas lis\u00e4 lihaskasvulle ja palautumisen optimointiin.","robots":{"index":"index","follow":"follow","max-snippet":"max-snippet:-1","max-image-preview":"max-image-preview:large","max-video-preview":"max-video-preview:-1"},"canonical":"https:\/\/reviva.fi\/fi\/tuote\/l-ornitiini-hydrokloridi-500mg\/","og_locale":"fi_FI","og_type":"article","og_title":"L-Ornitiini HCl 500mg - Lamberts - Reviva","og_description":"L-Ornitiini hydrokloridi 500 mg on ornitiiniravintolis\u00e4, joka sis\u00e4lt\u00e4\u00e4 korkealaatuista L-ornitiia. Tehokas lis\u00e4 lihaskasvulle ja palautumisen optimointiin.","og_url":"https:\/\/reviva.fi\/fi\/tuote\/l-ornitiini-hydrokloridi-500mg\/","og_site_name":"Reviva","article_modified_time":"2026-02-23T13:28:13+00:00","og_image":[{"width":780,"height":780,"url":"https:\/\/reviva.fi\/wp-content\/uploads\/2025\/01\/8319-60-L-Ornithine-HCl.jpg","type":"image\/jpeg"}],"twitter_card":"summary_large_image","schema":{"@context":"https:\/\/schema.org","@graph":[{"@type":"WebPage","@id":"https:\/\/reviva.fi\/fi\/tuote\/l-ornitiini-hydrokloridi-500mg\/","url":"https:\/\/reviva.fi\/fi\/tuote\/l-ornitiini-hydrokloridi-500mg\/","name":"L-Ornitiini HCl 500mg - Lamberts - Reviva","isPartOf":{"@id":"https:\/\/reviva.fi\/fi\/#website"},"primaryImageOfPage":{"@id":"https:\/\/reviva.fi\/fi\/tuote\/l-ornitiini-hydrokloridi-500mg\/#primaryimage"},"image":{"@id":"https:\/\/reviva.fi\/fi\/tuote\/l-ornitiini-hydrokloridi-500mg\/#primaryimage"},"thumbnailUrl":"https:\/\/reviva.fi\/wp-content\/uploads\/2025\/01\/8319-60-L-Ornithine-HCl.jpg","datePublished":"2025-01-22T13:43:56+00:00","dateModified":"2026-02-23T13:28:13+00:00","description":"L-Ornitiini hydrokloridi 500 mg on ornitiiniravintolis\u00e4, joka sis\u00e4lt\u00e4\u00e4 korkealaatuista L-ornitiia. Tehokas lis\u00e4 lihaskasvulle ja palautumisen optimointiin.","breadcrumb":{"@id":"https:\/\/reviva.fi\/fi\/tuote\/l-ornitiini-hydrokloridi-500mg\/#breadcrumb"},"inLanguage":"fi","potentialAction":[{"@type":"ReadAction","target":["https:\/\/reviva.fi\/fi\/tuote\/l-ornitiini-hydrokloridi-500mg\/"]}]},{"@type":"ImageObject","inLanguage":"fi","@id":"https:\/\/reviva.fi\/fi\/tuote\/l-ornitiini-hydrokloridi-500mg\/#primaryimage","url":"https:\/\/reviva.fi\/wp-content\/uploads\/2025\/01\/8319-60-L-Ornithine-HCl.jpg","contentUrl":"https:\/\/reviva.fi\/wp-content\/uploads\/2025\/01\/8319-60-L-Ornithine-HCl.jpg","width":780,"height":780,"caption":"L-Ornitiini hydrokloridi 500mg"},{"@type":"BreadcrumbList","@id":"https:\/\/reviva.fi\/fi\/tuote\/l-ornitiini-hydrokloridi-500mg\/#breadcrumb","itemListElement":[{"@type":"ListItem","position":1,"name":"Etusivu","item":"https:\/\/reviva.fi\/fi\/"},{"@type":"ListItem","position":2,"name":"Tuotteet","item":"https:\/\/reviva.fi\/produkter\/"},{"@type":"ListItem","position":3,"name":"L-Ornitiini HCl 500mg &#8211; Lamberts"}]},{"@type":"WebSite","@id":"https:\/\/reviva.fi\/fi\/#website","url":"https:\/\/reviva.fi\/fi\/","name":"Reviva","description":"","publisher":{"@id":"https:\/\/reviva.fi\/fi\/#organization"},"potentialAction":[{"@type":"SearchAction","target":{"@type":"EntryPoint","urlTemplate":"https:\/\/reviva.fi\/fi\/?s={search_term_string}"},"query-input":{"@type":"PropertyValueSpecification","valueRequired":true,"valueName":"search_term_string"}}],"inLanguage":"fi"},{"@type":"Organization","@id":"https:\/\/reviva.fi\/fi\/#organization","name":"Reviva","url":"https:\/\/reviva.fi\/fi\/","logo":{"@type":"ImageObject","inLanguage":"fi","@id":"https:\/\/reviva.fi\/fi\/#\/schema\/logo\/image\/","url":"https:\/\/reviva.fi\/wp-content\/uploads\/2023\/10\/reviva-logo2.svg","contentUrl":"https:\/\/reviva.fi\/wp-content\/uploads\/2023\/10\/reviva-logo2.svg","caption":"Reviva"},"image":{"@id":"https:\/\/reviva.fi\/fi\/#\/schema\/logo\/image\/"}}]},"product_price_amount":"32.90","product_price_currency":"EUR","og_availability":"instock","product_availability":"instock","product_retailer_item_id":"8319-60","product_condition":"new"},"taxonomy_info":{"product_cat":[{"value":88,"label":"Aminohapot"},{"value":2444,"label":"Lamberts"}],"product_tag":[{"value":4463,"label":"500 mg"},{"value":409,"label":"aminohappo"},{"value":1627,"label":"elpyminen"},{"value":4418,"label":"Energiantuotanto"},{"value":4402,"label":"GMP standardi"},{"value":444,"label":"immuunij\u00e4rjestelm\u00e4"},{"value":4808,"label":"kasvuhormoni"},{"value":4700,"label":"koulutustuki"},{"value":4806,"label":"L-ornitiini"},{"value":4465,"label":"lihasten palautuminen"},{"value":4812,"label":"lihasten rakentaminen"},{"value":4809,"label":"maksan toiminta"},{"value":4807,"label":"maksimaalinen imeytyminen"},{"value":4699,"label":"proteiinisynteesi"},{"value":1510,"label":"suorituskyky"},{"value":4810,"label":"typpitasapaino"},{"value":4811,"label":"ureasykli"},{"value":4464,"label":"Vapaa muotoinen"},{"value":4468,"label":"Vegaaninen"},{"value":1162,"label":"vieroitus"}]},"featured_image_src_large":["https:\/\/reviva.fi\/wp-content\/uploads\/2025\/01\/8319-60-L-Ornithine-HCl.jpg",780,780,false],"author_info":[],"comment_info":0,"_links":{"self":[{"href":"https:\/\/reviva.fi\/fi\/wp-json\/wp\/v2\/product\/10528","targetHints":{"allow":["GET"]}}],"collection":[{"href":"https:\/\/reviva.fi\/fi\/wp-json\/wp\/v2\/product"}],"about":[{"href":"https:\/\/reviva.fi\/fi\/wp-json\/wp\/v2\/types\/product"}],"replies":[{"embeddable":true,"href":"https:\/\/reviva.fi\/fi\/wp-json\/wp\/v2\/comments?post=10528"}],"wp:featuredmedia":[{"embeddable":true,"href":"https:\/\/reviva.fi\/fi\/wp-json\/wp\/v2\/media\/10522"}],"wp:attachment":[{"href":"https:\/\/reviva.fi\/fi\/wp-json\/wp\/v2\/media?parent=10528"}],"wp:term":[{"taxonomy":"product_brand","embeddable":true,"href":"https:\/\/reviva.fi\/fi\/wp-json\/wp\/v2\/product_brand?post=10528"},{"taxonomy":"product_cat","embeddable":true,"href":"https:\/\/reviva.fi\/fi\/wp-json\/wp\/v2\/product_cat?post=10528"},{"taxonomy":"product_tag","embeddable":true,"href":"https:\/\/reviva.fi\/fi\/wp-json\/wp\/v2\/product_tag?post=10528"}],"curies":[{"name":"wp","href":"https:\/\/api.w.org\/{rel}","templated":true}]}}