{"id":10575,"date":"2025-01-23T10:50:37","date_gmt":"2025-01-23T08:50:37","guid":{"rendered":"https:\/\/reviva.fi\/product\/multi-guard-control-for-battre-blod-socker-balans\/"},"modified":"2026-03-23T12:06:40","modified_gmt":"2026-03-23T10:06:40","slug":"multi-guard-control-lamberts","status":"publish","type":"product","link":"https:\/\/reviva.fi\/fi\/tuote\/multi-guard-control-lamberts\/","title":{"rendered":"MULTI-GUARD CONTROL &#8211; Lamberts"},"content":{"rendered":"<h1 class=\"page-title\">MULTI-GUARD CONTROL &#8211; Lamberts<\/h1>\n<p>Multi-Guard\u00ae on yksi t\u00e4ydellisimmist\u00e4 monivitamiini-\/kivenn\u00e4isravintolisist\u00e4 aikuisille Ruotsissa. Lamberts ei ole tehnyt kompromisseja vaan valmistaa korkealaatuisia tuotteita. Suurten B-vitamiiniannosten lis\u00e4ksi Multi-Guard sis\u00e4lt\u00e4\u00e4 my\u00f6s t\u00e4rkeimm\u00e4t antioksidantit ja kivenn\u00e4isaineet sek\u00e4 hivenaineet. Lambert&#8217;s Multi-Guard\u00ae Control on kehitetty ainutlaatuiseksi ravintolis\u00e4ksi, joka voi auttaa kehoa yll\u00e4pit\u00e4m\u00e4\u00e4n tasaisempaa verensokeritasapainoa aterioiden v\u00e4lill\u00e4. Kromi edist\u00e4\u00e4 normaalin verensokeritason yll\u00e4pit\u00e4mist\u00e4.<\/p>\n<p>T\u00e4m\u00e4 ainutlaatuinen koostumus sis\u00e4lt\u00e4\u00e4 26 ravintoainetta. Multi-Guard\u00ae-kontrolli sis\u00e4lt\u00e4\u00e4 muun muassa 200 \u00b5g kromia GTF:\u00e4\u00e4 (Glucose Tolerance Factor), jonka on osoitettu auttavan yll\u00e4pit\u00e4m\u00e4\u00e4n vakaampia verensokeritasoja. Olemme my\u00f6s lis\u00e4nneet 300mg magnesiumjauhettua kanelikuorta.<\/p>\n<p>Muita ravintoaineita, joita on my\u00f6s lis\u00e4tty, ovat: sinkki, C-vitamiini, B1-, B3- ja B6-vitamiinit.<\/p>\n","protected":false},"excerpt":{"rendered":"<p>Lamberts MULTIGUARD \u00ae CONTROL on monivitamiiniravintolis\u00e4, joka on erityisesti kehitetty ihmisille, jotka haluavat s\u00e4ilytt\u00e4\u00e4 tasaisemman verensokeritasapainon ja v\u00e4hent\u00e4\u00e4 sokerinhimoa. Ravintolis\u00e4 sis\u00e4lt\u00e4\u00e4 vitamiineja, kivenn\u00e4isaineita ja muita yrttiuutteita, kuten kanelia, joiden on osoitettu edist\u00e4v\u00e4n glukoosiaineenvaihduntaa ja pit\u00e4v\u00e4n verensokeritasoja hallinnassa.<\/p>\n<p><strong>120 tablettia<\/strong><\/p>\n","protected":false},"featured_media":10534,"comment_status":"closed","ping_status":"closed","template":"","meta":{"_acf_changed":false,"inline_featured_image":false,"_kad_blocks_custom_css":"","_kad_blocks_head_custom_js":"","_kad_blocks_body_custom_js":"","_kad_blocks_footer_custom_js":"","_kadence_starter_templates_imported_post":false,"_kad_post_transparent":"default","_kad_post_title":"","_kad_post_layout":"default","_kad_post_sidebar_id":"","_kad_post_content_style":"default","_kad_post_vertical_padding":"default","_kad_post_feature":"","_kad_post_feature_position":"","_kad_post_header":false,"_kad_post_footer":false},"product_brand":[],"product_cat":[5961,5972,5978,2444],"product_tag":[412,4799,4671,4801,4769,4761,4805,4803,4762,4800,2910,476,479,4763,4567,496,4793,4802,4740,4804,3182],"class_list":{"0":"post-10575","1":"product","2":"type-product","3":"status-publish","4":"has-post-thumbnail","6":"product_cat-multi-vitamin-fi","7":"product_cat-multi-mineral-fi","8":"product_cat-multi-produkter-fi","9":"product_cat-lamberts-fi","10":"product_tag-antioksidantti","11":"product_tag-b1-vitamiini-fi","12":"product_tag-b3-vitamiini-fi","13":"product_tag-diabetestuki","14":"product_tag-energian-aineenvaihduntaa","15":"product_tag-glukoosin-aineenvaihdunta","16":"product_tag-glukoosin-hallinta","17":"product_tag-glykeeminen-hallinta","18":"product_tag-insuliiniresistenssi","19":"product_tag-kanelin-kuori","20":"product_tag-kromi","21":"product_tag-lisaravinne","22":"product_tag-magnesiumi","23":"product_tag-metabolinen-terveys","24":"product_tag-monimineraali","25":"product_tag-multivitamiini","26":"product_tag-ravintolisat","27":"product_tag-sokeritasapaino","28":"product_tag-verensokerin-hallinta","29":"product_tag-verensokerin-saately","30":"product_tag-vitamiini-b6","32":"first","33":"instock","34":"taxable","35":"shipping-taxable","36":"purchasable","37":"product-type-simple","38":"entry","39":"content-bg","40":"loop-entry"},"acf":[],"yoast_head":"<!-- This site is optimized with the Yoast SEO plugin v25.8 - https:\/\/yoast.com\/wordpress\/plugins\/seo\/ -->\n<title>Multi-Guard Kontroll f\u00f6r blodsockerbalans<\/title>\n<meta name=\"description\" content=\"MULTI-GUARD CONTROL - Lamberts, Ihmisille jotka haluavat s\u00e4ilytt\u00e4\u00e4 tasaisemman verensokeritasapainon ja v\u00e4hent\u00e4\u00e4 sokerinhimoa.\" \/>\n<meta name=\"robots\" content=\"index, follow, max-snippet:-1, max-image-preview:large, max-video-preview:-1\" \/>\n<link rel=\"canonical\" href=\"https:\/\/reviva.fi\/fi\/tuote\/multi-guard-control-lamberts\/\" \/>\n<meta property=\"og:locale\" content=\"fi_FI\" \/>\n<meta property=\"og:type\" content=\"article\" \/>\n<meta property=\"og:title\" content=\"Multi-Guard Kontroll f\u00f6r blodsockerbalans\" \/>\n<meta property=\"og:description\" content=\"MULTI-GUARD CONTROL - Lamberts, Ihmisille jotka haluavat s\u00e4ilytt\u00e4\u00e4 tasaisemman verensokeritasapainon ja v\u00e4hent\u00e4\u00e4 sokerinhimoa.\" \/>\n<meta property=\"og:url\" content=\"https:\/\/reviva.fi\/fi\/tuote\/multi-guard-control-lamberts\/\" \/>\n<meta property=\"og:site_name\" content=\"Reviva\" \/>\n<meta property=\"article:modified_time\" content=\"2026-03-23T10:06:40+00:00\" \/>\n<meta property=\"og:image\" content=\"https:\/\/reviva.fi\/wp-content\/uploads\/2025\/01\/8441-120-Multi-Guard-Control.jpg\" \/>\n\t<meta property=\"og:image:width\" content=\"1000\" \/>\n\t<meta property=\"og:image:height\" content=\"1000\" \/>\n\t<meta property=\"og:image:type\" content=\"image\/jpeg\" \/>\n<meta name=\"twitter:card\" content=\"summary_large_image\" \/>\n<script type=\"application\/ld+json\" class=\"yoast-schema-graph\">{\"@context\":\"https:\/\/schema.org\",\"@graph\":[{\"@type\":\"WebPage\",\"@id\":\"https:\/\/reviva.fi\/fi\/tuote\/multi-guard-control-lamberts\/\",\"url\":\"https:\/\/reviva.fi\/fi\/tuote\/multi-guard-control-lamberts\/\",\"name\":\"Multi-Guard Kontroll f\u00f6r blodsockerbalans\",\"isPartOf\":{\"@id\":\"https:\/\/reviva.fi\/fi\/#website\"},\"primaryImageOfPage\":{\"@id\":\"https:\/\/reviva.fi\/fi\/tuote\/multi-guard-control-lamberts\/#primaryimage\"},\"image\":{\"@id\":\"https:\/\/reviva.fi\/fi\/tuote\/multi-guard-control-lamberts\/#primaryimage\"},\"thumbnailUrl\":\"https:\/\/reviva.fi\/wp-content\/uploads\/2025\/01\/8441-120-Multi-Guard-Control.jpg\",\"datePublished\":\"2025-01-23T08:50:37+00:00\",\"dateModified\":\"2026-03-23T10:06:40+00:00\",\"description\":\"MULTI-GUARD CONTROL - Lamberts, Ihmisille jotka haluavat s\u00e4ilytt\u00e4\u00e4 tasaisemman verensokeritasapainon ja v\u00e4hent\u00e4\u00e4 sokerinhimoa.\",\"breadcrumb\":{\"@id\":\"https:\/\/reviva.fi\/fi\/tuote\/multi-guard-control-lamberts\/#breadcrumb\"},\"inLanguage\":\"fi\",\"potentialAction\":[{\"@type\":\"ReadAction\",\"target\":[\"https:\/\/reviva.fi\/fi\/tuote\/multi-guard-control-lamberts\/\"]}]},{\"@type\":\"ImageObject\",\"inLanguage\":\"fi\",\"@id\":\"https:\/\/reviva.fi\/fi\/tuote\/multi-guard-control-lamberts\/#primaryimage\",\"url\":\"https:\/\/reviva.fi\/wp-content\/uploads\/2025\/01\/8441-120-Multi-Guard-Control.jpg\",\"contentUrl\":\"https:\/\/reviva.fi\/wp-content\/uploads\/2025\/01\/8441-120-Multi-Guard-Control.jpg\",\"width\":1000,\"height\":1000,\"caption\":\"MULTI-GUARD CONTROL - Lamberts\"},{\"@type\":\"BreadcrumbList\",\"@id\":\"https:\/\/reviva.fi\/fi\/tuote\/multi-guard-control-lamberts\/#breadcrumb\",\"itemListElement\":[{\"@type\":\"ListItem\",\"position\":1,\"name\":\"Etusivu\",\"item\":\"https:\/\/reviva.fi\/fi\/\"},{\"@type\":\"ListItem\",\"position\":2,\"name\":\"Tuotteet\",\"item\":\"https:\/\/reviva.fi\/produkter\/\"},{\"@type\":\"ListItem\",\"position\":3,\"name\":\"MULTI-GUARD CONTROL &#8211; Lamberts\"}]},{\"@type\":\"WebSite\",\"@id\":\"https:\/\/reviva.fi\/fi\/#website\",\"url\":\"https:\/\/reviva.fi\/fi\/\",\"name\":\"Reviva\",\"description\":\"\",\"publisher\":{\"@id\":\"https:\/\/reviva.fi\/fi\/#organization\"},\"potentialAction\":[{\"@type\":\"SearchAction\",\"target\":{\"@type\":\"EntryPoint\",\"urlTemplate\":\"https:\/\/reviva.fi\/fi\/?s={search_term_string}\"},\"query-input\":{\"@type\":\"PropertyValueSpecification\",\"valueRequired\":true,\"valueName\":\"search_term_string\"}}],\"inLanguage\":\"fi\"},{\"@type\":\"Organization\",\"@id\":\"https:\/\/reviva.fi\/fi\/#organization\",\"name\":\"Reviva\",\"url\":\"https:\/\/reviva.fi\/fi\/\",\"logo\":{\"@type\":\"ImageObject\",\"inLanguage\":\"fi\",\"@id\":\"https:\/\/reviva.fi\/fi\/#\/schema\/logo\/image\/\",\"url\":\"https:\/\/reviva.fi\/wp-content\/uploads\/2023\/10\/reviva-logo2.svg\",\"contentUrl\":\"https:\/\/reviva.fi\/wp-content\/uploads\/2023\/10\/reviva-logo2.svg\",\"caption\":\"Reviva\"},\"image\":{\"@id\":\"https:\/\/reviva.fi\/fi\/#\/schema\/logo\/image\/\"}}]}<\/script>\n<meta property=\"product:price:amount\" content=\"40.40\" \/>\n<meta property=\"product:price:currency\" content=\"EUR\" \/>\n<meta property=\"og:availability\" content=\"instock\" \/>\n<meta property=\"product:availability\" content=\"instock\" \/>\n<meta property=\"product:retailer_item_id\" content=\"8441-120\" \/>\n<meta property=\"product:condition\" content=\"new\" \/>\n<!-- \/ Yoast SEO plugin. -->","yoast_head_json":{"title":"Multi-Guard Kontroll f\u00f6r blodsockerbalans","description":"MULTI-GUARD CONTROL - Lamberts, Ihmisille jotka haluavat s\u00e4ilytt\u00e4\u00e4 tasaisemman verensokeritasapainon ja v\u00e4hent\u00e4\u00e4 sokerinhimoa.","robots":{"index":"index","follow":"follow","max-snippet":"max-snippet:-1","max-image-preview":"max-image-preview:large","max-video-preview":"max-video-preview:-1"},"canonical":"https:\/\/reviva.fi\/fi\/tuote\/multi-guard-control-lamberts\/","og_locale":"fi_FI","og_type":"article","og_title":"Multi-Guard Kontroll f\u00f6r blodsockerbalans","og_description":"MULTI-GUARD CONTROL - Lamberts, Ihmisille jotka haluavat s\u00e4ilytt\u00e4\u00e4 tasaisemman verensokeritasapainon ja v\u00e4hent\u00e4\u00e4 sokerinhimoa.","og_url":"https:\/\/reviva.fi\/fi\/tuote\/multi-guard-control-lamberts\/","og_site_name":"Reviva","article_modified_time":"2026-03-23T10:06:40+00:00","og_image":[{"width":1000,"height":1000,"url":"https:\/\/reviva.fi\/wp-content\/uploads\/2025\/01\/8441-120-Multi-Guard-Control.jpg","type":"image\/jpeg"}],"twitter_card":"summary_large_image","schema":{"@context":"https:\/\/schema.org","@graph":[{"@type":"WebPage","@id":"https:\/\/reviva.fi\/fi\/tuote\/multi-guard-control-lamberts\/","url":"https:\/\/reviva.fi\/fi\/tuote\/multi-guard-control-lamberts\/","name":"Multi-Guard Kontroll f\u00f6r blodsockerbalans","isPartOf":{"@id":"https:\/\/reviva.fi\/fi\/#website"},"primaryImageOfPage":{"@id":"https:\/\/reviva.fi\/fi\/tuote\/multi-guard-control-lamberts\/#primaryimage"},"image":{"@id":"https:\/\/reviva.fi\/fi\/tuote\/multi-guard-control-lamberts\/#primaryimage"},"thumbnailUrl":"https:\/\/reviva.fi\/wp-content\/uploads\/2025\/01\/8441-120-Multi-Guard-Control.jpg","datePublished":"2025-01-23T08:50:37+00:00","dateModified":"2026-03-23T10:06:40+00:00","description":"MULTI-GUARD CONTROL - Lamberts, Ihmisille jotka haluavat s\u00e4ilytt\u00e4\u00e4 tasaisemman verensokeritasapainon ja v\u00e4hent\u00e4\u00e4 sokerinhimoa.","breadcrumb":{"@id":"https:\/\/reviva.fi\/fi\/tuote\/multi-guard-control-lamberts\/#breadcrumb"},"inLanguage":"fi","potentialAction":[{"@type":"ReadAction","target":["https:\/\/reviva.fi\/fi\/tuote\/multi-guard-control-lamberts\/"]}]},{"@type":"ImageObject","inLanguage":"fi","@id":"https:\/\/reviva.fi\/fi\/tuote\/multi-guard-control-lamberts\/#primaryimage","url":"https:\/\/reviva.fi\/wp-content\/uploads\/2025\/01\/8441-120-Multi-Guard-Control.jpg","contentUrl":"https:\/\/reviva.fi\/wp-content\/uploads\/2025\/01\/8441-120-Multi-Guard-Control.jpg","width":1000,"height":1000,"caption":"MULTI-GUARD CONTROL - Lamberts"},{"@type":"BreadcrumbList","@id":"https:\/\/reviva.fi\/fi\/tuote\/multi-guard-control-lamberts\/#breadcrumb","itemListElement":[{"@type":"ListItem","position":1,"name":"Etusivu","item":"https:\/\/reviva.fi\/fi\/"},{"@type":"ListItem","position":2,"name":"Tuotteet","item":"https:\/\/reviva.fi\/produkter\/"},{"@type":"ListItem","position":3,"name":"MULTI-GUARD CONTROL &#8211; Lamberts"}]},{"@type":"WebSite","@id":"https:\/\/reviva.fi\/fi\/#website","url":"https:\/\/reviva.fi\/fi\/","name":"Reviva","description":"","publisher":{"@id":"https:\/\/reviva.fi\/fi\/#organization"},"potentialAction":[{"@type":"SearchAction","target":{"@type":"EntryPoint","urlTemplate":"https:\/\/reviva.fi\/fi\/?s={search_term_string}"},"query-input":{"@type":"PropertyValueSpecification","valueRequired":true,"valueName":"search_term_string"}}],"inLanguage":"fi"},{"@type":"Organization","@id":"https:\/\/reviva.fi\/fi\/#organization","name":"Reviva","url":"https:\/\/reviva.fi\/fi\/","logo":{"@type":"ImageObject","inLanguage":"fi","@id":"https:\/\/reviva.fi\/fi\/#\/schema\/logo\/image\/","url":"https:\/\/reviva.fi\/wp-content\/uploads\/2023\/10\/reviva-logo2.svg","contentUrl":"https:\/\/reviva.fi\/wp-content\/uploads\/2023\/10\/reviva-logo2.svg","caption":"Reviva"},"image":{"@id":"https:\/\/reviva.fi\/fi\/#\/schema\/logo\/image\/"}}]},"product_price_amount":"40.40","product_price_currency":"EUR","og_availability":"instock","product_availability":"instock","product_retailer_item_id":"8441-120","product_condition":"new"},"taxonomy_info":{"product_cat":[{"value":5961,"label":"Multi-vitamiini"},{"value":5972,"label":"Mono-mineraali"},{"value":5978,"label":"Multi tuotteet"},{"value":2444,"label":"Lamberts"}],"product_tag":[{"value":412,"label":"antioksidantti"},{"value":4799,"label":"B1-vitamiini"},{"value":4671,"label":"B3-Vitamiini"},{"value":4801,"label":"diabetestuki"},{"value":4769,"label":"energian aineenvaihduntaa"},{"value":4761,"label":"glukoosin aineenvaihdunta"},{"value":4805,"label":"glukoosin hallinta"},{"value":4803,"label":"glykeeminen hallinta"},{"value":4762,"label":"insuliiniresistenssi"},{"value":4800,"label":"kanelin kuori"},{"value":2910,"label":"Kromi"},{"value":476,"label":"lis\u00e4ravinne"},{"value":479,"label":"magnesiumi"},{"value":4763,"label":"metabolinen terveys"},{"value":4567,"label":"monimineraali"},{"value":496,"label":"multivitamiini"},{"value":4793,"label":"Ravintolis\u00e4t"},{"value":4802,"label":"sokeritasapaino"},{"value":4740,"label":"verensokerin hallinta"},{"value":4804,"label":"verensokerin s\u00e4\u00e4tely"},{"value":3182,"label":"Vitamiini B6"}]},"featured_image_src_large":["https:\/\/reviva.fi\/wp-content\/uploads\/2025\/01\/8441-120-Multi-Guard-Control.jpg",1000,1000,false],"author_info":[],"comment_info":0,"_links":{"self":[{"href":"https:\/\/reviva.fi\/fi\/wp-json\/wp\/v2\/product\/10575","targetHints":{"allow":["GET"]}}],"collection":[{"href":"https:\/\/reviva.fi\/fi\/wp-json\/wp\/v2\/product"}],"about":[{"href":"https:\/\/reviva.fi\/fi\/wp-json\/wp\/v2\/types\/product"}],"replies":[{"embeddable":true,"href":"https:\/\/reviva.fi\/fi\/wp-json\/wp\/v2\/comments?post=10575"}],"wp:featuredmedia":[{"embeddable":true,"href":"https:\/\/reviva.fi\/fi\/wp-json\/wp\/v2\/media\/10534"}],"wp:attachment":[{"href":"https:\/\/reviva.fi\/fi\/wp-json\/wp\/v2\/media?parent=10575"}],"wp:term":[{"taxonomy":"product_brand","embeddable":true,"href":"https:\/\/reviva.fi\/fi\/wp-json\/wp\/v2\/product_brand?post=10575"},{"taxonomy":"product_cat","embeddable":true,"href":"https:\/\/reviva.fi\/fi\/wp-json\/wp\/v2\/product_cat?post=10575"},{"taxonomy":"product_tag","embeddable":true,"href":"https:\/\/reviva.fi\/fi\/wp-json\/wp\/v2\/product_tag?post=10575"}],"curies":[{"name":"wp","href":"https:\/\/api.w.org\/{rel}","templated":true}]}}