{"id":10584,"date":"2025-01-23T13:21:12","date_gmt":"2025-01-23T11:21:12","guid":{"rendered":"https:\/\/reviva.fi\/product\/quercetin-500mg-quercitin-bioflavonoider-kosttillskott\/"},"modified":"2025-02-03T14:44:34","modified_gmt":"2025-02-03T12:44:34","slug":"kversetiini-500mg-lamberts","status":"publish","type":"product","link":"https:\/\/reviva.fi\/fi\/tuote\/kversetiini-500mg-lamberts\/","title":{"rendered":"Kversetiini 500mg &#8211; Lamberts"},"content":{"rendered":"<h1 class=\"page-title\">Kversetiini 500mg &#8211; Lamberts<\/h1>\n<p>Kvertsetiini on yksi aktiivisimmista bioflavonoideista.<\/p>\n<p>Luonnossa kversetiini\u00e4 l\u00f6ytyy pienempi\u00e4 m\u00e4\u00e4ri\u00e4 monissa hedelmiss\u00e4, vihanneksissa ja kasveissa, erityisesti kuoressa, omenoissa, sipulissa (erityisesti punasipulissa) ja hedelm\u00e4nkuorissa. Quercetin l\u00f6ytyy my\u00f6s viiniryp\u00e4leist\u00e4, mustikoista, teest\u00e4, parsakaalista ja punaviinist\u00e4.<\/p>\n<p>Jokainen Lamberts Quercetin -tabletti sis\u00e4lt\u00e4\u00e4 t\u00e4ydet 500 mg kversetiini\u00e4. T\u00e4m\u00e4 vastaa suunnilleen kversetiinin m\u00e4\u00e4r\u00e4\u00e4 1 kg:ssa omenoita.<\/p>\n","protected":false},"excerpt":{"rendered":"<p>Lamberts Quercetin 500 mg on bioflavonoidiantioksidanttiravintolis\u00e4.<\/p>\n<p><strong>60 tablettia<\/strong><\/p>\n","protected":false},"featured_media":10547,"comment_status":"closed","ping_status":"closed","template":"","meta":{"_acf_changed":false,"inline_featured_image":false,"_kad_blocks_custom_css":"","_kad_blocks_head_custom_js":"","_kad_blocks_body_custom_js":"","_kad_blocks_footer_custom_js":"","_kadence_starter_templates_imported_post":false,"_kad_post_transparent":"default","_kad_post_title":"","_kad_post_layout":"default","_kad_post_sidebar_id":"","_kad_post_content_style":"default","_kad_post_vertical_padding":"default","_kad_post_feature":"","_kad_post_feature_position":"","_kad_post_header":false,"_kad_post_footer":false},"product_brand":[],"product_cat":[2505,2444,2357],"product_tag":[4463,4790,3484,1127,4786,3464,1627,4418,4402,3580,4789,444,4476,4788,4700,1100,4787,4672,1128,4403],"class_list":{"0":"post-10584","1":"product","2":"type-product","3":"status-publish","4":"has-post-thumbnail","6":"product_cat-ovriga-kosttillskott-fi","7":"product_cat-lamberts-fi","8":"product_cat-immunforsvar-fi","9":"product_tag-500-mg-fi","10":"product_tag-allergiatuki","11":"product_tag-anti-aging-fi","12":"product_tag-antihistamiini","13":"product_tag-bioflavonoidi","14":"product_tag-cellskydd-fi","15":"product_tag-elpyminen","16":"product_tag-energiantuotanto","17":"product_tag-gmp-standardi","18":"product_tag-hog-biotillganglighet-fi","19":"product_tag-histamiinin-saately","20":"product_tag-immuunijarjestelma","21":"product_tag-kasvipohjainen-fi","22":"product_tag-kasviuute","23":"product_tag-koulutustuki","24":"product_tag-kversetiini","25":"product_tag-luonnollinen-antioksidantti","26":"product_tag-sydan-ja-verisuoniterveys","27":"product_tag-tulehdusta-ehkaiseva","28":"product_tag-vegaaniystavallinen","30":"first","31":"instock","32":"taxable","33":"shipping-taxable","34":"purchasable","35":"product-type-simple","36":"entry","37":"content-bg","38":"loop-entry"},"acf":[],"yoast_head":"<!-- This site is optimized with the Yoast SEO plugin v25.8 - https:\/\/yoast.com\/wordpress\/plugins\/seo\/ -->\n<title>Kversetiini 500mg - Lamberts - Reviva<\/title>\n<meta name=\"description\" content=\"Kversetiini 500mg - Lamberts. tukee immuunij\u00e4rjestelm\u00e4\u00e4 ja suojaa soluja oksidatiiviselta stressilt\u00e4. Kvertsetiini on yksi aktiivisimmista bioflavonoideista\" \/>\n<meta name=\"robots\" content=\"index, follow, max-snippet:-1, max-image-preview:large, max-video-preview:-1\" \/>\n<link rel=\"canonical\" href=\"https:\/\/reviva.fi\/fi\/tuote\/kversetiini-500mg-lamberts\/\" \/>\n<meta property=\"og:locale\" content=\"fi_FI\" \/>\n<meta property=\"og:type\" content=\"article\" \/>\n<meta property=\"og:title\" content=\"Kversetiini 500mg - Lamberts - Reviva\" \/>\n<meta property=\"og:description\" content=\"Kversetiini 500mg - Lamberts. tukee immuunij\u00e4rjestelm\u00e4\u00e4 ja suojaa soluja oksidatiiviselta stressilt\u00e4. Kvertsetiini on yksi aktiivisimmista bioflavonoideista\" \/>\n<meta property=\"og:url\" content=\"https:\/\/reviva.fi\/fi\/tuote\/kversetiini-500mg-lamberts\/\" \/>\n<meta property=\"og:site_name\" content=\"Reviva\" \/>\n<meta property=\"article:modified_time\" content=\"2025-02-03T12:44:34+00:00\" \/>\n<meta property=\"og:image\" content=\"https:\/\/reviva.fi\/wp-content\/uploads\/2025\/01\/8523-60-Quercetin-500-mg.jpg\" \/>\n\t<meta property=\"og:image:width\" content=\"780\" \/>\n\t<meta property=\"og:image:height\" content=\"780\" \/>\n\t<meta property=\"og:image:type\" content=\"image\/jpeg\" \/>\n<meta name=\"twitter:card\" content=\"summary_large_image\" \/>\n<script type=\"application\/ld+json\" class=\"yoast-schema-graph\">{\"@context\":\"https:\/\/schema.org\",\"@graph\":[{\"@type\":\"WebPage\",\"@id\":\"https:\/\/reviva.fi\/fi\/tuote\/kversetiini-500mg-lamberts\/\",\"url\":\"https:\/\/reviva.fi\/fi\/tuote\/kversetiini-500mg-lamberts\/\",\"name\":\"Kversetiini 500mg - Lamberts - Reviva\",\"isPartOf\":{\"@id\":\"https:\/\/reviva.fi\/fi\/#website\"},\"primaryImageOfPage\":{\"@id\":\"https:\/\/reviva.fi\/fi\/tuote\/kversetiini-500mg-lamberts\/#primaryimage\"},\"image\":{\"@id\":\"https:\/\/reviva.fi\/fi\/tuote\/kversetiini-500mg-lamberts\/#primaryimage\"},\"thumbnailUrl\":\"https:\/\/reviva.fi\/wp-content\/uploads\/2025\/01\/8523-60-Quercetin-500-mg.jpg\",\"datePublished\":\"2025-01-23T11:21:12+00:00\",\"dateModified\":\"2025-02-03T12:44:34+00:00\",\"description\":\"Kversetiini 500mg - Lamberts. tukee immuunij\u00e4rjestelm\u00e4\u00e4 ja suojaa soluja oksidatiiviselta stressilt\u00e4. Kvertsetiini on yksi aktiivisimmista bioflavonoideista\",\"breadcrumb\":{\"@id\":\"https:\/\/reviva.fi\/fi\/tuote\/kversetiini-500mg-lamberts\/#breadcrumb\"},\"inLanguage\":\"fi\",\"potentialAction\":[{\"@type\":\"ReadAction\",\"target\":[\"https:\/\/reviva.fi\/fi\/tuote\/kversetiini-500mg-lamberts\/\"]}]},{\"@type\":\"ImageObject\",\"inLanguage\":\"fi\",\"@id\":\"https:\/\/reviva.fi\/fi\/tuote\/kversetiini-500mg-lamberts\/#primaryimage\",\"url\":\"https:\/\/reviva.fi\/wp-content\/uploads\/2025\/01\/8523-60-Quercetin-500-mg.jpg\",\"contentUrl\":\"https:\/\/reviva.fi\/wp-content\/uploads\/2025\/01\/8523-60-Quercetin-500-mg.jpg\",\"width\":780,\"height\":780,\"caption\":\"Kversetiini 500mg - Lamberts\"},{\"@type\":\"BreadcrumbList\",\"@id\":\"https:\/\/reviva.fi\/fi\/tuote\/kversetiini-500mg-lamberts\/#breadcrumb\",\"itemListElement\":[{\"@type\":\"ListItem\",\"position\":1,\"name\":\"Etusivu\",\"item\":\"https:\/\/reviva.fi\/fi\/\"},{\"@type\":\"ListItem\",\"position\":2,\"name\":\"Tuotteet\",\"item\":\"https:\/\/reviva.fi\/produkter\/\"},{\"@type\":\"ListItem\",\"position\":3,\"name\":\"Kversetiini 500mg &#8211; Lamberts\"}]},{\"@type\":\"WebSite\",\"@id\":\"https:\/\/reviva.fi\/fi\/#website\",\"url\":\"https:\/\/reviva.fi\/fi\/\",\"name\":\"Reviva\",\"description\":\"\",\"publisher\":{\"@id\":\"https:\/\/reviva.fi\/fi\/#organization\"},\"potentialAction\":[{\"@type\":\"SearchAction\",\"target\":{\"@type\":\"EntryPoint\",\"urlTemplate\":\"https:\/\/reviva.fi\/fi\/?s={search_term_string}\"},\"query-input\":{\"@type\":\"PropertyValueSpecification\",\"valueRequired\":true,\"valueName\":\"search_term_string\"}}],\"inLanguage\":\"fi\"},{\"@type\":\"Organization\",\"@id\":\"https:\/\/reviva.fi\/fi\/#organization\",\"name\":\"Reviva\",\"url\":\"https:\/\/reviva.fi\/fi\/\",\"logo\":{\"@type\":\"ImageObject\",\"inLanguage\":\"fi\",\"@id\":\"https:\/\/reviva.fi\/fi\/#\/schema\/logo\/image\/\",\"url\":\"https:\/\/reviva.fi\/wp-content\/uploads\/2023\/10\/reviva-logo2.svg\",\"contentUrl\":\"https:\/\/reviva.fi\/wp-content\/uploads\/2023\/10\/reviva-logo2.svg\",\"caption\":\"Reviva\"},\"image\":{\"@id\":\"https:\/\/reviva.fi\/fi\/#\/schema\/logo\/image\/\"}}]}<\/script>\n<meta property=\"product:price:amount\" content=\"41.20\" \/>\n<meta property=\"product:price:currency\" content=\"EUR\" \/>\n<meta property=\"og:availability\" content=\"instock\" \/>\n<meta property=\"product:availability\" content=\"instock\" \/>\n<meta property=\"product:retailer_item_id\" content=\"8523-60\" \/>\n<meta property=\"product:condition\" content=\"new\" \/>\n<!-- \/ Yoast SEO plugin. -->","yoast_head_json":{"title":"Kversetiini 500mg - Lamberts - Reviva","description":"Kversetiini 500mg - Lamberts. tukee immuunij\u00e4rjestelm\u00e4\u00e4 ja suojaa soluja oksidatiiviselta stressilt\u00e4. Kvertsetiini on yksi aktiivisimmista bioflavonoideista","robots":{"index":"index","follow":"follow","max-snippet":"max-snippet:-1","max-image-preview":"max-image-preview:large","max-video-preview":"max-video-preview:-1"},"canonical":"https:\/\/reviva.fi\/fi\/tuote\/kversetiini-500mg-lamberts\/","og_locale":"fi_FI","og_type":"article","og_title":"Kversetiini 500mg - Lamberts - Reviva","og_description":"Kversetiini 500mg - Lamberts. tukee immuunij\u00e4rjestelm\u00e4\u00e4 ja suojaa soluja oksidatiiviselta stressilt\u00e4. Kvertsetiini on yksi aktiivisimmista bioflavonoideista","og_url":"https:\/\/reviva.fi\/fi\/tuote\/kversetiini-500mg-lamberts\/","og_site_name":"Reviva","article_modified_time":"2025-02-03T12:44:34+00:00","og_image":[{"width":780,"height":780,"url":"https:\/\/reviva.fi\/wp-content\/uploads\/2025\/01\/8523-60-Quercetin-500-mg.jpg","type":"image\/jpeg"}],"twitter_card":"summary_large_image","schema":{"@context":"https:\/\/schema.org","@graph":[{"@type":"WebPage","@id":"https:\/\/reviva.fi\/fi\/tuote\/kversetiini-500mg-lamberts\/","url":"https:\/\/reviva.fi\/fi\/tuote\/kversetiini-500mg-lamberts\/","name":"Kversetiini 500mg - Lamberts - Reviva","isPartOf":{"@id":"https:\/\/reviva.fi\/fi\/#website"},"primaryImageOfPage":{"@id":"https:\/\/reviva.fi\/fi\/tuote\/kversetiini-500mg-lamberts\/#primaryimage"},"image":{"@id":"https:\/\/reviva.fi\/fi\/tuote\/kversetiini-500mg-lamberts\/#primaryimage"},"thumbnailUrl":"https:\/\/reviva.fi\/wp-content\/uploads\/2025\/01\/8523-60-Quercetin-500-mg.jpg","datePublished":"2025-01-23T11:21:12+00:00","dateModified":"2025-02-03T12:44:34+00:00","description":"Kversetiini 500mg - Lamberts. tukee immuunij\u00e4rjestelm\u00e4\u00e4 ja suojaa soluja oksidatiiviselta stressilt\u00e4. Kvertsetiini on yksi aktiivisimmista bioflavonoideista","breadcrumb":{"@id":"https:\/\/reviva.fi\/fi\/tuote\/kversetiini-500mg-lamberts\/#breadcrumb"},"inLanguage":"fi","potentialAction":[{"@type":"ReadAction","target":["https:\/\/reviva.fi\/fi\/tuote\/kversetiini-500mg-lamberts\/"]}]},{"@type":"ImageObject","inLanguage":"fi","@id":"https:\/\/reviva.fi\/fi\/tuote\/kversetiini-500mg-lamberts\/#primaryimage","url":"https:\/\/reviva.fi\/wp-content\/uploads\/2025\/01\/8523-60-Quercetin-500-mg.jpg","contentUrl":"https:\/\/reviva.fi\/wp-content\/uploads\/2025\/01\/8523-60-Quercetin-500-mg.jpg","width":780,"height":780,"caption":"Kversetiini 500mg - Lamberts"},{"@type":"BreadcrumbList","@id":"https:\/\/reviva.fi\/fi\/tuote\/kversetiini-500mg-lamberts\/#breadcrumb","itemListElement":[{"@type":"ListItem","position":1,"name":"Etusivu","item":"https:\/\/reviva.fi\/fi\/"},{"@type":"ListItem","position":2,"name":"Tuotteet","item":"https:\/\/reviva.fi\/produkter\/"},{"@type":"ListItem","position":3,"name":"Kversetiini 500mg &#8211; Lamberts"}]},{"@type":"WebSite","@id":"https:\/\/reviva.fi\/fi\/#website","url":"https:\/\/reviva.fi\/fi\/","name":"Reviva","description":"","publisher":{"@id":"https:\/\/reviva.fi\/fi\/#organization"},"potentialAction":[{"@type":"SearchAction","target":{"@type":"EntryPoint","urlTemplate":"https:\/\/reviva.fi\/fi\/?s={search_term_string}"},"query-input":{"@type":"PropertyValueSpecification","valueRequired":true,"valueName":"search_term_string"}}],"inLanguage":"fi"},{"@type":"Organization","@id":"https:\/\/reviva.fi\/fi\/#organization","name":"Reviva","url":"https:\/\/reviva.fi\/fi\/","logo":{"@type":"ImageObject","inLanguage":"fi","@id":"https:\/\/reviva.fi\/fi\/#\/schema\/logo\/image\/","url":"https:\/\/reviva.fi\/wp-content\/uploads\/2023\/10\/reviva-logo2.svg","contentUrl":"https:\/\/reviva.fi\/wp-content\/uploads\/2023\/10\/reviva-logo2.svg","caption":"Reviva"},"image":{"@id":"https:\/\/reviva.fi\/fi\/#\/schema\/logo\/image\/"}}]},"product_price_amount":"41.20","product_price_currency":"EUR","og_availability":"instock","product_availability":"instock","product_retailer_item_id":"8523-60","product_condition":"new"},"taxonomy_info":{"product_cat":[{"value":2505,"label":"Muut ravintolis\u00e4t"},{"value":2444,"label":"Lamberts"},{"value":2357,"label":"Immuunipuolustus"}],"product_tag":[{"value":4463,"label":"500 mg"},{"value":4790,"label":"allergiatuki"},{"value":3484,"label":"Anti-aging"},{"value":1127,"label":"antihistamiini"},{"value":4786,"label":"bioflavonoidi"},{"value":3464,"label":"Cellskydd"},{"value":1627,"label":"elpyminen"},{"value":4418,"label":"Energiantuotanto"},{"value":4402,"label":"GMP standardi"},{"value":3580,"label":"H\u00f6g biotillg\u00e4nglighet"},{"value":4789,"label":"histamiinin s\u00e4\u00e4tely"},{"value":444,"label":"immuunij\u00e4rjestelm\u00e4"},{"value":4476,"label":"Kasvipohjainen"},{"value":4788,"label":"kasviuute"},{"value":4700,"label":"koulutustuki"},{"value":1100,"label":"Kversetiini"},{"value":4787,"label":"luonnollinen antioksidantti"},{"value":4672,"label":"syd\u00e4n- ja verisuoniterveys"},{"value":1128,"label":"tulehdusta ehk\u00e4isev\u00e4"},{"value":4403,"label":"vegaaniyst\u00e4v\u00e4llinen"}]},"featured_image_src_large":["https:\/\/reviva.fi\/wp-content\/uploads\/2025\/01\/8523-60-Quercetin-500-mg.jpg",780,780,false],"author_info":[],"comment_info":0,"_links":{"self":[{"href":"https:\/\/reviva.fi\/fi\/wp-json\/wp\/v2\/product\/10584","targetHints":{"allow":["GET"]}}],"collection":[{"href":"https:\/\/reviva.fi\/fi\/wp-json\/wp\/v2\/product"}],"about":[{"href":"https:\/\/reviva.fi\/fi\/wp-json\/wp\/v2\/types\/product"}],"replies":[{"embeddable":true,"href":"https:\/\/reviva.fi\/fi\/wp-json\/wp\/v2\/comments?post=10584"}],"wp:featuredmedia":[{"embeddable":true,"href":"https:\/\/reviva.fi\/fi\/wp-json\/wp\/v2\/media\/10547"}],"wp:attachment":[{"href":"https:\/\/reviva.fi\/fi\/wp-json\/wp\/v2\/media?parent=10584"}],"wp:term":[{"taxonomy":"product_brand","embeddable":true,"href":"https:\/\/reviva.fi\/fi\/wp-json\/wp\/v2\/product_brand?post=10584"},{"taxonomy":"product_cat","embeddable":true,"href":"https:\/\/reviva.fi\/fi\/wp-json\/wp\/v2\/product_cat?post=10584"},{"taxonomy":"product_tag","embeddable":true,"href":"https:\/\/reviva.fi\/fi\/wp-json\/wp\/v2\/product_tag?post=10584"}],"curies":[{"name":"wp","href":"https:\/\/api.w.org\/{rel}","templated":true}]}}