{"id":10590,"date":"2025-01-23T14:47:31","date_gmt":"2025-01-23T12:47:31","guid":{"rendered":"https:\/\/reviva.fi\/?post_type=product&#038;p=10590"},"modified":"2026-01-23T12:06:49","modified_gmt":"2026-01-23T10:06:49","slug":"inkivaari-kapselit-lamberts","status":"publish","type":"product","link":"https:\/\/reviva.fi\/fi\/tuote\/inkivaari-kapselit-lamberts\/","title":{"rendered":"Inkiv\u00e4\u00e4ri kapselit &#8211; Lamberts"},"content":{"rendered":"<h1 class=\"page-title\">Inkiv\u00e4\u00e4ri kapselit &#8211; Lamberts<\/h1>\n<p>Inkiv\u00e4\u00e4ri (<em>Zingiber officinale<\/em>) on per\u00e4isin Aasiasta, jossa se on yleinen ainesosa ruoassa. Maku on tulinen ja miellytt\u00e4v\u00e4. Juuretta k\u00e4ytet\u00e4\u00e4n tuoreena, marinoituna tai kuivattuna. Yleens\u00e4 ajattelemme inkiv\u00e4\u00e4ri\u00e4 piparkakkujen mausteena, mutta japanilaisessa keitti\u00f6ss\u00e4 inkiv\u00e4\u00e4ri on usein sushin lisuke, kiinalaisessa keitti\u00f6ss\u00e4 kasvis-, liha-, siipikarja- ja kalaruokien mausteena ja jopa j\u00e4lkiruokissa.<\/p>\n<p>Inkiv\u00e4\u00e4ri sis\u00e4lt\u00e4\u00e4 mm. useita gineroleja ja my\u00f6s alkaloidi kapsaisiinia, jota l\u00f6ytyy my\u00f6s chilipaprikoista. Gingerol on inkiv\u00e4\u00e4riss\u00e4 oleva aine ja sit\u00e4 l\u00f6ytyy inkiv\u00e4\u00e4rijuuresta. Sis\u00e4lt\u00f6 vaihtelee ilmaston ja kasvuolosuhteiden mukaan, ja jotta kuluttajalle taattaisiin aina oikea m\u00e4\u00e4r\u00e4 tehoaineita, kapselit valmistetaan nyky\u00e4\u00e4n standardoidulla uutteella.<\/p>\n<p>Lamberts Ginger -ravintolis\u00e4 on standardoitu eritt\u00e4in korkealaatuinen uute.<\/p>\n","protected":false},"excerpt":{"rendered":"<p>Lamberts Ginger on inkiv\u00e4\u00e4rijuuren ravintolis\u00e4. Inkiv\u00e4\u00e4rikapselit ovat korkealaatuinen ravintolis\u00e4.<\/p>\n<p><strong>60 kapselia<\/strong><\/p>\n","protected":false},"featured_media":10550,"comment_status":"closed","ping_status":"closed","template":"","meta":{"_acf_changed":false,"inline_featured_image":false,"_kad_blocks_custom_css":"","_kad_blocks_head_custom_js":"","_kad_blocks_body_custom_js":"","_kad_blocks_footer_custom_js":"","_kadence_starter_templates_imported_post":false,"_kad_post_transparent":"default","_kad_post_title":"","_kad_post_layout":"default","_kad_post_sidebar_id":"","_kad_post_content_style":"default","_kad_post_vertical_padding":"default","_kad_post_feature":"","_kad_post_feature_position":"","_kad_post_header":false,"_kad_post_footer":false},"product_brand":[],"product_cat":[141,2444],"product_tag":[4784,4785,412,4402,3580,444,4782,4783,4404,3504,3203,2944,4764,4446,1128,4468,4591],"class_list":{"0":"post-10590","1":"product","2":"type-product","3":"status-publish","4":"has-post-thumbnail","6":"product_cat-orter-fi","7":"product_cat-lamberts-fi","8":"product_tag-120-mg-uutetta","9":"product_tag-24-mg-gingeroleja","10":"product_tag-antioksidantti","11":"product_tag-gmp-standardi","12":"product_tag-hog-biotillganglighet-fi","13":"product_tag-immuunijarjestelma","14":"product_tag-inkivaari","15":"product_tag-inkivaarikapselit","16":"product_tag-kasvipohjainen","17":"product_tag-ledhalsa-fi","18":"product_tag-matkapahoinvointi","19":"product_tag-pahoinvointi","20":"product_tag-perinteinen-laaketiede","21":"product_tag-ruuansulatuksen-tuki","22":"product_tag-tulehdusta-ehkaiseva","23":"product_tag-vegaaninen","24":"product_tag-verenkierron-tuki","26":"first","27":"instock","28":"taxable","29":"shipping-taxable","30":"purchasable","31":"product-type-simple","32":"entry","33":"content-bg","34":"loop-entry"},"acf":[],"yoast_head":"<!-- This site is optimized with the Yoast SEO plugin v25.8 - https:\/\/yoast.com\/wordpress\/plugins\/seo\/ -->\n<title>Inkiv\u00e4\u00e4ri kapselit - Lamberts - Reviva<\/title>\n<meta name=\"description\" content=\"Inkiv\u00e4\u00e4rikapselit - Lamberts. Tukee ruoansulatusta, lievitt\u00e4\u00e4 pahoinvointia ja v\u00e4hent\u00e4\u00e4 tulehdusta. Helppo tapa nauttia inkiv\u00e4\u00e4rin terveysvaikutuksista!\" \/>\n<meta name=\"robots\" content=\"index, follow, max-snippet:-1, max-image-preview:large, max-video-preview:-1\" \/>\n<link rel=\"canonical\" href=\"https:\/\/reviva.fi\/fi\/tuote\/inkivaari-kapselit-lamberts\/\" \/>\n<meta property=\"og:locale\" content=\"fi_FI\" \/>\n<meta property=\"og:type\" content=\"article\" \/>\n<meta property=\"og:title\" content=\"Inkiv\u00e4\u00e4ri kapselit - Lamberts - Reviva\" \/>\n<meta property=\"og:description\" content=\"Inkiv\u00e4\u00e4rikapselit - Lamberts. Tukee ruoansulatusta, lievitt\u00e4\u00e4 pahoinvointia ja v\u00e4hent\u00e4\u00e4 tulehdusta. Helppo tapa nauttia inkiv\u00e4\u00e4rin terveysvaikutuksista!\" \/>\n<meta property=\"og:url\" content=\"https:\/\/reviva.fi\/fi\/tuote\/inkivaari-kapselit-lamberts\/\" \/>\n<meta property=\"og:site_name\" content=\"Reviva\" \/>\n<meta property=\"article:modified_time\" content=\"2026-01-23T10:06:49+00:00\" \/>\n<meta property=\"og:image\" content=\"https:\/\/reviva.fi\/wp-content\/uploads\/2025\/01\/8565-60-Ginger-Capsules.jpg\" \/>\n\t<meta property=\"og:image:width\" content=\"780\" \/>\n\t<meta property=\"og:image:height\" content=\"780\" \/>\n\t<meta property=\"og:image:type\" content=\"image\/jpeg\" \/>\n<meta name=\"twitter:card\" content=\"summary_large_image\" \/>\n<script type=\"application\/ld+json\" class=\"yoast-schema-graph\">{\"@context\":\"https:\/\/schema.org\",\"@graph\":[{\"@type\":\"WebPage\",\"@id\":\"https:\/\/reviva.fi\/fi\/tuote\/inkivaari-kapselit-lamberts\/\",\"url\":\"https:\/\/reviva.fi\/fi\/tuote\/inkivaari-kapselit-lamberts\/\",\"name\":\"Inkiv\u00e4\u00e4ri kapselit - Lamberts - Reviva\",\"isPartOf\":{\"@id\":\"https:\/\/reviva.fi\/fi\/#website\"},\"primaryImageOfPage\":{\"@id\":\"https:\/\/reviva.fi\/fi\/tuote\/inkivaari-kapselit-lamberts\/#primaryimage\"},\"image\":{\"@id\":\"https:\/\/reviva.fi\/fi\/tuote\/inkivaari-kapselit-lamberts\/#primaryimage\"},\"thumbnailUrl\":\"https:\/\/reviva.fi\/wp-content\/uploads\/2025\/01\/8565-60-Ginger-Capsules.jpg\",\"datePublished\":\"2025-01-23T12:47:31+00:00\",\"dateModified\":\"2026-01-23T10:06:49+00:00\",\"description\":\"Inkiv\u00e4\u00e4rikapselit - Lamberts. Tukee ruoansulatusta, lievitt\u00e4\u00e4 pahoinvointia ja v\u00e4hent\u00e4\u00e4 tulehdusta. Helppo tapa nauttia inkiv\u00e4\u00e4rin terveysvaikutuksista!\",\"breadcrumb\":{\"@id\":\"https:\/\/reviva.fi\/fi\/tuote\/inkivaari-kapselit-lamberts\/#breadcrumb\"},\"inLanguage\":\"fi\",\"potentialAction\":[{\"@type\":\"ReadAction\",\"target\":[\"https:\/\/reviva.fi\/fi\/tuote\/inkivaari-kapselit-lamberts\/\"]}]},{\"@type\":\"ImageObject\",\"inLanguage\":\"fi\",\"@id\":\"https:\/\/reviva.fi\/fi\/tuote\/inkivaari-kapselit-lamberts\/#primaryimage\",\"url\":\"https:\/\/reviva.fi\/wp-content\/uploads\/2025\/01\/8565-60-Ginger-Capsules.jpg\",\"contentUrl\":\"https:\/\/reviva.fi\/wp-content\/uploads\/2025\/01\/8565-60-Ginger-Capsules.jpg\",\"width\":780,\"height\":780,\"caption\":\"Inkiv\u00e4\u00e4ri kapselit - Lamberts\"},{\"@type\":\"BreadcrumbList\",\"@id\":\"https:\/\/reviva.fi\/fi\/tuote\/inkivaari-kapselit-lamberts\/#breadcrumb\",\"itemListElement\":[{\"@type\":\"ListItem\",\"position\":1,\"name\":\"Etusivu\",\"item\":\"https:\/\/reviva.fi\/fi\/\"},{\"@type\":\"ListItem\",\"position\":2,\"name\":\"Tuotteet\",\"item\":\"https:\/\/reviva.fi\/produkter\/\"},{\"@type\":\"ListItem\",\"position\":3,\"name\":\"Inkiv\u00e4\u00e4ri kapselit &#8211; Lamberts\"}]},{\"@type\":\"WebSite\",\"@id\":\"https:\/\/reviva.fi\/fi\/#website\",\"url\":\"https:\/\/reviva.fi\/fi\/\",\"name\":\"Reviva\",\"description\":\"\",\"publisher\":{\"@id\":\"https:\/\/reviva.fi\/fi\/#organization\"},\"potentialAction\":[{\"@type\":\"SearchAction\",\"target\":{\"@type\":\"EntryPoint\",\"urlTemplate\":\"https:\/\/reviva.fi\/fi\/?s={search_term_string}\"},\"query-input\":{\"@type\":\"PropertyValueSpecification\",\"valueRequired\":true,\"valueName\":\"search_term_string\"}}],\"inLanguage\":\"fi\"},{\"@type\":\"Organization\",\"@id\":\"https:\/\/reviva.fi\/fi\/#organization\",\"name\":\"Reviva\",\"url\":\"https:\/\/reviva.fi\/fi\/\",\"logo\":{\"@type\":\"ImageObject\",\"inLanguage\":\"fi\",\"@id\":\"https:\/\/reviva.fi\/fi\/#\/schema\/logo\/image\/\",\"url\":\"https:\/\/reviva.fi\/wp-content\/uploads\/2023\/10\/reviva-logo2.svg\",\"contentUrl\":\"https:\/\/reviva.fi\/wp-content\/uploads\/2023\/10\/reviva-logo2.svg\",\"caption\":\"Reviva\"},\"image\":{\"@id\":\"https:\/\/reviva.fi\/fi\/#\/schema\/logo\/image\/\"}}]}<\/script>\n<meta property=\"product:price:amount\" content=\"18.75\" \/>\n<meta property=\"product:price:currency\" content=\"EUR\" \/>\n<meta property=\"og:availability\" content=\"instock\" \/>\n<meta property=\"product:availability\" content=\"instock\" \/>\n<meta property=\"product:retailer_item_id\" content=\"8565-60\" \/>\n<meta property=\"product:condition\" content=\"new\" \/>\n<!-- \/ Yoast SEO plugin. -->","yoast_head_json":{"title":"Inkiv\u00e4\u00e4ri kapselit - Lamberts - Reviva","description":"Inkiv\u00e4\u00e4rikapselit - Lamberts. Tukee ruoansulatusta, lievitt\u00e4\u00e4 pahoinvointia ja v\u00e4hent\u00e4\u00e4 tulehdusta. Helppo tapa nauttia inkiv\u00e4\u00e4rin terveysvaikutuksista!","robots":{"index":"index","follow":"follow","max-snippet":"max-snippet:-1","max-image-preview":"max-image-preview:large","max-video-preview":"max-video-preview:-1"},"canonical":"https:\/\/reviva.fi\/fi\/tuote\/inkivaari-kapselit-lamberts\/","og_locale":"fi_FI","og_type":"article","og_title":"Inkiv\u00e4\u00e4ri kapselit - Lamberts - Reviva","og_description":"Inkiv\u00e4\u00e4rikapselit - Lamberts. Tukee ruoansulatusta, lievitt\u00e4\u00e4 pahoinvointia ja v\u00e4hent\u00e4\u00e4 tulehdusta. Helppo tapa nauttia inkiv\u00e4\u00e4rin terveysvaikutuksista!","og_url":"https:\/\/reviva.fi\/fi\/tuote\/inkivaari-kapselit-lamberts\/","og_site_name":"Reviva","article_modified_time":"2026-01-23T10:06:49+00:00","og_image":[{"width":780,"height":780,"url":"https:\/\/reviva.fi\/wp-content\/uploads\/2025\/01\/8565-60-Ginger-Capsules.jpg","type":"image\/jpeg"}],"twitter_card":"summary_large_image","schema":{"@context":"https:\/\/schema.org","@graph":[{"@type":"WebPage","@id":"https:\/\/reviva.fi\/fi\/tuote\/inkivaari-kapselit-lamberts\/","url":"https:\/\/reviva.fi\/fi\/tuote\/inkivaari-kapselit-lamberts\/","name":"Inkiv\u00e4\u00e4ri kapselit - Lamberts - Reviva","isPartOf":{"@id":"https:\/\/reviva.fi\/fi\/#website"},"primaryImageOfPage":{"@id":"https:\/\/reviva.fi\/fi\/tuote\/inkivaari-kapselit-lamberts\/#primaryimage"},"image":{"@id":"https:\/\/reviva.fi\/fi\/tuote\/inkivaari-kapselit-lamberts\/#primaryimage"},"thumbnailUrl":"https:\/\/reviva.fi\/wp-content\/uploads\/2025\/01\/8565-60-Ginger-Capsules.jpg","datePublished":"2025-01-23T12:47:31+00:00","dateModified":"2026-01-23T10:06:49+00:00","description":"Inkiv\u00e4\u00e4rikapselit - Lamberts. Tukee ruoansulatusta, lievitt\u00e4\u00e4 pahoinvointia ja v\u00e4hent\u00e4\u00e4 tulehdusta. Helppo tapa nauttia inkiv\u00e4\u00e4rin terveysvaikutuksista!","breadcrumb":{"@id":"https:\/\/reviva.fi\/fi\/tuote\/inkivaari-kapselit-lamberts\/#breadcrumb"},"inLanguage":"fi","potentialAction":[{"@type":"ReadAction","target":["https:\/\/reviva.fi\/fi\/tuote\/inkivaari-kapselit-lamberts\/"]}]},{"@type":"ImageObject","inLanguage":"fi","@id":"https:\/\/reviva.fi\/fi\/tuote\/inkivaari-kapselit-lamberts\/#primaryimage","url":"https:\/\/reviva.fi\/wp-content\/uploads\/2025\/01\/8565-60-Ginger-Capsules.jpg","contentUrl":"https:\/\/reviva.fi\/wp-content\/uploads\/2025\/01\/8565-60-Ginger-Capsules.jpg","width":780,"height":780,"caption":"Inkiv\u00e4\u00e4ri kapselit - Lamberts"},{"@type":"BreadcrumbList","@id":"https:\/\/reviva.fi\/fi\/tuote\/inkivaari-kapselit-lamberts\/#breadcrumb","itemListElement":[{"@type":"ListItem","position":1,"name":"Etusivu","item":"https:\/\/reviva.fi\/fi\/"},{"@type":"ListItem","position":2,"name":"Tuotteet","item":"https:\/\/reviva.fi\/produkter\/"},{"@type":"ListItem","position":3,"name":"Inkiv\u00e4\u00e4ri kapselit &#8211; Lamberts"}]},{"@type":"WebSite","@id":"https:\/\/reviva.fi\/fi\/#website","url":"https:\/\/reviva.fi\/fi\/","name":"Reviva","description":"","publisher":{"@id":"https:\/\/reviva.fi\/fi\/#organization"},"potentialAction":[{"@type":"SearchAction","target":{"@type":"EntryPoint","urlTemplate":"https:\/\/reviva.fi\/fi\/?s={search_term_string}"},"query-input":{"@type":"PropertyValueSpecification","valueRequired":true,"valueName":"search_term_string"}}],"inLanguage":"fi"},{"@type":"Organization","@id":"https:\/\/reviva.fi\/fi\/#organization","name":"Reviva","url":"https:\/\/reviva.fi\/fi\/","logo":{"@type":"ImageObject","inLanguage":"fi","@id":"https:\/\/reviva.fi\/fi\/#\/schema\/logo\/image\/","url":"https:\/\/reviva.fi\/wp-content\/uploads\/2023\/10\/reviva-logo2.svg","contentUrl":"https:\/\/reviva.fi\/wp-content\/uploads\/2023\/10\/reviva-logo2.svg","caption":"Reviva"},"image":{"@id":"https:\/\/reviva.fi\/fi\/#\/schema\/logo\/image\/"}}]},"product_price_amount":"18.75","product_price_currency":"EUR","og_availability":"instock","product_availability":"instock","product_retailer_item_id":"8565-60","product_condition":"new"},"taxonomy_info":{"product_cat":[{"value":141,"label":"Yrtit"},{"value":2444,"label":"Lamberts"}],"product_tag":[{"value":4784,"label":"120 mg uutetta"},{"value":4785,"label":"24 mg gingeroleja"},{"value":412,"label":"antioksidantti"},{"value":4402,"label":"GMP standardi"},{"value":3580,"label":"H\u00f6g biotillg\u00e4nglighet"},{"value":444,"label":"immuunij\u00e4rjestelm\u00e4"},{"value":4782,"label":"inkiv\u00e4\u00e4ri"},{"value":4783,"label":"inkiv\u00e4\u00e4rikapselit"},{"value":4404,"label":"Kasvipohjainen"},{"value":3504,"label":"Ledh\u00e4lsa"},{"value":3203,"label":"Matkapahoinvointi"},{"value":2944,"label":"Pahoinvointi"},{"value":4764,"label":"perinteinen l\u00e4\u00e4ketiede"},{"value":4446,"label":"ruuansulatuksen tuki"},{"value":1128,"label":"tulehdusta ehk\u00e4isev\u00e4"},{"value":4468,"label":"Vegaaninen"},{"value":4591,"label":"verenkierron tuki"}]},"featured_image_src_large":["https:\/\/reviva.fi\/wp-content\/uploads\/2025\/01\/8565-60-Ginger-Capsules.jpg",780,780,false],"author_info":[],"comment_info":0,"_links":{"self":[{"href":"https:\/\/reviva.fi\/fi\/wp-json\/wp\/v2\/product\/10590","targetHints":{"allow":["GET"]}}],"collection":[{"href":"https:\/\/reviva.fi\/fi\/wp-json\/wp\/v2\/product"}],"about":[{"href":"https:\/\/reviva.fi\/fi\/wp-json\/wp\/v2\/types\/product"}],"replies":[{"embeddable":true,"href":"https:\/\/reviva.fi\/fi\/wp-json\/wp\/v2\/comments?post=10590"}],"wp:featuredmedia":[{"embeddable":true,"href":"https:\/\/reviva.fi\/fi\/wp-json\/wp\/v2\/media\/10550"}],"wp:attachment":[{"href":"https:\/\/reviva.fi\/fi\/wp-json\/wp\/v2\/media?parent=10590"}],"wp:term":[{"taxonomy":"product_brand","embeddable":true,"href":"https:\/\/reviva.fi\/fi\/wp-json\/wp\/v2\/product_brand?post=10590"},{"taxonomy":"product_cat","embeddable":true,"href":"https:\/\/reviva.fi\/fi\/wp-json\/wp\/v2\/product_cat?post=10590"},{"taxonomy":"product_tag","embeddable":true,"href":"https:\/\/reviva.fi\/fi\/wp-json\/wp\/v2\/product_tag?post=10590"}],"curies":[{"name":"wp","href":"https:\/\/api.w.org\/{rel}","templated":true}]}}