{"id":10594,"date":"2025-01-23T14:57:19","date_gmt":"2025-01-23T12:57:19","guid":{"rendered":"https:\/\/reviva.fi\/product\/probioguard-med-4-olika-stammar-av-goda-mjolksyra-bakterier\/"},"modified":"2025-02-03T14:43:17","modified_gmt":"2025-02-03T12:43:17","slug":"probioguard-med-4-olika-stammar-av-goda-mjolksyra-bakterier","status":"publish","type":"product","link":"https:\/\/reviva.fi\/fi\/tuote\/probioguard-med-4-olika-stammar-av-goda-mjolksyra-bakterier\/","title":{"rendered":"Probioguard &#8211; Lamberts"},"content":{"rendered":"<h1 class=\"page-title\">Probioguard &#8211; Lamberts<\/h1>\n<p>Lamberts \u00ae Probioguard \u2122 sis\u00e4lt\u00e4\u00e4 nelj\u00e4 huolellisesti valittua ns. hyvien maitohappobakteerien kantaa Lactobacillus acidophilus, Bifidobacterium, Streptococcus thermophilus ja Lactobacillus delbrueckii bulgaricus SSP.<\/p>\n<p>N\u00e4m\u00e4 hyv\u00e4t bakteerilajit on valittu erityisesti matkoilla k\u00e4ytett\u00e4viksi, sill\u00e4 paikalliset ruoat voivat altistaa suolen uusille haasteille, joissa voi esiinty\u00e4 erilaisia \u200b\u200bbakteerikantoja ja t\u00e4m\u00e4 voi huolestuttaa ruoansulatusta.<\/p>\n<p>Kenelle Probioguard\u2122 sopii?<\/p>\n<p>Henkil\u00f6ille, jotka harkitsevat matkustamista ulkomaille, ovat \u00e4skett\u00e4in k\u00e4ytt\u00e4neet antibiootteja tai joilla on s\u00e4\u00e4nn\u00f6llisi\u00e4 turvotusongelmia tai jatkuvia ruoansulatusongelmia.<\/p>\n","protected":false},"excerpt":{"rendered":"<p>Lamberts Probioguard on ravintolis\u00e4, joka sis\u00e4lt\u00e4\u00e4 4 erilaista hy\u00f6dyllist\u00e4 maitohappobakteerikantaa yhdess\u00e4 tuotteessa. Ihmiset k\u00e4ytt\u00e4v\u00e4t tuotetta usein lis\u00e4\u00e4m\u00e4\u00e4n hyvien bakteerien m\u00e4\u00e4r\u00e4\u00e4 suolistofloorassa. Tuote sis\u00e4lt\u00e4\u00e4: Lactobacillus acidophilus, Bifidobacterium, Streptococcus thermophilus ja Lactobacillus delbrueckii ssp bulgaricus.<\/p>\n<p><strong>60 kapselia<\/strong><\/p>\n","protected":false},"featured_media":10600,"comment_status":"closed","ping_status":"closed","template":"","meta":{"_acf_changed":false,"inline_featured_image":false,"_kad_blocks_custom_css":"","_kad_blocks_head_custom_js":"","_kad_blocks_body_custom_js":"","_kad_blocks_footer_custom_js":"","_kadence_starter_templates_imported_post":false,"_kad_post_transparent":"default","_kad_post_title":"","_kad_post_layout":"default","_kad_post_sidebar_id":"","_kad_post_content_style":"default","_kad_post_vertical_padding":"default","_kad_post_feature":"","_kad_post_feature_position":"","_kad_post_header":false,"_kad_post_footer":false},"product_brand":[],"product_cat":[5976,2444,2387,2357],"product_tag":[4713,4718,4451,3375,444,4678,4445,4448,4781,4532,4717,4609,4779,4447,4405,4719,4780,4677,4716,4715,4403,4449],"class_list":{"0":"post-10594","1":"product","2":"type-product","3":"status-publish","4":"has-post-thumbnail","6":"product_cat-mjolksyrebakterier-fi","7":"product_cat-lamberts-fi","8":"product_cat-mage-och-tarm-fi","9":"product_cat-immunforsvar-fi","10":"product_tag-4-miljardia-elavaa-bakteeria","11":"product_tag-antibioottihoito","12":"product_tag-bifidobacterium-bifidum-fi","13":"product_tag-dagligt-tillskott-fi","14":"product_tag-immuunijarjestelma","15":"product_tag-kapselia","16":"product_tag-kasviskapselit","17":"product_tag-lactobacillus-acidophilus-fi","18":"product_tag-lactobacillus-bulgaricus-fi","19":"product_tag-lamberts-fi","20":"product_tag-maitohappobakteerit","21":"product_tag-matkustaa","22":"product_tag-probioguard-fi","23":"product_tag-probioottinen","24":"product_tag-ruoansulatuksen-terveys","25":"product_tag-sokeriton-ruokavalio","26":"product_tag-streptococcus-thermophilus-fi","27":"product_tag-suolistofloora","28":"product_tag-suoliston-tasapaino","29":"product_tag-vatsan-terveytta","30":"product_tag-vegaaniystavallinen","31":"product_tag-viivastetty-vapautuminen","33":"first","34":"instock","35":"taxable","36":"shipping-taxable","37":"purchasable","38":"product-type-simple","39":"entry","40":"content-bg","41":"loop-entry"},"acf":[],"yoast_head":"<!-- This site is optimized with the Yoast SEO plugin v25.8 - https:\/\/yoast.com\/wordpress\/plugins\/seo\/ -->\n<title>Probioguard - Lamberts - Reviva<\/title>\n<meta name=\"description\" content=\"Probioguard (med 4 olika stammar av goda mj\u00f6lksyra bakterier). Dessa arter av goda bakterier \u00e4r s\u00e4rskilt utvalda f\u00f6r att anv\u00e4ndas vid resor.\" \/>\n<meta name=\"robots\" content=\"index, follow, max-snippet:-1, max-image-preview:large, max-video-preview:-1\" \/>\n<link rel=\"canonical\" href=\"https:\/\/reviva.fi\/fi\/tuote\/probioguard-med-4-olika-stammar-av-goda-mjolksyra-bakterier\/\" \/>\n<meta property=\"og:locale\" content=\"fi_FI\" \/>\n<meta property=\"og:type\" content=\"article\" \/>\n<meta property=\"og:title\" content=\"Probioguard - Lamberts - Reviva\" \/>\n<meta property=\"og:description\" content=\"Probioguard (med 4 olika stammar av goda mj\u00f6lksyra bakterier). Dessa arter av goda bakterier \u00e4r s\u00e4rskilt utvalda f\u00f6r att anv\u00e4ndas vid resor.\" \/>\n<meta property=\"og:url\" content=\"https:\/\/reviva.fi\/fi\/tuote\/probioguard-med-4-olika-stammar-av-goda-mjolksyra-bakterier\/\" \/>\n<meta property=\"og:site_name\" content=\"Reviva\" \/>\n<meta property=\"article:modified_time\" content=\"2025-02-03T12:43:17+00:00\" \/>\n<meta property=\"og:image\" content=\"https:\/\/reviva.fi\/wp-content\/uploads\/2025\/01\/8419-60-Probioguard.jpg\" \/>\n\t<meta property=\"og:image:width\" content=\"1000\" \/>\n\t<meta property=\"og:image:height\" content=\"1000\" \/>\n\t<meta property=\"og:image:type\" content=\"image\/jpeg\" \/>\n<meta name=\"twitter:card\" content=\"summary_large_image\" \/>\n<script type=\"application\/ld+json\" class=\"yoast-schema-graph\">{\"@context\":\"https:\/\/schema.org\",\"@graph\":[{\"@type\":\"WebPage\",\"@id\":\"https:\/\/reviva.fi\/fi\/tuote\/probioguard-med-4-olika-stammar-av-goda-mjolksyra-bakterier\/\",\"url\":\"https:\/\/reviva.fi\/fi\/tuote\/probioguard-med-4-olika-stammar-av-goda-mjolksyra-bakterier\/\",\"name\":\"Probioguard - Lamberts - Reviva\",\"isPartOf\":{\"@id\":\"https:\/\/reviva.fi\/fi\/#website\"},\"primaryImageOfPage\":{\"@id\":\"https:\/\/reviva.fi\/fi\/tuote\/probioguard-med-4-olika-stammar-av-goda-mjolksyra-bakterier\/#primaryimage\"},\"image\":{\"@id\":\"https:\/\/reviva.fi\/fi\/tuote\/probioguard-med-4-olika-stammar-av-goda-mjolksyra-bakterier\/#primaryimage\"},\"thumbnailUrl\":\"https:\/\/reviva.fi\/wp-content\/uploads\/2025\/01\/8419-60-Probioguard.jpg\",\"datePublished\":\"2025-01-23T12:57:19+00:00\",\"dateModified\":\"2025-02-03T12:43:17+00:00\",\"description\":\"Probioguard (med 4 olika stammar av goda mj\u00f6lksyra bakterier). Dessa arter av goda bakterier \u00e4r s\u00e4rskilt utvalda f\u00f6r att anv\u00e4ndas vid resor.\",\"breadcrumb\":{\"@id\":\"https:\/\/reviva.fi\/fi\/tuote\/probioguard-med-4-olika-stammar-av-goda-mjolksyra-bakterier\/#breadcrumb\"},\"inLanguage\":\"fi\",\"potentialAction\":[{\"@type\":\"ReadAction\",\"target\":[\"https:\/\/reviva.fi\/fi\/tuote\/probioguard-med-4-olika-stammar-av-goda-mjolksyra-bakterier\/\"]}]},{\"@type\":\"ImageObject\",\"inLanguage\":\"fi\",\"@id\":\"https:\/\/reviva.fi\/fi\/tuote\/probioguard-med-4-olika-stammar-av-goda-mjolksyra-bakterier\/#primaryimage\",\"url\":\"https:\/\/reviva.fi\/wp-content\/uploads\/2025\/01\/8419-60-Probioguard.jpg\",\"contentUrl\":\"https:\/\/reviva.fi\/wp-content\/uploads\/2025\/01\/8419-60-Probioguard.jpg\",\"width\":1000,\"height\":1000,\"caption\":\"Probioguard (med 4 olika stammar av goda mj\u00f6lksyra bakterier)\"},{\"@type\":\"BreadcrumbList\",\"@id\":\"https:\/\/reviva.fi\/fi\/tuote\/probioguard-med-4-olika-stammar-av-goda-mjolksyra-bakterier\/#breadcrumb\",\"itemListElement\":[{\"@type\":\"ListItem\",\"position\":1,\"name\":\"Etusivu\",\"item\":\"https:\/\/reviva.fi\/fi\/\"},{\"@type\":\"ListItem\",\"position\":2,\"name\":\"Tuotteet\",\"item\":\"https:\/\/reviva.fi\/produkter\/\"},{\"@type\":\"ListItem\",\"position\":3,\"name\":\"Probioguard &#8211; Lamberts\"}]},{\"@type\":\"WebSite\",\"@id\":\"https:\/\/reviva.fi\/fi\/#website\",\"url\":\"https:\/\/reviva.fi\/fi\/\",\"name\":\"Reviva\",\"description\":\"\",\"publisher\":{\"@id\":\"https:\/\/reviva.fi\/fi\/#organization\"},\"potentialAction\":[{\"@type\":\"SearchAction\",\"target\":{\"@type\":\"EntryPoint\",\"urlTemplate\":\"https:\/\/reviva.fi\/fi\/?s={search_term_string}\"},\"query-input\":{\"@type\":\"PropertyValueSpecification\",\"valueRequired\":true,\"valueName\":\"search_term_string\"}}],\"inLanguage\":\"fi\"},{\"@type\":\"Organization\",\"@id\":\"https:\/\/reviva.fi\/fi\/#organization\",\"name\":\"Reviva\",\"url\":\"https:\/\/reviva.fi\/fi\/\",\"logo\":{\"@type\":\"ImageObject\",\"inLanguage\":\"fi\",\"@id\":\"https:\/\/reviva.fi\/fi\/#\/schema\/logo\/image\/\",\"url\":\"https:\/\/reviva.fi\/wp-content\/uploads\/2023\/10\/reviva-logo2.svg\",\"contentUrl\":\"https:\/\/reviva.fi\/wp-content\/uploads\/2023\/10\/reviva-logo2.svg\",\"caption\":\"Reviva\"},\"image\":{\"@id\":\"https:\/\/reviva.fi\/fi\/#\/schema\/logo\/image\/\"}}]}<\/script>\n<meta property=\"product:price:amount\" content=\"34.40\" \/>\n<meta property=\"product:price:currency\" content=\"EUR\" \/>\n<meta property=\"og:availability\" content=\"instock\" \/>\n<meta property=\"product:availability\" content=\"instock\" \/>\n<meta property=\"product:retailer_item_id\" content=\"8419-60\" \/>\n<meta property=\"product:condition\" content=\"new\" \/>\n<!-- \/ Yoast SEO plugin. -->","yoast_head_json":{"title":"Probioguard - Lamberts - Reviva","description":"Probioguard (med 4 olika stammar av goda mj\u00f6lksyra bakterier). Dessa arter av goda bakterier \u00e4r s\u00e4rskilt utvalda f\u00f6r att anv\u00e4ndas vid resor.","robots":{"index":"index","follow":"follow","max-snippet":"max-snippet:-1","max-image-preview":"max-image-preview:large","max-video-preview":"max-video-preview:-1"},"canonical":"https:\/\/reviva.fi\/fi\/tuote\/probioguard-med-4-olika-stammar-av-goda-mjolksyra-bakterier\/","og_locale":"fi_FI","og_type":"article","og_title":"Probioguard - Lamberts - Reviva","og_description":"Probioguard (med 4 olika stammar av goda mj\u00f6lksyra bakterier). Dessa arter av goda bakterier \u00e4r s\u00e4rskilt utvalda f\u00f6r att anv\u00e4ndas vid resor.","og_url":"https:\/\/reviva.fi\/fi\/tuote\/probioguard-med-4-olika-stammar-av-goda-mjolksyra-bakterier\/","og_site_name":"Reviva","article_modified_time":"2025-02-03T12:43:17+00:00","og_image":[{"width":1000,"height":1000,"url":"https:\/\/reviva.fi\/wp-content\/uploads\/2025\/01\/8419-60-Probioguard.jpg","type":"image\/jpeg"}],"twitter_card":"summary_large_image","schema":{"@context":"https:\/\/schema.org","@graph":[{"@type":"WebPage","@id":"https:\/\/reviva.fi\/fi\/tuote\/probioguard-med-4-olika-stammar-av-goda-mjolksyra-bakterier\/","url":"https:\/\/reviva.fi\/fi\/tuote\/probioguard-med-4-olika-stammar-av-goda-mjolksyra-bakterier\/","name":"Probioguard - Lamberts - Reviva","isPartOf":{"@id":"https:\/\/reviva.fi\/fi\/#website"},"primaryImageOfPage":{"@id":"https:\/\/reviva.fi\/fi\/tuote\/probioguard-med-4-olika-stammar-av-goda-mjolksyra-bakterier\/#primaryimage"},"image":{"@id":"https:\/\/reviva.fi\/fi\/tuote\/probioguard-med-4-olika-stammar-av-goda-mjolksyra-bakterier\/#primaryimage"},"thumbnailUrl":"https:\/\/reviva.fi\/wp-content\/uploads\/2025\/01\/8419-60-Probioguard.jpg","datePublished":"2025-01-23T12:57:19+00:00","dateModified":"2025-02-03T12:43:17+00:00","description":"Probioguard (med 4 olika stammar av goda mj\u00f6lksyra bakterier). Dessa arter av goda bakterier \u00e4r s\u00e4rskilt utvalda f\u00f6r att anv\u00e4ndas vid resor.","breadcrumb":{"@id":"https:\/\/reviva.fi\/fi\/tuote\/probioguard-med-4-olika-stammar-av-goda-mjolksyra-bakterier\/#breadcrumb"},"inLanguage":"fi","potentialAction":[{"@type":"ReadAction","target":["https:\/\/reviva.fi\/fi\/tuote\/probioguard-med-4-olika-stammar-av-goda-mjolksyra-bakterier\/"]}]},{"@type":"ImageObject","inLanguage":"fi","@id":"https:\/\/reviva.fi\/fi\/tuote\/probioguard-med-4-olika-stammar-av-goda-mjolksyra-bakterier\/#primaryimage","url":"https:\/\/reviva.fi\/wp-content\/uploads\/2025\/01\/8419-60-Probioguard.jpg","contentUrl":"https:\/\/reviva.fi\/wp-content\/uploads\/2025\/01\/8419-60-Probioguard.jpg","width":1000,"height":1000,"caption":"Probioguard (med 4 olika stammar av goda mj\u00f6lksyra bakterier)"},{"@type":"BreadcrumbList","@id":"https:\/\/reviva.fi\/fi\/tuote\/probioguard-med-4-olika-stammar-av-goda-mjolksyra-bakterier\/#breadcrumb","itemListElement":[{"@type":"ListItem","position":1,"name":"Etusivu","item":"https:\/\/reviva.fi\/fi\/"},{"@type":"ListItem","position":2,"name":"Tuotteet","item":"https:\/\/reviva.fi\/produkter\/"},{"@type":"ListItem","position":3,"name":"Probioguard &#8211; Lamberts"}]},{"@type":"WebSite","@id":"https:\/\/reviva.fi\/fi\/#website","url":"https:\/\/reviva.fi\/fi\/","name":"Reviva","description":"","publisher":{"@id":"https:\/\/reviva.fi\/fi\/#organization"},"potentialAction":[{"@type":"SearchAction","target":{"@type":"EntryPoint","urlTemplate":"https:\/\/reviva.fi\/fi\/?s={search_term_string}"},"query-input":{"@type":"PropertyValueSpecification","valueRequired":true,"valueName":"search_term_string"}}],"inLanguage":"fi"},{"@type":"Organization","@id":"https:\/\/reviva.fi\/fi\/#organization","name":"Reviva","url":"https:\/\/reviva.fi\/fi\/","logo":{"@type":"ImageObject","inLanguage":"fi","@id":"https:\/\/reviva.fi\/fi\/#\/schema\/logo\/image\/","url":"https:\/\/reviva.fi\/wp-content\/uploads\/2023\/10\/reviva-logo2.svg","contentUrl":"https:\/\/reviva.fi\/wp-content\/uploads\/2023\/10\/reviva-logo2.svg","caption":"Reviva"},"image":{"@id":"https:\/\/reviva.fi\/fi\/#\/schema\/logo\/image\/"}}]},"product_price_amount":"34.40","product_price_currency":"EUR","og_availability":"instock","product_availability":"instock","product_retailer_item_id":"8419-60","product_condition":"new"},"taxonomy_info":{"product_cat":[{"value":5976,"label":"Maitohappobakteerit"},{"value":2444,"label":"Lamberts"},{"value":2387,"label":"Maha &amp; Suolisto"},{"value":2357,"label":"Immuunipuolustus"}],"product_tag":[{"value":4713,"label":"4 miljardia el\u00e4v\u00e4\u00e4 bakteeria"},{"value":4718,"label":"antibioottihoito"},{"value":4451,"label":"Bifidobacterium bifidum"},{"value":3375,"label":"Dagligt tillskott"},{"value":444,"label":"immuunij\u00e4rjestelm\u00e4"},{"value":4678,"label":"Kapselia"},{"value":4445,"label":"Kasviskapselit"},{"value":4448,"label":"Lactobacillus acidophilus"},{"value":4781,"label":"Lactobacillus bulgaricus"},{"value":4532,"label":"Lamberts"},{"value":4717,"label":"maitohappobakteerit"},{"value":4609,"label":"matkustaa"},{"value":4779,"label":"Probioguard"},{"value":4447,"label":"Probioottinen"},{"value":4405,"label":"Ruoansulatuksen terveys"},{"value":4719,"label":"sokeriton ruokavalio"},{"value":4780,"label":"Streptococcus thermophilus"},{"value":4677,"label":"suolistofloora"},{"value":4716,"label":"suoliston tasapaino"},{"value":4715,"label":"vatsan terveytt\u00e4"},{"value":4403,"label":"vegaaniyst\u00e4v\u00e4llinen"},{"value":4449,"label":"viiv\u00e4stetty vapautuminen"}]},"featured_image_src_large":["https:\/\/reviva.fi\/wp-content\/uploads\/2025\/01\/8419-60-Probioguard.jpg",1000,1000,false],"author_info":[],"comment_info":0,"_links":{"self":[{"href":"https:\/\/reviva.fi\/fi\/wp-json\/wp\/v2\/product\/10594","targetHints":{"allow":["GET"]}}],"collection":[{"href":"https:\/\/reviva.fi\/fi\/wp-json\/wp\/v2\/product"}],"about":[{"href":"https:\/\/reviva.fi\/fi\/wp-json\/wp\/v2\/types\/product"}],"replies":[{"embeddable":true,"href":"https:\/\/reviva.fi\/fi\/wp-json\/wp\/v2\/comments?post=10594"}],"wp:featuredmedia":[{"embeddable":true,"href":"https:\/\/reviva.fi\/fi\/wp-json\/wp\/v2\/media\/10600"}],"wp:attachment":[{"href":"https:\/\/reviva.fi\/fi\/wp-json\/wp\/v2\/media?parent=10594"}],"wp:term":[{"taxonomy":"product_brand","embeddable":true,"href":"https:\/\/reviva.fi\/fi\/wp-json\/wp\/v2\/product_brand?post=10594"},{"taxonomy":"product_cat","embeddable":true,"href":"https:\/\/reviva.fi\/fi\/wp-json\/wp\/v2\/product_cat?post=10594"},{"taxonomy":"product_tag","embeddable":true,"href":"https:\/\/reviva.fi\/fi\/wp-json\/wp\/v2\/product_tag?post=10594"}],"curies":[{"name":"wp","href":"https:\/\/api.w.org\/{rel}","templated":true}]}}