{"id":10603,"date":"2025-01-27T08:50:02","date_gmt":"2025-01-27T06:50:02","guid":{"rendered":"https:\/\/reviva.fi\/product\/koenzym-q10-100mg-coq10-koenzym-ubikinon\/"},"modified":"2025-02-03T14:42:50","modified_gmt":"2025-02-03T12:42:50","slug":"koentsyymi-q10-lamberts","status":"publish","type":"product","link":"https:\/\/reviva.fi\/fi\/tuote\/koentsyymi-q10-lamberts\/","title":{"rendered":"Koentsyymi Q10 &#8211; Lamberts\u00a0"},"content":{"rendered":"<h1 class=\"page-title\">Koentsyymi Q10 &#8211; Lamberts<\/h1>\n<p>Koentsyymi Q10 kuuluu aineryhm\u00e4\u00e4n, ubikinoneihin, joita voidaan syntetisoida endogeenisesti (eli elimist\u00f6 tuottaa niit\u00e4 itse). Koentsyymi Q10 on aine, jota esiintyy kaikkialla kehon soluissa. Korkeimmat pitoisuudet on havaittu syd\u00e4nlihaksessa, maksassa, lis\u00e4munuaisissa ja luurankolihaksissa. Ihmisell\u00e4 koentsyymi Q10 syntetisoituu kaikissa soluissa tyrosiinista (tai fenyylialaniinista) ja mevalonaatista. Koentsyymi Q10 l\u00f6ytyy p\u00e4\u00e4asiassa rasvaisista elintarvikkeista, kuten kasvi\u00f6ljyist\u00e4, rasvaisesta kalasta, lihasta ja p\u00e4hkin\u00f6ist\u00e4. Kasviksissa koentsyymi Q10 on havaittu esimerkiksi pinaatista ja parsakaalista sek\u00e4 viljasta riisileseest\u00e4 ja vehn\u00e4nalkiosta.<\/p>\n<p>Q10 tunnetaan my\u00f6s nimell\u00e4 ubikinoni. Koentsyymi Q10:n (usein lyhennetty CoQ10) l\u00f6ysi ihmisist\u00e4 Lambertin konsultti tohtori Len Mervyn. CoQ10 on vitamiinin kaltainen aine, jota l\u00f6ytyy kehon jokaisen solun mitokondrioista. Noin 50 prosenttia sy\u00f6m\u00e4mme ruuan energiasta uutetaan mitokondrioissa. Q10:t\u00e4 l\u00f6ytyy my\u00f6s suuria m\u00e4\u00e4ri\u00e4 elimiss\u00e4, jotka uusiutuvat (kudos k\u00e4\u00e4nnet\u00e4\u00e4n) usein, kuten ikeniss\u00e4.<\/p>\n<p>CoQ10 l\u00f6ytyy ruoasta, erityisesti elinlihasta, mutta ruoanlaitto- ja prosessointimenetelmill\u00e4 on tapana tuhota se. Sit\u00e4 tuotetaan kehossa, mutta tuotanto v\u00e4henee i\u00e4n my\u00f6t\u00e4. Kuten kaikkien ravintoaineiden kohdalla, imeytyminen on uskomattoman t\u00e4rke\u00e4\u00e4. CoQ10 on \u00f6ljypohjaisessa muodossa, joka helpottaa imeytymist\u00e4.<\/p>\n<p>Lamberts Q10 100mg kapseleiden edut<\/p>\n<p>Sis\u00e4lt\u00e4\u00e4 helposti imeytyv\u00e4\u00e4 koentsyymi\u00e4 Q10<br \/>\nEritt\u00e4in tiivistetty 100 mg:n muoto<br \/>\nKapselit on helppo niell\u00e4<\/p>\n","protected":false},"excerpt":{"rendered":"<div class=\"product attribute overview\">\n<div class=\"value\">\n<p>Lamberts COENZYM Q10 100mg on coq10-ravintolis\u00e4. Koentsyymi\u00e4 kutsutaan my\u00f6s ubikinoniksi, ja sit\u00e4 voidaan k\u00e4ytt\u00e4\u00e4 p\u00e4ivitt\u00e4isen\u00e4 lis\u00e4ravinteena.<\/p>\n<\/div>\n<\/div>\n<div class=\"product-add-form\"><\/div>\n<div class=\"product-social-links\"><strong>60 kapselia\u00a0<\/strong><\/div>\n","protected":false},"featured_media":10572,"comment_status":"closed","ping_status":"closed","template":"","meta":{"_acf_changed":false,"inline_featured_image":false,"_kad_blocks_custom_css":"","_kad_blocks_head_custom_js":"","_kad_blocks_body_custom_js":"","_kad_blocks_footer_custom_js":"","_kadence_starter_templates_imported_post":false,"_kad_post_transparent":"default","_kad_post_title":"","_kad_post_layout":"default","_kad_post_sidebar_id":"","_kad_post_content_style":"default","_kad_post_vertical_padding":"default","_kad_post_feature":"","_kad_post_feature_position":"","_kad_post_header":false,"_kad_post_footer":false},"product_brand":[],"product_cat":[2505,2444,2357,2371,2375],"product_tag":[412,4774,4772,3465,4402,3580,4778,444,1614,4773,4420,4431,476,4777,4583,4776,4419,4775,4403,4771],"class_list":{"0":"post-10603","1":"product","2":"type-product","3":"status-publish","4":"has-post-thumbnail","6":"product_cat-ovriga-kosttillskott-fi","7":"product_cat-lamberts-fi","8":"product_cat-immunforsvar-fi","9":"product_cat-muskler-och-leder-fi","10":"product_cat-traning-fi","11":"product_tag-antioksidantti","12":"product_tag-coq10-fi","13":"product_tag-elinvoimaisuus","14":"product_tag-energiomsattning-fi","15":"product_tag-gmp-standardi","16":"product_tag-hog-biotillganglighet-fi","17":"product_tag-ikaantyminen","18":"product_tag-immuunijarjestelma","19":"product_tag-kestavyytta","20":"product_tag-koentsyymi-q10-fi","21":"product_tag-kolesterolitasapainoa","22":"product_tag-lihasterveytta","23":"product_tag-lisaravinne","24":"product_tag-mitokondrioiden-toiminta","25":"product_tag-rasvaliukoinen","26":"product_tag-solun-energiaa","27":"product_tag-sydanterveytta","28":"product_tag-ubikinoni","29":"product_tag-vegaaniystavallinen","30":"product_tag-verenpaine","32":"first","33":"instock","34":"taxable","35":"shipping-taxable","36":"purchasable","37":"product-type-simple","38":"entry","39":"content-bg","40":"loop-entry"},"acf":[],"yoast_head":"<!-- This site is optimized with the Yoast SEO plugin v25.8 - https:\/\/yoast.com\/wordpress\/plugins\/seo\/ -->\n<title>Koentsyymi Q10 - Lamberts\u00a0 - Reviva<\/title>\n<meta name=\"description\" content=\"KOENTSYMI Q10 - Lamberts. Koentsyymi Q10 on aine, jota esiintyy kaikkialla kehon soluissa. T\u00e4rke\u00e4 ravintoaine solujen energiatasolle.\" \/>\n<meta name=\"robots\" content=\"index, follow, max-snippet:-1, max-image-preview:large, max-video-preview:-1\" \/>\n<link rel=\"canonical\" href=\"https:\/\/reviva.fi\/fi\/tuote\/koentsyymi-q10-lamberts\/\" \/>\n<meta property=\"og:locale\" content=\"fi_FI\" \/>\n<meta property=\"og:type\" content=\"article\" \/>\n<meta property=\"og:title\" content=\"Koentsyymi Q10 - Lamberts\u00a0 - Reviva\" \/>\n<meta property=\"og:description\" content=\"KOENTSYMI Q10 - Lamberts. Koentsyymi Q10 on aine, jota esiintyy kaikkialla kehon soluissa. T\u00e4rke\u00e4 ravintoaine solujen energiatasolle.\" \/>\n<meta property=\"og:url\" content=\"https:\/\/reviva.fi\/fi\/tuote\/koentsyymi-q10-lamberts\/\" \/>\n<meta property=\"og:site_name\" content=\"Reviva\" \/>\n<meta property=\"article:modified_time\" content=\"2025-02-03T12:42:50+00:00\" \/>\n<meta property=\"og:image\" content=\"https:\/\/reviva.fi\/wp-content\/uploads\/2025\/01\/8533-60-Co-Enzyme-Q10-100-mg.jpg\" \/>\n\t<meta property=\"og:image:width\" content=\"780\" \/>\n\t<meta property=\"og:image:height\" content=\"780\" \/>\n\t<meta property=\"og:image:type\" content=\"image\/jpeg\" \/>\n<meta name=\"twitter:card\" content=\"summary_large_image\" \/>\n<script type=\"application\/ld+json\" class=\"yoast-schema-graph\">{\"@context\":\"https:\/\/schema.org\",\"@graph\":[{\"@type\":\"WebPage\",\"@id\":\"https:\/\/reviva.fi\/fi\/tuote\/koentsyymi-q10-lamberts\/\",\"url\":\"https:\/\/reviva.fi\/fi\/tuote\/koentsyymi-q10-lamberts\/\",\"name\":\"Koentsyymi Q10 - Lamberts\u00a0 - Reviva\",\"isPartOf\":{\"@id\":\"https:\/\/reviva.fi\/fi\/#website\"},\"primaryImageOfPage\":{\"@id\":\"https:\/\/reviva.fi\/fi\/tuote\/koentsyymi-q10-lamberts\/#primaryimage\"},\"image\":{\"@id\":\"https:\/\/reviva.fi\/fi\/tuote\/koentsyymi-q10-lamberts\/#primaryimage\"},\"thumbnailUrl\":\"https:\/\/reviva.fi\/wp-content\/uploads\/2025\/01\/8533-60-Co-Enzyme-Q10-100-mg.jpg\",\"datePublished\":\"2025-01-27T06:50:02+00:00\",\"dateModified\":\"2025-02-03T12:42:50+00:00\",\"description\":\"KOENTSYMI Q10 - Lamberts. Koentsyymi Q10 on aine, jota esiintyy kaikkialla kehon soluissa. T\u00e4rke\u00e4 ravintoaine solujen energiatasolle.\",\"breadcrumb\":{\"@id\":\"https:\/\/reviva.fi\/fi\/tuote\/koentsyymi-q10-lamberts\/#breadcrumb\"},\"inLanguage\":\"fi\",\"potentialAction\":[{\"@type\":\"ReadAction\",\"target\":[\"https:\/\/reviva.fi\/fi\/tuote\/koentsyymi-q10-lamberts\/\"]}]},{\"@type\":\"ImageObject\",\"inLanguage\":\"fi\",\"@id\":\"https:\/\/reviva.fi\/fi\/tuote\/koentsyymi-q10-lamberts\/#primaryimage\",\"url\":\"https:\/\/reviva.fi\/wp-content\/uploads\/2025\/01\/8533-60-Co-Enzyme-Q10-100-mg.jpg\",\"contentUrl\":\"https:\/\/reviva.fi\/wp-content\/uploads\/2025\/01\/8533-60-Co-Enzyme-Q10-100-mg.jpg\",\"width\":780,\"height\":780,\"caption\":\"Koentsyymi Q10 - Lamberts\u00a0\"},{\"@type\":\"BreadcrumbList\",\"@id\":\"https:\/\/reviva.fi\/fi\/tuote\/koentsyymi-q10-lamberts\/#breadcrumb\",\"itemListElement\":[{\"@type\":\"ListItem\",\"position\":1,\"name\":\"Etusivu\",\"item\":\"https:\/\/reviva.fi\/fi\/\"},{\"@type\":\"ListItem\",\"position\":2,\"name\":\"Tuotteet\",\"item\":\"https:\/\/reviva.fi\/produkter\/\"},{\"@type\":\"ListItem\",\"position\":3,\"name\":\"Koentsyymi Q10 &#8211; Lamberts\u00a0\"}]},{\"@type\":\"WebSite\",\"@id\":\"https:\/\/reviva.fi\/fi\/#website\",\"url\":\"https:\/\/reviva.fi\/fi\/\",\"name\":\"Reviva\",\"description\":\"\",\"publisher\":{\"@id\":\"https:\/\/reviva.fi\/fi\/#organization\"},\"potentialAction\":[{\"@type\":\"SearchAction\",\"target\":{\"@type\":\"EntryPoint\",\"urlTemplate\":\"https:\/\/reviva.fi\/fi\/?s={search_term_string}\"},\"query-input\":{\"@type\":\"PropertyValueSpecification\",\"valueRequired\":true,\"valueName\":\"search_term_string\"}}],\"inLanguage\":\"fi\"},{\"@type\":\"Organization\",\"@id\":\"https:\/\/reviva.fi\/fi\/#organization\",\"name\":\"Reviva\",\"url\":\"https:\/\/reviva.fi\/fi\/\",\"logo\":{\"@type\":\"ImageObject\",\"inLanguage\":\"fi\",\"@id\":\"https:\/\/reviva.fi\/fi\/#\/schema\/logo\/image\/\",\"url\":\"https:\/\/reviva.fi\/wp-content\/uploads\/2023\/10\/reviva-logo2.svg\",\"contentUrl\":\"https:\/\/reviva.fi\/wp-content\/uploads\/2023\/10\/reviva-logo2.svg\",\"caption\":\"Reviva\"},\"image\":{\"@id\":\"https:\/\/reviva.fi\/fi\/#\/schema\/logo\/image\/\"}}]}<\/script>\n<meta property=\"product:price:amount\" content=\"50.90\" \/>\n<meta property=\"product:price:currency\" content=\"EUR\" \/>\n<meta property=\"og:availability\" content=\"instock\" \/>\n<meta property=\"product:availability\" content=\"instock\" \/>\n<meta property=\"product:retailer_item_id\" content=\"8533-60\" \/>\n<meta property=\"product:condition\" content=\"new\" \/>\n<!-- \/ Yoast SEO plugin. -->","yoast_head_json":{"title":"Koentsyymi Q10 - Lamberts\u00a0 - Reviva","description":"KOENTSYMI Q10 - Lamberts. Koentsyymi Q10 on aine, jota esiintyy kaikkialla kehon soluissa. T\u00e4rke\u00e4 ravintoaine solujen energiatasolle.","robots":{"index":"index","follow":"follow","max-snippet":"max-snippet:-1","max-image-preview":"max-image-preview:large","max-video-preview":"max-video-preview:-1"},"canonical":"https:\/\/reviva.fi\/fi\/tuote\/koentsyymi-q10-lamberts\/","og_locale":"fi_FI","og_type":"article","og_title":"Koentsyymi Q10 - Lamberts\u00a0 - Reviva","og_description":"KOENTSYMI Q10 - Lamberts. Koentsyymi Q10 on aine, jota esiintyy kaikkialla kehon soluissa. T\u00e4rke\u00e4 ravintoaine solujen energiatasolle.","og_url":"https:\/\/reviva.fi\/fi\/tuote\/koentsyymi-q10-lamberts\/","og_site_name":"Reviva","article_modified_time":"2025-02-03T12:42:50+00:00","og_image":[{"width":780,"height":780,"url":"https:\/\/reviva.fi\/wp-content\/uploads\/2025\/01\/8533-60-Co-Enzyme-Q10-100-mg.jpg","type":"image\/jpeg"}],"twitter_card":"summary_large_image","schema":{"@context":"https:\/\/schema.org","@graph":[{"@type":"WebPage","@id":"https:\/\/reviva.fi\/fi\/tuote\/koentsyymi-q10-lamberts\/","url":"https:\/\/reviva.fi\/fi\/tuote\/koentsyymi-q10-lamberts\/","name":"Koentsyymi Q10 - Lamberts\u00a0 - Reviva","isPartOf":{"@id":"https:\/\/reviva.fi\/fi\/#website"},"primaryImageOfPage":{"@id":"https:\/\/reviva.fi\/fi\/tuote\/koentsyymi-q10-lamberts\/#primaryimage"},"image":{"@id":"https:\/\/reviva.fi\/fi\/tuote\/koentsyymi-q10-lamberts\/#primaryimage"},"thumbnailUrl":"https:\/\/reviva.fi\/wp-content\/uploads\/2025\/01\/8533-60-Co-Enzyme-Q10-100-mg.jpg","datePublished":"2025-01-27T06:50:02+00:00","dateModified":"2025-02-03T12:42:50+00:00","description":"KOENTSYMI Q10 - Lamberts. Koentsyymi Q10 on aine, jota esiintyy kaikkialla kehon soluissa. T\u00e4rke\u00e4 ravintoaine solujen energiatasolle.","breadcrumb":{"@id":"https:\/\/reviva.fi\/fi\/tuote\/koentsyymi-q10-lamberts\/#breadcrumb"},"inLanguage":"fi","potentialAction":[{"@type":"ReadAction","target":["https:\/\/reviva.fi\/fi\/tuote\/koentsyymi-q10-lamberts\/"]}]},{"@type":"ImageObject","inLanguage":"fi","@id":"https:\/\/reviva.fi\/fi\/tuote\/koentsyymi-q10-lamberts\/#primaryimage","url":"https:\/\/reviva.fi\/wp-content\/uploads\/2025\/01\/8533-60-Co-Enzyme-Q10-100-mg.jpg","contentUrl":"https:\/\/reviva.fi\/wp-content\/uploads\/2025\/01\/8533-60-Co-Enzyme-Q10-100-mg.jpg","width":780,"height":780,"caption":"Koentsyymi Q10 - Lamberts\u00a0"},{"@type":"BreadcrumbList","@id":"https:\/\/reviva.fi\/fi\/tuote\/koentsyymi-q10-lamberts\/#breadcrumb","itemListElement":[{"@type":"ListItem","position":1,"name":"Etusivu","item":"https:\/\/reviva.fi\/fi\/"},{"@type":"ListItem","position":2,"name":"Tuotteet","item":"https:\/\/reviva.fi\/produkter\/"},{"@type":"ListItem","position":3,"name":"Koentsyymi Q10 &#8211; Lamberts\u00a0"}]},{"@type":"WebSite","@id":"https:\/\/reviva.fi\/fi\/#website","url":"https:\/\/reviva.fi\/fi\/","name":"Reviva","description":"","publisher":{"@id":"https:\/\/reviva.fi\/fi\/#organization"},"potentialAction":[{"@type":"SearchAction","target":{"@type":"EntryPoint","urlTemplate":"https:\/\/reviva.fi\/fi\/?s={search_term_string}"},"query-input":{"@type":"PropertyValueSpecification","valueRequired":true,"valueName":"search_term_string"}}],"inLanguage":"fi"},{"@type":"Organization","@id":"https:\/\/reviva.fi\/fi\/#organization","name":"Reviva","url":"https:\/\/reviva.fi\/fi\/","logo":{"@type":"ImageObject","inLanguage":"fi","@id":"https:\/\/reviva.fi\/fi\/#\/schema\/logo\/image\/","url":"https:\/\/reviva.fi\/wp-content\/uploads\/2023\/10\/reviva-logo2.svg","contentUrl":"https:\/\/reviva.fi\/wp-content\/uploads\/2023\/10\/reviva-logo2.svg","caption":"Reviva"},"image":{"@id":"https:\/\/reviva.fi\/fi\/#\/schema\/logo\/image\/"}}]},"product_price_amount":"50.90","product_price_currency":"EUR","og_availability":"instock","product_availability":"instock","product_retailer_item_id":"8533-60","product_condition":"new"},"taxonomy_info":{"product_cat":[{"value":2505,"label":"Muut ravintolis\u00e4t"},{"value":2444,"label":"Lamberts"},{"value":2357,"label":"Immuunipuolustus"},{"value":2371,"label":"Nivelet &amp; Lihakset"},{"value":2375,"label":"Harjoittelu"}],"product_tag":[{"value":412,"label":"antioksidantti"},{"value":4774,"label":"CoQ10"},{"value":4772,"label":"Elinvoimaisuus"},{"value":3465,"label":"Energioms\u00e4ttning"},{"value":4402,"label":"GMP standardi"},{"value":3580,"label":"H\u00f6g biotillg\u00e4nglighet"},{"value":4778,"label":"ik\u00e4\u00e4ntyminen"},{"value":444,"label":"immuunij\u00e4rjestelm\u00e4"},{"value":1614,"label":"kest\u00e4vyytt\u00e4"},{"value":4773,"label":"Koentsyymi Q10"},{"value":4420,"label":"kolesterolitasapainoa"},{"value":4431,"label":"Lihasterveytt\u00e4"},{"value":476,"label":"lis\u00e4ravinne"},{"value":4777,"label":"mitokondrioiden toiminta"},{"value":4583,"label":"rasvaliukoinen"},{"value":4776,"label":"solun energiaa"},{"value":4419,"label":"Syd\u00e4nterveytt\u00e4"},{"value":4775,"label":"ubikinoni"},{"value":4403,"label":"vegaaniyst\u00e4v\u00e4llinen"},{"value":4771,"label":"verenpaine"}]},"featured_image_src_large":["https:\/\/reviva.fi\/wp-content\/uploads\/2025\/01\/8533-60-Co-Enzyme-Q10-100-mg.jpg",780,780,false],"author_info":[],"comment_info":0,"_links":{"self":[{"href":"https:\/\/reviva.fi\/fi\/wp-json\/wp\/v2\/product\/10603","targetHints":{"allow":["GET"]}}],"collection":[{"href":"https:\/\/reviva.fi\/fi\/wp-json\/wp\/v2\/product"}],"about":[{"href":"https:\/\/reviva.fi\/fi\/wp-json\/wp\/v2\/types\/product"}],"replies":[{"embeddable":true,"href":"https:\/\/reviva.fi\/fi\/wp-json\/wp\/v2\/comments?post=10603"}],"wp:featuredmedia":[{"embeddable":true,"href":"https:\/\/reviva.fi\/fi\/wp-json\/wp\/v2\/media\/10572"}],"wp:attachment":[{"href":"https:\/\/reviva.fi\/fi\/wp-json\/wp\/v2\/media?parent=10603"}],"wp:term":[{"taxonomy":"product_brand","embeddable":true,"href":"https:\/\/reviva.fi\/fi\/wp-json\/wp\/v2\/product_brand?post=10603"},{"taxonomy":"product_cat","embeddable":true,"href":"https:\/\/reviva.fi\/fi\/wp-json\/wp\/v2\/product_cat?post=10603"},{"taxonomy":"product_tag","embeddable":true,"href":"https:\/\/reviva.fi\/fi\/wp-json\/wp\/v2\/product_tag?post=10603"}],"curies":[{"name":"wp","href":"https:\/\/api.w.org\/{rel}","templated":true}]}}