{"id":10628,"date":"2025-01-27T14:50:58","date_gmt":"2025-01-27T12:50:58","guid":{"rendered":"https:\/\/reviva.fi\/product\/kanelbark-extrakt-lamberts\/"},"modified":"2025-02-03T14:41:19","modified_gmt":"2025-02-03T12:41:19","slug":"kanelin-kuoriuute-lamberts","status":"publish","type":"product","link":"https:\/\/reviva.fi\/fi\/tuote\/kanelin-kuoriuute-lamberts\/","title":{"rendered":"Kanelin kuoriuute &#8211; Lamberts"},"content":{"rendered":"<h1 class=\"page-title\">Kanelin kuoriuute &#8211; Lamberts<\/h1>\n<p>Kun Lamberts\u00ae k\u00e4ytt\u00e4\u00e4 yrttej\u00e4 ja mausteita ravintolisiss\u00e4, he varmistavat aina, ett\u00e4 k\u00e4ytet\u00e4\u00e4n vaikuttavan aineen tehokkainta muotoa. T\u00e4st\u00e4 syyst\u00e4 t\u00e4ss\u00e4 tuotteessa k\u00e4ytet\u00e4\u00e4n kanelinkuorta kaneli\u00f6ljyn sijaan, koska se sis\u00e4lt\u00e4\u00e4 suurimman eri tutkimuksissa k\u00e4ytetyn kanelin pitoisuuden. Lamberts on my\u00f6s k\u00e4ytt\u00e4nyt saman m\u00e4\u00e4r\u00e4n kaneliuutetta, jota on k\u00e4ytetty useissa tutkimuksissa.<\/p>\n<p>Jokainen Lamberts Cinnamon (kanelikuori) -tabletti sis\u00e4lt\u00e4\u00e4 100 mg kaneliuutetta.<\/p>\n","protected":false},"excerpt":{"rendered":"<p>Lambertsin kaneli on korkealaatuinen kanelin kuori lis\u00e4ravinne.<\/p>\n<p><strong>60 tablettia<\/strong><\/p>\n","protected":false},"featured_media":10617,"comment_status":"closed","ping_status":"closed","template":"","meta":{"_acf_changed":false,"inline_featured_image":false,"_kad_blocks_custom_css":"","_kad_blocks_head_custom_js":"","_kad_blocks_body_custom_js":"","_kad_blocks_footer_custom_js":"","_kadence_starter_templates_imported_post":false,"_kad_post_transparent":"default","_kad_post_title":"","_kad_post_layout":"default","_kad_post_sidebar_id":"","_kad_post_content_style":"default","_kad_post_vertical_padding":"default","_kad_post_feature":"","_kad_post_feature_position":"","_kad_post_header":false,"_kad_post_footer":false},"product_brand":[],"product_cat":[141,2444,2387],"product_tag":[4688,412,4761,4402,4762,4765,4766,4404,4420,4406,4763,4421,4764,4405,4649,4672,1128,4468,4740],"class_list":{"0":"post-10628","1":"product","2":"type-product","3":"status-publish","4":"has-post-thumbnail","6":"product_cat-orter-fi","7":"product_cat-lamberts-fi","8":"product_cat-mage-och-tarm-fi","9":"product_tag-2500-mg-fi","10":"product_tag-antioksidantti","11":"product_tag-glukoosin-aineenvaihdunta","12":"product_tag-gmp-standardi","13":"product_tag-insuliiniresistenssi","14":"product_tag-kaneli","15":"product_tag-kanelin-kuoriuute","16":"product_tag-kasvipohjainen","17":"product_tag-kolesterolitasapainoa","18":"product_tag-korkea-vahvuuksinen","19":"product_tag-metabolinen-terveys","20":"product_tag-painokontrolli","21":"product_tag-perinteinen-laaketiede","22":"product_tag-ruoansulatuksen-terveys","23":"product_tag-ruokahalun-hallinta","24":"product_tag-sydan-ja-verisuoniterveys","25":"product_tag-tulehdusta-ehkaiseva","26":"product_tag-vegaaninen","27":"product_tag-verensokerin-hallinta","29":"first","30":"instock","31":"taxable","32":"shipping-taxable","33":"purchasable","34":"product-type-simple","35":"entry","36":"content-bg","37":"loop-entry"},"acf":[],"yoast_head":"<!-- This site is optimized with the Yoast SEO plugin v25.8 - https:\/\/yoast.com\/wordpress\/plugins\/seo\/ -->\n<title>KANELBARK EXTRAKT 2500MG<\/title>\n<meta name=\"description\" content=\"Kanelin kuoriuute - Lamberts. Sis\u00e4lt\u00e4\u00e4 korkealaatuista kaneliuutetta, joka tukee verensokerin tasapainoa ja edist\u00e4\u00e4 ruoansulatusta.\" \/>\n<meta name=\"robots\" content=\"index, follow, max-snippet:-1, max-image-preview:large, max-video-preview:-1\" \/>\n<link rel=\"canonical\" href=\"https:\/\/reviva.fi\/fi\/tuote\/kanelin-kuoriuute-lamberts\/\" \/>\n<meta property=\"og:locale\" content=\"fi_FI\" \/>\n<meta property=\"og:type\" content=\"article\" \/>\n<meta property=\"og:title\" content=\"KANELBARK EXTRAKT 2500MG\" \/>\n<meta property=\"og:description\" content=\"Kanelin kuoriuute - Lamberts. Sis\u00e4lt\u00e4\u00e4 korkealaatuista kaneliuutetta, joka tukee verensokerin tasapainoa ja edist\u00e4\u00e4 ruoansulatusta.\" \/>\n<meta property=\"og:url\" content=\"https:\/\/reviva.fi\/fi\/tuote\/kanelin-kuoriuute-lamberts\/\" \/>\n<meta property=\"og:site_name\" content=\"Reviva\" \/>\n<meta property=\"article:modified_time\" content=\"2025-02-03T12:41:19+00:00\" \/>\n<meta property=\"og:image\" content=\"https:\/\/reviva.fi\/wp-content\/uploads\/2025\/01\/8572-60-Cinnamon-2500-mg.jpg\" \/>\n\t<meta property=\"og:image:width\" content=\"780\" \/>\n\t<meta property=\"og:image:height\" content=\"780\" \/>\n\t<meta property=\"og:image:type\" content=\"image\/jpeg\" \/>\n<meta name=\"twitter:card\" content=\"summary_large_image\" \/>\n<script type=\"application\/ld+json\" class=\"yoast-schema-graph\">{\"@context\":\"https:\/\/schema.org\",\"@graph\":[{\"@type\":\"WebPage\",\"@id\":\"https:\/\/reviva.fi\/fi\/tuote\/kanelin-kuoriuute-lamberts\/\",\"url\":\"https:\/\/reviva.fi\/fi\/tuote\/kanelin-kuoriuute-lamberts\/\",\"name\":\"KANELBARK EXTRAKT 2500MG\",\"isPartOf\":{\"@id\":\"https:\/\/reviva.fi\/fi\/#website\"},\"primaryImageOfPage\":{\"@id\":\"https:\/\/reviva.fi\/fi\/tuote\/kanelin-kuoriuute-lamberts\/#primaryimage\"},\"image\":{\"@id\":\"https:\/\/reviva.fi\/fi\/tuote\/kanelin-kuoriuute-lamberts\/#primaryimage\"},\"thumbnailUrl\":\"https:\/\/reviva.fi\/wp-content\/uploads\/2025\/01\/8572-60-Cinnamon-2500-mg.jpg\",\"datePublished\":\"2025-01-27T12:50:58+00:00\",\"dateModified\":\"2025-02-03T12:41:19+00:00\",\"description\":\"Kanelin kuoriuute - Lamberts. Sis\u00e4lt\u00e4\u00e4 korkealaatuista kaneliuutetta, joka tukee verensokerin tasapainoa ja edist\u00e4\u00e4 ruoansulatusta.\",\"breadcrumb\":{\"@id\":\"https:\/\/reviva.fi\/fi\/tuote\/kanelin-kuoriuute-lamberts\/#breadcrumb\"},\"inLanguage\":\"fi\",\"potentialAction\":[{\"@type\":\"ReadAction\",\"target\":[\"https:\/\/reviva.fi\/fi\/tuote\/kanelin-kuoriuute-lamberts\/\"]}]},{\"@type\":\"ImageObject\",\"inLanguage\":\"fi\",\"@id\":\"https:\/\/reviva.fi\/fi\/tuote\/kanelin-kuoriuute-lamberts\/#primaryimage\",\"url\":\"https:\/\/reviva.fi\/wp-content\/uploads\/2025\/01\/8572-60-Cinnamon-2500-mg.jpg\",\"contentUrl\":\"https:\/\/reviva.fi\/wp-content\/uploads\/2025\/01\/8572-60-Cinnamon-2500-mg.jpg\",\"width\":780,\"height\":780,\"caption\":\"Kanelin kuoriuute - Lamberts\"},{\"@type\":\"BreadcrumbList\",\"@id\":\"https:\/\/reviva.fi\/fi\/tuote\/kanelin-kuoriuute-lamberts\/#breadcrumb\",\"itemListElement\":[{\"@type\":\"ListItem\",\"position\":1,\"name\":\"Etusivu\",\"item\":\"https:\/\/reviva.fi\/fi\/\"},{\"@type\":\"ListItem\",\"position\":2,\"name\":\"Tuotteet\",\"item\":\"https:\/\/reviva.fi\/produkter\/\"},{\"@type\":\"ListItem\",\"position\":3,\"name\":\"Kanelin kuoriuute &#8211; Lamberts\"}]},{\"@type\":\"WebSite\",\"@id\":\"https:\/\/reviva.fi\/fi\/#website\",\"url\":\"https:\/\/reviva.fi\/fi\/\",\"name\":\"Reviva\",\"description\":\"\",\"publisher\":{\"@id\":\"https:\/\/reviva.fi\/fi\/#organization\"},\"potentialAction\":[{\"@type\":\"SearchAction\",\"target\":{\"@type\":\"EntryPoint\",\"urlTemplate\":\"https:\/\/reviva.fi\/fi\/?s={search_term_string}\"},\"query-input\":{\"@type\":\"PropertyValueSpecification\",\"valueRequired\":true,\"valueName\":\"search_term_string\"}}],\"inLanguage\":\"fi\"},{\"@type\":\"Organization\",\"@id\":\"https:\/\/reviva.fi\/fi\/#organization\",\"name\":\"Reviva\",\"url\":\"https:\/\/reviva.fi\/fi\/\",\"logo\":{\"@type\":\"ImageObject\",\"inLanguage\":\"fi\",\"@id\":\"https:\/\/reviva.fi\/fi\/#\/schema\/logo\/image\/\",\"url\":\"https:\/\/reviva.fi\/wp-content\/uploads\/2023\/10\/reviva-logo2.svg\",\"contentUrl\":\"https:\/\/reviva.fi\/wp-content\/uploads\/2023\/10\/reviva-logo2.svg\",\"caption\":\"Reviva\"},\"image\":{\"@id\":\"https:\/\/reviva.fi\/fi\/#\/schema\/logo\/image\/\"}}]}<\/script>\n<meta property=\"product:price:amount\" content=\"17.90\" \/>\n<meta property=\"product:price:currency\" content=\"EUR\" \/>\n<meta property=\"og:availability\" content=\"instock\" \/>\n<meta property=\"product:availability\" content=\"instock\" \/>\n<meta property=\"product:retailer_item_id\" content=\"8572-60\" \/>\n<meta property=\"product:condition\" content=\"new\" \/>\n<!-- \/ Yoast SEO plugin. -->","yoast_head_json":{"title":"KANELBARK EXTRAKT 2500MG","description":"Kanelin kuoriuute - Lamberts. Sis\u00e4lt\u00e4\u00e4 korkealaatuista kaneliuutetta, joka tukee verensokerin tasapainoa ja edist\u00e4\u00e4 ruoansulatusta.","robots":{"index":"index","follow":"follow","max-snippet":"max-snippet:-1","max-image-preview":"max-image-preview:large","max-video-preview":"max-video-preview:-1"},"canonical":"https:\/\/reviva.fi\/fi\/tuote\/kanelin-kuoriuute-lamberts\/","og_locale":"fi_FI","og_type":"article","og_title":"KANELBARK EXTRAKT 2500MG","og_description":"Kanelin kuoriuute - Lamberts. Sis\u00e4lt\u00e4\u00e4 korkealaatuista kaneliuutetta, joka tukee verensokerin tasapainoa ja edist\u00e4\u00e4 ruoansulatusta.","og_url":"https:\/\/reviva.fi\/fi\/tuote\/kanelin-kuoriuute-lamberts\/","og_site_name":"Reviva","article_modified_time":"2025-02-03T12:41:19+00:00","og_image":[{"width":780,"height":780,"url":"https:\/\/reviva.fi\/wp-content\/uploads\/2025\/01\/8572-60-Cinnamon-2500-mg.jpg","type":"image\/jpeg"}],"twitter_card":"summary_large_image","schema":{"@context":"https:\/\/schema.org","@graph":[{"@type":"WebPage","@id":"https:\/\/reviva.fi\/fi\/tuote\/kanelin-kuoriuute-lamberts\/","url":"https:\/\/reviva.fi\/fi\/tuote\/kanelin-kuoriuute-lamberts\/","name":"KANELBARK EXTRAKT 2500MG","isPartOf":{"@id":"https:\/\/reviva.fi\/fi\/#website"},"primaryImageOfPage":{"@id":"https:\/\/reviva.fi\/fi\/tuote\/kanelin-kuoriuute-lamberts\/#primaryimage"},"image":{"@id":"https:\/\/reviva.fi\/fi\/tuote\/kanelin-kuoriuute-lamberts\/#primaryimage"},"thumbnailUrl":"https:\/\/reviva.fi\/wp-content\/uploads\/2025\/01\/8572-60-Cinnamon-2500-mg.jpg","datePublished":"2025-01-27T12:50:58+00:00","dateModified":"2025-02-03T12:41:19+00:00","description":"Kanelin kuoriuute - Lamberts. Sis\u00e4lt\u00e4\u00e4 korkealaatuista kaneliuutetta, joka tukee verensokerin tasapainoa ja edist\u00e4\u00e4 ruoansulatusta.","breadcrumb":{"@id":"https:\/\/reviva.fi\/fi\/tuote\/kanelin-kuoriuute-lamberts\/#breadcrumb"},"inLanguage":"fi","potentialAction":[{"@type":"ReadAction","target":["https:\/\/reviva.fi\/fi\/tuote\/kanelin-kuoriuute-lamberts\/"]}]},{"@type":"ImageObject","inLanguage":"fi","@id":"https:\/\/reviva.fi\/fi\/tuote\/kanelin-kuoriuute-lamberts\/#primaryimage","url":"https:\/\/reviva.fi\/wp-content\/uploads\/2025\/01\/8572-60-Cinnamon-2500-mg.jpg","contentUrl":"https:\/\/reviva.fi\/wp-content\/uploads\/2025\/01\/8572-60-Cinnamon-2500-mg.jpg","width":780,"height":780,"caption":"Kanelin kuoriuute - Lamberts"},{"@type":"BreadcrumbList","@id":"https:\/\/reviva.fi\/fi\/tuote\/kanelin-kuoriuute-lamberts\/#breadcrumb","itemListElement":[{"@type":"ListItem","position":1,"name":"Etusivu","item":"https:\/\/reviva.fi\/fi\/"},{"@type":"ListItem","position":2,"name":"Tuotteet","item":"https:\/\/reviva.fi\/produkter\/"},{"@type":"ListItem","position":3,"name":"Kanelin kuoriuute &#8211; Lamberts"}]},{"@type":"WebSite","@id":"https:\/\/reviva.fi\/fi\/#website","url":"https:\/\/reviva.fi\/fi\/","name":"Reviva","description":"","publisher":{"@id":"https:\/\/reviva.fi\/fi\/#organization"},"potentialAction":[{"@type":"SearchAction","target":{"@type":"EntryPoint","urlTemplate":"https:\/\/reviva.fi\/fi\/?s={search_term_string}"},"query-input":{"@type":"PropertyValueSpecification","valueRequired":true,"valueName":"search_term_string"}}],"inLanguage":"fi"},{"@type":"Organization","@id":"https:\/\/reviva.fi\/fi\/#organization","name":"Reviva","url":"https:\/\/reviva.fi\/fi\/","logo":{"@type":"ImageObject","inLanguage":"fi","@id":"https:\/\/reviva.fi\/fi\/#\/schema\/logo\/image\/","url":"https:\/\/reviva.fi\/wp-content\/uploads\/2023\/10\/reviva-logo2.svg","contentUrl":"https:\/\/reviva.fi\/wp-content\/uploads\/2023\/10\/reviva-logo2.svg","caption":"Reviva"},"image":{"@id":"https:\/\/reviva.fi\/fi\/#\/schema\/logo\/image\/"}}]},"product_price_amount":"17.90","product_price_currency":"EUR","og_availability":"instock","product_availability":"instock","product_retailer_item_id":"8572-60","product_condition":"new"},"taxonomy_info":{"product_cat":[{"value":141,"label":"Yrtit"},{"value":2444,"label":"Lamberts"},{"value":2387,"label":"Maha &amp; Suolisto"}],"product_tag":[{"value":4688,"label":"2500 mg"},{"value":412,"label":"antioksidantti"},{"value":4761,"label":"glukoosin aineenvaihdunta"},{"value":4402,"label":"GMP standardi"},{"value":4762,"label":"insuliiniresistenssi"},{"value":4765,"label":"Kaneli"},{"value":4766,"label":"kanelin kuoriuute"},{"value":4404,"label":"Kasvipohjainen"},{"value":4420,"label":"kolesterolitasapainoa"},{"value":4406,"label":"Korkea vahvuuksinen"},{"value":4763,"label":"metabolinen terveys"},{"value":4421,"label":"Painokontrolli"},{"value":4764,"label":"perinteinen l\u00e4\u00e4ketiede"},{"value":4405,"label":"Ruoansulatuksen terveys"},{"value":4649,"label":"ruokahalun hallinta"},{"value":4672,"label":"syd\u00e4n- ja verisuoniterveys"},{"value":1128,"label":"tulehdusta ehk\u00e4isev\u00e4"},{"value":4468,"label":"Vegaaninen"},{"value":4740,"label":"verensokerin hallinta"}]},"featured_image_src_large":["https:\/\/reviva.fi\/wp-content\/uploads\/2025\/01\/8572-60-Cinnamon-2500-mg.jpg",780,780,false],"author_info":[],"comment_info":0,"_links":{"self":[{"href":"https:\/\/reviva.fi\/fi\/wp-json\/wp\/v2\/product\/10628","targetHints":{"allow":["GET"]}}],"collection":[{"href":"https:\/\/reviva.fi\/fi\/wp-json\/wp\/v2\/product"}],"about":[{"href":"https:\/\/reviva.fi\/fi\/wp-json\/wp\/v2\/types\/product"}],"replies":[{"embeddable":true,"href":"https:\/\/reviva.fi\/fi\/wp-json\/wp\/v2\/comments?post=10628"}],"wp:featuredmedia":[{"embeddable":true,"href":"https:\/\/reviva.fi\/fi\/wp-json\/wp\/v2\/media\/10617"}],"wp:attachment":[{"href":"https:\/\/reviva.fi\/fi\/wp-json\/wp\/v2\/media?parent=10628"}],"wp:term":[{"taxonomy":"product_brand","embeddable":true,"href":"https:\/\/reviva.fi\/fi\/wp-json\/wp\/v2\/product_brand?post=10628"},{"taxonomy":"product_cat","embeddable":true,"href":"https:\/\/reviva.fi\/fi\/wp-json\/wp\/v2\/product_cat?post=10628"},{"taxonomy":"product_tag","embeddable":true,"href":"https:\/\/reviva.fi\/fi\/wp-json\/wp\/v2\/product_tag?post=10628"}],"curies":[{"name":"wp","href":"https:\/\/api.w.org\/{rel}","templated":true}]}}