{"id":10640,"date":"2025-01-27T15:02:52","date_gmt":"2025-01-27T13:02:52","guid":{"rendered":"https:\/\/reviva.fi\/product\/fos-fruktooligosackarider-fran-cikoriarot-fos-prebiotika\/"},"modified":"2025-02-03T14:40:11","modified_gmt":"2025-02-03T12:40:11","slug":"frukto-oligosakkaridit-lamberts","status":"publish","type":"product","link":"https:\/\/reviva.fi\/fi\/tuote\/frukto-oligosakkaridit-lamberts\/","title":{"rendered":"Frukto-oligosakkaridit &#8211; Lamberts"},"content":{"rendered":"<h1 class=\"page-title\">Frukto-oligosakkaridit &#8211; Lamberts<\/h1>\n<p>Lamberts FOS koostuu frukto-oligosakkarideista (FOS). FOS ovat luonnossa esiintyvi\u00e4 hiilihydraatteja, joita on pieni\u00e4 m\u00e4\u00e4ri\u00e4 vihanneksissa, kuten maa-artisokassa ja sipulissa, sek\u00e4 hedelmiss\u00e4 ja jyviss\u00e4.<\/p>\n","protected":false},"excerpt":{"rendered":"<p>Lamberts FOS on frukto-oligosakkaridi (FOS) sikurijuuriuutteen ravintolis\u00e4.<\/p>\n<p><strong>500 grammaa<\/strong><\/p>\n","protected":false},"featured_media":10620,"comment_status":"closed","ping_status":"closed","template":"","meta":{"_acf_changed":false,"inline_featured_image":false,"_kad_blocks_custom_css":"","_kad_blocks_head_custom_js":"","_kad_blocks_body_custom_js":"","_kad_blocks_footer_custom_js":"","_kadence_starter_templates_imported_post":false,"_kad_post_transparent":"default","_kad_post_title":"","_kad_post_layout":"default","_kad_post_sidebar_id":"","_kad_post_content_style":"default","_kad_post_vertical_padding":"default","_kad_post_feature":"","_kad_post_feature_position":"","_kad_post_header":false,"_kad_post_footer":false},"product_brand":[],"product_cat":[2505,2444,2387],"product_tag":[4749,4720,4721,4756,4750,4747,4752,4755,4748,4758,4405,4753,4757,4751,4759,4760,4677,4450,4754,4403],"class_list":{"0":"post-10640","1":"product","2":"type-product","3":"status-publish","4":"has-post-thumbnail","6":"product_cat-ovriga-kosttillskott-fi","7":"product_cat-lamberts-fi","8":"product_cat-mage-och-tarm-fi","9":"product_tag-bifidobakteerit","10":"product_tag-fos-fi","11":"product_tag-frukto-oligosakkaridit","12":"product_tag-jauheen-muodossa","13":"product_tag-laktobasillit","14":"product_tag-liukoinen-kuitu","15":"product_tag-luonnonkuituja","16":"product_tag-makea-maku","17":"product_tag-prebiotika-fi","18":"product_tag-ripottele-ruoan-paalle","19":"product_tag-ruoansulatuksen-terveys","20":"product_tag-saannollinen-suoliston-toiminta","21":"product_tag-sekoitetaan-juomiin","22":"product_tag-sikurijuuri","23":"product_tag-sopii-lapsille","24":"product_tag-sopii-raskaana-oleville-naisille","25":"product_tag-suolistofloora","26":"product_tag-suoliston-terveytta","27":"product_tag-ummetuksen-helpotusta","28":"product_tag-vegaaniystavallinen","30":"first","31":"instock","32":"taxable","33":"shipping-taxable","34":"purchasable","35":"product-type-simple","36":"entry","37":"content-bg","38":"loop-entry"},"acf":[],"yoast_head":"<!-- This site is optimized with the Yoast SEO plugin v25.8 - https:\/\/yoast.com\/wordpress\/plugins\/seo\/ -->\n<title>Frukto-oligosakkaridit - Lamberts - Reviva<\/title>\n<meta name=\"description\" content=\"Frukto-oligosakkaridit - Lamberts sis\u00e4lt\u00e4\u00e4 prebioottisia frukto-oligosakkarideja ja tukee suoliston terveytt\u00e4 sek\u00e4 edist\u00e4\u00e4 hyvien suolistobakteerien kasvua.\" \/>\n<meta name=\"robots\" content=\"index, follow, max-snippet:-1, max-image-preview:large, max-video-preview:-1\" \/>\n<link rel=\"canonical\" href=\"https:\/\/reviva.fi\/fi\/tuote\/frukto-oligosakkaridit-lamberts\/\" \/>\n<meta property=\"og:locale\" content=\"fi_FI\" \/>\n<meta property=\"og:type\" content=\"article\" \/>\n<meta property=\"og:title\" content=\"Frukto-oligosakkaridit - Lamberts - Reviva\" \/>\n<meta property=\"og:description\" content=\"Frukto-oligosakkaridit - Lamberts sis\u00e4lt\u00e4\u00e4 prebioottisia frukto-oligosakkarideja ja tukee suoliston terveytt\u00e4 sek\u00e4 edist\u00e4\u00e4 hyvien suolistobakteerien kasvua.\" \/>\n<meta property=\"og:url\" content=\"https:\/\/reviva.fi\/fi\/tuote\/frukto-oligosakkaridit-lamberts\/\" \/>\n<meta property=\"og:site_name\" content=\"Reviva\" \/>\n<meta property=\"article:modified_time\" content=\"2025-02-03T12:40:11+00:00\" \/>\n<meta property=\"og:image\" content=\"https:\/\/reviva.fi\/wp-content\/uploads\/2025\/01\/8381-500-FOS.jpg\" \/>\n\t<meta property=\"og:image:width\" content=\"780\" \/>\n\t<meta property=\"og:image:height\" content=\"780\" \/>\n\t<meta property=\"og:image:type\" content=\"image\/jpeg\" \/>\n<meta name=\"twitter:card\" content=\"summary_large_image\" \/>\n<script type=\"application\/ld+json\" class=\"yoast-schema-graph\">{\"@context\":\"https:\/\/schema.org\",\"@graph\":[{\"@type\":\"WebPage\",\"@id\":\"https:\/\/reviva.fi\/fi\/tuote\/frukto-oligosakkaridit-lamberts\/\",\"url\":\"https:\/\/reviva.fi\/fi\/tuote\/frukto-oligosakkaridit-lamberts\/\",\"name\":\"Frukto-oligosakkaridit - Lamberts - Reviva\",\"isPartOf\":{\"@id\":\"https:\/\/reviva.fi\/fi\/#website\"},\"primaryImageOfPage\":{\"@id\":\"https:\/\/reviva.fi\/fi\/tuote\/frukto-oligosakkaridit-lamberts\/#primaryimage\"},\"image\":{\"@id\":\"https:\/\/reviva.fi\/fi\/tuote\/frukto-oligosakkaridit-lamberts\/#primaryimage\"},\"thumbnailUrl\":\"https:\/\/reviva.fi\/wp-content\/uploads\/2025\/01\/8381-500-FOS.jpg\",\"datePublished\":\"2025-01-27T13:02:52+00:00\",\"dateModified\":\"2025-02-03T12:40:11+00:00\",\"description\":\"Frukto-oligosakkaridit - Lamberts sis\u00e4lt\u00e4\u00e4 prebioottisia frukto-oligosakkarideja ja tukee suoliston terveytt\u00e4 sek\u00e4 edist\u00e4\u00e4 hyvien suolistobakteerien kasvua.\",\"breadcrumb\":{\"@id\":\"https:\/\/reviva.fi\/fi\/tuote\/frukto-oligosakkaridit-lamberts\/#breadcrumb\"},\"inLanguage\":\"fi\",\"potentialAction\":[{\"@type\":\"ReadAction\",\"target\":[\"https:\/\/reviva.fi\/fi\/tuote\/frukto-oligosakkaridit-lamberts\/\"]}]},{\"@type\":\"ImageObject\",\"inLanguage\":\"fi\",\"@id\":\"https:\/\/reviva.fi\/fi\/tuote\/frukto-oligosakkaridit-lamberts\/#primaryimage\",\"url\":\"https:\/\/reviva.fi\/wp-content\/uploads\/2025\/01\/8381-500-FOS.jpg\",\"contentUrl\":\"https:\/\/reviva.fi\/wp-content\/uploads\/2025\/01\/8381-500-FOS.jpg\",\"width\":780,\"height\":780,\"caption\":\"Frukto-oligosakkaridit - Lamberts\"},{\"@type\":\"BreadcrumbList\",\"@id\":\"https:\/\/reviva.fi\/fi\/tuote\/frukto-oligosakkaridit-lamberts\/#breadcrumb\",\"itemListElement\":[{\"@type\":\"ListItem\",\"position\":1,\"name\":\"Etusivu\",\"item\":\"https:\/\/reviva.fi\/fi\/\"},{\"@type\":\"ListItem\",\"position\":2,\"name\":\"Tuotteet\",\"item\":\"https:\/\/reviva.fi\/produkter\/\"},{\"@type\":\"ListItem\",\"position\":3,\"name\":\"Frukto-oligosakkaridit &#8211; Lamberts\"}]},{\"@type\":\"WebSite\",\"@id\":\"https:\/\/reviva.fi\/fi\/#website\",\"url\":\"https:\/\/reviva.fi\/fi\/\",\"name\":\"Reviva\",\"description\":\"\",\"publisher\":{\"@id\":\"https:\/\/reviva.fi\/fi\/#organization\"},\"potentialAction\":[{\"@type\":\"SearchAction\",\"target\":{\"@type\":\"EntryPoint\",\"urlTemplate\":\"https:\/\/reviva.fi\/fi\/?s={search_term_string}\"},\"query-input\":{\"@type\":\"PropertyValueSpecification\",\"valueRequired\":true,\"valueName\":\"search_term_string\"}}],\"inLanguage\":\"fi\"},{\"@type\":\"Organization\",\"@id\":\"https:\/\/reviva.fi\/fi\/#organization\",\"name\":\"Reviva\",\"url\":\"https:\/\/reviva.fi\/fi\/\",\"logo\":{\"@type\":\"ImageObject\",\"inLanguage\":\"fi\",\"@id\":\"https:\/\/reviva.fi\/fi\/#\/schema\/logo\/image\/\",\"url\":\"https:\/\/reviva.fi\/wp-content\/uploads\/2023\/10\/reviva-logo2.svg\",\"contentUrl\":\"https:\/\/reviva.fi\/wp-content\/uploads\/2023\/10\/reviva-logo2.svg\",\"caption\":\"Reviva\"},\"image\":{\"@id\":\"https:\/\/reviva.fi\/fi\/#\/schema\/logo\/image\/\"}}]}<\/script>\n<meta property=\"product:price:amount\" content=\"30.75\" \/>\n<meta property=\"product:price:currency\" content=\"EUR\" \/>\n<meta property=\"og:availability\" content=\"instock\" \/>\n<meta property=\"product:availability\" content=\"instock\" \/>\n<meta property=\"product:retailer_item_id\" content=\"8381-500\" \/>\n<meta property=\"product:condition\" content=\"new\" \/>\n<!-- \/ Yoast SEO plugin. -->","yoast_head_json":{"title":"Frukto-oligosakkaridit - Lamberts - Reviva","description":"Frukto-oligosakkaridit - Lamberts sis\u00e4lt\u00e4\u00e4 prebioottisia frukto-oligosakkarideja ja tukee suoliston terveytt\u00e4 sek\u00e4 edist\u00e4\u00e4 hyvien suolistobakteerien kasvua.","robots":{"index":"index","follow":"follow","max-snippet":"max-snippet:-1","max-image-preview":"max-image-preview:large","max-video-preview":"max-video-preview:-1"},"canonical":"https:\/\/reviva.fi\/fi\/tuote\/frukto-oligosakkaridit-lamberts\/","og_locale":"fi_FI","og_type":"article","og_title":"Frukto-oligosakkaridit - Lamberts - Reviva","og_description":"Frukto-oligosakkaridit - Lamberts sis\u00e4lt\u00e4\u00e4 prebioottisia frukto-oligosakkarideja ja tukee suoliston terveytt\u00e4 sek\u00e4 edist\u00e4\u00e4 hyvien suolistobakteerien kasvua.","og_url":"https:\/\/reviva.fi\/fi\/tuote\/frukto-oligosakkaridit-lamberts\/","og_site_name":"Reviva","article_modified_time":"2025-02-03T12:40:11+00:00","og_image":[{"width":780,"height":780,"url":"https:\/\/reviva.fi\/wp-content\/uploads\/2025\/01\/8381-500-FOS.jpg","type":"image\/jpeg"}],"twitter_card":"summary_large_image","schema":{"@context":"https:\/\/schema.org","@graph":[{"@type":"WebPage","@id":"https:\/\/reviva.fi\/fi\/tuote\/frukto-oligosakkaridit-lamberts\/","url":"https:\/\/reviva.fi\/fi\/tuote\/frukto-oligosakkaridit-lamberts\/","name":"Frukto-oligosakkaridit - Lamberts - Reviva","isPartOf":{"@id":"https:\/\/reviva.fi\/fi\/#website"},"primaryImageOfPage":{"@id":"https:\/\/reviva.fi\/fi\/tuote\/frukto-oligosakkaridit-lamberts\/#primaryimage"},"image":{"@id":"https:\/\/reviva.fi\/fi\/tuote\/frukto-oligosakkaridit-lamberts\/#primaryimage"},"thumbnailUrl":"https:\/\/reviva.fi\/wp-content\/uploads\/2025\/01\/8381-500-FOS.jpg","datePublished":"2025-01-27T13:02:52+00:00","dateModified":"2025-02-03T12:40:11+00:00","description":"Frukto-oligosakkaridit - Lamberts sis\u00e4lt\u00e4\u00e4 prebioottisia frukto-oligosakkarideja ja tukee suoliston terveytt\u00e4 sek\u00e4 edist\u00e4\u00e4 hyvien suolistobakteerien kasvua.","breadcrumb":{"@id":"https:\/\/reviva.fi\/fi\/tuote\/frukto-oligosakkaridit-lamberts\/#breadcrumb"},"inLanguage":"fi","potentialAction":[{"@type":"ReadAction","target":["https:\/\/reviva.fi\/fi\/tuote\/frukto-oligosakkaridit-lamberts\/"]}]},{"@type":"ImageObject","inLanguage":"fi","@id":"https:\/\/reviva.fi\/fi\/tuote\/frukto-oligosakkaridit-lamberts\/#primaryimage","url":"https:\/\/reviva.fi\/wp-content\/uploads\/2025\/01\/8381-500-FOS.jpg","contentUrl":"https:\/\/reviva.fi\/wp-content\/uploads\/2025\/01\/8381-500-FOS.jpg","width":780,"height":780,"caption":"Frukto-oligosakkaridit - Lamberts"},{"@type":"BreadcrumbList","@id":"https:\/\/reviva.fi\/fi\/tuote\/frukto-oligosakkaridit-lamberts\/#breadcrumb","itemListElement":[{"@type":"ListItem","position":1,"name":"Etusivu","item":"https:\/\/reviva.fi\/fi\/"},{"@type":"ListItem","position":2,"name":"Tuotteet","item":"https:\/\/reviva.fi\/produkter\/"},{"@type":"ListItem","position":3,"name":"Frukto-oligosakkaridit &#8211; Lamberts"}]},{"@type":"WebSite","@id":"https:\/\/reviva.fi\/fi\/#website","url":"https:\/\/reviva.fi\/fi\/","name":"Reviva","description":"","publisher":{"@id":"https:\/\/reviva.fi\/fi\/#organization"},"potentialAction":[{"@type":"SearchAction","target":{"@type":"EntryPoint","urlTemplate":"https:\/\/reviva.fi\/fi\/?s={search_term_string}"},"query-input":{"@type":"PropertyValueSpecification","valueRequired":true,"valueName":"search_term_string"}}],"inLanguage":"fi"},{"@type":"Organization","@id":"https:\/\/reviva.fi\/fi\/#organization","name":"Reviva","url":"https:\/\/reviva.fi\/fi\/","logo":{"@type":"ImageObject","inLanguage":"fi","@id":"https:\/\/reviva.fi\/fi\/#\/schema\/logo\/image\/","url":"https:\/\/reviva.fi\/wp-content\/uploads\/2023\/10\/reviva-logo2.svg","contentUrl":"https:\/\/reviva.fi\/wp-content\/uploads\/2023\/10\/reviva-logo2.svg","caption":"Reviva"},"image":{"@id":"https:\/\/reviva.fi\/fi\/#\/schema\/logo\/image\/"}}]},"product_price_amount":"30.75","product_price_currency":"EUR","og_availability":"instock","product_availability":"instock","product_retailer_item_id":"8381-500","product_condition":"new"},"taxonomy_info":{"product_cat":[{"value":2505,"label":"Muut ravintolis\u00e4t"},{"value":2444,"label":"Lamberts"},{"value":2387,"label":"Maha &amp; Suolisto"}],"product_tag":[{"value":4749,"label":"bifidobakteerit"},{"value":4720,"label":"FOS"},{"value":4721,"label":"frukto-oligosakkaridit"},{"value":4756,"label":"jauheen muodossa"},{"value":4750,"label":"laktobasillit"},{"value":4747,"label":"liukoinen kuitu"},{"value":4752,"label":"luonnonkuituja"},{"value":4755,"label":"makea maku"},{"value":4748,"label":"prebiotika"},{"value":4758,"label":"ripottele ruoan p\u00e4\u00e4lle"},{"value":4405,"label":"Ruoansulatuksen terveys"},{"value":4753,"label":"s\u00e4\u00e4nn\u00f6llinen suoliston toiminta"},{"value":4757,"label":"sekoitetaan juomiin"},{"value":4751,"label":"sikurijuuri"},{"value":4759,"label":"sopii lapsille"},{"value":4760,"label":"sopii raskaana oleville naisille"},{"value":4677,"label":"suolistofloora"},{"value":4450,"label":"suoliston terveytt\u00e4"},{"value":4754,"label":"ummetuksen helpotusta"},{"value":4403,"label":"vegaaniyst\u00e4v\u00e4llinen"}]},"featured_image_src_large":["https:\/\/reviva.fi\/wp-content\/uploads\/2025\/01\/8381-500-FOS.jpg",780,780,false],"author_info":[],"comment_info":0,"_links":{"self":[{"href":"https:\/\/reviva.fi\/fi\/wp-json\/wp\/v2\/product\/10640","targetHints":{"allow":["GET"]}}],"collection":[{"href":"https:\/\/reviva.fi\/fi\/wp-json\/wp\/v2\/product"}],"about":[{"href":"https:\/\/reviva.fi\/fi\/wp-json\/wp\/v2\/types\/product"}],"replies":[{"embeddable":true,"href":"https:\/\/reviva.fi\/fi\/wp-json\/wp\/v2\/comments?post=10640"}],"wp:featuredmedia":[{"embeddable":true,"href":"https:\/\/reviva.fi\/fi\/wp-json\/wp\/v2\/media\/10620"}],"wp:attachment":[{"href":"https:\/\/reviva.fi\/fi\/wp-json\/wp\/v2\/media?parent=10640"}],"wp:term":[{"taxonomy":"product_brand","embeddable":true,"href":"https:\/\/reviva.fi\/fi\/wp-json\/wp\/v2\/product_brand?post=10640"},{"taxonomy":"product_cat","embeddable":true,"href":"https:\/\/reviva.fi\/fi\/wp-json\/wp\/v2\/product_cat?post=10640"},{"taxonomy":"product_tag","embeddable":true,"href":"https:\/\/reviva.fi\/fi\/wp-json\/wp\/v2\/product_tag?post=10640"}],"curies":[{"name":"wp","href":"https:\/\/api.w.org\/{rel}","templated":true}]}}