{"id":10650,"date":"2025-01-27T15:29:01","date_gmt":"2025-01-27T13:29:01","guid":{"rendered":"https:\/\/reviva.fi\/product\/vitamin-d3-droppar\/"},"modified":"2026-04-13T07:49:22","modified_gmt":"2026-04-13T04:49:22","slug":"d3-vitamiinitipat-lamberts","status":"publish","type":"product","link":"https:\/\/reviva.fi\/fi\/tuote\/d3-vitamiinitipat-lamberts\/","title":{"rendered":"Vitamin D3 -tipat (liuotettu neitsytoliivi\u00f6ljyyn), Lamberts"},"content":{"rendered":"<p data-start=\"0\" data-end=\"53\"><strong>Helppo ja k\u00e4yt\u00e4nn\u00f6llinen D-vitamiini koko perheelle<\/strong><\/p>\n<p data-start=\"55\" data-end=\"187\">T\u00e4m\u00e4 nestem\u00e4inen D3-vitamiinimuoto on helppo ja vaivaton tapa turvata D-vitamiinin saanti, ja se sopii erinomaisesti koko perheelle.<\/p>\n<p data-start=\"189\" data-end=\"450\">Jokainen tippa sis\u00e4lt\u00e4\u00e4 5 \u00b5g (200 IU) D3-vitamiinia, ja 20 ml:n pullossa on noin 600 tippaa, joten yksi pullo riitt\u00e4\u00e4 pitk\u00e4ksi aikaa. D-vitamiini on liuotettu kylm\u00e4puristettuun oliivi\u00f6ljyyn, joka on mauton ja hajuton, joten se on helppo ottaa my\u00f6s nirsoimmille.<\/p>\n<p data-start=\"452\" data-end=\"638\">Olemme lis\u00e4ksi lis\u00e4nneet \u00f6ljyyn luonnollisten E-vitamiinitokoferolien seoksen \u2013 t\u00e4rke\u00e4n antioksidantin, joka est\u00e4\u00e4 \u00f6ljyn h\u00e4rskiintymist\u00e4. T\u00e4m\u00e4n ansiosta tuote ei sis\u00e4ll\u00e4 s\u00e4il\u00f6nt\u00e4aineita.<\/p>\n<p data-start=\"640\" data-end=\"711\"><strong>Nestem\u00e4inen D3-vitamiini \u00f6ljypohjassa optimaalista imeytymist\u00e4 varten<\/strong><\/p>\n<p data-start=\"713\" data-end=\"961\">Lamberts Vitamin D3 -tipat ovat korkealaatuinen D3-vitamiinilis\u00e4 (kolekalsiferoli), liuotettuna neitsytoliivi\u00f6ljyyn. \u00d6ljypohjainen muoto on erityisen sopiva, sill\u00e4 D-vitamiini on rasvaliukoinen vitamiini ja imeytyy tehokkaasti rasvan l\u00e4sn\u00e4 ollessa.<\/p>\n<p data-start=\"963\" data-end=\"1092\">Nestem\u00e4inen muoto mahdollistaa yksil\u00f6llisen annostelun ja sopii sek\u00e4 aikuisille ett\u00e4 lapsille suositellun annostuksen mukaisesti.<\/p>\n<p data-start=\"1094\" data-end=\"1126\"><strong>D-vitamiini \u2013 aurinkovitamiini<\/strong><\/p>\n<p data-start=\"1128\" data-end=\"1417\">D3-vitamiini on se D-vitamiinin muoto, jota elimist\u00f6 muodostaa luonnollisesti iholla auringonvalon vaikutuksesta. Pohjoisissa maissa riitt\u00e4v\u00e4n D-vitamiinitason yll\u00e4pit\u00e4minen voi olla haastavaa syksyn ja talven aikana, mink\u00e4 vuoksi ravintolis\u00e4 on erityisen t\u00e4rke\u00e4 vuoden pimein\u00e4 kuukausina.<\/p>\n<p data-start=\"1419\" data-end=\"1455\"><strong>Luustolle, hampaille ja lihaksille<\/strong><\/p>\n<p data-start=\"1457\" data-end=\"1471\">D-vitamiini:<\/p>\n<ul>\n<li data-start=\"1473\" data-end=\"1511\">edist\u00e4\u00e4 luuston pysymist\u00e4 normaalina<\/li>\n<li data-start=\"1473\" data-end=\"1511\">edist\u00e4\u00e4 hampaiden pysymist\u00e4 normaaleina<\/li>\n<li data-start=\"1473\" data-end=\"1511\">edist\u00e4\u00e4 lihasten normaalia toimintaa<\/li>\n<li data-start=\"1473\" data-end=\"1511\">edist\u00e4\u00e4 kalsiumin ja fosforin normaalia imeytymist\u00e4 ja hy\u00f6dynt\u00e4mist\u00e4<\/li>\n<li data-start=\"1473\" data-end=\"1511\">edist\u00e4\u00e4 veren normaalia kalsiumpitoisuutta<\/li>\n<\/ul>\n<p data-start=\"1714\" data-end=\"1833\">D-vitamiinilla on keskeinen rooli elimist\u00f6n kalsiumtasapainossa ja se on t\u00e4rke\u00e4 normaalin luurakenteen yll\u00e4pit\u00e4miseksi.<\/p>\n<p data-start=\"1835\" data-end=\"1879\"><strong>Immuunij\u00e4rjestelm\u00e4 ja solujen jakautuminen<\/strong><\/p>\n<p data-start=\"1881\" data-end=\"1895\">D-vitamiini:<\/p>\n<ul>\n<li data-start=\"1897\" data-end=\"1946\">edist\u00e4\u00e4 immuunij\u00e4rjestelm\u00e4n normaalia toimintaa<\/li>\n<li data-start=\"1897\" data-end=\"1946\">osallistuu solujen jakautumisprosessiin<\/li>\n<\/ul>\n<p data-start=\"1991\" data-end=\"2100\">T\u00e4m\u00e4n ansiosta D-vitamiini on t\u00e4rke\u00e4 ravintotekij\u00e4 elimist\u00f6n kokonaisvaltaiselle toiminnalle ja tasapainolle.<\/p>\n<p data-start=\"2102\" data-end=\"2142\"><strong>\u00d6ljypohja tehokasta imeytymist\u00e4 varten<\/strong><\/p>\n<p data-start=\"2144\" data-end=\"2404\">D3-vitamiini on liuotettu neitsytoliivi\u00f6ljyyn, joka toimii luonnollisena rasvanl\u00e4hteen\u00e4 ja tukee rasvaliukoisen vitamiinin imeytymist\u00e4. Nestem\u00e4inen muoto tekee tuotteesta helpon annostella ja k\u00e4ytt\u00e4\u00e4 joko suoraan lusikasta tai sekoitettuna ruokaan tai juomaan.<\/p>\n<p data-start=\"2406\" data-end=\"2427\"><strong>Laatua Lambertsilta<\/strong><\/p>\n<p data-start=\"2429\" data-end=\"2658\">Lamberts tunnetaan korkeista laatustandardeistaan ja huolellisesti valituista raaka-aineistaan. Vitamin D3 -tipat valmistetaan tiukkojen laatuvaatimusten mukaisesti stabiilisuuden, puhtauden ja oikean annostuksen varmistamiseksi.<\/p>\n<p data-start=\"2660\" data-end=\"2778\">Tuote ei sis\u00e4ll\u00e4 tarpeettomia lis\u00e4aineita ja on suunniteltu p\u00e4ivitt\u00e4iseen k\u00e4ytt\u00f6\u00f6n suositellun annostuksen mukaisesti.<\/p>\n<p data-start=\"2780\" data-end=\"2816\"><strong>Kenelle Vitamin D3 -tipat sopivat?<\/strong><\/p>\n<p data-start=\"2818\" data-end=\"2857\">Tuote voi olla erityisen hy\u00f6dyllinen:<\/p>\n<ul>\n<li data-start=\"2859\" data-end=\"2908\">henkil\u00f6ille, jotka oleskelevat v\u00e4h\u00e4n auringossa<\/li>\n<li data-start=\"2859\" data-end=\"2908\">i\u00e4kk\u00e4ille<\/li>\n<li data-start=\"2859\" data-end=\"2908\">henkil\u00f6ille, jotka haluavat tukea luuston terveytt\u00e4 ja lihastoimintaa<\/li>\n<li data-start=\"2859\" data-end=\"2908\">sinulle, joka suosit nestem\u00e4isi\u00e4 ravintolisi\u00e4<\/li>\n<li data-start=\"2859\" data-end=\"2908\">perheille, jotka arvostavat joustavaa annostelua<\/li>\n<\/ul>\n","protected":false},"excerpt":{"rendered":"<div class=\"f-18 f-xspace f-color6 f-nobold\">\n<div class=\"flex flex-col text-sm pb-25\">\n<article class=\"text-token-text-primary w-full focus:outline-none [--shadow-height:45px] has-data-writing-block:pointer-events-none has-data-writing-block:-mt-(--shadow-height) has-data-writing-block:pt-(--shadow-height) [&amp;:has([data-writing-block])&gt;*]:pointer-events-auto scroll-mt-[calc(var(--header-height)+min(200px,max(70px,20svh)))]\" dir=\"auto\" tabindex=\"-1\" data-turn-id=\"request-WEB:407fd402-2674-4da5-a098-088510ea2c3b-64\" data-testid=\"conversation-turn-88\" data-scroll-anchor=\"true\" data-turn=\"assistant\">\n<div class=\"text-base my-auto mx-auto pb-10 [--thread-content-margin:--spacing(4)] @w-sm\/main:[--thread-content-margin:--spacing(6)] @w-lg\/main:[--thread-content-margin:--spacing(16)] px-(--thread-content-margin)\">\n<div class=\"[--thread-content-max-width:40rem] @w-lg\/main:[--thread-content-max-width:48rem] mx-auto max-w-(--thread-content-max-width) flex-1 group\/turn-messages focus-visible:outline-hidden relative flex w-full min-w-0 flex-col agent-turn\" tabindex=\"-1\">\n<div class=\"flex max-w-full flex-col grow\">\n<div class=\"min-h-8 text-message relative flex w-full flex-col items-end gap-2 text-start break-words whitespace-normal [.text-message+&amp;]:mt-1\" dir=\"auto\" data-message-author-role=\"assistant\" data-message-id=\"90ab6a8c-7d12-4078-93ac-b8de8c73c77e\" data-message-model-slug=\"gpt-5-2\">\n<div class=\"flex w-full flex-col gap-1 empty:hidden first:pt-[1px]\">\n<div class=\"markdown prose dark:prose-invert w-full wrap-break-word light markdown-new-styling\">\n<p data-start=\"0\" data-end=\"334\">Vitamin D3 -tipat (liuotettu neitsytoliivi\u00f6ljyyn) Lambertsilta on helposti annosteltava ja korkealaatuinen ravintolis\u00e4, joka edist\u00e4\u00e4 luuston pysymist\u00e4 normaalina, lihasten normaalia toimintaa ja immuunij\u00e4rjestelm\u00e4n normaalia toimintaa sek\u00e4 kalsiumin normaalia imeytymist\u00e4 \u2013 \u00f6ljypohjaisessa koostumuksessa tehokasta imeytymist\u00e4 varten.<\/p>\n<p data-start=\"336\" data-end=\"379\">100 % DRI D3-vitamiinia jokaisessa tipassa.<\/p>\n<ul>\n<li data-start=\"381\" data-end=\"584\">Vitamin D3 -tipat<\/li>\n<li data-start=\"381\" data-end=\"584\">Jokainen tippa sis\u00e4lt\u00e4\u00e4 5 \u00b5g (200 IU) D3-vitamiinia<\/li>\n<li data-start=\"381\" data-end=\"584\">Helppo ja vaivaton k\u00e4ytt\u00e4\u00e4<\/li>\n<li data-start=\"381\" data-end=\"584\">Mauton ja hajuton, sopii my\u00f6s nirsoimmille<\/li>\n<li data-start=\"381\" data-end=\"584\">Erinomainen valinta koko perheelle<\/li>\n<\/ul>\n<p><strong>20 ml \/ 600 tippaa<\/strong><\/p>\n<\/div>\n<\/div>\n<\/div>\n<\/div>\n<div class=\"z-0 flex min-h-[46px] justify-start\"><\/div>\n<div class=\"mt-3 w-full empty:hidden\">\n<div class=\"text-center\"><\/div>\n<\/div>\n<\/div>\n<\/div>\n<\/article>\n<\/div>\n<div class=\"pointer-events-none h-px w-px absolute bottom-0\" aria-hidden=\"true\" data-edge=\"true\"><\/div>\n<\/div>\n","protected":false},"featured_media":10625,"comment_status":"closed","ping_status":"closed","template":"","meta":{"_acf_changed":false,"inline_featured_image":false,"_kad_blocks_custom_css":"","_kad_blocks_head_custom_js":"","_kad_blocks_body_custom_js":"","_kad_blocks_footer_custom_js":"","_kadence_starter_templates_imported_post":false,"_kad_post_transparent":"default","_kad_post_title":"","_kad_post_layout":"default","_kad_post_sidebar_id":"","_kad_post_content_style":"default","_kad_post_vertical_padding":"default","_kad_post_feature":"","_kad_post_feature_position":"","_kad_post_header":false,"_kad_post_footer":false},"product_brand":[],"product_cat":[96,527,2444,5980,2357],"product_tag":[4745,4469,4402,3580,4610,3384,444,4657,4743,4722,4742,476,4432,4458,4744,4419,4746,4403,3184],"class_list":{"0":"post-10650","1":"product","2":"type-product","3":"status-publish","4":"has-post-thumbnail","6":"product_cat-vitaminer-fi","7":"product_cat-d-vitamin-fi","8":"product_cat-lamberts-fi","9":"product_cat-barn-fi","10":"product_cat-immunforsvar-fi","11":"product_tag-auringonpaistevitamiinia","12":"product_tag-energiatasot","13":"product_tag-gmp-standardi","14":"product_tag-hog-biotillganglighet-fi","15":"product_tag-helppo-annostella","16":"product_tag-hormonbalans-fi","17":"product_tag-immuunijarjestelma","18":"product_tag-kalsiumin-imeytyminen","19":"product_tag-kolekalsiferoli","20":"product_tag-lapsiystavallinen","21":"product_tag-lihasten-toiminta","22":"product_tag-lisaravinne","23":"product_tag-luuston-terveytta","24":"product_tag-mielialan-tuki","25":"product_tag-nestemaista-d-vitamiinia","26":"product_tag-sydanterveytta","27":"product_tag-vanhempi","28":"product_tag-vegaaniystavallinen","29":"product_tag-vitamiini-d3","31":"first","32":"instock","33":"taxable","34":"shipping-taxable","35":"purchasable","36":"product-type-simple","37":"entry","38":"content-bg","39":"loop-entry"},"acf":[],"yoast_head":"<!-- This site is optimized with the Yoast SEO plugin v25.8 - https:\/\/yoast.com\/wordpress\/plugins\/seo\/ -->\n<title>Vitamin D3 -tipat (liuotettu neitsytoliivi\u00f6ljyyn), Lamberts - Reviva<\/title>\n<meta name=\"description\" content=\"D3-vitamiinitipat. T\u00e4m\u00e4 nestem\u00e4inen D3-vitamiinimuoto on helppo ja k\u00e4tev\u00e4 tapa saada D-vitamiinia ja erinomainen valinta koko perheelle.\" \/>\n<meta name=\"robots\" content=\"index, follow, max-snippet:-1, max-image-preview:large, max-video-preview:-1\" \/>\n<link rel=\"canonical\" href=\"https:\/\/reviva.fi\/fi\/tuote\/d3-vitamiinitipat-lamberts\/\" \/>\n<meta property=\"og:locale\" content=\"fi_FI\" \/>\n<meta property=\"og:type\" content=\"article\" \/>\n<meta property=\"og:title\" content=\"Vitamin D3 -tipat (liuotettu neitsytoliivi\u00f6ljyyn), Lamberts - Reviva\" \/>\n<meta property=\"og:description\" content=\"D3-vitamiinitipat. T\u00e4m\u00e4 nestem\u00e4inen D3-vitamiinimuoto on helppo ja k\u00e4tev\u00e4 tapa saada D-vitamiinia ja erinomainen valinta koko perheelle.\" \/>\n<meta property=\"og:url\" content=\"https:\/\/reviva.fi\/fi\/tuote\/d3-vitamiinitipat-lamberts\/\" \/>\n<meta property=\"og:site_name\" content=\"Reviva\" \/>\n<meta property=\"article:modified_time\" content=\"2026-04-13T04:49:22+00:00\" \/>\n<meta property=\"og:image\" content=\"https:\/\/reviva.fi\/wp-content\/uploads\/2025\/01\/8138-20-Vitamin-D-Drops.jpg\" \/>\n\t<meta property=\"og:image:width\" content=\"780\" \/>\n\t<meta property=\"og:image:height\" content=\"780\" \/>\n\t<meta property=\"og:image:type\" content=\"image\/jpeg\" \/>\n<meta name=\"twitter:card\" content=\"summary_large_image\" \/>\n<script type=\"application\/ld+json\" class=\"yoast-schema-graph\">{\"@context\":\"https:\/\/schema.org\",\"@graph\":[{\"@type\":\"WebPage\",\"@id\":\"https:\/\/reviva.fi\/fi\/tuote\/d3-vitamiinitipat-lamberts\/\",\"url\":\"https:\/\/reviva.fi\/fi\/tuote\/d3-vitamiinitipat-lamberts\/\",\"name\":\"Vitamin D3 -tipat (liuotettu neitsytoliivi\u00f6ljyyn), Lamberts - Reviva\",\"isPartOf\":{\"@id\":\"https:\/\/reviva.fi\/fi\/#website\"},\"primaryImageOfPage\":{\"@id\":\"https:\/\/reviva.fi\/fi\/tuote\/d3-vitamiinitipat-lamberts\/#primaryimage\"},\"image\":{\"@id\":\"https:\/\/reviva.fi\/fi\/tuote\/d3-vitamiinitipat-lamberts\/#primaryimage\"},\"thumbnailUrl\":\"https:\/\/reviva.fi\/wp-content\/uploads\/2025\/01\/8138-20-Vitamin-D-Drops.jpg\",\"datePublished\":\"2025-01-27T13:29:01+00:00\",\"dateModified\":\"2026-04-13T04:49:22+00:00\",\"description\":\"D3-vitamiinitipat. T\u00e4m\u00e4 nestem\u00e4inen D3-vitamiinimuoto on helppo ja k\u00e4tev\u00e4 tapa saada D-vitamiinia ja erinomainen valinta koko perheelle.\",\"breadcrumb\":{\"@id\":\"https:\/\/reviva.fi\/fi\/tuote\/d3-vitamiinitipat-lamberts\/#breadcrumb\"},\"inLanguage\":\"fi\",\"potentialAction\":[{\"@type\":\"ReadAction\",\"target\":[\"https:\/\/reviva.fi\/fi\/tuote\/d3-vitamiinitipat-lamberts\/\"]}]},{\"@type\":\"ImageObject\",\"inLanguage\":\"fi\",\"@id\":\"https:\/\/reviva.fi\/fi\/tuote\/d3-vitamiinitipat-lamberts\/#primaryimage\",\"url\":\"https:\/\/reviva.fi\/wp-content\/uploads\/2025\/01\/8138-20-Vitamin-D-Drops.jpg\",\"contentUrl\":\"https:\/\/reviva.fi\/wp-content\/uploads\/2025\/01\/8138-20-Vitamin-D-Drops.jpg\",\"width\":780,\"height\":780,\"caption\":\"Nestem\u00e4inen D3-Vitamiini\"},{\"@type\":\"BreadcrumbList\",\"@id\":\"https:\/\/reviva.fi\/fi\/tuote\/d3-vitamiinitipat-lamberts\/#breadcrumb\",\"itemListElement\":[{\"@type\":\"ListItem\",\"position\":1,\"name\":\"Etusivu\",\"item\":\"https:\/\/reviva.fi\/fi\/\"},{\"@type\":\"ListItem\",\"position\":2,\"name\":\"Tuotteet\",\"item\":\"https:\/\/reviva.fi\/produkter\/\"},{\"@type\":\"ListItem\",\"position\":3,\"name\":\"Vitamin D3 -tipat (liuotettu neitsytoliivi\u00f6ljyyn), Lamberts\"}]},{\"@type\":\"WebSite\",\"@id\":\"https:\/\/reviva.fi\/fi\/#website\",\"url\":\"https:\/\/reviva.fi\/fi\/\",\"name\":\"Reviva\",\"description\":\"\",\"publisher\":{\"@id\":\"https:\/\/reviva.fi\/fi\/#organization\"},\"potentialAction\":[{\"@type\":\"SearchAction\",\"target\":{\"@type\":\"EntryPoint\",\"urlTemplate\":\"https:\/\/reviva.fi\/fi\/?s={search_term_string}\"},\"query-input\":{\"@type\":\"PropertyValueSpecification\",\"valueRequired\":true,\"valueName\":\"search_term_string\"}}],\"inLanguage\":\"fi\"},{\"@type\":\"Organization\",\"@id\":\"https:\/\/reviva.fi\/fi\/#organization\",\"name\":\"Reviva\",\"url\":\"https:\/\/reviva.fi\/fi\/\",\"logo\":{\"@type\":\"ImageObject\",\"inLanguage\":\"fi\",\"@id\":\"https:\/\/reviva.fi\/fi\/#\/schema\/logo\/image\/\",\"url\":\"https:\/\/reviva.fi\/wp-content\/uploads\/2023\/10\/reviva-logo2.svg\",\"contentUrl\":\"https:\/\/reviva.fi\/wp-content\/uploads\/2023\/10\/reviva-logo2.svg\",\"caption\":\"Reviva\"},\"image\":{\"@id\":\"https:\/\/reviva.fi\/fi\/#\/schema\/logo\/image\/\"}}]}<\/script>\n<meta property=\"product:price:amount\" content=\"14.90\" \/>\n<meta property=\"product:price:currency\" content=\"EUR\" \/>\n<meta property=\"og:availability\" content=\"instock\" \/>\n<meta property=\"product:availability\" content=\"instock\" \/>\n<meta property=\"product:retailer_item_id\" content=\"8138-20\" \/>\n<meta property=\"product:condition\" content=\"new\" \/>\n<!-- \/ Yoast SEO plugin. -->","yoast_head_json":{"title":"Vitamin D3 -tipat (liuotettu neitsytoliivi\u00f6ljyyn), Lamberts - Reviva","description":"D3-vitamiinitipat. T\u00e4m\u00e4 nestem\u00e4inen D3-vitamiinimuoto on helppo ja k\u00e4tev\u00e4 tapa saada D-vitamiinia ja erinomainen valinta koko perheelle.","robots":{"index":"index","follow":"follow","max-snippet":"max-snippet:-1","max-image-preview":"max-image-preview:large","max-video-preview":"max-video-preview:-1"},"canonical":"https:\/\/reviva.fi\/fi\/tuote\/d3-vitamiinitipat-lamberts\/","og_locale":"fi_FI","og_type":"article","og_title":"Vitamin D3 -tipat (liuotettu neitsytoliivi\u00f6ljyyn), Lamberts - Reviva","og_description":"D3-vitamiinitipat. T\u00e4m\u00e4 nestem\u00e4inen D3-vitamiinimuoto on helppo ja k\u00e4tev\u00e4 tapa saada D-vitamiinia ja erinomainen valinta koko perheelle.","og_url":"https:\/\/reviva.fi\/fi\/tuote\/d3-vitamiinitipat-lamberts\/","og_site_name":"Reviva","article_modified_time":"2026-04-13T04:49:22+00:00","og_image":[{"width":780,"height":780,"url":"https:\/\/reviva.fi\/wp-content\/uploads\/2025\/01\/8138-20-Vitamin-D-Drops.jpg","type":"image\/jpeg"}],"twitter_card":"summary_large_image","schema":{"@context":"https:\/\/schema.org","@graph":[{"@type":"WebPage","@id":"https:\/\/reviva.fi\/fi\/tuote\/d3-vitamiinitipat-lamberts\/","url":"https:\/\/reviva.fi\/fi\/tuote\/d3-vitamiinitipat-lamberts\/","name":"Vitamin D3 -tipat (liuotettu neitsytoliivi\u00f6ljyyn), Lamberts - Reviva","isPartOf":{"@id":"https:\/\/reviva.fi\/fi\/#website"},"primaryImageOfPage":{"@id":"https:\/\/reviva.fi\/fi\/tuote\/d3-vitamiinitipat-lamberts\/#primaryimage"},"image":{"@id":"https:\/\/reviva.fi\/fi\/tuote\/d3-vitamiinitipat-lamberts\/#primaryimage"},"thumbnailUrl":"https:\/\/reviva.fi\/wp-content\/uploads\/2025\/01\/8138-20-Vitamin-D-Drops.jpg","datePublished":"2025-01-27T13:29:01+00:00","dateModified":"2026-04-13T04:49:22+00:00","description":"D3-vitamiinitipat. T\u00e4m\u00e4 nestem\u00e4inen D3-vitamiinimuoto on helppo ja k\u00e4tev\u00e4 tapa saada D-vitamiinia ja erinomainen valinta koko perheelle.","breadcrumb":{"@id":"https:\/\/reviva.fi\/fi\/tuote\/d3-vitamiinitipat-lamberts\/#breadcrumb"},"inLanguage":"fi","potentialAction":[{"@type":"ReadAction","target":["https:\/\/reviva.fi\/fi\/tuote\/d3-vitamiinitipat-lamberts\/"]}]},{"@type":"ImageObject","inLanguage":"fi","@id":"https:\/\/reviva.fi\/fi\/tuote\/d3-vitamiinitipat-lamberts\/#primaryimage","url":"https:\/\/reviva.fi\/wp-content\/uploads\/2025\/01\/8138-20-Vitamin-D-Drops.jpg","contentUrl":"https:\/\/reviva.fi\/wp-content\/uploads\/2025\/01\/8138-20-Vitamin-D-Drops.jpg","width":780,"height":780,"caption":"Nestem\u00e4inen D3-Vitamiini"},{"@type":"BreadcrumbList","@id":"https:\/\/reviva.fi\/fi\/tuote\/d3-vitamiinitipat-lamberts\/#breadcrumb","itemListElement":[{"@type":"ListItem","position":1,"name":"Etusivu","item":"https:\/\/reviva.fi\/fi\/"},{"@type":"ListItem","position":2,"name":"Tuotteet","item":"https:\/\/reviva.fi\/produkter\/"},{"@type":"ListItem","position":3,"name":"Vitamin D3 -tipat (liuotettu neitsytoliivi\u00f6ljyyn), Lamberts"}]},{"@type":"WebSite","@id":"https:\/\/reviva.fi\/fi\/#website","url":"https:\/\/reviva.fi\/fi\/","name":"Reviva","description":"","publisher":{"@id":"https:\/\/reviva.fi\/fi\/#organization"},"potentialAction":[{"@type":"SearchAction","target":{"@type":"EntryPoint","urlTemplate":"https:\/\/reviva.fi\/fi\/?s={search_term_string}"},"query-input":{"@type":"PropertyValueSpecification","valueRequired":true,"valueName":"search_term_string"}}],"inLanguage":"fi"},{"@type":"Organization","@id":"https:\/\/reviva.fi\/fi\/#organization","name":"Reviva","url":"https:\/\/reviva.fi\/fi\/","logo":{"@type":"ImageObject","inLanguage":"fi","@id":"https:\/\/reviva.fi\/fi\/#\/schema\/logo\/image\/","url":"https:\/\/reviva.fi\/wp-content\/uploads\/2023\/10\/reviva-logo2.svg","contentUrl":"https:\/\/reviva.fi\/wp-content\/uploads\/2023\/10\/reviva-logo2.svg","caption":"Reviva"},"image":{"@id":"https:\/\/reviva.fi\/fi\/#\/schema\/logo\/image\/"}}]},"product_price_amount":"14.90","product_price_currency":"EUR","og_availability":"instock","product_availability":"instock","product_retailer_item_id":"8138-20","product_condition":"new"},"taxonomy_info":{"product_cat":[{"value":96,"label":"Vitamiinit"},{"value":527,"label":"D-vitamiini"},{"value":2444,"label":"Lamberts"},{"value":5980,"label":"Lapset"},{"value":2357,"label":"Immuunipuolustus"}],"product_tag":[{"value":4745,"label":"auringonpaistevitamiinia"},{"value":4469,"label":"Energiatasot"},{"value":4402,"label":"GMP standardi"},{"value":3580,"label":"H\u00f6g biotillg\u00e4nglighet"},{"value":4610,"label":"Helppo annostella"},{"value":3384,"label":"Hormonbalans"},{"value":444,"label":"immuunij\u00e4rjestelm\u00e4"},{"value":4657,"label":"kalsiumin imeytyminen"},{"value":4743,"label":"kolekalsiferoli"},{"value":4722,"label":"Lapsiyst\u00e4v\u00e4llinen"},{"value":4742,"label":"Lihasten toiminta"},{"value":476,"label":"lis\u00e4ravinne"},{"value":4432,"label":"Luuston terveytt\u00e4"},{"value":4458,"label":"Mielialan tuki"},{"value":4744,"label":"nestem\u00e4ist\u00e4 D-vitamiinia"},{"value":4419,"label":"Syd\u00e4nterveytt\u00e4"},{"value":4746,"label":"vanhempi"},{"value":4403,"label":"vegaaniyst\u00e4v\u00e4llinen"},{"value":3184,"label":"Vitamiini D3"}]},"featured_image_src_large":["https:\/\/reviva.fi\/wp-content\/uploads\/2025\/01\/8138-20-Vitamin-D-Drops.jpg",780,780,false],"author_info":[],"comment_info":0,"_links":{"self":[{"href":"https:\/\/reviva.fi\/fi\/wp-json\/wp\/v2\/product\/10650","targetHints":{"allow":["GET"]}}],"collection":[{"href":"https:\/\/reviva.fi\/fi\/wp-json\/wp\/v2\/product"}],"about":[{"href":"https:\/\/reviva.fi\/fi\/wp-json\/wp\/v2\/types\/product"}],"replies":[{"embeddable":true,"href":"https:\/\/reviva.fi\/fi\/wp-json\/wp\/v2\/comments?post=10650"}],"wp:featuredmedia":[{"embeddable":true,"href":"https:\/\/reviva.fi\/fi\/wp-json\/wp\/v2\/media\/10625"}],"wp:attachment":[{"href":"https:\/\/reviva.fi\/fi\/wp-json\/wp\/v2\/media?parent=10650"}],"wp:term":[{"taxonomy":"product_brand","embeddable":true,"href":"https:\/\/reviva.fi\/fi\/wp-json\/wp\/v2\/product_brand?post=10650"},{"taxonomy":"product_cat","embeddable":true,"href":"https:\/\/reviva.fi\/fi\/wp-json\/wp\/v2\/product_cat?post=10650"},{"taxonomy":"product_tag","embeddable":true,"href":"https:\/\/reviva.fi\/fi\/wp-json\/wp\/v2\/product_tag?post=10650"}],"curies":[{"name":"wp","href":"https:\/\/api.w.org\/{rel}","templated":true}]}}