{"id":10660,"date":"2025-01-27T15:47:05","date_gmt":"2025-01-27T13:47:05","guid":{"rendered":"https:\/\/reviva.fi\/product\/silica-200mg-kisel-mineral-kosttillskott\/"},"modified":"2025-02-03T14:37:32","modified_gmt":"2025-02-03T12:37:32","slug":"piidioksidi-lamberts","status":"publish","type":"product","link":"https:\/\/reviva.fi\/fi\/tuote\/piidioksidi-lamberts\/","title":{"rendered":"Piidioksidi &#8211; Lamberts"},"content":{"rendered":"<h3>Piidioksidi &#8211; Lamberts<\/h3>\n<p>Pii on yksi kehon t\u00e4rkeimmist\u00e4 mineraaleista.<\/p>\n<p>Piit\u00e4 l\u00f6ytyy kaikista elimist\u00e4 ja rakenteista, joissa sidekudosta esiintyy, eli luurangossa, ihossa ja miten sek\u00e4 verisuonissa ja keuhkoissa. Piill\u00e4 on muiden hivenaineiden ohella todenn\u00e4k\u00f6isesti t\u00e4rke\u00e4 rooli eri sidekudoskuitujen v\u00e4lill\u00e4. Pii on my\u00f6s t\u00e4rke\u00e4 aine luun ja ruston aineenvaihduntaan.<\/p>\n","protected":false},"excerpt":{"rendered":"<p>Lamberts Silica 200mg \u00e4r ett kisel mineral kosttillskott baserat p\u00e5 kiselrika bambutr\u00e4d extrakt av h\u00f6g kvalitet.<\/p>\n<p><strong>90 kapslar<\/strong><\/p>\n","protected":false},"featured_media":10634,"comment_status":"closed","ping_status":"closed","template":"","meta":{"_acf_changed":false,"inline_featured_image":false,"_kad_blocks_custom_css":"","_kad_blocks_head_custom_js":"","_kad_blocks_body_custom_js":"","_kad_blocks_footer_custom_js":"","_kadence_starter_templates_imported_post":false,"_kad_post_transparent":"default","_kad_post_title":"","_kad_post_layout":"default","_kad_post_sidebar_id":"","_kad_post_content_style":"default","_kad_post_vertical_padding":"default","_kad_post_feature":"","_kad_post_feature_position":"","_kad_post_header":false,"_kad_post_footer":false},"product_brand":[],"product_cat":[93,5967,2444,2387,2371,2350],"product_tag":[4735,4736,4402,3580,3519,4549,3385,4738,4548,476,4432,4737,4733,4734,4731,4732,3002,4403],"class_list":{"0":"post-10660","1":"product","2":"type-product","3":"status-publish","4":"has-post-thumbnail","6":"product_cat-mineraler-fi","7":"product_cat-kisel-fi","8":"product_cat-lamberts-fi","9":"product_cat-mage-och-tarm-fi","10":"product_cat-muskler-och-leder-fi","11":"product_cat-hud-och-skonhet-fi","12":"product_tag-200-mg-fi","13":"product_tag-bambuuute","14":"product_tag-gmp-standardi","15":"product_tag-hog-biotillganglighet-fi","16":"product_tag-harhalsa-fi","17":"product_tag-hiven-mineraali","18":"product_tag-hudhalsa-fi","19":"product_tag-kollageenisynteesi","20":"product_tag-kynsien-terveytta","21":"product_tag-lisaravinne","22":"product_tag-luuston-terveytta","23":"product_tag-orgaaninen-piidioksidi","24":"product_tag-piidioksidi","25":"product_tag-piidioksidi-fi","26":"product_tag-ruston-muodostumista","27":"product_tag-sidekudos","28":"product_tag-solukasvu","29":"product_tag-vegaaniystavallinen","31":"first","32":"outofstock","33":"taxable","34":"shipping-taxable","35":"purchasable","36":"product-type-simple","37":"entry","38":"content-bg","39":"loop-entry"},"acf":[],"yoast_head":"<!-- This site is optimized with the Yoast SEO plugin v25.8 - https:\/\/yoast.com\/wordpress\/plugins\/seo\/ -->\n<title>Piidioksidi - Lamberts - Reviva<\/title>\n<meta name=\"description\" content=\"Piidioksidi - Lamberts (pii kivenn\u00e4isravintolis\u00e4). Piill\u00e4 on t\u00e4rke\u00e4 rooli eri sidekudoskuitujen v\u00e4lill\u00e4 ja se on t\u00e4rke\u00e4 luurangolle ja rustolle.\" \/>\n<meta name=\"robots\" content=\"index, follow, max-snippet:-1, max-image-preview:large, max-video-preview:-1\" \/>\n<link rel=\"canonical\" href=\"https:\/\/reviva.fi\/fi\/tuote\/piidioksidi-lamberts\/\" \/>\n<meta property=\"og:locale\" content=\"fi_FI\" \/>\n<meta property=\"og:type\" content=\"article\" \/>\n<meta property=\"og:title\" content=\"Piidioksidi - Lamberts - Reviva\" \/>\n<meta property=\"og:description\" content=\"Piidioksidi - Lamberts (pii kivenn\u00e4isravintolis\u00e4). Piill\u00e4 on t\u00e4rke\u00e4 rooli eri sidekudoskuitujen v\u00e4lill\u00e4 ja se on t\u00e4rke\u00e4 luurangolle ja rustolle.\" \/>\n<meta property=\"og:url\" content=\"https:\/\/reviva.fi\/fi\/tuote\/piidioksidi-lamberts\/\" \/>\n<meta property=\"og:site_name\" content=\"Reviva\" \/>\n<meta property=\"article:modified_time\" content=\"2025-02-03T12:37:32+00:00\" \/>\n<meta property=\"og:image\" content=\"https:\/\/reviva.fi\/wp-content\/uploads\/2025\/01\/8544-90-Silica-200mg.jpg\" \/>\n\t<meta property=\"og:image:width\" content=\"780\" \/>\n\t<meta property=\"og:image:height\" content=\"780\" \/>\n\t<meta property=\"og:image:type\" content=\"image\/jpeg\" \/>\n<meta name=\"twitter:card\" content=\"summary_large_image\" \/>\n<script type=\"application\/ld+json\" class=\"yoast-schema-graph\">{\"@context\":\"https:\/\/schema.org\",\"@graph\":[{\"@type\":\"WebPage\",\"@id\":\"https:\/\/reviva.fi\/fi\/tuote\/piidioksidi-lamberts\/\",\"url\":\"https:\/\/reviva.fi\/fi\/tuote\/piidioksidi-lamberts\/\",\"name\":\"Piidioksidi - Lamberts - Reviva\",\"isPartOf\":{\"@id\":\"https:\/\/reviva.fi\/fi\/#website\"},\"primaryImageOfPage\":{\"@id\":\"https:\/\/reviva.fi\/fi\/tuote\/piidioksidi-lamberts\/#primaryimage\"},\"image\":{\"@id\":\"https:\/\/reviva.fi\/fi\/tuote\/piidioksidi-lamberts\/#primaryimage\"},\"thumbnailUrl\":\"https:\/\/reviva.fi\/wp-content\/uploads\/2025\/01\/8544-90-Silica-200mg.jpg\",\"datePublished\":\"2025-01-27T13:47:05+00:00\",\"dateModified\":\"2025-02-03T12:37:32+00:00\",\"description\":\"Piidioksidi - Lamberts (pii kivenn\u00e4isravintolis\u00e4). Piill\u00e4 on t\u00e4rke\u00e4 rooli eri sidekudoskuitujen v\u00e4lill\u00e4 ja se on t\u00e4rke\u00e4 luurangolle ja rustolle.\",\"breadcrumb\":{\"@id\":\"https:\/\/reviva.fi\/fi\/tuote\/piidioksidi-lamberts\/#breadcrumb\"},\"inLanguage\":\"fi\",\"potentialAction\":[{\"@type\":\"ReadAction\",\"target\":[\"https:\/\/reviva.fi\/fi\/tuote\/piidioksidi-lamberts\/\"]}]},{\"@type\":\"ImageObject\",\"inLanguage\":\"fi\",\"@id\":\"https:\/\/reviva.fi\/fi\/tuote\/piidioksidi-lamberts\/#primaryimage\",\"url\":\"https:\/\/reviva.fi\/wp-content\/uploads\/2025\/01\/8544-90-Silica-200mg.jpg\",\"contentUrl\":\"https:\/\/reviva.fi\/wp-content\/uploads\/2025\/01\/8544-90-Silica-200mg.jpg\",\"width\":780,\"height\":780,\"caption\":\"Piidioksidi - Lamberts\"},{\"@type\":\"BreadcrumbList\",\"@id\":\"https:\/\/reviva.fi\/fi\/tuote\/piidioksidi-lamberts\/#breadcrumb\",\"itemListElement\":[{\"@type\":\"ListItem\",\"position\":1,\"name\":\"Etusivu\",\"item\":\"https:\/\/reviva.fi\/fi\/\"},{\"@type\":\"ListItem\",\"position\":2,\"name\":\"Tuotteet\",\"item\":\"https:\/\/reviva.fi\/produkter\/\"},{\"@type\":\"ListItem\",\"position\":3,\"name\":\"Piidioksidi &#8211; Lamberts\"}]},{\"@type\":\"WebSite\",\"@id\":\"https:\/\/reviva.fi\/fi\/#website\",\"url\":\"https:\/\/reviva.fi\/fi\/\",\"name\":\"Reviva\",\"description\":\"\",\"publisher\":{\"@id\":\"https:\/\/reviva.fi\/fi\/#organization\"},\"potentialAction\":[{\"@type\":\"SearchAction\",\"target\":{\"@type\":\"EntryPoint\",\"urlTemplate\":\"https:\/\/reviva.fi\/fi\/?s={search_term_string}\"},\"query-input\":{\"@type\":\"PropertyValueSpecification\",\"valueRequired\":true,\"valueName\":\"search_term_string\"}}],\"inLanguage\":\"fi\"},{\"@type\":\"Organization\",\"@id\":\"https:\/\/reviva.fi\/fi\/#organization\",\"name\":\"Reviva\",\"url\":\"https:\/\/reviva.fi\/fi\/\",\"logo\":{\"@type\":\"ImageObject\",\"inLanguage\":\"fi\",\"@id\":\"https:\/\/reviva.fi\/fi\/#\/schema\/logo\/image\/\",\"url\":\"https:\/\/reviva.fi\/wp-content\/uploads\/2023\/10\/reviva-logo2.svg\",\"contentUrl\":\"https:\/\/reviva.fi\/wp-content\/uploads\/2023\/10\/reviva-logo2.svg\",\"caption\":\"Reviva\"},\"image\":{\"@id\":\"https:\/\/reviva.fi\/fi\/#\/schema\/logo\/image\/\"}}]}<\/script>\n<meta property=\"product:price:amount\" content=\"21.75\" \/>\n<meta property=\"product:price:currency\" content=\"EUR\" \/>\n<meta property=\"og:availability\" content=\"out of stock\" \/>\n<meta property=\"product:availability\" content=\"out of stock\" \/>\n<meta property=\"product:retailer_item_id\" content=\"8544-90\" \/>\n<meta property=\"product:condition\" content=\"new\" \/>\n<!-- \/ Yoast SEO plugin. -->","yoast_head_json":{"title":"Piidioksidi - Lamberts - Reviva","description":"Piidioksidi - Lamberts (pii kivenn\u00e4isravintolis\u00e4). Piill\u00e4 on t\u00e4rke\u00e4 rooli eri sidekudoskuitujen v\u00e4lill\u00e4 ja se on t\u00e4rke\u00e4 luurangolle ja rustolle.","robots":{"index":"index","follow":"follow","max-snippet":"max-snippet:-1","max-image-preview":"max-image-preview:large","max-video-preview":"max-video-preview:-1"},"canonical":"https:\/\/reviva.fi\/fi\/tuote\/piidioksidi-lamberts\/","og_locale":"fi_FI","og_type":"article","og_title":"Piidioksidi - Lamberts - Reviva","og_description":"Piidioksidi - Lamberts (pii kivenn\u00e4isravintolis\u00e4). Piill\u00e4 on t\u00e4rke\u00e4 rooli eri sidekudoskuitujen v\u00e4lill\u00e4 ja se on t\u00e4rke\u00e4 luurangolle ja rustolle.","og_url":"https:\/\/reviva.fi\/fi\/tuote\/piidioksidi-lamberts\/","og_site_name":"Reviva","article_modified_time":"2025-02-03T12:37:32+00:00","og_image":[{"width":780,"height":780,"url":"https:\/\/reviva.fi\/wp-content\/uploads\/2025\/01\/8544-90-Silica-200mg.jpg","type":"image\/jpeg"}],"twitter_card":"summary_large_image","schema":{"@context":"https:\/\/schema.org","@graph":[{"@type":"WebPage","@id":"https:\/\/reviva.fi\/fi\/tuote\/piidioksidi-lamberts\/","url":"https:\/\/reviva.fi\/fi\/tuote\/piidioksidi-lamberts\/","name":"Piidioksidi - Lamberts - Reviva","isPartOf":{"@id":"https:\/\/reviva.fi\/fi\/#website"},"primaryImageOfPage":{"@id":"https:\/\/reviva.fi\/fi\/tuote\/piidioksidi-lamberts\/#primaryimage"},"image":{"@id":"https:\/\/reviva.fi\/fi\/tuote\/piidioksidi-lamberts\/#primaryimage"},"thumbnailUrl":"https:\/\/reviva.fi\/wp-content\/uploads\/2025\/01\/8544-90-Silica-200mg.jpg","datePublished":"2025-01-27T13:47:05+00:00","dateModified":"2025-02-03T12:37:32+00:00","description":"Piidioksidi - Lamberts (pii kivenn\u00e4isravintolis\u00e4). Piill\u00e4 on t\u00e4rke\u00e4 rooli eri sidekudoskuitujen v\u00e4lill\u00e4 ja se on t\u00e4rke\u00e4 luurangolle ja rustolle.","breadcrumb":{"@id":"https:\/\/reviva.fi\/fi\/tuote\/piidioksidi-lamberts\/#breadcrumb"},"inLanguage":"fi","potentialAction":[{"@type":"ReadAction","target":["https:\/\/reviva.fi\/fi\/tuote\/piidioksidi-lamberts\/"]}]},{"@type":"ImageObject","inLanguage":"fi","@id":"https:\/\/reviva.fi\/fi\/tuote\/piidioksidi-lamberts\/#primaryimage","url":"https:\/\/reviva.fi\/wp-content\/uploads\/2025\/01\/8544-90-Silica-200mg.jpg","contentUrl":"https:\/\/reviva.fi\/wp-content\/uploads\/2025\/01\/8544-90-Silica-200mg.jpg","width":780,"height":780,"caption":"Piidioksidi - Lamberts"},{"@type":"BreadcrumbList","@id":"https:\/\/reviva.fi\/fi\/tuote\/piidioksidi-lamberts\/#breadcrumb","itemListElement":[{"@type":"ListItem","position":1,"name":"Etusivu","item":"https:\/\/reviva.fi\/fi\/"},{"@type":"ListItem","position":2,"name":"Tuotteet","item":"https:\/\/reviva.fi\/produkter\/"},{"@type":"ListItem","position":3,"name":"Piidioksidi &#8211; Lamberts"}]},{"@type":"WebSite","@id":"https:\/\/reviva.fi\/fi\/#website","url":"https:\/\/reviva.fi\/fi\/","name":"Reviva","description":"","publisher":{"@id":"https:\/\/reviva.fi\/fi\/#organization"},"potentialAction":[{"@type":"SearchAction","target":{"@type":"EntryPoint","urlTemplate":"https:\/\/reviva.fi\/fi\/?s={search_term_string}"},"query-input":{"@type":"PropertyValueSpecification","valueRequired":true,"valueName":"search_term_string"}}],"inLanguage":"fi"},{"@type":"Organization","@id":"https:\/\/reviva.fi\/fi\/#organization","name":"Reviva","url":"https:\/\/reviva.fi\/fi\/","logo":{"@type":"ImageObject","inLanguage":"fi","@id":"https:\/\/reviva.fi\/fi\/#\/schema\/logo\/image\/","url":"https:\/\/reviva.fi\/wp-content\/uploads\/2023\/10\/reviva-logo2.svg","contentUrl":"https:\/\/reviva.fi\/wp-content\/uploads\/2023\/10\/reviva-logo2.svg","caption":"Reviva"},"image":{"@id":"https:\/\/reviva.fi\/fi\/#\/schema\/logo\/image\/"}}]},"product_price_amount":"21.75","product_price_currency":"EUR","og_availability":"out of stock","product_availability":"out of stock","product_retailer_item_id":"8544-90","product_condition":"new"},"taxonomy_info":{"product_cat":[{"value":93,"label":"Mineraalit"},{"value":5967,"label":"Pii"},{"value":2444,"label":"Lamberts"},{"value":2387,"label":"Maha &amp; Suolisto"},{"value":2371,"label":"Nivelet &amp; Lihakset"},{"value":2350,"label":"Iho &amp; Kauneus"}],"product_tag":[{"value":4735,"label":"200 mg"},{"value":4736,"label":"bambuuute"},{"value":4402,"label":"GMP standardi"},{"value":3580,"label":"H\u00f6g biotillg\u00e4nglighet"},{"value":3519,"label":"H\u00e5rh\u00e4lsa"},{"value":4549,"label":"hiven mineraali"},{"value":3385,"label":"Hudh\u00e4lsa"},{"value":4738,"label":"kollageenisynteesi"},{"value":4548,"label":"kynsien terveytt\u00e4"},{"value":476,"label":"lis\u00e4ravinne"},{"value":4432,"label":"Luuston terveytt\u00e4"},{"value":4737,"label":"orgaaninen piidioksidi"},{"value":4733,"label":"piidioksidi"},{"value":4734,"label":"piidioksidi"},{"value":4731,"label":"ruston muodostumista"},{"value":4732,"label":"sidekudos"},{"value":3002,"label":"Solukasvu"},{"value":4403,"label":"vegaaniyst\u00e4v\u00e4llinen"}]},"featured_image_src_large":["https:\/\/reviva.fi\/wp-content\/uploads\/2025\/01\/8544-90-Silica-200mg.jpg",780,780,false],"author_info":[],"comment_info":0,"_links":{"self":[{"href":"https:\/\/reviva.fi\/fi\/wp-json\/wp\/v2\/product\/10660","targetHints":{"allow":["GET"]}}],"collection":[{"href":"https:\/\/reviva.fi\/fi\/wp-json\/wp\/v2\/product"}],"about":[{"href":"https:\/\/reviva.fi\/fi\/wp-json\/wp\/v2\/types\/product"}],"replies":[{"embeddable":true,"href":"https:\/\/reviva.fi\/fi\/wp-json\/wp\/v2\/comments?post=10660"}],"wp:featuredmedia":[{"embeddable":true,"href":"https:\/\/reviva.fi\/fi\/wp-json\/wp\/v2\/media\/10634"}],"wp:attachment":[{"href":"https:\/\/reviva.fi\/fi\/wp-json\/wp\/v2\/media?parent=10660"}],"wp:term":[{"taxonomy":"product_brand","embeddable":true,"href":"https:\/\/reviva.fi\/fi\/wp-json\/wp\/v2\/product_brand?post=10660"},{"taxonomy":"product_cat","embeddable":true,"href":"https:\/\/reviva.fi\/fi\/wp-json\/wp\/v2\/product_cat?post=10660"},{"taxonomy":"product_tag","embeddable":true,"href":"https:\/\/reviva.fi\/fi\/wp-json\/wp\/v2\/product_tag?post=10660"}],"curies":[{"name":"wp","href":"https:\/\/api.w.org\/{rel}","templated":true}]}}