{"id":10673,"date":"2025-01-27T16:06:25","date_gmt":"2025-01-27T14:06:25","guid":{"rendered":"https:\/\/reviva.fi\/product\/kalcium-som-tuggtabletter-400-mg\/"},"modified":"2026-02-16T13:45:03","modified_gmt":"2026-02-16T11:45:03","slug":"kalsium-pureskelutabletit-lamberts","status":"publish","type":"product","link":"https:\/\/reviva.fi\/fi\/tuote\/kalsium-pureskelutabletit-lamberts\/","title":{"rendered":"Kalsium purutabletteina 400 mg (sis\u00e4lt\u00e4\u00e4 D3-vitamiinia) \u2013 Lamberts"},"content":{"rendered":"<div class=\"flex flex-col text-sm pb-25\">\n<article class=\"text-token-text-primary w-full focus:outline-none [--shadow-height:45px] has-data-writing-block:pointer-events-none has-data-writing-block:-mt-(--shadow-height) has-data-writing-block:pt-(--shadow-height) [&amp;:has([data-writing-block])&gt;*]:pointer-events-auto scroll-mt-[calc(var(--header-height)+min(200px,max(70px,20svh)))]\" dir=\"auto\" tabindex=\"-1\" data-turn-id=\"request-698a1824-1cb0-8333-9a3e-4ef56302f53a-11\" data-testid=\"conversation-turn-120\" data-scroll-anchor=\"true\" data-turn=\"assistant\">\n<div class=\"text-base my-auto mx-auto pb-10 [--thread-content-margin:--spacing(4)] @w-sm\/main:[--thread-content-margin:--spacing(6)] @w-lg\/main:[--thread-content-margin:--spacing(16)] px-(--thread-content-margin)\">\n<div class=\"[--thread-content-max-width:40rem] @w-lg\/main:[--thread-content-max-width:48rem] mx-auto max-w-(--thread-content-max-width) flex-1 group\/turn-messages focus-visible:outline-hidden relative flex w-full min-w-0 flex-col agent-turn\" tabindex=\"-1\">\n<div class=\"flex max-w-full flex-col grow\">\n<div class=\"min-h-8 text-message relative flex w-full flex-col items-end gap-2 text-start break-words whitespace-normal [.text-message+&amp;]:mt-1\" dir=\"auto\" data-message-author-role=\"assistant\" data-message-id=\"65013854-952b-40b5-a658-75718fbccce7\" data-message-model-slug=\"gpt-5-2\">\n<div class=\"flex w-full flex-col gap-1 empty:hidden first:pt-[1px]\">\n<div class=\"markdown prose dark:prose-invert w-full wrap-break-word light markdown-new-styling\">\n<p data-start=\"0\" data-end=\"42\"><strong>Luustolle, hampaille ja lihastoiminnalle<\/strong><\/p>\n<p data-start=\"44\" data-end=\"241\">Lamberts Kalsium 400 mg on k\u00e4yt\u00e4nn\u00f6llinen purutabletti, joka yhdist\u00e4\u00e4 kalsiumin ja D3-vitamiinin \u2013 kaksi ravintoainetta, jotka toimivat yhdess\u00e4 luuston ja hampaiden normaalin toiminnan tukemiseksi.<\/p>\n<p data-start=\"243\" data-end=\"448\">Kalsium on yksi elimist\u00f6n t\u00e4rkeimmist\u00e4 kivenn\u00e4isaineista ja keskeinen luuston ja hampaiden rakennusaine. D3-vitamiini (kolekalsiferoli) edist\u00e4\u00e4 kalsiumin tehokasta imeytymist\u00e4 ja hy\u00f6dynt\u00e4mist\u00e4 elimist\u00f6ss\u00e4.<\/p>\n<p data-start=\"450\" data-end=\"524\">T\u00e4m\u00e4 yhdistelm\u00e4 tekee tuotteesta erityisen sopivan p\u00e4ivitt\u00e4iseen k\u00e4ytt\u00f6\u00f6n.<\/p>\n<p data-start=\"526\" data-end=\"562\"><strong>Normaalille luustolle ja hampaille<\/strong><\/p>\n<p data-start=\"564\" data-end=\"574\">Kalsium:<\/p>\n<ul>\n<li data-start=\"576\" data-end=\"617\">tarvitaan luuston pysymiseen normaalina<\/li>\n<li data-start=\"576\" data-end=\"617\">tarvitaan hampaiden pysymiseen normaaleina<\/li>\n<\/ul>\n<p data-start=\"665\" data-end=\"679\">D-vitamiini:<\/p>\n<ul>\n<li data-start=\"681\" data-end=\"719\">edist\u00e4\u00e4 luuston pysymist\u00e4 normaalina<\/li>\n<li data-start=\"681\" data-end=\"719\">edist\u00e4\u00e4 hampaiden pysymist\u00e4 normaaleina<\/li>\n<li data-start=\"681\" data-end=\"719\">edist\u00e4\u00e4 kalsiumin ja fosforin normaalia imeytymist\u00e4 ja hy\u00f6dynt\u00e4mist\u00e4<\/li>\n<li data-start=\"681\" data-end=\"719\">edist\u00e4\u00e4 veren normaalia kalsiumpitoisuutta<\/li>\n<\/ul>\n<p data-start=\"882\" data-end=\"970\">Yhdess\u00e4 kalsium ja D-vitamiini tukevat elimist\u00f6n kalsiumtasapainoa ja luuston terveytt\u00e4.<\/p>\n<p data-start=\"972\" data-end=\"1011\"><strong>Lihastoiminta ja solujen jakautuminen<\/strong><\/p>\n<p data-start=\"1013\" data-end=\"1023\">Kalsium:<\/p>\n<ul>\n<li data-start=\"1025\" data-end=\"1059\">edist\u00e4\u00e4 normaalia lihastoimintaa<\/li>\n<li data-start=\"1025\" data-end=\"1059\">osallistuu solujen jakautumisprosessiin<\/li>\n<\/ul>\n<p data-start=\"1104\" data-end=\"1118\">D-vitamiini:<\/p>\n<ul>\n<li data-start=\"1120\" data-end=\"1158\">edist\u00e4\u00e4 lihasten normaalia toimintaa<\/li>\n<li data-start=\"1120\" data-end=\"1158\">osallistuu solujen jakautumisprosessiin<\/li>\n<\/ul>\n<p data-start=\"1203\" data-end=\"1285\">Riitt\u00e4v\u00e4 kalsiumin ja D-vitamiinin saanti on t\u00e4rke\u00e4\u00e4 normaalille lihastoiminnalle.<\/p>\n<p data-start=\"1287\" data-end=\"1316\"><strong>K\u00e4yt\u00e4nn\u00f6llinen purutabletti<\/strong><\/p>\n<p data-start=\"1318\" data-end=\"1499\">Tuote toimitetaan purutabletteina, mik\u00e4 tekee siit\u00e4 helpon ottaa ilman vett\u00e4. T\u00e4m\u00e4 voi olla erityisen hy\u00f6dyllist\u00e4 henkil\u00f6ille, joilla on vaikeuksia niell\u00e4 kapseleita tai tabletteja.<\/p>\n<p data-start=\"1501\" data-end=\"1645\">Jokainen purutabletti sis\u00e4lt\u00e4\u00e4 400 mg kalsiumia sek\u00e4 D3-vitamiinia tasapainotetussa annostuksessa p\u00e4ivitt\u00e4iseen k\u00e4ytt\u00f6\u00f6n suositusten mukaisesti.<\/p>\n<p data-start=\"1647\" data-end=\"1694\"><strong>Kenelle Kalsium 400 mg D3-vitamiinilla sopii?<\/strong><\/p>\n<p data-start=\"1696\" data-end=\"1735\">Tuote voi olla erityisen hy\u00f6dyllinen:<\/p>\n<ul>\n<li data-start=\"1737\" data-end=\"1801\">henkil\u00f6ille, joiden kalsiumin saanti ruokavaliosta on v\u00e4h\u00e4ist\u00e4<\/li>\n<li data-start=\"1737\" data-end=\"1801\">lapsille<\/li>\n<li data-start=\"1737\" data-end=\"1801\">ik\u00e4\u00e4ntyneille<\/li>\n<li data-start=\"1737\" data-end=\"1801\">vaihdevuodet ohittaneille naisille<\/li>\n<li data-start=\"1737\" data-end=\"1801\">henkil\u00f6ille, jotka haluavat tukea luuston terveytt\u00e4<\/li>\n<\/ul>\n<p data-start=\"1925\" data-end=\"1946\"><strong>Laatua Lambertsilta<\/strong><\/p>\n<p data-start=\"1948\" data-end=\"2190\">Lamberts tunnetaan korkeista laatustandardeistaan ja huolellisesti valituista raaka-aineistaan. Kalsium 400 mg D3-vitamiinilla valmistetaan tiukkojen laatuvaatimusten mukaisesti oikean annostuksen, stabiilisuuden ja puhtauden varmistamiseksi.<\/p>\n<p data-start=\"2192\" data-end=\"2479\" data-is-last-node=\"\" data-is-only-node=\"\"><em>Kalsiumtabletit ovat usein melko suuria, joten Lamberts on kehitt\u00e4nyt n\u00e4m\u00e4 sitruunanmakuiset purukalsiumtabletit helpottamaan k\u00e4ytt\u00f6\u00e4. Tuote sopii kaikenik\u00e4isille, mutta erityisesti lapsille, joilla kalsiumin tarve on suurempi ja jotka usein vierastavat kokonaisina nielt\u00e4vi\u00e4 tabletteja.<\/em><\/p>\n<\/div>\n<\/div>\n<\/div>\n<\/div>\n<div class=\"z-0 flex min-h-[46px] justify-start\"><\/div>\n<div class=\"mt-3 w-full empty:hidden\">\n<div class=\"text-center\"><\/div>\n<\/div>\n<\/div>\n<\/div>\n<\/article>\n<\/div>\n<div class=\"pointer-events-none h-px w-px absolute bottom-0\" aria-hidden=\"true\" data-edge=\"true\"><\/div>\n","protected":false},"excerpt":{"rendered":"<p data-start=\"0\" data-end=\"102\"><strong>Lamberts Kalsium purutabletti 400 mg kalsiumkarbonaattia \u2013 sitruunanmakuinen purutabletti + D3 &amp; FOS<\/strong><\/p>\n<p data-start=\"104\" data-end=\"337\">Kalsium 400 mg purutabletit D3-vitamiinilla Lambertsilta ovat k\u00e4yt\u00e4nn\u00f6llinen ja korkealaatuinen ravintolis\u00e4, jota tarvitaan luuston pysymiseen normaalina ja hampaiden pysymiseen normaaleina sek\u00e4 joka edist\u00e4\u00e4 normaalia lihastoimintaa.<\/p>\n<p data-start=\"339\" data-end=\"351\" data-is-last-node=\"\" data-is-only-node=\"\"><strong>60 tablettia<\/strong><\/p>\n","protected":false},"featured_media":10645,"comment_status":"closed","ping_status":"closed","template":"","meta":{"_acf_changed":false,"inline_featured_image":false,"_kad_blocks_custom_css":"","_kad_blocks_head_custom_js":"","_kad_blocks_body_custom_js":"","_kad_blocks_footer_custom_js":"","_kadence_starter_templates_imported_post":false,"_kad_post_transparent":"default","_kad_post_title":"","_kad_post_layout":"default","_kad_post_sidebar_id":"","_kad_post_content_style":"default","_kad_post_vertical_padding":"default","_kad_post_feature":"","_kad_post_feature_position":"","_kad_post_header":false,"_kad_post_footer":false},"product_brand":[],"product_cat":[93,5965,2444,5980],"product_tag":[4724,4727,521,4720,4721,4402,3580,4726,4640,4533,2946,4657,4504,4722,476,4432,4723,4405,4725,4516],"class_list":{"0":"post-10673","1":"product","2":"type-product","3":"status-publish","4":"has-post-thumbnail","6":"product_cat-mineraler-fi","7":"product_cat-kalcium-fi","8":"product_cat-lamberts-fi","9":"product_cat-barn-fi","10":"product_tag-400-mg-fi","11":"product_tag-aikuisia","12":"product_tag-d-vitamiini","13":"product_tag-fos-fi","14":"product_tag-frukto-oligosakkaridit","15":"product_tag-gmp-standardi","16":"product_tag-hog-biotillganglighet-fi","17":"product_tag-hammasystavallinen","18":"product_tag-hampaiden-terveyteen","19":"product_tag-helppo-ottaa","20":"product_tag-kalsium","21":"product_tag-kalsiumin-imeytyminen","22":"product_tag-kasvissyoja","23":"product_tag-lapsiystavallinen","24":"product_tag-lisaravinne","25":"product_tag-luuston-terveytta","26":"product_tag-purutabletti","27":"product_tag-ruoansulatuksen-terveys","28":"product_tag-sitruunan-tuoksu","29":"product_tag-sokeriton","31":"first","32":"instock","33":"taxable","34":"shipping-taxable","35":"purchasable","36":"product-type-simple","37":"entry","38":"content-bg","39":"loop-entry"},"acf":[],"yoast_head":"<!-- This site is optimized with the Yoast SEO plugin v25.8 - https:\/\/yoast.com\/wordpress\/plugins\/seo\/ -->\n<title>Kalsium purutabletteina 400 mg (sis\u00e4lt\u00e4\u00e4 D3-vitamiinia) \u2013 Lamberts - Reviva<\/title>\n<meta name=\"description\" content=\"Kalsium pureskelutabletit - Lamberts T\u00e4m\u00e4 kalsiumtuote sopii kaiken ik\u00e4isille, erityisesti lapsille, joilla on suurempi kalsiumin tarve.\" \/>\n<meta name=\"robots\" content=\"index, follow, max-snippet:-1, max-image-preview:large, max-video-preview:-1\" \/>\n<link rel=\"canonical\" href=\"https:\/\/reviva.fi\/fi\/tuote\/kalsium-pureskelutabletit-lamberts\/\" \/>\n<meta property=\"og:locale\" content=\"fi_FI\" \/>\n<meta property=\"og:type\" content=\"article\" \/>\n<meta property=\"og:title\" content=\"Kalsium purutabletteina 400 mg (sis\u00e4lt\u00e4\u00e4 D3-vitamiinia) \u2013 Lamberts - Reviva\" \/>\n<meta property=\"og:description\" content=\"Kalsium pureskelutabletit - Lamberts T\u00e4m\u00e4 kalsiumtuote sopii kaiken ik\u00e4isille, erityisesti lapsille, joilla on suurempi kalsiumin tarve.\" \/>\n<meta property=\"og:url\" content=\"https:\/\/reviva.fi\/fi\/tuote\/kalsium-pureskelutabletit-lamberts\/\" \/>\n<meta property=\"og:site_name\" content=\"Reviva\" \/>\n<meta property=\"article:modified_time\" content=\"2026-02-16T11:45:03+00:00\" \/>\n<meta property=\"og:image\" content=\"https:\/\/reviva.fi\/wp-content\/uploads\/2025\/01\/8222-60-Chewable-Calcium-400mg.jpg\" \/>\n\t<meta property=\"og:image:width\" content=\"780\" \/>\n\t<meta property=\"og:image:height\" content=\"780\" \/>\n\t<meta property=\"og:image:type\" content=\"image\/jpeg\" \/>\n<meta name=\"twitter:card\" content=\"summary_large_image\" \/>\n<script type=\"application\/ld+json\" class=\"yoast-schema-graph\">{\"@context\":\"https:\/\/schema.org\",\"@graph\":[{\"@type\":\"WebPage\",\"@id\":\"https:\/\/reviva.fi\/fi\/tuote\/kalsium-pureskelutabletit-lamberts\/\",\"url\":\"https:\/\/reviva.fi\/fi\/tuote\/kalsium-pureskelutabletit-lamberts\/\",\"name\":\"Kalsium purutabletteina 400 mg (sis\u00e4lt\u00e4\u00e4 D3-vitamiinia) \u2013 Lamberts - Reviva\",\"isPartOf\":{\"@id\":\"https:\/\/reviva.fi\/fi\/#website\"},\"primaryImageOfPage\":{\"@id\":\"https:\/\/reviva.fi\/fi\/tuote\/kalsium-pureskelutabletit-lamberts\/#primaryimage\"},\"image\":{\"@id\":\"https:\/\/reviva.fi\/fi\/tuote\/kalsium-pureskelutabletit-lamberts\/#primaryimage\"},\"thumbnailUrl\":\"https:\/\/reviva.fi\/wp-content\/uploads\/2025\/01\/8222-60-Chewable-Calcium-400mg.jpg\",\"datePublished\":\"2025-01-27T14:06:25+00:00\",\"dateModified\":\"2026-02-16T11:45:03+00:00\",\"description\":\"Kalsium pureskelutabletit - Lamberts T\u00e4m\u00e4 kalsiumtuote sopii kaiken ik\u00e4isille, erityisesti lapsille, joilla on suurempi kalsiumin tarve.\",\"breadcrumb\":{\"@id\":\"https:\/\/reviva.fi\/fi\/tuote\/kalsium-pureskelutabletit-lamberts\/#breadcrumb\"},\"inLanguage\":\"fi\",\"potentialAction\":[{\"@type\":\"ReadAction\",\"target\":[\"https:\/\/reviva.fi\/fi\/tuote\/kalsium-pureskelutabletit-lamberts\/\"]}]},{\"@type\":\"ImageObject\",\"inLanguage\":\"fi\",\"@id\":\"https:\/\/reviva.fi\/fi\/tuote\/kalsium-pureskelutabletit-lamberts\/#primaryimage\",\"url\":\"https:\/\/reviva.fi\/wp-content\/uploads\/2025\/01\/8222-60-Chewable-Calcium-400mg.jpg\",\"contentUrl\":\"https:\/\/reviva.fi\/wp-content\/uploads\/2025\/01\/8222-60-Chewable-Calcium-400mg.jpg\",\"width\":780,\"height\":780,\"caption\":\"Kalsium pureskelutabletit - Lamberts\"},{\"@type\":\"BreadcrumbList\",\"@id\":\"https:\/\/reviva.fi\/fi\/tuote\/kalsium-pureskelutabletit-lamberts\/#breadcrumb\",\"itemListElement\":[{\"@type\":\"ListItem\",\"position\":1,\"name\":\"Etusivu\",\"item\":\"https:\/\/reviva.fi\/fi\/\"},{\"@type\":\"ListItem\",\"position\":2,\"name\":\"Tuotteet\",\"item\":\"https:\/\/reviva.fi\/produkter\/\"},{\"@type\":\"ListItem\",\"position\":3,\"name\":\"Kalsium purutabletteina 400 mg (sis\u00e4lt\u00e4\u00e4 D3-vitamiinia) \u2013 Lamberts\"}]},{\"@type\":\"WebSite\",\"@id\":\"https:\/\/reviva.fi\/fi\/#website\",\"url\":\"https:\/\/reviva.fi\/fi\/\",\"name\":\"Reviva\",\"description\":\"\",\"publisher\":{\"@id\":\"https:\/\/reviva.fi\/fi\/#organization\"},\"potentialAction\":[{\"@type\":\"SearchAction\",\"target\":{\"@type\":\"EntryPoint\",\"urlTemplate\":\"https:\/\/reviva.fi\/fi\/?s={search_term_string}\"},\"query-input\":{\"@type\":\"PropertyValueSpecification\",\"valueRequired\":true,\"valueName\":\"search_term_string\"}}],\"inLanguage\":\"fi\"},{\"@type\":\"Organization\",\"@id\":\"https:\/\/reviva.fi\/fi\/#organization\",\"name\":\"Reviva\",\"url\":\"https:\/\/reviva.fi\/fi\/\",\"logo\":{\"@type\":\"ImageObject\",\"inLanguage\":\"fi\",\"@id\":\"https:\/\/reviva.fi\/fi\/#\/schema\/logo\/image\/\",\"url\":\"https:\/\/reviva.fi\/wp-content\/uploads\/2023\/10\/reviva-logo2.svg\",\"contentUrl\":\"https:\/\/reviva.fi\/wp-content\/uploads\/2023\/10\/reviva-logo2.svg\",\"caption\":\"Reviva\"},\"image\":{\"@id\":\"https:\/\/reviva.fi\/fi\/#\/schema\/logo\/image\/\"}}]}<\/script>\n<meta property=\"product:price:amount\" content=\"13.40\" \/>\n<meta property=\"product:price:currency\" content=\"EUR\" \/>\n<meta property=\"og:availability\" content=\"instock\" \/>\n<meta property=\"product:availability\" content=\"instock\" \/>\n<meta property=\"product:retailer_item_id\" content=\"8222-60\" \/>\n<meta property=\"product:condition\" content=\"new\" \/>\n<!-- \/ Yoast SEO plugin. -->","yoast_head_json":{"title":"Kalsium purutabletteina 400 mg (sis\u00e4lt\u00e4\u00e4 D3-vitamiinia) \u2013 Lamberts - Reviva","description":"Kalsium pureskelutabletit - Lamberts T\u00e4m\u00e4 kalsiumtuote sopii kaiken ik\u00e4isille, erityisesti lapsille, joilla on suurempi kalsiumin tarve.","robots":{"index":"index","follow":"follow","max-snippet":"max-snippet:-1","max-image-preview":"max-image-preview:large","max-video-preview":"max-video-preview:-1"},"canonical":"https:\/\/reviva.fi\/fi\/tuote\/kalsium-pureskelutabletit-lamberts\/","og_locale":"fi_FI","og_type":"article","og_title":"Kalsium purutabletteina 400 mg (sis\u00e4lt\u00e4\u00e4 D3-vitamiinia) \u2013 Lamberts - Reviva","og_description":"Kalsium pureskelutabletit - Lamberts T\u00e4m\u00e4 kalsiumtuote sopii kaiken ik\u00e4isille, erityisesti lapsille, joilla on suurempi kalsiumin tarve.","og_url":"https:\/\/reviva.fi\/fi\/tuote\/kalsium-pureskelutabletit-lamberts\/","og_site_name":"Reviva","article_modified_time":"2026-02-16T11:45:03+00:00","og_image":[{"width":780,"height":780,"url":"https:\/\/reviva.fi\/wp-content\/uploads\/2025\/01\/8222-60-Chewable-Calcium-400mg.jpg","type":"image\/jpeg"}],"twitter_card":"summary_large_image","schema":{"@context":"https:\/\/schema.org","@graph":[{"@type":"WebPage","@id":"https:\/\/reviva.fi\/fi\/tuote\/kalsium-pureskelutabletit-lamberts\/","url":"https:\/\/reviva.fi\/fi\/tuote\/kalsium-pureskelutabletit-lamberts\/","name":"Kalsium purutabletteina 400 mg (sis\u00e4lt\u00e4\u00e4 D3-vitamiinia) \u2013 Lamberts - Reviva","isPartOf":{"@id":"https:\/\/reviva.fi\/fi\/#website"},"primaryImageOfPage":{"@id":"https:\/\/reviva.fi\/fi\/tuote\/kalsium-pureskelutabletit-lamberts\/#primaryimage"},"image":{"@id":"https:\/\/reviva.fi\/fi\/tuote\/kalsium-pureskelutabletit-lamberts\/#primaryimage"},"thumbnailUrl":"https:\/\/reviva.fi\/wp-content\/uploads\/2025\/01\/8222-60-Chewable-Calcium-400mg.jpg","datePublished":"2025-01-27T14:06:25+00:00","dateModified":"2026-02-16T11:45:03+00:00","description":"Kalsium pureskelutabletit - Lamberts T\u00e4m\u00e4 kalsiumtuote sopii kaiken ik\u00e4isille, erityisesti lapsille, joilla on suurempi kalsiumin tarve.","breadcrumb":{"@id":"https:\/\/reviva.fi\/fi\/tuote\/kalsium-pureskelutabletit-lamberts\/#breadcrumb"},"inLanguage":"fi","potentialAction":[{"@type":"ReadAction","target":["https:\/\/reviva.fi\/fi\/tuote\/kalsium-pureskelutabletit-lamberts\/"]}]},{"@type":"ImageObject","inLanguage":"fi","@id":"https:\/\/reviva.fi\/fi\/tuote\/kalsium-pureskelutabletit-lamberts\/#primaryimage","url":"https:\/\/reviva.fi\/wp-content\/uploads\/2025\/01\/8222-60-Chewable-Calcium-400mg.jpg","contentUrl":"https:\/\/reviva.fi\/wp-content\/uploads\/2025\/01\/8222-60-Chewable-Calcium-400mg.jpg","width":780,"height":780,"caption":"Kalsium pureskelutabletit - Lamberts"},{"@type":"BreadcrumbList","@id":"https:\/\/reviva.fi\/fi\/tuote\/kalsium-pureskelutabletit-lamberts\/#breadcrumb","itemListElement":[{"@type":"ListItem","position":1,"name":"Etusivu","item":"https:\/\/reviva.fi\/fi\/"},{"@type":"ListItem","position":2,"name":"Tuotteet","item":"https:\/\/reviva.fi\/produkter\/"},{"@type":"ListItem","position":3,"name":"Kalsium purutabletteina 400 mg (sis\u00e4lt\u00e4\u00e4 D3-vitamiinia) \u2013 Lamberts"}]},{"@type":"WebSite","@id":"https:\/\/reviva.fi\/fi\/#website","url":"https:\/\/reviva.fi\/fi\/","name":"Reviva","description":"","publisher":{"@id":"https:\/\/reviva.fi\/fi\/#organization"},"potentialAction":[{"@type":"SearchAction","target":{"@type":"EntryPoint","urlTemplate":"https:\/\/reviva.fi\/fi\/?s={search_term_string}"},"query-input":{"@type":"PropertyValueSpecification","valueRequired":true,"valueName":"search_term_string"}}],"inLanguage":"fi"},{"@type":"Organization","@id":"https:\/\/reviva.fi\/fi\/#organization","name":"Reviva","url":"https:\/\/reviva.fi\/fi\/","logo":{"@type":"ImageObject","inLanguage":"fi","@id":"https:\/\/reviva.fi\/fi\/#\/schema\/logo\/image\/","url":"https:\/\/reviva.fi\/wp-content\/uploads\/2023\/10\/reviva-logo2.svg","contentUrl":"https:\/\/reviva.fi\/wp-content\/uploads\/2023\/10\/reviva-logo2.svg","caption":"Reviva"},"image":{"@id":"https:\/\/reviva.fi\/fi\/#\/schema\/logo\/image\/"}}]},"product_price_amount":"13.40","product_price_currency":"EUR","og_availability":"instock","product_availability":"instock","product_retailer_item_id":"8222-60","product_condition":"new"},"taxonomy_info":{"product_cat":[{"value":93,"label":"Mineraalit"},{"value":5965,"label":"Kalsium"},{"value":2444,"label":"Lamberts"},{"value":5980,"label":"Lapset"}],"product_tag":[{"value":4724,"label":"400 mg"},{"value":4727,"label":"aikuisia"},{"value":521,"label":"d vitamiini"},{"value":4720,"label":"FOS"},{"value":4721,"label":"frukto-oligosakkaridit"},{"value":4402,"label":"GMP standardi"},{"value":3580,"label":"H\u00f6g biotillg\u00e4nglighet"},{"value":4726,"label":"hammasyst\u00e4v\u00e4llinen"},{"value":4640,"label":"hampaiden terveyteen"},{"value":4533,"label":"Helppo ottaa"},{"value":2946,"label":"Kalsium"},{"value":4657,"label":"kalsiumin imeytyminen"},{"value":4504,"label":"kasvissy\u00f6j\u00e4"},{"value":4722,"label":"Lapsiyst\u00e4v\u00e4llinen"},{"value":476,"label":"lis\u00e4ravinne"},{"value":4432,"label":"Luuston terveytt\u00e4"},{"value":4723,"label":"purutabletti"},{"value":4405,"label":"Ruoansulatuksen terveys"},{"value":4725,"label":"sitruunan tuoksu"},{"value":4516,"label":"Sokeriton"}]},"featured_image_src_large":["https:\/\/reviva.fi\/wp-content\/uploads\/2025\/01\/8222-60-Chewable-Calcium-400mg.jpg",780,780,false],"author_info":[],"comment_info":0,"_links":{"self":[{"href":"https:\/\/reviva.fi\/fi\/wp-json\/wp\/v2\/product\/10673","targetHints":{"allow":["GET"]}}],"collection":[{"href":"https:\/\/reviva.fi\/fi\/wp-json\/wp\/v2\/product"}],"about":[{"href":"https:\/\/reviva.fi\/fi\/wp-json\/wp\/v2\/types\/product"}],"replies":[{"embeddable":true,"href":"https:\/\/reviva.fi\/fi\/wp-json\/wp\/v2\/comments?post=10673"}],"wp:featuredmedia":[{"embeddable":true,"href":"https:\/\/reviva.fi\/fi\/wp-json\/wp\/v2\/media\/10645"}],"wp:attachment":[{"href":"https:\/\/reviva.fi\/fi\/wp-json\/wp\/v2\/media?parent=10673"}],"wp:term":[{"taxonomy":"product_brand","embeddable":true,"href":"https:\/\/reviva.fi\/fi\/wp-json\/wp\/v2\/product_brand?post=10673"},{"taxonomy":"product_cat","embeddable":true,"href":"https:\/\/reviva.fi\/fi\/wp-json\/wp\/v2\/product_cat?post=10673"},{"taxonomy":"product_tag","embeddable":true,"href":"https:\/\/reviva.fi\/fi\/wp-json\/wp\/v2\/product_tag?post=10673"}],"curies":[{"name":"wp","href":"https:\/\/api.w.org\/{rel}","templated":true}]}}