{"id":10682,"date":"2025-01-28T10:57:03","date_gmt":"2025-01-28T08:57:03","guid":{"rendered":"https:\/\/reviva.fi\/product\/saccharomyces-cerevisiae-boulardii\/"},"modified":"2026-03-23T12:06:40","modified_gmt":"2026-03-23T10:06:40","slug":"saccharomyces-cerevisiae-boulardii-lamberts","status":"publish","type":"product","link":"https:\/\/reviva.fi\/fi\/tuote\/saccharomyces-cerevisiae-boulardii-lamberts\/","title":{"rendered":"Saccharomyces Cerevisiae Boulardii &#8211; Lamberts"},"content":{"rendered":"<h3>Saccharomyces Cerevisiae Boulardii &#8211; Lamberts<\/h3>\n<p>&nbsp;<\/p>\n<p>Lamberts\u00ae Saccharomyces Cerevisiae Boulardii tarjoaa t\u00e4ydet 6 miljardia organismia kapselia kohden. T\u00e4m\u00e4n probioottisen hiivan on osoitettu yll\u00e4pit\u00e4v\u00e4n ja palauttavan kasviston paksu- ja ohutsuolessa, ja nyt l\u00e4\u00e4k\u00e4rit suosittelevat sit\u00e4 laajalti erityisesti suoliston terveyden hallintaan.<\/p>\n<p>Lamberts\u00ae Saccharomyces Cerevisiae Boulardii on eritt\u00e4in vahva yksip\u00e4iv\u00e4inen tuote, joka sopii kasvissy\u00f6jille ja vegaaneille. N\u00e4m\u00e4 pienet, helposti nielt\u00e4v\u00e4t kapselit on valmistettu Isossa-Britanniassa farmaseuttisten standardien mukaisesti, ja koska tuotteemme on huoneenl\u00e4mm\u00f6ss\u00e4 vakaa, sit\u00e4 ei tarvitse s\u00e4ilytt\u00e4\u00e4 j\u00e4\u00e4kaapissa.<\/p>\n","protected":false},"excerpt":{"rendered":"<p>Tarjoaa 6 miljardia organismia kapselia kohden.<\/p>\n<p><strong>30 Kapselia\u00a0\u00a0<\/strong><\/p>\n","protected":false},"featured_media":10679,"comment_status":"closed","ping_status":"closed","template":"","meta":{"_acf_changed":false,"inline_featured_image":false,"_kad_blocks_custom_css":"","_kad_blocks_head_custom_js":"","_kad_blocks_body_custom_js":"","_kad_blocks_footer_custom_js":"","_kadence_starter_templates_imported_post":false,"_kad_post_transparent":"default","_kad_post_title":"","_kad_post_layout":"default","_kad_post_sidebar_id":"","_kad_post_content_style":"default","_kad_post_vertical_padding":"default","_kad_post_feature":"","_kad_post_feature_position":"","_kad_post_header":false,"_kad_post_footer":false},"product_brand":[],"product_cat":[5976,2444,2387,2357],"product_tag":[4592,4681,4686,4683,4685,4402,4687,444,4678,4416,4684,4680,4682,4405,4679,4677,4403],"class_list":{"0":"post-10682","1":"product","2":"type-product","3":"status-publish","4":"has-post-thumbnail","6":"product_cat-mjolksyrebakterier-fi","7":"product_cat-lamberts-fi","8":"product_cat-mage-och-tarm-fi","9":"product_cat-immunforsvar-fi","10":"product_tag-300-mg-fi","11":"product_tag-6-miljardia-organismia-kapselia-kohden","12":"product_tag-akuutti-gastroenteriitti","13":"product_tag-antibioottihoitoon-liittyva-ripuli","14":"product_tag-clostridium-difficile-fi","15":"product_tag-gmp-standardi","16":"product_tag-huoneenlammossa-vakaa","17":"product_tag-immuunijarjestelma","18":"product_tag-kapselia","19":"product_tag-maha-suolikanavan-terveyteen","20":"product_tag-matkustajan-ripuli","21":"product_tag-probioottinen-hiiva","22":"product_tag-ripulin-ehkaisy","23":"product_tag-ruoansulatuksen-terveys","24":"product_tag-saccharomyces-cerevisiae-boulardii-fi","25":"product_tag-suolistofloora","26":"product_tag-vegaaniystavallinen","28":"first","29":"instock","30":"taxable","31":"shipping-taxable","32":"purchasable","33":"product-type-simple","34":"entry","35":"content-bg","36":"loop-entry"},"acf":[],"yoast_head":"<!-- This site is optimized with the Yoast SEO plugin v25.8 - https:\/\/yoast.com\/wordpress\/plugins\/seo\/ -->\n<title>Saccharomyces Cerevisiae Boulardii - Lamberts - Reviva<\/title>\n<meta name=\"description\" content=\"Saccharomyces Cerevisiae Boulardii - Lamberts Probiootti, joka tukee suoliston terveytt\u00e4, edist\u00e4\u00e4 ruoansulatusta ja tasapainottaa suolistoflooraa\" \/>\n<meta name=\"robots\" content=\"index, follow, max-snippet:-1, max-image-preview:large, max-video-preview:-1\" \/>\n<link rel=\"canonical\" href=\"https:\/\/reviva.fi\/fi\/tuote\/saccharomyces-cerevisiae-boulardii-lamberts\/\" \/>\n<meta property=\"og:locale\" content=\"fi_FI\" \/>\n<meta property=\"og:type\" content=\"article\" \/>\n<meta property=\"og:title\" content=\"Saccharomyces Cerevisiae Boulardii - Lamberts - Reviva\" \/>\n<meta property=\"og:description\" content=\"Saccharomyces Cerevisiae Boulardii - Lamberts Probiootti, joka tukee suoliston terveytt\u00e4, edist\u00e4\u00e4 ruoansulatusta ja tasapainottaa suolistoflooraa\" \/>\n<meta property=\"og:url\" content=\"https:\/\/reviva.fi\/fi\/tuote\/saccharomyces-cerevisiae-boulardii-lamberts\/\" \/>\n<meta property=\"og:site_name\" content=\"Reviva\" \/>\n<meta property=\"article:modified_time\" content=\"2026-03-23T10:06:40+00:00\" \/>\n<meta property=\"og:image\" content=\"https:\/\/reviva.fi\/wp-content\/uploads\/2025\/01\/8521-Saccharomyces.jpg\" \/>\n\t<meta property=\"og:image:width\" content=\"780\" \/>\n\t<meta property=\"og:image:height\" content=\"780\" \/>\n\t<meta property=\"og:image:type\" content=\"image\/jpeg\" \/>\n<meta name=\"twitter:card\" content=\"summary_large_image\" \/>\n<script type=\"application\/ld+json\" class=\"yoast-schema-graph\">{\"@context\":\"https:\/\/schema.org\",\"@graph\":[{\"@type\":\"WebPage\",\"@id\":\"https:\/\/reviva.fi\/fi\/tuote\/saccharomyces-cerevisiae-boulardii-lamberts\/\",\"url\":\"https:\/\/reviva.fi\/fi\/tuote\/saccharomyces-cerevisiae-boulardii-lamberts\/\",\"name\":\"Saccharomyces Cerevisiae Boulardii - Lamberts - Reviva\",\"isPartOf\":{\"@id\":\"https:\/\/reviva.fi\/fi\/#website\"},\"primaryImageOfPage\":{\"@id\":\"https:\/\/reviva.fi\/fi\/tuote\/saccharomyces-cerevisiae-boulardii-lamberts\/#primaryimage\"},\"image\":{\"@id\":\"https:\/\/reviva.fi\/fi\/tuote\/saccharomyces-cerevisiae-boulardii-lamberts\/#primaryimage\"},\"thumbnailUrl\":\"https:\/\/reviva.fi\/wp-content\/uploads\/2025\/01\/8521-Saccharomyces.jpg\",\"datePublished\":\"2025-01-28T08:57:03+00:00\",\"dateModified\":\"2026-03-23T10:06:40+00:00\",\"description\":\"Saccharomyces Cerevisiae Boulardii - Lamberts Probiootti, joka tukee suoliston terveytt\u00e4, edist\u00e4\u00e4 ruoansulatusta ja tasapainottaa suolistoflooraa\",\"breadcrumb\":{\"@id\":\"https:\/\/reviva.fi\/fi\/tuote\/saccharomyces-cerevisiae-boulardii-lamberts\/#breadcrumb\"},\"inLanguage\":\"fi\",\"potentialAction\":[{\"@type\":\"ReadAction\",\"target\":[\"https:\/\/reviva.fi\/fi\/tuote\/saccharomyces-cerevisiae-boulardii-lamberts\/\"]}]},{\"@type\":\"ImageObject\",\"inLanguage\":\"fi\",\"@id\":\"https:\/\/reviva.fi\/fi\/tuote\/saccharomyces-cerevisiae-boulardii-lamberts\/#primaryimage\",\"url\":\"https:\/\/reviva.fi\/wp-content\/uploads\/2025\/01\/8521-Saccharomyces.jpg\",\"contentUrl\":\"https:\/\/reviva.fi\/wp-content\/uploads\/2025\/01\/8521-Saccharomyces.jpg\",\"width\":780,\"height\":780,\"caption\":\"Saccharomyces Cerevisiae Boulardii - Lamberts\"},{\"@type\":\"BreadcrumbList\",\"@id\":\"https:\/\/reviva.fi\/fi\/tuote\/saccharomyces-cerevisiae-boulardii-lamberts\/#breadcrumb\",\"itemListElement\":[{\"@type\":\"ListItem\",\"position\":1,\"name\":\"Etusivu\",\"item\":\"https:\/\/reviva.fi\/fi\/\"},{\"@type\":\"ListItem\",\"position\":2,\"name\":\"Tuotteet\",\"item\":\"https:\/\/reviva.fi\/produkter\/\"},{\"@type\":\"ListItem\",\"position\":3,\"name\":\"Saccharomyces Cerevisiae Boulardii &#8211; Lamberts\"}]},{\"@type\":\"WebSite\",\"@id\":\"https:\/\/reviva.fi\/fi\/#website\",\"url\":\"https:\/\/reviva.fi\/fi\/\",\"name\":\"Reviva\",\"description\":\"\",\"publisher\":{\"@id\":\"https:\/\/reviva.fi\/fi\/#organization\"},\"potentialAction\":[{\"@type\":\"SearchAction\",\"target\":{\"@type\":\"EntryPoint\",\"urlTemplate\":\"https:\/\/reviva.fi\/fi\/?s={search_term_string}\"},\"query-input\":{\"@type\":\"PropertyValueSpecification\",\"valueRequired\":true,\"valueName\":\"search_term_string\"}}],\"inLanguage\":\"fi\"},{\"@type\":\"Organization\",\"@id\":\"https:\/\/reviva.fi\/fi\/#organization\",\"name\":\"Reviva\",\"url\":\"https:\/\/reviva.fi\/fi\/\",\"logo\":{\"@type\":\"ImageObject\",\"inLanguage\":\"fi\",\"@id\":\"https:\/\/reviva.fi\/fi\/#\/schema\/logo\/image\/\",\"url\":\"https:\/\/reviva.fi\/wp-content\/uploads\/2023\/10\/reviva-logo2.svg\",\"contentUrl\":\"https:\/\/reviva.fi\/wp-content\/uploads\/2023\/10\/reviva-logo2.svg\",\"caption\":\"Reviva\"},\"image\":{\"@id\":\"https:\/\/reviva.fi\/fi\/#\/schema\/logo\/image\/\"}}]}<\/script>\n<meta property=\"product:price:amount\" content=\"20.80\" \/>\n<meta property=\"product:price:currency\" content=\"EUR\" \/>\n<meta property=\"og:availability\" content=\"instock\" \/>\n<meta property=\"product:availability\" content=\"instock\" \/>\n<meta property=\"product:retailer_item_id\" content=\"8521-30\" \/>\n<meta property=\"product:condition\" content=\"new\" \/>\n<!-- \/ Yoast SEO plugin. -->","yoast_head_json":{"title":"Saccharomyces Cerevisiae Boulardii - Lamberts - Reviva","description":"Saccharomyces Cerevisiae Boulardii - Lamberts Probiootti, joka tukee suoliston terveytt\u00e4, edist\u00e4\u00e4 ruoansulatusta ja tasapainottaa suolistoflooraa","robots":{"index":"index","follow":"follow","max-snippet":"max-snippet:-1","max-image-preview":"max-image-preview:large","max-video-preview":"max-video-preview:-1"},"canonical":"https:\/\/reviva.fi\/fi\/tuote\/saccharomyces-cerevisiae-boulardii-lamberts\/","og_locale":"fi_FI","og_type":"article","og_title":"Saccharomyces Cerevisiae Boulardii - Lamberts - Reviva","og_description":"Saccharomyces Cerevisiae Boulardii - Lamberts Probiootti, joka tukee suoliston terveytt\u00e4, edist\u00e4\u00e4 ruoansulatusta ja tasapainottaa suolistoflooraa","og_url":"https:\/\/reviva.fi\/fi\/tuote\/saccharomyces-cerevisiae-boulardii-lamberts\/","og_site_name":"Reviva","article_modified_time":"2026-03-23T10:06:40+00:00","og_image":[{"width":780,"height":780,"url":"https:\/\/reviva.fi\/wp-content\/uploads\/2025\/01\/8521-Saccharomyces.jpg","type":"image\/jpeg"}],"twitter_card":"summary_large_image","schema":{"@context":"https:\/\/schema.org","@graph":[{"@type":"WebPage","@id":"https:\/\/reviva.fi\/fi\/tuote\/saccharomyces-cerevisiae-boulardii-lamberts\/","url":"https:\/\/reviva.fi\/fi\/tuote\/saccharomyces-cerevisiae-boulardii-lamberts\/","name":"Saccharomyces Cerevisiae Boulardii - Lamberts - Reviva","isPartOf":{"@id":"https:\/\/reviva.fi\/fi\/#website"},"primaryImageOfPage":{"@id":"https:\/\/reviva.fi\/fi\/tuote\/saccharomyces-cerevisiae-boulardii-lamberts\/#primaryimage"},"image":{"@id":"https:\/\/reviva.fi\/fi\/tuote\/saccharomyces-cerevisiae-boulardii-lamberts\/#primaryimage"},"thumbnailUrl":"https:\/\/reviva.fi\/wp-content\/uploads\/2025\/01\/8521-Saccharomyces.jpg","datePublished":"2025-01-28T08:57:03+00:00","dateModified":"2026-03-23T10:06:40+00:00","description":"Saccharomyces Cerevisiae Boulardii - Lamberts Probiootti, joka tukee suoliston terveytt\u00e4, edist\u00e4\u00e4 ruoansulatusta ja tasapainottaa suolistoflooraa","breadcrumb":{"@id":"https:\/\/reviva.fi\/fi\/tuote\/saccharomyces-cerevisiae-boulardii-lamberts\/#breadcrumb"},"inLanguage":"fi","potentialAction":[{"@type":"ReadAction","target":["https:\/\/reviva.fi\/fi\/tuote\/saccharomyces-cerevisiae-boulardii-lamberts\/"]}]},{"@type":"ImageObject","inLanguage":"fi","@id":"https:\/\/reviva.fi\/fi\/tuote\/saccharomyces-cerevisiae-boulardii-lamberts\/#primaryimage","url":"https:\/\/reviva.fi\/wp-content\/uploads\/2025\/01\/8521-Saccharomyces.jpg","contentUrl":"https:\/\/reviva.fi\/wp-content\/uploads\/2025\/01\/8521-Saccharomyces.jpg","width":780,"height":780,"caption":"Saccharomyces Cerevisiae Boulardii - Lamberts"},{"@type":"BreadcrumbList","@id":"https:\/\/reviva.fi\/fi\/tuote\/saccharomyces-cerevisiae-boulardii-lamberts\/#breadcrumb","itemListElement":[{"@type":"ListItem","position":1,"name":"Etusivu","item":"https:\/\/reviva.fi\/fi\/"},{"@type":"ListItem","position":2,"name":"Tuotteet","item":"https:\/\/reviva.fi\/produkter\/"},{"@type":"ListItem","position":3,"name":"Saccharomyces Cerevisiae Boulardii &#8211; Lamberts"}]},{"@type":"WebSite","@id":"https:\/\/reviva.fi\/fi\/#website","url":"https:\/\/reviva.fi\/fi\/","name":"Reviva","description":"","publisher":{"@id":"https:\/\/reviva.fi\/fi\/#organization"},"potentialAction":[{"@type":"SearchAction","target":{"@type":"EntryPoint","urlTemplate":"https:\/\/reviva.fi\/fi\/?s={search_term_string}"},"query-input":{"@type":"PropertyValueSpecification","valueRequired":true,"valueName":"search_term_string"}}],"inLanguage":"fi"},{"@type":"Organization","@id":"https:\/\/reviva.fi\/fi\/#organization","name":"Reviva","url":"https:\/\/reviva.fi\/fi\/","logo":{"@type":"ImageObject","inLanguage":"fi","@id":"https:\/\/reviva.fi\/fi\/#\/schema\/logo\/image\/","url":"https:\/\/reviva.fi\/wp-content\/uploads\/2023\/10\/reviva-logo2.svg","contentUrl":"https:\/\/reviva.fi\/wp-content\/uploads\/2023\/10\/reviva-logo2.svg","caption":"Reviva"},"image":{"@id":"https:\/\/reviva.fi\/fi\/#\/schema\/logo\/image\/"}}]},"product_price_amount":"20.80","product_price_currency":"EUR","og_availability":"instock","product_availability":"instock","product_retailer_item_id":"8521-30","product_condition":"new"},"taxonomy_info":{"product_cat":[{"value":5976,"label":"Maitohappobakteerit"},{"value":2444,"label":"Lamberts"},{"value":2387,"label":"Maha &amp; Suolisto"},{"value":2357,"label":"Immuunipuolustus"}],"product_tag":[{"value":4592,"label":"300 mg"},{"value":4681,"label":"6 miljardia organismia kapselia kohden"},{"value":4686,"label":"akuutti gastroenteriitti"},{"value":4683,"label":"antibioottihoitoon liittyv\u00e4 ripuli"},{"value":4685,"label":"Clostridium difficile"},{"value":4402,"label":"GMP standardi"},{"value":4687,"label":"huoneenl\u00e4mm\u00f6ss\u00e4 vakaa"},{"value":444,"label":"immuunij\u00e4rjestelm\u00e4"},{"value":4678,"label":"Kapselia"},{"value":4416,"label":"maha-suolikanavan terveyteen"},{"value":4684,"label":"matkustajan ripuli"},{"value":4680,"label":"probioottinen hiiva"},{"value":4682,"label":"ripulin ehk\u00e4isy"},{"value":4405,"label":"Ruoansulatuksen terveys"},{"value":4679,"label":"Saccharomyces Cerevisiae Boulardii"},{"value":4677,"label":"suolistofloora"},{"value":4403,"label":"vegaaniyst\u00e4v\u00e4llinen"}]},"featured_image_src_large":["https:\/\/reviva.fi\/wp-content\/uploads\/2025\/01\/8521-Saccharomyces.jpg",780,780,false],"author_info":[],"comment_info":0,"_links":{"self":[{"href":"https:\/\/reviva.fi\/fi\/wp-json\/wp\/v2\/product\/10682","targetHints":{"allow":["GET"]}}],"collection":[{"href":"https:\/\/reviva.fi\/fi\/wp-json\/wp\/v2\/product"}],"about":[{"href":"https:\/\/reviva.fi\/fi\/wp-json\/wp\/v2\/types\/product"}],"replies":[{"embeddable":true,"href":"https:\/\/reviva.fi\/fi\/wp-json\/wp\/v2\/comments?post=10682"}],"wp:featuredmedia":[{"embeddable":true,"href":"https:\/\/reviva.fi\/fi\/wp-json\/wp\/v2\/media\/10679"}],"wp:attachment":[{"href":"https:\/\/reviva.fi\/fi\/wp-json\/wp\/v2\/media?parent=10682"}],"wp:term":[{"taxonomy":"product_brand","embeddable":true,"href":"https:\/\/reviva.fi\/fi\/wp-json\/wp\/v2\/product_brand?post=10682"},{"taxonomy":"product_cat","embeddable":true,"href":"https:\/\/reviva.fi\/fi\/wp-json\/wp\/v2\/product_cat?post=10682"},{"taxonomy":"product_tag","embeddable":true,"href":"https:\/\/reviva.fi\/fi\/wp-json\/wp\/v2\/product_tag?post=10682"}],"curies":[{"name":"wp","href":"https:\/\/api.w.org\/{rel}","templated":true}]}}