{"id":10697,"date":"2025-01-28T09:09:38","date_gmt":"2025-01-28T07:09:38","guid":{"rendered":"https:\/\/reviva.fi\/product\/magasorb-magnesium-150-mg-som-magnesiumcitrat\/"},"modified":"2025-08-22T09:40:36","modified_gmt":"2025-08-22T06:40:36","slug":"magasorb-magnesiumsitraatti-lamberts","status":"publish","type":"product","link":"https:\/\/reviva.fi\/fi\/tuote\/magasorb-magnesiumsitraatti-lamberts\/","title":{"rendered":"MAGASORB Magnesiumsitraatti &#8211; Lamberts"},"content":{"rendered":"<h1 class=\"page-title\">MAGASORB Magnesiumsitraatti &#8211; Lamberts<\/h1>\n<p>Magnesium on kehon nelj\u00e4nneksi t\u00e4rkein kivenn\u00e4isaine. Magnesium osallistuu suoraan tai ep\u00e4suorasti moniin kemiallisiin prosesseihin. Kaikki energiaa tuottavat entsyymit sis\u00e4lt\u00e4v\u00e4t magnesiumia, jota tarvitaan my\u00f6s kehon proteiinien tuotannossa ja hiilihydraattien aineenvaihdunnassa. Magnesium edist\u00e4\u00e4 normaalia lihasten toimintaa.<\/p>\n<p>Lamberts\u00ae MagAsorb\u00ae magnesium sis\u00e4lt\u00e4\u00e4 150 mg magnesiumia per tabletti magnesiumin muodossa (sitraatti), jonka elimist\u00f6 pystyy helpommin imem\u00e4\u00e4n.<\/p>\n","protected":false},"excerpt":{"rendered":"<p>Lamberts Magasorb kelatoitu magnesiumsitraatti 150 mg on korkealaatuinen kivenn\u00e4isravintolis\u00e4.<\/p>\n<p><strong>180 tablettia\u00a0<\/strong><\/p>\n","protected":false},"featured_media":10695,"comment_status":"closed","ping_status":"closed","template":"","meta":{"_acf_changed":false,"inline_featured_image":false,"_kad_blocks_custom_css":"","_kad_blocks_head_custom_js":"","_kad_blocks_body_custom_js":"","_kad_blocks_footer_custom_js":"","_kadence_starter_templates_imported_post":false,"_kad_post_transparent":"default","_kad_post_title":"","_kad_post_layout":"default","_kad_post_sidebar_id":"","_kad_post_content_style":"default","_kad_post_vertical_padding":"default","_kad_post_feature":"","_kad_post_feature_position":"","_kad_post_header":false,"_kad_post_footer":false},"product_brand":[],"product_cat":[93,92,2444,2376,2371,2375],"product_tag":[4505,3577,4418,4402,3580,4435,4431,476,4432,4434,479,4433,4710,4711,4419,4436,4403],"class_list":{"0":"post-10697","1":"product","2":"type-product","3":"status-publish","4":"has-post-thumbnail","6":"product_cat-mineraler-fi","7":"product_cat-magnesium-fi","8":"product_cat-lamberts-fi","9":"product_cat-stressad-och-trott-fi","10":"product_cat-muskler-och-leder-fi","11":"product_cat-traning-fi","12":"product_tag-150-mg-fi","13":"product_tag-elektrolytbalans-fi","14":"product_tag-energiantuotanto","15":"product_tag-gmp-standardi","16":"product_tag-hog-biotillganglighet-fi","17":"product_tag-hermoston-toiminta","18":"product_tag-lihasterveytta","19":"product_tag-lisaravinne","20":"product_tag-luuston-terveytta","21":"product_tag-magasorb-fi","22":"product_tag-magnesiumi","23":"product_tag-magnesiumsitraatti","24":"product_tag-proteiinin-tuotanto","25":"product_tag-solujen-jakautuminen","26":"product_tag-sydanterveytta","27":"product_tag-vasymyksen-vahentaminen","28":"product_tag-vegaaniystavallinen","30":"first","31":"instock","32":"taxable","33":"shipping-taxable","34":"purchasable","35":"product-type-simple","36":"entry","37":"content-bg","38":"loop-entry"},"acf":[],"yoast_head":"<!-- This site is optimized with the Yoast SEO plugin v25.8 - https:\/\/yoast.com\/wordpress\/plugins\/seo\/ -->\n<title>MAGASORB Magnesiumsitraatti - Lamberts - Reviva<\/title>\n<meta name=\"description\" content=\"MAGASORB Magnesiumsitraatti - Lamberts sis\u00e4lt\u00e4\u00e4 150 mg per tabletti magnesiumin muodossa (sitraatti), jonka keho voi ime\u00e4 helpommin.\" \/>\n<meta name=\"robots\" content=\"index, follow, max-snippet:-1, max-image-preview:large, max-video-preview:-1\" \/>\n<link rel=\"canonical\" href=\"https:\/\/reviva.fi\/fi\/tuote\/magasorb-magnesiumsitraatti-lamberts\/\" \/>\n<meta property=\"og:locale\" content=\"fi_FI\" \/>\n<meta property=\"og:type\" content=\"article\" \/>\n<meta property=\"og:title\" content=\"MAGASORB Magnesiumsitraatti - Lamberts - Reviva\" \/>\n<meta property=\"og:description\" content=\"MAGASORB Magnesiumsitraatti - Lamberts sis\u00e4lt\u00e4\u00e4 150 mg per tabletti magnesiumin muodossa (sitraatti), jonka keho voi ime\u00e4 helpommin.\" \/>\n<meta property=\"og:url\" content=\"https:\/\/reviva.fi\/fi\/tuote\/magasorb-magnesiumsitraatti-lamberts\/\" \/>\n<meta property=\"og:site_name\" content=\"Reviva\" \/>\n<meta property=\"article:modified_time\" content=\"2025-08-22T06:40:36+00:00\" \/>\n<meta property=\"og:image\" content=\"https:\/\/reviva.fi\/wp-content\/uploads\/2025\/01\/8239-180-MagAsorb.webp\" \/>\n\t<meta property=\"og:image:width\" content=\"1024\" \/>\n\t<meta property=\"og:image:height\" content=\"768\" \/>\n\t<meta property=\"og:image:type\" content=\"image\/webp\" \/>\n<meta name=\"twitter:card\" content=\"summary_large_image\" \/>\n<script type=\"application\/ld+json\" class=\"yoast-schema-graph\">{\"@context\":\"https:\/\/schema.org\",\"@graph\":[{\"@type\":\"WebPage\",\"@id\":\"https:\/\/reviva.fi\/fi\/tuote\/magasorb-magnesiumsitraatti-lamberts\/\",\"url\":\"https:\/\/reviva.fi\/fi\/tuote\/magasorb-magnesiumsitraatti-lamberts\/\",\"name\":\"MAGASORB Magnesiumsitraatti - Lamberts - Reviva\",\"isPartOf\":{\"@id\":\"https:\/\/reviva.fi\/fi\/#website\"},\"primaryImageOfPage\":{\"@id\":\"https:\/\/reviva.fi\/fi\/tuote\/magasorb-magnesiumsitraatti-lamberts\/#primaryimage\"},\"image\":{\"@id\":\"https:\/\/reviva.fi\/fi\/tuote\/magasorb-magnesiumsitraatti-lamberts\/#primaryimage\"},\"thumbnailUrl\":\"https:\/\/reviva.fi\/wp-content\/uploads\/2025\/01\/8239-180-MagAsorb.webp\",\"datePublished\":\"2025-01-28T07:09:38+00:00\",\"dateModified\":\"2025-08-22T06:40:36+00:00\",\"description\":\"MAGASORB Magnesiumsitraatti - Lamberts sis\u00e4lt\u00e4\u00e4 150 mg per tabletti magnesiumin muodossa (sitraatti), jonka keho voi ime\u00e4 helpommin.\",\"breadcrumb\":{\"@id\":\"https:\/\/reviva.fi\/fi\/tuote\/magasorb-magnesiumsitraatti-lamberts\/#breadcrumb\"},\"inLanguage\":\"fi\",\"potentialAction\":[{\"@type\":\"ReadAction\",\"target\":[\"https:\/\/reviva.fi\/fi\/tuote\/magasorb-magnesiumsitraatti-lamberts\/\"]}]},{\"@type\":\"ImageObject\",\"inLanguage\":\"fi\",\"@id\":\"https:\/\/reviva.fi\/fi\/tuote\/magasorb-magnesiumsitraatti-lamberts\/#primaryimage\",\"url\":\"https:\/\/reviva.fi\/wp-content\/uploads\/2025\/01\/8239-180-MagAsorb.webp\",\"contentUrl\":\"https:\/\/reviva.fi\/wp-content\/uploads\/2025\/01\/8239-180-MagAsorb.webp\",\"width\":1024,\"height\":768,\"caption\":\"MAGASORB Magnesiumsitraatti - Lamberts\"},{\"@type\":\"BreadcrumbList\",\"@id\":\"https:\/\/reviva.fi\/fi\/tuote\/magasorb-magnesiumsitraatti-lamberts\/#breadcrumb\",\"itemListElement\":[{\"@type\":\"ListItem\",\"position\":1,\"name\":\"Etusivu\",\"item\":\"https:\/\/reviva.fi\/fi\/\"},{\"@type\":\"ListItem\",\"position\":2,\"name\":\"Tuotteet\",\"item\":\"https:\/\/reviva.fi\/produkter\/\"},{\"@type\":\"ListItem\",\"position\":3,\"name\":\"MAGASORB Magnesiumsitraatti &#8211; Lamberts\"}]},{\"@type\":\"WebSite\",\"@id\":\"https:\/\/reviva.fi\/fi\/#website\",\"url\":\"https:\/\/reviva.fi\/fi\/\",\"name\":\"Reviva\",\"description\":\"\",\"publisher\":{\"@id\":\"https:\/\/reviva.fi\/fi\/#organization\"},\"potentialAction\":[{\"@type\":\"SearchAction\",\"target\":{\"@type\":\"EntryPoint\",\"urlTemplate\":\"https:\/\/reviva.fi\/fi\/?s={search_term_string}\"},\"query-input\":{\"@type\":\"PropertyValueSpecification\",\"valueRequired\":true,\"valueName\":\"search_term_string\"}}],\"inLanguage\":\"fi\"},{\"@type\":\"Organization\",\"@id\":\"https:\/\/reviva.fi\/fi\/#organization\",\"name\":\"Reviva\",\"url\":\"https:\/\/reviva.fi\/fi\/\",\"logo\":{\"@type\":\"ImageObject\",\"inLanguage\":\"fi\",\"@id\":\"https:\/\/reviva.fi\/fi\/#\/schema\/logo\/image\/\",\"url\":\"https:\/\/reviva.fi\/wp-content\/uploads\/2023\/10\/reviva-logo2.svg\",\"contentUrl\":\"https:\/\/reviva.fi\/wp-content\/uploads\/2023\/10\/reviva-logo2.svg\",\"caption\":\"Reviva\"},\"image\":{\"@id\":\"https:\/\/reviva.fi\/fi\/#\/schema\/logo\/image\/\"}}]}<\/script>\n<meta property=\"product:price:amount\" content=\"29.15\" \/>\n<meta property=\"product:price:currency\" content=\"EUR\" \/>\n<meta property=\"og:availability\" content=\"instock\" \/>\n<meta property=\"product:availability\" content=\"instock\" \/>\n<meta property=\"product:retailer_item_id\" content=\"8239-180\" \/>\n<meta property=\"product:condition\" content=\"new\" \/>\n<!-- \/ Yoast SEO plugin. -->","yoast_head_json":{"title":"MAGASORB Magnesiumsitraatti - Lamberts - Reviva","description":"MAGASORB Magnesiumsitraatti - Lamberts sis\u00e4lt\u00e4\u00e4 150 mg per tabletti magnesiumin muodossa (sitraatti), jonka keho voi ime\u00e4 helpommin.","robots":{"index":"index","follow":"follow","max-snippet":"max-snippet:-1","max-image-preview":"max-image-preview:large","max-video-preview":"max-video-preview:-1"},"canonical":"https:\/\/reviva.fi\/fi\/tuote\/magasorb-magnesiumsitraatti-lamberts\/","og_locale":"fi_FI","og_type":"article","og_title":"MAGASORB Magnesiumsitraatti - Lamberts - Reviva","og_description":"MAGASORB Magnesiumsitraatti - Lamberts sis\u00e4lt\u00e4\u00e4 150 mg per tabletti magnesiumin muodossa (sitraatti), jonka keho voi ime\u00e4 helpommin.","og_url":"https:\/\/reviva.fi\/fi\/tuote\/magasorb-magnesiumsitraatti-lamberts\/","og_site_name":"Reviva","article_modified_time":"2025-08-22T06:40:36+00:00","og_image":[{"width":1024,"height":768,"url":"https:\/\/reviva.fi\/wp-content\/uploads\/2025\/01\/8239-180-MagAsorb.webp","type":"image\/webp"}],"twitter_card":"summary_large_image","schema":{"@context":"https:\/\/schema.org","@graph":[{"@type":"WebPage","@id":"https:\/\/reviva.fi\/fi\/tuote\/magasorb-magnesiumsitraatti-lamberts\/","url":"https:\/\/reviva.fi\/fi\/tuote\/magasorb-magnesiumsitraatti-lamberts\/","name":"MAGASORB Magnesiumsitraatti - Lamberts - Reviva","isPartOf":{"@id":"https:\/\/reviva.fi\/fi\/#website"},"primaryImageOfPage":{"@id":"https:\/\/reviva.fi\/fi\/tuote\/magasorb-magnesiumsitraatti-lamberts\/#primaryimage"},"image":{"@id":"https:\/\/reviva.fi\/fi\/tuote\/magasorb-magnesiumsitraatti-lamberts\/#primaryimage"},"thumbnailUrl":"https:\/\/reviva.fi\/wp-content\/uploads\/2025\/01\/8239-180-MagAsorb.webp","datePublished":"2025-01-28T07:09:38+00:00","dateModified":"2025-08-22T06:40:36+00:00","description":"MAGASORB Magnesiumsitraatti - Lamberts sis\u00e4lt\u00e4\u00e4 150 mg per tabletti magnesiumin muodossa (sitraatti), jonka keho voi ime\u00e4 helpommin.","breadcrumb":{"@id":"https:\/\/reviva.fi\/fi\/tuote\/magasorb-magnesiumsitraatti-lamberts\/#breadcrumb"},"inLanguage":"fi","potentialAction":[{"@type":"ReadAction","target":["https:\/\/reviva.fi\/fi\/tuote\/magasorb-magnesiumsitraatti-lamberts\/"]}]},{"@type":"ImageObject","inLanguage":"fi","@id":"https:\/\/reviva.fi\/fi\/tuote\/magasorb-magnesiumsitraatti-lamberts\/#primaryimage","url":"https:\/\/reviva.fi\/wp-content\/uploads\/2025\/01\/8239-180-MagAsorb.webp","contentUrl":"https:\/\/reviva.fi\/wp-content\/uploads\/2025\/01\/8239-180-MagAsorb.webp","width":1024,"height":768,"caption":"MAGASORB Magnesiumsitraatti - Lamberts"},{"@type":"BreadcrumbList","@id":"https:\/\/reviva.fi\/fi\/tuote\/magasorb-magnesiumsitraatti-lamberts\/#breadcrumb","itemListElement":[{"@type":"ListItem","position":1,"name":"Etusivu","item":"https:\/\/reviva.fi\/fi\/"},{"@type":"ListItem","position":2,"name":"Tuotteet","item":"https:\/\/reviva.fi\/produkter\/"},{"@type":"ListItem","position":3,"name":"MAGASORB Magnesiumsitraatti &#8211; Lamberts"}]},{"@type":"WebSite","@id":"https:\/\/reviva.fi\/fi\/#website","url":"https:\/\/reviva.fi\/fi\/","name":"Reviva","description":"","publisher":{"@id":"https:\/\/reviva.fi\/fi\/#organization"},"potentialAction":[{"@type":"SearchAction","target":{"@type":"EntryPoint","urlTemplate":"https:\/\/reviva.fi\/fi\/?s={search_term_string}"},"query-input":{"@type":"PropertyValueSpecification","valueRequired":true,"valueName":"search_term_string"}}],"inLanguage":"fi"},{"@type":"Organization","@id":"https:\/\/reviva.fi\/fi\/#organization","name":"Reviva","url":"https:\/\/reviva.fi\/fi\/","logo":{"@type":"ImageObject","inLanguage":"fi","@id":"https:\/\/reviva.fi\/fi\/#\/schema\/logo\/image\/","url":"https:\/\/reviva.fi\/wp-content\/uploads\/2023\/10\/reviva-logo2.svg","contentUrl":"https:\/\/reviva.fi\/wp-content\/uploads\/2023\/10\/reviva-logo2.svg","caption":"Reviva"},"image":{"@id":"https:\/\/reviva.fi\/fi\/#\/schema\/logo\/image\/"}}]},"product_price_amount":"29.15","product_price_currency":"EUR","og_availability":"instock","product_availability":"instock","product_retailer_item_id":"8239-180","product_condition":"new"},"taxonomy_info":{"product_cat":[{"value":93,"label":"Mineraalit"},{"value":92,"label":"Magnesium"},{"value":2444,"label":"Lamberts"},{"value":2376,"label":"Stressaantunut &amp; V\u00e4synyt"},{"value":2371,"label":"Nivelet &amp; Lihakset"},{"value":2375,"label":"Harjoittelu"}],"product_tag":[{"value":4505,"label":"150 mg"},{"value":3577,"label":"Elektrolytbalans"},{"value":4418,"label":"Energiantuotanto"},{"value":4402,"label":"GMP standardi"},{"value":3580,"label":"H\u00f6g biotillg\u00e4nglighet"},{"value":4435,"label":"hermoston toiminta"},{"value":4431,"label":"Lihasterveytt\u00e4"},{"value":476,"label":"lis\u00e4ravinne"},{"value":4432,"label":"Luuston terveytt\u00e4"},{"value":4434,"label":"MagAsorb"},{"value":479,"label":"magnesiumi"},{"value":4433,"label":"Magnesiumsitraatti"},{"value":4710,"label":"proteiinin tuotanto"},{"value":4711,"label":"solujen jakautuminen"},{"value":4419,"label":"Syd\u00e4nterveytt\u00e4"},{"value":4436,"label":"v\u00e4symyksen v\u00e4hent\u00e4minen"},{"value":4403,"label":"vegaaniyst\u00e4v\u00e4llinen"}]},"featured_image_src_large":["https:\/\/reviva.fi\/wp-content\/uploads\/2025\/01\/8239-180-MagAsorb.webp",1024,768,false],"author_info":[],"comment_info":0,"_links":{"self":[{"href":"https:\/\/reviva.fi\/fi\/wp-json\/wp\/v2\/product\/10697","targetHints":{"allow":["GET"]}}],"collection":[{"href":"https:\/\/reviva.fi\/fi\/wp-json\/wp\/v2\/product"}],"about":[{"href":"https:\/\/reviva.fi\/fi\/wp-json\/wp\/v2\/types\/product"}],"replies":[{"embeddable":true,"href":"https:\/\/reviva.fi\/fi\/wp-json\/wp\/v2\/comments?post=10697"}],"wp:featuredmedia":[{"embeddable":true,"href":"https:\/\/reviva.fi\/fi\/wp-json\/wp\/v2\/media\/10695"}],"wp:attachment":[{"href":"https:\/\/reviva.fi\/fi\/wp-json\/wp\/v2\/media?parent=10697"}],"wp:term":[{"taxonomy":"product_brand","embeddable":true,"href":"https:\/\/reviva.fi\/fi\/wp-json\/wp\/v2\/product_brand?post=10697"},{"taxonomy":"product_cat","embeddable":true,"href":"https:\/\/reviva.fi\/fi\/wp-json\/wp\/v2\/product_cat?post=10697"},{"taxonomy":"product_tag","embeddable":true,"href":"https:\/\/reviva.fi\/fi\/wp-json\/wp\/v2\/product_tag?post=10697"}],"curies":[{"name":"wp","href":"https:\/\/api.w.org\/{rel}","templated":true}]}}