{"id":10701,"date":"2025-01-28T09:38:23","date_gmt":"2025-01-28T07:38:23","guid":{"rendered":"https:\/\/reviva.fi\/product\/bcaa-lamberts\/"},"modified":"2025-02-03T14:33:25","modified_gmt":"2025-02-03T12:33:25","slug":"bcaa-aminohapot-lamberts","status":"publish","type":"product","link":"https:\/\/reviva.fi\/fi\/tuote\/bcaa-aminohapot-lamberts\/","title":{"rendered":"BCAA Aminohapot &#8211; Lamberts"},"content":{"rendered":"<h1 class=\"page-title\">BCAA Aminohapot &#8211; Lamberts<\/h1>\n<p style=\"font-weight: 400;\">Urheilijat ovat eritt\u00e4in kiinnostuneita haaraketjuisista aminohapoista (BCAA), leusiinista, isoleusiinista ja valiinista, koska ne ovat ainoat aminohapot, jotka metaboloituvat lihaksessa. Itse asiassa ne muodostavat noin 33 % lihasproteiinista ja ovat siten erityisen hy\u00f6dyllisi\u00e4 korkean intensiteetin urheilijoille tai voimaharjoittelijoille. Meill\u00e4 on ilo esitell\u00e4 Branch Chain Amino Acids BCAA Lamberts\u00ae ainutlaatuiselle Sports -lis\u00e4ainesarjalle annostuksella, jossa jokainen tabletti sis\u00e4lt\u00e4\u00e4 t\u00e4yden 250 mg L-leusiinia, 125 mg L-isoleusiinia ja 125 mg L-valiinia.<br \/>\nT\u00e4m\u00e4n 2:1:1-suhteen uskotaan olevan optimaalinen suhde n\u00e4ille kolmelle v\u00e4ltt\u00e4m\u00e4tt\u00f6m\u00e4lle aminohapolle. Kuten muutkin Lamberts-aminohappomme, ne ovat niin sanotussa &#8221;vapaassa muodossaan&#8221;, mik\u00e4 tarkoittaa, ett\u00e4 ne ovat valmiita imeytym\u00e4\u00e4n ja k\u00e4ytett\u00e4v\u00e4ksi kehossa.<\/p>\n","protected":false},"excerpt":{"rendered":"<p>Lambert&#8217;s Branched Chain Amino Acids (BCAA) on ravintolis\u00e4, joka sis\u00e4lt\u00e4\u00e4 aminohappoja leusiinia, isoleusiinia ja valiinia.<\/p>\n<p><strong>180 kapselia<\/strong><\/p>\n","protected":false},"featured_media":10663,"comment_status":"closed","ping_status":"closed","template":"","meta":{"_acf_changed":false,"inline_featured_image":false,"_kad_blocks_custom_css":"","_kad_blocks_head_custom_js":"","_kad_blocks_body_custom_js":"","_kad_blocks_footer_custom_js":"","_kadence_starter_templates_imported_post":false,"_kad_post_transparent":"default","_kad_post_title":"","_kad_post_layout":"default","_kad_post_sidebar_id":"","_kad_post_content_style":"default","_kad_post_vertical_padding":"default","_kad_post_feature":"","_kad_post_feature_position":"","_kad_post_header":false,"_kad_post_footer":false},"product_brand":[],"product_cat":[88,2444,2371,2375],"product_tag":[4706,4701,4418,4402,3580,4702,4678,1614,4700,4704,4703,4705,4465,4707,476,4708,4699,4709,4464,4403],"class_list":{"0":"post-10701","1":"product","2":"type-product","3":"status-publish","4":"has-post-thumbnail","6":"product_cat-aminosyror-fi","7":"product_cat-lamberts-fi","8":"product_cat-muskler-och-leder-fi","9":"product_cat-traning-fi","10":"product_tag-211-suhde","11":"product_tag-bcaa-fi","12":"product_tag-energiantuotanto","13":"product_tag-gmp-standardi","14":"product_tag-hog-biotillganglighet-fi","15":"product_tag-haaraketjuiset-aminohapot","16":"product_tag-kapselia","17":"product_tag-kestavyytta","18":"product_tag-koulutustuki","19":"product_tag-l-isoleusiini","20":"product_tag-l-leusiini","21":"product_tag-l-valiini","22":"product_tag-lihasten-palautuminen","23":"product_tag-lihasten-rakentaminen","24":"product_tag-lisaravinne","25":"product_tag-nopea-imeytyminen","26":"product_tag-proteiinisynteesi","27":"product_tag-urheiluravinto","28":"product_tag-vapaa-muotoinen","29":"product_tag-vegaaniystavallinen","31":"first","32":"instock","33":"taxable","34":"shipping-taxable","35":"purchasable","36":"product-type-simple","37":"entry","38":"content-bg","39":"loop-entry"},"acf":[],"yoast_head":"<!-- This site is optimized with the Yoast SEO plugin v25.8 - https:\/\/yoast.com\/wordpress\/plugins\/seo\/ -->\n<title>BCAA Aminohapot - Lamberts - Reviva<\/title>\n<meta name=\"description\" content=\"BCAA Aminohapot - Lamberts - Leusiini, isoleusiini ja valiini ovat ainoita aminohappoja, jotka metaboloituvat lihaksissa. Suositellaan treenaajille.\" \/>\n<meta name=\"robots\" content=\"index, follow, max-snippet:-1, max-image-preview:large, max-video-preview:-1\" \/>\n<link rel=\"canonical\" href=\"https:\/\/reviva.fi\/fi\/tuote\/bcaa-aminohapot-lamberts\/\" \/>\n<meta property=\"og:locale\" content=\"fi_FI\" \/>\n<meta property=\"og:type\" content=\"article\" \/>\n<meta property=\"og:title\" content=\"BCAA Aminohapot - Lamberts - Reviva\" \/>\n<meta property=\"og:description\" content=\"BCAA Aminohapot - Lamberts - Leusiini, isoleusiini ja valiini ovat ainoita aminohappoja, jotka metaboloituvat lihaksissa. Suositellaan treenaajille.\" \/>\n<meta property=\"og:url\" content=\"https:\/\/reviva.fi\/fi\/tuote\/bcaa-aminohapot-lamberts\/\" \/>\n<meta property=\"og:site_name\" content=\"Reviva\" \/>\n<meta property=\"article:modified_time\" content=\"2025-02-03T12:33:25+00:00\" \/>\n<meta property=\"og:image\" content=\"https:\/\/reviva.fi\/wp-content\/uploads\/2025\/01\/8332-180-BCAA.jpg\" \/>\n\t<meta property=\"og:image:width\" content=\"780\" \/>\n\t<meta property=\"og:image:height\" content=\"780\" \/>\n\t<meta property=\"og:image:type\" content=\"image\/jpeg\" \/>\n<meta name=\"twitter:card\" content=\"summary_large_image\" \/>\n<script type=\"application\/ld+json\" class=\"yoast-schema-graph\">{\"@context\":\"https:\/\/schema.org\",\"@graph\":[{\"@type\":\"WebPage\",\"@id\":\"https:\/\/reviva.fi\/fi\/tuote\/bcaa-aminohapot-lamberts\/\",\"url\":\"https:\/\/reviva.fi\/fi\/tuote\/bcaa-aminohapot-lamberts\/\",\"name\":\"BCAA Aminohapot - Lamberts - Reviva\",\"isPartOf\":{\"@id\":\"https:\/\/reviva.fi\/fi\/#website\"},\"primaryImageOfPage\":{\"@id\":\"https:\/\/reviva.fi\/fi\/tuote\/bcaa-aminohapot-lamberts\/#primaryimage\"},\"image\":{\"@id\":\"https:\/\/reviva.fi\/fi\/tuote\/bcaa-aminohapot-lamberts\/#primaryimage\"},\"thumbnailUrl\":\"https:\/\/reviva.fi\/wp-content\/uploads\/2025\/01\/8332-180-BCAA.jpg\",\"datePublished\":\"2025-01-28T07:38:23+00:00\",\"dateModified\":\"2025-02-03T12:33:25+00:00\",\"description\":\"BCAA Aminohapot - Lamberts - Leusiini, isoleusiini ja valiini ovat ainoita aminohappoja, jotka metaboloituvat lihaksissa. Suositellaan treenaajille.\",\"breadcrumb\":{\"@id\":\"https:\/\/reviva.fi\/fi\/tuote\/bcaa-aminohapot-lamberts\/#breadcrumb\"},\"inLanguage\":\"fi\",\"potentialAction\":[{\"@type\":\"ReadAction\",\"target\":[\"https:\/\/reviva.fi\/fi\/tuote\/bcaa-aminohapot-lamberts\/\"]}]},{\"@type\":\"ImageObject\",\"inLanguage\":\"fi\",\"@id\":\"https:\/\/reviva.fi\/fi\/tuote\/bcaa-aminohapot-lamberts\/#primaryimage\",\"url\":\"https:\/\/reviva.fi\/wp-content\/uploads\/2025\/01\/8332-180-BCAA.jpg\",\"contentUrl\":\"https:\/\/reviva.fi\/wp-content\/uploads\/2025\/01\/8332-180-BCAA.jpg\",\"width\":780,\"height\":780,\"caption\":\"BCAA Aminohapot - Lamberts\"},{\"@type\":\"BreadcrumbList\",\"@id\":\"https:\/\/reviva.fi\/fi\/tuote\/bcaa-aminohapot-lamberts\/#breadcrumb\",\"itemListElement\":[{\"@type\":\"ListItem\",\"position\":1,\"name\":\"Etusivu\",\"item\":\"https:\/\/reviva.fi\/fi\/\"},{\"@type\":\"ListItem\",\"position\":2,\"name\":\"Tuotteet\",\"item\":\"https:\/\/reviva.fi\/produkter\/\"},{\"@type\":\"ListItem\",\"position\":3,\"name\":\"BCAA Aminohapot &#8211; Lamberts\"}]},{\"@type\":\"WebSite\",\"@id\":\"https:\/\/reviva.fi\/fi\/#website\",\"url\":\"https:\/\/reviva.fi\/fi\/\",\"name\":\"Reviva\",\"description\":\"\",\"publisher\":{\"@id\":\"https:\/\/reviva.fi\/fi\/#organization\"},\"potentialAction\":[{\"@type\":\"SearchAction\",\"target\":{\"@type\":\"EntryPoint\",\"urlTemplate\":\"https:\/\/reviva.fi\/fi\/?s={search_term_string}\"},\"query-input\":{\"@type\":\"PropertyValueSpecification\",\"valueRequired\":true,\"valueName\":\"search_term_string\"}}],\"inLanguage\":\"fi\"},{\"@type\":\"Organization\",\"@id\":\"https:\/\/reviva.fi\/fi\/#organization\",\"name\":\"Reviva\",\"url\":\"https:\/\/reviva.fi\/fi\/\",\"logo\":{\"@type\":\"ImageObject\",\"inLanguage\":\"fi\",\"@id\":\"https:\/\/reviva.fi\/fi\/#\/schema\/logo\/image\/\",\"url\":\"https:\/\/reviva.fi\/wp-content\/uploads\/2023\/10\/reviva-logo2.svg\",\"contentUrl\":\"https:\/\/reviva.fi\/wp-content\/uploads\/2023\/10\/reviva-logo2.svg\",\"caption\":\"Reviva\"},\"image\":{\"@id\":\"https:\/\/reviva.fi\/fi\/#\/schema\/logo\/image\/\"}}]}<\/script>\n<meta property=\"product:price:amount\" content=\"40.40\" \/>\n<meta property=\"product:price:currency\" content=\"EUR\" \/>\n<meta property=\"og:availability\" content=\"instock\" \/>\n<meta property=\"product:availability\" content=\"instock\" \/>\n<meta property=\"product:retailer_item_id\" content=\"8332-180\" \/>\n<meta property=\"product:condition\" content=\"new\" \/>\n<!-- \/ Yoast SEO plugin. -->","yoast_head_json":{"title":"BCAA Aminohapot - Lamberts - Reviva","description":"BCAA Aminohapot - Lamberts - Leusiini, isoleusiini ja valiini ovat ainoita aminohappoja, jotka metaboloituvat lihaksissa. Suositellaan treenaajille.","robots":{"index":"index","follow":"follow","max-snippet":"max-snippet:-1","max-image-preview":"max-image-preview:large","max-video-preview":"max-video-preview:-1"},"canonical":"https:\/\/reviva.fi\/fi\/tuote\/bcaa-aminohapot-lamberts\/","og_locale":"fi_FI","og_type":"article","og_title":"BCAA Aminohapot - Lamberts - Reviva","og_description":"BCAA Aminohapot - Lamberts - Leusiini, isoleusiini ja valiini ovat ainoita aminohappoja, jotka metaboloituvat lihaksissa. Suositellaan treenaajille.","og_url":"https:\/\/reviva.fi\/fi\/tuote\/bcaa-aminohapot-lamberts\/","og_site_name":"Reviva","article_modified_time":"2025-02-03T12:33:25+00:00","og_image":[{"width":780,"height":780,"url":"https:\/\/reviva.fi\/wp-content\/uploads\/2025\/01\/8332-180-BCAA.jpg","type":"image\/jpeg"}],"twitter_card":"summary_large_image","schema":{"@context":"https:\/\/schema.org","@graph":[{"@type":"WebPage","@id":"https:\/\/reviva.fi\/fi\/tuote\/bcaa-aminohapot-lamberts\/","url":"https:\/\/reviva.fi\/fi\/tuote\/bcaa-aminohapot-lamberts\/","name":"BCAA Aminohapot - Lamberts - Reviva","isPartOf":{"@id":"https:\/\/reviva.fi\/fi\/#website"},"primaryImageOfPage":{"@id":"https:\/\/reviva.fi\/fi\/tuote\/bcaa-aminohapot-lamberts\/#primaryimage"},"image":{"@id":"https:\/\/reviva.fi\/fi\/tuote\/bcaa-aminohapot-lamberts\/#primaryimage"},"thumbnailUrl":"https:\/\/reviva.fi\/wp-content\/uploads\/2025\/01\/8332-180-BCAA.jpg","datePublished":"2025-01-28T07:38:23+00:00","dateModified":"2025-02-03T12:33:25+00:00","description":"BCAA Aminohapot - Lamberts - Leusiini, isoleusiini ja valiini ovat ainoita aminohappoja, jotka metaboloituvat lihaksissa. Suositellaan treenaajille.","breadcrumb":{"@id":"https:\/\/reviva.fi\/fi\/tuote\/bcaa-aminohapot-lamberts\/#breadcrumb"},"inLanguage":"fi","potentialAction":[{"@type":"ReadAction","target":["https:\/\/reviva.fi\/fi\/tuote\/bcaa-aminohapot-lamberts\/"]}]},{"@type":"ImageObject","inLanguage":"fi","@id":"https:\/\/reviva.fi\/fi\/tuote\/bcaa-aminohapot-lamberts\/#primaryimage","url":"https:\/\/reviva.fi\/wp-content\/uploads\/2025\/01\/8332-180-BCAA.jpg","contentUrl":"https:\/\/reviva.fi\/wp-content\/uploads\/2025\/01\/8332-180-BCAA.jpg","width":780,"height":780,"caption":"BCAA Aminohapot - Lamberts"},{"@type":"BreadcrumbList","@id":"https:\/\/reviva.fi\/fi\/tuote\/bcaa-aminohapot-lamberts\/#breadcrumb","itemListElement":[{"@type":"ListItem","position":1,"name":"Etusivu","item":"https:\/\/reviva.fi\/fi\/"},{"@type":"ListItem","position":2,"name":"Tuotteet","item":"https:\/\/reviva.fi\/produkter\/"},{"@type":"ListItem","position":3,"name":"BCAA Aminohapot &#8211; Lamberts"}]},{"@type":"WebSite","@id":"https:\/\/reviva.fi\/fi\/#website","url":"https:\/\/reviva.fi\/fi\/","name":"Reviva","description":"","publisher":{"@id":"https:\/\/reviva.fi\/fi\/#organization"},"potentialAction":[{"@type":"SearchAction","target":{"@type":"EntryPoint","urlTemplate":"https:\/\/reviva.fi\/fi\/?s={search_term_string}"},"query-input":{"@type":"PropertyValueSpecification","valueRequired":true,"valueName":"search_term_string"}}],"inLanguage":"fi"},{"@type":"Organization","@id":"https:\/\/reviva.fi\/fi\/#organization","name":"Reviva","url":"https:\/\/reviva.fi\/fi\/","logo":{"@type":"ImageObject","inLanguage":"fi","@id":"https:\/\/reviva.fi\/fi\/#\/schema\/logo\/image\/","url":"https:\/\/reviva.fi\/wp-content\/uploads\/2023\/10\/reviva-logo2.svg","contentUrl":"https:\/\/reviva.fi\/wp-content\/uploads\/2023\/10\/reviva-logo2.svg","caption":"Reviva"},"image":{"@id":"https:\/\/reviva.fi\/fi\/#\/schema\/logo\/image\/"}}]},"product_price_amount":"40.40","product_price_currency":"EUR","og_availability":"instock","product_availability":"instock","product_retailer_item_id":"8332-180","product_condition":"new"},"taxonomy_info":{"product_cat":[{"value":88,"label":"Aminohapot"},{"value":2444,"label":"Lamberts"},{"value":2371,"label":"Nivelet &amp; Lihakset"},{"value":2375,"label":"Harjoittelu"}],"product_tag":[{"value":4706,"label":"2:1:1 suhde"},{"value":4701,"label":"BCAA"},{"value":4418,"label":"Energiantuotanto"},{"value":4402,"label":"GMP standardi"},{"value":3580,"label":"H\u00f6g biotillg\u00e4nglighet"},{"value":4702,"label":"haaraketjuiset aminohapot"},{"value":4678,"label":"Kapselia"},{"value":1614,"label":"kest\u00e4vyytt\u00e4"},{"value":4700,"label":"koulutustuki"},{"value":4704,"label":"L-isoleusiini"},{"value":4703,"label":"L-leusiini"},{"value":4705,"label":"L-valiini"},{"value":4465,"label":"lihasten palautuminen"},{"value":4707,"label":"lihasten rakentaminen"},{"value":476,"label":"lis\u00e4ravinne"},{"value":4708,"label":"nopea imeytyminen"},{"value":4699,"label":"proteiinisynteesi"},{"value":4709,"label":"urheiluravinto"},{"value":4464,"label":"Vapaa muotoinen"},{"value":4403,"label":"vegaaniyst\u00e4v\u00e4llinen"}]},"featured_image_src_large":["https:\/\/reviva.fi\/wp-content\/uploads\/2025\/01\/8332-180-BCAA.jpg",780,780,false],"author_info":[],"comment_info":0,"_links":{"self":[{"href":"https:\/\/reviva.fi\/fi\/wp-json\/wp\/v2\/product\/10701","targetHints":{"allow":["GET"]}}],"collection":[{"href":"https:\/\/reviva.fi\/fi\/wp-json\/wp\/v2\/product"}],"about":[{"href":"https:\/\/reviva.fi\/fi\/wp-json\/wp\/v2\/types\/product"}],"replies":[{"embeddable":true,"href":"https:\/\/reviva.fi\/fi\/wp-json\/wp\/v2\/comments?post=10701"}],"wp:featuredmedia":[{"embeddable":true,"href":"https:\/\/reviva.fi\/fi\/wp-json\/wp\/v2\/media\/10663"}],"wp:attachment":[{"href":"https:\/\/reviva.fi\/fi\/wp-json\/wp\/v2\/media?parent=10701"}],"wp:term":[{"taxonomy":"product_brand","embeddable":true,"href":"https:\/\/reviva.fi\/fi\/wp-json\/wp\/v2\/product_brand?post=10701"},{"taxonomy":"product_cat","embeddable":true,"href":"https:\/\/reviva.fi\/fi\/wp-json\/wp\/v2\/product_cat?post=10701"},{"taxonomy":"product_tag","embeddable":true,"href":"https:\/\/reviva.fi\/fi\/wp-json\/wp\/v2\/product_tag?post=10701"}],"curies":[{"name":"wp","href":"https:\/\/api.w.org\/{rel}","templated":true}]}}