{"id":10709,"date":"2025-01-28T10:43:12","date_gmt":"2025-01-28T08:43:12","guid":{"rendered":"https:\/\/reviva.fi\/product\/salvia-2500mg\/"},"modified":"2025-02-03T14:02:18","modified_gmt":"2025-02-03T12:02:18","slug":"salvia-2500mg-lamberts","status":"publish","type":"product","link":"https:\/\/reviva.fi\/fi\/tuote\/salvia-2500mg-lamberts\/","title":{"rendered":"SALVIA 2500mg &#8211; Lamberts"},"content":{"rendered":"<p>&nbsp;<\/p>\n<p><strong>SALVIA 2500mg &#8211; Lamberts &#8211; Luonnollinen tuki naisten hyvinvoinnille<\/strong><\/p>\n<p>Lamberts Salvia on korkealaatuinen ravintolis\u00e4, joka on valmistettu standardoidusta salviauutteesta (Salvia officinalis), yrtist\u00e4, jota on perinteisesti k\u00e4ytetty tukemaan hormonaalista tasapainoa ja hyvinvointia. T\u00e4m\u00e4 lis\u00e4osa on erityisen suosittu naisten keskuudessa vaihdevuosien aikana salvian luonnollisten ominaisuuksien ansiosta.<\/p>\n<p><strong>Lambert&#8217;s Salvian edut:<\/strong><\/p>\n<ul>\n<li>Voi auttaa v\u00e4hent\u00e4m\u00e4\u00e4n kuumia aaltoja ja hikoilua.<\/li>\n<li>Tukee hormonaalista tasapainoa ja henkist\u00e4 hyvinvointia.<\/li>\n<li>Valmistettu korkeimpien laatustandardien mukaisesti.<\/li>\n<\/ul>\n","protected":false},"excerpt":{"rendered":"<p>Lamberts Salvia on korkealaatuinen rosmariinihapporavintolis\u00e4.<\/p>\n<p>Lambert&#8217;s Salvian edut:<\/p>\n<p>Voi auttaa v\u00e4hent\u00e4m\u00e4\u00e4n kuumia aaltoja ja hikoilua.<br \/>\nTukee hormonaalista tasapainoa ja henkist\u00e4 hyvinvointia.<br \/>\nValmistettu korkeimpien laatustandardien mukaisesti.<\/p>\n<p><strong>90 tablettia<\/strong><\/p>\n","protected":false},"featured_media":10676,"comment_status":"closed","ping_status":"closed","template":"","meta":{"_acf_changed":false,"inline_featured_image":false,"_kad_blocks_custom_css":"","_kad_blocks_head_custom_js":"","_kad_blocks_body_custom_js":"","_kad_blocks_footer_custom_js":"","_kadence_starter_templates_imported_post":false,"_kad_post_transparent":"default","_kad_post_title":"","_kad_post_layout":"default","_kad_post_sidebar_id":"","_kad_post_content_style":"default","_kad_post_vertical_padding":"default","_kad_post_feature":"","_kad_post_feature_position":"","_kad_post_header":false,"_kad_post_footer":false},"product_brand":[],"product_cat":[141,2444],"product_tag":[4688,4694,412,4402,3384,4404,4456,4406,4691,4492,4693,4690,4405,4689,1128,3084,4468,4692],"class_list":{"0":"post-10709","1":"product","2":"type-product","3":"status-publish","4":"has-post-thumbnail","6":"product_cat-orter-fi","7":"product_cat-lamberts-fi","8":"product_tag-2500-mg-fi","9":"product_tag-alhainen-tujonipitoisuus","10":"product_tag-antioksidantti","11":"product_tag-gmp-standardi","12":"product_tag-hormonbalans-fi","13":"product_tag-kasvipohjainen","14":"product_tag-kognitiivinen-toiminto","15":"product_tag-korkea-vahvuuksinen","16":"product_tag-kuumat-aallot","17":"product_tag-muistituki","18":"product_tag-perinteinen-kasviperainen-laaketiede","19":"product_tag-rosmariinihappo","20":"product_tag-ruoansulatuksen-terveys","21":"product_tag-salvia-fi","22":"product_tag-tulehdusta-ehkaiseva","23":"product_tag-vaihdevuosien-oireet-fi","24":"product_tag-vegaaninen","25":"product_tag-yohikoilu","27":"first","28":"instock","29":"taxable","30":"shipping-taxable","31":"purchasable","32":"product-type-simple","33":"entry","34":"content-bg","35":"loop-entry"},"acf":[],"yoast_head":"<!-- This site is optimized with the Yoast SEO plugin v25.8 - https:\/\/yoast.com\/wordpress\/plugins\/seo\/ -->\n<title>SALVIA 2500mg - Lamberts - Reviva<\/title>\n<meta name=\"description\" content=\"Salvia 2500mg - Lamberts T\u00e4m\u00e4 lis\u00e4osa on erityisen suosittu naisten keskuudessa vaihdevuosien aikana salvian luonnollisten ominaisuuksien ansiosta.\" \/>\n<meta name=\"robots\" content=\"index, follow, max-snippet:-1, max-image-preview:large, max-video-preview:-1\" \/>\n<link rel=\"canonical\" href=\"https:\/\/reviva.fi\/fi\/tuote\/salvia-2500mg-lamberts\/\" \/>\n<meta property=\"og:locale\" content=\"fi_FI\" \/>\n<meta property=\"og:type\" content=\"article\" \/>\n<meta property=\"og:title\" content=\"SALVIA 2500mg - Lamberts - Reviva\" \/>\n<meta property=\"og:description\" content=\"Salvia 2500mg - Lamberts T\u00e4m\u00e4 lis\u00e4osa on erityisen suosittu naisten keskuudessa vaihdevuosien aikana salvian luonnollisten ominaisuuksien ansiosta.\" \/>\n<meta property=\"og:url\" content=\"https:\/\/reviva.fi\/fi\/tuote\/salvia-2500mg-lamberts\/\" \/>\n<meta property=\"og:site_name\" content=\"Reviva\" \/>\n<meta property=\"article:modified_time\" content=\"2025-02-03T12:02:18+00:00\" \/>\n<meta property=\"og:image\" content=\"https:\/\/reviva.fi\/wp-content\/uploads\/2025\/01\/8577-90-Sage-2500-mg.jpg\" \/>\n\t<meta property=\"og:image:width\" content=\"780\" \/>\n\t<meta property=\"og:image:height\" content=\"780\" \/>\n\t<meta property=\"og:image:type\" content=\"image\/jpeg\" \/>\n<meta name=\"twitter:card\" content=\"summary_large_image\" \/>\n<script type=\"application\/ld+json\" class=\"yoast-schema-graph\">{\"@context\":\"https:\/\/schema.org\",\"@graph\":[{\"@type\":\"WebPage\",\"@id\":\"https:\/\/reviva.fi\/fi\/tuote\/salvia-2500mg-lamberts\/\",\"url\":\"https:\/\/reviva.fi\/fi\/tuote\/salvia-2500mg-lamberts\/\",\"name\":\"SALVIA 2500mg - Lamberts - Reviva\",\"isPartOf\":{\"@id\":\"https:\/\/reviva.fi\/fi\/#website\"},\"primaryImageOfPage\":{\"@id\":\"https:\/\/reviva.fi\/fi\/tuote\/salvia-2500mg-lamberts\/#primaryimage\"},\"image\":{\"@id\":\"https:\/\/reviva.fi\/fi\/tuote\/salvia-2500mg-lamberts\/#primaryimage\"},\"thumbnailUrl\":\"https:\/\/reviva.fi\/wp-content\/uploads\/2025\/01\/8577-90-Sage-2500-mg.jpg\",\"datePublished\":\"2025-01-28T08:43:12+00:00\",\"dateModified\":\"2025-02-03T12:02:18+00:00\",\"description\":\"Salvia 2500mg - Lamberts T\u00e4m\u00e4 lis\u00e4osa on erityisen suosittu naisten keskuudessa vaihdevuosien aikana salvian luonnollisten ominaisuuksien ansiosta.\",\"breadcrumb\":{\"@id\":\"https:\/\/reviva.fi\/fi\/tuote\/salvia-2500mg-lamberts\/#breadcrumb\"},\"inLanguage\":\"fi\",\"potentialAction\":[{\"@type\":\"ReadAction\",\"target\":[\"https:\/\/reviva.fi\/fi\/tuote\/salvia-2500mg-lamberts\/\"]}]},{\"@type\":\"ImageObject\",\"inLanguage\":\"fi\",\"@id\":\"https:\/\/reviva.fi\/fi\/tuote\/salvia-2500mg-lamberts\/#primaryimage\",\"url\":\"https:\/\/reviva.fi\/wp-content\/uploads\/2025\/01\/8577-90-Sage-2500-mg.jpg\",\"contentUrl\":\"https:\/\/reviva.fi\/wp-content\/uploads\/2025\/01\/8577-90-Sage-2500-mg.jpg\",\"width\":780,\"height\":780,\"caption\":\"SALVIA 2500mg - Lamberts\"},{\"@type\":\"BreadcrumbList\",\"@id\":\"https:\/\/reviva.fi\/fi\/tuote\/salvia-2500mg-lamberts\/#breadcrumb\",\"itemListElement\":[{\"@type\":\"ListItem\",\"position\":1,\"name\":\"Etusivu\",\"item\":\"https:\/\/reviva.fi\/fi\/\"},{\"@type\":\"ListItem\",\"position\":2,\"name\":\"Tuotteet\",\"item\":\"https:\/\/reviva.fi\/produkter\/\"},{\"@type\":\"ListItem\",\"position\":3,\"name\":\"SALVIA 2500mg &#8211; Lamberts\"}]},{\"@type\":\"WebSite\",\"@id\":\"https:\/\/reviva.fi\/fi\/#website\",\"url\":\"https:\/\/reviva.fi\/fi\/\",\"name\":\"Reviva\",\"description\":\"\",\"publisher\":{\"@id\":\"https:\/\/reviva.fi\/fi\/#organization\"},\"potentialAction\":[{\"@type\":\"SearchAction\",\"target\":{\"@type\":\"EntryPoint\",\"urlTemplate\":\"https:\/\/reviva.fi\/fi\/?s={search_term_string}\"},\"query-input\":{\"@type\":\"PropertyValueSpecification\",\"valueRequired\":true,\"valueName\":\"search_term_string\"}}],\"inLanguage\":\"fi\"},{\"@type\":\"Organization\",\"@id\":\"https:\/\/reviva.fi\/fi\/#organization\",\"name\":\"Reviva\",\"url\":\"https:\/\/reviva.fi\/fi\/\",\"logo\":{\"@type\":\"ImageObject\",\"inLanguage\":\"fi\",\"@id\":\"https:\/\/reviva.fi\/fi\/#\/schema\/logo\/image\/\",\"url\":\"https:\/\/reviva.fi\/wp-content\/uploads\/2023\/10\/reviva-logo2.svg\",\"contentUrl\":\"https:\/\/reviva.fi\/wp-content\/uploads\/2023\/10\/reviva-logo2.svg\",\"caption\":\"Reviva\"},\"image\":{\"@id\":\"https:\/\/reviva.fi\/fi\/#\/schema\/logo\/image\/\"}}]}<\/script>\n<meta property=\"product:price:amount\" content=\"28.40\" \/>\n<meta property=\"product:price:currency\" content=\"EUR\" \/>\n<meta property=\"og:availability\" content=\"instock\" \/>\n<meta property=\"product:availability\" content=\"instock\" \/>\n<meta property=\"product:retailer_item_id\" content=\"8577-90\" \/>\n<meta property=\"product:condition\" content=\"new\" \/>\n<!-- \/ Yoast SEO plugin. -->","yoast_head_json":{"title":"SALVIA 2500mg - Lamberts - Reviva","description":"Salvia 2500mg - Lamberts T\u00e4m\u00e4 lis\u00e4osa on erityisen suosittu naisten keskuudessa vaihdevuosien aikana salvian luonnollisten ominaisuuksien ansiosta.","robots":{"index":"index","follow":"follow","max-snippet":"max-snippet:-1","max-image-preview":"max-image-preview:large","max-video-preview":"max-video-preview:-1"},"canonical":"https:\/\/reviva.fi\/fi\/tuote\/salvia-2500mg-lamberts\/","og_locale":"fi_FI","og_type":"article","og_title":"SALVIA 2500mg - Lamberts - Reviva","og_description":"Salvia 2500mg - Lamberts T\u00e4m\u00e4 lis\u00e4osa on erityisen suosittu naisten keskuudessa vaihdevuosien aikana salvian luonnollisten ominaisuuksien ansiosta.","og_url":"https:\/\/reviva.fi\/fi\/tuote\/salvia-2500mg-lamberts\/","og_site_name":"Reviva","article_modified_time":"2025-02-03T12:02:18+00:00","og_image":[{"width":780,"height":780,"url":"https:\/\/reviva.fi\/wp-content\/uploads\/2025\/01\/8577-90-Sage-2500-mg.jpg","type":"image\/jpeg"}],"twitter_card":"summary_large_image","schema":{"@context":"https:\/\/schema.org","@graph":[{"@type":"WebPage","@id":"https:\/\/reviva.fi\/fi\/tuote\/salvia-2500mg-lamberts\/","url":"https:\/\/reviva.fi\/fi\/tuote\/salvia-2500mg-lamberts\/","name":"SALVIA 2500mg - Lamberts - Reviva","isPartOf":{"@id":"https:\/\/reviva.fi\/fi\/#website"},"primaryImageOfPage":{"@id":"https:\/\/reviva.fi\/fi\/tuote\/salvia-2500mg-lamberts\/#primaryimage"},"image":{"@id":"https:\/\/reviva.fi\/fi\/tuote\/salvia-2500mg-lamberts\/#primaryimage"},"thumbnailUrl":"https:\/\/reviva.fi\/wp-content\/uploads\/2025\/01\/8577-90-Sage-2500-mg.jpg","datePublished":"2025-01-28T08:43:12+00:00","dateModified":"2025-02-03T12:02:18+00:00","description":"Salvia 2500mg - Lamberts T\u00e4m\u00e4 lis\u00e4osa on erityisen suosittu naisten keskuudessa vaihdevuosien aikana salvian luonnollisten ominaisuuksien ansiosta.","breadcrumb":{"@id":"https:\/\/reviva.fi\/fi\/tuote\/salvia-2500mg-lamberts\/#breadcrumb"},"inLanguage":"fi","potentialAction":[{"@type":"ReadAction","target":["https:\/\/reviva.fi\/fi\/tuote\/salvia-2500mg-lamberts\/"]}]},{"@type":"ImageObject","inLanguage":"fi","@id":"https:\/\/reviva.fi\/fi\/tuote\/salvia-2500mg-lamberts\/#primaryimage","url":"https:\/\/reviva.fi\/wp-content\/uploads\/2025\/01\/8577-90-Sage-2500-mg.jpg","contentUrl":"https:\/\/reviva.fi\/wp-content\/uploads\/2025\/01\/8577-90-Sage-2500-mg.jpg","width":780,"height":780,"caption":"SALVIA 2500mg - Lamberts"},{"@type":"BreadcrumbList","@id":"https:\/\/reviva.fi\/fi\/tuote\/salvia-2500mg-lamberts\/#breadcrumb","itemListElement":[{"@type":"ListItem","position":1,"name":"Etusivu","item":"https:\/\/reviva.fi\/fi\/"},{"@type":"ListItem","position":2,"name":"Tuotteet","item":"https:\/\/reviva.fi\/produkter\/"},{"@type":"ListItem","position":3,"name":"SALVIA 2500mg &#8211; Lamberts"}]},{"@type":"WebSite","@id":"https:\/\/reviva.fi\/fi\/#website","url":"https:\/\/reviva.fi\/fi\/","name":"Reviva","description":"","publisher":{"@id":"https:\/\/reviva.fi\/fi\/#organization"},"potentialAction":[{"@type":"SearchAction","target":{"@type":"EntryPoint","urlTemplate":"https:\/\/reviva.fi\/fi\/?s={search_term_string}"},"query-input":{"@type":"PropertyValueSpecification","valueRequired":true,"valueName":"search_term_string"}}],"inLanguage":"fi"},{"@type":"Organization","@id":"https:\/\/reviva.fi\/fi\/#organization","name":"Reviva","url":"https:\/\/reviva.fi\/fi\/","logo":{"@type":"ImageObject","inLanguage":"fi","@id":"https:\/\/reviva.fi\/fi\/#\/schema\/logo\/image\/","url":"https:\/\/reviva.fi\/wp-content\/uploads\/2023\/10\/reviva-logo2.svg","contentUrl":"https:\/\/reviva.fi\/wp-content\/uploads\/2023\/10\/reviva-logo2.svg","caption":"Reviva"},"image":{"@id":"https:\/\/reviva.fi\/fi\/#\/schema\/logo\/image\/"}}]},"product_price_amount":"28.40","product_price_currency":"EUR","og_availability":"instock","product_availability":"instock","product_retailer_item_id":"8577-90","product_condition":"new"},"taxonomy_info":{"product_cat":[{"value":141,"label":"Yrtit"},{"value":2444,"label":"Lamberts"}],"product_tag":[{"value":4688,"label":"2500 mg"},{"value":4694,"label":"alhainen tujonipitoisuus"},{"value":412,"label":"antioksidantti"},{"value":4402,"label":"GMP standardi"},{"value":3384,"label":"Hormonbalans"},{"value":4404,"label":"Kasvipohjainen"},{"value":4456,"label":"Kognitiivinen toiminto"},{"value":4406,"label":"Korkea vahvuuksinen"},{"value":4691,"label":"kuumat aallot"},{"value":4492,"label":"Muistituki"},{"value":4693,"label":"perinteinen kasviper\u00e4inen l\u00e4\u00e4ketiede"},{"value":4690,"label":"rosmariinihappo"},{"value":4405,"label":"Ruoansulatuksen terveys"},{"value":4689,"label":"salvia"},{"value":1128,"label":"tulehdusta ehk\u00e4isev\u00e4"},{"value":3084,"label":"vaihdevuosien oireet"},{"value":4468,"label":"Vegaaninen"},{"value":4692,"label":"y\u00f6hikoilu"}]},"featured_image_src_large":["https:\/\/reviva.fi\/wp-content\/uploads\/2025\/01\/8577-90-Sage-2500-mg.jpg",780,780,false],"author_info":[],"comment_info":0,"_links":{"self":[{"href":"https:\/\/reviva.fi\/fi\/wp-json\/wp\/v2\/product\/10709","targetHints":{"allow":["GET"]}}],"collection":[{"href":"https:\/\/reviva.fi\/fi\/wp-json\/wp\/v2\/product"}],"about":[{"href":"https:\/\/reviva.fi\/fi\/wp-json\/wp\/v2\/types\/product"}],"replies":[{"embeddable":true,"href":"https:\/\/reviva.fi\/fi\/wp-json\/wp\/v2\/comments?post=10709"}],"wp:featuredmedia":[{"embeddable":true,"href":"https:\/\/reviva.fi\/fi\/wp-json\/wp\/v2\/media\/10676"}],"wp:attachment":[{"href":"https:\/\/reviva.fi\/fi\/wp-json\/wp\/v2\/media?parent=10709"}],"wp:term":[{"taxonomy":"product_brand","embeddable":true,"href":"https:\/\/reviva.fi\/fi\/wp-json\/wp\/v2\/product_brand?post=10709"},{"taxonomy":"product_cat","embeddable":true,"href":"https:\/\/reviva.fi\/fi\/wp-json\/wp\/v2\/product_cat?post=10709"},{"taxonomy":"product_tag","embeddable":true,"href":"https:\/\/reviva.fi\/fi\/wp-json\/wp\/v2\/product_tag?post=10709"}],"curies":[{"name":"wp","href":"https:\/\/api.w.org\/{rel}","templated":true}]}}