{"id":10713,"date":"2025-01-28T12:33:08","date_gmt":"2025-01-28T10:33:08","guid":{"rendered":"https:\/\/reviva.fi\/product\/lamberts-jod-150mcg-kaliumjodid\/"},"modified":"2026-02-18T15:29:56","modified_gmt":"2026-02-18T13:29:56","slug":"jodi-150mcg-lamberts","status":"publish","type":"product","link":"https:\/\/reviva.fi\/fi\/tuote\/jodi-150mcg-lamberts\/","title":{"rendered":"Jodi 150 \u00b5g (kaliumjodidi) &#8211; Lamberts"},"content":{"rendered":"<p data-start=\"0\" data-end=\"60\"><strong>Kilpirauhaselle, energia-aineenvaihdunnalle ja hermostolle<\/strong><\/p>\n<p data-start=\"62\" data-end=\"229\">Lamberts Jodi 150 \u00b5g on korkealaatuinen ravintolis\u00e4, joka sis\u00e4lt\u00e4\u00e4 150 mikrogrammaa jodia per tabletti kaliumjodidin muodossa \u2013 vakaassa ja hyvin imeytyv\u00e4ss\u00e4 muodossa.<\/p>\n<p data-start=\"231\" data-end=\"481\">Jodi on v\u00e4ltt\u00e4m\u00e4t\u00f6n hivenaine, jota elimist\u00f6 tarvitsee pieni\u00e4 mutta t\u00e4rkeit\u00e4 m\u00e4\u00e4ri\u00e4. Sill\u00e4 on keskeinen rooli kilpirauhashormonien tuotannossa, jotka puolestaan vaikuttavat elimist\u00f6n aineenvaihduntaan, energiatasoon ja moniin t\u00e4rkeisiin toimintoihin.<\/p>\n<p data-start=\"483\" data-end=\"581\">Koska jodin saanti voi vaihdella ruokavalion mukaan, ravintolis\u00e4 voi olla joillekin ajankohtainen.<\/p>\n<p data-start=\"583\" data-end=\"617\"><strong>Kilpirauhanen ja hormonituotanto<\/strong><\/p>\n<p data-start=\"619\" data-end=\"626\">Jodi:<\/p>\n<ul>\n<li data-start=\"628\" data-end=\"678\">edist\u00e4\u00e4 kilpirauhashormonien normaalia tuotantoa<\/li>\n<li data-start=\"628\" data-end=\"678\">edist\u00e4\u00e4 kilpirauhasen normaalia toimintaa<\/li>\n<\/ul>\n<p data-start=\"725\" data-end=\"872\">Kilpirauhashormonit s\u00e4\u00e4telev\u00e4t elimist\u00f6n aineenvaihduntaa ja vaikuttavat muun muassa energiankulutukseen, l\u00e4mm\u00f6ns\u00e4\u00e4telyyn ja elimist\u00f6n kehitykseen.<\/p>\n<p data-start=\"874\" data-end=\"899\"><strong>Energia-aineenvaihdunta<\/strong><\/p>\n<p data-start=\"901\" data-end=\"908\">Jodi:<\/p>\n<ul>\n<li data-start=\"910\" data-end=\"954\">edist\u00e4\u00e4 normaalia energia-aineenvaihduntaa<\/li>\n<\/ul>\n<p data-start=\"956\" data-end=\"1057\">Roolinsa ansiosta kilpirauhasen toiminnassa jodi on t\u00e4rke\u00e4 osa elimist\u00f6n normaalia energiantuotantoa.<\/p>\n<p data-start=\"1059\" data-end=\"1095\"><strong>Hermosto ja kognitiivinen toiminta<\/strong><\/p>\n<p data-start=\"1097\" data-end=\"1104\">Jodi:<\/p>\n<ul>\n<li data-start=\"1106\" data-end=\"1145\">edist\u00e4\u00e4 hermoston normaalia toimintaa<\/li>\n<li data-start=\"1106\" data-end=\"1145\">edist\u00e4\u00e4 normaalia kognitiivista toimintaa<\/li>\n<\/ul>\n<p data-start=\"1192\" data-end=\"1270\">Riitt\u00e4v\u00e4 jodin saanti on t\u00e4rke\u00e4\u00e4 aivojen ja hermoston normaalille toiminnalle.<\/p>\n<p data-start=\"1272\" data-end=\"1290\"><strong>Ihon hyvinvointi<\/strong><\/p>\n<p data-start=\"1292\" data-end=\"1299\">Jodi:<\/p>\n<ul>\n<li data-start=\"1301\" data-end=\"1336\">edist\u00e4\u00e4 ihon pysymist\u00e4 normaalina<\/li>\n<\/ul>\n<p data-start=\"1338\" data-end=\"1358\"><strong>Raskaus ja kehitys<\/strong><\/p>\n<p data-start=\"1360\" data-end=\"1367\">Jodi:<\/p>\n<ul>\n<li data-start=\"1369\" data-end=\"1402\">edist\u00e4\u00e4 lasten normaalia kasvua<\/li>\n<li data-start=\"1369\" data-end=\"1402\">edist\u00e4\u00e4 siki\u00f6n ja rintaruokittavien lasten normaalia kognitiivista kehityst\u00e4<\/li>\n<\/ul>\n<p data-start=\"1484\" data-end=\"1566\">Riitt\u00e4v\u00e4 jodin saanti on erityisen t\u00e4rke\u00e4\u00e4 raskauden aikana, jolloin tarve kasvaa.<\/p>\n<p data-start=\"1568\" data-end=\"1602\"><strong>Vakaassa muodossa \u2013 kaliumjodidi<\/strong><\/p>\n<p data-start=\"1604\" data-end=\"1775\">T\u00e4m\u00e4 tuote sis\u00e4lt\u00e4\u00e4 jodia kaliumjodidin muodossa, joka on hyvin dokumentoitu ja vakaa muoto ravintolisiss\u00e4, varmistaen tarkan annostuksen ja hyv\u00e4n biologisen hy\u00f6tyosuuden.<\/p>\n<p data-start=\"1777\" data-end=\"1890\">Jokainen tabletti sis\u00e4lt\u00e4\u00e4 150 \u00b5g jodia, mik\u00e4 vastaa 100 % aikuisen p\u00e4ivitt\u00e4isest\u00e4 saannin vertailuarvosta (DRI).<\/p>\n<p data-start=\"1892\" data-end=\"1920\"><strong>Kenelle Jodi 150 \u00b5g sopii?<\/strong><\/p>\n<p data-start=\"1922\" data-end=\"1961\">Tuote voi olla erityisen hy\u00f6dyllinen:<\/p>\n<ul>\n<li data-start=\"1963\" data-end=\"2055\">henkil\u00f6ille, joiden jodipitoisten ruokien (esim. kala ja maitotuotteet) saanti on v\u00e4h\u00e4ist\u00e4<\/li>\n<li data-start=\"1963\" data-end=\"2055\">henkil\u00f6ille, jotka k\u00e4ytt\u00e4v\u00e4t jodioimatonta suolaa<\/li>\n<li data-start=\"1963\" data-end=\"2055\">raskaana oleville ja imett\u00e4ville (terveydenhuollon ohjeiden mukaan)<\/li>\n<li data-start=\"1963\" data-end=\"2055\">henkil\u00f6ille, jotka haluavat varmistaa kilpirauhasen normaalin toiminnan<\/li>\n<\/ul>\n<p data-start=\"2256\" data-end=\"2277\"><strong>Laatua Lambertsilta<\/strong><\/p>\n<p data-start=\"2279\" data-end=\"2503\">Lamberts tunnetaan korkeista laatustandardeistaan ja huolellisesti valvotuista raaka-aineistaan. Jodi 150 \u00b5g valmistetaan tiukkojen laatuvaatimusten mukaisesti stabiilisuuden, puhtauden ja oikean annostuksen varmistamiseksi.<\/p>\n<p data-start=\"2505\" data-end=\"2625\" data-is-last-node=\"\" data-is-only-node=\"\">Tabletit ovat pieni\u00e4 ja helppoja niell\u00e4, ja ne on tarkoitettu p\u00e4ivitt\u00e4iseen k\u00e4ytt\u00f6\u00f6n suositellun annostuksen mukaisesti.<\/p>\n","protected":false},"excerpt":{"rendered":"<p data-start=\"0\" data-end=\"276\">Jodi 150 \u00b5g (kaliumjodidi) Lambertsilta on korkealaatuinen ravintolis\u00e4, joka edist\u00e4\u00e4 kilpirauhasen normaalia toimintaa, normaalia energia-aineenvaihduntaa, hermoston normaalia toimintaa sek\u00e4 normaalia kognitiivista toimintaa \u2013 vakaassa ja huolellisesti annostellussa muodossa.<\/p>\n<p data-start=\"278\" data-end=\"291\" data-is-last-node=\"\" data-is-only-node=\"\"><strong>180 tablettia<\/strong><\/p>\n","protected":false},"featured_media":10693,"comment_status":"closed","ping_status":"closed","template":"","meta":{"_acf_changed":false,"inline_featured_image":false,"_kad_blocks_custom_css":"","_kad_blocks_head_custom_js":"","_kad_blocks_body_custom_js":"","_kad_blocks_footer_custom_js":"","_kadence_starter_templates_imported_post":false,"_kad_post_transparent":"default","_kad_post_title":"","_kad_post_layout":"default","_kad_post_sidebar_id":"","_kad_post_content_style":"default","_kad_post_vertical_padding":"default","_kad_post_feature":"","_kad_post_feature_position":"","_kad_post_header":false,"_kad_post_footer":false},"product_brand":[],"product_cat":[93,5964,2444],"product_tag":[1640,3465,4402,3580,4435,4549,4668,3385,444,2945,4669,4456,4670,476,3454,3002,4436,4403],"class_list":{"0":"post-10713","1":"product","2":"type-product","3":"status-publish","4":"has-post-thumbnail","6":"product_cat-mineraler-fi","7":"product_cat-jod-fi","8":"product_cat-lamberts-fi","9":"product_tag-aineenvaihduntaa","10":"product_tag-energiomsattning-fi","11":"product_tag-gmp-standardi","12":"product_tag-hog-biotillganglighet-fi","13":"product_tag-hermoston-toiminta","14":"product_tag-hiven-mineraali","15":"product_tag-hormonien-tuotantoa","16":"product_tag-hudhalsa-fi","17":"product_tag-immuunijarjestelma","18":"product_tag-jodi","19":"product_tag-kilpirauhashormoni","20":"product_tag-kognitiivinen-toiminto","21":"product_tag-lisaantymisterveys","22":"product_tag-lisaravinne","23":"product_tag-mental-klarhet-fi","24":"product_tag-solukasvu","25":"product_tag-vasymyksen-vahentaminen","26":"product_tag-vegaaniystavallinen","28":"first","29":"instock","30":"taxable","31":"shipping-taxable","32":"purchasable","33":"product-type-simple","34":"entry","35":"content-bg","36":"loop-entry"},"acf":[],"yoast_head":"<!-- This site is optimized with the Yoast SEO plugin v25.8 - https:\/\/yoast.com\/wordpress\/plugins\/seo\/ -->\n<title>Jodi 150 \u00b5g (kaliumjodidi) - Lamberts - Reviva<\/title>\n<meta name=\"description\" content=\"Jodi 150 mcg - Lamberts sis\u00e4lt\u00e4\u00e4 t\u00e4rkeit\u00e4 ravintoaineita kilpirauhasen toiminnalle. Jodi tukee aineenvaihduntaa, hormonitoimintaa ja immuunij\u00e4rjestelm\u00e4\u00e4\" \/>\n<meta name=\"robots\" content=\"index, follow, max-snippet:-1, max-image-preview:large, max-video-preview:-1\" \/>\n<link rel=\"canonical\" href=\"https:\/\/reviva.fi\/fi\/tuote\/jodi-150mcg-lamberts\/\" \/>\n<meta property=\"og:locale\" content=\"fi_FI\" \/>\n<meta property=\"og:type\" content=\"article\" \/>\n<meta property=\"og:title\" content=\"Jodi 150 \u00b5g (kaliumjodidi) - Lamberts - Reviva\" \/>\n<meta property=\"og:description\" content=\"Jodi 150 mcg - Lamberts sis\u00e4lt\u00e4\u00e4 t\u00e4rkeit\u00e4 ravintoaineita kilpirauhasen toiminnalle. Jodi tukee aineenvaihduntaa, hormonitoimintaa ja immuunij\u00e4rjestelm\u00e4\u00e4\" \/>\n<meta property=\"og:url\" content=\"https:\/\/reviva.fi\/fi\/tuote\/jodi-150mcg-lamberts\/\" \/>\n<meta property=\"og:site_name\" content=\"Reviva\" \/>\n<meta property=\"article:modified_time\" content=\"2026-02-18T13:29:56+00:00\" \/>\n<meta property=\"og:image\" content=\"https:\/\/reviva.fi\/wp-content\/uploads\/2025\/01\/8240-180-Iodine-150-mcg.jpg\" \/>\n\t<meta property=\"og:image:width\" content=\"780\" \/>\n\t<meta property=\"og:image:height\" content=\"780\" \/>\n\t<meta property=\"og:image:type\" content=\"image\/jpeg\" \/>\n<meta name=\"twitter:card\" content=\"summary_large_image\" \/>\n<script type=\"application\/ld+json\" class=\"yoast-schema-graph\">{\"@context\":\"https:\/\/schema.org\",\"@graph\":[{\"@type\":\"WebPage\",\"@id\":\"https:\/\/reviva.fi\/fi\/tuote\/jodi-150mcg-lamberts\/\",\"url\":\"https:\/\/reviva.fi\/fi\/tuote\/jodi-150mcg-lamberts\/\",\"name\":\"Jodi 150 \u00b5g (kaliumjodidi) - Lamberts - Reviva\",\"isPartOf\":{\"@id\":\"https:\/\/reviva.fi\/fi\/#website\"},\"primaryImageOfPage\":{\"@id\":\"https:\/\/reviva.fi\/fi\/tuote\/jodi-150mcg-lamberts\/#primaryimage\"},\"image\":{\"@id\":\"https:\/\/reviva.fi\/fi\/tuote\/jodi-150mcg-lamberts\/#primaryimage\"},\"thumbnailUrl\":\"https:\/\/reviva.fi\/wp-content\/uploads\/2025\/01\/8240-180-Iodine-150-mcg.jpg\",\"datePublished\":\"2025-01-28T10:33:08+00:00\",\"dateModified\":\"2026-02-18T13:29:56+00:00\",\"description\":\"Jodi 150 mcg - Lamberts sis\u00e4lt\u00e4\u00e4 t\u00e4rkeit\u00e4 ravintoaineita kilpirauhasen toiminnalle. Jodi tukee aineenvaihduntaa, hormonitoimintaa ja immuunij\u00e4rjestelm\u00e4\u00e4\",\"breadcrumb\":{\"@id\":\"https:\/\/reviva.fi\/fi\/tuote\/jodi-150mcg-lamberts\/#breadcrumb\"},\"inLanguage\":\"fi\",\"potentialAction\":[{\"@type\":\"ReadAction\",\"target\":[\"https:\/\/reviva.fi\/fi\/tuote\/jodi-150mcg-lamberts\/\"]}]},{\"@type\":\"ImageObject\",\"inLanguage\":\"fi\",\"@id\":\"https:\/\/reviva.fi\/fi\/tuote\/jodi-150mcg-lamberts\/#primaryimage\",\"url\":\"https:\/\/reviva.fi\/wp-content\/uploads\/2025\/01\/8240-180-Iodine-150-mcg.jpg\",\"contentUrl\":\"https:\/\/reviva.fi\/wp-content\/uploads\/2025\/01\/8240-180-Iodine-150-mcg.jpg\",\"width\":780,\"height\":780,\"caption\":\"Jodi 150mcg - Lamberts\"},{\"@type\":\"BreadcrumbList\",\"@id\":\"https:\/\/reviva.fi\/fi\/tuote\/jodi-150mcg-lamberts\/#breadcrumb\",\"itemListElement\":[{\"@type\":\"ListItem\",\"position\":1,\"name\":\"Etusivu\",\"item\":\"https:\/\/reviva.fi\/fi\/\"},{\"@type\":\"ListItem\",\"position\":2,\"name\":\"Tuotteet\",\"item\":\"https:\/\/reviva.fi\/produkter\/\"},{\"@type\":\"ListItem\",\"position\":3,\"name\":\"Jodi 150 \u00b5g (kaliumjodidi) &#8211; Lamberts\"}]},{\"@type\":\"WebSite\",\"@id\":\"https:\/\/reviva.fi\/fi\/#website\",\"url\":\"https:\/\/reviva.fi\/fi\/\",\"name\":\"Reviva\",\"description\":\"\",\"publisher\":{\"@id\":\"https:\/\/reviva.fi\/fi\/#organization\"},\"potentialAction\":[{\"@type\":\"SearchAction\",\"target\":{\"@type\":\"EntryPoint\",\"urlTemplate\":\"https:\/\/reviva.fi\/fi\/?s={search_term_string}\"},\"query-input\":{\"@type\":\"PropertyValueSpecification\",\"valueRequired\":true,\"valueName\":\"search_term_string\"}}],\"inLanguage\":\"fi\"},{\"@type\":\"Organization\",\"@id\":\"https:\/\/reviva.fi\/fi\/#organization\",\"name\":\"Reviva\",\"url\":\"https:\/\/reviva.fi\/fi\/\",\"logo\":{\"@type\":\"ImageObject\",\"inLanguage\":\"fi\",\"@id\":\"https:\/\/reviva.fi\/fi\/#\/schema\/logo\/image\/\",\"url\":\"https:\/\/reviva.fi\/wp-content\/uploads\/2023\/10\/reviva-logo2.svg\",\"contentUrl\":\"https:\/\/reviva.fi\/wp-content\/uploads\/2023\/10\/reviva-logo2.svg\",\"caption\":\"Reviva\"},\"image\":{\"@id\":\"https:\/\/reviva.fi\/fi\/#\/schema\/logo\/image\/\"}}]}<\/script>\n<meta property=\"product:price:amount\" content=\"14.25\" \/>\n<meta property=\"product:price:currency\" content=\"EUR\" \/>\n<meta property=\"og:availability\" content=\"instock\" \/>\n<meta property=\"product:availability\" content=\"instock\" \/>\n<meta property=\"product:retailer_item_id\" content=\"8240-180\" \/>\n<meta property=\"product:condition\" content=\"new\" \/>\n<!-- \/ Yoast SEO plugin. -->","yoast_head_json":{"title":"Jodi 150 \u00b5g (kaliumjodidi) - Lamberts - Reviva","description":"Jodi 150 mcg - Lamberts sis\u00e4lt\u00e4\u00e4 t\u00e4rkeit\u00e4 ravintoaineita kilpirauhasen toiminnalle. Jodi tukee aineenvaihduntaa, hormonitoimintaa ja immuunij\u00e4rjestelm\u00e4\u00e4","robots":{"index":"index","follow":"follow","max-snippet":"max-snippet:-1","max-image-preview":"max-image-preview:large","max-video-preview":"max-video-preview:-1"},"canonical":"https:\/\/reviva.fi\/fi\/tuote\/jodi-150mcg-lamberts\/","og_locale":"fi_FI","og_type":"article","og_title":"Jodi 150 \u00b5g (kaliumjodidi) - Lamberts - Reviva","og_description":"Jodi 150 mcg - Lamberts sis\u00e4lt\u00e4\u00e4 t\u00e4rkeit\u00e4 ravintoaineita kilpirauhasen toiminnalle. Jodi tukee aineenvaihduntaa, hormonitoimintaa ja immuunij\u00e4rjestelm\u00e4\u00e4","og_url":"https:\/\/reviva.fi\/fi\/tuote\/jodi-150mcg-lamberts\/","og_site_name":"Reviva","article_modified_time":"2026-02-18T13:29:56+00:00","og_image":[{"width":780,"height":780,"url":"https:\/\/reviva.fi\/wp-content\/uploads\/2025\/01\/8240-180-Iodine-150-mcg.jpg","type":"image\/jpeg"}],"twitter_card":"summary_large_image","schema":{"@context":"https:\/\/schema.org","@graph":[{"@type":"WebPage","@id":"https:\/\/reviva.fi\/fi\/tuote\/jodi-150mcg-lamberts\/","url":"https:\/\/reviva.fi\/fi\/tuote\/jodi-150mcg-lamberts\/","name":"Jodi 150 \u00b5g (kaliumjodidi) - Lamberts - Reviva","isPartOf":{"@id":"https:\/\/reviva.fi\/fi\/#website"},"primaryImageOfPage":{"@id":"https:\/\/reviva.fi\/fi\/tuote\/jodi-150mcg-lamberts\/#primaryimage"},"image":{"@id":"https:\/\/reviva.fi\/fi\/tuote\/jodi-150mcg-lamberts\/#primaryimage"},"thumbnailUrl":"https:\/\/reviva.fi\/wp-content\/uploads\/2025\/01\/8240-180-Iodine-150-mcg.jpg","datePublished":"2025-01-28T10:33:08+00:00","dateModified":"2026-02-18T13:29:56+00:00","description":"Jodi 150 mcg - Lamberts sis\u00e4lt\u00e4\u00e4 t\u00e4rkeit\u00e4 ravintoaineita kilpirauhasen toiminnalle. Jodi tukee aineenvaihduntaa, hormonitoimintaa ja immuunij\u00e4rjestelm\u00e4\u00e4","breadcrumb":{"@id":"https:\/\/reviva.fi\/fi\/tuote\/jodi-150mcg-lamberts\/#breadcrumb"},"inLanguage":"fi","potentialAction":[{"@type":"ReadAction","target":["https:\/\/reviva.fi\/fi\/tuote\/jodi-150mcg-lamberts\/"]}]},{"@type":"ImageObject","inLanguage":"fi","@id":"https:\/\/reviva.fi\/fi\/tuote\/jodi-150mcg-lamberts\/#primaryimage","url":"https:\/\/reviva.fi\/wp-content\/uploads\/2025\/01\/8240-180-Iodine-150-mcg.jpg","contentUrl":"https:\/\/reviva.fi\/wp-content\/uploads\/2025\/01\/8240-180-Iodine-150-mcg.jpg","width":780,"height":780,"caption":"Jodi 150mcg - Lamberts"},{"@type":"BreadcrumbList","@id":"https:\/\/reviva.fi\/fi\/tuote\/jodi-150mcg-lamberts\/#breadcrumb","itemListElement":[{"@type":"ListItem","position":1,"name":"Etusivu","item":"https:\/\/reviva.fi\/fi\/"},{"@type":"ListItem","position":2,"name":"Tuotteet","item":"https:\/\/reviva.fi\/produkter\/"},{"@type":"ListItem","position":3,"name":"Jodi 150 \u00b5g (kaliumjodidi) &#8211; Lamberts"}]},{"@type":"WebSite","@id":"https:\/\/reviva.fi\/fi\/#website","url":"https:\/\/reviva.fi\/fi\/","name":"Reviva","description":"","publisher":{"@id":"https:\/\/reviva.fi\/fi\/#organization"},"potentialAction":[{"@type":"SearchAction","target":{"@type":"EntryPoint","urlTemplate":"https:\/\/reviva.fi\/fi\/?s={search_term_string}"},"query-input":{"@type":"PropertyValueSpecification","valueRequired":true,"valueName":"search_term_string"}}],"inLanguage":"fi"},{"@type":"Organization","@id":"https:\/\/reviva.fi\/fi\/#organization","name":"Reviva","url":"https:\/\/reviva.fi\/fi\/","logo":{"@type":"ImageObject","inLanguage":"fi","@id":"https:\/\/reviva.fi\/fi\/#\/schema\/logo\/image\/","url":"https:\/\/reviva.fi\/wp-content\/uploads\/2023\/10\/reviva-logo2.svg","contentUrl":"https:\/\/reviva.fi\/wp-content\/uploads\/2023\/10\/reviva-logo2.svg","caption":"Reviva"},"image":{"@id":"https:\/\/reviva.fi\/fi\/#\/schema\/logo\/image\/"}}]},"product_price_amount":"14.25","product_price_currency":"EUR","og_availability":"instock","product_availability":"instock","product_retailer_item_id":"8240-180","product_condition":"new"},"taxonomy_info":{"product_cat":[{"value":93,"label":"Mineraalit"},{"value":5964,"label":"Jodi"},{"value":2444,"label":"Lamberts"}],"product_tag":[{"value":1640,"label":"aineenvaihduntaa"},{"value":3465,"label":"Energioms\u00e4ttning"},{"value":4402,"label":"GMP standardi"},{"value":3580,"label":"H\u00f6g biotillg\u00e4nglighet"},{"value":4435,"label":"hermoston toiminta"},{"value":4549,"label":"hiven mineraali"},{"value":4668,"label":"hormonien tuotantoa"},{"value":3385,"label":"Hudh\u00e4lsa"},{"value":444,"label":"immuunij\u00e4rjestelm\u00e4"},{"value":2945,"label":"Jodi"},{"value":4669,"label":"kilpirauhashormoni"},{"value":4456,"label":"Kognitiivinen toiminto"},{"value":4670,"label":"lis\u00e4\u00e4ntymisterveys"},{"value":476,"label":"lis\u00e4ravinne"},{"value":3454,"label":"Mental klarhet"},{"value":3002,"label":"Solukasvu"},{"value":4436,"label":"v\u00e4symyksen v\u00e4hent\u00e4minen"},{"value":4403,"label":"vegaaniyst\u00e4v\u00e4llinen"}]},"featured_image_src_large":["https:\/\/reviva.fi\/wp-content\/uploads\/2025\/01\/8240-180-Iodine-150-mcg.jpg",780,780,false],"author_info":[],"comment_info":0,"_links":{"self":[{"href":"https:\/\/reviva.fi\/fi\/wp-json\/wp\/v2\/product\/10713","targetHints":{"allow":["GET"]}}],"collection":[{"href":"https:\/\/reviva.fi\/fi\/wp-json\/wp\/v2\/product"}],"about":[{"href":"https:\/\/reviva.fi\/fi\/wp-json\/wp\/v2\/types\/product"}],"replies":[{"embeddable":true,"href":"https:\/\/reviva.fi\/fi\/wp-json\/wp\/v2\/comments?post=10713"}],"wp:featuredmedia":[{"embeddable":true,"href":"https:\/\/reviva.fi\/fi\/wp-json\/wp\/v2\/media\/10693"}],"wp:attachment":[{"href":"https:\/\/reviva.fi\/fi\/wp-json\/wp\/v2\/media?parent=10713"}],"wp:term":[{"taxonomy":"product_brand","embeddable":true,"href":"https:\/\/reviva.fi\/fi\/wp-json\/wp\/v2\/product_brand?post=10713"},{"taxonomy":"product_cat","embeddable":true,"href":"https:\/\/reviva.fi\/fi\/wp-json\/wp\/v2\/product_cat?post=10713"},{"taxonomy":"product_tag","embeddable":true,"href":"https:\/\/reviva.fi\/fi\/wp-json\/wp\/v2\/product_tag?post=10713"}],"curies":[{"name":"wp","href":"https:\/\/api.w.org\/{rel}","templated":true}]}}