{"id":10727,"date":"2025-01-28T13:59:24","date_gmt":"2025-01-28T11:59:24","guid":{"rendered":"https:\/\/reviva.fi\/product\/naturlig-vitamin-e-400iu-d-alfatokoferol\/"},"modified":"2026-02-16T13:22:57","modified_gmt":"2026-02-16T11:22:57","slug":"luontainen-e-vitamiini-lamberts","status":"publish","type":"product","link":"https:\/\/reviva.fi\/fi\/tuote\/luontainen-e-vitamiini-lamberts\/","title":{"rendered":"E-vitamiini 400IU (268 mg)- Lamberts"},"content":{"rendered":"<p data-start=\"0\" data-end=\"68\"><strong>Luonnollinen E-vitamiini solujen suojaamiseen hapettumisstressilt\u00e4<\/strong><\/p>\n<p data-start=\"70\" data-end=\"332\">Lamberts Natural Form Vitamin E 400 IU on korkealaatuinen ravintolis\u00e4, joka sis\u00e4lt\u00e4\u00e4 E-vitamiinia luonnollisessa muodossa (d-alfa-tokoferoli). Luonnollisella muodolla on korkea biologinen hy\u00f6tyosuus, ja se on muoto, jota elimist\u00f6 suosii ja hy\u00f6dynt\u00e4\u00e4 tehokkaasti.<\/p>\n<p data-start=\"334\" data-end=\"500\">Jokainen kapseli sis\u00e4lt\u00e4\u00e4 400 IU:ta, mik\u00e4 vastaa 268 mg luonnollista E-vitamiinia, \u00f6ljypohjaisessa kapselissa, joka tukee t\u00e4m\u00e4n rasvaliukoisen vitamiinin imeytymist\u00e4.<\/p>\n<p data-start=\"502\" data-end=\"538\"><strong>Suojaa soluja hapettumisstressilt\u00e4<\/strong><\/p>\n<p data-start=\"540\" data-end=\"554\">E-vitamiini:<\/p>\n<ul>\n<li data-start=\"556\" data-end=\"606\">edist\u00e4\u00e4 solujen suojaamista hapettumisstressilt\u00e4<\/li>\n<\/ul>\n<p data-start=\"608\" data-end=\"880\">E-vitamiini on t\u00e4rke\u00e4 antioksidantti, joka auttaa suojaamaan elimist\u00f6n soluja vapaiden radikaalien aiheuttamilta vaurioilta. Hapettumisstressi syntyy luonnollisesti elimist\u00f6ss\u00e4 ja voi lis\u00e4\u00e4nty\u00e4 esimerkiksi fyysisen kuormituksen, ymp\u00e4rist\u00f6tekij\u00f6iden tai ik\u00e4\u00e4ntymisen my\u00f6t\u00e4.<\/p>\n<p data-start=\"882\" data-end=\"922\"><strong>Luonnollinen muoto \u2013 d-alfa-tokoferoli<\/strong><\/p>\n<p data-start=\"924\" data-end=\"1096\">T\u00e4m\u00e4 tuote sis\u00e4lt\u00e4\u00e4 E-vitamiinia luonnollisessa muodossa (d-alfa-tokoferoli). Luonnollisella muodolla on korkea biologinen aktiivisuus ja se imeytyy tehokkaasti elimist\u00f6\u00f6n.<\/p>\n<p data-start=\"1098\" data-end=\"1228\">E-vitamiini on rasvaliukoinen vitamiini ja toimitetaan siksi pehme\u00e4ss\u00e4 \u00f6ljypohjaisessa kapselissa optimaalista imeytymist\u00e4 varten.<\/p>\n<p data-start=\"1230\" data-end=\"1263\"><strong>Kenelle Vitamin E 400 IU sopii?<\/strong><\/p>\n<p data-start=\"1265\" data-end=\"1304\">Tuote voi olla erityisen hy\u00f6dyllinen:<\/p>\n<ul>\n<li data-start=\"1306\" data-end=\"1370\">henkil\u00f6ille, jotka haluavat t\u00e4ydent\u00e4\u00e4 antioksidanttien saantia<\/li>\n<li data-start=\"1306\" data-end=\"1370\">henkil\u00f6ille, jotka altistuvat hapettumisstressille<\/li>\n<li data-start=\"1306\" data-end=\"1370\">sinulle, joka haluat varmistaa korkeamman p\u00e4ivitt\u00e4isen E-vitamiinin saannin<\/li>\n<li data-start=\"1306\" data-end=\"1370\">henkil\u00f6ille, jotka haluavat tukea elimist\u00f6n solusuojaa<\/li>\n<\/ul>\n<p data-start=\"1563\" data-end=\"1584\"><strong>Laatua Lambertsilta<\/strong><\/p>\n<p data-start=\"1586\" data-end=\"1827\">Lamberts tunnetaan korkeista laatustandardeistaan ja huolellisesti valituista raaka-aineistaan. Natural Form Vitamin E 400 IU valmistetaan tiukkojen laatuvaatimusten mukaisesti puhtauden, stabiilisuuden ja oikean annostuksen varmistamiseksi.<\/p>\n<p data-start=\"1829\" data-end=\"1931\" data-is-last-node=\"\" data-is-only-node=\"\">Kapselit ovat helppoja niell\u00e4 ja soveltuvat p\u00e4ivitt\u00e4iseen k\u00e4ytt\u00f6\u00f6n suositellun annostuksen mukaisesti.<\/p>\n","protected":false},"excerpt":{"rendered":"<p data-start=\"0\" data-end=\"232\">Natural Form Vitamin E 400 IU (268 mg) Lambertsilta on vahva-annoksinen luonnollisen E-vitamiinin ravintolis\u00e4, joka edist\u00e4\u00e4 solujen suojaamista hapettumisstressilt\u00e4 \u2013 hyvin imeytyv\u00e4ss\u00e4 ja huolellisesti suunnitellussa koostumuksessa.<\/p>\n<p data-start=\"234\" data-end=\"334\">Lamberts Vitamin E 400 IU on korkealaatuinen ravintolis\u00e4 luonnollisessa d-alfa-tokoferolin muodossa.<\/p>\n<p data-start=\"336\" data-end=\"353\" data-is-last-node=\"\" data-is-only-node=\"\"><strong>60 \/ 180 kapselia<\/strong><\/p>\n","protected":false},"featured_media":10718,"comment_status":"closed","ping_status":"closed","template":"","meta":{"_acf_changed":false,"inline_featured_image":false,"_kad_blocks_custom_css":"","_kad_blocks_head_custom_js":"","_kad_blocks_body_custom_js":"","_kad_blocks_footer_custom_js":"","_kadence_starter_templates_imported_post":false,"_kad_post_transparent":"default","_kad_post_title":"","_kad_post_layout":"default","_kad_post_sidebar_id":"","_kad_post_content_style":"default","_kad_post_vertical_padding":"default","_kad_post_feature":"","_kad_post_feature_position":"","_kad_post_header":false,"_kad_post_footer":false},"product_brand":[],"product_cat":[96,5962,2444],"product_tag":[4662,3484,412,3464,4663,4667,4402,3580,3385,444,4666,4532,476,4664,1495,4665,4534,4419,2960],"class_list":{"0":"post-10727","1":"product","2":"type-product","3":"status-publish","4":"has-post-thumbnail","6":"product_cat-vitaminer-fi","7":"product_cat-e-vitamin-fi","8":"product_cat-lamberts-fi","9":"product_tag-400-iu-fi","10":"product_tag-anti-aging-fi","11":"product_tag-antioksidantti","12":"product_tag-cellskydd-fi","13":"product_tag-d-alfa-tokoferoli","14":"product_tag-gelatiiniton","15":"product_tag-gmp-standardi","16":"product_tag-hog-biotillganglighet-fi","17":"product_tag-hudhalsa-fi","18":"product_tag-immuunijarjestelma","19":"product_tag-kasviskapseli","20":"product_tag-lamberts-fi","21":"product_tag-lisaravinne","22":"product_tag-luonnollinen-muoto","23":"product_tag-oksidatiivista-stressia","24":"product_tag-rasvaliukoinen-vitamiini","25":"product_tag-reviva-fi-fi","26":"product_tag-sydanterveytta","27":"product_tag-vitamiini-e","29":"first","30":"instock","31":"taxable","32":"shipping-taxable","33":"purchasable","34":"product-type-variable","35":"entry","36":"content-bg","37":"loop-entry"},"acf":[],"yoast_head":"<!-- This site is optimized with the Yoast SEO plugin v25.8 - https:\/\/yoast.com\/wordpress\/plugins\/seo\/ -->\n<title>E-vitamiini 400IU (268 mg)- Lamberts - Reviva<\/title>\n<meta name=\"description\" content=\"Luonnollinen E-Vitamiini - Lamberts E-vitamiini suojaa kehoa niin kutsutuilta &quot;vapailta radikaaleilta&quot; toimiessaan antioksidanttina.\" \/>\n<meta name=\"robots\" content=\"index, follow, max-snippet:-1, max-image-preview:large, max-video-preview:-1\" \/>\n<link rel=\"canonical\" href=\"https:\/\/reviva.fi\/fi\/tuote\/luontainen-e-vitamiini-lamberts\/\" \/>\n<meta property=\"og:locale\" content=\"fi_FI\" \/>\n<meta property=\"og:type\" content=\"article\" \/>\n<meta property=\"og:title\" content=\"E-vitamiini 400IU (268 mg)- Lamberts - Reviva\" \/>\n<meta property=\"og:description\" content=\"Luonnollinen E-Vitamiini - Lamberts E-vitamiini suojaa kehoa niin kutsutuilta &quot;vapailta radikaaleilta&quot; toimiessaan antioksidanttina.\" \/>\n<meta property=\"og:url\" content=\"https:\/\/reviva.fi\/fi\/tuote\/luontainen-e-vitamiini-lamberts\/\" \/>\n<meta property=\"og:site_name\" content=\"Reviva\" \/>\n<meta property=\"article:modified_time\" content=\"2026-02-16T11:22:57+00:00\" \/>\n<meta property=\"og:image\" content=\"https:\/\/reviva.fi\/wp-content\/uploads\/2025\/01\/8708-60-Vitamin-E-400iu.jpg\" \/>\n\t<meta property=\"og:image:width\" content=\"780\" \/>\n\t<meta property=\"og:image:height\" content=\"780\" \/>\n\t<meta property=\"og:image:type\" content=\"image\/jpeg\" \/>\n<meta name=\"twitter:card\" content=\"summary_large_image\" \/>\n<script type=\"application\/ld+json\" class=\"yoast-schema-graph\">{\"@context\":\"https:\/\/schema.org\",\"@graph\":[{\"@type\":\"WebPage\",\"@id\":\"https:\/\/reviva.fi\/fi\/tuote\/luontainen-e-vitamiini-lamberts\/\",\"url\":\"https:\/\/reviva.fi\/fi\/tuote\/luontainen-e-vitamiini-lamberts\/\",\"name\":\"E-vitamiini 400IU (268 mg)- Lamberts - Reviva\",\"isPartOf\":{\"@id\":\"https:\/\/reviva.fi\/fi\/#website\"},\"primaryImageOfPage\":{\"@id\":\"https:\/\/reviva.fi\/fi\/tuote\/luontainen-e-vitamiini-lamberts\/#primaryimage\"},\"image\":{\"@id\":\"https:\/\/reviva.fi\/fi\/tuote\/luontainen-e-vitamiini-lamberts\/#primaryimage\"},\"thumbnailUrl\":\"https:\/\/reviva.fi\/wp-content\/uploads\/2025\/01\/8708-60-Vitamin-E-400iu.jpg\",\"datePublished\":\"2025-01-28T11:59:24+00:00\",\"dateModified\":\"2026-02-16T11:22:57+00:00\",\"description\":\"Luonnollinen E-Vitamiini - Lamberts E-vitamiini suojaa kehoa niin kutsutuilta \\\"vapailta radikaaleilta\\\" toimiessaan antioksidanttina.\",\"breadcrumb\":{\"@id\":\"https:\/\/reviva.fi\/fi\/tuote\/luontainen-e-vitamiini-lamberts\/#breadcrumb\"},\"inLanguage\":\"fi\",\"potentialAction\":[{\"@type\":\"ReadAction\",\"target\":[\"https:\/\/reviva.fi\/fi\/tuote\/luontainen-e-vitamiini-lamberts\/\"]}]},{\"@type\":\"ImageObject\",\"inLanguage\":\"fi\",\"@id\":\"https:\/\/reviva.fi\/fi\/tuote\/luontainen-e-vitamiini-lamberts\/#primaryimage\",\"url\":\"https:\/\/reviva.fi\/wp-content\/uploads\/2025\/01\/8708-60-Vitamin-E-400iu.jpg\",\"contentUrl\":\"https:\/\/reviva.fi\/wp-content\/uploads\/2025\/01\/8708-60-Vitamin-E-400iu.jpg\",\"width\":780,\"height\":780,\"caption\":\"Luonnollinen E-Vitamiini - Lamberts\"},{\"@type\":\"BreadcrumbList\",\"@id\":\"https:\/\/reviva.fi\/fi\/tuote\/luontainen-e-vitamiini-lamberts\/#breadcrumb\",\"itemListElement\":[{\"@type\":\"ListItem\",\"position\":1,\"name\":\"Etusivu\",\"item\":\"https:\/\/reviva.fi\/fi\/\"},{\"@type\":\"ListItem\",\"position\":2,\"name\":\"Tuotteet\",\"item\":\"https:\/\/reviva.fi\/produkter\/\"},{\"@type\":\"ListItem\",\"position\":3,\"name\":\"E-vitamiini 400IU (268 mg)- Lamberts\"}]},{\"@type\":\"WebSite\",\"@id\":\"https:\/\/reviva.fi\/fi\/#website\",\"url\":\"https:\/\/reviva.fi\/fi\/\",\"name\":\"Reviva\",\"description\":\"\",\"publisher\":{\"@id\":\"https:\/\/reviva.fi\/fi\/#organization\"},\"potentialAction\":[{\"@type\":\"SearchAction\",\"target\":{\"@type\":\"EntryPoint\",\"urlTemplate\":\"https:\/\/reviva.fi\/fi\/?s={search_term_string}\"},\"query-input\":{\"@type\":\"PropertyValueSpecification\",\"valueRequired\":true,\"valueName\":\"search_term_string\"}}],\"inLanguage\":\"fi\"},{\"@type\":\"Organization\",\"@id\":\"https:\/\/reviva.fi\/fi\/#organization\",\"name\":\"Reviva\",\"url\":\"https:\/\/reviva.fi\/fi\/\",\"logo\":{\"@type\":\"ImageObject\",\"inLanguage\":\"fi\",\"@id\":\"https:\/\/reviva.fi\/fi\/#\/schema\/logo\/image\/\",\"url\":\"https:\/\/reviva.fi\/wp-content\/uploads\/2023\/10\/reviva-logo2.svg\",\"contentUrl\":\"https:\/\/reviva.fi\/wp-content\/uploads\/2023\/10\/reviva-logo2.svg\",\"caption\":\"Reviva\"},\"image\":{\"@id\":\"https:\/\/reviva.fi\/fi\/#\/schema\/logo\/image\/\"}}]}<\/script>\n<meta property=\"og:availability\" content=\"instock\" \/>\n<meta property=\"product:availability\" content=\"instock\" \/>\n<meta property=\"product:retailer_item_id\" content=\"8708-60\" \/>\n<meta property=\"product:condition\" content=\"new\" \/>\n<!-- \/ Yoast SEO plugin. -->","yoast_head_json":{"title":"E-vitamiini 400IU (268 mg)- Lamberts - Reviva","description":"Luonnollinen E-Vitamiini - Lamberts E-vitamiini suojaa kehoa niin kutsutuilta \"vapailta radikaaleilta\" toimiessaan antioksidanttina.","robots":{"index":"index","follow":"follow","max-snippet":"max-snippet:-1","max-image-preview":"max-image-preview:large","max-video-preview":"max-video-preview:-1"},"canonical":"https:\/\/reviva.fi\/fi\/tuote\/luontainen-e-vitamiini-lamberts\/","og_locale":"fi_FI","og_type":"article","og_title":"E-vitamiini 400IU (268 mg)- Lamberts - Reviva","og_description":"Luonnollinen E-Vitamiini - Lamberts E-vitamiini suojaa kehoa niin kutsutuilta \"vapailta radikaaleilta\" toimiessaan antioksidanttina.","og_url":"https:\/\/reviva.fi\/fi\/tuote\/luontainen-e-vitamiini-lamberts\/","og_site_name":"Reviva","article_modified_time":"2026-02-16T11:22:57+00:00","og_image":[{"width":780,"height":780,"url":"https:\/\/reviva.fi\/wp-content\/uploads\/2025\/01\/8708-60-Vitamin-E-400iu.jpg","type":"image\/jpeg"}],"twitter_card":"summary_large_image","schema":{"@context":"https:\/\/schema.org","@graph":[{"@type":"WebPage","@id":"https:\/\/reviva.fi\/fi\/tuote\/luontainen-e-vitamiini-lamberts\/","url":"https:\/\/reviva.fi\/fi\/tuote\/luontainen-e-vitamiini-lamberts\/","name":"E-vitamiini 400IU (268 mg)- Lamberts - Reviva","isPartOf":{"@id":"https:\/\/reviva.fi\/fi\/#website"},"primaryImageOfPage":{"@id":"https:\/\/reviva.fi\/fi\/tuote\/luontainen-e-vitamiini-lamberts\/#primaryimage"},"image":{"@id":"https:\/\/reviva.fi\/fi\/tuote\/luontainen-e-vitamiini-lamberts\/#primaryimage"},"thumbnailUrl":"https:\/\/reviva.fi\/wp-content\/uploads\/2025\/01\/8708-60-Vitamin-E-400iu.jpg","datePublished":"2025-01-28T11:59:24+00:00","dateModified":"2026-02-16T11:22:57+00:00","description":"Luonnollinen E-Vitamiini - Lamberts E-vitamiini suojaa kehoa niin kutsutuilta \"vapailta radikaaleilta\" toimiessaan antioksidanttina.","breadcrumb":{"@id":"https:\/\/reviva.fi\/fi\/tuote\/luontainen-e-vitamiini-lamberts\/#breadcrumb"},"inLanguage":"fi","potentialAction":[{"@type":"ReadAction","target":["https:\/\/reviva.fi\/fi\/tuote\/luontainen-e-vitamiini-lamberts\/"]}]},{"@type":"ImageObject","inLanguage":"fi","@id":"https:\/\/reviva.fi\/fi\/tuote\/luontainen-e-vitamiini-lamberts\/#primaryimage","url":"https:\/\/reviva.fi\/wp-content\/uploads\/2025\/01\/8708-60-Vitamin-E-400iu.jpg","contentUrl":"https:\/\/reviva.fi\/wp-content\/uploads\/2025\/01\/8708-60-Vitamin-E-400iu.jpg","width":780,"height":780,"caption":"Luonnollinen E-Vitamiini - Lamberts"},{"@type":"BreadcrumbList","@id":"https:\/\/reviva.fi\/fi\/tuote\/luontainen-e-vitamiini-lamberts\/#breadcrumb","itemListElement":[{"@type":"ListItem","position":1,"name":"Etusivu","item":"https:\/\/reviva.fi\/fi\/"},{"@type":"ListItem","position":2,"name":"Tuotteet","item":"https:\/\/reviva.fi\/produkter\/"},{"@type":"ListItem","position":3,"name":"E-vitamiini 400IU (268 mg)- Lamberts"}]},{"@type":"WebSite","@id":"https:\/\/reviva.fi\/fi\/#website","url":"https:\/\/reviva.fi\/fi\/","name":"Reviva","description":"","publisher":{"@id":"https:\/\/reviva.fi\/fi\/#organization"},"potentialAction":[{"@type":"SearchAction","target":{"@type":"EntryPoint","urlTemplate":"https:\/\/reviva.fi\/fi\/?s={search_term_string}"},"query-input":{"@type":"PropertyValueSpecification","valueRequired":true,"valueName":"search_term_string"}}],"inLanguage":"fi"},{"@type":"Organization","@id":"https:\/\/reviva.fi\/fi\/#organization","name":"Reviva","url":"https:\/\/reviva.fi\/fi\/","logo":{"@type":"ImageObject","inLanguage":"fi","@id":"https:\/\/reviva.fi\/fi\/#\/schema\/logo\/image\/","url":"https:\/\/reviva.fi\/wp-content\/uploads\/2023\/10\/reviva-logo2.svg","contentUrl":"https:\/\/reviva.fi\/wp-content\/uploads\/2023\/10\/reviva-logo2.svg","caption":"Reviva"},"image":{"@id":"https:\/\/reviva.fi\/fi\/#\/schema\/logo\/image\/"}}]},"og_availability":"instock","product_availability":"instock","product_retailer_item_id":"8708-60","product_condition":"new"},"taxonomy_info":{"product_cat":[{"value":96,"label":"Vitamiinit"},{"value":5962,"label":"E-vitamiini"},{"value":2444,"label":"Lamberts"}],"product_tag":[{"value":4662,"label":"400 IU"},{"value":3484,"label":"Anti-aging"},{"value":412,"label":"antioksidantti"},{"value":3464,"label":"Cellskydd"},{"value":4663,"label":"d-alfa-tokoferoli"},{"value":4667,"label":"gelatiiniton"},{"value":4402,"label":"GMP standardi"},{"value":3580,"label":"H\u00f6g biotillg\u00e4nglighet"},{"value":3385,"label":"Hudh\u00e4lsa"},{"value":444,"label":"immuunij\u00e4rjestelm\u00e4"},{"value":4666,"label":"kasviskapseli"},{"value":4532,"label":"Lamberts"},{"value":476,"label":"lis\u00e4ravinne"},{"value":4664,"label":"luonnollinen muoto"},{"value":1495,"label":"oksidatiivista stressi\u00e4"},{"value":4665,"label":"rasvaliukoinen vitamiini"},{"value":4534,"label":"Reviva.fi"},{"value":4419,"label":"Syd\u00e4nterveytt\u00e4"},{"value":2960,"label":"Vitamiini E"}]},"featured_image_src_large":["https:\/\/reviva.fi\/wp-content\/uploads\/2025\/01\/8708-60-Vitamin-E-400iu.jpg",780,780,false],"author_info":[],"comment_info":0,"_links":{"self":[{"href":"https:\/\/reviva.fi\/fi\/wp-json\/wp\/v2\/product\/10727","targetHints":{"allow":["GET"]}}],"collection":[{"href":"https:\/\/reviva.fi\/fi\/wp-json\/wp\/v2\/product"}],"about":[{"href":"https:\/\/reviva.fi\/fi\/wp-json\/wp\/v2\/types\/product"}],"replies":[{"embeddable":true,"href":"https:\/\/reviva.fi\/fi\/wp-json\/wp\/v2\/comments?post=10727"}],"wp:featuredmedia":[{"embeddable":true,"href":"https:\/\/reviva.fi\/fi\/wp-json\/wp\/v2\/media\/10718"}],"wp:attachment":[{"href":"https:\/\/reviva.fi\/fi\/wp-json\/wp\/v2\/media?parent=10727"}],"wp:term":[{"taxonomy":"product_brand","embeddable":true,"href":"https:\/\/reviva.fi\/fi\/wp-json\/wp\/v2\/product_brand?post=10727"},{"taxonomy":"product_cat","embeddable":true,"href":"https:\/\/reviva.fi\/fi\/wp-json\/wp\/v2\/product_cat?post=10727"},{"taxonomy":"product_tag","embeddable":true,"href":"https:\/\/reviva.fi\/fi\/wp-json\/wp\/v2\/product_tag?post=10727"}],"curies":[{"name":"wp","href":"https:\/\/api.w.org\/{rel}","templated":true}]}}