{"id":10747,"date":"2025-01-28T14:58:32","date_gmt":"2025-01-28T12:58:32","guid":{"rendered":"https:\/\/reviva.fi\/product\/l-lysin-hydroklorid-1000mg\/"},"modified":"2026-02-20T13:19:28","modified_gmt":"2026-02-20T11:19:28","slug":"l-lysiini-hydrokloridi-lamberts","status":"publish","type":"product","link":"https:\/\/reviva.fi\/fi\/tuote\/l-lysiini-hydrokloridi-lamberts\/","title":{"rendered":"L-lysiini HCl 1000 mg &#8211; Lamberts"},"content":{"rendered":"<p data-start=\"0\" data-end=\"35\"><strong data-start=\"0\" data-end=\"35\">Pure Grade L-Lysine HCl 1000 mg<\/strong><\/p>\n<p data-start=\"37\" data-end=\"71\"><strong data-start=\"37\" data-end=\"71\">Free Form \u2013 Helppo imeytyminen<\/strong><\/p>\n<div data-start=\"73\" data-end=\"137\"><strong>Vahva L-lysiini vapaassa muodossa optimaaliseen imeytymiseen<\/strong><\/div>\n<p data-start=\"139\" data-end=\"451\">Lamberts Pure Grade L-Lysine HCl 1000 mg on korkealaatuinen ravintolis\u00e4, joka sis\u00e4lt\u00e4\u00e4 L-lysiini\u00e4 vapaassa muodossa (free form). T\u00e4m\u00e4 tarkoittaa, ett\u00e4 aminohappo ei ole sitoutunut proteiiniin ja on siten valmis imeytym\u00e4\u00e4n suoraan elimist\u00f6\u00f6n ilman, ett\u00e4 sit\u00e4 tarvitsee ensin pilkkoa ruoansulatusentsyymien avulla.<\/p>\n<p data-start=\"453\" data-end=\"602\">Jokainen tabletti sis\u00e4lt\u00e4\u00e4 1000 mg L-lysiinihydrokloridia (HCl), joka on vakaa ja hyvin imeytyv\u00e4 muoto ja jota k\u00e4ytet\u00e4\u00e4n laadukkaissa ravintolisiss\u00e4.<\/p>\n<div data-start=\"609\" data-end=\"631\"><strong>Mit\u00e4 L-lysiini on?<\/strong><\/div>\n<p data-start=\"633\" data-end=\"760\">L-lysiini on v\u00e4ltt\u00e4m\u00e4t\u00f6n aminohappo, mik\u00e4 tarkoittaa, ett\u00e4 elimist\u00f6 ei pysty tuottamaan sit\u00e4 itse ja tarvitsee sit\u00e4 ravinnosta.<\/p>\n<p data-start=\"762\" data-end=\"918\">Aminohapot ovat proteiinien rakennuspalikoita ja ovat v\u00e4ltt\u00e4m\u00e4tt\u00f6mi\u00e4 elimist\u00f6n rakenteelle, kudosten muodostumiselle sek\u00e4 monille biologisille prosesseille.<\/p>\n<p data-start=\"920\" data-end=\"1021\">Koska lysiini on v\u00e4ltt\u00e4m\u00e4t\u00f6n aminohappo, riitt\u00e4v\u00e4 saanti on t\u00e4rke\u00e4\u00e4 osana tasapainoista ruokavaliota.<\/p>\n<div data-start=\"1028\" data-end=\"1072\"><strong>Free Form \u2013 nopea ja tehokas imeytyminen<\/strong><\/div>\n<p data-start=\"1074\" data-end=\"1103\">Vapaa muoto tarkoittaa, ett\u00e4:<\/p>\n<ul data-start=\"1105\" data-end=\"1234\">\n<li data-start=\"1105\" data-end=\"1149\">\n<p data-start=\"1107\" data-end=\"1149\">aminohappo ei ole sitoutunut proteiiniin<\/p>\n<\/li>\n<li data-start=\"1150\" data-end=\"1196\">\n<p data-start=\"1152\" data-end=\"1196\">sit\u00e4 ei tarvitse pilkkoa ruoansulatuksessa<\/p>\n<\/li>\n<li data-start=\"1197\" data-end=\"1234\">\n<p data-start=\"1199\" data-end=\"1234\">elimist\u00f6 voi imeytt\u00e4\u00e4 sen suoraan<\/p>\n<\/li>\n<\/ul>\n<p data-start=\"1236\" data-end=\"1360\">T\u00e4m\u00e4 tekee tuotteesta erityisen arvostetun niiden keskuudessa, jotka haluavat puhtaan ja helposti imeytyv\u00e4n aminohappolis\u00e4n.<\/p>\n<div data-start=\"1367\" data-end=\"1408\"><strong>Vahva annostus \u2013 1000 mg per tabletti<\/strong><\/div>\n<p data-start=\"1410\" data-end=\"1529\">Jokainen tabletti sis\u00e4lt\u00e4\u00e4 1000 mg L-lysiini HCl:\u00e4\u00e4, mik\u00e4 tarjoaa tehokkaan annoksen k\u00e4yt\u00e4nn\u00f6llisess\u00e4 tablettimuodossa.<\/p>\n<p data-start=\"1531\" data-end=\"1710\">Korkea vahvuus mahdollistaa p\u00e4ivitt\u00e4isen saannin t\u00e4ydent\u00e4misen ilman useiden kapseleiden ottamista. Tuote on tarkoitettu p\u00e4ivitt\u00e4iseen k\u00e4ytt\u00f6\u00f6n suositellun annostuksen mukaisesti.<\/p>\n<div data-start=\"1717\" data-end=\"1755\"><strong>Kenelle Pure Grade L-Lysine sopii?<\/strong><\/div>\n<p data-start=\"1757\" data-end=\"1789\">Tuote voi olla erityisen sopiva:<\/p>\n<ul data-start=\"1791\" data-end=\"2047\">\n<li data-start=\"1791\" data-end=\"1870\">\n<p data-start=\"1793\" data-end=\"1870\">henkil\u00f6ille, jotka haluavat t\u00e4ydent\u00e4\u00e4 v\u00e4ltt\u00e4m\u00e4tt\u00f6mien aminohappojen saantia<\/p>\n<\/li>\n<li data-start=\"1871\" data-end=\"1919\">\n<p data-start=\"1873\" data-end=\"1919\">henkil\u00f6ille, joilla on aktiivinen el\u00e4m\u00e4ntapa<\/p>\n<\/li>\n<li data-start=\"1920\" data-end=\"1955\">\n<p data-start=\"1922\" data-end=\"1955\">s\u00e4\u00e4nn\u00f6llisesti harjoitteleville<\/p>\n<\/li>\n<li data-start=\"1956\" data-end=\"1989\">\n<p data-start=\"1958\" data-end=\"1989\">kasvissy\u00f6jille ja vegaaneille<\/p>\n<\/li>\n<li data-start=\"1990\" data-end=\"2047\">\n<p data-start=\"1992\" data-end=\"2047\">henkil\u00f6ille, jotka suosivat tabletteja jauheen sijaan<\/p>\n<\/li>\n<\/ul>\n<div data-start=\"2054\" data-end=\"2083\"><strong>Puhdas ja korkealaatuinen<\/strong><\/div>\n<p data-start=\"2085\" data-end=\"2358\">Lamberts tunnetaan korkeista laatustandardeistaan ja huolellisesti valvotuista raaka-aineistaan. Pure Grade L-Lysine HCl 1000 mg valmistetaan tiukkojen GMP-standardien (Good Manufacturing Practice) mukaisesti oikean annostuksen, stabiilisuuden ja puhtauden varmistamiseksi.<\/p>\n<p data-start=\"2360\" data-end=\"2369\">Tuote on:<\/p>\n<ul data-start=\"2371\" data-end=\"2499\" data-is-last-node=\"\" data-is-only-node=\"\">\n<li data-start=\"2371\" data-end=\"2408\">\n<p data-start=\"2373\" data-end=\"2408\">vapaa tarpeettomista lis\u00e4aineista<\/p>\n<\/li>\n<li data-start=\"2409\" data-end=\"2432\">\n<p data-start=\"2411\" data-end=\"2432\">tarkasti annosteltu<\/p>\n<\/li>\n<li data-start=\"2433\" data-end=\"2475\">\n<p data-start=\"2435\" data-end=\"2475\">kehitetty laatu ja turvallisuus edell\u00e4<\/p>\n<\/li>\n<li data-start=\"2476\" data-end=\"2499\" data-is-last-node=\"\">\n<p data-start=\"2478\" data-end=\"2499\" data-is-last-node=\"\">sopiva kasvissy\u00f6jille<\/p>\n<\/li>\n<\/ul>\n","protected":false},"excerpt":{"rendered":"<p data-start=\"0\" data-end=\"135\">Pure Grade L-Lysine HCl 1000 mg Lambertsilta on korkealaatuinen ravintolis\u00e4, joka sis\u00e4lt\u00e4\u00e4 v\u00e4ltt\u00e4m\u00e4t\u00f6nt\u00e4 aminohappoa vapaassa muodossa.<\/p>\n<p data-start=\"137\" data-end=\"150\" data-is-last-node=\"\" data-is-only-node=\"\"><strong>120 tablettia<\/strong><\/p>\n","protected":false},"featured_media":10733,"comment_status":"closed","ping_status":"closed","template":"","meta":{"_acf_changed":false,"inline_featured_image":false,"_kad_blocks_custom_css":"","_kad_blocks_head_custom_js":"","_kad_blocks_body_custom_js":"","_kad_blocks_footer_custom_js":"","_kadence_starter_templates_imported_post":false,"_kad_post_transparent":"default","_kad_post_title":"","_kad_post_layout":"default","_kad_post_sidebar_id":"","_kad_post_content_style":"default","_kad_post_vertical_padding":"default","_kad_post_feature":"","_kad_post_feature_position":"","_kad_post_header":false,"_kad_post_footer":false},"product_brand":[],"product_cat":[88,2444,2357,2350],"product_tag":[4647,4660,4402,3580,4659,3385,444,4657,4577,4466,4656,4465,476,4432,4649,4661,4658,4464,4403],"class_list":{"0":"post-10747","1":"product","2":"type-product","3":"status-publish","4":"has-post-thumbnail","6":"product_cat-aminosyror-fi","7":"product_cat-lamberts-fi","8":"product_cat-immunforsvar-fi","9":"product_cat-hud-och-skonhet-fi","10":"product_tag-1000-mg-fi","11":"product_tag-epavirallinen","12":"product_tag-gmp-standardi","13":"product_tag-hog-biotillganglighet-fi","14":"product_tag-herpestuki","15":"product_tag-hudhalsa-fi","16":"product_tag-immuunijarjestelma","17":"product_tag-kalsiumin-imeytyminen","18":"product_tag-kollageenin-tuotanto","19":"product_tag-kudosten-korjaus","20":"product_tag-l-lysiini","21":"product_tag-lihasten-palautuminen","22":"product_tag-lisaravinne","23":"product_tag-luuston-terveytta","24":"product_tag-ruokahalun-hallinta","25":"product_tag-stressin-vahentaminen","26":"product_tag-valttamaton-aminohappo","27":"product_tag-vapaa-muotoinen","28":"product_tag-vegaaniystavallinen","30":"first","31":"instock","32":"taxable","33":"shipping-taxable","34":"purchasable","35":"product-type-simple","36":"entry","37":"content-bg","38":"loop-entry"},"acf":[],"yoast_head":"<!-- This site is optimized with the Yoast SEO plugin v25.8 - https:\/\/yoast.com\/wordpress\/plugins\/seo\/ -->\n<title>L-lysiini HCl 1000 mg - Lamberts - Reviva<\/title>\n<meta name=\"description\" content=\"L-lysiinihydrokloridi - Lamberts yksi markkinoiden suurimmista annoksista. Vahvista immuunij\u00e4rjestelm\u00e4\u00e4si ja tue kollageenin tuotantoa.\" \/>\n<meta name=\"robots\" content=\"index, follow, max-snippet:-1, max-image-preview:large, max-video-preview:-1\" \/>\n<link rel=\"canonical\" href=\"https:\/\/reviva.fi\/fi\/tuote\/l-lysiini-hydrokloridi-lamberts\/\" \/>\n<meta property=\"og:locale\" content=\"fi_FI\" \/>\n<meta property=\"og:type\" content=\"article\" \/>\n<meta property=\"og:title\" content=\"L-lysiini HCl 1000 mg - Lamberts - Reviva\" \/>\n<meta property=\"og:description\" content=\"L-lysiinihydrokloridi - Lamberts yksi markkinoiden suurimmista annoksista. Vahvista immuunij\u00e4rjestelm\u00e4\u00e4si ja tue kollageenin tuotantoa.\" \/>\n<meta property=\"og:url\" content=\"https:\/\/reviva.fi\/fi\/tuote\/l-lysiini-hydrokloridi-lamberts\/\" \/>\n<meta property=\"og:site_name\" content=\"Reviva\" \/>\n<meta property=\"article:modified_time\" content=\"2026-02-20T11:19:28+00:00\" \/>\n<meta property=\"og:image\" content=\"https:\/\/reviva.fi\/wp-content\/uploads\/2025\/01\/8316-120-L-Lysine-HCl.jpg\" \/>\n\t<meta property=\"og:image:width\" content=\"780\" \/>\n\t<meta property=\"og:image:height\" content=\"780\" \/>\n\t<meta property=\"og:image:type\" content=\"image\/jpeg\" \/>\n<meta name=\"twitter:card\" content=\"summary_large_image\" \/>\n<script type=\"application\/ld+json\" class=\"yoast-schema-graph\">{\"@context\":\"https:\/\/schema.org\",\"@graph\":[{\"@type\":\"WebPage\",\"@id\":\"https:\/\/reviva.fi\/fi\/tuote\/l-lysiini-hydrokloridi-lamberts\/\",\"url\":\"https:\/\/reviva.fi\/fi\/tuote\/l-lysiini-hydrokloridi-lamberts\/\",\"name\":\"L-lysiini HCl 1000 mg - Lamberts - Reviva\",\"isPartOf\":{\"@id\":\"https:\/\/reviva.fi\/fi\/#website\"},\"primaryImageOfPage\":{\"@id\":\"https:\/\/reviva.fi\/fi\/tuote\/l-lysiini-hydrokloridi-lamberts\/#primaryimage\"},\"image\":{\"@id\":\"https:\/\/reviva.fi\/fi\/tuote\/l-lysiini-hydrokloridi-lamberts\/#primaryimage\"},\"thumbnailUrl\":\"https:\/\/reviva.fi\/wp-content\/uploads\/2025\/01\/8316-120-L-Lysine-HCl.jpg\",\"datePublished\":\"2025-01-28T12:58:32+00:00\",\"dateModified\":\"2026-02-20T11:19:28+00:00\",\"description\":\"L-lysiinihydrokloridi - Lamberts yksi markkinoiden suurimmista annoksista. Vahvista immuunij\u00e4rjestelm\u00e4\u00e4si ja tue kollageenin tuotantoa.\",\"breadcrumb\":{\"@id\":\"https:\/\/reviva.fi\/fi\/tuote\/l-lysiini-hydrokloridi-lamberts\/#breadcrumb\"},\"inLanguage\":\"fi\",\"potentialAction\":[{\"@type\":\"ReadAction\",\"target\":[\"https:\/\/reviva.fi\/fi\/tuote\/l-lysiini-hydrokloridi-lamberts\/\"]}]},{\"@type\":\"ImageObject\",\"inLanguage\":\"fi\",\"@id\":\"https:\/\/reviva.fi\/fi\/tuote\/l-lysiini-hydrokloridi-lamberts\/#primaryimage\",\"url\":\"https:\/\/reviva.fi\/wp-content\/uploads\/2025\/01\/8316-120-L-Lysine-HCl.jpg\",\"contentUrl\":\"https:\/\/reviva.fi\/wp-content\/uploads\/2025\/01\/8316-120-L-Lysine-HCl.jpg\",\"width\":780,\"height\":780,\"caption\":\"L-lysiini hydrokloridi - Lamberts\"},{\"@type\":\"BreadcrumbList\",\"@id\":\"https:\/\/reviva.fi\/fi\/tuote\/l-lysiini-hydrokloridi-lamberts\/#breadcrumb\",\"itemListElement\":[{\"@type\":\"ListItem\",\"position\":1,\"name\":\"Etusivu\",\"item\":\"https:\/\/reviva.fi\/fi\/\"},{\"@type\":\"ListItem\",\"position\":2,\"name\":\"Tuotteet\",\"item\":\"https:\/\/reviva.fi\/produkter\/\"},{\"@type\":\"ListItem\",\"position\":3,\"name\":\"L-lysiini HCl 1000 mg &#8211; Lamberts\"}]},{\"@type\":\"WebSite\",\"@id\":\"https:\/\/reviva.fi\/fi\/#website\",\"url\":\"https:\/\/reviva.fi\/fi\/\",\"name\":\"Reviva\",\"description\":\"\",\"publisher\":{\"@id\":\"https:\/\/reviva.fi\/fi\/#organization\"},\"potentialAction\":[{\"@type\":\"SearchAction\",\"target\":{\"@type\":\"EntryPoint\",\"urlTemplate\":\"https:\/\/reviva.fi\/fi\/?s={search_term_string}\"},\"query-input\":{\"@type\":\"PropertyValueSpecification\",\"valueRequired\":true,\"valueName\":\"search_term_string\"}}],\"inLanguage\":\"fi\"},{\"@type\":\"Organization\",\"@id\":\"https:\/\/reviva.fi\/fi\/#organization\",\"name\":\"Reviva\",\"url\":\"https:\/\/reviva.fi\/fi\/\",\"logo\":{\"@type\":\"ImageObject\",\"inLanguage\":\"fi\",\"@id\":\"https:\/\/reviva.fi\/fi\/#\/schema\/logo\/image\/\",\"url\":\"https:\/\/reviva.fi\/wp-content\/uploads\/2023\/10\/reviva-logo2.svg\",\"contentUrl\":\"https:\/\/reviva.fi\/wp-content\/uploads\/2023\/10\/reviva-logo2.svg\",\"caption\":\"Reviva\"},\"image\":{\"@id\":\"https:\/\/reviva.fi\/fi\/#\/schema\/logo\/image\/\"}}]}<\/script>\n<meta property=\"product:price:amount\" content=\"22.40\" \/>\n<meta property=\"product:price:currency\" content=\"EUR\" \/>\n<meta property=\"og:availability\" content=\"instock\" \/>\n<meta property=\"product:availability\" content=\"instock\" \/>\n<meta property=\"product:retailer_item_id\" content=\"8316-120\" \/>\n<meta property=\"product:condition\" content=\"new\" \/>\n<!-- \/ Yoast SEO plugin. -->","yoast_head_json":{"title":"L-lysiini HCl 1000 mg - Lamberts - Reviva","description":"L-lysiinihydrokloridi - Lamberts yksi markkinoiden suurimmista annoksista. Vahvista immuunij\u00e4rjestelm\u00e4\u00e4si ja tue kollageenin tuotantoa.","robots":{"index":"index","follow":"follow","max-snippet":"max-snippet:-1","max-image-preview":"max-image-preview:large","max-video-preview":"max-video-preview:-1"},"canonical":"https:\/\/reviva.fi\/fi\/tuote\/l-lysiini-hydrokloridi-lamberts\/","og_locale":"fi_FI","og_type":"article","og_title":"L-lysiini HCl 1000 mg - Lamberts - Reviva","og_description":"L-lysiinihydrokloridi - Lamberts yksi markkinoiden suurimmista annoksista. Vahvista immuunij\u00e4rjestelm\u00e4\u00e4si ja tue kollageenin tuotantoa.","og_url":"https:\/\/reviva.fi\/fi\/tuote\/l-lysiini-hydrokloridi-lamberts\/","og_site_name":"Reviva","article_modified_time":"2026-02-20T11:19:28+00:00","og_image":[{"width":780,"height":780,"url":"https:\/\/reviva.fi\/wp-content\/uploads\/2025\/01\/8316-120-L-Lysine-HCl.jpg","type":"image\/jpeg"}],"twitter_card":"summary_large_image","schema":{"@context":"https:\/\/schema.org","@graph":[{"@type":"WebPage","@id":"https:\/\/reviva.fi\/fi\/tuote\/l-lysiini-hydrokloridi-lamberts\/","url":"https:\/\/reviva.fi\/fi\/tuote\/l-lysiini-hydrokloridi-lamberts\/","name":"L-lysiini HCl 1000 mg - Lamberts - Reviva","isPartOf":{"@id":"https:\/\/reviva.fi\/fi\/#website"},"primaryImageOfPage":{"@id":"https:\/\/reviva.fi\/fi\/tuote\/l-lysiini-hydrokloridi-lamberts\/#primaryimage"},"image":{"@id":"https:\/\/reviva.fi\/fi\/tuote\/l-lysiini-hydrokloridi-lamberts\/#primaryimage"},"thumbnailUrl":"https:\/\/reviva.fi\/wp-content\/uploads\/2025\/01\/8316-120-L-Lysine-HCl.jpg","datePublished":"2025-01-28T12:58:32+00:00","dateModified":"2026-02-20T11:19:28+00:00","description":"L-lysiinihydrokloridi - Lamberts yksi markkinoiden suurimmista annoksista. Vahvista immuunij\u00e4rjestelm\u00e4\u00e4si ja tue kollageenin tuotantoa.","breadcrumb":{"@id":"https:\/\/reviva.fi\/fi\/tuote\/l-lysiini-hydrokloridi-lamberts\/#breadcrumb"},"inLanguage":"fi","potentialAction":[{"@type":"ReadAction","target":["https:\/\/reviva.fi\/fi\/tuote\/l-lysiini-hydrokloridi-lamberts\/"]}]},{"@type":"ImageObject","inLanguage":"fi","@id":"https:\/\/reviva.fi\/fi\/tuote\/l-lysiini-hydrokloridi-lamberts\/#primaryimage","url":"https:\/\/reviva.fi\/wp-content\/uploads\/2025\/01\/8316-120-L-Lysine-HCl.jpg","contentUrl":"https:\/\/reviva.fi\/wp-content\/uploads\/2025\/01\/8316-120-L-Lysine-HCl.jpg","width":780,"height":780,"caption":"L-lysiini hydrokloridi - Lamberts"},{"@type":"BreadcrumbList","@id":"https:\/\/reviva.fi\/fi\/tuote\/l-lysiini-hydrokloridi-lamberts\/#breadcrumb","itemListElement":[{"@type":"ListItem","position":1,"name":"Etusivu","item":"https:\/\/reviva.fi\/fi\/"},{"@type":"ListItem","position":2,"name":"Tuotteet","item":"https:\/\/reviva.fi\/produkter\/"},{"@type":"ListItem","position":3,"name":"L-lysiini HCl 1000 mg &#8211; Lamberts"}]},{"@type":"WebSite","@id":"https:\/\/reviva.fi\/fi\/#website","url":"https:\/\/reviva.fi\/fi\/","name":"Reviva","description":"","publisher":{"@id":"https:\/\/reviva.fi\/fi\/#organization"},"potentialAction":[{"@type":"SearchAction","target":{"@type":"EntryPoint","urlTemplate":"https:\/\/reviva.fi\/fi\/?s={search_term_string}"},"query-input":{"@type":"PropertyValueSpecification","valueRequired":true,"valueName":"search_term_string"}}],"inLanguage":"fi"},{"@type":"Organization","@id":"https:\/\/reviva.fi\/fi\/#organization","name":"Reviva","url":"https:\/\/reviva.fi\/fi\/","logo":{"@type":"ImageObject","inLanguage":"fi","@id":"https:\/\/reviva.fi\/fi\/#\/schema\/logo\/image\/","url":"https:\/\/reviva.fi\/wp-content\/uploads\/2023\/10\/reviva-logo2.svg","contentUrl":"https:\/\/reviva.fi\/wp-content\/uploads\/2023\/10\/reviva-logo2.svg","caption":"Reviva"},"image":{"@id":"https:\/\/reviva.fi\/fi\/#\/schema\/logo\/image\/"}}]},"product_price_amount":"22.40","product_price_currency":"EUR","og_availability":"instock","product_availability":"instock","product_retailer_item_id":"8316-120","product_condition":"new"},"taxonomy_info":{"product_cat":[{"value":88,"label":"Aminohapot"},{"value":2444,"label":"Lamberts"},{"value":2357,"label":"Immuunipuolustus"},{"value":2350,"label":"Iho &amp; Kauneus"}],"product_tag":[{"value":4647,"label":"1000 mg"},{"value":4660,"label":"ep\u00e4virallinen"},{"value":4402,"label":"GMP standardi"},{"value":3580,"label":"H\u00f6g biotillg\u00e4nglighet"},{"value":4659,"label":"herpestuki"},{"value":3385,"label":"Hudh\u00e4lsa"},{"value":444,"label":"immuunij\u00e4rjestelm\u00e4"},{"value":4657,"label":"kalsiumin imeytyminen"},{"value":4577,"label":"Kollageenin tuotanto"},{"value":4466,"label":"kudosten korjaus"},{"value":4656,"label":"L-Lysiini"},{"value":4465,"label":"lihasten palautuminen"},{"value":476,"label":"lis\u00e4ravinne"},{"value":4432,"label":"Luuston terveytt\u00e4"},{"value":4649,"label":"ruokahalun hallinta"},{"value":4661,"label":"stressin v\u00e4hent\u00e4minen"},{"value":4658,"label":"v\u00e4ltt\u00e4m\u00e4t\u00f6n aminohappo"},{"value":4464,"label":"Vapaa muotoinen"},{"value":4403,"label":"vegaaniyst\u00e4v\u00e4llinen"}]},"featured_image_src_large":["https:\/\/reviva.fi\/wp-content\/uploads\/2025\/01\/8316-120-L-Lysine-HCl.jpg",780,780,false],"author_info":[],"comment_info":0,"_links":{"self":[{"href":"https:\/\/reviva.fi\/fi\/wp-json\/wp\/v2\/product\/10747","targetHints":{"allow":["GET"]}}],"collection":[{"href":"https:\/\/reviva.fi\/fi\/wp-json\/wp\/v2\/product"}],"about":[{"href":"https:\/\/reviva.fi\/fi\/wp-json\/wp\/v2\/types\/product"}],"replies":[{"embeddable":true,"href":"https:\/\/reviva.fi\/fi\/wp-json\/wp\/v2\/comments?post=10747"}],"wp:featuredmedia":[{"embeddable":true,"href":"https:\/\/reviva.fi\/fi\/wp-json\/wp\/v2\/media\/10733"}],"wp:attachment":[{"href":"https:\/\/reviva.fi\/fi\/wp-json\/wp\/v2\/media?parent=10747"}],"wp:term":[{"taxonomy":"product_brand","embeddable":true,"href":"https:\/\/reviva.fi\/fi\/wp-json\/wp\/v2\/product_brand?post=10747"},{"taxonomy":"product_cat","embeddable":true,"href":"https:\/\/reviva.fi\/fi\/wp-json\/wp\/v2\/product_cat?post=10747"},{"taxonomy":"product_tag","embeddable":true,"href":"https:\/\/reviva.fi\/fi\/wp-json\/wp\/v2\/product_tag?post=10747"}],"curies":[{"name":"wp","href":"https:\/\/api.w.org\/{rel}","templated":true}]}}