{"id":10751,"date":"2025-01-28T15:09:28","date_gmt":"2025-01-28T13:09:28","guid":{"rendered":"https:\/\/reviva.fi\/product\/kronartskocka-7425-mg\/"},"modified":"2025-10-09T10:55:36","modified_gmt":"2025-10-09T07:55:36","slug":"kronartskocka-7425-mg","status":"publish","type":"product","link":"https:\/\/reviva.fi\/fi\/tuote\/kronartskocka-7425-mg\/","title":{"rendered":"Artisokka 7425 mg &#8211; Lamberts"},"content":{"rendered":"<p><strong>Artisokka 7425 mg &#8211; Lamberts\u00a0<\/strong><\/p>\n<p>Artisokka \u2013 perinteinen ja moderni ruoansulatustuki<\/p>\n<p>Artisokan k\u00e4ytt\u00f6 yrttin\u00e4 dokumentoitiin ensimm\u00e4isen kerran 400-luvulla eKr. Kasvi kuuluu Asteraceae-heimoon, samaan heimoon kuin maitoohdake. My\u00f6s maa-artisokana tunnettu kasvi tuottaa suuria violetteja ja vihreit\u00e4 kukkap\u00e4it\u00e4 ja eroaa maa-artisokkasta, joka on juurikasvi.<\/p>\n<p>Perinteisesti artisokkaa on k\u00e4ytetty lievitt\u00e4m\u00e4\u00e4n yl\u00e4vatsan tai alarintakeh\u00e4n ep\u00e4mukavuutta, jota jotkut ihmiset saattavat kokea sy\u00f6misen j\u00e4lkeen. Nykyaikainen tutkimus on laajentanut sen k\u00e4ytt\u00f6tarkoituksia kattamaan tukemaan ihmisi\u00e4, joilla on h\u00e4iriintynyt suolistoterveys ja niille, joilla on vaikeuksia sulattaa rasvaa.<\/p>\n<p>Artisokkasvin lehdet sis\u00e4lt\u00e4v\u00e4t aktiivisia yhdisteit\u00e4, joista t\u00e4rkein on kynarin. Lamberts\u00ae Artichoke on suuriannoksinen artisokkauute, joka on standardoitu 5 %:n synariiniksi, mik\u00e4 tarjoaa asianmukaisen 16 mg:n synariinin tablettia kohden.<\/p>\n<p>Luonnollinen ja tehokas valinta ruuansulatuksen ja yleisen hyvinvoinnin tukemiseen.<\/p>\n","protected":false},"excerpt":{"rendered":"<p>Lamberts Ibisene on artisokkauute-ravintolis\u00e4.<\/p>\n<p>Jokainen artisokkatabletti sis\u00e4lt\u00e4\u00e4 tiivistetty\u00e4 artisokanlehtiuutetta, joka vastaa 7425 mg kuivattua yrtti\u00e4.<br \/>\nTaattu kynariinin taso, yhdisteell\u00e4 uskotaan olevan erityisi\u00e4 ominaisuuksia.<br \/>\nArtisokan k\u00e4ytt\u00f6 yrttin\u00e4 dokumentoitiin ensimm\u00e4isen kerran 400-luvulla eKr.<br \/>\nArtisokkaa suositellaan joskus ihmisille, joilla on vaikeuksia sulattaa suuria tai eritt\u00e4in rasvaisia \u200b\u200baterioita.<\/p>\n<p><strong>180 tablettia\u00a0<\/strong><\/p>\n","protected":false},"featured_media":10737,"comment_status":"closed","ping_status":"closed","template":"","meta":{"_acf_changed":false,"inline_featured_image":false,"_kad_blocks_custom_css":"","_kad_blocks_head_custom_js":"","_kad_blocks_body_custom_js":"","_kad_blocks_footer_custom_js":"","_kadence_starter_templates_imported_post":false,"_kad_post_transparent":"default","_kad_post_title":"","_kad_post_layout":"default","_kad_post_sidebar_id":"","_kad_post_content_style":"default","_kad_post_vertical_padding":"default","_kad_post_feature":"","_kad_post_feature_position":"","_kad_post_header":false,"_kad_post_footer":false},"product_brand":[],"product_cat":[141,2444,2387,2366],"product_tag":[4651,412,4650,4652,4402,4404,4420,4406,476,4653,4654,4649,4446,4655,4423,4450,4403],"class_list":{"0":"post-10751","1":"product","2":"type-product","3":"status-publish","4":"has-post-thumbnail","6":"product_cat-orter-fi","7":"product_cat-lamberts-fi","8":"product_cat-mage-och-tarm-fi","9":"product_cat-lever-och-njurar-fi","10":"product_tag-7425-mg-fi","11":"product_tag-antioksidantti","12":"product_tag-artisokka-uute","13":"product_tag-cynarin-fi","14":"product_tag-gmp-standardi","15":"product_tag-kasvipohjainen","16":"product_tag-kolesterolitasapainoa","17":"product_tag-korkea-vahvuuksinen","18":"product_tag-lisaravinne","19":"product_tag-maksan-terveytta","20":"product_tag-rasva-aineenvaihduntaa","21":"product_tag-ruokahalun-hallinta","22":"product_tag-ruuansulatuksen-tuki","23":"product_tag-sapen-tuotanto","24":"product_tag-standardoitu-uute","25":"product_tag-suoliston-terveytta","26":"product_tag-vegaaniystavallinen","28":"first","29":"instock","30":"taxable","31":"shipping-taxable","32":"purchasable","33":"product-type-simple","34":"entry","35":"content-bg","36":"loop-entry"},"acf":[],"yoast_head":"<!-- This site is optimized with the Yoast SEO plugin v25.8 - https:\/\/yoast.com\/wordpress\/plugins\/seo\/ -->\n<title>Artisokka 7425 mg - Lamberts - Reviva<\/title>\n<meta name=\"description\" content=\"Artisokka 7425 mg - Lamberts Artisokkaa suositellaan ihmisille, joilla on vaikeuksia sulattaa suuria tai eritt\u00e4in rasvaisia \u200b\u200baterioita.\" \/>\n<meta name=\"robots\" content=\"index, follow, max-snippet:-1, max-image-preview:large, max-video-preview:-1\" \/>\n<link rel=\"canonical\" href=\"https:\/\/reviva.fi\/fi\/tuote\/kronartskocka-7425-mg\/\" \/>\n<meta property=\"og:locale\" content=\"fi_FI\" \/>\n<meta property=\"og:type\" content=\"article\" \/>\n<meta property=\"og:title\" content=\"Artisokka 7425 mg - Lamberts - Reviva\" \/>\n<meta property=\"og:description\" content=\"Artisokka 7425 mg - Lamberts Artisokkaa suositellaan ihmisille, joilla on vaikeuksia sulattaa suuria tai eritt\u00e4in rasvaisia \u200b\u200baterioita.\" \/>\n<meta property=\"og:url\" content=\"https:\/\/reviva.fi\/fi\/tuote\/kronartskocka-7425-mg\/\" \/>\n<meta property=\"og:site_name\" content=\"Reviva\" \/>\n<meta property=\"article:modified_time\" content=\"2025-10-09T07:55:36+00:00\" \/>\n<meta property=\"og:image\" content=\"https:\/\/reviva.fi\/wp-content\/uploads\/2025\/01\/8558-180-Artichoke.jpg\" \/>\n\t<meta property=\"og:image:width\" content=\"780\" \/>\n\t<meta property=\"og:image:height\" content=\"780\" \/>\n\t<meta property=\"og:image:type\" content=\"image\/jpeg\" \/>\n<meta name=\"twitter:card\" content=\"summary_large_image\" \/>\n<script type=\"application\/ld+json\" class=\"yoast-schema-graph\">{\"@context\":\"https:\/\/schema.org\",\"@graph\":[{\"@type\":\"WebPage\",\"@id\":\"https:\/\/reviva.fi\/fi\/tuote\/kronartskocka-7425-mg\/\",\"url\":\"https:\/\/reviva.fi\/fi\/tuote\/kronartskocka-7425-mg\/\",\"name\":\"Artisokka 7425 mg - Lamberts - Reviva\",\"isPartOf\":{\"@id\":\"https:\/\/reviva.fi\/fi\/#website\"},\"primaryImageOfPage\":{\"@id\":\"https:\/\/reviva.fi\/fi\/tuote\/kronartskocka-7425-mg\/#primaryimage\"},\"image\":{\"@id\":\"https:\/\/reviva.fi\/fi\/tuote\/kronartskocka-7425-mg\/#primaryimage\"},\"thumbnailUrl\":\"https:\/\/reviva.fi\/wp-content\/uploads\/2025\/01\/8558-180-Artichoke.jpg\",\"datePublished\":\"2025-01-28T13:09:28+00:00\",\"dateModified\":\"2025-10-09T07:55:36+00:00\",\"description\":\"Artisokka 7425 mg - Lamberts Artisokkaa suositellaan ihmisille, joilla on vaikeuksia sulattaa suuria tai eritt\u00e4in rasvaisia \u200b\u200baterioita.\",\"breadcrumb\":{\"@id\":\"https:\/\/reviva.fi\/fi\/tuote\/kronartskocka-7425-mg\/#breadcrumb\"},\"inLanguage\":\"fi\",\"potentialAction\":[{\"@type\":\"ReadAction\",\"target\":[\"https:\/\/reviva.fi\/fi\/tuote\/kronartskocka-7425-mg\/\"]}]},{\"@type\":\"ImageObject\",\"inLanguage\":\"fi\",\"@id\":\"https:\/\/reviva.fi\/fi\/tuote\/kronartskocka-7425-mg\/#primaryimage\",\"url\":\"https:\/\/reviva.fi\/wp-content\/uploads\/2025\/01\/8558-180-Artichoke.jpg\",\"contentUrl\":\"https:\/\/reviva.fi\/wp-content\/uploads\/2025\/01\/8558-180-Artichoke.jpg\",\"width\":780,\"height\":780,\"caption\":\"Artisokka 7425 mg - Lamberts\"},{\"@type\":\"BreadcrumbList\",\"@id\":\"https:\/\/reviva.fi\/fi\/tuote\/kronartskocka-7425-mg\/#breadcrumb\",\"itemListElement\":[{\"@type\":\"ListItem\",\"position\":1,\"name\":\"Etusivu\",\"item\":\"https:\/\/reviva.fi\/fi\/\"},{\"@type\":\"ListItem\",\"position\":2,\"name\":\"Tuotteet\",\"item\":\"https:\/\/reviva.fi\/produkter\/\"},{\"@type\":\"ListItem\",\"position\":3,\"name\":\"Artisokka 7425 mg &#8211; Lamberts\"}]},{\"@type\":\"WebSite\",\"@id\":\"https:\/\/reviva.fi\/fi\/#website\",\"url\":\"https:\/\/reviva.fi\/fi\/\",\"name\":\"Reviva\",\"description\":\"\",\"publisher\":{\"@id\":\"https:\/\/reviva.fi\/fi\/#organization\"},\"potentialAction\":[{\"@type\":\"SearchAction\",\"target\":{\"@type\":\"EntryPoint\",\"urlTemplate\":\"https:\/\/reviva.fi\/fi\/?s={search_term_string}\"},\"query-input\":{\"@type\":\"PropertyValueSpecification\",\"valueRequired\":true,\"valueName\":\"search_term_string\"}}],\"inLanguage\":\"fi\"},{\"@type\":\"Organization\",\"@id\":\"https:\/\/reviva.fi\/fi\/#organization\",\"name\":\"Reviva\",\"url\":\"https:\/\/reviva.fi\/fi\/\",\"logo\":{\"@type\":\"ImageObject\",\"inLanguage\":\"fi\",\"@id\":\"https:\/\/reviva.fi\/fi\/#\/schema\/logo\/image\/\",\"url\":\"https:\/\/reviva.fi\/wp-content\/uploads\/2023\/10\/reviva-logo2.svg\",\"contentUrl\":\"https:\/\/reviva.fi\/wp-content\/uploads\/2023\/10\/reviva-logo2.svg\",\"caption\":\"Reviva\"},\"image\":{\"@id\":\"https:\/\/reviva.fi\/fi\/#\/schema\/logo\/image\/\"}}]}<\/script>\n<meta property=\"product:price:amount\" content=\"29.90\" \/>\n<meta property=\"product:price:currency\" content=\"EUR\" \/>\n<meta property=\"og:availability\" content=\"instock\" \/>\n<meta property=\"product:availability\" content=\"instock\" \/>\n<meta property=\"product:retailer_item_id\" content=\"8558-180\" \/>\n<meta property=\"product:condition\" content=\"new\" \/>\n<!-- \/ Yoast SEO plugin. -->","yoast_head_json":{"title":"Artisokka 7425 mg - Lamberts - Reviva","description":"Artisokka 7425 mg - Lamberts Artisokkaa suositellaan ihmisille, joilla on vaikeuksia sulattaa suuria tai eritt\u00e4in rasvaisia \u200b\u200baterioita.","robots":{"index":"index","follow":"follow","max-snippet":"max-snippet:-1","max-image-preview":"max-image-preview:large","max-video-preview":"max-video-preview:-1"},"canonical":"https:\/\/reviva.fi\/fi\/tuote\/kronartskocka-7425-mg\/","og_locale":"fi_FI","og_type":"article","og_title":"Artisokka 7425 mg - Lamberts - Reviva","og_description":"Artisokka 7425 mg - Lamberts Artisokkaa suositellaan ihmisille, joilla on vaikeuksia sulattaa suuria tai eritt\u00e4in rasvaisia \u200b\u200baterioita.","og_url":"https:\/\/reviva.fi\/fi\/tuote\/kronartskocka-7425-mg\/","og_site_name":"Reviva","article_modified_time":"2025-10-09T07:55:36+00:00","og_image":[{"width":780,"height":780,"url":"https:\/\/reviva.fi\/wp-content\/uploads\/2025\/01\/8558-180-Artichoke.jpg","type":"image\/jpeg"}],"twitter_card":"summary_large_image","schema":{"@context":"https:\/\/schema.org","@graph":[{"@type":"WebPage","@id":"https:\/\/reviva.fi\/fi\/tuote\/kronartskocka-7425-mg\/","url":"https:\/\/reviva.fi\/fi\/tuote\/kronartskocka-7425-mg\/","name":"Artisokka 7425 mg - Lamberts - Reviva","isPartOf":{"@id":"https:\/\/reviva.fi\/fi\/#website"},"primaryImageOfPage":{"@id":"https:\/\/reviva.fi\/fi\/tuote\/kronartskocka-7425-mg\/#primaryimage"},"image":{"@id":"https:\/\/reviva.fi\/fi\/tuote\/kronartskocka-7425-mg\/#primaryimage"},"thumbnailUrl":"https:\/\/reviva.fi\/wp-content\/uploads\/2025\/01\/8558-180-Artichoke.jpg","datePublished":"2025-01-28T13:09:28+00:00","dateModified":"2025-10-09T07:55:36+00:00","description":"Artisokka 7425 mg - Lamberts Artisokkaa suositellaan ihmisille, joilla on vaikeuksia sulattaa suuria tai eritt\u00e4in rasvaisia \u200b\u200baterioita.","breadcrumb":{"@id":"https:\/\/reviva.fi\/fi\/tuote\/kronartskocka-7425-mg\/#breadcrumb"},"inLanguage":"fi","potentialAction":[{"@type":"ReadAction","target":["https:\/\/reviva.fi\/fi\/tuote\/kronartskocka-7425-mg\/"]}]},{"@type":"ImageObject","inLanguage":"fi","@id":"https:\/\/reviva.fi\/fi\/tuote\/kronartskocka-7425-mg\/#primaryimage","url":"https:\/\/reviva.fi\/wp-content\/uploads\/2025\/01\/8558-180-Artichoke.jpg","contentUrl":"https:\/\/reviva.fi\/wp-content\/uploads\/2025\/01\/8558-180-Artichoke.jpg","width":780,"height":780,"caption":"Artisokka 7425 mg - Lamberts"},{"@type":"BreadcrumbList","@id":"https:\/\/reviva.fi\/fi\/tuote\/kronartskocka-7425-mg\/#breadcrumb","itemListElement":[{"@type":"ListItem","position":1,"name":"Etusivu","item":"https:\/\/reviva.fi\/fi\/"},{"@type":"ListItem","position":2,"name":"Tuotteet","item":"https:\/\/reviva.fi\/produkter\/"},{"@type":"ListItem","position":3,"name":"Artisokka 7425 mg &#8211; Lamberts"}]},{"@type":"WebSite","@id":"https:\/\/reviva.fi\/fi\/#website","url":"https:\/\/reviva.fi\/fi\/","name":"Reviva","description":"","publisher":{"@id":"https:\/\/reviva.fi\/fi\/#organization"},"potentialAction":[{"@type":"SearchAction","target":{"@type":"EntryPoint","urlTemplate":"https:\/\/reviva.fi\/fi\/?s={search_term_string}"},"query-input":{"@type":"PropertyValueSpecification","valueRequired":true,"valueName":"search_term_string"}}],"inLanguage":"fi"},{"@type":"Organization","@id":"https:\/\/reviva.fi\/fi\/#organization","name":"Reviva","url":"https:\/\/reviva.fi\/fi\/","logo":{"@type":"ImageObject","inLanguage":"fi","@id":"https:\/\/reviva.fi\/fi\/#\/schema\/logo\/image\/","url":"https:\/\/reviva.fi\/wp-content\/uploads\/2023\/10\/reviva-logo2.svg","contentUrl":"https:\/\/reviva.fi\/wp-content\/uploads\/2023\/10\/reviva-logo2.svg","caption":"Reviva"},"image":{"@id":"https:\/\/reviva.fi\/fi\/#\/schema\/logo\/image\/"}}]},"product_price_amount":"29.90","product_price_currency":"EUR","og_availability":"instock","product_availability":"instock","product_retailer_item_id":"8558-180","product_condition":"new"},"taxonomy_info":{"product_cat":[{"value":141,"label":"Yrtit"},{"value":2444,"label":"Lamberts"},{"value":2387,"label":"Maha &amp; Suolisto"},{"value":2366,"label":"Maksa &amp; Munuaiset"}],"product_tag":[{"value":4651,"label":"7425 mg"},{"value":412,"label":"antioksidantti"},{"value":4650,"label":"artisokka uute"},{"value":4652,"label":"cynarin"},{"value":4402,"label":"GMP standardi"},{"value":4404,"label":"Kasvipohjainen"},{"value":4420,"label":"kolesterolitasapainoa"},{"value":4406,"label":"Korkea vahvuuksinen"},{"value":476,"label":"lis\u00e4ravinne"},{"value":4653,"label":"maksan terveytt\u00e4"},{"value":4654,"label":"rasva-aineenvaihduntaa"},{"value":4649,"label":"ruokahalun hallinta"},{"value":4446,"label":"ruuansulatuksen tuki"},{"value":4655,"label":"sapen tuotanto"},{"value":4423,"label":"standardoitu uute"},{"value":4450,"label":"suoliston terveytt\u00e4"},{"value":4403,"label":"vegaaniyst\u00e4v\u00e4llinen"}]},"featured_image_src_large":["https:\/\/reviva.fi\/wp-content\/uploads\/2025\/01\/8558-180-Artichoke.jpg",780,780,false],"author_info":[],"comment_info":0,"_links":{"self":[{"href":"https:\/\/reviva.fi\/fi\/wp-json\/wp\/v2\/product\/10751","targetHints":{"allow":["GET"]}}],"collection":[{"href":"https:\/\/reviva.fi\/fi\/wp-json\/wp\/v2\/product"}],"about":[{"href":"https:\/\/reviva.fi\/fi\/wp-json\/wp\/v2\/types\/product"}],"replies":[{"embeddable":true,"href":"https:\/\/reviva.fi\/fi\/wp-json\/wp\/v2\/comments?post=10751"}],"wp:featuredmedia":[{"embeddable":true,"href":"https:\/\/reviva.fi\/fi\/wp-json\/wp\/v2\/media\/10737"}],"wp:attachment":[{"href":"https:\/\/reviva.fi\/fi\/wp-json\/wp\/v2\/media?parent=10751"}],"wp:term":[{"taxonomy":"product_brand","embeddable":true,"href":"https:\/\/reviva.fi\/fi\/wp-json\/wp\/v2\/product_brand?post=10751"},{"taxonomy":"product_cat","embeddable":true,"href":"https:\/\/reviva.fi\/fi\/wp-json\/wp\/v2\/product_cat?post=10751"},{"taxonomy":"product_tag","embeddable":true,"href":"https:\/\/reviva.fi\/fi\/wp-json\/wp\/v2\/product_tag?post=10751"}],"curies":[{"name":"wp","href":"https:\/\/api.w.org\/{rel}","templated":true}]}}