{"id":10757,"date":"2025-01-28T15:19:30","date_gmt":"2025-01-28T13:19:30","guid":{"rendered":"https:\/\/reviva.fi\/product\/gurkortsolja-1000mg-borago-gla-olja\/"},"modified":"2025-02-03T13:53:17","modified_gmt":"2025-02-03T11:53:17","slug":"purasruohooljy-gla-lamberts","status":"publish","type":"product","link":"https:\/\/reviva.fi\/fi\/tuote\/purasruohooljy-gla-lamberts\/","title":{"rendered":"Purasruoho\u00f6ljy GLA &#8211; Lamberts"},"content":{"rendered":"<h1 class=\"page-title\">Purasruoho\u00f6ljy GLA &#8211; Lamberts<\/h1>\n<p>Purasruoho\u00f6ljy on ravintolis\u00e4, joka sis\u00e4lt\u00e4\u00e4 kylm\u00e4puristettua korkeaa GLA:ta.<\/p>\n<p>Purasruoho on luonnon rikkain solujen rakentamisen ja v\u00e4ltt\u00e4m\u00e4tt\u00f6mien rasvahappojen GLA (gamma-linoleenihappo) l\u00e4hde. GLA edist\u00e4\u00e4 muun muassa pehme\u00e4mp\u00e4\u00e4 ja sile\u00e4mp\u00e4\u00e4 ihoa. Luomu- ja kylm\u00e4puristettu purasruoho\u00f6ljy on puhdas ja hy\u00f6dyllinen \u00f6ljy, joka sopii kaiken ik\u00e4isille naisille.<\/p>\n<p>Purasruoho sis\u00e4lt\u00e4\u00e4 koko kasvikunnan eniten gamma-linoleenihappoa (GLA). Yli kaksi kertaa enemm\u00e4n kuin helokki\u00f6ljyss\u00e4.<\/p>\n","protected":false},"excerpt":{"rendered":"<p>Lamberts Purasruoho-\u00f6ljy 1000 mg kapselit on korkealaatuinen omega 6 -ravintolis\u00e4. Purasruoho\u00f6ljy \/ Borago on yksi aktiivisen gamma-linoleenihapon (GLA) tiivistetyimmist\u00e4 luonnollisista l\u00e4hteist\u00e4.<\/p>\n<p><strong>90 kapselia<\/strong><\/p>\n","protected":false},"featured_media":10742,"comment_status":"closed","ping_status":"closed","template":"","meta":{"_acf_changed":false,"inline_featured_image":false,"_kad_blocks_custom_css":"","_kad_blocks_head_custom_js":"","_kad_blocks_body_custom_js":"","_kad_blocks_footer_custom_js":"","_kadence_starter_templates_imported_post":false,"_kad_post_transparent":"default","_kad_post_title":"","_kad_post_layout":"default","_kad_post_sidebar_id":"","_kad_post_content_style":"default","_kad_post_vertical_padding":"default","_kad_post_feature":"","_kad_post_feature_position":"","_kad_post_header":false,"_kad_post_footer":false},"product_brand":[],"product_cat":[91,2444,2350],"product_tag":[4647,4644,4643,4402,3580,3384,3385,444,4646,4420,3504,4642,4645,4493,4419,4648,1128,3084,4403],"class_list":{"0":"post-10757","1":"product","2":"type-product","3":"status-publish","4":"has-post-thumbnail","6":"product_cat-fettsyror-fi","7":"product_cat-lamberts-fi","8":"product_cat-hud-och-skonhet-fi","9":"product_tag-1000-mg-fi","10":"product_tag-gamma-linoleenihappo","11":"product_tag-gla-fi","12":"product_tag-gmp-standardi","13":"product_tag-hog-biotillganglighet-fi","14":"product_tag-hormonbalans-fi","15":"product_tag-hudhalsa-fi","16":"product_tag-immuunijarjestelma","17":"product_tag-kasvioljy","18":"product_tag-kolesterolitasapainoa","19":"product_tag-ledhalsa-fi","20":"product_tag-omega-6-fi","21":"product_tag-pms-helpotus","22":"product_tag-solukalvo","23":"product_tag-sydanterveytta","24":"product_tag-tahtikukkaoljy","25":"product_tag-tulehdusta-ehkaiseva","26":"product_tag-vaihdevuosien-oireet-fi","27":"product_tag-vegaaniystavallinen","29":"first","30":"instock","31":"taxable","32":"shipping-taxable","33":"purchasable","34":"product-type-simple","35":"entry","36":"content-bg","37":"loop-entry"},"acf":[],"yoast_head":"<!-- This site is optimized with the Yoast SEO plugin v25.8 - https:\/\/yoast.com\/wordpress\/plugins\/seo\/ -->\n<title>Purasruoho\u00f6ljy GLA - Lamberts - Reviva<\/title>\n<meta name=\"description\" content=\"purasruoho1000mg GLA - Lamberts. Yksi aktiivisen gamma-linoleenihapon (GLA) tiivistetyimmist\u00e4 luonnollisista l\u00e4hteist\u00e4. Ihon ja limakalvojen hyvinvoinnille.\" \/>\n<meta name=\"robots\" content=\"index, follow, max-snippet:-1, max-image-preview:large, max-video-preview:-1\" \/>\n<link rel=\"canonical\" href=\"https:\/\/reviva.fi\/fi\/tuote\/purasruohooljy-gla-lamberts\/\" \/>\n<meta property=\"og:locale\" content=\"fi_FI\" \/>\n<meta property=\"og:type\" content=\"article\" \/>\n<meta property=\"og:title\" content=\"Purasruoho\u00f6ljy GLA - Lamberts - Reviva\" \/>\n<meta property=\"og:description\" content=\"purasruoho1000mg GLA - Lamberts. Yksi aktiivisen gamma-linoleenihapon (GLA) tiivistetyimmist\u00e4 luonnollisista l\u00e4hteist\u00e4. Ihon ja limakalvojen hyvinvoinnille.\" \/>\n<meta property=\"og:url\" content=\"https:\/\/reviva.fi\/fi\/tuote\/purasruohooljy-gla-lamberts\/\" \/>\n<meta property=\"og:site_name\" content=\"Reviva\" \/>\n<meta property=\"article:modified_time\" content=\"2025-02-03T11:53:17+00:00\" \/>\n<meta property=\"og:image\" content=\"https:\/\/reviva.fi\/wp-content\/uploads\/2025\/01\/8499-90-Pure-Starflower-Oil-1000-mg.jpg\" \/>\n\t<meta property=\"og:image:width\" content=\"780\" \/>\n\t<meta property=\"og:image:height\" content=\"780\" \/>\n\t<meta property=\"og:image:type\" content=\"image\/jpeg\" \/>\n<meta name=\"twitter:card\" content=\"summary_large_image\" \/>\n<script type=\"application\/ld+json\" class=\"yoast-schema-graph\">{\"@context\":\"https:\/\/schema.org\",\"@graph\":[{\"@type\":\"WebPage\",\"@id\":\"https:\/\/reviva.fi\/fi\/tuote\/purasruohooljy-gla-lamberts\/\",\"url\":\"https:\/\/reviva.fi\/fi\/tuote\/purasruohooljy-gla-lamberts\/\",\"name\":\"Purasruoho\u00f6ljy GLA - Lamberts - Reviva\",\"isPartOf\":{\"@id\":\"https:\/\/reviva.fi\/fi\/#website\"},\"primaryImageOfPage\":{\"@id\":\"https:\/\/reviva.fi\/fi\/tuote\/purasruohooljy-gla-lamberts\/#primaryimage\"},\"image\":{\"@id\":\"https:\/\/reviva.fi\/fi\/tuote\/purasruohooljy-gla-lamberts\/#primaryimage\"},\"thumbnailUrl\":\"https:\/\/reviva.fi\/wp-content\/uploads\/2025\/01\/8499-90-Pure-Starflower-Oil-1000-mg.jpg\",\"datePublished\":\"2025-01-28T13:19:30+00:00\",\"dateModified\":\"2025-02-03T11:53:17+00:00\",\"description\":\"purasruoho1000mg GLA - Lamberts. Yksi aktiivisen gamma-linoleenihapon (GLA) tiivistetyimmist\u00e4 luonnollisista l\u00e4hteist\u00e4. Ihon ja limakalvojen hyvinvoinnille.\",\"breadcrumb\":{\"@id\":\"https:\/\/reviva.fi\/fi\/tuote\/purasruohooljy-gla-lamberts\/#breadcrumb\"},\"inLanguage\":\"fi\",\"potentialAction\":[{\"@type\":\"ReadAction\",\"target\":[\"https:\/\/reviva.fi\/fi\/tuote\/purasruohooljy-gla-lamberts\/\"]}]},{\"@type\":\"ImageObject\",\"inLanguage\":\"fi\",\"@id\":\"https:\/\/reviva.fi\/fi\/tuote\/purasruohooljy-gla-lamberts\/#primaryimage\",\"url\":\"https:\/\/reviva.fi\/wp-content\/uploads\/2025\/01\/8499-90-Pure-Starflower-Oil-1000-mg.jpg\",\"contentUrl\":\"https:\/\/reviva.fi\/wp-content\/uploads\/2025\/01\/8499-90-Pure-Starflower-Oil-1000-mg.jpg\",\"width\":780,\"height\":780,\"caption\":\"Purasruoho\u00f6ljy GLA - Lamberts\"},{\"@type\":\"BreadcrumbList\",\"@id\":\"https:\/\/reviva.fi\/fi\/tuote\/purasruohooljy-gla-lamberts\/#breadcrumb\",\"itemListElement\":[{\"@type\":\"ListItem\",\"position\":1,\"name\":\"Etusivu\",\"item\":\"https:\/\/reviva.fi\/fi\/\"},{\"@type\":\"ListItem\",\"position\":2,\"name\":\"Tuotteet\",\"item\":\"https:\/\/reviva.fi\/produkter\/\"},{\"@type\":\"ListItem\",\"position\":3,\"name\":\"Purasruoho\u00f6ljy GLA &#8211; Lamberts\"}]},{\"@type\":\"WebSite\",\"@id\":\"https:\/\/reviva.fi\/fi\/#website\",\"url\":\"https:\/\/reviva.fi\/fi\/\",\"name\":\"Reviva\",\"description\":\"\",\"publisher\":{\"@id\":\"https:\/\/reviva.fi\/fi\/#organization\"},\"potentialAction\":[{\"@type\":\"SearchAction\",\"target\":{\"@type\":\"EntryPoint\",\"urlTemplate\":\"https:\/\/reviva.fi\/fi\/?s={search_term_string}\"},\"query-input\":{\"@type\":\"PropertyValueSpecification\",\"valueRequired\":true,\"valueName\":\"search_term_string\"}}],\"inLanguage\":\"fi\"},{\"@type\":\"Organization\",\"@id\":\"https:\/\/reviva.fi\/fi\/#organization\",\"name\":\"Reviva\",\"url\":\"https:\/\/reviva.fi\/fi\/\",\"logo\":{\"@type\":\"ImageObject\",\"inLanguage\":\"fi\",\"@id\":\"https:\/\/reviva.fi\/fi\/#\/schema\/logo\/image\/\",\"url\":\"https:\/\/reviva.fi\/wp-content\/uploads\/2023\/10\/reviva-logo2.svg\",\"contentUrl\":\"https:\/\/reviva.fi\/wp-content\/uploads\/2023\/10\/reviva-logo2.svg\",\"caption\":\"Reviva\"},\"image\":{\"@id\":\"https:\/\/reviva.fi\/fi\/#\/schema\/logo\/image\/\"}}]}<\/script>\n<meta property=\"product:price:amount\" content=\"39.75\" \/>\n<meta property=\"product:price:currency\" content=\"EUR\" \/>\n<meta property=\"og:availability\" content=\"instock\" \/>\n<meta property=\"product:availability\" content=\"instock\" \/>\n<meta property=\"product:retailer_item_id\" content=\"8499-90\" \/>\n<meta property=\"product:condition\" content=\"new\" \/>\n<!-- \/ Yoast SEO plugin. -->","yoast_head_json":{"title":"Purasruoho\u00f6ljy GLA - Lamberts - Reviva","description":"purasruoho1000mg GLA - Lamberts. Yksi aktiivisen gamma-linoleenihapon (GLA) tiivistetyimmist\u00e4 luonnollisista l\u00e4hteist\u00e4. Ihon ja limakalvojen hyvinvoinnille.","robots":{"index":"index","follow":"follow","max-snippet":"max-snippet:-1","max-image-preview":"max-image-preview:large","max-video-preview":"max-video-preview:-1"},"canonical":"https:\/\/reviva.fi\/fi\/tuote\/purasruohooljy-gla-lamberts\/","og_locale":"fi_FI","og_type":"article","og_title":"Purasruoho\u00f6ljy GLA - Lamberts - Reviva","og_description":"purasruoho1000mg GLA - Lamberts. Yksi aktiivisen gamma-linoleenihapon (GLA) tiivistetyimmist\u00e4 luonnollisista l\u00e4hteist\u00e4. Ihon ja limakalvojen hyvinvoinnille.","og_url":"https:\/\/reviva.fi\/fi\/tuote\/purasruohooljy-gla-lamberts\/","og_site_name":"Reviva","article_modified_time":"2025-02-03T11:53:17+00:00","og_image":[{"width":780,"height":780,"url":"https:\/\/reviva.fi\/wp-content\/uploads\/2025\/01\/8499-90-Pure-Starflower-Oil-1000-mg.jpg","type":"image\/jpeg"}],"twitter_card":"summary_large_image","schema":{"@context":"https:\/\/schema.org","@graph":[{"@type":"WebPage","@id":"https:\/\/reviva.fi\/fi\/tuote\/purasruohooljy-gla-lamberts\/","url":"https:\/\/reviva.fi\/fi\/tuote\/purasruohooljy-gla-lamberts\/","name":"Purasruoho\u00f6ljy GLA - Lamberts - Reviva","isPartOf":{"@id":"https:\/\/reviva.fi\/fi\/#website"},"primaryImageOfPage":{"@id":"https:\/\/reviva.fi\/fi\/tuote\/purasruohooljy-gla-lamberts\/#primaryimage"},"image":{"@id":"https:\/\/reviva.fi\/fi\/tuote\/purasruohooljy-gla-lamberts\/#primaryimage"},"thumbnailUrl":"https:\/\/reviva.fi\/wp-content\/uploads\/2025\/01\/8499-90-Pure-Starflower-Oil-1000-mg.jpg","datePublished":"2025-01-28T13:19:30+00:00","dateModified":"2025-02-03T11:53:17+00:00","description":"purasruoho1000mg GLA - Lamberts. Yksi aktiivisen gamma-linoleenihapon (GLA) tiivistetyimmist\u00e4 luonnollisista l\u00e4hteist\u00e4. Ihon ja limakalvojen hyvinvoinnille.","breadcrumb":{"@id":"https:\/\/reviva.fi\/fi\/tuote\/purasruohooljy-gla-lamberts\/#breadcrumb"},"inLanguage":"fi","potentialAction":[{"@type":"ReadAction","target":["https:\/\/reviva.fi\/fi\/tuote\/purasruohooljy-gla-lamberts\/"]}]},{"@type":"ImageObject","inLanguage":"fi","@id":"https:\/\/reviva.fi\/fi\/tuote\/purasruohooljy-gla-lamberts\/#primaryimage","url":"https:\/\/reviva.fi\/wp-content\/uploads\/2025\/01\/8499-90-Pure-Starflower-Oil-1000-mg.jpg","contentUrl":"https:\/\/reviva.fi\/wp-content\/uploads\/2025\/01\/8499-90-Pure-Starflower-Oil-1000-mg.jpg","width":780,"height":780,"caption":"Purasruoho\u00f6ljy GLA - Lamberts"},{"@type":"BreadcrumbList","@id":"https:\/\/reviva.fi\/fi\/tuote\/purasruohooljy-gla-lamberts\/#breadcrumb","itemListElement":[{"@type":"ListItem","position":1,"name":"Etusivu","item":"https:\/\/reviva.fi\/fi\/"},{"@type":"ListItem","position":2,"name":"Tuotteet","item":"https:\/\/reviva.fi\/produkter\/"},{"@type":"ListItem","position":3,"name":"Purasruoho\u00f6ljy GLA &#8211; Lamberts"}]},{"@type":"WebSite","@id":"https:\/\/reviva.fi\/fi\/#website","url":"https:\/\/reviva.fi\/fi\/","name":"Reviva","description":"","publisher":{"@id":"https:\/\/reviva.fi\/fi\/#organization"},"potentialAction":[{"@type":"SearchAction","target":{"@type":"EntryPoint","urlTemplate":"https:\/\/reviva.fi\/fi\/?s={search_term_string}"},"query-input":{"@type":"PropertyValueSpecification","valueRequired":true,"valueName":"search_term_string"}}],"inLanguage":"fi"},{"@type":"Organization","@id":"https:\/\/reviva.fi\/fi\/#organization","name":"Reviva","url":"https:\/\/reviva.fi\/fi\/","logo":{"@type":"ImageObject","inLanguage":"fi","@id":"https:\/\/reviva.fi\/fi\/#\/schema\/logo\/image\/","url":"https:\/\/reviva.fi\/wp-content\/uploads\/2023\/10\/reviva-logo2.svg","contentUrl":"https:\/\/reviva.fi\/wp-content\/uploads\/2023\/10\/reviva-logo2.svg","caption":"Reviva"},"image":{"@id":"https:\/\/reviva.fi\/fi\/#\/schema\/logo\/image\/"}}]},"product_price_amount":"39.75","product_price_currency":"EUR","og_availability":"instock","product_availability":"instock","product_retailer_item_id":"8499-90","product_condition":"new"},"taxonomy_info":{"product_cat":[{"value":91,"label":"Rasvahapot"},{"value":2444,"label":"Lamberts"},{"value":2350,"label":"Iho &amp; Kauneus"}],"product_tag":[{"value":4647,"label":"1000 mg"},{"value":4644,"label":"gamma-linoleenihappo"},{"value":4643,"label":"GLA"},{"value":4402,"label":"GMP standardi"},{"value":3580,"label":"H\u00f6g biotillg\u00e4nglighet"},{"value":3384,"label":"Hormonbalans"},{"value":3385,"label":"Hudh\u00e4lsa"},{"value":444,"label":"immuunij\u00e4rjestelm\u00e4"},{"value":4646,"label":"kasvi\u00f6ljy"},{"value":4420,"label":"kolesterolitasapainoa"},{"value":3504,"label":"Ledh\u00e4lsa"},{"value":4642,"label":"omega-6"},{"value":4645,"label":"PMS helpotus"},{"value":4493,"label":"solukalvo"},{"value":4419,"label":"Syd\u00e4nterveytt\u00e4"},{"value":4648,"label":"t\u00e4htikukka\u00f6ljy"},{"value":1128,"label":"tulehdusta ehk\u00e4isev\u00e4"},{"value":3084,"label":"vaihdevuosien oireet"},{"value":4403,"label":"vegaaniyst\u00e4v\u00e4llinen"}]},"featured_image_src_large":["https:\/\/reviva.fi\/wp-content\/uploads\/2025\/01\/8499-90-Pure-Starflower-Oil-1000-mg.jpg",780,780,false],"author_info":[],"comment_info":0,"_links":{"self":[{"href":"https:\/\/reviva.fi\/fi\/wp-json\/wp\/v2\/product\/10757","targetHints":{"allow":["GET"]}}],"collection":[{"href":"https:\/\/reviva.fi\/fi\/wp-json\/wp\/v2\/product"}],"about":[{"href":"https:\/\/reviva.fi\/fi\/wp-json\/wp\/v2\/types\/product"}],"replies":[{"embeddable":true,"href":"https:\/\/reviva.fi\/fi\/wp-json\/wp\/v2\/comments?post=10757"}],"wp:featuredmedia":[{"embeddable":true,"href":"https:\/\/reviva.fi\/fi\/wp-json\/wp\/v2\/media\/10742"}],"wp:attachment":[{"href":"https:\/\/reviva.fi\/fi\/wp-json\/wp\/v2\/media?parent=10757"}],"wp:term":[{"taxonomy":"product_brand","embeddable":true,"href":"https:\/\/reviva.fi\/fi\/wp-json\/wp\/v2\/product_brand?post=10757"},{"taxonomy":"product_cat","embeddable":true,"href":"https:\/\/reviva.fi\/fi\/wp-json\/wp\/v2\/product_cat?post=10757"},{"taxonomy":"product_tag","embeddable":true,"href":"https:\/\/reviva.fi\/fi\/wp-json\/wp\/v2\/product_tag?post=10757"}],"curies":[{"name":"wp","href":"https:\/\/api.w.org\/{rel}","templated":true}]}}