{"id":10761,"date":"2025-01-28T15:44:43","date_gmt":"2025-01-28T13:44:43","guid":{"rendered":"https:\/\/reviva.fi\/product\/nattokinase-100-mg-2000-fu\/"},"modified":"2026-01-27T10:52:24","modified_gmt":"2026-01-27T08:52:24","slug":"nattokinaasi-100-mg-2000-fu","status":"publish","type":"product","link":"https:\/\/reviva.fi\/fi\/tuote\/nattokinaasi-100-mg-2000-fu\/","title":{"rendered":"Nattokinaasi"},"content":{"rendered":"<p><strong>Nattokinase 100 mg \u2013 2000 FU \u2013 Luonnollinen tuki syd\u00e4n- ja verisuoniterveydelle<\/strong><\/p>\n<p>Nattokinaasi on luonnollinen entsyymi, joka uutetaan nattosta, perinteisest\u00e4 japanilaisesta ruoasta, joka on valmistettu fermentoiduista soijapavuista. Natto on ollut osa japanilaista ruokavaliota vuosisatojen ajan, ja se on tunnettu terveytt\u00e4 edist\u00e4vist\u00e4 ominaisuuksistaan, erityisesti mit\u00e4 tulee syd\u00e4n- ja verisuoniterveyteen.<\/p>\n<p>Laadukas entsyymilis\u00e4aine<br \/>\nJokainen kapseli sis\u00e4lt\u00e4\u00e4 100 mg nattokinaasia, joka on standardoitu 2000 FU:han (fibrinolyyttiseen yksikk\u00f6\u00f6n) johdonmukaisen ja luotettavan tuotteen varmistamiseksi. N\u00e4in voit saada tehokasta tukea verenkierrolle ja syd\u00e4men terveydelle. Nattokinaasi toimii tukemalla kehon luonnollista prosessia yll\u00e4pit\u00e4\u00e4 normaalia verenkiertoa, mik\u00e4 on erityisen t\u00e4rke\u00e4\u00e4 niille, jotka haluavat yll\u00e4pit\u00e4\u00e4 syd\u00e4n- ja verisuoniterveytt\u00e4 pitk\u00e4ll\u00e4 aikav\u00e4lill\u00e4.<\/p>\n<p>Nattokinaasin edut:<\/p>\n<p>Tukee normaalia verenkiertoa.<br \/>\nVoi auttaa yll\u00e4pit\u00e4m\u00e4\u00e4n tervett\u00e4 verenkiertoa.<br \/>\nLuonnollinen vaihtoehto syd\u00e4n- ja verisuoniterveyden yll\u00e4pit\u00e4miseen.<br \/>\nEi sis\u00e4ll\u00e4 lis\u00e4aineita ja valmistettu korkeimmalla puhtaudella ja laadulla.<\/p>\n<p>Helposti otettavat Kapselit on suunniteltu helposti nielt\u00e4v\u00e4ksi ja ne sopivat sek\u00e4 kasvissy\u00f6jille ett\u00e4 vegaaneille, joten lis\u00e4osa on kaikkien saatavilla. Tuote ei sis\u00e4ll\u00e4 keinotekoisia lis\u00e4-, v\u00e4ri- tai s\u00e4il\u00f6nt\u00e4aineita, mik\u00e4 takaa puhtaan ja luonnollisen tuotteen.<\/p>\n<p>Nattokinase 100 mg \u2013 2000 FU on luonnollinen ja tehokas tapa antaa kehollesi tukea, jota se tarvitsee terveen syd\u00e4men ja verenkierron yll\u00e4pit\u00e4miseksi. Pid\u00e4 huolta syd\u00e4n- ja verisuoniterveydest\u00e4si t\u00e4ll\u00e4 korkealaatuisella lis\u00e4ravinteella!<\/p>\n","protected":false},"excerpt":{"rendered":"<p>Fermentoiduista soijapavuista (natto) uutettu korkealaatuinen entsyymilis\u00e4, jota k\u00e4ytet\u00e4\u00e4n perinteisesti Japanissa tukemaan syd\u00e4n- ja verisuoniterveytt\u00e4. Jokainen kapseli sis\u00e4lt\u00e4\u00e4 100 mg nattokinaasia standardoituna 2000 FU:han (fibrinolyyttiseen yksikk\u00f6\u00f6n), mik\u00e4 varmistaa tehon ja puhtauden. T\u00e4ydellinen niille, jotka haluavat edist\u00e4\u00e4 normaalia verenkiertoa ja syd\u00e4men toimintaa.<\/p>\n<p><strong>60 kapselia<\/strong><\/p>\n","protected":false},"featured_media":11803,"comment_status":"closed","ping_status":"closed","template":"","meta":{"_acf_changed":false,"inline_featured_image":false,"_kad_blocks_custom_css":"","_kad_blocks_head_custom_js":"","_kad_blocks_body_custom_js":"","_kad_blocks_footer_custom_js":"","_kadence_starter_templates_imported_post":false,"_kad_post_transparent":"default","_kad_post_title":"","_kad_post_layout":"default","_kad_post_sidebar_id":"","_kad_post_content_style":"default","_kad_post_vertical_padding":"default","_kad_post_feature":"","_kad_post_feature_position":"","_kad_post_header":false,"_kad_post_footer":false},"product_brand":[],"product_cat":[141,2505,5963,2357],"product_tag":[],"class_list":{"0":"post-10761","1":"product","2":"type-product","3":"status-publish","4":"has-post-thumbnail","6":"product_cat-orter-fi","7":"product_cat-ovriga-kosttillskott-fi","8":"product_cat-synergos-fi","9":"product_cat-immunforsvar-fi","11":"first","12":"instock","13":"taxable","14":"shipping-taxable","15":"purchasable","16":"product-type-simple","17":"entry","18":"content-bg","19":"loop-entry"},"acf":[],"yoast_head":"<!-- This site is optimized with the Yoast SEO plugin v25.8 - https:\/\/yoast.com\/wordpress\/plugins\/seo\/ -->\n<title>Nattokinaasi - Reviva<\/title>\n<meta name=\"description\" content=\"Nattokinaasi 100 mg 2000 FU tukee verenkiertoa ja auttaa v\u00e4hent\u00e4m\u00e4\u00e4n veritulppien muodostumista luonnollisesti.\" \/>\n<meta name=\"robots\" content=\"index, follow, max-snippet:-1, max-image-preview:large, max-video-preview:-1\" \/>\n<link rel=\"canonical\" href=\"https:\/\/reviva.fi\/fi\/tuote\/nattokinaasi-100-mg-2000-fu\/\" \/>\n<meta property=\"og:locale\" content=\"fi_FI\" \/>\n<meta property=\"og:type\" content=\"article\" \/>\n<meta property=\"og:title\" content=\"Nattokinaasi - Reviva\" \/>\n<meta property=\"og:description\" content=\"Nattokinaasi 100 mg 2000 FU tukee verenkiertoa ja auttaa v\u00e4hent\u00e4m\u00e4\u00e4n veritulppien muodostumista luonnollisesti.\" \/>\n<meta property=\"og:url\" content=\"https:\/\/reviva.fi\/fi\/tuote\/nattokinaasi-100-mg-2000-fu\/\" \/>\n<meta property=\"og:site_name\" content=\"Reviva\" \/>\n<meta property=\"article:modified_time\" content=\"2026-01-27T08:52:24+00:00\" \/>\n<meta property=\"og:image\" content=\"https:\/\/reviva.fi\/wp-content\/uploads\/2025\/01\/Nattokinase-405-Photoroom-e1744894190891.png\" \/>\n\t<meta property=\"og:image:width\" content=\"1101\" \/>\n\t<meta property=\"og:image:height\" content=\"1200\" \/>\n\t<meta property=\"og:image:type\" content=\"image\/png\" \/>\n<meta name=\"twitter:card\" content=\"summary_large_image\" \/>\n<script type=\"application\/ld+json\" class=\"yoast-schema-graph\">{\"@context\":\"https:\/\/schema.org\",\"@graph\":[{\"@type\":\"WebPage\",\"@id\":\"https:\/\/reviva.fi\/fi\/tuote\/nattokinaasi-100-mg-2000-fu\/\",\"url\":\"https:\/\/reviva.fi\/fi\/tuote\/nattokinaasi-100-mg-2000-fu\/\",\"name\":\"Nattokinaasi - Reviva\",\"isPartOf\":{\"@id\":\"https:\/\/reviva.fi\/fi\/#website\"},\"primaryImageOfPage\":{\"@id\":\"https:\/\/reviva.fi\/fi\/tuote\/nattokinaasi-100-mg-2000-fu\/#primaryimage\"},\"image\":{\"@id\":\"https:\/\/reviva.fi\/fi\/tuote\/nattokinaasi-100-mg-2000-fu\/#primaryimage\"},\"thumbnailUrl\":\"https:\/\/reviva.fi\/wp-content\/uploads\/2025\/01\/Nattokinase-405-Photoroom-e1744894190891.png\",\"datePublished\":\"2025-01-28T13:44:43+00:00\",\"dateModified\":\"2026-01-27T08:52:24+00:00\",\"description\":\"Nattokinaasi 100 mg 2000 FU tukee verenkiertoa ja auttaa v\u00e4hent\u00e4m\u00e4\u00e4n veritulppien muodostumista luonnollisesti.\",\"breadcrumb\":{\"@id\":\"https:\/\/reviva.fi\/fi\/tuote\/nattokinaasi-100-mg-2000-fu\/#breadcrumb\"},\"inLanguage\":\"fi\",\"potentialAction\":[{\"@type\":\"ReadAction\",\"target\":[\"https:\/\/reviva.fi\/fi\/tuote\/nattokinaasi-100-mg-2000-fu\/\"]}]},{\"@type\":\"ImageObject\",\"inLanguage\":\"fi\",\"@id\":\"https:\/\/reviva.fi\/fi\/tuote\/nattokinaasi-100-mg-2000-fu\/#primaryimage\",\"url\":\"https:\/\/reviva.fi\/wp-content\/uploads\/2025\/01\/Nattokinase-405-Photoroom-e1744894190891.png\",\"contentUrl\":\"https:\/\/reviva.fi\/wp-content\/uploads\/2025\/01\/Nattokinase-405-Photoroom-e1744894190891.png\",\"width\":1101,\"height\":1200,\"caption\":\"Nattokinase\"},{\"@type\":\"BreadcrumbList\",\"@id\":\"https:\/\/reviva.fi\/fi\/tuote\/nattokinaasi-100-mg-2000-fu\/#breadcrumb\",\"itemListElement\":[{\"@type\":\"ListItem\",\"position\":1,\"name\":\"Etusivu\",\"item\":\"https:\/\/reviva.fi\/fi\/\"},{\"@type\":\"ListItem\",\"position\":2,\"name\":\"Tuotteet\",\"item\":\"https:\/\/reviva.fi\/produkter\/\"},{\"@type\":\"ListItem\",\"position\":3,\"name\":\"Nattokinaasi\"}]},{\"@type\":\"WebSite\",\"@id\":\"https:\/\/reviva.fi\/fi\/#website\",\"url\":\"https:\/\/reviva.fi\/fi\/\",\"name\":\"Reviva\",\"description\":\"\",\"publisher\":{\"@id\":\"https:\/\/reviva.fi\/fi\/#organization\"},\"potentialAction\":[{\"@type\":\"SearchAction\",\"target\":{\"@type\":\"EntryPoint\",\"urlTemplate\":\"https:\/\/reviva.fi\/fi\/?s={search_term_string}\"},\"query-input\":{\"@type\":\"PropertyValueSpecification\",\"valueRequired\":true,\"valueName\":\"search_term_string\"}}],\"inLanguage\":\"fi\"},{\"@type\":\"Organization\",\"@id\":\"https:\/\/reviva.fi\/fi\/#organization\",\"name\":\"Reviva\",\"url\":\"https:\/\/reviva.fi\/fi\/\",\"logo\":{\"@type\":\"ImageObject\",\"inLanguage\":\"fi\",\"@id\":\"https:\/\/reviva.fi\/fi\/#\/schema\/logo\/image\/\",\"url\":\"https:\/\/reviva.fi\/wp-content\/uploads\/2023\/10\/reviva-logo2.svg\",\"contentUrl\":\"https:\/\/reviva.fi\/wp-content\/uploads\/2023\/10\/reviva-logo2.svg\",\"caption\":\"Reviva\"},\"image\":{\"@id\":\"https:\/\/reviva.fi\/fi\/#\/schema\/logo\/image\/\"}}]}<\/script>\n<meta property=\"product:price:amount\" content=\"31.45\" \/>\n<meta property=\"product:price:currency\" content=\"EUR\" \/>\n<meta property=\"og:availability\" content=\"instock\" \/>\n<meta property=\"product:availability\" content=\"instock\" \/>\n<meta property=\"product:retailer_item_id\" content=\"405\" \/>\n<meta property=\"product:condition\" content=\"new\" \/>\n<!-- \/ Yoast SEO plugin. -->","yoast_head_json":{"title":"Nattokinaasi - Reviva","description":"Nattokinaasi 100 mg 2000 FU tukee verenkiertoa ja auttaa v\u00e4hent\u00e4m\u00e4\u00e4n veritulppien muodostumista luonnollisesti.","robots":{"index":"index","follow":"follow","max-snippet":"max-snippet:-1","max-image-preview":"max-image-preview:large","max-video-preview":"max-video-preview:-1"},"canonical":"https:\/\/reviva.fi\/fi\/tuote\/nattokinaasi-100-mg-2000-fu\/","og_locale":"fi_FI","og_type":"article","og_title":"Nattokinaasi - Reviva","og_description":"Nattokinaasi 100 mg 2000 FU tukee verenkiertoa ja auttaa v\u00e4hent\u00e4m\u00e4\u00e4n veritulppien muodostumista luonnollisesti.","og_url":"https:\/\/reviva.fi\/fi\/tuote\/nattokinaasi-100-mg-2000-fu\/","og_site_name":"Reviva","article_modified_time":"2026-01-27T08:52:24+00:00","og_image":[{"width":1101,"height":1200,"url":"https:\/\/reviva.fi\/wp-content\/uploads\/2025\/01\/Nattokinase-405-Photoroom-e1744894190891.png","type":"image\/png"}],"twitter_card":"summary_large_image","schema":{"@context":"https:\/\/schema.org","@graph":[{"@type":"WebPage","@id":"https:\/\/reviva.fi\/fi\/tuote\/nattokinaasi-100-mg-2000-fu\/","url":"https:\/\/reviva.fi\/fi\/tuote\/nattokinaasi-100-mg-2000-fu\/","name":"Nattokinaasi - Reviva","isPartOf":{"@id":"https:\/\/reviva.fi\/fi\/#website"},"primaryImageOfPage":{"@id":"https:\/\/reviva.fi\/fi\/tuote\/nattokinaasi-100-mg-2000-fu\/#primaryimage"},"image":{"@id":"https:\/\/reviva.fi\/fi\/tuote\/nattokinaasi-100-mg-2000-fu\/#primaryimage"},"thumbnailUrl":"https:\/\/reviva.fi\/wp-content\/uploads\/2025\/01\/Nattokinase-405-Photoroom-e1744894190891.png","datePublished":"2025-01-28T13:44:43+00:00","dateModified":"2026-01-27T08:52:24+00:00","description":"Nattokinaasi 100 mg 2000 FU tukee verenkiertoa ja auttaa v\u00e4hent\u00e4m\u00e4\u00e4n veritulppien muodostumista luonnollisesti.","breadcrumb":{"@id":"https:\/\/reviva.fi\/fi\/tuote\/nattokinaasi-100-mg-2000-fu\/#breadcrumb"},"inLanguage":"fi","potentialAction":[{"@type":"ReadAction","target":["https:\/\/reviva.fi\/fi\/tuote\/nattokinaasi-100-mg-2000-fu\/"]}]},{"@type":"ImageObject","inLanguage":"fi","@id":"https:\/\/reviva.fi\/fi\/tuote\/nattokinaasi-100-mg-2000-fu\/#primaryimage","url":"https:\/\/reviva.fi\/wp-content\/uploads\/2025\/01\/Nattokinase-405-Photoroom-e1744894190891.png","contentUrl":"https:\/\/reviva.fi\/wp-content\/uploads\/2025\/01\/Nattokinase-405-Photoroom-e1744894190891.png","width":1101,"height":1200,"caption":"Nattokinase"},{"@type":"BreadcrumbList","@id":"https:\/\/reviva.fi\/fi\/tuote\/nattokinaasi-100-mg-2000-fu\/#breadcrumb","itemListElement":[{"@type":"ListItem","position":1,"name":"Etusivu","item":"https:\/\/reviva.fi\/fi\/"},{"@type":"ListItem","position":2,"name":"Tuotteet","item":"https:\/\/reviva.fi\/produkter\/"},{"@type":"ListItem","position":3,"name":"Nattokinaasi"}]},{"@type":"WebSite","@id":"https:\/\/reviva.fi\/fi\/#website","url":"https:\/\/reviva.fi\/fi\/","name":"Reviva","description":"","publisher":{"@id":"https:\/\/reviva.fi\/fi\/#organization"},"potentialAction":[{"@type":"SearchAction","target":{"@type":"EntryPoint","urlTemplate":"https:\/\/reviva.fi\/fi\/?s={search_term_string}"},"query-input":{"@type":"PropertyValueSpecification","valueRequired":true,"valueName":"search_term_string"}}],"inLanguage":"fi"},{"@type":"Organization","@id":"https:\/\/reviva.fi\/fi\/#organization","name":"Reviva","url":"https:\/\/reviva.fi\/fi\/","logo":{"@type":"ImageObject","inLanguage":"fi","@id":"https:\/\/reviva.fi\/fi\/#\/schema\/logo\/image\/","url":"https:\/\/reviva.fi\/wp-content\/uploads\/2023\/10\/reviva-logo2.svg","contentUrl":"https:\/\/reviva.fi\/wp-content\/uploads\/2023\/10\/reviva-logo2.svg","caption":"Reviva"},"image":{"@id":"https:\/\/reviva.fi\/fi\/#\/schema\/logo\/image\/"}}]},"product_price_amount":"31.45","product_price_currency":"EUR","og_availability":"instock","product_availability":"instock","product_retailer_item_id":"405","product_condition":"new"},"taxonomy_info":{"product_cat":[{"value":141,"label":"Yrtit"},{"value":2505,"label":"Muut ravintolis\u00e4t"},{"value":5963,"label":"Synergos"},{"value":2357,"label":"Immuunipuolustus"}]},"featured_image_src_large":["https:\/\/reviva.fi\/wp-content\/uploads\/2025\/01\/Nattokinase-405-Photoroom-e1744894190891-940x1024.png",940,1024,true],"author_info":[],"comment_info":0,"_links":{"self":[{"href":"https:\/\/reviva.fi\/fi\/wp-json\/wp\/v2\/product\/10761","targetHints":{"allow":["GET"]}}],"collection":[{"href":"https:\/\/reviva.fi\/fi\/wp-json\/wp\/v2\/product"}],"about":[{"href":"https:\/\/reviva.fi\/fi\/wp-json\/wp\/v2\/types\/product"}],"replies":[{"embeddable":true,"href":"https:\/\/reviva.fi\/fi\/wp-json\/wp\/v2\/comments?post=10761"}],"wp:featuredmedia":[{"embeddable":true,"href":"https:\/\/reviva.fi\/fi\/wp-json\/wp\/v2\/media\/11803"}],"wp:attachment":[{"href":"https:\/\/reviva.fi\/fi\/wp-json\/wp\/v2\/media?parent=10761"}],"wp:term":[{"taxonomy":"product_brand","embeddable":true,"href":"https:\/\/reviva.fi\/fi\/wp-json\/wp\/v2\/product_brand?post=10761"},{"taxonomy":"product_cat","embeddable":true,"href":"https:\/\/reviva.fi\/fi\/wp-json\/wp\/v2\/product_cat?post=10761"},{"taxonomy":"product_tag","embeddable":true,"href":"https:\/\/reviva.fi\/fi\/wp-json\/wp\/v2\/product_tag?post=10761"}],"curies":[{"name":"wp","href":"https:\/\/api.w.org\/{rel}","templated":true}]}}