{"id":10885,"date":"2025-01-30T12:51:51","date_gmt":"2025-01-30T10:51:51","guid":{"rendered":"https:\/\/reviva.fi\/product\/premtesse-for-kvinnor-lamberts\/"},"modified":"2025-02-03T12:54:45","modified_gmt":"2025-02-03T10:54:45","slug":"premtesse-naisille-lamberts","status":"publish","type":"product","link":"https:\/\/reviva.fi\/fi\/tuote\/premtesse-naisille-lamberts\/","title":{"rendered":"Premtesse naisille &#8211; Lamberts"},"content":{"rendered":"<p><strong>Premtesse naisille &#8211; Lamberts<\/strong><\/p>\n<p>Lamberts\u00ae Premtesse\u00ae on eritt\u00e4in vahva moniravinnekoostumus, joka on kehitetty erityisesti kuukautisvuotiaille naisille sek\u00e4 negatiivisten premenstruaalisten oireiden hoitoon ett\u00e4 &#8221;ydinlis\u00e4aineeksi&#8221; muihin naisten vaivoihin. Se on muotoiltu\u00a0 uudelleen foolihapon ja metyylifolaatin sekoitukseksi, joka on hy\u00f6dyllinen my\u00f6s metylaatio-ongelmista k\u00e4rsiville. Olemme my\u00f6s siirtyneet vegaaniseen D-vitamiiniin, joten tuote soveltuu nyt vegaaneille.<\/p>\n<p>Se sis\u00e4lt\u00e4\u00e4 21 ravintoainetta, mukaan lukien B6-vitamiini, jonka tiedet\u00e4\u00e4n olevan hy\u00f6dyllinen kuukautisten aikana naisille, joilla on kuukautiset. Magnesium on my\u00f6s mukana, koska 7 naista 10:st\u00e4 saa t\u00e4t\u00e4 t\u00e4rke\u00e4\u00e4 kivenn\u00e4isainetta ravintoarvoa (DRI) v\u00e4hemm\u00e4n. Muut B-vitamiinit ovat t\u00e4rkeit\u00e4 niiden roolin vuoksi energian vapauttamisessa ruoasta, kromi sokerinhimo v\u00e4ltt\u00e4miseksi, sinkki ja C-vitamiini immuunij\u00e4rjestelm\u00e4lle ja rauta korvaamaan kuukausittaista puutetta.<\/p>\n","protected":false},"excerpt":{"rendered":"<p>Lamberts Premtesse for Women on erityisesti naisille kehitetty lis\u00e4ravinne, joka auttaa lievitt\u00e4m\u00e4\u00e4n kuukautisten ja vaihdevuosien oireita. Sis\u00e4lt\u00e4\u00e4 yhdistelm\u00e4n luonnollisia ainesosia, jotka tukevat hormonaalista tasapainoa ja hyvinvointia.<\/p>\n<p><strong>60 tablettia<\/strong><\/p>\n","protected":false},"featured_media":10878,"comment_status":"closed","ping_status":"closed","template":"","meta":{"_acf_changed":false,"inline_featured_image":false,"_kad_blocks_custom_css":"","_kad_blocks_head_custom_js":"","_kad_blocks_body_custom_js":"","_kad_blocks_footer_custom_js":"","_kadence_starter_templates_imported_post":false,"_kad_post_transparent":"default","_kad_post_title":"","_kad_post_layout":"default","_kad_post_sidebar_id":"","_kad_post_content_style":"default","_kad_post_vertical_padding":"default","_kad_post_feature":"","_kad_post_feature_position":"","_kad_post_header":false,"_kad_post_footer":false},"product_brand":[],"product_cat":[5978,2444,2376],"product_tag":[],"class_list":{"0":"post-10885","1":"product","2":"type-product","3":"status-publish","4":"has-post-thumbnail","6":"product_cat-multi-produkter-fi","7":"product_cat-lamberts-fi","8":"product_cat-stressad-och-trott-fi","10":"first","11":"instock","12":"taxable","13":"shipping-taxable","14":"purchasable","15":"product-type-simple","16":"entry","17":"content-bg","18":"loop-entry"},"acf":[],"yoast_head":"<!-- This site is optimized with the Yoast SEO plugin v25.8 - https:\/\/yoast.com\/wordpress\/plugins\/seo\/ -->\n<title>Premtesse naisille - Lamberts - Reviva<\/title>\n<meta name=\"description\" content=\"Premtesse naisille - Lamberts tukee naisten hormonaalista tasapainoa ja lievitt\u00e4\u00e4 ep\u00e4mukavuutta kuukautisten ja vaihdevuosien aikana.\" \/>\n<meta name=\"robots\" content=\"index, follow, max-snippet:-1, max-image-preview:large, max-video-preview:-1\" \/>\n<link rel=\"canonical\" href=\"https:\/\/reviva.fi\/fi\/tuote\/premtesse-naisille-lamberts\/\" \/>\n<meta property=\"og:locale\" content=\"fi_FI\" \/>\n<meta property=\"og:type\" content=\"article\" \/>\n<meta property=\"og:title\" content=\"Premtesse naisille - Lamberts - Reviva\" \/>\n<meta property=\"og:description\" content=\"Premtesse naisille - Lamberts tukee naisten hormonaalista tasapainoa ja lievitt\u00e4\u00e4 ep\u00e4mukavuutta kuukautisten ja vaihdevuosien aikana.\" \/>\n<meta property=\"og:url\" content=\"https:\/\/reviva.fi\/fi\/tuote\/premtesse-naisille-lamberts\/\" \/>\n<meta property=\"og:site_name\" content=\"Reviva\" \/>\n<meta property=\"article:modified_time\" content=\"2025-02-03T10:54:45+00:00\" \/>\n<meta property=\"og:image\" content=\"https:\/\/reviva.fi\/wp-content\/uploads\/2025\/01\/60-Premtesse.jpg\" \/>\n\t<meta property=\"og:image:width\" content=\"780\" \/>\n\t<meta property=\"og:image:height\" content=\"903\" \/>\n\t<meta property=\"og:image:type\" content=\"image\/jpeg\" \/>\n<meta name=\"twitter:card\" content=\"summary_large_image\" \/>\n<script type=\"application\/ld+json\" class=\"yoast-schema-graph\">{\"@context\":\"https:\/\/schema.org\",\"@graph\":[{\"@type\":\"WebPage\",\"@id\":\"https:\/\/reviva.fi\/fi\/tuote\/premtesse-naisille-lamberts\/\",\"url\":\"https:\/\/reviva.fi\/fi\/tuote\/premtesse-naisille-lamberts\/\",\"name\":\"Premtesse naisille - Lamberts - Reviva\",\"isPartOf\":{\"@id\":\"https:\/\/reviva.fi\/fi\/#website\"},\"primaryImageOfPage\":{\"@id\":\"https:\/\/reviva.fi\/fi\/tuote\/premtesse-naisille-lamberts\/#primaryimage\"},\"image\":{\"@id\":\"https:\/\/reviva.fi\/fi\/tuote\/premtesse-naisille-lamberts\/#primaryimage\"},\"thumbnailUrl\":\"https:\/\/reviva.fi\/wp-content\/uploads\/2025\/01\/60-Premtesse.jpg\",\"datePublished\":\"2025-01-30T10:51:51+00:00\",\"dateModified\":\"2025-02-03T10:54:45+00:00\",\"description\":\"Premtesse naisille - Lamberts tukee naisten hormonaalista tasapainoa ja lievitt\u00e4\u00e4 ep\u00e4mukavuutta kuukautisten ja vaihdevuosien aikana.\",\"breadcrumb\":{\"@id\":\"https:\/\/reviva.fi\/fi\/tuote\/premtesse-naisille-lamberts\/#breadcrumb\"},\"inLanguage\":\"fi\",\"potentialAction\":[{\"@type\":\"ReadAction\",\"target\":[\"https:\/\/reviva.fi\/fi\/tuote\/premtesse-naisille-lamberts\/\"]}]},{\"@type\":\"ImageObject\",\"inLanguage\":\"fi\",\"@id\":\"https:\/\/reviva.fi\/fi\/tuote\/premtesse-naisille-lamberts\/#primaryimage\",\"url\":\"https:\/\/reviva.fi\/wp-content\/uploads\/2025\/01\/60-Premtesse.jpg\",\"contentUrl\":\"https:\/\/reviva.fi\/wp-content\/uploads\/2025\/01\/60-Premtesse.jpg\",\"width\":780,\"height\":903,\"caption\":\"Premtesse naisille - Lamberts\"},{\"@type\":\"BreadcrumbList\",\"@id\":\"https:\/\/reviva.fi\/fi\/tuote\/premtesse-naisille-lamberts\/#breadcrumb\",\"itemListElement\":[{\"@type\":\"ListItem\",\"position\":1,\"name\":\"Etusivu\",\"item\":\"https:\/\/reviva.fi\/fi\/\"},{\"@type\":\"ListItem\",\"position\":2,\"name\":\"Tuotteet\",\"item\":\"https:\/\/reviva.fi\/produkter\/\"},{\"@type\":\"ListItem\",\"position\":3,\"name\":\"Premtesse naisille &#8211; Lamberts\"}]},{\"@type\":\"WebSite\",\"@id\":\"https:\/\/reviva.fi\/fi\/#website\",\"url\":\"https:\/\/reviva.fi\/fi\/\",\"name\":\"Reviva\",\"description\":\"\",\"publisher\":{\"@id\":\"https:\/\/reviva.fi\/fi\/#organization\"},\"potentialAction\":[{\"@type\":\"SearchAction\",\"target\":{\"@type\":\"EntryPoint\",\"urlTemplate\":\"https:\/\/reviva.fi\/fi\/?s={search_term_string}\"},\"query-input\":{\"@type\":\"PropertyValueSpecification\",\"valueRequired\":true,\"valueName\":\"search_term_string\"}}],\"inLanguage\":\"fi\"},{\"@type\":\"Organization\",\"@id\":\"https:\/\/reviva.fi\/fi\/#organization\",\"name\":\"Reviva\",\"url\":\"https:\/\/reviva.fi\/fi\/\",\"logo\":{\"@type\":\"ImageObject\",\"inLanguage\":\"fi\",\"@id\":\"https:\/\/reviva.fi\/fi\/#\/schema\/logo\/image\/\",\"url\":\"https:\/\/reviva.fi\/wp-content\/uploads\/2023\/10\/reviva-logo2.svg\",\"contentUrl\":\"https:\/\/reviva.fi\/wp-content\/uploads\/2023\/10\/reviva-logo2.svg\",\"caption\":\"Reviva\"},\"image\":{\"@id\":\"https:\/\/reviva.fi\/fi\/#\/schema\/logo\/image\/\"}}]}<\/script>\n<meta property=\"product:price:amount\" content=\"22.40\" \/>\n<meta property=\"product:price:currency\" content=\"EUR\" \/>\n<meta property=\"og:availability\" content=\"instock\" \/>\n<meta property=\"product:availability\" content=\"instock\" \/>\n<meta property=\"product:retailer_item_id\" content=\"8439-60\" \/>\n<meta property=\"product:condition\" content=\"new\" \/>\n<!-- \/ Yoast SEO plugin. -->","yoast_head_json":{"title":"Premtesse naisille - Lamberts - Reviva","description":"Premtesse naisille - Lamberts tukee naisten hormonaalista tasapainoa ja lievitt\u00e4\u00e4 ep\u00e4mukavuutta kuukautisten ja vaihdevuosien aikana.","robots":{"index":"index","follow":"follow","max-snippet":"max-snippet:-1","max-image-preview":"max-image-preview:large","max-video-preview":"max-video-preview:-1"},"canonical":"https:\/\/reviva.fi\/fi\/tuote\/premtesse-naisille-lamberts\/","og_locale":"fi_FI","og_type":"article","og_title":"Premtesse naisille - Lamberts - Reviva","og_description":"Premtesse naisille - Lamberts tukee naisten hormonaalista tasapainoa ja lievitt\u00e4\u00e4 ep\u00e4mukavuutta kuukautisten ja vaihdevuosien aikana.","og_url":"https:\/\/reviva.fi\/fi\/tuote\/premtesse-naisille-lamberts\/","og_site_name":"Reviva","article_modified_time":"2025-02-03T10:54:45+00:00","og_image":[{"width":780,"height":903,"url":"https:\/\/reviva.fi\/wp-content\/uploads\/2025\/01\/60-Premtesse.jpg","type":"image\/jpeg"}],"twitter_card":"summary_large_image","schema":{"@context":"https:\/\/schema.org","@graph":[{"@type":"WebPage","@id":"https:\/\/reviva.fi\/fi\/tuote\/premtesse-naisille-lamberts\/","url":"https:\/\/reviva.fi\/fi\/tuote\/premtesse-naisille-lamberts\/","name":"Premtesse naisille - Lamberts - Reviva","isPartOf":{"@id":"https:\/\/reviva.fi\/fi\/#website"},"primaryImageOfPage":{"@id":"https:\/\/reviva.fi\/fi\/tuote\/premtesse-naisille-lamberts\/#primaryimage"},"image":{"@id":"https:\/\/reviva.fi\/fi\/tuote\/premtesse-naisille-lamberts\/#primaryimage"},"thumbnailUrl":"https:\/\/reviva.fi\/wp-content\/uploads\/2025\/01\/60-Premtesse.jpg","datePublished":"2025-01-30T10:51:51+00:00","dateModified":"2025-02-03T10:54:45+00:00","description":"Premtesse naisille - Lamberts tukee naisten hormonaalista tasapainoa ja lievitt\u00e4\u00e4 ep\u00e4mukavuutta kuukautisten ja vaihdevuosien aikana.","breadcrumb":{"@id":"https:\/\/reviva.fi\/fi\/tuote\/premtesse-naisille-lamberts\/#breadcrumb"},"inLanguage":"fi","potentialAction":[{"@type":"ReadAction","target":["https:\/\/reviva.fi\/fi\/tuote\/premtesse-naisille-lamberts\/"]}]},{"@type":"ImageObject","inLanguage":"fi","@id":"https:\/\/reviva.fi\/fi\/tuote\/premtesse-naisille-lamberts\/#primaryimage","url":"https:\/\/reviva.fi\/wp-content\/uploads\/2025\/01\/60-Premtesse.jpg","contentUrl":"https:\/\/reviva.fi\/wp-content\/uploads\/2025\/01\/60-Premtesse.jpg","width":780,"height":903,"caption":"Premtesse naisille - Lamberts"},{"@type":"BreadcrumbList","@id":"https:\/\/reviva.fi\/fi\/tuote\/premtesse-naisille-lamberts\/#breadcrumb","itemListElement":[{"@type":"ListItem","position":1,"name":"Etusivu","item":"https:\/\/reviva.fi\/fi\/"},{"@type":"ListItem","position":2,"name":"Tuotteet","item":"https:\/\/reviva.fi\/produkter\/"},{"@type":"ListItem","position":3,"name":"Premtesse naisille &#8211; Lamberts"}]},{"@type":"WebSite","@id":"https:\/\/reviva.fi\/fi\/#website","url":"https:\/\/reviva.fi\/fi\/","name":"Reviva","description":"","publisher":{"@id":"https:\/\/reviva.fi\/fi\/#organization"},"potentialAction":[{"@type":"SearchAction","target":{"@type":"EntryPoint","urlTemplate":"https:\/\/reviva.fi\/fi\/?s={search_term_string}"},"query-input":{"@type":"PropertyValueSpecification","valueRequired":true,"valueName":"search_term_string"}}],"inLanguage":"fi"},{"@type":"Organization","@id":"https:\/\/reviva.fi\/fi\/#organization","name":"Reviva","url":"https:\/\/reviva.fi\/fi\/","logo":{"@type":"ImageObject","inLanguage":"fi","@id":"https:\/\/reviva.fi\/fi\/#\/schema\/logo\/image\/","url":"https:\/\/reviva.fi\/wp-content\/uploads\/2023\/10\/reviva-logo2.svg","contentUrl":"https:\/\/reviva.fi\/wp-content\/uploads\/2023\/10\/reviva-logo2.svg","caption":"Reviva"},"image":{"@id":"https:\/\/reviva.fi\/fi\/#\/schema\/logo\/image\/"}}]},"product_price_amount":"22.40","product_price_currency":"EUR","og_availability":"instock","product_availability":"instock","product_retailer_item_id":"8439-60","product_condition":"new"},"taxonomy_info":{"product_cat":[{"value":5978,"label":"Multi tuotteet"},{"value":2444,"label":"Lamberts"},{"value":2376,"label":"Stressaantunut &amp; V\u00e4synyt"}]},"featured_image_src_large":["https:\/\/reviva.fi\/wp-content\/uploads\/2025\/01\/60-Premtesse.jpg",780,903,false],"author_info":[],"comment_info":0,"_links":{"self":[{"href":"https:\/\/reviva.fi\/fi\/wp-json\/wp\/v2\/product\/10885","targetHints":{"allow":["GET"]}}],"collection":[{"href":"https:\/\/reviva.fi\/fi\/wp-json\/wp\/v2\/product"}],"about":[{"href":"https:\/\/reviva.fi\/fi\/wp-json\/wp\/v2\/types\/product"}],"replies":[{"embeddable":true,"href":"https:\/\/reviva.fi\/fi\/wp-json\/wp\/v2\/comments?post=10885"}],"wp:featuredmedia":[{"embeddable":true,"href":"https:\/\/reviva.fi\/fi\/wp-json\/wp\/v2\/media\/10878"}],"wp:attachment":[{"href":"https:\/\/reviva.fi\/fi\/wp-json\/wp\/v2\/media?parent=10885"}],"wp:term":[{"taxonomy":"product_brand","embeddable":true,"href":"https:\/\/reviva.fi\/fi\/wp-json\/wp\/v2\/product_brand?post=10885"},{"taxonomy":"product_cat","embeddable":true,"href":"https:\/\/reviva.fi\/fi\/wp-json\/wp\/v2\/product_cat?post=10885"},{"taxonomy":"product_tag","embeddable":true,"href":"https:\/\/reviva.fi\/fi\/wp-json\/wp\/v2\/product_tag?post=10885"}],"curies":[{"name":"wp","href":"https:\/\/api.w.org\/{rel}","templated":true}]}}