{"id":10889,"date":"2025-01-30T12:34:33","date_gmt":"2025-01-30T10:34:33","guid":{"rendered":"https:\/\/reviva.fi\/product\/green-tea-5000mg-lamberts\/"},"modified":"2025-02-03T13:11:21","modified_gmt":"2025-02-03T11:11:21","slug":"vihrea-tee-5000mg-lamberts","status":"publish","type":"product","link":"https:\/\/reviva.fi\/fi\/tuote\/vihrea-tee-5000mg-lamberts\/","title":{"rendered":"Vihre\u00e4 tee 5000mg &#8211; Lamberts"},"content":{"rendered":"<p>Vihre\u00e4 tee 5000mg &#8211; Lamberts<\/p>\n<p>T\u00e4ss\u00e4 Lamberts\u00ae-tuotteessa k\u00e4ytetty vihre\u00e4 tee-uute on tiivistetty varmistamaan korkean tason aktiivisia aineosia, joita kutsutaan katekiiniksi, jolloin saadaan 250 mg per tabletti. Varmistaakseen parhaan laadun ja korkean aktiivisten ainesosien tason Lamberts\u00ae saa uutteen kokonaisista vihre\u00e4n teen lehdist\u00e4, jotka on korjattu nuorina ja ilman lehtien k\u00e4ymist\u00e4: (prosessi, joka muuttaa vihre\u00e4n teen mustaksi teeksi). Yksi n\u00e4ist\u00e4 tableteista vastaa \u00bd litraa perinteisesti valmistettua vihre\u00e4\u00e4 teet\u00e4, mutta sen kofeiinipitoisuus on murto-osa tavallisen teen tasosta.<\/p>\n<p>Vihre\u00e4 tee on tullut suosituksi viime aikoina, ja jotkut pit\u00e4v\u00e4t sit\u00e4 &#8221;superruokana&#8221; sen korkean antioksidanttiaktiivisuuden vuoksi.<\/p>\n","protected":false},"excerpt":{"rendered":"<p>Lamberts Green Tea 5000mg sis\u00e4lt\u00e4\u00e4 korkealaatuista vihre\u00e4\u00e4 teeuutetta, joka sis\u00e4lt\u00e4\u00e4 runsaasti antioksidantteja ja tukee aineenvaihduntaa ja yleist\u00e4 hyvinvointia.<\/p>\n<p><strong>60 tablettia\u00a0<\/strong><\/p>\n","protected":false},"featured_media":10875,"comment_status":"closed","ping_status":"closed","template":"","meta":{"_acf_changed":false,"inline_featured_image":false,"_kad_blocks_custom_css":"","_kad_blocks_head_custom_js":"","_kad_blocks_body_custom_js":"","_kad_blocks_footer_custom_js":"","_kadence_starter_templates_imported_post":false,"_kad_post_transparent":"default","_kad_post_title":"","_kad_post_layout":"default","_kad_post_sidebar_id":"","_kad_post_content_style":"default","_kad_post_vertical_padding":"default","_kad_post_feature":"","_kad_post_feature_position":"","_kad_post_header":false,"_kad_post_footer":false},"product_brand":[],"product_cat":[141,2444],"product_tag":[4428,4427,4426,4422,3484,412,4429,4418,4430,4402,444,4420,4406,476,4421,4425,4423,4419,4403,4424],"class_list":{"0":"post-10889","1":"product","2":"type-product","3":"status-publish","4":"has-post-thumbnail","6":"product_cat-orter-fi","7":"product_cat-lamberts-fi","8":"product_tag-250-mg-katekiinia","9":"product_tag-500-mg-standardoitua-uutetta","10":"product_tag-5000-mg-fi","11":"product_tag-aineenvaihduntaa-fi","12":"product_tag-anti-aging-fi","13":"product_tag-antioksidantti","14":"product_tag-egcg-fi","15":"product_tag-energiantuotanto","16":"product_tag-epigallokatekiinigallaatti","17":"product_tag-gmp-standardi","18":"product_tag-immuunijarjestelma","19":"product_tag-kolesterolitasapainoa","20":"product_tag-korkea-vahvuuksinen","21":"product_tag-lisaravinne","22":"product_tag-painokontrolli","23":"product_tag-polyfenolit","24":"product_tag-standardoitu-uute","25":"product_tag-sydanterveytta","26":"product_tag-vegaaniystavallinen","27":"product_tag-vihrea-tee-uute","29":"first","30":"instock","31":"taxable","32":"shipping-taxable","33":"purchasable","34":"product-type-simple","35":"entry","36":"content-bg","37":"loop-entry"},"acf":[],"yoast_head":"<!-- This site is optimized with the Yoast SEO plugin v25.8 - https:\/\/yoast.com\/wordpress\/plugins\/seo\/ -->\n<title>Vihre\u00e4 tee 5000mg - Lamberts - Reviva<\/title>\n<meta name=\"description\" content=\"Vihre\u00e4 tee 5000mg - Lamberts - sis\u00e4lt\u00e4\u00e4 runsaasti antioksidantteja, jotka tukee aineenvaihduntaa ja terveellist\u00e4 painonhallintaa.\" \/>\n<meta name=\"robots\" content=\"index, follow, max-snippet:-1, max-image-preview:large, max-video-preview:-1\" \/>\n<link rel=\"canonical\" href=\"https:\/\/reviva.fi\/fi\/tuote\/vihrea-tee-5000mg-lamberts\/\" \/>\n<meta property=\"og:locale\" content=\"fi_FI\" \/>\n<meta property=\"og:type\" content=\"article\" \/>\n<meta property=\"og:title\" content=\"Vihre\u00e4 tee 5000mg - Lamberts - Reviva\" \/>\n<meta property=\"og:description\" content=\"Vihre\u00e4 tee 5000mg - Lamberts - sis\u00e4lt\u00e4\u00e4 runsaasti antioksidantteja, jotka tukee aineenvaihduntaa ja terveellist\u00e4 painonhallintaa.\" \/>\n<meta property=\"og:url\" content=\"https:\/\/reviva.fi\/fi\/tuote\/vihrea-tee-5000mg-lamberts\/\" \/>\n<meta property=\"og:site_name\" content=\"Reviva\" \/>\n<meta property=\"article:modified_time\" content=\"2025-02-03T11:11:21+00:00\" \/>\n<meta property=\"og:image\" content=\"https:\/\/reviva.fi\/wp-content\/uploads\/2025\/01\/8580-60-Green-tea.jpg\" \/>\n\t<meta property=\"og:image:width\" content=\"780\" \/>\n\t<meta property=\"og:image:height\" content=\"780\" \/>\n\t<meta property=\"og:image:type\" content=\"image\/jpeg\" \/>\n<meta name=\"twitter:card\" content=\"summary_large_image\" \/>\n<script type=\"application\/ld+json\" class=\"yoast-schema-graph\">{\"@context\":\"https:\/\/schema.org\",\"@graph\":[{\"@type\":\"WebPage\",\"@id\":\"https:\/\/reviva.fi\/fi\/tuote\/vihrea-tee-5000mg-lamberts\/\",\"url\":\"https:\/\/reviva.fi\/fi\/tuote\/vihrea-tee-5000mg-lamberts\/\",\"name\":\"Vihre\u00e4 tee 5000mg - Lamberts - Reviva\",\"isPartOf\":{\"@id\":\"https:\/\/reviva.fi\/fi\/#website\"},\"primaryImageOfPage\":{\"@id\":\"https:\/\/reviva.fi\/fi\/tuote\/vihrea-tee-5000mg-lamberts\/#primaryimage\"},\"image\":{\"@id\":\"https:\/\/reviva.fi\/fi\/tuote\/vihrea-tee-5000mg-lamberts\/#primaryimage\"},\"thumbnailUrl\":\"https:\/\/reviva.fi\/wp-content\/uploads\/2025\/01\/8580-60-Green-tea.jpg\",\"datePublished\":\"2025-01-30T10:34:33+00:00\",\"dateModified\":\"2025-02-03T11:11:21+00:00\",\"description\":\"Vihre\u00e4 tee 5000mg - Lamberts - sis\u00e4lt\u00e4\u00e4 runsaasti antioksidantteja, jotka tukee aineenvaihduntaa ja terveellist\u00e4 painonhallintaa.\",\"breadcrumb\":{\"@id\":\"https:\/\/reviva.fi\/fi\/tuote\/vihrea-tee-5000mg-lamberts\/#breadcrumb\"},\"inLanguage\":\"fi\",\"potentialAction\":[{\"@type\":\"ReadAction\",\"target\":[\"https:\/\/reviva.fi\/fi\/tuote\/vihrea-tee-5000mg-lamberts\/\"]}]},{\"@type\":\"ImageObject\",\"inLanguage\":\"fi\",\"@id\":\"https:\/\/reviva.fi\/fi\/tuote\/vihrea-tee-5000mg-lamberts\/#primaryimage\",\"url\":\"https:\/\/reviva.fi\/wp-content\/uploads\/2025\/01\/8580-60-Green-tea.jpg\",\"contentUrl\":\"https:\/\/reviva.fi\/wp-content\/uploads\/2025\/01\/8580-60-Green-tea.jpg\",\"width\":780,\"height\":780,\"caption\":\"Vihre\u00e4 tee 5000mg - Lamberts\"},{\"@type\":\"BreadcrumbList\",\"@id\":\"https:\/\/reviva.fi\/fi\/tuote\/vihrea-tee-5000mg-lamberts\/#breadcrumb\",\"itemListElement\":[{\"@type\":\"ListItem\",\"position\":1,\"name\":\"Etusivu\",\"item\":\"https:\/\/reviva.fi\/fi\/\"},{\"@type\":\"ListItem\",\"position\":2,\"name\":\"Tuotteet\",\"item\":\"https:\/\/reviva.fi\/produkter\/\"},{\"@type\":\"ListItem\",\"position\":3,\"name\":\"Vihre\u00e4 tee 5000mg &#8211; Lamberts\"}]},{\"@type\":\"WebSite\",\"@id\":\"https:\/\/reviva.fi\/fi\/#website\",\"url\":\"https:\/\/reviva.fi\/fi\/\",\"name\":\"Reviva\",\"description\":\"\",\"publisher\":{\"@id\":\"https:\/\/reviva.fi\/fi\/#organization\"},\"potentialAction\":[{\"@type\":\"SearchAction\",\"target\":{\"@type\":\"EntryPoint\",\"urlTemplate\":\"https:\/\/reviva.fi\/fi\/?s={search_term_string}\"},\"query-input\":{\"@type\":\"PropertyValueSpecification\",\"valueRequired\":true,\"valueName\":\"search_term_string\"}}],\"inLanguage\":\"fi\"},{\"@type\":\"Organization\",\"@id\":\"https:\/\/reviva.fi\/fi\/#organization\",\"name\":\"Reviva\",\"url\":\"https:\/\/reviva.fi\/fi\/\",\"logo\":{\"@type\":\"ImageObject\",\"inLanguage\":\"fi\",\"@id\":\"https:\/\/reviva.fi\/fi\/#\/schema\/logo\/image\/\",\"url\":\"https:\/\/reviva.fi\/wp-content\/uploads\/2023\/10\/reviva-logo2.svg\",\"contentUrl\":\"https:\/\/reviva.fi\/wp-content\/uploads\/2023\/10\/reviva-logo2.svg\",\"caption\":\"Reviva\"},\"image\":{\"@id\":\"https:\/\/reviva.fi\/fi\/#\/schema\/logo\/image\/\"}}]}<\/script>\n<meta property=\"product:price:amount\" content=\"25.40\" \/>\n<meta property=\"product:price:currency\" content=\"EUR\" \/>\n<meta property=\"og:availability\" content=\"instock\" \/>\n<meta property=\"product:availability\" content=\"instock\" \/>\n<meta property=\"product:retailer_item_id\" content=\"8580-60\" \/>\n<meta property=\"product:condition\" content=\"new\" \/>\n<!-- \/ Yoast SEO plugin. -->","yoast_head_json":{"title":"Vihre\u00e4 tee 5000mg - Lamberts - Reviva","description":"Vihre\u00e4 tee 5000mg - Lamberts - sis\u00e4lt\u00e4\u00e4 runsaasti antioksidantteja, jotka tukee aineenvaihduntaa ja terveellist\u00e4 painonhallintaa.","robots":{"index":"index","follow":"follow","max-snippet":"max-snippet:-1","max-image-preview":"max-image-preview:large","max-video-preview":"max-video-preview:-1"},"canonical":"https:\/\/reviva.fi\/fi\/tuote\/vihrea-tee-5000mg-lamberts\/","og_locale":"fi_FI","og_type":"article","og_title":"Vihre\u00e4 tee 5000mg - Lamberts - Reviva","og_description":"Vihre\u00e4 tee 5000mg - Lamberts - sis\u00e4lt\u00e4\u00e4 runsaasti antioksidantteja, jotka tukee aineenvaihduntaa ja terveellist\u00e4 painonhallintaa.","og_url":"https:\/\/reviva.fi\/fi\/tuote\/vihrea-tee-5000mg-lamberts\/","og_site_name":"Reviva","article_modified_time":"2025-02-03T11:11:21+00:00","og_image":[{"width":780,"height":780,"url":"https:\/\/reviva.fi\/wp-content\/uploads\/2025\/01\/8580-60-Green-tea.jpg","type":"image\/jpeg"}],"twitter_card":"summary_large_image","schema":{"@context":"https:\/\/schema.org","@graph":[{"@type":"WebPage","@id":"https:\/\/reviva.fi\/fi\/tuote\/vihrea-tee-5000mg-lamberts\/","url":"https:\/\/reviva.fi\/fi\/tuote\/vihrea-tee-5000mg-lamberts\/","name":"Vihre\u00e4 tee 5000mg - Lamberts - Reviva","isPartOf":{"@id":"https:\/\/reviva.fi\/fi\/#website"},"primaryImageOfPage":{"@id":"https:\/\/reviva.fi\/fi\/tuote\/vihrea-tee-5000mg-lamberts\/#primaryimage"},"image":{"@id":"https:\/\/reviva.fi\/fi\/tuote\/vihrea-tee-5000mg-lamberts\/#primaryimage"},"thumbnailUrl":"https:\/\/reviva.fi\/wp-content\/uploads\/2025\/01\/8580-60-Green-tea.jpg","datePublished":"2025-01-30T10:34:33+00:00","dateModified":"2025-02-03T11:11:21+00:00","description":"Vihre\u00e4 tee 5000mg - Lamberts - sis\u00e4lt\u00e4\u00e4 runsaasti antioksidantteja, jotka tukee aineenvaihduntaa ja terveellist\u00e4 painonhallintaa.","breadcrumb":{"@id":"https:\/\/reviva.fi\/fi\/tuote\/vihrea-tee-5000mg-lamberts\/#breadcrumb"},"inLanguage":"fi","potentialAction":[{"@type":"ReadAction","target":["https:\/\/reviva.fi\/fi\/tuote\/vihrea-tee-5000mg-lamberts\/"]}]},{"@type":"ImageObject","inLanguage":"fi","@id":"https:\/\/reviva.fi\/fi\/tuote\/vihrea-tee-5000mg-lamberts\/#primaryimage","url":"https:\/\/reviva.fi\/wp-content\/uploads\/2025\/01\/8580-60-Green-tea.jpg","contentUrl":"https:\/\/reviva.fi\/wp-content\/uploads\/2025\/01\/8580-60-Green-tea.jpg","width":780,"height":780,"caption":"Vihre\u00e4 tee 5000mg - Lamberts"},{"@type":"BreadcrumbList","@id":"https:\/\/reviva.fi\/fi\/tuote\/vihrea-tee-5000mg-lamberts\/#breadcrumb","itemListElement":[{"@type":"ListItem","position":1,"name":"Etusivu","item":"https:\/\/reviva.fi\/fi\/"},{"@type":"ListItem","position":2,"name":"Tuotteet","item":"https:\/\/reviva.fi\/produkter\/"},{"@type":"ListItem","position":3,"name":"Vihre\u00e4 tee 5000mg &#8211; Lamberts"}]},{"@type":"WebSite","@id":"https:\/\/reviva.fi\/fi\/#website","url":"https:\/\/reviva.fi\/fi\/","name":"Reviva","description":"","publisher":{"@id":"https:\/\/reviva.fi\/fi\/#organization"},"potentialAction":[{"@type":"SearchAction","target":{"@type":"EntryPoint","urlTemplate":"https:\/\/reviva.fi\/fi\/?s={search_term_string}"},"query-input":{"@type":"PropertyValueSpecification","valueRequired":true,"valueName":"search_term_string"}}],"inLanguage":"fi"},{"@type":"Organization","@id":"https:\/\/reviva.fi\/fi\/#organization","name":"Reviva","url":"https:\/\/reviva.fi\/fi\/","logo":{"@type":"ImageObject","inLanguage":"fi","@id":"https:\/\/reviva.fi\/fi\/#\/schema\/logo\/image\/","url":"https:\/\/reviva.fi\/wp-content\/uploads\/2023\/10\/reviva-logo2.svg","contentUrl":"https:\/\/reviva.fi\/wp-content\/uploads\/2023\/10\/reviva-logo2.svg","caption":"Reviva"},"image":{"@id":"https:\/\/reviva.fi\/fi\/#\/schema\/logo\/image\/"}}]},"product_price_amount":"25.40","product_price_currency":"EUR","og_availability":"instock","product_availability":"instock","product_retailer_item_id":"8580-60","product_condition":"new"},"taxonomy_info":{"product_cat":[{"value":141,"label":"Yrtit"},{"value":2444,"label":"Lamberts"}],"product_tag":[{"value":4428,"label":"250 mg katekiinia"},{"value":4427,"label":"500 mg standardoitua uutetta"},{"value":4426,"label":"5000 mg"},{"value":4422,"label":"aineenvaihduntaa"},{"value":3484,"label":"Anti-aging"},{"value":412,"label":"antioksidantti"},{"value":4429,"label":"EGCG"},{"value":4418,"label":"Energiantuotanto"},{"value":4430,"label":"epigallokatekiinigallaatti"},{"value":4402,"label":"GMP standardi"},{"value":444,"label":"immuunij\u00e4rjestelm\u00e4"},{"value":4420,"label":"kolesterolitasapainoa"},{"value":4406,"label":"Korkea vahvuuksinen"},{"value":476,"label":"lis\u00e4ravinne"},{"value":4421,"label":"Painokontrolli"},{"value":4425,"label":"Polyfenolit"},{"value":4423,"label":"standardoitu uute"},{"value":4419,"label":"Syd\u00e4nterveytt\u00e4"},{"value":4403,"label":"vegaaniyst\u00e4v\u00e4llinen"},{"value":4424,"label":"Vihre\u00e4 tee-uute"}]},"featured_image_src_large":["https:\/\/reviva.fi\/wp-content\/uploads\/2025\/01\/8580-60-Green-tea.jpg",780,780,false],"author_info":[],"comment_info":0,"_links":{"self":[{"href":"https:\/\/reviva.fi\/fi\/wp-json\/wp\/v2\/product\/10889","targetHints":{"allow":["GET"]}}],"collection":[{"href":"https:\/\/reviva.fi\/fi\/wp-json\/wp\/v2\/product"}],"about":[{"href":"https:\/\/reviva.fi\/fi\/wp-json\/wp\/v2\/types\/product"}],"replies":[{"embeddable":true,"href":"https:\/\/reviva.fi\/fi\/wp-json\/wp\/v2\/comments?post=10889"}],"wp:featuredmedia":[{"embeddable":true,"href":"https:\/\/reviva.fi\/fi\/wp-json\/wp\/v2\/media\/10875"}],"wp:attachment":[{"href":"https:\/\/reviva.fi\/fi\/wp-json\/wp\/v2\/media?parent=10889"}],"wp:term":[{"taxonomy":"product_brand","embeddable":true,"href":"https:\/\/reviva.fi\/fi\/wp-json\/wp\/v2\/product_brand?post=10889"},{"taxonomy":"product_cat","embeddable":true,"href":"https:\/\/reviva.fi\/fi\/wp-json\/wp\/v2\/product_cat?post=10889"},{"taxonomy":"product_tag","embeddable":true,"href":"https:\/\/reviva.fi\/fi\/wp-json\/wp\/v2\/product_tag?post=10889"}],"curies":[{"name":"wp","href":"https:\/\/api.w.org\/{rel}","templated":true}]}}