{"id":10892,"date":"2025-01-30T11:35:36","date_gmt":"2025-01-30T09:35:36","guid":{"rendered":"https:\/\/reviva.fi\/product\/magasorb-lamberts\/"},"modified":"2026-02-18T15:13:56","modified_gmt":"2026-02-18T13:13:56","slug":"magasorb-magnesium-jauhe-lamberts","status":"publish","type":"product","link":"https:\/\/reviva.fi\/fi\/tuote\/magasorb-magnesium-jauhe-lamberts\/","title":{"rendered":"MagAsorb\u00ae, Magnesium jauhe 375 mg (citraatti) &#8211; Lamberts"},"content":{"rendered":"<p data-start=\"0\" data-end=\"79\"><strong>Hyvin imeytyv\u00e4 magnesium helposti liukenevassa, sitruksenmakuisessa jauheessa<\/strong><\/p>\n<p data-start=\"81\" data-end=\"283\">Lamberts MagAsorb\u00ae on korkealaatuinen magnesiumvalmiste jauhemuodossa, joka sis\u00e4lt\u00e4\u00e4 375 mg magnesiumia p\u00e4ivitt\u00e4isannoksessa magnesiumsitraattina \u2013 hyvin imeytyv\u00e4ss\u00e4 ja biologisesti saatavassa muodossa.<\/p>\n<p data-start=\"285\" data-end=\"454\">Jauhemuoto mahdollistaa annostuksen helpon s\u00e4\u00e4t\u00e4misen ja tarjoaa vaihtoehdon sinulle, joka mieluummin sekoitat ravintolis\u00e4n veteen kuin nielet tabletteja tai kapseleita.<\/p>\n<p data-start=\"456\" data-end=\"491\"><strong>Energia ja v\u00e4symyksen v\u00e4heneminen<\/strong><\/p>\n<p data-start=\"493\" data-end=\"505\">Magnesium:<\/p>\n<ul>\n<li data-start=\"507\" data-end=\"551\">edist\u00e4\u00e4 normaalia energia-aineenvaihduntaa<\/li>\n<li data-start=\"507\" data-end=\"551\">auttaa v\u00e4hent\u00e4m\u00e4\u00e4n v\u00e4symyst\u00e4 ja uupumusta<\/li>\n<\/ul>\n<p data-start=\"598\" data-end=\"713\">Magnesium osallistuu elimist\u00f6n energiantuotantoon ja on erityisen t\u00e4rke\u00e4 fyysisen tai henkisen kuormituksen aikana.<\/p>\n<p data-start=\"715\" data-end=\"756\"><strong>Lihastoiminta ja elektrolyyttitasapaino<\/strong><\/p>\n<p data-start=\"758\" data-end=\"770\">Magnesium:<\/p>\n<ul>\n<li data-start=\"772\" data-end=\"806\">edist\u00e4\u00e4 normaalia lihastoimintaa<\/li>\n<li data-start=\"772\" data-end=\"806\">edist\u00e4\u00e4 elektrolyyttitasapainoa<\/li>\n<\/ul>\n<p data-start=\"843\" data-end=\"939\">Magnesium on t\u00e4rke\u00e4 lihasten supistumiselle ja rentoutumiselle sek\u00e4 elimist\u00f6n nestetasapainolle.<\/p>\n<p data-start=\"941\" data-end=\"976\"><strong>Hermosto ja psykologinen toiminta<\/strong><\/p>\n<p data-start=\"978\" data-end=\"990\">Magnesium:<\/p>\n<ul>\n<li data-start=\"992\" data-end=\"1031\">edist\u00e4\u00e4 hermoston normaalia toimintaa<\/li>\n<li data-start=\"992\" data-end=\"1031\">edist\u00e4\u00e4 normaalia psykologista toimintaa<\/li>\n<\/ul>\n<p data-start=\"1077\" data-end=\"1181\">Riitt\u00e4v\u00e4 magnesiumin saanti on t\u00e4rke\u00e4\u00e4 elimist\u00f6n neurologisille prosesseille ja henkiselle tasapainolle.<\/p>\n<p data-start=\"1183\" data-end=\"1215\"><strong>Luusto ja solujen jakautuminen<\/strong><\/p>\n<p data-start=\"1217\" data-end=\"1229\">Magnesium:<\/p>\n<ul>\n<li data-start=\"1231\" data-end=\"1269\">edist\u00e4\u00e4 luuston pysymist\u00e4 normaalina<\/li>\n<li data-start=\"1231\" data-end=\"1269\">osallistuu solujen jakautumisprosessiin<\/li>\n<li data-start=\"1231\" data-end=\"1269\">edist\u00e4\u00e4 normaalia proteiinisynteesi\u00e4<\/li>\n<\/ul>\n<p data-start=\"1354\" data-end=\"1465\">Magnesium on t\u00e4rke\u00e4 osa luuston rakennetta ja toimii yhdess\u00e4 muiden kivenn\u00e4isaineiden, kuten kalsiumin, kanssa.<\/p>\n<p data-start=\"1467\" data-end=\"1518\"><strong>Magnesiumsitraatti \u2013 korkea biologinen hy\u00f6tyosuus<\/strong><\/p>\n<p data-start=\"1520\" data-end=\"1754\">MagAsorb\u00ae sis\u00e4lt\u00e4\u00e4 magnesiumia sitraattimuodossa, joka tunnetaan hyv\u00e4st\u00e4 liukoisuudestaan ja biologisesta hy\u00f6tyosuudestaan. T\u00e4m\u00e4n ansiosta tuote on erityisen arvostettu niiden keskuudessa, jotka haluavat tehokkaan magnesiumvalmisteen.<\/p>\n<p data-start=\"1756\" data-end=\"1809\">Jauhe liukenee helposti veteen ja on miedon makuinen.<\/p>\n<p data-start=\"1811\" data-end=\"1837\"><strong>Kenelle MagAsorb\u00ae sopii?<\/strong><\/p>\n<p data-start=\"1839\" data-end=\"1878\">Tuote voi olla erityisen hy\u00f6dyllinen:<\/p>\n<ul>\n<li data-start=\"1880\" data-end=\"1937\">henkil\u00f6ille, joilla on lis\u00e4\u00e4ntynyt fyysinen aktiivisuus<\/li>\n<li data-start=\"1880\" data-end=\"1937\">henkil\u00f6ille, jotka kokevat v\u00e4symyst\u00e4<\/li>\n<li data-start=\"1880\" data-end=\"1937\">henkil\u00f6ille, jotka haluavat tukea lihaksia ja hermostoa<\/li>\n<li data-start=\"1880\" data-end=\"1937\">sinulle, joka suosit jauhemuotoa tablettien sijaan<\/li>\n<li data-start=\"1880\" data-end=\"1937\">henkil\u00f6ille, joilla on lis\u00e4\u00e4ntynyt magnesiumin tarve<\/li>\n<\/ul>\n<p data-start=\"2148\" data-end=\"2169\"><strong>Laatua Lambertsilta<\/strong><\/p>\n<p data-start=\"2171\" data-end=\"2408\" data-is-last-node=\"\" data-is-only-node=\"\">Lamberts tunnetaan korkeista laatustandardeistaan ja huolellisesti valvotuista raaka-aineistaan. MagAsorb\u00ae Magnesiumjauhe valmistetaan tiukkojen laatuvaatimusten mukaisesti puhtauden, stabiilisuuden ja oikean annostuksen varmistamiseksi.<\/p>\n","protected":false},"excerpt":{"rendered":"<p data-start=\"0\" data-end=\"101\"><strong>Hyvin imeytyv\u00e4 magnesium helposti liukenevassa, sitruksenmakuisessa jauheessa. Miellytt\u00e4v\u00e4n makuinen!<\/strong><\/p>\n<p data-start=\"103\" data-end=\"423\">MagAsorb\u00ae Magnesiumjauhe 375 mg (sitraatti) Lambertsilta on hyvin imeytyv\u00e4 magnesiumvalmiste helposti liukenevassa jauhemuodossa. Se edist\u00e4\u00e4 normaalia energia-aineenvaihduntaa, auttaa v\u00e4hent\u00e4m\u00e4\u00e4n v\u00e4symyst\u00e4 ja uupumusta, edist\u00e4\u00e4 normaalia lihastoimintaa ja hermoston normaalia toimintaa sek\u00e4 luuston pysymist\u00e4 normaalina.<\/p>\n<p data-start=\"0\" data-end=\"101\">Hyvin imeytyv\u00e4 magnesium helposti liukenevassa, sitruksenmakuisessa jauheessa. Miellytt\u00e4v\u00e4n makuinen!<\/p>\n<p data-start=\"103\" data-end=\"423\">MagAsorb\u00ae Magnesiumjauhe 375 mg (sitraatti) Lambertsilta on hyvin imeytyv\u00e4 magnesiumvalmiste helposti liukenevassa jauhemuodossa. Se edist\u00e4\u00e4 normaalia energia-aineenvaihduntaa, auttaa v\u00e4hent\u00e4m\u00e4\u00e4n v\u00e4symyst\u00e4 ja uupumusta, edist\u00e4\u00e4 normaalia lihastoimintaa ja hermoston normaalia toimintaa sek\u00e4 luuston pysymist\u00e4 normaalina.<\/p>\n<p data-start=\"425\" data-end=\"430\" data-is-last-node=\"\" data-is-only-node=\"\"><strong>165 g<\/strong><\/p>\n","protected":false},"featured_media":10868,"comment_status":"closed","ping_status":"closed","template":"","meta":{"_acf_changed":false,"inline_featured_image":false,"_kad_blocks_custom_css":"","_kad_blocks_head_custom_js":"","_kad_blocks_body_custom_js":"","_kad_blocks_footer_custom_js":"","_kadence_starter_templates_imported_post":false,"_kad_post_transparent":"default","_kad_post_title":"","_kad_post_layout":"default","_kad_post_sidebar_id":"","_kad_post_content_style":"default","_kad_post_vertical_padding":"default","_kad_post_feature":"","_kad_post_feature_position":"","_kad_post_header":false,"_kad_post_footer":false},"product_brand":[],"product_cat":[93,92,2444,5980,2376,2371,2375],"product_tag":[4438,4418,4402,3580,4439,4435,4437,4431,476,4432,4434,479,4433,4419,4436],"class_list":{"0":"post-10892","1":"product","2":"type-product","3":"status-publish","4":"has-post-thumbnail","6":"product_cat-mineraler-fi","7":"product_cat-magnesium-fi","8":"product_cat-lamberts-fi","9":"product_cat-barn-fi","10":"product_cat-stressad-och-trott-fi","11":"product_cat-muskler-och-leder-fi","12":"product_cat-traning-fi","13":"product_tag-150-mg-tablettia-kohden","14":"product_tag-energiantuotanto","15":"product_tag-gmp-standardi","16":"product_tag-hog-biotillganglighet-fi","17":"product_tag-helposti-imeytyva","18":"product_tag-hermoston-toiminta","19":"product_tag-kasviperainen","20":"product_tag-lihasterveytta","21":"product_tag-lisaravinne","22":"product_tag-luuston-terveytta","23":"product_tag-magasorb-fi","24":"product_tag-magnesiumi","25":"product_tag-magnesiumsitraatti","26":"product_tag-sydanterveytta","27":"product_tag-vasymyksen-vahentaminen","29":"first","30":"instock","31":"taxable","32":"shipping-taxable","33":"purchasable","34":"product-type-simple","35":"entry","36":"content-bg","37":"loop-entry"},"acf":[],"yoast_head":"<!-- This site is optimized with the Yoast SEO plugin v25.8 - https:\/\/yoast.com\/wordpress\/plugins\/seo\/ -->\n<title>MagAsorb\u00ae, Magnesium jauhe 375 mg (citraatti) - Lamberts - Reviva<\/title>\n<meta name=\"description\" content=\"MagAsorb - Magnesium jauhe - Lamberts on helposti imeytyv\u00e4 magnesiumlis\u00e4aine, joka tukee lihasten toimintaa, hermostoa ja auttaa v\u00e4hent\u00e4m\u00e4\u00e4n v\u00e4symyst\u00e4.\" \/>\n<meta name=\"robots\" content=\"index, follow, max-snippet:-1, max-image-preview:large, max-video-preview:-1\" \/>\n<link rel=\"canonical\" href=\"https:\/\/reviva.fi\/fi\/tuote\/magasorb-magnesium-jauhe-lamberts\/\" \/>\n<meta property=\"og:locale\" content=\"fi_FI\" \/>\n<meta property=\"og:type\" content=\"article\" \/>\n<meta property=\"og:title\" content=\"MagAsorb\u00ae, Magnesium jauhe 375 mg (citraatti) - Lamberts - Reviva\" \/>\n<meta property=\"og:description\" content=\"MagAsorb - Magnesium jauhe - Lamberts on helposti imeytyv\u00e4 magnesiumlis\u00e4aine, joka tukee lihasten toimintaa, hermostoa ja auttaa v\u00e4hent\u00e4m\u00e4\u00e4n v\u00e4symyst\u00e4.\" \/>\n<meta property=\"og:url\" content=\"https:\/\/reviva.fi\/fi\/tuote\/magasorb-magnesium-jauhe-lamberts\/\" \/>\n<meta property=\"og:site_name\" content=\"Reviva\" \/>\n<meta property=\"article:modified_time\" content=\"2026-02-18T13:13:56+00:00\" \/>\n<meta property=\"og:image\" content=\"https:\/\/reviva.fi\/wp-content\/uploads\/2025\/01\/8242-165-MagAsorb.jpg\" \/>\n\t<meta property=\"og:image:width\" content=\"780\" \/>\n\t<meta property=\"og:image:height\" content=\"780\" \/>\n\t<meta property=\"og:image:type\" content=\"image\/jpeg\" \/>\n<meta name=\"twitter:card\" content=\"summary_large_image\" \/>\n<script type=\"application\/ld+json\" class=\"yoast-schema-graph\">{\"@context\":\"https:\/\/schema.org\",\"@graph\":[{\"@type\":\"WebPage\",\"@id\":\"https:\/\/reviva.fi\/fi\/tuote\/magasorb-magnesium-jauhe-lamberts\/\",\"url\":\"https:\/\/reviva.fi\/fi\/tuote\/magasorb-magnesium-jauhe-lamberts\/\",\"name\":\"MagAsorb\u00ae, Magnesium jauhe 375 mg (citraatti) - Lamberts - Reviva\",\"isPartOf\":{\"@id\":\"https:\/\/reviva.fi\/fi\/#website\"},\"primaryImageOfPage\":{\"@id\":\"https:\/\/reviva.fi\/fi\/tuote\/magasorb-magnesium-jauhe-lamberts\/#primaryimage\"},\"image\":{\"@id\":\"https:\/\/reviva.fi\/fi\/tuote\/magasorb-magnesium-jauhe-lamberts\/#primaryimage\"},\"thumbnailUrl\":\"https:\/\/reviva.fi\/wp-content\/uploads\/2025\/01\/8242-165-MagAsorb.jpg\",\"datePublished\":\"2025-01-30T09:35:36+00:00\",\"dateModified\":\"2026-02-18T13:13:56+00:00\",\"description\":\"MagAsorb - Magnesium jauhe - Lamberts on helposti imeytyv\u00e4 magnesiumlis\u00e4aine, joka tukee lihasten toimintaa, hermostoa ja auttaa v\u00e4hent\u00e4m\u00e4\u00e4n v\u00e4symyst\u00e4.\",\"breadcrumb\":{\"@id\":\"https:\/\/reviva.fi\/fi\/tuote\/magasorb-magnesium-jauhe-lamberts\/#breadcrumb\"},\"inLanguage\":\"fi\",\"potentialAction\":[{\"@type\":\"ReadAction\",\"target\":[\"https:\/\/reviva.fi\/fi\/tuote\/magasorb-magnesium-jauhe-lamberts\/\"]}]},{\"@type\":\"ImageObject\",\"inLanguage\":\"fi\",\"@id\":\"https:\/\/reviva.fi\/fi\/tuote\/magasorb-magnesium-jauhe-lamberts\/#primaryimage\",\"url\":\"https:\/\/reviva.fi\/wp-content\/uploads\/2025\/01\/8242-165-MagAsorb.jpg\",\"contentUrl\":\"https:\/\/reviva.fi\/wp-content\/uploads\/2025\/01\/8242-165-MagAsorb.jpg\",\"width\":780,\"height\":780,\"caption\":\"MagAsorb - Magnesium jauhe - Lamberts\"},{\"@type\":\"BreadcrumbList\",\"@id\":\"https:\/\/reviva.fi\/fi\/tuote\/magasorb-magnesium-jauhe-lamberts\/#breadcrumb\",\"itemListElement\":[{\"@type\":\"ListItem\",\"position\":1,\"name\":\"Etusivu\",\"item\":\"https:\/\/reviva.fi\/fi\/\"},{\"@type\":\"ListItem\",\"position\":2,\"name\":\"Tuotteet\",\"item\":\"https:\/\/reviva.fi\/produkter\/\"},{\"@type\":\"ListItem\",\"position\":3,\"name\":\"MagAsorb\u00ae, Magnesium jauhe 375 mg (citraatti) &#8211; Lamberts\"}]},{\"@type\":\"WebSite\",\"@id\":\"https:\/\/reviva.fi\/fi\/#website\",\"url\":\"https:\/\/reviva.fi\/fi\/\",\"name\":\"Reviva\",\"description\":\"\",\"publisher\":{\"@id\":\"https:\/\/reviva.fi\/fi\/#organization\"},\"potentialAction\":[{\"@type\":\"SearchAction\",\"target\":{\"@type\":\"EntryPoint\",\"urlTemplate\":\"https:\/\/reviva.fi\/fi\/?s={search_term_string}\"},\"query-input\":{\"@type\":\"PropertyValueSpecification\",\"valueRequired\":true,\"valueName\":\"search_term_string\"}}],\"inLanguage\":\"fi\"},{\"@type\":\"Organization\",\"@id\":\"https:\/\/reviva.fi\/fi\/#organization\",\"name\":\"Reviva\",\"url\":\"https:\/\/reviva.fi\/fi\/\",\"logo\":{\"@type\":\"ImageObject\",\"inLanguage\":\"fi\",\"@id\":\"https:\/\/reviva.fi\/fi\/#\/schema\/logo\/image\/\",\"url\":\"https:\/\/reviva.fi\/wp-content\/uploads\/2023\/10\/reviva-logo2.svg\",\"contentUrl\":\"https:\/\/reviva.fi\/wp-content\/uploads\/2023\/10\/reviva-logo2.svg\",\"caption\":\"Reviva\"},\"image\":{\"@id\":\"https:\/\/reviva.fi\/fi\/#\/schema\/logo\/image\/\"}}]}<\/script>\n<meta property=\"product:price:amount\" content=\"34.40\" \/>\n<meta property=\"product:price:currency\" content=\"EUR\" \/>\n<meta property=\"og:availability\" content=\"instock\" \/>\n<meta property=\"product:availability\" content=\"instock\" \/>\n<meta property=\"product:retailer_item_id\" content=\"8242-165\" \/>\n<meta property=\"product:condition\" content=\"new\" \/>\n<!-- \/ Yoast SEO plugin. -->","yoast_head_json":{"title":"MagAsorb\u00ae, Magnesium jauhe 375 mg (citraatti) - Lamberts - Reviva","description":"MagAsorb - Magnesium jauhe - Lamberts on helposti imeytyv\u00e4 magnesiumlis\u00e4aine, joka tukee lihasten toimintaa, hermostoa ja auttaa v\u00e4hent\u00e4m\u00e4\u00e4n v\u00e4symyst\u00e4.","robots":{"index":"index","follow":"follow","max-snippet":"max-snippet:-1","max-image-preview":"max-image-preview:large","max-video-preview":"max-video-preview:-1"},"canonical":"https:\/\/reviva.fi\/fi\/tuote\/magasorb-magnesium-jauhe-lamberts\/","og_locale":"fi_FI","og_type":"article","og_title":"MagAsorb\u00ae, Magnesium jauhe 375 mg (citraatti) - Lamberts - Reviva","og_description":"MagAsorb - Magnesium jauhe - Lamberts on helposti imeytyv\u00e4 magnesiumlis\u00e4aine, joka tukee lihasten toimintaa, hermostoa ja auttaa v\u00e4hent\u00e4m\u00e4\u00e4n v\u00e4symyst\u00e4.","og_url":"https:\/\/reviva.fi\/fi\/tuote\/magasorb-magnesium-jauhe-lamberts\/","og_site_name":"Reviva","article_modified_time":"2026-02-18T13:13:56+00:00","og_image":[{"width":780,"height":780,"url":"https:\/\/reviva.fi\/wp-content\/uploads\/2025\/01\/8242-165-MagAsorb.jpg","type":"image\/jpeg"}],"twitter_card":"summary_large_image","schema":{"@context":"https:\/\/schema.org","@graph":[{"@type":"WebPage","@id":"https:\/\/reviva.fi\/fi\/tuote\/magasorb-magnesium-jauhe-lamberts\/","url":"https:\/\/reviva.fi\/fi\/tuote\/magasorb-magnesium-jauhe-lamberts\/","name":"MagAsorb\u00ae, Magnesium jauhe 375 mg (citraatti) - Lamberts - Reviva","isPartOf":{"@id":"https:\/\/reviva.fi\/fi\/#website"},"primaryImageOfPage":{"@id":"https:\/\/reviva.fi\/fi\/tuote\/magasorb-magnesium-jauhe-lamberts\/#primaryimage"},"image":{"@id":"https:\/\/reviva.fi\/fi\/tuote\/magasorb-magnesium-jauhe-lamberts\/#primaryimage"},"thumbnailUrl":"https:\/\/reviva.fi\/wp-content\/uploads\/2025\/01\/8242-165-MagAsorb.jpg","datePublished":"2025-01-30T09:35:36+00:00","dateModified":"2026-02-18T13:13:56+00:00","description":"MagAsorb - Magnesium jauhe - Lamberts on helposti imeytyv\u00e4 magnesiumlis\u00e4aine, joka tukee lihasten toimintaa, hermostoa ja auttaa v\u00e4hent\u00e4m\u00e4\u00e4n v\u00e4symyst\u00e4.","breadcrumb":{"@id":"https:\/\/reviva.fi\/fi\/tuote\/magasorb-magnesium-jauhe-lamberts\/#breadcrumb"},"inLanguage":"fi","potentialAction":[{"@type":"ReadAction","target":["https:\/\/reviva.fi\/fi\/tuote\/magasorb-magnesium-jauhe-lamberts\/"]}]},{"@type":"ImageObject","inLanguage":"fi","@id":"https:\/\/reviva.fi\/fi\/tuote\/magasorb-magnesium-jauhe-lamberts\/#primaryimage","url":"https:\/\/reviva.fi\/wp-content\/uploads\/2025\/01\/8242-165-MagAsorb.jpg","contentUrl":"https:\/\/reviva.fi\/wp-content\/uploads\/2025\/01\/8242-165-MagAsorb.jpg","width":780,"height":780,"caption":"MagAsorb - Magnesium jauhe - Lamberts"},{"@type":"BreadcrumbList","@id":"https:\/\/reviva.fi\/fi\/tuote\/magasorb-magnesium-jauhe-lamberts\/#breadcrumb","itemListElement":[{"@type":"ListItem","position":1,"name":"Etusivu","item":"https:\/\/reviva.fi\/fi\/"},{"@type":"ListItem","position":2,"name":"Tuotteet","item":"https:\/\/reviva.fi\/produkter\/"},{"@type":"ListItem","position":3,"name":"MagAsorb\u00ae, Magnesium jauhe 375 mg (citraatti) &#8211; Lamberts"}]},{"@type":"WebSite","@id":"https:\/\/reviva.fi\/fi\/#website","url":"https:\/\/reviva.fi\/fi\/","name":"Reviva","description":"","publisher":{"@id":"https:\/\/reviva.fi\/fi\/#organization"},"potentialAction":[{"@type":"SearchAction","target":{"@type":"EntryPoint","urlTemplate":"https:\/\/reviva.fi\/fi\/?s={search_term_string}"},"query-input":{"@type":"PropertyValueSpecification","valueRequired":true,"valueName":"search_term_string"}}],"inLanguage":"fi"},{"@type":"Organization","@id":"https:\/\/reviva.fi\/fi\/#organization","name":"Reviva","url":"https:\/\/reviva.fi\/fi\/","logo":{"@type":"ImageObject","inLanguage":"fi","@id":"https:\/\/reviva.fi\/fi\/#\/schema\/logo\/image\/","url":"https:\/\/reviva.fi\/wp-content\/uploads\/2023\/10\/reviva-logo2.svg","contentUrl":"https:\/\/reviva.fi\/wp-content\/uploads\/2023\/10\/reviva-logo2.svg","caption":"Reviva"},"image":{"@id":"https:\/\/reviva.fi\/fi\/#\/schema\/logo\/image\/"}}]},"product_price_amount":"34.40","product_price_currency":"EUR","og_availability":"instock","product_availability":"instock","product_retailer_item_id":"8242-165","product_condition":"new"},"taxonomy_info":{"product_cat":[{"value":93,"label":"Mineraalit"},{"value":92,"label":"Magnesium"},{"value":2444,"label":"Lamberts"},{"value":5980,"label":"Lapset"},{"value":2376,"label":"Stressaantunut &amp; V\u00e4synyt"},{"value":2371,"label":"Nivelet &amp; Lihakset"},{"value":2375,"label":"Harjoittelu"}],"product_tag":[{"value":4438,"label":"150 mg tablettia kohden"},{"value":4418,"label":"Energiantuotanto"},{"value":4402,"label":"GMP standardi"},{"value":3580,"label":"H\u00f6g biotillg\u00e4nglighet"},{"value":4439,"label":"Helposti imeytyv\u00e4"},{"value":4435,"label":"hermoston toiminta"},{"value":4437,"label":"kasviper\u00e4inen"},{"value":4431,"label":"Lihasterveytt\u00e4"},{"value":476,"label":"lis\u00e4ravinne"},{"value":4432,"label":"Luuston terveytt\u00e4"},{"value":4434,"label":"MagAsorb"},{"value":479,"label":"magnesiumi"},{"value":4433,"label":"Magnesiumsitraatti"},{"value":4419,"label":"Syd\u00e4nterveytt\u00e4"},{"value":4436,"label":"v\u00e4symyksen v\u00e4hent\u00e4minen"}]},"featured_image_src_large":["https:\/\/reviva.fi\/wp-content\/uploads\/2025\/01\/8242-165-MagAsorb.jpg",780,780,false],"author_info":[],"comment_info":0,"_links":{"self":[{"href":"https:\/\/reviva.fi\/fi\/wp-json\/wp\/v2\/product\/10892","targetHints":{"allow":["GET"]}}],"collection":[{"href":"https:\/\/reviva.fi\/fi\/wp-json\/wp\/v2\/product"}],"about":[{"href":"https:\/\/reviva.fi\/fi\/wp-json\/wp\/v2\/types\/product"}],"replies":[{"embeddable":true,"href":"https:\/\/reviva.fi\/fi\/wp-json\/wp\/v2\/comments?post=10892"}],"wp:featuredmedia":[{"embeddable":true,"href":"https:\/\/reviva.fi\/fi\/wp-json\/wp\/v2\/media\/10868"}],"wp:attachment":[{"href":"https:\/\/reviva.fi\/fi\/wp-json\/wp\/v2\/media?parent=10892"}],"wp:term":[{"taxonomy":"product_brand","embeddable":true,"href":"https:\/\/reviva.fi\/fi\/wp-json\/wp\/v2\/product_brand?post=10892"},{"taxonomy":"product_cat","embeddable":true,"href":"https:\/\/reviva.fi\/fi\/wp-json\/wp\/v2\/product_cat?post=10892"},{"taxonomy":"product_tag","embeddable":true,"href":"https:\/\/reviva.fi\/fi\/wp-json\/wp\/v2\/product_tag?post=10892"}],"curies":[{"name":"wp","href":"https:\/\/api.w.org\/{rel}","templated":true}]}}