{"id":10897,"date":"2025-01-30T11:30:13","date_gmt":"2025-01-30T09:30:13","guid":{"rendered":"https:\/\/reviva.fi\/product\/antioxidant-complex-lamberts\/"},"modified":"2025-02-03T13:14:37","modified_gmt":"2025-02-03T11:14:37","slug":"antioksidanttien-kompleksi-lamberts","status":"publish","type":"product","link":"https:\/\/reviva.fi\/fi\/tuote\/antioksidanttien-kompleksi-lamberts\/","title":{"rendered":"Antioksidanttien Kompleksi &#8211; Lamberts"},"content":{"rendered":"<p><strong>Antioksidanttien Kompleksi &#8211; Lamberts<\/strong><\/p>\n<p>Lambertin &#8221;Antioxidant Complex&#8221; on huolellisesti muotoiltu tarjoamaan tehokkaan yhdistelm\u00e4n kasviper\u00e4isi\u00e4 antioksidantteja, jotka on valittu tarkoituksella niiden korkean polyfenolipitoisuuden perusteella. Vihre\u00e4n teen lehden, ryp\u00e4leen siemenen ja rosmariinin lehtiuutteen synergistisen yhdistelm\u00e4n ansiosta t\u00e4m\u00e4 kaava on vertaansa vailla antioksidanttipitoisuudessaan ja tarjoaa kattavan tuen niille, jotka ovat huolissaan oksidatiivisen stressin aiheuttamista haitoista.<\/p>\n<p>Vihre\u00e4n teen lehti: jotkut pit\u00e4v\u00e4t &#8221;super ruokana&#8221; sen korkean antioksidanttiaktiivisuuden vuoksi, mik\u00e4 johtuu suurelta osin sen runsaasta katekiinipitoisuudesta (polyfenoleista), erityisesti epigallokatekiinigallaatista (EGCG).<br \/>\nRyp\u00e4leensiemenet: runsaasti tehokkaita antioksidantteja, ja erityisesti erityisen runsas antosyanidiinien (kasviflavonoidien) l\u00e4hde.<br \/>\nRosmariinin lehti: suosittu yrtti, joka tunnetaan paitsi kulinaarisista k\u00e4ytt\u00f6tarkoituksistaan \u200b\u200bmy\u00f6s t\u00e4rke\u00e4n\u00e4 eteerisen\u00e4 \u00f6ljyn\u00e4, joka sis\u00e4lt\u00e4\u00e4 runsaasti voimakkaita kasvipolyfenoliantioksidantteja.<\/p>\n<p>Kunkin antioksidantin tehokkuutta mitataan kasvavassa m\u00e4\u00e4rin vertailua varten (ORAC) yksik\u00f6iss\u00e4, joista on tullut hyv\u00e4ksytty alan standardi. Kliinisesti tutkitun kaavana vain yksi Lambert&#8217;s Antioxidant Complex -tabletti tarjoaa vaikuttavat 10 000 ORAC-yksikk\u00f6\u00e4, mik\u00e4 auttaa kehoa puolustautumaan haitallisilta vapailta radikaaleilta. Esitet\u00e4\u00e4n kerran p\u00e4iv\u00e4ss\u00e4 vegaaniyst\u00e4v\u00e4llisen\u00e4 kaavana.<\/p>\n","protected":false},"excerpt":{"rendered":"<p>suojaa soluja oksidatiiviselta stressilt\u00e4 ja edist\u00e4v\u00e4t yleist\u00e4 hyvinvointia.<\/p>\n<p><strong>60 tablettia\u00a0<\/strong><\/p>\n","protected":false},"featured_media":10865,"comment_status":"closed","ping_status":"closed","template":"","meta":{"_acf_changed":false,"inline_featured_image":false,"_kad_blocks_custom_css":"","_kad_blocks_head_custom_js":"","_kad_blocks_body_custom_js":"","_kad_blocks_footer_custom_js":"","_kadence_starter_templates_imported_post":false,"_kad_post_transparent":"default","_kad_post_title":"","_kad_post_layout":"default","_kad_post_sidebar_id":"","_kad_post_content_style":"default","_kad_post_vertical_padding":"default","_kad_post_feature":"","_kad_post_feature_position":"","_kad_post_header":false,"_kad_post_footer":false},"product_brand":[],"product_cat":[2475,141,5978,2444,2357],"product_tag":[3484,4441,3464,4444,4402,444,4404,4406,476,1495,4442,4425,4443,4440,4423,4403,4424],"class_list":{"0":"post-10897","1":"product","2":"type-product","3":"status-publish","4":"has-post-thumbnail","6":"product_cat-erbjudanden-fi","7":"product_cat-orter-fi","8":"product_cat-multi-produkter-fi","9":"product_cat-lamberts-fi","10":"product_cat-immunforsvar-fi","11":"product_tag-anti-aging-fi","12":"product_tag-antioksidantti-kompleksi","13":"product_tag-cellskydd-fi","14":"product_tag-epigallokatekiinigallaatti-egcg","15":"product_tag-gmp-standardi","16":"product_tag-immuunijarjestelma","17":"product_tag-kasvipohjainen","18":"product_tag-korkea-vahvuuksinen","19":"product_tag-lisaravinne","20":"product_tag-oksidatiivista-stressia","21":"product_tag-orac-sekoitus","22":"product_tag-polyfenolit","23":"product_tag-rosmariinin-lehtiuute","24":"product_tag-rypaleen-siemenuute","25":"product_tag-standardoitu-uute","26":"product_tag-vegaaniystavallinen","27":"product_tag-vihrea-tee-uute","29":"first","30":"instock","31":"sale","32":"taxable","33":"shipping-taxable","34":"purchasable","35":"product-type-simple","36":"entry","37":"content-bg","38":"loop-entry"},"acf":[],"yoast_head":"<!-- This site is optimized with the Yoast SEO plugin v25.8 - https:\/\/yoast.com\/wordpress\/plugins\/seo\/ -->\n<title>Antioksidanttien Kompleksi - Lamberts - Reviva<\/title>\n<meta name=\"description\" content=\"Antioxidanttien Kompleksi - Lamberts sekoitus antioksidantteja, jotka suojaavat soluja oksidatiiviselta stressilt\u00e4 ja edist\u00e4v\u00e4t yleist\u00e4 hyvinvointia.\" \/>\n<meta name=\"robots\" content=\"index, follow, max-snippet:-1, max-image-preview:large, max-video-preview:-1\" \/>\n<link rel=\"canonical\" href=\"https:\/\/reviva.fi\/fi\/tuote\/antioksidanttien-kompleksi-lamberts\/\" \/>\n<meta property=\"og:locale\" content=\"fi_FI\" \/>\n<meta property=\"og:type\" content=\"article\" \/>\n<meta property=\"og:title\" content=\"Antioksidanttien Kompleksi - Lamberts - Reviva\" \/>\n<meta property=\"og:description\" content=\"Antioxidanttien Kompleksi - Lamberts sekoitus antioksidantteja, jotka suojaavat soluja oksidatiiviselta stressilt\u00e4 ja edist\u00e4v\u00e4t yleist\u00e4 hyvinvointia.\" \/>\n<meta property=\"og:url\" content=\"https:\/\/reviva.fi\/fi\/tuote\/antioksidanttien-kompleksi-lamberts\/\" \/>\n<meta property=\"og:site_name\" content=\"Reviva\" \/>\n<meta property=\"article:modified_time\" content=\"2025-02-03T11:14:37+00:00\" \/>\n<meta property=\"og:image\" content=\"https:\/\/reviva.fi\/wp-content\/uploads\/2025\/01\/8587-60-Antioxidant-complex.jpg\" \/>\n\t<meta property=\"og:image:width\" content=\"780\" \/>\n\t<meta property=\"og:image:height\" content=\"780\" \/>\n\t<meta property=\"og:image:type\" content=\"image\/jpeg\" \/>\n<meta name=\"twitter:card\" content=\"summary_large_image\" \/>\n<script type=\"application\/ld+json\" class=\"yoast-schema-graph\">{\"@context\":\"https:\/\/schema.org\",\"@graph\":[{\"@type\":\"WebPage\",\"@id\":\"https:\/\/reviva.fi\/fi\/tuote\/antioksidanttien-kompleksi-lamberts\/\",\"url\":\"https:\/\/reviva.fi\/fi\/tuote\/antioksidanttien-kompleksi-lamberts\/\",\"name\":\"Antioksidanttien Kompleksi - Lamberts - Reviva\",\"isPartOf\":{\"@id\":\"https:\/\/reviva.fi\/fi\/#website\"},\"primaryImageOfPage\":{\"@id\":\"https:\/\/reviva.fi\/fi\/tuote\/antioksidanttien-kompleksi-lamberts\/#primaryimage\"},\"image\":{\"@id\":\"https:\/\/reviva.fi\/fi\/tuote\/antioksidanttien-kompleksi-lamberts\/#primaryimage\"},\"thumbnailUrl\":\"https:\/\/reviva.fi\/wp-content\/uploads\/2025\/01\/8587-60-Antioxidant-complex.jpg\",\"datePublished\":\"2025-01-30T09:30:13+00:00\",\"dateModified\":\"2025-02-03T11:14:37+00:00\",\"description\":\"Antioxidanttien Kompleksi - Lamberts sekoitus antioksidantteja, jotka suojaavat soluja oksidatiiviselta stressilt\u00e4 ja edist\u00e4v\u00e4t yleist\u00e4 hyvinvointia.\",\"breadcrumb\":{\"@id\":\"https:\/\/reviva.fi\/fi\/tuote\/antioksidanttien-kompleksi-lamberts\/#breadcrumb\"},\"inLanguage\":\"fi\",\"potentialAction\":[{\"@type\":\"ReadAction\",\"target\":[\"https:\/\/reviva.fi\/fi\/tuote\/antioksidanttien-kompleksi-lamberts\/\"]}]},{\"@type\":\"ImageObject\",\"inLanguage\":\"fi\",\"@id\":\"https:\/\/reviva.fi\/fi\/tuote\/antioksidanttien-kompleksi-lamberts\/#primaryimage\",\"url\":\"https:\/\/reviva.fi\/wp-content\/uploads\/2025\/01\/8587-60-Antioxidant-complex.jpg\",\"contentUrl\":\"https:\/\/reviva.fi\/wp-content\/uploads\/2025\/01\/8587-60-Antioxidant-complex.jpg\",\"width\":780,\"height\":780,\"caption\":\"Antioksidanttien Kompleksi - Lamberts\"},{\"@type\":\"BreadcrumbList\",\"@id\":\"https:\/\/reviva.fi\/fi\/tuote\/antioksidanttien-kompleksi-lamberts\/#breadcrumb\",\"itemListElement\":[{\"@type\":\"ListItem\",\"position\":1,\"name\":\"Etusivu\",\"item\":\"https:\/\/reviva.fi\/fi\/\"},{\"@type\":\"ListItem\",\"position\":2,\"name\":\"Tuotteet\",\"item\":\"https:\/\/reviva.fi\/produkter\/\"},{\"@type\":\"ListItem\",\"position\":3,\"name\":\"Antioksidanttien Kompleksi &#8211; Lamberts\"}]},{\"@type\":\"WebSite\",\"@id\":\"https:\/\/reviva.fi\/fi\/#website\",\"url\":\"https:\/\/reviva.fi\/fi\/\",\"name\":\"Reviva\",\"description\":\"\",\"publisher\":{\"@id\":\"https:\/\/reviva.fi\/fi\/#organization\"},\"potentialAction\":[{\"@type\":\"SearchAction\",\"target\":{\"@type\":\"EntryPoint\",\"urlTemplate\":\"https:\/\/reviva.fi\/fi\/?s={search_term_string}\"},\"query-input\":{\"@type\":\"PropertyValueSpecification\",\"valueRequired\":true,\"valueName\":\"search_term_string\"}}],\"inLanguage\":\"fi\"},{\"@type\":\"Organization\",\"@id\":\"https:\/\/reviva.fi\/fi\/#organization\",\"name\":\"Reviva\",\"url\":\"https:\/\/reviva.fi\/fi\/\",\"logo\":{\"@type\":\"ImageObject\",\"inLanguage\":\"fi\",\"@id\":\"https:\/\/reviva.fi\/fi\/#\/schema\/logo\/image\/\",\"url\":\"https:\/\/reviva.fi\/wp-content\/uploads\/2023\/10\/reviva-logo2.svg\",\"contentUrl\":\"https:\/\/reviva.fi\/wp-content\/uploads\/2023\/10\/reviva-logo2.svg\",\"caption\":\"Reviva\"},\"image\":{\"@id\":\"https:\/\/reviva.fi\/fi\/#\/schema\/logo\/image\/\"}}]}<\/script>\n<meta property=\"product:price:amount\" content=\"26.32\" \/>\n<meta property=\"product:price:currency\" content=\"EUR\" \/>\n<meta property=\"og:availability\" content=\"instock\" \/>\n<meta property=\"product:availability\" content=\"instock\" \/>\n<meta property=\"product:retailer_item_id\" content=\"8587-60\" \/>\n<meta property=\"product:condition\" content=\"new\" \/>\n<!-- \/ Yoast SEO plugin. -->","yoast_head_json":{"title":"Antioksidanttien Kompleksi - Lamberts - Reviva","description":"Antioxidanttien Kompleksi - Lamberts sekoitus antioksidantteja, jotka suojaavat soluja oksidatiiviselta stressilt\u00e4 ja edist\u00e4v\u00e4t yleist\u00e4 hyvinvointia.","robots":{"index":"index","follow":"follow","max-snippet":"max-snippet:-1","max-image-preview":"max-image-preview:large","max-video-preview":"max-video-preview:-1"},"canonical":"https:\/\/reviva.fi\/fi\/tuote\/antioksidanttien-kompleksi-lamberts\/","og_locale":"fi_FI","og_type":"article","og_title":"Antioksidanttien Kompleksi - Lamberts - Reviva","og_description":"Antioxidanttien Kompleksi - Lamberts sekoitus antioksidantteja, jotka suojaavat soluja oksidatiiviselta stressilt\u00e4 ja edist\u00e4v\u00e4t yleist\u00e4 hyvinvointia.","og_url":"https:\/\/reviva.fi\/fi\/tuote\/antioksidanttien-kompleksi-lamberts\/","og_site_name":"Reviva","article_modified_time":"2025-02-03T11:14:37+00:00","og_image":[{"width":780,"height":780,"url":"https:\/\/reviva.fi\/wp-content\/uploads\/2025\/01\/8587-60-Antioxidant-complex.jpg","type":"image\/jpeg"}],"twitter_card":"summary_large_image","schema":{"@context":"https:\/\/schema.org","@graph":[{"@type":"WebPage","@id":"https:\/\/reviva.fi\/fi\/tuote\/antioksidanttien-kompleksi-lamberts\/","url":"https:\/\/reviva.fi\/fi\/tuote\/antioksidanttien-kompleksi-lamberts\/","name":"Antioksidanttien Kompleksi - Lamberts - Reviva","isPartOf":{"@id":"https:\/\/reviva.fi\/fi\/#website"},"primaryImageOfPage":{"@id":"https:\/\/reviva.fi\/fi\/tuote\/antioksidanttien-kompleksi-lamberts\/#primaryimage"},"image":{"@id":"https:\/\/reviva.fi\/fi\/tuote\/antioksidanttien-kompleksi-lamberts\/#primaryimage"},"thumbnailUrl":"https:\/\/reviva.fi\/wp-content\/uploads\/2025\/01\/8587-60-Antioxidant-complex.jpg","datePublished":"2025-01-30T09:30:13+00:00","dateModified":"2025-02-03T11:14:37+00:00","description":"Antioxidanttien Kompleksi - Lamberts sekoitus antioksidantteja, jotka suojaavat soluja oksidatiiviselta stressilt\u00e4 ja edist\u00e4v\u00e4t yleist\u00e4 hyvinvointia.","breadcrumb":{"@id":"https:\/\/reviva.fi\/fi\/tuote\/antioksidanttien-kompleksi-lamberts\/#breadcrumb"},"inLanguage":"fi","potentialAction":[{"@type":"ReadAction","target":["https:\/\/reviva.fi\/fi\/tuote\/antioksidanttien-kompleksi-lamberts\/"]}]},{"@type":"ImageObject","inLanguage":"fi","@id":"https:\/\/reviva.fi\/fi\/tuote\/antioksidanttien-kompleksi-lamberts\/#primaryimage","url":"https:\/\/reviva.fi\/wp-content\/uploads\/2025\/01\/8587-60-Antioxidant-complex.jpg","contentUrl":"https:\/\/reviva.fi\/wp-content\/uploads\/2025\/01\/8587-60-Antioxidant-complex.jpg","width":780,"height":780,"caption":"Antioksidanttien Kompleksi - Lamberts"},{"@type":"BreadcrumbList","@id":"https:\/\/reviva.fi\/fi\/tuote\/antioksidanttien-kompleksi-lamberts\/#breadcrumb","itemListElement":[{"@type":"ListItem","position":1,"name":"Etusivu","item":"https:\/\/reviva.fi\/fi\/"},{"@type":"ListItem","position":2,"name":"Tuotteet","item":"https:\/\/reviva.fi\/produkter\/"},{"@type":"ListItem","position":3,"name":"Antioksidanttien Kompleksi &#8211; Lamberts"}]},{"@type":"WebSite","@id":"https:\/\/reviva.fi\/fi\/#website","url":"https:\/\/reviva.fi\/fi\/","name":"Reviva","description":"","publisher":{"@id":"https:\/\/reviva.fi\/fi\/#organization"},"potentialAction":[{"@type":"SearchAction","target":{"@type":"EntryPoint","urlTemplate":"https:\/\/reviva.fi\/fi\/?s={search_term_string}"},"query-input":{"@type":"PropertyValueSpecification","valueRequired":true,"valueName":"search_term_string"}}],"inLanguage":"fi"},{"@type":"Organization","@id":"https:\/\/reviva.fi\/fi\/#organization","name":"Reviva","url":"https:\/\/reviva.fi\/fi\/","logo":{"@type":"ImageObject","inLanguage":"fi","@id":"https:\/\/reviva.fi\/fi\/#\/schema\/logo\/image\/","url":"https:\/\/reviva.fi\/wp-content\/uploads\/2023\/10\/reviva-logo2.svg","contentUrl":"https:\/\/reviva.fi\/wp-content\/uploads\/2023\/10\/reviva-logo2.svg","caption":"Reviva"},"image":{"@id":"https:\/\/reviva.fi\/fi\/#\/schema\/logo\/image\/"}}]},"product_price_amount":"26.32","product_price_currency":"EUR","og_availability":"instock","product_availability":"instock","product_retailer_item_id":"8587-60","product_condition":"new"},"taxonomy_info":{"product_cat":[{"value":2475,"label":"Tarjoukset"},{"value":141,"label":"Yrtit"},{"value":5978,"label":"Multi tuotteet"},{"value":2444,"label":"Lamberts"},{"value":2357,"label":"Immuunipuolustus"}],"product_tag":[{"value":3484,"label":"Anti-aging"},{"value":4441,"label":"Antioksidantti kompleksi"},{"value":3464,"label":"Cellskydd"},{"value":4444,"label":"epigallokatekiinigallaatti (EGCG)"},{"value":4402,"label":"GMP standardi"},{"value":444,"label":"immuunij\u00e4rjestelm\u00e4"},{"value":4404,"label":"Kasvipohjainen"},{"value":4406,"label":"Korkea vahvuuksinen"},{"value":476,"label":"lis\u00e4ravinne"},{"value":1495,"label":"oksidatiivista stressi\u00e4"},{"value":4442,"label":"ORAC sekoitus"},{"value":4425,"label":"Polyfenolit"},{"value":4443,"label":"rosmariinin lehtiuute"},{"value":4440,"label":"ryp\u00e4leen siemenuute"},{"value":4423,"label":"standardoitu uute"},{"value":4403,"label":"vegaaniyst\u00e4v\u00e4llinen"},{"value":4424,"label":"Vihre\u00e4 tee-uute"}]},"featured_image_src_large":["https:\/\/reviva.fi\/wp-content\/uploads\/2025\/01\/8587-60-Antioxidant-complex.jpg",780,780,false],"author_info":[],"comment_info":0,"_links":{"self":[{"href":"https:\/\/reviva.fi\/fi\/wp-json\/wp\/v2\/product\/10897","targetHints":{"allow":["GET"]}}],"collection":[{"href":"https:\/\/reviva.fi\/fi\/wp-json\/wp\/v2\/product"}],"about":[{"href":"https:\/\/reviva.fi\/fi\/wp-json\/wp\/v2\/types\/product"}],"replies":[{"embeddable":true,"href":"https:\/\/reviva.fi\/fi\/wp-json\/wp\/v2\/comments?post=10897"}],"wp:featuredmedia":[{"embeddable":true,"href":"https:\/\/reviva.fi\/fi\/wp-json\/wp\/v2\/media\/10865"}],"wp:attachment":[{"href":"https:\/\/reviva.fi\/fi\/wp-json\/wp\/v2\/media?parent=10897"}],"wp:term":[{"taxonomy":"product_brand","embeddable":true,"href":"https:\/\/reviva.fi\/fi\/wp-json\/wp\/v2\/product_brand?post=10897"},{"taxonomy":"product_cat","embeddable":true,"href":"https:\/\/reviva.fi\/fi\/wp-json\/wp\/v2\/product_cat?post=10897"},{"taxonomy":"product_tag","embeddable":true,"href":"https:\/\/reviva.fi\/fi\/wp-json\/wp\/v2\/product_tag?post=10897"}],"curies":[{"name":"wp","href":"https:\/\/api.w.org\/{rel}","templated":true}]}}